{"id":1685,"date":"2023-01-12T11:46:18","date_gmt":"2023-01-12T03:46:18","guid":{"rendered":"http:\/\/qingdaohf.com\/?post_type=product&#038;p=1685"},"modified":"2025-11-13T09:06:58","modified_gmt":"2025-11-13T01:06:58","slug":"x-flat-tie","status":"publish","type":"product","link":"https:\/\/qingdaohf.com\/cs\/produkt\/x-plocha-kravata\/","title":{"rendered":"T\u011b\u017ek\u00e9 betonov\u00e9 tvarovky X Ploch\u00e9 vazby"},"content":{"rendered":"<h2>X FLAT Tie<\/h2>\n<p><strong>P\u0159esnost a spolehlivost: Z\u00e1kladn\u00ed po\u017eadavek<\/strong><\/p>\n<p><strong>Stabilita bedn\u011bn\u00ed:<\/strong> Pot\u0159ebujete p\u0159\u00edslu\u0161enstv\u00ed pro bedn\u011bn\u00ed betonu, kter\u00e9 pevn\u011b zajist\u00ed bednic\u00ed konstrukce a zajist\u00ed jejich stabilitu b\u011bhem betonov\u00e1n\u00ed.<\/p>\n<p><strong>Jednotn\u00e9 povrchov\u00e9 \u00fapravy betonu:<\/strong> Nejd\u016fle\u017eit\u011bj\u0161\u00ed je dos\u00e1hnout hladk\u00e9ho a rovnom\u011brn\u00e9ho povrchu betonu. Svazek X FLAT vynik\u00e1 schopnost\u00ed udr\u017eovat vyrovnan\u00e9 bedn\u011bn\u00ed a zaru\u010duje dokonal\u00fd povrch betonu bez nedokonalost\u00ed.<\/p>\n<p><strong>V\u0161estrann\u00e9 pou\u017eit\u00ed:<\/strong> Va\u0161e projekty se li\u0161\u00ed rozsahem a slo\u017eitost\u00ed. P\u0159izp\u016fsobivost a snadn\u00e9 pou\u017eit\u00ed d\u011blaj\u00ed ze syst\u00e9mu X FLAT Tie univerz\u00e1ln\u00ed volbu, kter\u00e1 vyhovuje \u0161irok\u00e9 \u0161k\u00e1le stavebn\u00edch sc\u00e9n\u00e1\u0159\u016f.<\/p>\n<h3>T\u011b\u017ek\u00e1 x ploch\u00e1 kravata<\/h3>\n<h3>Standardn\u00ed x ploch\u00e1 kravata<\/h3>\n<h3>Kl\u00ednov\u00fd \u0161roub<\/h3>\n<h3>Zak\u0159iven\u00e9 kl\u00edny traight Wedge<\/h3>\n<h3>Qingdao H&amp;F: V\u00e1\u0161 partner v p\u0159esnosti<\/h3>\n<p><strong>Excelentn\u00ed uspokojov\u00e1n\u00ed pot\u0159eb kupuj\u00edc\u00edch<\/strong><\/p>\n<p>Spole\u010dnost Qingdao H&amp;F je d\u016fkazem p\u0159esnosti a kvality v oblasti p\u0159\u00edslu\u0161enstv\u00ed pro beton\u00e1\u0159sk\u00e9 pr\u00e1ce a upev\u0148ovac\u00edho hardwaru. P\u0159ednosti na\u0161\u00ed spole\u010dnosti dokonale odpov\u00eddaj\u00ed va\u0161im po\u017eadavk\u016fm:<\/p>\n<p><strong>\u0160irok\u00fd rozsah velikost\u00ed:<\/strong> S hrdost\u00ed nab\u00edz\u00edme kravaty X FLAT ve velikostech od 4 palc\u016f a\u017e po \u00factyhodn\u00fdch 48 palc\u016f. Na\u0161e rozs\u00e1hl\u00e9 mo\u017enosti velikost\u00ed odpov\u00eddaj\u00ed r\u016fznorod\u00fdm pot\u0159eb\u00e1m stavebn\u00edch projekt\u016f a zaji\u0161\u0165uj\u00ed, \u017ee najdete ide\u00e1ln\u00ed \u0159e\u0161en\u00ed pro sv\u00e9 po\u017eadavky.<\/p>\n<p><strong>Podpora p\u0159izp\u016fsoben\u00ed:<\/strong> Ch\u00e1peme, \u017ee \u017e\u00e1dn\u00e9 dva projekty nejsou stejn\u00e9. Na\u0161e mo\u017enosti p\u0159izp\u016fsoben\u00ed v\u00e1m umo\u017en\u00ed p\u0159izp\u016fsobit na\u0161e produkty p\u0159esn\u011b va\u0161im po\u017eadavk\u016fm a zajistit, aby spl\u0148ovaly va\u0161e jedine\u010dn\u00e9 pot\u0159eby.<\/p>\n<p><strong>Dostupnost produktu:<\/strong> D\u00edky na\u0161im produkt\u016fm, kter\u00e9 jsou v\u017edy skladem, m\u00e1te k dispozici n\u00e1stroje, kter\u00e9 pot\u0159ebujete, kdy\u017e jde o \u010das, a m\u00e1te jistotu, \u017ee va\u0161e projekty budou prob\u00edhat podle pl\u00e1nu.<\/p>\n<p><strong>Konkuren\u010dn\u00ed ceny:<\/strong> Jsme p\u0159esv\u011bd\u010deni, \u017ee kvalita nemus\u00ed b\u00fdt drah\u00e1. N\u00e1\u0161 z\u00e1vazek ke konkurenceschopn\u00fdm cen\u00e1m znamen\u00e1, \u017ee za svou investici z\u00edsk\u00e1te v\u00fdjime\u010dnou hodnotu.<\/p>\n<p><strong>Zaji\u0161t\u011bn\u00ed kvality:<\/strong> Ke ka\u017ed\u00e9 kravat\u011b X FLAT je p\u0159ilo\u017eena zpr\u00e1va o kontrole kvality, kter\u00e1 je nepopirateln\u00fdm d\u016fkazem kvality a v\u00fdkonu a kter\u00e1 v\u00e1m zajist\u00ed klid na du\u0161i.<\/p>\n<p><strong>Dostupnost vzorku:<\/strong> Jsme p\u0159esv\u011bd\u010deni o kvalit\u011b na\u0161ich v\u00fdrobk\u016f a nab\u00edz\u00edme v\u00e1m vzorky zdarma, abyste se mohli na vlastn\u00ed k\u016f\u017ei p\u0159esv\u011bd\u010dit o dokonalosti kravaty X FLAT.<\/p>\n<p><strong>Individu\u00e1ln\u00ed slu\u017eby:<\/strong> Jsme v\u00edce ne\u017e jen dodavatel, jsme v\u00e1\u0161 oddan\u00fd partner. N\u00e1\u0161 t\u00fdm v\u00e1m poskytne individu\u00e1ln\u00ed slu\u017eby a provede v\u00e1s ka\u017edou f\u00e1z\u00ed od v\u00fdb\u011bru produktu a\u017e po podporu po jeho zakoupen\u00ed.<\/p>\n<p>&nbsp;<\/p>\n<div class=\"ast-oembed-container\" style=\"height: 100%;\"><iframe title=\"X Ploch\u00e1 kravata, standardn\u00ed kl\u00ednov\u00fd \u0161roub, kombinovan\u00fd kol\u00edk, kol\u00edk s kulatou hlavou Zak\u0159iven\u00fd kl\u00edn a rovn\u00fd kl\u00edn\" width=\"500\" height=\"281\" src=\"https:\/\/www.youtube.com\/embed\/RafUudL8gBk?feature=oembed\" frameborder=\"0\" allow=\"accelerometer; autoplay; clipboard-write; encrypted-media; gyroscope; picture-in-picture; web-share\" referrerpolicy=\"strict-origin-when-cross-origin\" allowfullscreen><\/iframe><\/div>","protected":false},"excerpt":{"rendered":"<p>Ploch\u00e1 vazba X je vysoce v\u00fdkonn\u00e9, odoln\u00e9 a snadno pou\u017eiteln\u00e9 p\u0159\u00edslu\u0161enstv\u00ed pro betonov\u00e9 tvarovky. Je navr\u017een pro p\u0159esnost a zaji\u0161\u0165uje spolehliv\u00e9 vyrovn\u00e1n\u00ed a bezpe\u010dn\u00e9 upevn\u011bn\u00ed v bedn\u011bn\u00ed.<\/p>\n<p>Ploch\u00e1 vazba X m\u00e1 silnou pevnost v tahu a hladk\u00fd povrch pro lep\u0161\u00ed spojen\u00ed, tak\u017ee je ide\u00e1ln\u00ed pro \u0161irokou \u0161k\u00e1lu obytn\u00fdch a komer\u010dn\u00edch aplikac\u00ed.<\/p>\n<p>Na\u0161emu produktu X Flat Tie od spole\u010dnosti Qingdao H&amp;F m\u016f\u017eete pln\u011b d\u016fv\u011b\u0159ovat pro jeho dokonalost, dlouhou \u017eivotnost, zpr\u00e1vu o kontrole kvality a v\u010dasn\u00e9 dod\u00e1n\u00ed.<\/p>","protected":false},"featured_media":4700,"comment_status":"open","ping_status":"closed","template":"","meta":{"site-sidebar-layout":"default","site-content-layout":"default","ast-site-content-layout":"default","site-content-style":"default","site-sidebar-style":"default","ast-global-header-display":"","ast-banner-title-visibility":"","ast-main-header-display":"","ast-hfb-above-header-display":"","ast-hfb-below-header-display":"","ast-hfb-mobile-header-display":"","site-post-title":"","ast-breadcrumbs-content":"","ast-featured-img":"","footer-sml-layout":"","theme-transparent-header-meta":"default","adv-header-id-meta":"","stick-header-meta":"default","header-above-stick-meta":"","header-main-stick-meta":"","header-below-stick-meta":"","astra-migrate-meta-layouts":"set","ast-page-background-enabled":"default","ast-page-background-meta":{"desktop":{"background-color":"","background-image":"","background-repeat":"repeat","background-position":"center center","background-size":"auto","background-attachment":"scroll","background-type":"","background-media":"","overlay-type":"","overlay-color":"","overlay-opacity":"","overlay-gradient":""},"tablet":{"background-color":"","background-image":"","background-repeat":"repeat","background-position":"center center","background-size":"auto","background-attachment":"scroll","background-type":"","background-media":"","overlay-type":"","overlay-color":"","overlay-opacity":"","overlay-gradient":""},"mobile":{"background-color":"","background-image":"","background-repeat":"repeat","background-position":"center center","background-size":"auto","background-attachment":"scroll","background-type":"","background-media":"","overlay-type":"","overlay-color":"","overlay-opacity":"","overlay-gradient":""}},"ast-content-background-meta":{"desktop":{"background-color":"var(--ast-global-color-5)","background-image":"","background-repeat":"repeat","background-position":"center center","background-size":"auto","background-attachment":"scroll","background-type":"","background-media":"","overlay-type":"","overlay-color":"","overlay-opacity":"","overlay-gradient":""},"tablet":{"background-color":"var(--ast-global-color-5)","background-image":"","background-repeat":"repeat","background-position":"center center","background-size":"auto","background-attachment":"scroll","background-type":"","background-media":"","overlay-type":"","overlay-color":"","overlay-opacity":"","overlay-gradient":""},"mobile":{"background-color":"var(--ast-global-color-5)","background-image":"","background-repeat":"repeat","background-position":"center center","background-size":"auto","background-attachment":"scroll","background-type":"","background-media":"","overlay-type":"","overlay-color":"","overlay-opacity":"","overlay-gradient":""}}},"product_brand":[],"product_cat":[50,20,64,28],"product_tag":[],"class_list":{"0":"post-1685","1":"product","2":"type-product","3":"status-publish","4":"has-post-thumbnail","6":"product_cat-concrete-form-accessories","7":"product_cat-concrete-wall-tie","8":"product_cat-concrete-flat-tie","9":"product_cat-concrete-forming","10":"desktop-align-left","11":"tablet-align-left","12":"mobile-align-left","13":"ast-product-gallery-layout-horizontal-slider","14":"ast-product-tabs-layout-horizontal","16":"first","17":"instock","18":"shipping-taxable","19":"purchasable","20":"product-type-simple"},"yoast_head":"<!-- This site is optimized with the Yoast SEO plugin v25.2 - https:\/\/yoast.com\/wordpress\/plugins\/seo\/ -->\n<title>Heavy Duty Concrete Forming X Flat Ties<\/title>\n<meta name=\"description\" content=\"X Flat Tie is a vital component in modern construction, offering improved strength, stability, and ease of use in concrete formwork.\" \/>\n<meta name=\"robots\" content=\"index, follow, max-snippet:-1, max-image-preview:large, max-video-preview:-1\" \/>\n<link rel=\"canonical\" href=\"https:\/\/qingdaohf.com\/cs\/produkt\/x-plocha-kravata\/\" \/>\n<meta property=\"og:locale\" content=\"cs_CZ\" \/>\n<meta property=\"og:type\" content=\"article\" \/>\n<meta property=\"og:title\" content=\"Heavy Duty Concrete Forming X Flat Ties\" \/>\n<meta property=\"og:description\" content=\"X Flat Tie is a vital component in modern construction, offering improved strength, stability, and ease of use in concrete formwork.\" \/>\n<meta property=\"og:url\" content=\"https:\/\/qingdaohf.com\/cs\/produkt\/x-plocha-kravata\/\" \/>\n<meta property=\"og:site_name\" content=\"Concrete Form &amp; Rigging Hardware Supplier\" \/>\n<meta property=\"article:publisher\" content=\"https:\/\/www.facebook.com\/qingdaohf\" \/>\n<meta property=\"article:modified_time\" content=\"2025-11-13T01:06:58+00:00\" \/>\n<meta property=\"og:image\" content=\"https:\/\/qingdaohf.com\/wp-content\/uploads\/2023\/01\/X-FLAT-TIE-5.jpg\" \/>\n\t<meta property=\"og:image:width\" content=\"1000\" \/>\n\t<meta property=\"og:image:height\" content=\"1000\" \/>\n\t<meta property=\"og:image:type\" content=\"image\/jpeg\" \/>\n<meta name=\"twitter:card\" content=\"summary_large_image\" \/>\n<meta name=\"twitter:label1\" content=\"Odhadovan\u00e1 doba \u010dten\u00ed\" \/>\n\t<meta name=\"twitter:data1\" content=\"2 minuty\" \/>\n<script type=\"application\/ld+json\" class=\"yoast-schema-graph\">{\"@context\":\"https:\/\/schema.org\",\"@graph\":[{\"@type\":\"WebPage\",\"@id\":\"https:\/\/qingdaohf.com\/product\/x-flat-tie\/\",\"url\":\"https:\/\/qingdaohf.com\/product\/x-flat-tie\/\",\"name\":\"Heavy Duty Concrete Forming X Flat Ties\",\"isPartOf\":{\"@id\":\"https:\/\/qingdaohf.com\/bg\/#website\"},\"primaryImageOfPage\":{\"@id\":\"https:\/\/qingdaohf.com\/product\/x-flat-tie\/#primaryimage\"},\"image\":{\"@id\":\"https:\/\/qingdaohf.com\/product\/x-flat-tie\/#primaryimage\"},\"thumbnailUrl\":\"https:\/\/qingdaohf.com\/wp-content\/uploads\/2023\/01\/X-FLAT-TIE-5.jpg\",\"datePublished\":\"2023-01-12T03:46:18+00:00\",\"dateModified\":\"2025-11-13T01:06:58+00:00\",\"description\":\"X Flat Tie is a vital component in modern construction, offering improved strength, stability, and ease of use in concrete formwork.\",\"breadcrumb\":{\"@id\":\"https:\/\/qingdaohf.com\/product\/x-flat-tie\/#breadcrumb\"},\"inLanguage\":\"cs\",\"potentialAction\":[{\"@type\":\"ReadAction\",\"target\":[\"https:\/\/qingdaohf.com\/product\/x-flat-tie\/\"]}]},{\"@type\":\"ImageObject\",\"inLanguage\":\"cs\",\"@id\":\"https:\/\/qingdaohf.com\/product\/x-flat-tie\/#primaryimage\",\"url\":\"https:\/\/qingdaohf.com\/wp-content\/uploads\/2023\/01\/X-FLAT-TIE-5.jpg\",\"contentUrl\":\"https:\/\/qingdaohf.com\/wp-content\/uploads\/2023\/01\/X-FLAT-TIE-5.jpg\",\"width\":1000,\"height\":1000,\"caption\":\"X FLAT TIE\"},{\"@type\":\"BreadcrumbList\",\"@id\":\"https:\/\/qingdaohf.com\/product\/x-flat-tie\/#breadcrumb\",\"itemListElement\":[{\"@type\":\"ListItem\",\"position\":1,\"name\":\"Home\",\"item\":\"https:\/\/qingdaohf.com\/\"},{\"@type\":\"ListItem\",\"position\":2,\"name\":\"Concrete Forming Accessories and Rigging Hardware\",\"item\":\"https:\/\/qingdaohf.com\/bg\/?page_id=944\"},{\"@type\":\"ListItem\",\"position\":3,\"name\":\"Heavy Duty Concrete Forming X Flat Ties\"}]},{\"@type\":\"WebSite\",\"@id\":\"https:\/\/qingdaohf.com\/bg\/#website\",\"url\":\"https:\/\/qingdaohf.com\/bg\/\",\"name\":\"Concrete Form & Rigging Hardware Supplier\",\"description\":\"\",\"publisher\":{\"@id\":\"https:\/\/qingdaohf.com\/bg\/#organization\"},\"potentialAction\":[{\"@type\":\"SearchAction\",\"target\":{\"@type\":\"EntryPoint\",\"urlTemplate\":\"https:\/\/qingdaohf.com\/bg\/?s={search_term_string}\"},\"query-input\":{\"@type\":\"PropertyValueSpecification\",\"valueRequired\":true,\"valueName\":\"search_term_string\"}}],\"inLanguage\":\"cs\"},{\"@type\":\"Organization\",\"@id\":\"https:\/\/qingdaohf.com\/bg\/#organization\",\"name\":\"Qingdao H&F\",\"url\":\"https:\/\/qingdaohf.com\/bg\/\",\"logo\":{\"@type\":\"ImageObject\",\"inLanguage\":\"cs\",\"@id\":\"https:\/\/qingdaohf.com\/bg\/#\/schema\/logo\/image\/\",\"url\":\"https:\/\/qingdaohf.com\/wp-content\/uploads\/2022\/12\/cropped-HF-LOGO.png\",\"contentUrl\":\"https:\/\/qingdaohf.com\/wp-content\/uploads\/2022\/12\/cropped-HF-LOGO.png\",\"width\":391,\"height\":249,\"caption\":\"Qingdao H&F\"},\"image\":{\"@id\":\"https:\/\/qingdaohf.com\/bg\/#\/schema\/logo\/image\/\"},\"sameAs\":[\"https:\/\/www.facebook.com\/qingdaohf\"]}]}<\/script>\n<!-- \/ Yoast SEO plugin. -->","yoast_head_json":{"title":"Heavy Duty Concrete Forming X Flat Ties","description":"X Flat Tie is a vital component in modern construction, offering improved strength, stability, and ease of use in concrete formwork.","robots":{"index":"index","follow":"follow","max-snippet":"max-snippet:-1","max-image-preview":"max-image-preview:large","max-video-preview":"max-video-preview:-1"},"canonical":"https:\/\/qingdaohf.com\/cs\/produkt\/x-plocha-kravata\/","og_locale":"cs_CZ","og_type":"article","og_title":"Heavy Duty Concrete Forming X Flat Ties","og_description":"X Flat Tie is a vital component in modern construction, offering improved strength, stability, and ease of use in concrete formwork.","og_url":"https:\/\/qingdaohf.com\/cs\/produkt\/x-plocha-kravata\/","og_site_name":"Concrete Form &amp; Rigging Hardware Supplier","article_publisher":"https:\/\/www.facebook.com\/qingdaohf","article_modified_time":"2025-11-13T01:06:58+00:00","og_image":[{"width":1000,"height":1000,"url":"https:\/\/qingdaohf.com\/wp-content\/uploads\/2023\/01\/X-FLAT-TIE-5.jpg","type":"image\/jpeg"}],"twitter_card":"summary_large_image","twitter_misc":{"Odhadovan\u00e1 doba \u010dten\u00ed":"2 minuty"},"schema":{"@context":"https:\/\/schema.org","@graph":[{"@type":"WebPage","@id":"https:\/\/qingdaohf.com\/product\/x-flat-tie\/","url":"https:\/\/qingdaohf.com\/product\/x-flat-tie\/","name":"Heavy Duty Concrete Forming X Flat Ties","isPartOf":{"@id":"https:\/\/qingdaohf.com\/bg\/#website"},"primaryImageOfPage":{"@id":"https:\/\/qingdaohf.com\/product\/x-flat-tie\/#primaryimage"},"image":{"@id":"https:\/\/qingdaohf.com\/product\/x-flat-tie\/#primaryimage"},"thumbnailUrl":"https:\/\/qingdaohf.com\/wp-content\/uploads\/2023\/01\/X-FLAT-TIE-5.jpg","datePublished":"2023-01-12T03:46:18+00:00","dateModified":"2025-11-13T01:06:58+00:00","description":"X Flat Tie is a vital component in modern construction, offering improved strength, stability, and ease of use in concrete formwork.","breadcrumb":{"@id":"https:\/\/qingdaohf.com\/product\/x-flat-tie\/#breadcrumb"},"inLanguage":"cs","potentialAction":[{"@type":"ReadAction","target":["https:\/\/qingdaohf.com\/product\/x-flat-tie\/"]}]},{"@type":"ImageObject","inLanguage":"cs","@id":"https:\/\/qingdaohf.com\/product\/x-flat-tie\/#primaryimage","url":"https:\/\/qingdaohf.com\/wp-content\/uploads\/2023\/01\/X-FLAT-TIE-5.jpg","contentUrl":"https:\/\/qingdaohf.com\/wp-content\/uploads\/2023\/01\/X-FLAT-TIE-5.jpg","width":1000,"height":1000,"caption":"X FLAT TIE"},{"@type":"BreadcrumbList","@id":"https:\/\/qingdaohf.com\/product\/x-flat-tie\/#breadcrumb","itemListElement":[{"@type":"ListItem","position":1,"name":"Home","item":"https:\/\/qingdaohf.com\/"},{"@type":"ListItem","position":2,"name":"Concrete Forming Accessories and Rigging Hardware","item":"https:\/\/qingdaohf.com\/bg\/?page_id=944"},{"@type":"ListItem","position":3,"name":"Heavy Duty Concrete Forming X Flat Ties"}]},{"@type":"WebSite","@id":"https:\/\/qingdaohf.com\/bg\/#website","url":"https:\/\/qingdaohf.com\/bg\/","name":"Concrete Form & Rigging Hardware Supplier","description":"","publisher":{"@id":"https:\/\/qingdaohf.com\/bg\/#organization"},"potentialAction":[{"@type":"SearchAction","target":{"@type":"EntryPoint","urlTemplate":"https:\/\/qingdaohf.com\/bg\/?s={search_term_string}"},"query-input":{"@type":"PropertyValueSpecification","valueRequired":true,"valueName":"search_term_string"}}],"inLanguage":"cs"},{"@type":"Organization","@id":"https:\/\/qingdaohf.com\/bg\/#organization","name":"Qingdao H&F","url":"https:\/\/qingdaohf.com\/bg\/","logo":{"@type":"ImageObject","inLanguage":"cs","@id":"https:\/\/qingdaohf.com\/bg\/#\/schema\/logo\/image\/","url":"https:\/\/qingdaohf.com\/wp-content\/uploads\/2022\/12\/cropped-HF-LOGO.png","contentUrl":"https:\/\/qingdaohf.com\/wp-content\/uploads\/2022\/12\/cropped-HF-LOGO.png","width":391,"height":249,"caption":"Qingdao H&F"},"image":{"@id":"https:\/\/qingdaohf.com\/bg\/#\/schema\/logo\/image\/"},"sameAs":["https:\/\/www.facebook.com\/qingdaohf"]}]}},"_links":{"self":[{"href":"https:\/\/qingdaohf.com\/cs\/wp-json\/wp\/v2\/product\/1685","targetHints":{"allow":["GET"]}}],"collection":[{"href":"https:\/\/qingdaohf.com\/cs\/wp-json\/wp\/v2\/product"}],"about":[{"href":"https:\/\/qingdaohf.com\/cs\/wp-json\/wp\/v2\/types\/product"}],"replies":[{"embeddable":true,"href":"https:\/\/qingdaohf.com\/cs\/wp-json\/wp\/v2\/comments?post=1685"}],"version-history":[{"count":25,"href":"https:\/\/qingdaohf.com\/cs\/wp-json\/wp\/v2\/product\/1685\/revisions"}],"predecessor-version":[{"id":10249,"href":"https:\/\/qingdaohf.com\/cs\/wp-json\/wp\/v2\/product\/1685\/revisions\/10249"}],"wp:featuredmedia":[{"embeddable":true,"href":"https:\/\/qingdaohf.com\/cs\/wp-json\/wp\/v2\/media\/4700"}],"wp:attachment":[{"href":"https:\/\/qingdaohf.com\/cs\/wp-json\/wp\/v2\/media?parent=1685"}],"wp:term":[{"taxonomy":"product_brand","embeddable":true,"href":"https:\/\/qingdaohf.com\/cs\/wp-json\/wp\/v2\/product_brand?post=1685"},{"taxonomy":"product_cat","embeddable":true,"href":"https:\/\/qingdaohf.com\/cs\/wp-json\/wp\/v2\/product_cat?post=1685"},{"taxonomy":"product_tag","embeddable":true,"href":"https:\/\/qingdaohf.com\/cs\/wp-json\/wp\/v2\/product_tag?post=1685"}],"curies":[{"name":"wp","href":"https:\/\/api.w.org\/{rel}","templated":true}]}}