{"id":1708,"date":"2023-01-14T15:15:32","date_gmt":"2023-01-14T07:15:32","guid":{"rendered":"http:\/\/qingdaohf.com\/?post_type=product&#038;p=1708"},"modified":"2025-11-13T09:06:57","modified_gmt":"2025-11-13T01:06:57","slug":"snap-tie-wedge","status":"publish","type":"product","link":"https:\/\/qingdaohf.com\/cs\/produkt\/klin-se-zavazovanim-na-patentku\/","title":{"rendered":"Snap Tie Wedge"},"content":{"rendered":"<p>Zaklap\u00e1vac\u00ed kl\u00edn je sou\u010d\u00e1st pou\u017e\u00edvan\u00e1 p\u0159i beton\u00e1\u017ei k upevn\u011bn\u00ed zaklap\u00e1vac\u00edho kl\u00ednu k bedn\u011bn\u00ed. Zaklap\u00e1vac\u00ed vazba je kovov\u00e1 ty\u010d s ohnut\u00fdmi konci, kter\u00e1 proch\u00e1z\u00ed bedn\u011bn\u00edm a dr\u017e\u00ed ob\u011b strany bedn\u011bn\u00ed pohromad\u011b. Zaklap\u00e1vac\u00ed kl\u00edn je mal\u00fd plastov\u00fd nebo kovov\u00fd kl\u00edn, kter\u00fd se vkl\u00e1d\u00e1 do konce zaklap\u00e1vac\u00edho kl\u00ednu po jeho pr\u016fchodu bedn\u011bn\u00edm.<\/p>\n<p>Kl\u00ednek pro zaklap\u00e1vac\u00ed vazbu je navr\u017een tak, aby pevn\u011b dr\u017eel zaklap\u00e1vac\u00ed vazbu a zabr\u00e1nil jej\u00edmu vyklouznut\u00ed z bedn\u011bn\u00ed b\u011bhem lit\u00ed a tuhnut\u00ed betonu. Pou\u017e\u00edv\u00e1 se tak\u00e9 k zaji\u0161t\u011bn\u00ed spr\u00e1vn\u00e9ho vyrovn\u00e1n\u00ed a rozm\u00edst\u011bn\u00ed zaklap\u00e1vac\u00ed vazby tak, aby byl vytvo\u0159en po\u017eadovan\u00fd tvar a povrchov\u00e1 \u00faprava betonov\u00e9ho povrchu.<\/p>\n<p>Zaklap\u00e1vac\u00ed kl\u00edn je obvykle vyroben z odoln\u00e9ho a opakovan\u011b pou\u017eiteln\u00e9ho materi\u00e1lu, nap\u0159\u00edklad z plastu nebo kovu, a je k dispozici v r\u016fzn\u00fdch velikostech a tvarech pro r\u016fzn\u00e9 typy zaklap\u00e1vac\u00edch vazeb a konfigurace bedn\u011bn\u00ed. Jedn\u00e1 se o nezbytnou sou\u010d\u00e1st procesu betonov\u00e1n\u00ed a jej\u00ed spr\u00e1vn\u00e9 pou\u017eit\u00ed a um\u00edst\u011bn\u00ed je pro \u00fasp\u011bch projektu rozhoduj\u00edc\u00ed.<\/p>\n<p><img fetchpriority=\"high\" decoding=\"async\" class=\"alignnone wp-image-8654 size-full\" src=\"http:\/\/qingdaohf.com\/wp-content\/uploads\/2025\/01\/snap-tie-wedge.webp\" alt=\"kl\u00edn se zavazov\u00e1n\u00edm na patentku\" width=\"1000\" height=\"1000\" srcset=\"https:\/\/qingdaohf.com\/wp-content\/uploads\/2025\/01\/snap-tie-wedge.webp 1000w, https:\/\/qingdaohf.com\/wp-content\/uploads\/2025\/01\/snap-tie-wedge-300x300.webp 300w, https:\/\/qingdaohf.com\/wp-content\/uploads\/2025\/01\/snap-tie-wedge-150x150.webp 150w, https:\/\/qingdaohf.com\/wp-content\/uploads\/2025\/01\/snap-tie-wedge-768x768.webp 768w, https:\/\/qingdaohf.com\/wp-content\/uploads\/2025\/01\/snap-tie-wedge-12x12.webp 12w, https:\/\/qingdaohf.com\/wp-content\/uploads\/2025\/01\/snap-tie-wedge-500x500.webp 500w, https:\/\/qingdaohf.com\/wp-content\/uploads\/2025\/01\/snap-tie-wedge-100x100.webp 100w\" sizes=\"(max-width: 1000px) 100vw, 1000px\" \/><\/p>\n<h2><a href=\"https:\/\/qingdaohf.com\/cs\/produkt\/zaklapavaci-kravata\/\">Betonov\u00e1 vazba Snpa<\/a><\/h2>\n<p>\u2460 4-3\/4\" Koncovka s plastov\u00fdm ku\u017eelem a \u0161estihrannou hlavou * velikost st\u011bny 6\" a\u017e 72\"<\/p>\n<p>\u2461 8-1\/4\" Koncovka s plastov\u00fdm ku\u017eelem a \u0161estihrannou hlavou * velikost st\u011bny 6\" a\u017e 72\"<\/p>\n<p><img decoding=\"async\" src=\"http:\/\/qingdaohf.com\/wp-content\/uploads\/2023\/07\/Snap-Tie-with-Steel-Washer-4.jpg\" sizes=\"(max-width: 1000px) 100vw, 1000px\" srcset=\"http:\/\/qingdaohf.com\/wp-content\/uploads\/2023\/07\/Snap-Tie-with-Steel-Washer-4.jpg 1000w, http:\/\/qingdaohf.com\/wp-content\/uploads\/2023\/07\/Snap-Tie-with-Steel-Washer-4-300x300.jpg 300w, http:\/\/qingdaohf.com\/wp-content\/uploads\/2023\/07\/Snap-Tie-with-Steel-Washer-4-150x150.jpg 150w, http:\/\/qingdaohf.com\/wp-content\/uploads\/2023\/07\/Snap-Tie-with-Steel-Washer-4-768x768.jpg 768w, http:\/\/qingdaohf.com\/wp-content\/uploads\/2023\/07\/Snap-Tie-with-Steel-Washer-4-500x500.jpg 500w, http:\/\/qingdaohf.com\/wp-content\/uploads\/2023\/07\/Snap-Tie-with-Steel-Washer-4-100x100.jpg 100w\" alt=\"\" width=\"1000\" height=\"1000\" \/><br \/>\n<img decoding=\"async\" src=\"http:\/\/qingdaohf.com\/wp-content\/uploads\/2023\/01\/snap.jpg\" sizes=\"(max-width: 1000px) 100vw, 1000px\" srcset=\"http:\/\/qingdaohf.com\/wp-content\/uploads\/2023\/01\/snap.jpg 1000w, http:\/\/qingdaohf.com\/wp-content\/uploads\/2023\/01\/snap-300x300.jpg 300w, http:\/\/qingdaohf.com\/wp-content\/uploads\/2023\/01\/snap-150x150.jpg 150w, http:\/\/qingdaohf.com\/wp-content\/uploads\/2023\/01\/snap-768x768.jpg 768w, http:\/\/qingdaohf.com\/wp-content\/uploads\/2023\/01\/snap-500x500.jpg 500w, http:\/\/qingdaohf.com\/wp-content\/uploads\/2023\/01\/snap-100x100.jpg 100w\" alt=\"zaklap\u00e1vac\u00ed kravata\" width=\"1000\" height=\"1000\" \/><\/p>\n<h2>Snap Tie Wedge &amp; Jahn A konzola Jahn C konzola<\/h2>\n<p><span style=\"font-size: 16px;\">Svorn\u00edky se b\u011b\u017en\u011b pou\u017e\u00edvaj\u00ed ve svisl\u00fdch bedn\u011bn\u00edch, jako jsou st\u011bny, sloupy a nosn\u00edky. Poskytuj\u00ed rychl\u00fd a \u00fa\u010dinn\u00fd zp\u016fsob zaji\u0161t\u011bn\u00ed bedn\u011bn\u00ed a po vytvrzen\u00ed betonu je lze snadno odstranit. P\u0159i jejich odstra\u0148ov\u00e1n\u00ed je v\u0161ak t\u0159eba db\u00e1t zv\u00fd\u0161en\u00e9 opatrnosti, aby nedo\u0161lo k po\u0161kozen\u00ed povrchu betonu.<\/span><\/p>","protected":false},"excerpt":{"rendered":"<p>D\u00edky t\u011bmto vysoce pevn\u00fdm kl\u00edn\u016fm z pozinkovan\u00e9 oceli je mont\u00e1\u017e betonov\u00e9ho bedn\u011bn\u00ed a st\u011bn snaz\u0161\u00ed a efektivn\u011bj\u0161\u00ed ne\u017e kdykoli p\u0159edt\u00edm.<\/p>\n<p>Tyto kl\u00edny, kter\u00e9 jsou navr\u017eeny tak, aby odol\u00e1valy korozi a vydr\u017eely standardn\u00ed i t\u011b\u017ek\u00e9 karabiny pro jakoukoli velikost pr\u00e1ce, jsou vynikaj\u00edc\u00ed pro komer\u010dn\u00ed i reziden\u010dn\u00ed projekty a lze je pou\u017e\u00edvat opakovan\u011b, ani\u017e by se zhor\u0161il jejich v\u00fdkon.<\/p>\n<p>&nbsp;<\/p>","protected":false},"featured_media":5017,"comment_status":"open","ping_status":"closed","template":"","meta":{"site-sidebar-layout":"default","site-content-layout":"default","ast-site-content-layout":"default","site-content-style":"default","site-sidebar-style":"default","ast-global-header-display":"","ast-banner-title-visibility":"","ast-main-header-display":"","ast-hfb-above-header-display":"","ast-hfb-below-header-display":"","ast-hfb-mobile-header-display":"","site-post-title":"","ast-breadcrumbs-content":"","ast-featured-img":"","footer-sml-layout":"","theme-transparent-header-meta":"default","adv-header-id-meta":"","stick-header-meta":"default","header-above-stick-meta":"","header-main-stick-meta":"","header-below-stick-meta":"","astra-migrate-meta-layouts":"set","ast-page-background-enabled":"default","ast-page-background-meta":{"desktop":{"background-color":"","background-image":"","background-repeat":"repeat","background-position":"center center","background-size":"auto","background-attachment":"scroll","background-type":"","background-media":"","overlay-type":"","overlay-color":"","overlay-opacity":"","overlay-gradient":""},"tablet":{"background-color":"","background-image":"","background-repeat":"repeat","background-position":"center center","background-size":"auto","background-attachment":"scroll","background-type":"","background-media":"","overlay-type":"","overlay-color":"","overlay-opacity":"","overlay-gradient":""},"mobile":{"background-color":"","background-image":"","background-repeat":"repeat","background-position":"center center","background-size":"auto","background-attachment":"scroll","background-type":"","background-media":"","overlay-type":"","overlay-color":"","overlay-opacity":"","overlay-gradient":""}},"ast-content-background-meta":{"desktop":{"background-color":"var(--ast-global-color-5)","background-image":"","background-repeat":"repeat","background-position":"center center","background-size":"auto","background-attachment":"scroll","background-type":"","background-media":"","overlay-type":"","overlay-color":"","overlay-opacity":"","overlay-gradient":""},"tablet":{"background-color":"var(--ast-global-color-5)","background-image":"","background-repeat":"repeat","background-position":"center center","background-size":"auto","background-attachment":"scroll","background-type":"","background-media":"","overlay-type":"","overlay-color":"","overlay-opacity":"","overlay-gradient":""},"mobile":{"background-color":"var(--ast-global-color-5)","background-image":"","background-repeat":"repeat","background-position":"center center","background-size":"auto","background-attachment":"scroll","background-type":"","background-media":"","overlay-type":"","overlay-color":"","overlay-opacity":"","overlay-gradient":""}}},"product_brand":[],"product_cat":[50,20,63,28],"product_tag":[],"class_list":{"0":"post-1708","1":"product","2":"type-product","3":"status-publish","4":"has-post-thumbnail","6":"product_cat-concrete-form-accessories","7":"product_cat-concrete-wall-tie","8":"product_cat-concrete-snap-tie","9":"product_cat-concrete-forming","10":"desktop-align-left","11":"tablet-align-left","12":"mobile-align-left","13":"ast-product-gallery-layout-horizontal-slider","14":"ast-product-tabs-layout-horizontal","16":"first","17":"instock","18":"featured","19":"shipping-taxable","20":"purchasable","21":"product-type-simple"},"yoast_head":"<!-- This site is optimized with the Yoast SEO plugin v25.2 - https:\/\/yoast.com\/wordpress\/plugins\/seo\/ -->\n<title>Snap Tie Wedge<\/title>\n<meta name=\"description\" content=\"Snap Tie Wedge make the installation of concrete formwork and walls easier and more efficient than ever with this high-strength snap tie wedges.\" \/>\n<meta name=\"robots\" content=\"index, follow, max-snippet:-1, max-image-preview:large, max-video-preview:-1\" \/>\n<link rel=\"canonical\" href=\"https:\/\/qingdaohf.com\/cs\/produkt\/klin-se-zavazovanim-na-patentku\/\" \/>\n<meta property=\"og:locale\" content=\"cs_CZ\" \/>\n<meta property=\"og:type\" content=\"article\" \/>\n<meta property=\"og:title\" content=\"Snap Tie Wedge\" \/>\n<meta property=\"og:description\" content=\"Snap Tie Wedge make the installation of concrete formwork and walls easier and more efficient than ever with this high-strength, galvanized steel snap tie wedges.\" \/>\n<meta property=\"og:url\" content=\"https:\/\/qingdaohf.com\/cs\/produkt\/klin-se-zavazovanim-na-patentku\/\" \/>\n<meta property=\"og:site_name\" content=\"Concrete Form &amp; Rigging Hardware Supplier\" \/>\n<meta property=\"article:publisher\" content=\"https:\/\/www.facebook.com\/qingdaohf\" \/>\n<meta property=\"article:modified_time\" content=\"2025-11-13T01:06:57+00:00\" \/>\n<meta property=\"og:image\" content=\"https:\/\/qingdaohf.com\/wp-content\/uploads\/2023\/01\/snap-tie-wedge-8.jpg\" \/>\n\t<meta property=\"og:image:width\" content=\"1000\" \/>\n\t<meta property=\"og:image:height\" content=\"1000\" \/>\n\t<meta property=\"og:image:type\" content=\"image\/jpeg\" \/>\n<meta name=\"twitter:card\" content=\"summary_large_image\" \/>\n<meta name=\"twitter:label1\" content=\"Odhadovan\u00e1 doba \u010dten\u00ed\" \/>\n\t<meta name=\"twitter:data1\" content=\"3 minuty\" \/>\n<script type=\"application\/ld+json\" class=\"yoast-schema-graph\">{\"@context\":\"https:\/\/schema.org\",\"@graph\":[{\"@type\":\"WebPage\",\"@id\":\"https:\/\/qingdaohf.com\/product\/snap-tie-wedge\/\",\"url\":\"https:\/\/qingdaohf.com\/product\/snap-tie-wedge\/\",\"name\":\"Snap Tie Wedge\",\"isPartOf\":{\"@id\":\"https:\/\/qingdaohf.com\/bg\/#website\"},\"primaryImageOfPage\":{\"@id\":\"https:\/\/qingdaohf.com\/product\/snap-tie-wedge\/#primaryimage\"},\"image\":{\"@id\":\"https:\/\/qingdaohf.com\/product\/snap-tie-wedge\/#primaryimage\"},\"thumbnailUrl\":\"https:\/\/qingdaohf.com\/wp-content\/uploads\/2023\/01\/snap-tie-wedge-8.jpg\",\"datePublished\":\"2023-01-14T07:15:32+00:00\",\"dateModified\":\"2025-11-13T01:06:57+00:00\",\"description\":\"Snap Tie Wedge make the installation of concrete formwork and walls easier and more efficient than ever with this high-strength snap tie wedges.\",\"breadcrumb\":{\"@id\":\"https:\/\/qingdaohf.com\/product\/snap-tie-wedge\/#breadcrumb\"},\"inLanguage\":\"cs\",\"potentialAction\":[{\"@type\":\"ReadAction\",\"target\":[\"https:\/\/qingdaohf.com\/product\/snap-tie-wedge\/\"]}]},{\"@type\":\"ImageObject\",\"inLanguage\":\"cs\",\"@id\":\"https:\/\/qingdaohf.com\/product\/snap-tie-wedge\/#primaryimage\",\"url\":\"https:\/\/qingdaohf.com\/wp-content\/uploads\/2023\/01\/snap-tie-wedge-8.jpg\",\"contentUrl\":\"https:\/\/qingdaohf.com\/wp-content\/uploads\/2023\/01\/snap-tie-wedge-8.jpg\",\"width\":1000,\"height\":1000,\"caption\":\"snap tie wedge\"},{\"@type\":\"BreadcrumbList\",\"@id\":\"https:\/\/qingdaohf.com\/product\/snap-tie-wedge\/#breadcrumb\",\"itemListElement\":[{\"@type\":\"ListItem\",\"position\":1,\"name\":\"Home\",\"item\":\"https:\/\/qingdaohf.com\/\"},{\"@type\":\"ListItem\",\"position\":2,\"name\":\"Concrete Forming Accessories and Rigging Hardware\",\"item\":\"https:\/\/qingdaohf.com\/bg\/?page_id=944\"},{\"@type\":\"ListItem\",\"position\":3,\"name\":\"Snap Tie Wedge\"}]},{\"@type\":\"WebSite\",\"@id\":\"https:\/\/qingdaohf.com\/bg\/#website\",\"url\":\"https:\/\/qingdaohf.com\/bg\/\",\"name\":\"Concrete Form & Rigging Hardware Supplier\",\"description\":\"\",\"publisher\":{\"@id\":\"https:\/\/qingdaohf.com\/bg\/#organization\"},\"potentialAction\":[{\"@type\":\"SearchAction\",\"target\":{\"@type\":\"EntryPoint\",\"urlTemplate\":\"https:\/\/qingdaohf.com\/bg\/?s={search_term_string}\"},\"query-input\":{\"@type\":\"PropertyValueSpecification\",\"valueRequired\":true,\"valueName\":\"search_term_string\"}}],\"inLanguage\":\"cs\"},{\"@type\":\"Organization\",\"@id\":\"https:\/\/qingdaohf.com\/bg\/#organization\",\"name\":\"Qingdao H&F\",\"url\":\"https:\/\/qingdaohf.com\/bg\/\",\"logo\":{\"@type\":\"ImageObject\",\"inLanguage\":\"cs\",\"@id\":\"https:\/\/qingdaohf.com\/bg\/#\/schema\/logo\/image\/\",\"url\":\"https:\/\/qingdaohf.com\/wp-content\/uploads\/2022\/12\/cropped-HF-LOGO.png\",\"contentUrl\":\"https:\/\/qingdaohf.com\/wp-content\/uploads\/2022\/12\/cropped-HF-LOGO.png\",\"width\":391,\"height\":249,\"caption\":\"Qingdao H&F\"},\"image\":{\"@id\":\"https:\/\/qingdaohf.com\/bg\/#\/schema\/logo\/image\/\"},\"sameAs\":[\"https:\/\/www.facebook.com\/qingdaohf\"]}]}<\/script>\n<!-- \/ Yoast SEO plugin. -->","yoast_head_json":{"title":"Snap Tie Wedge","description":"Snap Tie Wedge make the installation of concrete formwork and walls easier and more efficient than ever with this high-strength snap tie wedges.","robots":{"index":"index","follow":"follow","max-snippet":"max-snippet:-1","max-image-preview":"max-image-preview:large","max-video-preview":"max-video-preview:-1"},"canonical":"https:\/\/qingdaohf.com\/cs\/produkt\/klin-se-zavazovanim-na-patentku\/","og_locale":"cs_CZ","og_type":"article","og_title":"Snap Tie Wedge","og_description":"Snap Tie Wedge make the installation of concrete formwork and walls easier and more efficient than ever with this high-strength, galvanized steel snap tie wedges.","og_url":"https:\/\/qingdaohf.com\/cs\/produkt\/klin-se-zavazovanim-na-patentku\/","og_site_name":"Concrete Form &amp; Rigging Hardware Supplier","article_publisher":"https:\/\/www.facebook.com\/qingdaohf","article_modified_time":"2025-11-13T01:06:57+00:00","og_image":[{"width":1000,"height":1000,"url":"https:\/\/qingdaohf.com\/wp-content\/uploads\/2023\/01\/snap-tie-wedge-8.jpg","type":"image\/jpeg"}],"twitter_card":"summary_large_image","twitter_misc":{"Odhadovan\u00e1 doba \u010dten\u00ed":"3 minuty"},"schema":{"@context":"https:\/\/schema.org","@graph":[{"@type":"WebPage","@id":"https:\/\/qingdaohf.com\/product\/snap-tie-wedge\/","url":"https:\/\/qingdaohf.com\/product\/snap-tie-wedge\/","name":"Snap Tie Wedge","isPartOf":{"@id":"https:\/\/qingdaohf.com\/bg\/#website"},"primaryImageOfPage":{"@id":"https:\/\/qingdaohf.com\/product\/snap-tie-wedge\/#primaryimage"},"image":{"@id":"https:\/\/qingdaohf.com\/product\/snap-tie-wedge\/#primaryimage"},"thumbnailUrl":"https:\/\/qingdaohf.com\/wp-content\/uploads\/2023\/01\/snap-tie-wedge-8.jpg","datePublished":"2023-01-14T07:15:32+00:00","dateModified":"2025-11-13T01:06:57+00:00","description":"Snap Tie Wedge make the installation of concrete formwork and walls easier and more efficient than ever with this high-strength snap tie wedges.","breadcrumb":{"@id":"https:\/\/qingdaohf.com\/product\/snap-tie-wedge\/#breadcrumb"},"inLanguage":"cs","potentialAction":[{"@type":"ReadAction","target":["https:\/\/qingdaohf.com\/product\/snap-tie-wedge\/"]}]},{"@type":"ImageObject","inLanguage":"cs","@id":"https:\/\/qingdaohf.com\/product\/snap-tie-wedge\/#primaryimage","url":"https:\/\/qingdaohf.com\/wp-content\/uploads\/2023\/01\/snap-tie-wedge-8.jpg","contentUrl":"https:\/\/qingdaohf.com\/wp-content\/uploads\/2023\/01\/snap-tie-wedge-8.jpg","width":1000,"height":1000,"caption":"snap tie wedge"},{"@type":"BreadcrumbList","@id":"https:\/\/qingdaohf.com\/product\/snap-tie-wedge\/#breadcrumb","itemListElement":[{"@type":"ListItem","position":1,"name":"Home","item":"https:\/\/qingdaohf.com\/"},{"@type":"ListItem","position":2,"name":"Concrete Forming Accessories and Rigging Hardware","item":"https:\/\/qingdaohf.com\/bg\/?page_id=944"},{"@type":"ListItem","position":3,"name":"Snap Tie Wedge"}]},{"@type":"WebSite","@id":"https:\/\/qingdaohf.com\/bg\/#website","url":"https:\/\/qingdaohf.com\/bg\/","name":"Concrete Form & Rigging Hardware Supplier","description":"","publisher":{"@id":"https:\/\/qingdaohf.com\/bg\/#organization"},"potentialAction":[{"@type":"SearchAction","target":{"@type":"EntryPoint","urlTemplate":"https:\/\/qingdaohf.com\/bg\/?s={search_term_string}"},"query-input":{"@type":"PropertyValueSpecification","valueRequired":true,"valueName":"search_term_string"}}],"inLanguage":"cs"},{"@type":"Organization","@id":"https:\/\/qingdaohf.com\/bg\/#organization","name":"Qingdao H&F","url":"https:\/\/qingdaohf.com\/bg\/","logo":{"@type":"ImageObject","inLanguage":"cs","@id":"https:\/\/qingdaohf.com\/bg\/#\/schema\/logo\/image\/","url":"https:\/\/qingdaohf.com\/wp-content\/uploads\/2022\/12\/cropped-HF-LOGO.png","contentUrl":"https:\/\/qingdaohf.com\/wp-content\/uploads\/2022\/12\/cropped-HF-LOGO.png","width":391,"height":249,"caption":"Qingdao H&F"},"image":{"@id":"https:\/\/qingdaohf.com\/bg\/#\/schema\/logo\/image\/"},"sameAs":["https:\/\/www.facebook.com\/qingdaohf"]}]}},"_links":{"self":[{"href":"https:\/\/qingdaohf.com\/cs\/wp-json\/wp\/v2\/product\/1708","targetHints":{"allow":["GET"]}}],"collection":[{"href":"https:\/\/qingdaohf.com\/cs\/wp-json\/wp\/v2\/product"}],"about":[{"href":"https:\/\/qingdaohf.com\/cs\/wp-json\/wp\/v2\/types\/product"}],"replies":[{"embeddable":true,"href":"https:\/\/qingdaohf.com\/cs\/wp-json\/wp\/v2\/comments?post=1708"}],"version-history":[{"count":39,"href":"https:\/\/qingdaohf.com\/cs\/wp-json\/wp\/v2\/product\/1708\/revisions"}],"predecessor-version":[{"id":10242,"href":"https:\/\/qingdaohf.com\/cs\/wp-json\/wp\/v2\/product\/1708\/revisions\/10242"}],"wp:featuredmedia":[{"embeddable":true,"href":"https:\/\/qingdaohf.com\/cs\/wp-json\/wp\/v2\/media\/5017"}],"wp:attachment":[{"href":"https:\/\/qingdaohf.com\/cs\/wp-json\/wp\/v2\/media?parent=1708"}],"wp:term":[{"taxonomy":"product_brand","embeddable":true,"href":"https:\/\/qingdaohf.com\/cs\/wp-json\/wp\/v2\/product_brand?post=1708"},{"taxonomy":"product_cat","embeddable":true,"href":"https:\/\/qingdaohf.com\/cs\/wp-json\/wp\/v2\/product_cat?post=1708"},{"taxonomy":"product_tag","embeddable":true,"href":"https:\/\/qingdaohf.com\/cs\/wp-json\/wp\/v2\/product_tag?post=1708"}],"curies":[{"name":"wp","href":"https:\/\/api.w.org\/{rel}","templated":true}]}}