{"id":1729,"date":"2024-06-28T17:07:41","date_gmt":"2024-06-28T09:07:41","guid":{"rendered":"http:\/\/qingdaohf.com\/?post_type=product&#038;p=1729"},"modified":"2025-11-13T09:03:14","modified_gmt":"2025-11-13T01:03:14","slug":"turnbuckle-form-aligner","status":"publish","type":"product","link":"https:\/\/qingdaohf.com\/cs\/produkt\/zarovnavac-tvaru-napinacich-spon\/","title":{"rendered":"Nastaviteln\u00e1 v\u00fdztuha betonov\u00e9ho bedn\u011bn\u00ed Zarovn\u00e1va\u010d bedn\u011bn\u00ed s nap\u00edn\u00e1kem"},"content":{"rendered":"<h3>\u00davod do n\u00e1stroje Turnbuckle Form Aligner<\/h3>\n<p>Zarovn\u00e1va\u010d bedn\u011bn\u00ed s nap\u00edn\u00e1kem je d\u016fle\u017eit\u00fdm n\u00e1strojem ve stavebnictv\u00ed, kter\u00fd je ur\u010den k zaji\u0161t\u011bn\u00ed p\u0159esn\u00e9ho zarovn\u00e1n\u00ed betonov\u00fdch bedn\u011bn\u00ed. Tento v\u00fdrobek je k dispozici ve dvou hlavn\u00edch variant\u00e1ch: Ploch\u00e1 deska a ohnut\u00e1 deska. Ka\u017ed\u00e1 varianta slou\u017e\u00ed ke specifick\u00fdm \u00fa\u010del\u016fm a vyhovuje r\u016fzn\u00fdm stavebn\u00edm pot\u0159eb\u00e1m. Pochopen\u00ed b\u011b\u017en\u00fdch rozm\u011br\u016f a aplikac\u00ed zarovn\u00e1va\u010de tvar\u016f s nap\u00ednac\u00edmi kle\u0161t\u011bmi je nezbytn\u00e9 pro optimalizaci jeho pou\u017eit\u00ed v beton\u00e1\u0159sk\u00fdch projektech.<\/p>\n<div class=\"ast-oembed-container\" style=\"height: 100%;\"><iframe title=\"Zarovn\u00e1va\u010d betonov\u00fdch tvarovek s nap\u00ednac\u00edmi kle\u0161t\u011bmi\" width=\"500\" height=\"281\" src=\"https:\/\/www.youtube.com\/embed\/1guP_DQRF1o?feature=oembed\" frameborder=\"0\" allow=\"accelerometer; autoplay; clipboard-write; encrypted-media; gyroscope; picture-in-picture; web-share\" referrerpolicy=\"strict-origin-when-cross-origin\" allowfullscreen><\/iframe><\/div>\n<h3>B\u011b\u017en\u00e9 velikosti zarovn\u00e1va\u010de tvaru nap\u00edn\u00e1ku<\/h3>\n<p>Vyrovn\u00e1va\u010de bedn\u011bn\u00ed s nap\u00edn\u00e1kem se dod\u00e1vaj\u00ed v r\u016fzn\u00fdch velikostech, aby vyhovovaly r\u016fzn\u00fdm po\u017eadavk\u016fm na bedn\u011bn\u00ed.<\/p>\n<p>Na str\u00e1nk\u00e1ch <strong>Ploch\u00e1 deska<\/strong> varianta je obvykle k dispozici v d\u00e9lk\u00e1ch od 24 do 72 palc\u016f, co\u017e umo\u017e\u0148uje flexibilitu pro r\u016fzn\u00e9 rozsahy projekt\u016f.<\/p>\n<p><img decoding=\"async\" class=\"alignnone size-full wp-image-5675\" src=\"http:\/\/qingdaohf.com\/wp-content\/uploads\/2023\/01\/turnbuckle-form-aligner-1.webp\" alt=\"Ploch\u00e1 deska nap\u00edn\u00e1ku\" width=\"345\" height=\"62\" srcset=\"https:\/\/qingdaohf.com\/wp-content\/uploads\/2023\/01\/turnbuckle-form-aligner-1.webp 345w, https:\/\/qingdaohf.com\/wp-content\/uploads\/2023\/01\/turnbuckle-form-aligner-1-300x54.webp 300w\" sizes=\"(max-width: 345px) 100vw, 345px\" \/><\/p>\n<p>Na str\u00e1nk\u00e1ch <strong>Oh\u00fdban\u00e1 deska<\/strong> varianta, ur\u010den\u00e1 pro slo\u017eit\u011bj\u0161\u00ed vyrovn\u00e1n\u00ed, se tak\u00e9 dod\u00e1v\u00e1 v podobn\u00fdch velikostech, ale obsahuje \u00fahly a k\u0159ivky, kter\u00e9 se hod\u00ed pro specifick\u00e9 architektonick\u00e9 n\u00e1vrhy. Tyto varianty zaji\u0161\u0165uj\u00ed, \u017ee stavebn\u00ed profesion\u00e1lov\u00e9 mohou naj\u00edt ten spr\u00e1vn\u00fd zarovn\u00e1va\u010d pro sv\u00e9 specifick\u00e9 pot\u0159eby, co\u017e zvy\u0161uje efektivitu a p\u0159esnost jejich pr\u00e1ce.<\/p>\n<p><img decoding=\"async\" class=\"alignnone size-full wp-image-5676\" src=\"http:\/\/qingdaohf.com\/wp-content\/uploads\/2023\/01\/turnbuckle-form-aligner-2.webp\" alt=\"Oh\u00fdban\u00e1 nap\u00ednac\u00ed deska\" width=\"347\" height=\"51\" srcset=\"https:\/\/qingdaohf.com\/wp-content\/uploads\/2023\/01\/turnbuckle-form-aligner-2.webp 347w, https:\/\/qingdaohf.com\/wp-content\/uploads\/2023\/01\/turnbuckle-form-aligner-2-300x44.webp 300w\" sizes=\"(max-width: 347px) 100vw, 347px\" \/><\/p>\n<h4>Pou\u017eit\u00ed v betonov\u00fdch konstrukc\u00edch<\/h4>\n<p>Prim\u00e1rn\u00edm pou\u017eit\u00edm vyrovn\u00e1va\u010de bedn\u011bn\u00ed s nap\u00ednac\u00edmi kle\u0161t\u011bmi je beton\u00e1\u0159stv\u00ed, kde hraje kl\u00ed\u010dovou roli p\u0159i vyrovn\u00e1v\u00e1n\u00ed a stabilizaci bedn\u011bn\u00ed. Spr\u00e1vn\u00e9 vyrovn\u00e1n\u00ed m\u00e1 z\u00e1sadn\u00ed v\u00fdznam pro zaji\u0161t\u011bn\u00ed struktur\u00e1ln\u00ed integrity betonov\u00fdch bedn\u011bn\u00ed, co\u017e n\u00e1sledn\u011b ovliv\u0148uje kvalitu a bezpe\u010dnost v\u00fdsledn\u00e9 konstrukce. Zarovn\u00e1va\u010d bedn\u011bn\u00ed s nap\u00edn\u00e1kem pom\u00e1h\u00e1 udr\u017eovat spr\u00e1vnou polohu bedn\u011bn\u00ed b\u011bhem lit\u00ed a tuhnut\u00ed betonu, zabra\u0148uje posun\u016fm a zaji\u0161\u0165uje, \u017ee bedn\u011bn\u00ed dr\u017e\u00ed po\u017eadovan\u00fd tvar. Tato p\u0159esnost je d\u016fle\u017eit\u00e1 zejm\u00e9na u rozs\u00e1hl\u00fdch projekt\u016f, kde i drobn\u00e9 odchylky mohou v\u00e9st k z\u00e1va\u017en\u00fdm konstruk\u010dn\u00edm probl\u00e9m\u016fm.<\/p>\n<p>Pou\u017eit\u00ed zarovn\u00e1va\u010d\u016f bedn\u011bn\u00ed s nap\u00ednac\u00edmi kle\u0161t\u011bmi v betonov\u00fdch konstrukc\u00edch se roz\u0161i\u0159uje na r\u016fzn\u00e9 typy projekt\u016f, v\u010detn\u011b komer\u010dn\u00edch budov, obytn\u00fdch komplex\u016f a v\u00fdstavby infrastruktury. T\u00edm, \u017ee zaji\u0161\u0165uj\u00ed p\u0159esn\u00e9 vyrovn\u00e1n\u00ed bedn\u011bn\u00ed, p\u0159isp\u00edvaj\u00ed tyto n\u00e1stroje k celkov\u00e9 trvanlivosti a estetick\u00e9 kvalit\u011b stavby, co\u017e z nich \u010din\u00ed nepostradateln\u00e9 n\u00e1stroje v tomto odv\u011btv\u00ed.<\/p>\n<p><img fetchpriority=\"high\" decoding=\"async\" class=\"alignnone size-full wp-image-6097\" src=\"http:\/\/qingdaohf.com\/wp-content\/uploads\/2023\/11\/turnbuckle-form-aligner.webp\" alt=\"Zarovn\u00e1va\u010d tvaru nap\u00ednac\u00edch spon\" width=\"1000\" height=\"1000\" srcset=\"https:\/\/qingdaohf.com\/wp-content\/uploads\/2023\/11\/turnbuckle-form-aligner.webp 1000w, https:\/\/qingdaohf.com\/wp-content\/uploads\/2023\/11\/turnbuckle-form-aligner-300x300.webp 300w, https:\/\/qingdaohf.com\/wp-content\/uploads\/2023\/11\/turnbuckle-form-aligner-150x150.webp 150w, https:\/\/qingdaohf.com\/wp-content\/uploads\/2023\/11\/turnbuckle-form-aligner-768x768.webp 768w, https:\/\/qingdaohf.com\/wp-content\/uploads\/2023\/11\/turnbuckle-form-aligner-500x500.webp 500w, https:\/\/qingdaohf.com\/wp-content\/uploads\/2023\/11\/turnbuckle-form-aligner-100x100.webp 100w\" sizes=\"(max-width: 1000px) 100vw, 1000px\" \/><\/p>\n<h3>P\u0159eprava a balen\u00ed<\/h3>\n<p>Jako obchodn\u00ed spole\u010dnost B2B ch\u00e1peme d\u016fle\u017eitost spolehliv\u00e9 p\u0159epravy a bezpe\u010dn\u00e9ho balen\u00ed stavebn\u00edch n\u00e1stroj\u016f, jako je nap\u0159. zarovn\u00e1va\u010d tvar\u016f s nap\u00edn\u00e1kem. Na\u0161e v\u00fdrobky jsou pe\u010dliv\u011b zabaleny, aby se zabr\u00e1nilo jejich po\u0161kozen\u00ed b\u011bhem p\u0159epravy, co\u017e zaji\u0161\u0165uje, \u017ee doraz\u00ed v perfektn\u00edm stavu. Ka\u017ed\u00fd zarovn\u00e1va\u010d je zabalen do ochrann\u00fdch materi\u00e1l\u016f a ulo\u017een do pevn\u00fdch krabic, kter\u00e9 jsou n\u00e1sledn\u011b zape\u010det\u011bny a ozna\u010deny \u0161t\u00edtky pro snadnou identifikaci.<\/p>\n<p>Nab\u00edz\u00edme r\u016fzn\u00e9 mo\u017enosti p\u0159epravy, abychom vyhov\u011bli pot\u0159eb\u00e1m na\u0161ich z\u00e1kazn\u00edk\u016f, od standardn\u00ed pozemn\u00ed p\u0159epravy a\u017e po zrychlen\u00e9 doru\u010den\u00ed. N\u00e1\u0161 logistick\u00fd t\u00fdm \u00fazce spolupracuje s d\u016fv\u011bryhodn\u00fdmi dopravci, aby zajistil v\u010dasn\u00e9 a efektivn\u00ed doru\u010den\u00ed bez ohledu na m\u00edsto ur\u010den\u00ed. T\u00edm, \u017ee d\u00e1v\u00e1me p\u0159ednost bezpe\u010dn\u00e9 a rychl\u00e9 p\u0159eprav\u011b na\u0161ich v\u00fdrobk\u016f, pom\u00e1h\u00e1me na\u0161im klient\u016fm udr\u017eet jejich stavebn\u00ed projekty podle pl\u00e1nu.<\/p>\n<p><img loading=\"lazy\" decoding=\"async\" class=\"alignnone size-full wp-image-7540\" src=\"http:\/\/qingdaohf.com\/wp-content\/uploads\/2024\/06\/concrete-turnbuckle.webp\" alt=\"betonov\u00fd nap\u00edn\u00e1k\" width=\"1707\" height=\"1280\" srcset=\"https:\/\/qingdaohf.com\/wp-content\/uploads\/2024\/06\/concrete-turnbuckle.webp 1707w, https:\/\/qingdaohf.com\/wp-content\/uploads\/2024\/06\/concrete-turnbuckle-300x225.webp 300w, https:\/\/qingdaohf.com\/wp-content\/uploads\/2024\/06\/concrete-turnbuckle-1024x768.webp 1024w, https:\/\/qingdaohf.com\/wp-content\/uploads\/2024\/06\/concrete-turnbuckle-768x576.webp 768w, https:\/\/qingdaohf.com\/wp-content\/uploads\/2024\/06\/concrete-turnbuckle-1536x1152.webp 1536w, https:\/\/qingdaohf.com\/wp-content\/uploads\/2024\/06\/concrete-turnbuckle-16x12.webp 16w, https:\/\/qingdaohf.com\/wp-content\/uploads\/2024\/06\/concrete-turnbuckle-1000x750.webp 1000w\" sizes=\"(max-width: 1707px) 100vw, 1707px\" \/><\/p>\n<h3>Z\u00e1v\u011br<\/h3>\n<p>Zarovn\u00e1va\u010d tvaru nap\u00ednac\u00edch kle\u0161t\u00ed je z\u00e1kladn\u00edm n\u00e1strojem ve stavebnictv\u00ed, kter\u00fd je k dispozici ve variant\u00e1ch s plochou deskou i s ohnutou deskou. D\u00edky sv\u00e9 z\u00e1sadn\u00ed roli p\u0159i vyrovn\u00e1v\u00e1n\u00ed a stabilizaci betonov\u00fdch forem zaji\u0161\u0165uje tento n\u00e1stroj p\u0159esnost a stabilitu p\u0159i r\u016fzn\u00fdch stavebn\u00edch projektech. Na\u0161e obchodn\u00ed spole\u010dnost B2B poskytuje \u0159adu velikost\u00ed, kter\u00e9 vyhovuj\u00ed r\u016fzn\u00fdm pot\u0159eb\u00e1m, spolu se spolehlivou p\u0159epravou a bezpe\u010dn\u00fdm balen\u00edm, kter\u00e9 podpo\u0159\u00ed va\u0161e obchodn\u00ed operace. Zvolte si pro sv\u016fj p\u0159\u00ed\u0161t\u00ed projekt na\u0161e zarovn\u00e1va\u010de bedn\u011bn\u00ed s nap\u00edn\u00e1kem a poznejte v\u00fdhody zv\u00fd\u0161en\u00e9 p\u0159esnosti a efektivity p\u0159i stavb\u011b betonov\u00fdch konstrukc\u00ed.<\/p>","protected":false},"excerpt":{"rendered":"<p>Nap\u00ednac\u00ed \u010d\u00e1st se\u0159izova\u010de je vybavena samo\u010distic\u00edm z\u00e1vitem o pr\u016fm\u011bru 1\u2033 pro rychl\u00e9 se\u0159\u00edzen\u00ed. Celkov\u00e1 d\u00e9lka se\u0159izova\u010de je minim\u00e1ln\u011b 35\u2033 a maxim\u00e1ln\u011b 39\u2033, co\u017e nab\u00edz\u00ed 4\u2033 efektivn\u00edho nastaven\u00ed.<\/p>\n<p>Zarovn\u00e1va\u010d tvar\u016f s nap\u00edn\u00e1kem m\u00e1 ohnutou desku s otvory pro p\u0159ib\u00edjen\u00ed h\u0159eb\u00edk\u016f do tvar\u016f a 15\/16\" otvor pro 3\/4\" nebo 7\/8\" kulat\u00e9 ocelov\u00e9 k\u016fly p\u0159i pou\u017eit\u00ed dr\u017e\u00e1ku od zem\u011b.  Zarovn\u00e1va\u010d lze pou\u017e\u00edvat opakovan\u011b, kdy\u017e se po pou\u017eit\u00ed o\u010dist\u00ed od p\u0159\u00edpadn\u00e9ho betonu. Bezpe\u010dn\u00e9 pracovn\u00ed zat\u00ed\u017een\u00ed zarovn\u00e1va\u010de je omezeno metodami \u0159eziva, p\u0159ib\u00edjen\u00ed a\/nebo kol\u00edkov\u00e1n\u00ed.<\/p>","protected":false},"featured_media":4401,"comment_status":"open","ping_status":"closed","template":"","meta":{"site-sidebar-layout":"default","site-content-layout":"default","ast-site-content-layout":"default","site-content-style":"default","site-sidebar-style":"default","ast-global-header-display":"","ast-banner-title-visibility":"","ast-main-header-display":"","ast-hfb-above-header-display":"","ast-hfb-below-header-display":"","ast-hfb-mobile-header-display":"","site-post-title":"","ast-breadcrumbs-content":"","ast-featured-img":"","footer-sml-layout":"","theme-transparent-header-meta":"default","adv-header-id-meta":"","stick-header-meta":"default","header-above-stick-meta":"","header-main-stick-meta":"","header-below-stick-meta":"","astra-migrate-meta-layouts":"set","ast-page-background-enabled":"default","ast-page-background-meta":{"desktop":{"background-color":"","background-image":"","background-repeat":"repeat","background-position":"center center","background-size":"auto","background-attachment":"scroll","background-type":"","background-media":"","overlay-type":"","overlay-color":"","overlay-opacity":"","overlay-gradient":""},"tablet":{"background-color":"","background-image":"","background-repeat":"repeat","background-position":"center center","background-size":"auto","background-attachment":"scroll","background-type":"","background-media":"","overlay-type":"","overlay-color":"","overlay-opacity":"","overlay-gradient":""},"mobile":{"background-color":"","background-image":"","background-repeat":"repeat","background-position":"center center","background-size":"auto","background-attachment":"scroll","background-type":"","background-media":"","overlay-type":"","overlay-color":"","overlay-opacity":"","overlay-gradient":""}},"ast-content-background-meta":{"desktop":{"background-color":"var(--ast-global-color-5)","background-image":"","background-repeat":"repeat","background-position":"center center","background-size":"auto","background-attachment":"scroll","background-type":"","background-media":"","overlay-type":"","overlay-color":"","overlay-opacity":"","overlay-gradient":""},"tablet":{"background-color":"var(--ast-global-color-5)","background-image":"","background-repeat":"repeat","background-position":"center center","background-size":"auto","background-attachment":"scroll","background-type":"","background-media":"","overlay-type":"","overlay-color":"","overlay-opacity":"","overlay-gradient":""},"mobile":{"background-color":"var(--ast-global-color-5)","background-image":"","background-repeat":"repeat","background-position":"center center","background-size":"auto","background-attachment":"scroll","background-type":"","background-media":"","overlay-type":"","overlay-color":"","overlay-opacity":"","overlay-gradient":""}}},"product_brand":[],"product_cat":[28],"product_tag":[],"class_list":{"0":"post-1729","1":"product","2":"type-product","3":"status-publish","4":"has-post-thumbnail","6":"product_cat-concrete-forming","7":"desktop-align-left","8":"tablet-align-left","9":"mobile-align-left","10":"ast-product-gallery-layout-horizontal-slider","11":"ast-product-tabs-layout-horizontal","13":"first","14":"instock","15":"featured","16":"shipping-taxable","17":"purchasable","18":"product-type-simple"},"yoast_head":"<!-- This site is optimized with the Yoast SEO plugin v25.2 - https:\/\/yoast.com\/wordpress\/plugins\/seo\/ -->\n<title>Concrete Form Brace Turnbuckle Form Aligner<\/title>\n<meta name=\"description\" content=\"Flat Plate &amp; Bent Plate Turnbuckle Form Aligner.It is an innovative product designed to assist in aligning and securing concrete forms during construction projects.\" \/>\n<meta name=\"robots\" content=\"index, follow, max-snippet:-1, max-image-preview:large, max-video-preview:-1\" \/>\n<link rel=\"canonical\" href=\"https:\/\/qingdaohf.com\/cs\/produkt\/zarovnavac-tvaru-napinacich-spon\/\" \/>\n<meta property=\"og:locale\" content=\"cs_CZ\" \/>\n<meta property=\"og:type\" content=\"article\" \/>\n<meta property=\"og:title\" content=\"Concrete Form Brace Turnbuckle\" \/>\n<meta property=\"og:description\" content=\"Flat Plate, Bent Plate Turnbuckle Form Aligner Brace.It is an innovative product designed to assist in aligning and securing concrete forms during construction projects. With its unique features and functionality, this form aligner offers several benefits for construction professionals and contractors.\" \/>\n<meta property=\"og:url\" content=\"https:\/\/qingdaohf.com\/cs\/produkt\/zarovnavac-tvaru-napinacich-spon\/\" \/>\n<meta property=\"og:site_name\" content=\"Concrete Form &amp; Rigging Hardware Supplier\" \/>\n<meta property=\"article:publisher\" content=\"https:\/\/www.facebook.com\/qingdaohf\" \/>\n<meta property=\"article:modified_time\" content=\"2025-11-13T01:03:14+00:00\" \/>\n<meta property=\"og:image\" content=\"https:\/\/qingdaohf.com\/wp-content\/uploads\/2023\/01\/concrete-form-turnbuckles-1-1.jpg\" \/>\n\t<meta property=\"og:image:width\" content=\"800\" \/>\n\t<meta property=\"og:image:height\" content=\"800\" \/>\n\t<meta property=\"og:image:type\" content=\"image\/jpeg\" \/>\n<meta name=\"twitter:card\" content=\"summary_large_image\" \/>\n<meta name=\"twitter:label1\" content=\"Odhadovan\u00e1 doba \u010dten\u00ed\" \/>\n\t<meta name=\"twitter:data1\" content=\"4 minuty\" \/>\n<script type=\"application\/ld+json\" class=\"yoast-schema-graph\">{\"@context\":\"https:\/\/schema.org\",\"@graph\":[{\"@type\":\"WebPage\",\"@id\":\"https:\/\/qingdaohf.com\/product\/turnbuckle-form-aligner\/\",\"url\":\"https:\/\/qingdaohf.com\/product\/turnbuckle-form-aligner\/\",\"name\":\"Concrete Form Brace Turnbuckle Form Aligner\",\"isPartOf\":{\"@id\":\"https:\/\/qingdaohf.com\/bg\/#website\"},\"primaryImageOfPage\":{\"@id\":\"https:\/\/qingdaohf.com\/product\/turnbuckle-form-aligner\/#primaryimage\"},\"image\":{\"@id\":\"https:\/\/qingdaohf.com\/product\/turnbuckle-form-aligner\/#primaryimage\"},\"thumbnailUrl\":\"https:\/\/qingdaohf.com\/wp-content\/uploads\/2023\/01\/concrete-form-turnbuckles-1-1.jpg\",\"datePublished\":\"2024-06-28T09:07:41+00:00\",\"dateModified\":\"2025-11-13T01:03:14+00:00\",\"description\":\"Flat Plate & Bent Plate Turnbuckle Form Aligner.It is an innovative product designed to assist in aligning and securing concrete forms during construction projects.\",\"breadcrumb\":{\"@id\":\"https:\/\/qingdaohf.com\/product\/turnbuckle-form-aligner\/#breadcrumb\"},\"inLanguage\":\"cs\",\"potentialAction\":[{\"@type\":\"ReadAction\",\"target\":[\"https:\/\/qingdaohf.com\/product\/turnbuckle-form-aligner\/\"]}]},{\"@type\":\"ImageObject\",\"inLanguage\":\"cs\",\"@id\":\"https:\/\/qingdaohf.com\/product\/turnbuckle-form-aligner\/#primaryimage\",\"url\":\"https:\/\/qingdaohf.com\/wp-content\/uploads\/2023\/01\/concrete-form-turnbuckles-1-1.jpg\",\"contentUrl\":\"https:\/\/qingdaohf.com\/wp-content\/uploads\/2023\/01\/concrete-form-turnbuckles-1-1.jpg\",\"width\":800,\"height\":800,\"caption\":\"concrete form turnbuckles\"},{\"@type\":\"BreadcrumbList\",\"@id\":\"https:\/\/qingdaohf.com\/product\/turnbuckle-form-aligner\/#breadcrumb\",\"itemListElement\":[{\"@type\":\"ListItem\",\"position\":1,\"name\":\"Home\",\"item\":\"https:\/\/qingdaohf.com\/\"},{\"@type\":\"ListItem\",\"position\":2,\"name\":\"Concrete Forming Accessories and Rigging Hardware\",\"item\":\"https:\/\/qingdaohf.com\/bg\/?page_id=944\"},{\"@type\":\"ListItem\",\"position\":3,\"name\":\"Adjustable Concrete Form Brace Turnbuckle Form Aligner\"}]},{\"@type\":\"WebSite\",\"@id\":\"https:\/\/qingdaohf.com\/bg\/#website\",\"url\":\"https:\/\/qingdaohf.com\/bg\/\",\"name\":\"Concrete Form & Rigging Hardware Supplier\",\"description\":\"\",\"publisher\":{\"@id\":\"https:\/\/qingdaohf.com\/bg\/#organization\"},\"potentialAction\":[{\"@type\":\"SearchAction\",\"target\":{\"@type\":\"EntryPoint\",\"urlTemplate\":\"https:\/\/qingdaohf.com\/bg\/?s={search_term_string}\"},\"query-input\":{\"@type\":\"PropertyValueSpecification\",\"valueRequired\":true,\"valueName\":\"search_term_string\"}}],\"inLanguage\":\"cs\"},{\"@type\":\"Organization\",\"@id\":\"https:\/\/qingdaohf.com\/bg\/#organization\",\"name\":\"Qingdao H&F\",\"url\":\"https:\/\/qingdaohf.com\/bg\/\",\"logo\":{\"@type\":\"ImageObject\",\"inLanguage\":\"cs\",\"@id\":\"https:\/\/qingdaohf.com\/bg\/#\/schema\/logo\/image\/\",\"url\":\"https:\/\/qingdaohf.com\/wp-content\/uploads\/2022\/12\/cropped-HF-LOGO.png\",\"contentUrl\":\"https:\/\/qingdaohf.com\/wp-content\/uploads\/2022\/12\/cropped-HF-LOGO.png\",\"width\":391,\"height\":249,\"caption\":\"Qingdao H&F\"},\"image\":{\"@id\":\"https:\/\/qingdaohf.com\/bg\/#\/schema\/logo\/image\/\"},\"sameAs\":[\"https:\/\/www.facebook.com\/qingdaohf\"]}]}<\/script>\n<!-- \/ Yoast SEO plugin. -->","yoast_head_json":{"title":"Concrete Form Brace Turnbuckle Form Aligner","description":"Flat Plate & Bent Plate Turnbuckle Form Aligner.It is an innovative product designed to assist in aligning and securing concrete forms during construction projects.","robots":{"index":"index","follow":"follow","max-snippet":"max-snippet:-1","max-image-preview":"max-image-preview:large","max-video-preview":"max-video-preview:-1"},"canonical":"https:\/\/qingdaohf.com\/cs\/produkt\/zarovnavac-tvaru-napinacich-spon\/","og_locale":"cs_CZ","og_type":"article","og_title":"Concrete Form Brace Turnbuckle","og_description":"Flat Plate, Bent Plate Turnbuckle Form Aligner Brace.It is an innovative product designed to assist in aligning and securing concrete forms during construction projects. With its unique features and functionality, this form aligner offers several benefits for construction professionals and contractors.","og_url":"https:\/\/qingdaohf.com\/cs\/produkt\/zarovnavac-tvaru-napinacich-spon\/","og_site_name":"Concrete Form &amp; Rigging Hardware Supplier","article_publisher":"https:\/\/www.facebook.com\/qingdaohf","article_modified_time":"2025-11-13T01:03:14+00:00","og_image":[{"width":800,"height":800,"url":"https:\/\/qingdaohf.com\/wp-content\/uploads\/2023\/01\/concrete-form-turnbuckles-1-1.jpg","type":"image\/jpeg"}],"twitter_card":"summary_large_image","twitter_misc":{"Odhadovan\u00e1 doba \u010dten\u00ed":"4 minuty"},"schema":{"@context":"https:\/\/schema.org","@graph":[{"@type":"WebPage","@id":"https:\/\/qingdaohf.com\/product\/turnbuckle-form-aligner\/","url":"https:\/\/qingdaohf.com\/product\/turnbuckle-form-aligner\/","name":"Concrete Form Brace Turnbuckle Form Aligner","isPartOf":{"@id":"https:\/\/qingdaohf.com\/bg\/#website"},"primaryImageOfPage":{"@id":"https:\/\/qingdaohf.com\/product\/turnbuckle-form-aligner\/#primaryimage"},"image":{"@id":"https:\/\/qingdaohf.com\/product\/turnbuckle-form-aligner\/#primaryimage"},"thumbnailUrl":"https:\/\/qingdaohf.com\/wp-content\/uploads\/2023\/01\/concrete-form-turnbuckles-1-1.jpg","datePublished":"2024-06-28T09:07:41+00:00","dateModified":"2025-11-13T01:03:14+00:00","description":"Flat Plate & Bent Plate Turnbuckle Form Aligner.It is an innovative product designed to assist in aligning and securing concrete forms during construction projects.","breadcrumb":{"@id":"https:\/\/qingdaohf.com\/product\/turnbuckle-form-aligner\/#breadcrumb"},"inLanguage":"cs","potentialAction":[{"@type":"ReadAction","target":["https:\/\/qingdaohf.com\/product\/turnbuckle-form-aligner\/"]}]},{"@type":"ImageObject","inLanguage":"cs","@id":"https:\/\/qingdaohf.com\/product\/turnbuckle-form-aligner\/#primaryimage","url":"https:\/\/qingdaohf.com\/wp-content\/uploads\/2023\/01\/concrete-form-turnbuckles-1-1.jpg","contentUrl":"https:\/\/qingdaohf.com\/wp-content\/uploads\/2023\/01\/concrete-form-turnbuckles-1-1.jpg","width":800,"height":800,"caption":"concrete form turnbuckles"},{"@type":"BreadcrumbList","@id":"https:\/\/qingdaohf.com\/product\/turnbuckle-form-aligner\/#breadcrumb","itemListElement":[{"@type":"ListItem","position":1,"name":"Home","item":"https:\/\/qingdaohf.com\/"},{"@type":"ListItem","position":2,"name":"Concrete Forming Accessories and Rigging Hardware","item":"https:\/\/qingdaohf.com\/bg\/?page_id=944"},{"@type":"ListItem","position":3,"name":"Adjustable Concrete Form Brace Turnbuckle Form Aligner"}]},{"@type":"WebSite","@id":"https:\/\/qingdaohf.com\/bg\/#website","url":"https:\/\/qingdaohf.com\/bg\/","name":"Concrete Form & Rigging Hardware Supplier","description":"","publisher":{"@id":"https:\/\/qingdaohf.com\/bg\/#organization"},"potentialAction":[{"@type":"SearchAction","target":{"@type":"EntryPoint","urlTemplate":"https:\/\/qingdaohf.com\/bg\/?s={search_term_string}"},"query-input":{"@type":"PropertyValueSpecification","valueRequired":true,"valueName":"search_term_string"}}],"inLanguage":"cs"},{"@type":"Organization","@id":"https:\/\/qingdaohf.com\/bg\/#organization","name":"Qingdao H&F","url":"https:\/\/qingdaohf.com\/bg\/","logo":{"@type":"ImageObject","inLanguage":"cs","@id":"https:\/\/qingdaohf.com\/bg\/#\/schema\/logo\/image\/","url":"https:\/\/qingdaohf.com\/wp-content\/uploads\/2022\/12\/cropped-HF-LOGO.png","contentUrl":"https:\/\/qingdaohf.com\/wp-content\/uploads\/2022\/12\/cropped-HF-LOGO.png","width":391,"height":249,"caption":"Qingdao H&F"},"image":{"@id":"https:\/\/qingdaohf.com\/bg\/#\/schema\/logo\/image\/"},"sameAs":["https:\/\/www.facebook.com\/qingdaohf"]}]}},"_links":{"self":[{"href":"https:\/\/qingdaohf.com\/cs\/wp-json\/wp\/v2\/product\/1729","targetHints":{"allow":["GET"]}}],"collection":[{"href":"https:\/\/qingdaohf.com\/cs\/wp-json\/wp\/v2\/product"}],"about":[{"href":"https:\/\/qingdaohf.com\/cs\/wp-json\/wp\/v2\/types\/product"}],"replies":[{"embeddable":true,"href":"https:\/\/qingdaohf.com\/cs\/wp-json\/wp\/v2\/comments?post=1729"}],"version-history":[{"count":31,"href":"https:\/\/qingdaohf.com\/cs\/wp-json\/wp\/v2\/product\/1729\/revisions"}],"predecessor-version":[{"id":5668,"href":"https:\/\/qingdaohf.com\/cs\/wp-json\/wp\/v2\/product\/1729\/revisions\/5668"}],"wp:featuredmedia":[{"embeddable":true,"href":"https:\/\/qingdaohf.com\/cs\/wp-json\/wp\/v2\/media\/4401"}],"wp:attachment":[{"href":"https:\/\/qingdaohf.com\/cs\/wp-json\/wp\/v2\/media?parent=1729"}],"wp:term":[{"taxonomy":"product_brand","embeddable":true,"href":"https:\/\/qingdaohf.com\/cs\/wp-json\/wp\/v2\/product_brand?post=1729"},{"taxonomy":"product_cat","embeddable":true,"href":"https:\/\/qingdaohf.com\/cs\/wp-json\/wp\/v2\/product_cat?post=1729"},{"taxonomy":"product_tag","embeddable":true,"href":"https:\/\/qingdaohf.com\/cs\/wp-json\/wp\/v2\/product_tag?post=1729"}],"curies":[{"name":"wp","href":"https:\/\/api.w.org\/{rel}","templated":true}]}}