{"id":1731,"date":"2024-06-24T14:06:56","date_gmt":"2024-06-24T06:06:56","guid":{"rendered":"http:\/\/qingdaohf.com\/?post_type=product&#038;p=1731"},"modified":"2025-11-13T09:03:15","modified_gmt":"2025-11-13T01:03:15","slug":"spreader-cleats","status":"publish","type":"product","link":"https:\/\/qingdaohf.com\/cs\/produkt\/distancni-vlozka\/","title":{"rendered":"Rozp\u011brn\u00e9 kl\u00edny pro betonov\u00e9 desky"},"content":{"rendered":"<h2 data-pm-slice=\"1 1 []\">V\u00fdznam rozn\u00e1\u0161ec\u00edch kl\u00edn\u016f pro betonov\u00e9 p\u0159ekli\u017eky ve stavebnictv\u00ed<\/h2>\n<p>V n\u00e1ro\u010dn\u00e9m sv\u011bt\u011b betonov\u00fdch konstrukc\u00ed je pro dosa\u017een\u00ed kvalitn\u00edch v\u00fdsledk\u016f rozhoduj\u00edc\u00ed p\u0159esnost a stabilita. Rozp\u011brn\u00e9 kl\u00edny pro betonov\u00e9 desky hraj\u00ed kl\u00ed\u010dovou roli p\u0159i udr\u017eov\u00e1n\u00ed rovnom\u011brn\u00fdch rozestup\u016f mezi bednic\u00edmi panely, co\u017e zaji\u0161\u0165uje, \u017ee v\u00fdsledn\u00e1 konstrukce spl\u0148uje po\u017eadovan\u00e9 rozm\u011bry a pevnostn\u00ed normy. Tyto rozporky poskytuj\u00ed nezbytnou oporu t\u00edm, \u017ee zaji\u0161\u0165uj\u00ed p\u0159ekli\u017ekov\u00e9 bedn\u011bn\u00ed na m\u00edst\u011b, zabra\u0148uj\u00ed deformaci a umo\u017e\u0148uj\u00ed rovnom\u011brn\u00e9 vylit\u00ed betonu. A\u0165 u\u017e se pou\u017e\u00edvaj\u00ed v rozs\u00e1hl\u00fdch infrastrukturn\u00edch projektech nebo na men\u0161\u00edch obytn\u00fdch stavb\u00e1ch, spr\u00e1vn\u00e9 rozn\u00e1\u0161ec\u00ed kle\u0161tiny mohou v\u00fdrazn\u011b zv\u00fd\u0161it trvanlivost a povrchovou \u00fapravu betonov\u00fdch povrch\u016f.<\/p>\n<p>Ve spole\u010dnosti Qingdao H&amp;F rozum\u00edme v\u00fdzv\u00e1m, s nimi\u017e se pot\u00fdkaj\u00ed profesion\u00e1lov\u00e9 ve stavebnictv\u00ed, a proto nab\u00edz\u00edme \u0159adu vysoce v\u00fdkonn\u00fdch rozmetac\u00edch kl\u00edn\u016f navr\u017een\u00fdch tak, aby spl\u0148ovaly i ty nejn\u00e1ro\u010dn\u011bj\u0161\u00ed po\u017eadavky projekt\u016f. D\u00edky na\u0161emu z\u00e1vazku ke kvalit\u011b, rychl\u00fdm dodac\u00edm cykl\u016fm a specializovan\u00e9mu z\u00e1kaznick\u00e9mu servisu poskytujeme bezkonkuren\u010dn\u00ed kombinaci spolehlivosti a efektivity pro va\u0161e stavebn\u00ed pot\u0159eby.<\/p>\n<p><img fetchpriority=\"high\" decoding=\"async\" class=\"alignnone wp-image-1732 size-full\" src=\"http:\/\/qingdaohf.com\/wp-content\/uploads\/2023\/01\/PLY-SPACER.png\" alt=\"PLY SPACER\" width=\"650\" height=\"458\" srcset=\"https:\/\/qingdaohf.com\/wp-content\/uploads\/2023\/01\/PLY-SPACER.png 650w, https:\/\/qingdaohf.com\/wp-content\/uploads\/2023\/01\/PLY-SPACER-300x211.png 300w, https:\/\/qingdaohf.com\/wp-content\/uploads\/2023\/01\/PLY-SPACER-600x423.png 600w\" sizes=\"(max-width: 650px) 100vw, 650px\" \/><\/p>\n<h2>Vlastnosti a v\u00fdhody rozn\u00e1\u0161ec\u00edch kl\u00edn\u016f na betonov\u00e9 desky<\/h2>\n<p>V\u00fdb\u011br spr\u00e1vn\u00fdch rozn\u00e1\u0161ec\u00edch trn\u016f je z\u00e1sadn\u00ed pro optimalizaci \u00fa\u010dinnosti bedn\u011bn\u00ed a zaji\u0161t\u011bn\u00ed bezchybn\u00e9ho povrchu betonu. Na\u0161e rozn\u00e1\u0161ec\u00ed kle\u0161t\u011b na betonov\u00e9 desky jsou vybaveny \u0159adou funkc\u00ed, d\u00edky nim\u017e jsou nepostradateln\u00e9 pro modern\u00ed stavebn\u00ed projekty.<\/p>\n<p>Jednou z kl\u00ed\u010dov\u00fdch vlastnost\u00ed na\u0161ich kopa\u010dek je odolnost. Jsou vyrobeny z vysoce pevn\u00fdch materi\u00e1l\u016f, jako je pozinkovan\u00e1 ocel nebo vyztu\u017een\u00fd plast, a jsou tak odoln\u00e9 v\u016f\u010di korozi, deformaci a drsn\u00fdm podm\u00ednk\u00e1m p\u0159i pr\u00e1ci s betonem. To zaji\u0161\u0165uje jejich dlouhou \u017eivotnost a st\u00e1l\u00fd v\u00fdkon p\u0159i v\u00edcen\u00e1sobn\u00e9m pou\u017eit\u00ed, co\u017e z nich \u010din\u00ed cenov\u011b v\u00fdhodn\u00e9 \u0159e\u0161en\u00ed pro dodavatele.<\/p>\n<p>Dal\u0161\u00ed velkou v\u00fdhodou jsou p\u0159esn\u00e9 rozestupy, kter\u00e9 poskytuj\u00ed. Nerovnom\u011brn\u00e9 nebo \u0161patn\u011b nastaven\u00e9 bedn\u011bn\u00ed m\u016f\u017ee v\u00e9st ke struktur\u00e1ln\u00edm nedostatk\u016fm a \u0161patn\u00e9mu estetick\u00e9mu vzhledu hotov\u00e9ho betonu. Na\u0161e rozn\u00e1\u0161ec\u00ed kl\u00edny zaru\u010duj\u00ed rovnom\u011brn\u00e9 odd\u011blen\u00ed bednic\u00edch panel\u016f, \u010d\u00edm\u017e eliminuj\u00ed odchylky a zaji\u0161\u0165uj\u00ed hladk\u00fd a konzistentn\u00ed povrch.<\/p>\n<p>Nezanedbatelnou v\u00fdhodou je tak\u00e9 snadn\u00e1 instalace. Na\u0161e \u0161t\u011bpky jsou navr\u017eeny pro rychlou a bezprobl\u00e9movou aplikaci a umo\u017e\u0148uj\u00ed pracovn\u00edk\u016fm z\u0159izovat bedn\u011bn\u00ed s minim\u00e1ln\u00edm \u00fasil\u00edm, \u010d\u00edm\u017e se sni\u017euje pracovn\u00ed doba a n\u00e1klady. Jejich u\u017eivatelsky p\u0159\u00edv\u011btiv\u00e1 konstrukce zaji\u0161\u0165uje, \u017ee i m\u00e9n\u011b zku\u0161en\u00ed pracovn\u00edci mohou dos\u00e1hnout profesion\u00e1ln\u00edch v\u00fdsledk\u016f bez pot\u0159eby specializovan\u00e9ho n\u00e1\u0159ad\u00ed nebo vybaven\u00ed.<\/p>\n<h2>V\u00fdb\u011br spr\u00e1vn\u00fdch rozmetac\u00edch kle\u0161t\u00ed pro v\u00e1\u0161 projekt<\/h2>\n<p>Vzhledem k tomu, \u017ee jsou k dispozici r\u016fzn\u00e9 velikosti a materi\u00e1ly, z\u00e1vis\u00ed v\u00fdb\u011br vhodn\u00fdch rozn\u00e1\u0161ec\u00edch kl\u00edn\u016f na konkr\u00e9tn\u00edch po\u017eadavc\u00edch va\u0161eho projektu. Pro n\u00e1ro\u010dn\u00e9 aplikace, jako jsou mostn\u00ed nebo v\u00fd\u0161kov\u00e9 konstrukce, jsou \u010dasto preferovanou volbou ocelov\u00e9 rozn\u00e1\u0161ec\u00ed kl\u00edny d\u00edky sv\u00e9 v\u00fdjime\u010dn\u00e9 nosnosti a odolnosti proti opot\u0159eben\u00ed. Na druhou stranu plastov\u00e9 rozn\u00e1\u0161ec\u00ed kl\u00edny nab\u00edzej\u00ed lehkou a cenov\u011b v\u00fdhodnou alternativu pro projekty, kter\u00e9 nevy\u017eaduj\u00ed extr\u00e9mn\u00ed pevnost.<\/p>\n<p>D\u016fle\u017eit\u00e9 jsou tak\u00e9 specifikace tlou\u0161\u0165ky a \u0161\u00ed\u0159ky. Na\u0161e rozn\u00e1\u0161ec\u00ed kle\u0161t\u011b jsou k dispozici v r\u016fzn\u00fdch rozm\u011brech, aby se p\u0159izp\u016fsobily r\u016fzn\u00fdm nastaven\u00edm bedn\u011bn\u00ed a zajistily kompatibilitu s r\u016fzn\u00fdmi typy p\u0159ekli\u017eek a tlou\u0161\u0165kami betonu. N\u00e1\u0161 t\u00fdm ve spole\u010dnosti Qingdao H&amp;F poskytuje odborn\u00e9 poradenstv\u00ed, kter\u00e9 v\u00e1m pom\u016f\u017ee ur\u010dit nejlep\u0161\u00ed rozn\u00e1\u0161ec\u00ed kle\u0161t\u011b pro va\u0161e jedine\u010dn\u00e9 stavebn\u00ed pot\u0159eby.<\/p>\n<p>Krom\u011b toho je rozhoduj\u00edc\u00edm faktorem dodr\u017eov\u00e1n\u00ed pr\u016fmyslov\u00fdch norem. V\u0161echny na\u0161e rozn\u00e1\u0161ec\u00ed kl\u00edny pro betonov\u00e9 dla\u017edice proch\u00e1zej\u00ed p\u0159\u00edsn\u00fdm testov\u00e1n\u00edm kvality a jsou dod\u00e1v\u00e1ny s podrobn\u00fdmi kontroln\u00edmi zpr\u00e1vami. T\u00edm je zaji\u0161t\u011bno, \u017ee obdr\u017e\u00edte v\u00fdrobky, kter\u00e9 spl\u0148uj\u00ed bezpe\u010dnostn\u00ed p\u0159edpisy a poskytuj\u00ed konzistentn\u00ed v\u00fdkon, co\u017e sni\u017euje riziko poruch bedn\u011bn\u00ed a zpo\u017ed\u011bn\u00ed v\u00fdstavby.<\/p>\n<h2>Pro\u010d si vybrat spole\u010dnost Qingdao H&amp;F pro p\u0159\u00edslu\u0161enstv\u00ed pro betonov\u00e9 bedn\u011bn\u00ed?<\/h2>\n<p>Ve spole\u010dnosti Qingdao H&amp;F se zam\u011b\u0159ujeme nejen na dod\u00e1vky stavebn\u00edch materi\u00e1l\u016f, ale tak\u00e9 na \u0159e\u0161en\u00ed, kter\u00e1 va\u0161im projekt\u016fm p\u0159id\u00e1vaj\u00ed hodnotu. N\u00e1\u0161 individu\u00e1ln\u00ed z\u00e1kaznick\u00fd servis v\u00e1m zajist\u00ed individu\u00e1ln\u00ed pomoc b\u011bhem cel\u00e9ho procesu n\u00e1kupu, od v\u00fdb\u011bru produktu a\u017e po poprodejn\u00ed podporu. Na rozd\u00edl od jin\u00fdch dodavatel\u016f, kte\u0159\u00ed mohou up\u0159ednost\u0148ovat objem p\u0159ed kvalitou, se zam\u011b\u0159ujeme na dod\u00e1v\u00e1n\u00ed v\u00fdrobk\u016f, kter\u00e9 spl\u0148uj\u00ed p\u0159\u00edsn\u00e9 normy kvality.<\/p>\n<p>Dal\u0161\u00ed na\u0161\u00ed v\u00fdhodou je rychlost. Ch\u00e1peme, \u017ee \u010das je p\u0159i v\u00fdstavb\u011b rozhoduj\u00edc\u00edm faktorem a zpo\u017ed\u011bn\u00ed m\u016f\u017ee v\u00e9st ke zv\u00fd\u0161en\u00ed n\u00e1klad\u016f. Proto zaru\u010dujeme rychl\u00e9 dodac\u00ed cykly, d\u00edky nim\u017e obdr\u017e\u00edte rozmetadla p\u0159esn\u011b v dob\u011b, kdy je pot\u0159ebujete. Na\u0161e spolehliv\u00e1 logistick\u00e1 s\u00ed\u0165 n\u00e1m umo\u017e\u0148uje efektivn\u011b plnit objedn\u00e1vky, minimalizovat prostoje a udr\u017eet va\u0161e projekty v souladu s harmonogramem.<\/p>\n<p>Krom\u011b toho n\u00e1s odli\u0161uje n\u00e1\u0161 z\u00e1vazek k transparentnosti a d\u016fv\u011b\u0159e. Ke ka\u017ed\u00e9 \u0161ar\u017ei rozn\u00e1\u0161ec\u00edch kl\u00edn\u016f pro betonov\u00e9 dla\u017edice jsou p\u0159ilo\u017eeny komplexn\u00ed zpr\u00e1vy o kontrole kvality, kter\u00e9 v\u00e1m d\u00e1vaj\u00ed plnou d\u016fv\u011bru v materi\u00e1ly, kter\u00e9 pou\u017e\u00edv\u00e1te. Tato \u00farove\u0148 odpov\u011bdnosti v\u00e1m zaru\u010duje, \u017ee m\u016f\u017eete splnit specifikace projektu bez obav o v\u00fdkonnost v\u00fdrobku.<\/p>\n<h2>Z\u00e1v\u011br<\/h2>\n<p>Rozp\u011brn\u00e9 kl\u00edny pro betonov\u00e9 desky jsou nepostradatelnou sou\u010d\u00e1st\u00ed pro dosa\u017een\u00ed p\u0159esnosti a stability betonov\u00e9ho bedn\u011bn\u00ed. Zvy\u0161uj\u00ed struktur\u00e1ln\u00ed integritu projekt\u016f t\u00edm, \u017ee udr\u017euj\u00ed rovnom\u011brn\u00e9 rozestupy, zabra\u0148uj\u00ed deformaci bedn\u011bn\u00ed a usnad\u0148uj\u00ed hladk\u00e9 lit\u00ed betonu. V\u00fdb\u011br vysoce kvalitn\u00edch rozn\u00e1\u0161ec\u00edch kl\u00edn\u016f od spole\u010dnosti Qingdao H&amp;F znamen\u00e1 v\u00fdhodu trvanlivosti, snadn\u00e9 instalace a shody s pr\u016fmyslov\u00fdmi p\u0159edpisy.<\/p>\n<p>D\u00edky na\u0161\u00ed oddanosti kvalit\u011b, rychl\u00fdm dod\u00e1vk\u00e1m a individu\u00e1ln\u00edm slu\u017eb\u00e1m jsme ide\u00e1ln\u00edm partnerem pro va\u0161e pot\u0159eby v oblasti stavebn\u00edho materi\u00e1lu. A\u0165 u\u017e po\u017eadujete standardn\u00ed rozm\u011bry nebo zak\u00e1zkov\u00e9 specifikace, m\u00e1me odborn\u00e9 znalosti a zdroje, abychom splnili va\u0161e po\u017eadavky. Kontaktujte n\u00e1s je\u0161t\u011b dnes a dozv\u00edte se v\u00edce o na\u0161\u00ed nab\u00eddce rozn\u00e1\u0161ec\u00edch kl\u00edn\u016f z beton\u00e1\u0159sk\u00e9 p\u0159ekli\u017eky a o tom, jak mohou zv\u00fd\u0161it efektivitu a spolehlivost va\u0161ich stavebn\u00edch projekt\u016f.<\/p>\n<div class=\"ast-oembed-container\" style=\"height: 100%;\"><iframe title=\"Syst\u00e9m HF pro stahov\u00e1n\u00ed betonov\u00fdch st\u011bn\" width=\"500\" height=\"281\" src=\"https:\/\/www.youtube.com\/embed\/KNe3GjndsAs?feature=oembed\" frameborder=\"0\" allow=\"accelerometer; autoplay; clipboard-write; encrypted-media; gyroscope; picture-in-picture; web-share\" referrerpolicy=\"strict-origin-when-cross-origin\" allowfullscreen><\/iframe><\/div>\n<p>&nbsp;<\/p>","protected":false},"excerpt":{"rendered":"<p>Rozp\u011brn\u00e9 kl\u00edny pro betonov\u00e9 desky hraj\u00ed v\u00fdznamnou roli p\u0159i podpo\u0159e p\u0159esn\u00e9ho vyrovn\u00e1n\u00ed a stability v r\u00e1mci bednic\u00edch syst\u00e9m\u016f, zejm\u00e9na v projektech betonov\u00fdch staveb. Rozp\u011brky jsou \u00fa\u010dinn\u00e9 distan\u010dn\u00ed prvky, kter\u00e9 zabra\u0148uj\u00ed deformaci nebo pohybu p\u0159ekli\u017eky b\u011bhem lit\u00ed, co\u017e vede ke struktur\u00e1ln\u011b pevn\u00fdm a rovn\u00fdm betonov\u00fdm povrch\u016fm. Ve spole\u010dnosti Qingdao H&amp;F dod\u00e1v\u00e1me vysoce kvalitn\u00ed rozp\u011brn\u00e9 kl\u00edny z r\u016fzn\u00fdch materi\u00e1l\u016f a v r\u016fzn\u00fdch rozm\u011brech, kter\u00e9 vyhovuj\u00ed r\u016fzn\u00fdm specifikac\u00edm projektu. N\u00e1\u0161 individu\u00e1ln\u00ed z\u00e1kaznick\u00fd servis, f\u00e9rov\u00e9 ceny a z\u00e1vazky t\u00fdkaj\u00edc\u00ed se dodac\u00edch lh\u016ft v\u00e1m zaru\u010duj\u00ed nejlep\u0161\u00ed \u0159e\u0161en\u00ed odpov\u00eddaj\u00edc\u00ed va\u0161im pot\u0159eb\u00e1m. K na\u0161emu zbo\u017e\u00ed tak\u00e9 poskytujeme d\u016fkladnou zpr\u00e1vu o kontrole kvality, co\u017e v\u00e1m d\u00e1v\u00e1 jistotu p\u0159i ka\u017ed\u00e9 dod\u00e1vce.<\/p>","protected":false},"featured_media":2918,"comment_status":"open","ping_status":"closed","template":"","meta":{"site-sidebar-layout":"default","site-content-layout":"default","ast-site-content-layout":"default","site-content-style":"default","site-sidebar-style":"default","ast-global-header-display":"","ast-banner-title-visibility":"","ast-main-header-display":"","ast-hfb-above-header-display":"","ast-hfb-below-header-display":"","ast-hfb-mobile-header-display":"","site-post-title":"","ast-breadcrumbs-content":"","ast-featured-img":"","footer-sml-layout":"","theme-transparent-header-meta":"default","adv-header-id-meta":"","stick-header-meta":"default","header-above-stick-meta":"","header-main-stick-meta":"","header-below-stick-meta":"","astra-migrate-meta-layouts":"set","ast-page-background-enabled":"default","ast-page-background-meta":{"desktop":{"background-color":"","background-image":"","background-repeat":"repeat","background-position":"center center","background-size":"auto","background-attachment":"scroll","background-type":"","background-media":"","overlay-type":"","overlay-color":"","overlay-opacity":"","overlay-gradient":""},"tablet":{"background-color":"","background-image":"","background-repeat":"repeat","background-position":"center center","background-size":"auto","background-attachment":"scroll","background-type":"","background-media":"","overlay-type":"","overlay-color":"","overlay-opacity":"","overlay-gradient":""},"mobile":{"background-color":"","background-image":"","background-repeat":"repeat","background-position":"center center","background-size":"auto","background-attachment":"scroll","background-type":"","background-media":"","overlay-type":"","overlay-color":"","overlay-opacity":"","overlay-gradient":""}},"ast-content-background-meta":{"desktop":{"background-color":"var(--ast-global-color-5)","background-image":"","background-repeat":"repeat","background-position":"center center","background-size":"auto","background-attachment":"scroll","background-type":"","background-media":"","overlay-type":"","overlay-color":"","overlay-opacity":"","overlay-gradient":""},"tablet":{"background-color":"var(--ast-global-color-5)","background-image":"","background-repeat":"repeat","background-position":"center center","background-size":"auto","background-attachment":"scroll","background-type":"","background-media":"","overlay-type":"","overlay-color":"","overlay-opacity":"","overlay-gradient":""},"mobile":{"background-color":"var(--ast-global-color-5)","background-image":"","background-repeat":"repeat","background-position":"center center","background-size":"auto","background-attachment":"scroll","background-type":"","background-media":"","overlay-type":"","overlay-color":"","overlay-opacity":"","overlay-gradient":""}}},"product_brand":[],"product_cat":[28],"product_tag":[],"class_list":{"0":"post-1731","1":"product","2":"type-product","3":"status-publish","4":"has-post-thumbnail","6":"product_cat-concrete-forming","7":"desktop-align-left","8":"tablet-align-left","9":"mobile-align-left","10":"ast-product-gallery-layout-horizontal-slider","11":"ast-product-tabs-layout-horizontal","13":"first","14":"instock","15":"shipping-taxable","16":"purchasable","17":"product-type-simple"},"yoast_head":"<!-- This site is optimized with the Yoast SEO plugin v25.2 - https:\/\/yoast.com\/wordpress\/plugins\/seo\/ -->\n<title>Concrete Ply Spacer Spreader Cleats<\/title>\n<meta name=\"description\" content=\"Plywood form concrete ply spacer.3\/4&quot; ply spacer,1-1\/8&quot; ply spacer.\" \/>\n<meta name=\"robots\" content=\"index, follow, max-snippet:-1, max-image-preview:large, max-video-preview:-1\" \/>\n<link rel=\"canonical\" href=\"https:\/\/qingdaohf.com\/cs\/produkt\/distancni-vlozka\/\" \/>\n<meta property=\"og:locale\" content=\"cs_CZ\" \/>\n<meta property=\"og:type\" content=\"article\" \/>\n<meta property=\"og:title\" content=\"Concrete Ply Spacer Spreader Cleats\" \/>\n<meta property=\"og:description\" content=\"Plywood form concrete ply spacer.3\/4&quot; ply spacer,1-1\/8&quot; ply spacer.\" \/>\n<meta property=\"og:url\" content=\"https:\/\/qingdaohf.com\/cs\/produkt\/distancni-vlozka\/\" \/>\n<meta property=\"og:site_name\" content=\"Concrete Form &amp; Rigging Hardware Supplier\" \/>\n<meta property=\"article:publisher\" content=\"https:\/\/www.facebook.com\/qingdaohf\" \/>\n<meta property=\"article:modified_time\" content=\"2025-11-13T01:03:15+00:00\" \/>\n<meta property=\"og:image\" content=\"https:\/\/qingdaohf.com\/wp-content\/uploads\/2023\/01\/PLY-SPACER-3.jpg\" \/>\n\t<meta property=\"og:image:width\" content=\"1000\" \/>\n\t<meta property=\"og:image:height\" content=\"1000\" \/>\n\t<meta property=\"og:image:type\" content=\"image\/jpeg\" \/>\n<meta name=\"twitter:card\" content=\"summary_large_image\" \/>\n<meta name=\"twitter:label1\" content=\"Odhadovan\u00e1 doba \u010dten\u00ed\" \/>\n\t<meta name=\"twitter:data1\" content=\"4 minuty\" \/>\n<script type=\"application\/ld+json\" class=\"yoast-schema-graph\">{\"@context\":\"https:\/\/schema.org\",\"@graph\":[{\"@type\":\"WebPage\",\"@id\":\"https:\/\/qingdaohf.com\/product\/spreader-cleats\/\",\"url\":\"https:\/\/qingdaohf.com\/product\/spreader-cleats\/\",\"name\":\"Concrete Ply Spacer Spreader Cleats\",\"isPartOf\":{\"@id\":\"https:\/\/qingdaohf.com\/bg\/#website\"},\"primaryImageOfPage\":{\"@id\":\"https:\/\/qingdaohf.com\/product\/spreader-cleats\/#primaryimage\"},\"image\":{\"@id\":\"https:\/\/qingdaohf.com\/product\/spreader-cleats\/#primaryimage\"},\"thumbnailUrl\":\"https:\/\/qingdaohf.com\/wp-content\/uploads\/2023\/01\/PLY-SPACER-3.jpg\",\"datePublished\":\"2024-06-24T06:06:56+00:00\",\"dateModified\":\"2025-11-13T01:03:15+00:00\",\"description\":\"Plywood form concrete ply spacer.3\/4\\\" ply spacer,1-1\/8\\\" ply spacer.\",\"breadcrumb\":{\"@id\":\"https:\/\/qingdaohf.com\/product\/spreader-cleats\/#breadcrumb\"},\"inLanguage\":\"cs\",\"potentialAction\":[{\"@type\":\"ReadAction\",\"target\":[\"https:\/\/qingdaohf.com\/product\/spreader-cleats\/\"]}]},{\"@type\":\"ImageObject\",\"inLanguage\":\"cs\",\"@id\":\"https:\/\/qingdaohf.com\/product\/spreader-cleats\/#primaryimage\",\"url\":\"https:\/\/qingdaohf.com\/wp-content\/uploads\/2023\/01\/PLY-SPACER-3.jpg\",\"contentUrl\":\"https:\/\/qingdaohf.com\/wp-content\/uploads\/2023\/01\/PLY-SPACER-3.jpg\",\"width\":1000,\"height\":1000,\"caption\":\"PLY SPACER\"},{\"@type\":\"BreadcrumbList\",\"@id\":\"https:\/\/qingdaohf.com\/product\/spreader-cleats\/#breadcrumb\",\"itemListElement\":[{\"@type\":\"ListItem\",\"position\":1,\"name\":\"Home\",\"item\":\"https:\/\/qingdaohf.com\/\"},{\"@type\":\"ListItem\",\"position\":2,\"name\":\"Concrete Forming Accessories and Rigging Hardware\",\"item\":\"https:\/\/qingdaohf.com\/bg\/?page_id=944\"},{\"@type\":\"ListItem\",\"position\":3,\"name\":\"Concrete Ply Spacer Spreader Cleats\"}]},{\"@type\":\"WebSite\",\"@id\":\"https:\/\/qingdaohf.com\/bg\/#website\",\"url\":\"https:\/\/qingdaohf.com\/bg\/\",\"name\":\"Concrete Form & Rigging Hardware Supplier\",\"description\":\"\",\"publisher\":{\"@id\":\"https:\/\/qingdaohf.com\/bg\/#organization\"},\"potentialAction\":[{\"@type\":\"SearchAction\",\"target\":{\"@type\":\"EntryPoint\",\"urlTemplate\":\"https:\/\/qingdaohf.com\/bg\/?s={search_term_string}\"},\"query-input\":{\"@type\":\"PropertyValueSpecification\",\"valueRequired\":true,\"valueName\":\"search_term_string\"}}],\"inLanguage\":\"cs\"},{\"@type\":\"Organization\",\"@id\":\"https:\/\/qingdaohf.com\/bg\/#organization\",\"name\":\"Qingdao H&F\",\"url\":\"https:\/\/qingdaohf.com\/bg\/\",\"logo\":{\"@type\":\"ImageObject\",\"inLanguage\":\"cs\",\"@id\":\"https:\/\/qingdaohf.com\/bg\/#\/schema\/logo\/image\/\",\"url\":\"https:\/\/qingdaohf.com\/wp-content\/uploads\/2022\/12\/cropped-HF-LOGO.png\",\"contentUrl\":\"https:\/\/qingdaohf.com\/wp-content\/uploads\/2022\/12\/cropped-HF-LOGO.png\",\"width\":391,\"height\":249,\"caption\":\"Qingdao H&F\"},\"image\":{\"@id\":\"https:\/\/qingdaohf.com\/bg\/#\/schema\/logo\/image\/\"},\"sameAs\":[\"https:\/\/www.facebook.com\/qingdaohf\"]}]}<\/script>\n<!-- \/ Yoast SEO plugin. -->","yoast_head_json":{"title":"Concrete Ply Spacer Spreader Cleats","description":"Plywood form concrete ply spacer.3\/4\" ply spacer,1-1\/8\" ply spacer.","robots":{"index":"index","follow":"follow","max-snippet":"max-snippet:-1","max-image-preview":"max-image-preview:large","max-video-preview":"max-video-preview:-1"},"canonical":"https:\/\/qingdaohf.com\/cs\/produkt\/distancni-vlozka\/","og_locale":"cs_CZ","og_type":"article","og_title":"Concrete Ply Spacer Spreader Cleats","og_description":"Plywood form concrete ply spacer.3\/4\" ply spacer,1-1\/8\" ply spacer.","og_url":"https:\/\/qingdaohf.com\/cs\/produkt\/distancni-vlozka\/","og_site_name":"Concrete Form &amp; Rigging Hardware Supplier","article_publisher":"https:\/\/www.facebook.com\/qingdaohf","article_modified_time":"2025-11-13T01:03:15+00:00","og_image":[{"width":1000,"height":1000,"url":"https:\/\/qingdaohf.com\/wp-content\/uploads\/2023\/01\/PLY-SPACER-3.jpg","type":"image\/jpeg"}],"twitter_card":"summary_large_image","twitter_misc":{"Odhadovan\u00e1 doba \u010dten\u00ed":"4 minuty"},"schema":{"@context":"https:\/\/schema.org","@graph":[{"@type":"WebPage","@id":"https:\/\/qingdaohf.com\/product\/spreader-cleats\/","url":"https:\/\/qingdaohf.com\/product\/spreader-cleats\/","name":"Concrete Ply Spacer Spreader Cleats","isPartOf":{"@id":"https:\/\/qingdaohf.com\/bg\/#website"},"primaryImageOfPage":{"@id":"https:\/\/qingdaohf.com\/product\/spreader-cleats\/#primaryimage"},"image":{"@id":"https:\/\/qingdaohf.com\/product\/spreader-cleats\/#primaryimage"},"thumbnailUrl":"https:\/\/qingdaohf.com\/wp-content\/uploads\/2023\/01\/PLY-SPACER-3.jpg","datePublished":"2024-06-24T06:06:56+00:00","dateModified":"2025-11-13T01:03:15+00:00","description":"Plywood form concrete ply spacer.3\/4\" ply spacer,1-1\/8\" ply spacer.","breadcrumb":{"@id":"https:\/\/qingdaohf.com\/product\/spreader-cleats\/#breadcrumb"},"inLanguage":"cs","potentialAction":[{"@type":"ReadAction","target":["https:\/\/qingdaohf.com\/product\/spreader-cleats\/"]}]},{"@type":"ImageObject","inLanguage":"cs","@id":"https:\/\/qingdaohf.com\/product\/spreader-cleats\/#primaryimage","url":"https:\/\/qingdaohf.com\/wp-content\/uploads\/2023\/01\/PLY-SPACER-3.jpg","contentUrl":"https:\/\/qingdaohf.com\/wp-content\/uploads\/2023\/01\/PLY-SPACER-3.jpg","width":1000,"height":1000,"caption":"PLY SPACER"},{"@type":"BreadcrumbList","@id":"https:\/\/qingdaohf.com\/product\/spreader-cleats\/#breadcrumb","itemListElement":[{"@type":"ListItem","position":1,"name":"Home","item":"https:\/\/qingdaohf.com\/"},{"@type":"ListItem","position":2,"name":"Concrete Forming Accessories and Rigging Hardware","item":"https:\/\/qingdaohf.com\/bg\/?page_id=944"},{"@type":"ListItem","position":3,"name":"Concrete Ply Spacer Spreader Cleats"}]},{"@type":"WebSite","@id":"https:\/\/qingdaohf.com\/bg\/#website","url":"https:\/\/qingdaohf.com\/bg\/","name":"Concrete Form & Rigging Hardware Supplier","description":"","publisher":{"@id":"https:\/\/qingdaohf.com\/bg\/#organization"},"potentialAction":[{"@type":"SearchAction","target":{"@type":"EntryPoint","urlTemplate":"https:\/\/qingdaohf.com\/bg\/?s={search_term_string}"},"query-input":{"@type":"PropertyValueSpecification","valueRequired":true,"valueName":"search_term_string"}}],"inLanguage":"cs"},{"@type":"Organization","@id":"https:\/\/qingdaohf.com\/bg\/#organization","name":"Qingdao H&F","url":"https:\/\/qingdaohf.com\/bg\/","logo":{"@type":"ImageObject","inLanguage":"cs","@id":"https:\/\/qingdaohf.com\/bg\/#\/schema\/logo\/image\/","url":"https:\/\/qingdaohf.com\/wp-content\/uploads\/2022\/12\/cropped-HF-LOGO.png","contentUrl":"https:\/\/qingdaohf.com\/wp-content\/uploads\/2022\/12\/cropped-HF-LOGO.png","width":391,"height":249,"caption":"Qingdao H&F"},"image":{"@id":"https:\/\/qingdaohf.com\/bg\/#\/schema\/logo\/image\/"},"sameAs":["https:\/\/www.facebook.com\/qingdaohf"]}]}},"_links":{"self":[{"href":"https:\/\/qingdaohf.com\/cs\/wp-json\/wp\/v2\/product\/1731","targetHints":{"allow":["GET"]}}],"collection":[{"href":"https:\/\/qingdaohf.com\/cs\/wp-json\/wp\/v2\/product"}],"about":[{"href":"https:\/\/qingdaohf.com\/cs\/wp-json\/wp\/v2\/types\/product"}],"replies":[{"embeddable":true,"href":"https:\/\/qingdaohf.com\/cs\/wp-json\/wp\/v2\/comments?post=1731"}],"version-history":[{"count":5,"href":"https:\/\/qingdaohf.com\/cs\/wp-json\/wp\/v2\/product\/1731\/revisions"}],"predecessor-version":[{"id":9012,"href":"https:\/\/qingdaohf.com\/cs\/wp-json\/wp\/v2\/product\/1731\/revisions\/9012"}],"wp:featuredmedia":[{"embeddable":true,"href":"https:\/\/qingdaohf.com\/cs\/wp-json\/wp\/v2\/media\/2918"}],"wp:attachment":[{"href":"https:\/\/qingdaohf.com\/cs\/wp-json\/wp\/v2\/media?parent=1731"}],"wp:term":[{"taxonomy":"product_brand","embeddable":true,"href":"https:\/\/qingdaohf.com\/cs\/wp-json\/wp\/v2\/product_brand?post=1731"},{"taxonomy":"product_cat","embeddable":true,"href":"https:\/\/qingdaohf.com\/cs\/wp-json\/wp\/v2\/product_cat?post=1731"},{"taxonomy":"product_tag","embeddable":true,"href":"https:\/\/qingdaohf.com\/cs\/wp-json\/wp\/v2\/product_tag?post=1731"}],"curies":[{"name":"wp","href":"https:\/\/api.w.org\/{rel}","templated":true}]}}