{"id":1909,"date":"2023-11-24T16:40:58","date_gmt":"2023-11-24T08:40:58","guid":{"rendered":"http:\/\/qingdaohf.com\/?post_type=product&#038;p=1909"},"modified":"2025-11-13T09:04:01","modified_gmt":"2025-11-13T01:04:01","slug":"aluminum-form-tie","status":"publish","type":"product","link":"https:\/\/qingdaohf.com\/cs\/produkt\/hlinikove-vazaci-pasky\/","title":{"rendered":"Hlin\u00edkov\u00e1 tvarov\u00e1 vazba Celost\u011bnov\u00e1 vazba Jmenovit\u00e1 vazba"},"content":{"rendered":"<h2>Porozum\u011bn\u00ed hlin\u00edkov\u00fdm tvarov\u00fdm vazb\u00e1m<\/h2>\n<p>Hlin\u00edkov\u00e9 tvarovac\u00ed vazby jsou nezbytn\u00e9 pro beton\u00e1\u0159sk\u00e9 aplikace, kde je rozhoduj\u00edc\u00ed p\u0159esnost a pevnost. Spole\u010dnost H&amp;F vyr\u00e1b\u00ed bednic\u00ed p\u00e1sky, kter\u00e9 v\u00e1s v ter\u00e9nu nezklamou, a kombinuje robustn\u00ed odolnost s praktick\u00fdmi vlastnostmi, kter\u00e9 nezat\u00ed\u017e\u00ed v\u00e1\u0161 rozpo\u010det.<\/p>\n<h3>Kl\u00ed\u010dov\u00e9 vlastnosti hlin\u00edkov\u00fdch tvarov\u00fdch vazeb<\/h3>\n<h4>Pevnost a odolnost<\/h4>\n<p>Tyto vazby se s pevnost\u00ed nema\u017eou - jsou konstruov\u00e1ny jako tanky, aby udr\u017eely va\u0161e betonov\u00e9 konstrukce pevn\u00e9 jako sk\u00e1la. M\u016f\u017eete je vystavovat pov\u011btrnostn\u00edm vliv\u016fm, pracovat s nimi, vystavovat je pov\u011btrnostn\u00edm vliv\u016fm - budou fungovat den za dnem.<\/p>\n<h4>Lehk\u00e9 a snadno ovladateln\u00e9<\/h4>\n<p>Mo\u017en\u00e1 byste \u010dekali, \u017ee v\u0161echny ty svaly budou m\u00edt vy\u0161\u0161\u00ed hmotnost, ale tyto kravaty jsou p\u0159ekvapiv\u011b lehk\u00e9. Va\u0161e pos\u00e1dky mohou pracovat rychleji a d\u00e9le, ani\u017e by se opot\u0159ebovaly.<\/p>\n<h3>Typy hlin\u00edkov\u00fdch tvarov\u00fdch vazeb<\/h3>\n<h4>Pln\u00e9 vazby<\/h4>\n<p>Pokud se jedn\u00e1 o z\u00e1va\u017en\u00e9 bedn\u011bn\u00ed, kter\u00e9 vy\u017eaduje neochv\u011bjnou oporu a v\u00fdkonnost, je vhodn\u00e9 pou\u017e\u00edt pln\u00e9 vazby.<\/p>\n<h5>Pou\u017eit\u00ed pln\u00fdch vazeb<\/h5>\n<p>Tito pracovn\u00ed kon\u011b se objevuj\u00ed na velk\u00fdch projektech, kde bedn\u011bn\u00ed mus\u00ed bez probl\u00e9m\u016f zvl\u00e1dnout obrovsk\u00e9 zat\u00ed\u017een\u00ed.<\/p>\n<h5>V\u00fdhody pln\u00fdch vazeb<\/h5>\n<p>Po\u010d\u00edtejte s t\u00edm, \u017ee pln\u00e9 vazby odol\u00e1vaj\u00ed tahu jako mist\u0159i a z\u00e1rove\u0148 udr\u017euj\u00ed v\u0161e na sv\u00e9m m\u00edst\u011b po celou dobu vytvrzov\u00e1n\u00ed.<\/p>\n<h4>Jmenovit\u00e9 vazby<\/h4>\n<p>Jmenovit\u00e9 \u00favazy se uplatn\u00ed, kdy\u017e pot\u0159ebujete dokonalou rovnov\u00e1hu mezi pevnost\u00ed a ovladatelnost\u00ed.<\/p>\n<h5>Pou\u017eit\u00ed jmenovit\u00fdch vazeb<\/h5>\n<p>Ide\u00e1ln\u00ed pro men\u0161\u00ed projekty nebo v\u0161ude tam, kde z\u00e1le\u017e\u00ed na \u00faspo\u0159e hmotnosti bez ztr\u00e1ty spolehlivosti.<\/p>\n<h5>V\u00fdhody jmenovit\u00fdch vazeb<\/h5>\n<p>Tyto kravaty dokazuj\u00ed, \u017ee nepot\u0159ebujete p\u0159\u00edli\u0161 velk\u00fd objem, abyste podali solidn\u00ed v\u00fdkon v ter\u00e9nu.<\/p>\n<p><img fetchpriority=\"high\" decoding=\"async\" class=\"alignnone wp-image-7054 size-full\" src=\"http:\/\/qingdaohf.com\/wp-content\/uploads\/2023\/11\/aluminum-form-tie.jpg\" alt=\"hlin\u00edkov\u00e9 v\u00e1zac\u00ed p\u00e1sky\" width=\"1005\" height=\"383\" srcset=\"https:\/\/qingdaohf.com\/wp-content\/uploads\/2023\/11\/aluminum-form-tie.jpg 1005w, https:\/\/qingdaohf.com\/wp-content\/uploads\/2023\/11\/aluminum-form-tie-300x114.jpg 300w, https:\/\/qingdaohf.com\/wp-content\/uploads\/2023\/11\/aluminum-form-tie-768x293.jpg 768w, https:\/\/qingdaohf.com\/wp-content\/uploads\/2023\/11\/aluminum-form-tie-18x7.jpg 18w, https:\/\/qingdaohf.com\/wp-content\/uploads\/2023\/11\/aluminum-form-tie-1000x381.jpg 1000w\" sizes=\"(max-width: 1005px) 100vw, 1005px\" \/><\/p>\n<h3>Hlavn\u00ed v\u00fdhody a zaji\u0161t\u011bn\u00ed kvality<\/h3>\n<h4>Odolnost proti korozi a \u00fa\u010dinnost<\/h4>\n<p>Vrhn\u011bte se na tyto vaz\u00e1ky, a\u0165 u\u017e je p\u0159\u00edroda zni\u010d\u00ed jakkoli - jejich p\u0159irozen\u00e1 odolnost proti korozi znamen\u00e1, \u017ee budou fungovat i v drsn\u00fdch podm\u00ednk\u00e1ch. Lehk\u00e1 konstrukce nen\u00ed jen o pohodl\u00ed - znamen\u00e1 skute\u010dn\u00e9 zv\u00fd\u0161en\u00ed efektivity, ani\u017e by byla ohro\u017eena konstruk\u010dn\u00ed integrita.<\/p>\n<h4>Opat\u0159en\u00ed pro kontrolu kvality<\/h4>\n<p>Ve spole\u010dnosti H&amp;F jsme posedl\u00ed kvalitou. Ka\u017ed\u00e1 kravata proch\u00e1z\u00ed n\u00e1ro\u010dn\u00fdm testov\u00e1n\u00edm, abychom zajistili, \u017ee bude fungovat p\u0159esn\u011b tak, jak jsme sl\u00edbili, kdy\u017e ji budete nejv\u00edce pot\u0159ebovat.<\/p>\n<h4>Excelentn\u00ed slu\u017eby z\u00e1kazn\u00edk\u016fm<\/h4>\n<p>Zn\u00e1me stavebnictv\u00ed zevnit\u0159 i zven\u010d\u00ed a n\u00e1\u0161 t\u00fdm spolupracuje p\u0159\u00edmo s kupuj\u00edc\u00edmi, aby jim mohl nab\u00eddnout tvarov\u00e9 vazby, kter\u00e9 odpov\u00eddaj\u00ed jejich specifick\u00fdm po\u017eadavk\u016fm na projekt.<\/p>\n<h4>Mo\u017enosti p\u0159izp\u016fsoben\u00ed<\/h4>\n<p>Ka\u017ed\u00e1 zak\u00e1zka m\u00e1 sv\u00e1 specifika - proto nab\u00edz\u00edme vazby r\u016fzn\u00fdch d\u00e9lek a pr\u016fm\u011br\u016f, aby bez probl\u00e9m\u016f fungovaly s va\u0161imi st\u00e1vaj\u00edc\u00edmi bednic\u00edmi syst\u00e9my.<\/p>\n<h4>Zpr\u00e1vy o kontrol\u00e1ch kvality<\/h4>\n<p>\u017d\u00e1dn\u00e1 p\u0159ekvapen\u00ed - ka\u017ed\u00e1 \u0161ar\u017ee je dod\u00e1v\u00e1na s komplexn\u00edmi \u00fadaji o testov\u00e1n\u00ed, kter\u00e9 zahrnuj\u00ed v\u0161e od pevnosti v tahu a\u017e po prodlou\u017een\u00ed a kvalitu povrchu.<\/p>\n<h3>Efektivita a hospod\u00e1rnost<\/h3>\n<p>Ve stavebnictv\u00ed jde p\u0159edev\u0161\u00edm o v\u00fdsledek. Na\u0161e hlin\u00edkov\u00e9 vazn\u00edky p\u0159in\u00e1\u0161ej\u00ed \u00faspory d\u00edky chytr\u00e9mu a zjednodu\u0161en\u00e9mu designu, kter\u00fd sni\u017euje n\u00e1klady na pracovn\u00ed s\u00edlu a dobu instalace.<\/p>\n<h2>Kol\u00edky a kl\u00edny<\/h2>\n<p>Ve stavebn\u00ed praxi se hlin\u00edkov\u00e9 bednic\u00ed p\u00e1sky b\u011b\u017en\u011b kombinuj\u00ed s \u010depy a kl\u00edny, aby se vytvo\u0159il spolehliv\u00fd bednic\u00ed syst\u00e9m. Nab\u00edz\u00edme r\u016fzn\u00e9 typy, kter\u00e9 vyhovuj\u00ed r\u016fznorod\u00fdm pot\u0159eb\u00e1m projektu.<\/p>\n<h3>Kol\u00edk s plochou hlavou:<\/h3>\n<p>Zaji\u0161\u0165uje bezpe\u010dn\u00fd syst\u00e9m bedn\u011bn\u00ed s rovn\u00fdm povrchem betonu.<\/p>\n<h3>Kol\u00edk s kulatou hlavou:<\/h3>\n<p>Vytv\u00e1\u0159\u00ed pevn\u00e9 spojen\u00ed s bedn\u011bn\u00edm.<\/p>\n<h3>Kombinovan\u00fd kol\u00edk:<\/h3>\n<p>Kombinuje v\u00fdhody kol\u00edk\u016f s plochou a kulatou hlavou.<\/p>\n<p><img decoding=\"async\" class=\"alignnone size-full wp-image-7055\" src=\"http:\/\/qingdaohf.com\/wp-content\/uploads\/2023\/11\/head-pin.jpg\" alt=\"kol\u00ed\u010dek na hlavici\" width=\"1005\" height=\"660\" srcset=\"https:\/\/qingdaohf.com\/wp-content\/uploads\/2023\/11\/head-pin.jpg 1005w, https:\/\/qingdaohf.com\/wp-content\/uploads\/2023\/11\/head-pin-300x197.jpg 300w, https:\/\/qingdaohf.com\/wp-content\/uploads\/2023\/11\/head-pin-768x504.jpg 768w, https:\/\/qingdaohf.com\/wp-content\/uploads\/2023\/11\/head-pin-18x12.jpg 18w, https:\/\/qingdaohf.com\/wp-content\/uploads\/2023\/11\/head-pin-1000x657.jpg 1000w\" sizes=\"(max-width: 1005px) 100vw, 1005px\" \/><\/p>\n<h3>Rovn\u00fd kl\u00edn:<\/h3>\n<p>Volba pro v\u011bt\u0161inu bednic\u00edch sestav.<\/p>\n<h3>Zak\u0159iven\u00fd kl\u00edn:<\/h3>\n<p>P\u0159izp\u016fsobeno pro zak\u0159iven\u00e9 nebo \u0161ikm\u00e9 konfigurace bedn\u011bn\u00ed.<\/p>\n<p><img decoding=\"async\" class=\"alignnone size-full wp-image-7056\" src=\"http:\/\/qingdaohf.com\/wp-content\/uploads\/2023\/11\/wall-tie-wedge.jpg\" alt=\"st\u011bnov\u00fd spojovac\u00ed kl\u00edn\" width=\"1005\" height=\"370\" srcset=\"https:\/\/qingdaohf.com\/wp-content\/uploads\/2023\/11\/wall-tie-wedge.jpg 1005w, https:\/\/qingdaohf.com\/wp-content\/uploads\/2023\/11\/wall-tie-wedge-300x110.jpg 300w, https:\/\/qingdaohf.com\/wp-content\/uploads\/2023\/11\/wall-tie-wedge-768x283.jpg 768w, https:\/\/qingdaohf.com\/wp-content\/uploads\/2023\/11\/wall-tie-wedge-18x7.jpg 18w, https:\/\/qingdaohf.com\/wp-content\/uploads\/2023\/11\/wall-tie-wedge-1000x368.jpg 1000w\" sizes=\"(max-width: 1005px) 100vw, 1005px\" \/><\/p>\n<div class=\"table\"><span style=\"font-size: 1.7em; font-weight: bold;\">Zkou\u0161ka napjatosti<\/span><\/div>\n<div>\n<div class=\"ast-oembed-container\" style=\"height: 100%;\"><iframe title=\"\u00dapln\u00e1 zkou\u0161ka napjatosti vazby\" width=\"500\" height=\"281\" src=\"https:\/\/www.youtube.com\/embed\/2m8mtNqa2r8?feature=oembed\" frameborder=\"0\" allow=\"accelerometer; autoplay; clipboard-write; encrypted-media; gyroscope; picture-in-picture; web-share\" referrerpolicy=\"strict-origin-when-cross-origin\" allowfullscreen><\/iframe><\/div>\n<\/div>\n<div>\n<p>Jako p\u0159edn\u00ed v\u00fdrobce a tov\u00e1rn\u00ed dodavatel je spole\u010dnost Qingdao H&amp;F va\u0161\u00edm d\u016fv\u011bryhodn\u00fdm dodavatelem a velkoobchodn\u00edkem s vysoce kvalitn\u00edm p\u0159\u00edslu\u0161enstv\u00edm pro beton\u00e1\u0159sk\u00e9 pr\u00e1ce a upev\u0148ovac\u00edm hardwarem. S dvacetiletou histori\u00ed a odborn\u00fdmi znalostmi v tomto odv\u011btv\u00ed jsme hrd\u00ed na to, \u017ee m\u016f\u017eeme nab\u00eddnout \u0161irokou \u0161k\u00e1lu v\u00fdrobk\u016f, v\u010detn\u011b pln\u00fdch a jmenovit\u00fdch v\u00e1zac\u00edch prost\u0159edk\u016f pro tvarov\u00e1n\u00ed betonu.<\/p>\n<p>Chcete-li vy\u0159e\u0161it sv\u00e9 probl\u00e9my se z\u00e1sobov\u00e1n\u00edm, nehledejte nic jin\u00e9ho ne\u017e spole\u010dnost Qingdao H&amp;F. Nab\u00edz\u00edme rozs\u00e1hl\u00fd sortiment p\u0159\u00edslu\u0161enstv\u00ed pro beton\u00e1\u0159sk\u00e9 pr\u00e1ce a mont\u00e1\u017en\u00ed vybaven\u00ed, kter\u00e9 je podlo\u017eeno na\u0161imi dvacetilet\u00fdmi zku\u0161enostmi v oboru. A\u0165 u\u017e pot\u0159ebujete pln\u00e9 vazby, jmenovit\u00e9 vazby nebo jin\u00e9 produkty z na\u0161eho katalogu, m\u00e1me pro v\u00e1s v\u0161e.<\/p>\n<p><img loading=\"lazy\" decoding=\"async\" class=\"alignnone wp-image-4629\" src=\"http:\/\/qingdaohf.com\/wp-content\/uploads\/2023\/07\/wall-tie.jpg\" alt=\"n\u00e1st\u011bnn\u00e1 vazba\" width=\"1200\" height=\"600\" srcset=\"https:\/\/qingdaohf.com\/wp-content\/uploads\/2023\/07\/wall-tie.jpg 800w, https:\/\/qingdaohf.com\/wp-content\/uploads\/2023\/07\/wall-tie-300x150.jpg 300w, https:\/\/qingdaohf.com\/wp-content\/uploads\/2023\/07\/wall-tie-768x384.jpg 768w\" sizes=\"(max-width: 1200px) 100vw, 1200px\" \/><\/p>\n<h2>Pro\u010d si vybrat spole\u010dnost H&amp;F pro hlin\u00edkov\u00e9 tvarov\u00e9 vazby?<\/h2>\n<p>Na nalezen\u00ed spolehliv\u00e9ho dodavatele z\u00e1le\u017e\u00ed stejn\u011b jako na v\u00fdb\u011bru spr\u00e1vn\u00e9ho v\u00fdrobku. Dvacet let p\u016fsoben\u00ed v zahrani\u010dn\u00edm obchod\u011b n\u00e1s nau\u010dilo, co pot\u0159ebuj\u00ed profesion\u00e1lov\u00e9 ve stavebnictv\u00ed, aby usp\u011bli.<\/p>\n<h3>Z\u00e1vazek k dokonalosti<\/h3>\n<p>Spojujeme hlubok\u00e9 znalosti trhu s neochv\u011bjn\u00fdm d\u016frazem na kvalitu a slu\u017eby. Proto n\u00e1m profesion\u00e1lov\u00e9 ve stavebnictv\u00ed d\u016fv\u011b\u0159uj\u00ed, \u017ee jim poskytneme \u0159e\u0161en\u00ed, kter\u00e1 funguj\u00ed od z\u00e1klad\u016f a\u017e po dokon\u010den\u00ed.<\/p>\n<h2>Z\u00e1v\u011br<\/h2>\n<p>Od rozs\u00e1hl\u00fdch infrastrukturn\u00edch projekt\u016f a\u017e po skromn\u00e9 komer\u010dn\u00ed stavby - hlin\u00edkov\u00e9 bednic\u00ed p\u00e1sky nen\u00e1padn\u011b udr\u017euj\u00ed betonov\u00e9 konstrukce pevn\u00e9. Spole\u010dnost H&amp;F je hrd\u00e1 na to, \u017ee dod\u00e1v\u00e1 vazby, kter\u00e9 p\u0159ed\u010d\u00ed o\u010dek\u00e1v\u00e1n\u00ed - tak si budujeme svou pov\u011bst ji\u017e dv\u011b desetilet\u00ed.<\/p>\n<\/div>","protected":false},"excerpt":{"rendered":"<p>Ke spojen\u00ed protilehl\u00fdch stran bedn\u011bn\u00ed se pou\u017e\u00edvaj\u00ed pln\u00e9 vazby. Proch\u00e1zej\u00ed celou tlou\u0161\u0165kou betonu a vytv\u00e1\u0159ej\u00ed souvisl\u00e9 spojen\u00ed mezi ob\u011bma stranami. Pln\u00e9 vazby jsou nezbytn\u00e9 pro zaji\u0161t\u011bn\u00ed toho, aby bedn\u011bn\u00ed vydr\u017eelo tlak betonu p\u0159i jeho lit\u00ed a vytvrzov\u00e1n\u00ed. Obvykle jsou vyrobeny z oceli a jsou navr\u017eeny tak, aby je bylo mo\u017en\u00e9 po ztvrdnut\u00ed betonu snadno odstranit.<\/p>\n<p>Jmenovit\u00e9 vazby se pou\u017e\u00edvaj\u00ed k upevn\u011bn\u00ed obou stran bedn\u011bn\u00ed k sob\u011b, ani\u017e by pronikly do betonu. Obvykle jsou vyrobeny z plastu nebo jin\u00fdch nekovov\u00fdch materi\u00e1l\u016f a pou\u017e\u00edvaj\u00ed se v situac\u00edch, kdy nen\u00ed nutn\u00e9 beton zcela vyztu\u017eit. Jmenovit\u00e9 vazby se pou\u017e\u00edvaj\u00ed u men\u0161\u00edch betonov\u00fdch projekt\u016f, jako jsou zdi nebo chodn\u00edky, kde je zat\u00ed\u017een\u00ed bedn\u011bn\u00ed relativn\u011b n\u00edzk\u00e9.<\/p>","protected":false},"featured_media":2804,"comment_status":"open","ping_status":"closed","template":"","meta":{"site-sidebar-layout":"default","site-content-layout":"default","ast-site-content-layout":"default","site-content-style":"default","site-sidebar-style":"default","ast-global-header-display":"","ast-banner-title-visibility":"","ast-main-header-display":"","ast-hfb-above-header-display":"","ast-hfb-below-header-display":"","ast-hfb-mobile-header-display":"","site-post-title":"","ast-breadcrumbs-content":"","ast-featured-img":"","footer-sml-layout":"","theme-transparent-header-meta":"default","adv-header-id-meta":"","stick-header-meta":"default","header-above-stick-meta":"","header-main-stick-meta":"","header-below-stick-meta":"","astra-migrate-meta-layouts":"set","ast-page-background-enabled":"default","ast-page-background-meta":{"desktop":{"background-color":"","background-image":"","background-repeat":"repeat","background-position":"center center","background-size":"auto","background-attachment":"scroll","background-type":"","background-media":"","overlay-type":"","overlay-color":"","overlay-opacity":"","overlay-gradient":""},"tablet":{"background-color":"","background-image":"","background-repeat":"repeat","background-position":"center center","background-size":"auto","background-attachment":"scroll","background-type":"","background-media":"","overlay-type":"","overlay-color":"","overlay-opacity":"","overlay-gradient":""},"mobile":{"background-color":"","background-image":"","background-repeat":"repeat","background-position":"center center","background-size":"auto","background-attachment":"scroll","background-type":"","background-media":"","overlay-type":"","overlay-color":"","overlay-opacity":"","overlay-gradient":""}},"ast-content-background-meta":{"desktop":{"background-color":"var(--ast-global-color-5)","background-image":"","background-repeat":"repeat","background-position":"center center","background-size":"auto","background-attachment":"scroll","background-type":"","background-media":"","overlay-type":"","overlay-color":"","overlay-opacity":"","overlay-gradient":""},"tablet":{"background-color":"var(--ast-global-color-5)","background-image":"","background-repeat":"repeat","background-position":"center center","background-size":"auto","background-attachment":"scroll","background-type":"","background-media":"","overlay-type":"","overlay-color":"","overlay-opacity":"","overlay-gradient":""},"mobile":{"background-color":"var(--ast-global-color-5)","background-image":"","background-repeat":"repeat","background-position":"center center","background-size":"auto","background-attachment":"scroll","background-type":"","background-media":"","overlay-type":"","overlay-color":"","overlay-opacity":"","overlay-gradient":""}}},"product_brand":[],"product_cat":[20,65],"product_tag":[],"class_list":{"0":"post-1909","1":"product","2":"type-product","3":"status-publish","4":"has-post-thumbnail","6":"product_cat-concrete-wall-tie","7":"product_cat-aluminum-form-tie","8":"desktop-align-left","9":"tablet-align-left","10":"mobile-align-left","11":"ast-product-gallery-layout-horizontal-slider","12":"ast-product-tabs-layout-horizontal","14":"first","15":"instock","16":"shipping-taxable","17":"purchasable","18":"product-type-simple"},"yoast_head":"<!-- This site is optimized with the Yoast SEO plugin v25.2 - https:\/\/yoast.com\/wordpress\/plugins\/seo\/ -->\n<title>Aluminum Form Tie Full Wall Tie Nominal Tie<\/title>\n<meta name=\"description\" content=\"Aluminum form ties are indispensable tools in concrete construction, ensuring secure placement of aluminum formwork for precise wall formation.\" \/>\n<meta name=\"robots\" content=\"index, follow, max-snippet:-1, max-image-preview:large, max-video-preview:-1\" \/>\n<link rel=\"canonical\" href=\"https:\/\/qingdaohf.com\/cs\/produkt\/hlinikove-vazaci-pasky\/\" \/>\n<meta property=\"og:locale\" content=\"cs_CZ\" \/>\n<meta property=\"og:type\" content=\"article\" \/>\n<meta property=\"og:title\" content=\"Aluminum Form Tie Full Wall Tie Nominal Tie\" \/>\n<meta property=\"og:description\" content=\"Aluminum form ties are indispensable tools in concrete construction, ensuring secure placement of aluminum formwork for precise wall formation.\" \/>\n<meta property=\"og:url\" content=\"https:\/\/qingdaohf.com\/cs\/produkt\/hlinikove-vazaci-pasky\/\" \/>\n<meta property=\"og:site_name\" content=\"Concrete Form &amp; Rigging Hardware Supplier\" \/>\n<meta property=\"article:publisher\" content=\"https:\/\/www.facebook.com\/qingdaohf\" \/>\n<meta property=\"article:modified_time\" content=\"2025-11-13T01:04:01+00:00\" \/>\n<meta property=\"og:image\" content=\"https:\/\/qingdaohf.com\/wp-content\/uploads\/2023\/02\/FULL-TIE-3.jpg\" \/>\n\t<meta property=\"og:image:width\" content=\"1000\" \/>\n\t<meta property=\"og:image:height\" content=\"1000\" \/>\n\t<meta property=\"og:image:type\" content=\"image\/jpeg\" \/>\n<meta name=\"twitter:card\" content=\"summary_large_image\" \/>\n<meta name=\"twitter:label1\" content=\"Odhadovan\u00e1 doba \u010dten\u00ed\" \/>\n\t<meta name=\"twitter:data1\" content=\"5 minut\" \/>\n<script type=\"application\/ld+json\" class=\"yoast-schema-graph\">{\"@context\":\"https:\/\/schema.org\",\"@graph\":[{\"@type\":\"WebPage\",\"@id\":\"https:\/\/qingdaohf.com\/product\/aluminum-form-tie\/\",\"url\":\"https:\/\/qingdaohf.com\/product\/aluminum-form-tie\/\",\"name\":\"Aluminum Form Tie Full Wall Tie Nominal Tie\",\"isPartOf\":{\"@id\":\"https:\/\/qingdaohf.com\/bg\/#website\"},\"primaryImageOfPage\":{\"@id\":\"https:\/\/qingdaohf.com\/product\/aluminum-form-tie\/#primaryimage\"},\"image\":{\"@id\":\"https:\/\/qingdaohf.com\/product\/aluminum-form-tie\/#primaryimage\"},\"thumbnailUrl\":\"https:\/\/qingdaohf.com\/wp-content\/uploads\/2023\/02\/FULL-TIE-3.jpg\",\"datePublished\":\"2023-11-24T08:40:58+00:00\",\"dateModified\":\"2025-11-13T01:04:01+00:00\",\"description\":\"Aluminum form ties are indispensable tools in concrete construction, ensuring secure placement of aluminum formwork for precise wall formation.\",\"breadcrumb\":{\"@id\":\"https:\/\/qingdaohf.com\/product\/aluminum-form-tie\/#breadcrumb\"},\"inLanguage\":\"cs\",\"potentialAction\":[{\"@type\":\"ReadAction\",\"target\":[\"https:\/\/qingdaohf.com\/product\/aluminum-form-tie\/\"]}]},{\"@type\":\"ImageObject\",\"inLanguage\":\"cs\",\"@id\":\"https:\/\/qingdaohf.com\/product\/aluminum-form-tie\/#primaryimage\",\"url\":\"https:\/\/qingdaohf.com\/wp-content\/uploads\/2023\/02\/FULL-TIE-3.jpg\",\"contentUrl\":\"https:\/\/qingdaohf.com\/wp-content\/uploads\/2023\/02\/FULL-TIE-3.jpg\",\"width\":1000,\"height\":1000,\"caption\":\"FULL TIE\"},{\"@type\":\"BreadcrumbList\",\"@id\":\"https:\/\/qingdaohf.com\/product\/aluminum-form-tie\/#breadcrumb\",\"itemListElement\":[{\"@type\":\"ListItem\",\"position\":1,\"name\":\"Home\",\"item\":\"https:\/\/qingdaohf.com\/\"},{\"@type\":\"ListItem\",\"position\":2,\"name\":\"Concrete Forming Accessories and Rigging Hardware\",\"item\":\"https:\/\/qingdaohf.com\/bg\/?page_id=944\"},{\"@type\":\"ListItem\",\"position\":3,\"name\":\"Aluminum Form Tie Full Wall Tie Nominal Tie\"}]},{\"@type\":\"WebSite\",\"@id\":\"https:\/\/qingdaohf.com\/bg\/#website\",\"url\":\"https:\/\/qingdaohf.com\/bg\/\",\"name\":\"Concrete Form & Rigging Hardware Supplier\",\"description\":\"\",\"publisher\":{\"@id\":\"https:\/\/qingdaohf.com\/bg\/#organization\"},\"potentialAction\":[{\"@type\":\"SearchAction\",\"target\":{\"@type\":\"EntryPoint\",\"urlTemplate\":\"https:\/\/qingdaohf.com\/bg\/?s={search_term_string}\"},\"query-input\":{\"@type\":\"PropertyValueSpecification\",\"valueRequired\":true,\"valueName\":\"search_term_string\"}}],\"inLanguage\":\"cs\"},{\"@type\":\"Organization\",\"@id\":\"https:\/\/qingdaohf.com\/bg\/#organization\",\"name\":\"Qingdao H&F\",\"url\":\"https:\/\/qingdaohf.com\/bg\/\",\"logo\":{\"@type\":\"ImageObject\",\"inLanguage\":\"cs\",\"@id\":\"https:\/\/qingdaohf.com\/bg\/#\/schema\/logo\/image\/\",\"url\":\"https:\/\/qingdaohf.com\/wp-content\/uploads\/2022\/12\/cropped-HF-LOGO.png\",\"contentUrl\":\"https:\/\/qingdaohf.com\/wp-content\/uploads\/2022\/12\/cropped-HF-LOGO.png\",\"width\":391,\"height\":249,\"caption\":\"Qingdao H&F\"},\"image\":{\"@id\":\"https:\/\/qingdaohf.com\/bg\/#\/schema\/logo\/image\/\"},\"sameAs\":[\"https:\/\/www.facebook.com\/qingdaohf\"]}]}<\/script>\n<!-- \/ Yoast SEO plugin. -->","yoast_head_json":{"title":"Aluminum Form Tie Full Wall Tie Nominal Tie","description":"Aluminum form ties are indispensable tools in concrete construction, ensuring secure placement of aluminum formwork for precise wall formation.","robots":{"index":"index","follow":"follow","max-snippet":"max-snippet:-1","max-image-preview":"max-image-preview:large","max-video-preview":"max-video-preview:-1"},"canonical":"https:\/\/qingdaohf.com\/cs\/produkt\/hlinikove-vazaci-pasky\/","og_locale":"cs_CZ","og_type":"article","og_title":"Aluminum Form Tie Full Wall Tie Nominal Tie","og_description":"Aluminum form ties are indispensable tools in concrete construction, ensuring secure placement of aluminum formwork for precise wall formation.","og_url":"https:\/\/qingdaohf.com\/cs\/produkt\/hlinikove-vazaci-pasky\/","og_site_name":"Concrete Form &amp; Rigging Hardware Supplier","article_publisher":"https:\/\/www.facebook.com\/qingdaohf","article_modified_time":"2025-11-13T01:04:01+00:00","og_image":[{"width":1000,"height":1000,"url":"https:\/\/qingdaohf.com\/wp-content\/uploads\/2023\/02\/FULL-TIE-3.jpg","type":"image\/jpeg"}],"twitter_card":"summary_large_image","twitter_misc":{"Odhadovan\u00e1 doba \u010dten\u00ed":"5 minut"},"schema":{"@context":"https:\/\/schema.org","@graph":[{"@type":"WebPage","@id":"https:\/\/qingdaohf.com\/product\/aluminum-form-tie\/","url":"https:\/\/qingdaohf.com\/product\/aluminum-form-tie\/","name":"Aluminum Form Tie Full Wall Tie Nominal Tie","isPartOf":{"@id":"https:\/\/qingdaohf.com\/bg\/#website"},"primaryImageOfPage":{"@id":"https:\/\/qingdaohf.com\/product\/aluminum-form-tie\/#primaryimage"},"image":{"@id":"https:\/\/qingdaohf.com\/product\/aluminum-form-tie\/#primaryimage"},"thumbnailUrl":"https:\/\/qingdaohf.com\/wp-content\/uploads\/2023\/02\/FULL-TIE-3.jpg","datePublished":"2023-11-24T08:40:58+00:00","dateModified":"2025-11-13T01:04:01+00:00","description":"Aluminum form ties are indispensable tools in concrete construction, ensuring secure placement of aluminum formwork for precise wall formation.","breadcrumb":{"@id":"https:\/\/qingdaohf.com\/product\/aluminum-form-tie\/#breadcrumb"},"inLanguage":"cs","potentialAction":[{"@type":"ReadAction","target":["https:\/\/qingdaohf.com\/product\/aluminum-form-tie\/"]}]},{"@type":"ImageObject","inLanguage":"cs","@id":"https:\/\/qingdaohf.com\/product\/aluminum-form-tie\/#primaryimage","url":"https:\/\/qingdaohf.com\/wp-content\/uploads\/2023\/02\/FULL-TIE-3.jpg","contentUrl":"https:\/\/qingdaohf.com\/wp-content\/uploads\/2023\/02\/FULL-TIE-3.jpg","width":1000,"height":1000,"caption":"FULL TIE"},{"@type":"BreadcrumbList","@id":"https:\/\/qingdaohf.com\/product\/aluminum-form-tie\/#breadcrumb","itemListElement":[{"@type":"ListItem","position":1,"name":"Home","item":"https:\/\/qingdaohf.com\/"},{"@type":"ListItem","position":2,"name":"Concrete Forming Accessories and Rigging Hardware","item":"https:\/\/qingdaohf.com\/bg\/?page_id=944"},{"@type":"ListItem","position":3,"name":"Aluminum Form Tie Full Wall Tie Nominal Tie"}]},{"@type":"WebSite","@id":"https:\/\/qingdaohf.com\/bg\/#website","url":"https:\/\/qingdaohf.com\/bg\/","name":"Concrete Form & Rigging Hardware Supplier","description":"","publisher":{"@id":"https:\/\/qingdaohf.com\/bg\/#organization"},"potentialAction":[{"@type":"SearchAction","target":{"@type":"EntryPoint","urlTemplate":"https:\/\/qingdaohf.com\/bg\/?s={search_term_string}"},"query-input":{"@type":"PropertyValueSpecification","valueRequired":true,"valueName":"search_term_string"}}],"inLanguage":"cs"},{"@type":"Organization","@id":"https:\/\/qingdaohf.com\/bg\/#organization","name":"Qingdao H&F","url":"https:\/\/qingdaohf.com\/bg\/","logo":{"@type":"ImageObject","inLanguage":"cs","@id":"https:\/\/qingdaohf.com\/bg\/#\/schema\/logo\/image\/","url":"https:\/\/qingdaohf.com\/wp-content\/uploads\/2022\/12\/cropped-HF-LOGO.png","contentUrl":"https:\/\/qingdaohf.com\/wp-content\/uploads\/2022\/12\/cropped-HF-LOGO.png","width":391,"height":249,"caption":"Qingdao H&F"},"image":{"@id":"https:\/\/qingdaohf.com\/bg\/#\/schema\/logo\/image\/"},"sameAs":["https:\/\/www.facebook.com\/qingdaohf"]}]}},"_links":{"self":[{"href":"https:\/\/qingdaohf.com\/cs\/wp-json\/wp\/v2\/product\/1909","targetHints":{"allow":["GET"]}}],"collection":[{"href":"https:\/\/qingdaohf.com\/cs\/wp-json\/wp\/v2\/product"}],"about":[{"href":"https:\/\/qingdaohf.com\/cs\/wp-json\/wp\/v2\/types\/product"}],"replies":[{"embeddable":true,"href":"https:\/\/qingdaohf.com\/cs\/wp-json\/wp\/v2\/comments?post=1909"}],"version-history":[{"count":13,"href":"https:\/\/qingdaohf.com\/cs\/wp-json\/wp\/v2\/product\/1909\/revisions"}],"predecessor-version":[{"id":8879,"href":"https:\/\/qingdaohf.com\/cs\/wp-json\/wp\/v2\/product\/1909\/revisions\/8879"}],"wp:featuredmedia":[{"embeddable":true,"href":"https:\/\/qingdaohf.com\/cs\/wp-json\/wp\/v2\/media\/2804"}],"wp:attachment":[{"href":"https:\/\/qingdaohf.com\/cs\/wp-json\/wp\/v2\/media?parent=1909"}],"wp:term":[{"taxonomy":"product_brand","embeddable":true,"href":"https:\/\/qingdaohf.com\/cs\/wp-json\/wp\/v2\/product_brand?post=1909"},{"taxonomy":"product_cat","embeddable":true,"href":"https:\/\/qingdaohf.com\/cs\/wp-json\/wp\/v2\/product_cat?post=1909"},{"taxonomy":"product_tag","embeddable":true,"href":"https:\/\/qingdaohf.com\/cs\/wp-json\/wp\/v2\/product_tag?post=1909"}],"curies":[{"name":"wp","href":"https:\/\/api.w.org\/{rel}","templated":true}]}}