{"id":1917,"date":"2023-02-01T18:12:15","date_gmt":"2023-02-01T10:12:15","guid":{"rendered":"http:\/\/qingdaohf.com\/?post_type=product&#038;p=1917"},"modified":"2025-11-13T09:06:39","modified_gmt":"2025-11-13T01:06:39","slug":"round-head-pin","status":"publish","type":"product","link":"https:\/\/qingdaohf.com\/cs\/produkt\/kolik-s-kulatou-hlavou\/","title":{"rendered":"Stavebn\u00ed hardware Kol\u00edk s kulatou hlavou"},"content":{"rendered":"<p>Kol\u00edky s kulatou hlavou se b\u011b\u017en\u011b pou\u017e\u00edvaj\u00ed v beton\u00e1\u0159sk\u00fdch a stavebn\u00edch projektech. Tyto kol\u00edky jsou obvykle vyrobeny z oceli a maj\u00ed kulatou hlavu, kter\u00e1 umo\u017e\u0148uje snadn\u00e9 zasunut\u00ed a vyjmut\u00ed. Pou\u017e\u00edvaj\u00ed se k upevn\u011bn\u00ed betonov\u00fdch forem k sob\u011b a zaji\u0161\u0165uj\u00ed, \u017ee formy z\u016fstanou b\u011bhem lit\u00ed a tuhnut\u00ed betonu na sv\u00e9m m\u00edst\u011b.<\/p>\n<p>Kol\u00edky s kulatou hlavou jsou ur\u010deny k pou\u017eit\u00ed ve spojen\u00ed s dal\u0161\u00edm p\u0159\u00edslu\u0161enstv\u00edm pro beton\u00e1\u0159sk\u00e9 pr\u00e1ce, jako jsou karabiny, kl\u00edny a ploch\u00e9 vazby. Vkl\u00e1daj\u00ed se do otvor\u016f v tvarovk\u00e1ch a pot\u00e9 se ohnou, aby se tvarovky zajistily dohromady. T\u00edm je zaji\u0161t\u011bno, \u017ee formy z\u016fstanou b\u011bhem lit\u00ed a tuhnut\u00ed betonu vyrovnan\u00e9 a na sv\u00e9m m\u00edst\u011b.<\/p>\n<p>Kol\u00edky s kulatou hlavou se dod\u00e1vaj\u00ed v r\u016fzn\u00fdch d\u00e9lk\u00e1ch a pr\u016fm\u011brech, aby se p\u0159izp\u016fsobily r\u016fzn\u00fdm typ\u016fm a tlou\u0161\u0165k\u00e1m betonov\u00fdch forem. Obvykle jsou vyrobeny z vysokopevnostn\u00ed oceli, kter\u00e1 zaji\u0161\u0165uje trvanlivost a odolnost proti oh\u00fdb\u00e1n\u00ed nebo l\u00e1m\u00e1n\u00ed pod tlakem.<\/p>\n<div class=\"ast-oembed-container\" style=\"height: 100%;\"><iframe title=\"Standardn\u00ed kl\u00ednov\u00fd \u0161roub, kombinovan\u00fd kol\u00edk, kol\u00edk s kulatou hlavou\" width=\"500\" height=\"281\" src=\"https:\/\/www.youtube.com\/embed\/8-Jk5w-PzSU?feature=oembed\" frameborder=\"0\" allow=\"accelerometer; autoplay; clipboard-write; encrypted-media; gyroscope; picture-in-picture; web-share\" referrerpolicy=\"strict-origin-when-cross-origin\" allowfullscreen><\/iframe><\/div>","protected":false},"excerpt":{"rendered":"<p>Kol\u00edky s kulatou\/plochou hlavou\/kombina\u010dn\u00ed kol\u00edky pro p\u0159\u00edslu\u0161enstv\u00ed a kov\u00e1n\u00ed hlin\u00edkov\u00fdch tv\u00e1\u0159ec\u00edch syst\u00e9m\u016f v betonov\u00fdch stavb\u00e1ch.<\/p>","protected":false},"featured_media":2925,"comment_status":"open","ping_status":"closed","template":"","meta":{"site-sidebar-layout":"default","site-content-layout":"default","ast-site-content-layout":"default","site-content-style":"default","site-sidebar-style":"default","ast-global-header-display":"","ast-banner-title-visibility":"","ast-main-header-display":"","ast-hfb-above-header-display":"","ast-hfb-below-header-display":"","ast-hfb-mobile-header-display":"","site-post-title":"","ast-breadcrumbs-content":"","ast-featured-img":"","footer-sml-layout":"","theme-transparent-header-meta":"default","adv-header-id-meta":"","stick-header-meta":"default","header-above-stick-meta":"","header-main-stick-meta":"","header-below-stick-meta":"","astra-migrate-meta-layouts":"set","ast-page-background-enabled":"default","ast-page-background-meta":{"desktop":{"background-color":"","background-image":"","background-repeat":"repeat","background-position":"center center","background-size":"auto","background-attachment":"scroll","background-type":"","background-media":"","overlay-type":"","overlay-color":"","overlay-opacity":"","overlay-gradient":""},"tablet":{"background-color":"","background-image":"","background-repeat":"repeat","background-position":"center center","background-size":"auto","background-attachment":"scroll","background-type":"","background-media":"","overlay-type":"","overlay-color":"","overlay-opacity":"","overlay-gradient":""},"mobile":{"background-color":"","background-image":"","background-repeat":"repeat","background-position":"center center","background-size":"auto","background-attachment":"scroll","background-type":"","background-media":"","overlay-type":"","overlay-color":"","overlay-opacity":"","overlay-gradient":""}},"ast-content-background-meta":{"desktop":{"background-color":"var(--ast-global-color-5)","background-image":"","background-repeat":"repeat","background-position":"center center","background-size":"auto","background-attachment":"scroll","background-type":"","background-media":"","overlay-type":"","overlay-color":"","overlay-opacity":"","overlay-gradient":""},"tablet":{"background-color":"var(--ast-global-color-5)","background-image":"","background-repeat":"repeat","background-position":"center center","background-size":"auto","background-attachment":"scroll","background-type":"","background-media":"","overlay-type":"","overlay-color":"","overlay-opacity":"","overlay-gradient":""},"mobile":{"background-color":"var(--ast-global-color-5)","background-image":"","background-repeat":"repeat","background-position":"center center","background-size":"auto","background-attachment":"scroll","background-type":"","background-media":"","overlay-type":"","overlay-color":"","overlay-opacity":"","overlay-gradient":""}}},"product_brand":[],"product_cat":[50,20,65,28],"product_tag":[],"class_list":{"0":"post-1917","1":"product","2":"type-product","3":"status-publish","4":"has-post-thumbnail","6":"product_cat-concrete-form-accessories","7":"product_cat-concrete-wall-tie","8":"product_cat-aluminum-form-tie","9":"product_cat-concrete-forming","10":"desktop-align-left","11":"tablet-align-left","12":"mobile-align-left","13":"ast-product-gallery-layout-horizontal-slider","14":"ast-product-tabs-layout-horizontal","16":"first","17":"instock","18":"shipping-taxable","19":"purchasable","20":"product-type-simple"},"yoast_head":"<!-- This site is optimized with the Yoast SEO plugin v25.2 - https:\/\/yoast.com\/wordpress\/plugins\/seo\/ -->\n<title>Construction Hardware Round Head Pin<\/title>\n<meta name=\"description\" content=\"Round\/flat head pin\/combo pin for aluminum forming system accessories &amp; hardware in concrete building\" \/>\n<meta name=\"robots\" content=\"index, follow, max-snippet:-1, max-image-preview:large, max-video-preview:-1\" \/>\n<link rel=\"canonical\" href=\"https:\/\/qingdaohf.com\/cs\/produkt\/kolik-s-kulatou-hlavou\/\" \/>\n<meta property=\"og:locale\" content=\"cs_CZ\" \/>\n<meta property=\"og:type\" content=\"article\" \/>\n<meta property=\"og:title\" content=\"Construction Hardware Round Head Pin\" \/>\n<meta property=\"og:description\" content=\"Round\/flat head pin\/combo pin for aluminum forming system accessories &amp; hardware in concrete building\" \/>\n<meta property=\"og:url\" content=\"https:\/\/qingdaohf.com\/cs\/produkt\/kolik-s-kulatou-hlavou\/\" \/>\n<meta property=\"og:site_name\" content=\"Concrete Form &amp; Rigging Hardware Supplier\" \/>\n<meta property=\"article:publisher\" content=\"https:\/\/www.facebook.com\/qingdaohf\" \/>\n<meta property=\"article:modified_time\" content=\"2025-11-13T01:06:39+00:00\" \/>\n<meta property=\"og:image\" content=\"https:\/\/qingdaohf.com\/wp-content\/uploads\/2023\/02\/Round-head-pin-5.jpg\" \/>\n\t<meta property=\"og:image:width\" content=\"1000\" \/>\n\t<meta property=\"og:image:height\" content=\"1000\" \/>\n\t<meta property=\"og:image:type\" content=\"image\/jpeg\" \/>\n<meta name=\"twitter:card\" content=\"summary_large_image\" \/>\n<meta name=\"twitter:label1\" content=\"Odhadovan\u00e1 doba \u010dten\u00ed\" \/>\n\t<meta name=\"twitter:data1\" content=\"1 minuta\" \/>\n<script type=\"application\/ld+json\" class=\"yoast-schema-graph\">{\"@context\":\"https:\/\/schema.org\",\"@graph\":[{\"@type\":\"WebPage\",\"@id\":\"https:\/\/qingdaohf.com\/product\/round-head-pin\/\",\"url\":\"https:\/\/qingdaohf.com\/product\/round-head-pin\/\",\"name\":\"Construction Hardware Round Head Pin\",\"isPartOf\":{\"@id\":\"https:\/\/qingdaohf.com\/bg\/#website\"},\"primaryImageOfPage\":{\"@id\":\"https:\/\/qingdaohf.com\/product\/round-head-pin\/#primaryimage\"},\"image\":{\"@id\":\"https:\/\/qingdaohf.com\/product\/round-head-pin\/#primaryimage\"},\"thumbnailUrl\":\"https:\/\/qingdaohf.com\/wp-content\/uploads\/2023\/02\/Round-head-pin-5.jpg\",\"datePublished\":\"2023-02-01T10:12:15+00:00\",\"dateModified\":\"2025-11-13T01:06:39+00:00\",\"description\":\"Round\/flat head pin\/combo pin for aluminum forming system accessories & hardware in concrete building\",\"breadcrumb\":{\"@id\":\"https:\/\/qingdaohf.com\/product\/round-head-pin\/#breadcrumb\"},\"inLanguage\":\"cs\",\"potentialAction\":[{\"@type\":\"ReadAction\",\"target\":[\"https:\/\/qingdaohf.com\/product\/round-head-pin\/\"]}]},{\"@type\":\"ImageObject\",\"inLanguage\":\"cs\",\"@id\":\"https:\/\/qingdaohf.com\/product\/round-head-pin\/#primaryimage\",\"url\":\"https:\/\/qingdaohf.com\/wp-content\/uploads\/2023\/02\/Round-head-pin-5.jpg\",\"contentUrl\":\"https:\/\/qingdaohf.com\/wp-content\/uploads\/2023\/02\/Round-head-pin-5.jpg\",\"width\":1000,\"height\":1000,\"caption\":\"Round head pin\"},{\"@type\":\"BreadcrumbList\",\"@id\":\"https:\/\/qingdaohf.com\/product\/round-head-pin\/#breadcrumb\",\"itemListElement\":[{\"@type\":\"ListItem\",\"position\":1,\"name\":\"Home\",\"item\":\"https:\/\/qingdaohf.com\/\"},{\"@type\":\"ListItem\",\"position\":2,\"name\":\"Concrete Forming Accessories and Rigging Hardware\",\"item\":\"https:\/\/qingdaohf.com\/bg\/?page_id=944\"},{\"@type\":\"ListItem\",\"position\":3,\"name\":\"Construction Hardware Round Head Pin\"}]},{\"@type\":\"WebSite\",\"@id\":\"https:\/\/qingdaohf.com\/bg\/#website\",\"url\":\"https:\/\/qingdaohf.com\/bg\/\",\"name\":\"Concrete Form & Rigging Hardware Supplier\",\"description\":\"\",\"publisher\":{\"@id\":\"https:\/\/qingdaohf.com\/bg\/#organization\"},\"potentialAction\":[{\"@type\":\"SearchAction\",\"target\":{\"@type\":\"EntryPoint\",\"urlTemplate\":\"https:\/\/qingdaohf.com\/bg\/?s={search_term_string}\"},\"query-input\":{\"@type\":\"PropertyValueSpecification\",\"valueRequired\":true,\"valueName\":\"search_term_string\"}}],\"inLanguage\":\"cs\"},{\"@type\":\"Organization\",\"@id\":\"https:\/\/qingdaohf.com\/bg\/#organization\",\"name\":\"Qingdao H&F\",\"url\":\"https:\/\/qingdaohf.com\/bg\/\",\"logo\":{\"@type\":\"ImageObject\",\"inLanguage\":\"cs\",\"@id\":\"https:\/\/qingdaohf.com\/bg\/#\/schema\/logo\/image\/\",\"url\":\"https:\/\/qingdaohf.com\/wp-content\/uploads\/2022\/12\/cropped-HF-LOGO.png\",\"contentUrl\":\"https:\/\/qingdaohf.com\/wp-content\/uploads\/2022\/12\/cropped-HF-LOGO.png\",\"width\":391,\"height\":249,\"caption\":\"Qingdao H&F\"},\"image\":{\"@id\":\"https:\/\/qingdaohf.com\/bg\/#\/schema\/logo\/image\/\"},\"sameAs\":[\"https:\/\/www.facebook.com\/qingdaohf\"]}]}<\/script>\n<!-- \/ Yoast SEO plugin. -->","yoast_head_json":{"title":"Construction Hardware Round Head Pin","description":"Round\/flat head pin\/combo pin for aluminum forming system accessories & hardware in concrete building","robots":{"index":"index","follow":"follow","max-snippet":"max-snippet:-1","max-image-preview":"max-image-preview:large","max-video-preview":"max-video-preview:-1"},"canonical":"https:\/\/qingdaohf.com\/cs\/produkt\/kolik-s-kulatou-hlavou\/","og_locale":"cs_CZ","og_type":"article","og_title":"Construction Hardware Round Head Pin","og_description":"Round\/flat head pin\/combo pin for aluminum forming system accessories & hardware in concrete building","og_url":"https:\/\/qingdaohf.com\/cs\/produkt\/kolik-s-kulatou-hlavou\/","og_site_name":"Concrete Form &amp; Rigging Hardware Supplier","article_publisher":"https:\/\/www.facebook.com\/qingdaohf","article_modified_time":"2025-11-13T01:06:39+00:00","og_image":[{"width":1000,"height":1000,"url":"https:\/\/qingdaohf.com\/wp-content\/uploads\/2023\/02\/Round-head-pin-5.jpg","type":"image\/jpeg"}],"twitter_card":"summary_large_image","twitter_misc":{"Odhadovan\u00e1 doba \u010dten\u00ed":"1 minuta"},"schema":{"@context":"https:\/\/schema.org","@graph":[{"@type":"WebPage","@id":"https:\/\/qingdaohf.com\/product\/round-head-pin\/","url":"https:\/\/qingdaohf.com\/product\/round-head-pin\/","name":"Construction Hardware Round Head Pin","isPartOf":{"@id":"https:\/\/qingdaohf.com\/bg\/#website"},"primaryImageOfPage":{"@id":"https:\/\/qingdaohf.com\/product\/round-head-pin\/#primaryimage"},"image":{"@id":"https:\/\/qingdaohf.com\/product\/round-head-pin\/#primaryimage"},"thumbnailUrl":"https:\/\/qingdaohf.com\/wp-content\/uploads\/2023\/02\/Round-head-pin-5.jpg","datePublished":"2023-02-01T10:12:15+00:00","dateModified":"2025-11-13T01:06:39+00:00","description":"Round\/flat head pin\/combo pin for aluminum forming system accessories & hardware in concrete building","breadcrumb":{"@id":"https:\/\/qingdaohf.com\/product\/round-head-pin\/#breadcrumb"},"inLanguage":"cs","potentialAction":[{"@type":"ReadAction","target":["https:\/\/qingdaohf.com\/product\/round-head-pin\/"]}]},{"@type":"ImageObject","inLanguage":"cs","@id":"https:\/\/qingdaohf.com\/product\/round-head-pin\/#primaryimage","url":"https:\/\/qingdaohf.com\/wp-content\/uploads\/2023\/02\/Round-head-pin-5.jpg","contentUrl":"https:\/\/qingdaohf.com\/wp-content\/uploads\/2023\/02\/Round-head-pin-5.jpg","width":1000,"height":1000,"caption":"Round head pin"},{"@type":"BreadcrumbList","@id":"https:\/\/qingdaohf.com\/product\/round-head-pin\/#breadcrumb","itemListElement":[{"@type":"ListItem","position":1,"name":"Home","item":"https:\/\/qingdaohf.com\/"},{"@type":"ListItem","position":2,"name":"Concrete Forming Accessories and Rigging Hardware","item":"https:\/\/qingdaohf.com\/bg\/?page_id=944"},{"@type":"ListItem","position":3,"name":"Construction Hardware Round Head Pin"}]},{"@type":"WebSite","@id":"https:\/\/qingdaohf.com\/bg\/#website","url":"https:\/\/qingdaohf.com\/bg\/","name":"Concrete Form & Rigging Hardware Supplier","description":"","publisher":{"@id":"https:\/\/qingdaohf.com\/bg\/#organization"},"potentialAction":[{"@type":"SearchAction","target":{"@type":"EntryPoint","urlTemplate":"https:\/\/qingdaohf.com\/bg\/?s={search_term_string}"},"query-input":{"@type":"PropertyValueSpecification","valueRequired":true,"valueName":"search_term_string"}}],"inLanguage":"cs"},{"@type":"Organization","@id":"https:\/\/qingdaohf.com\/bg\/#organization","name":"Qingdao H&F","url":"https:\/\/qingdaohf.com\/bg\/","logo":{"@type":"ImageObject","inLanguage":"cs","@id":"https:\/\/qingdaohf.com\/bg\/#\/schema\/logo\/image\/","url":"https:\/\/qingdaohf.com\/wp-content\/uploads\/2022\/12\/cropped-HF-LOGO.png","contentUrl":"https:\/\/qingdaohf.com\/wp-content\/uploads\/2022\/12\/cropped-HF-LOGO.png","width":391,"height":249,"caption":"Qingdao H&F"},"image":{"@id":"https:\/\/qingdaohf.com\/bg\/#\/schema\/logo\/image\/"},"sameAs":["https:\/\/www.facebook.com\/qingdaohf"]}]}},"_links":{"self":[{"href":"https:\/\/qingdaohf.com\/cs\/wp-json\/wp\/v2\/product\/1917","targetHints":{"allow":["GET"]}}],"collection":[{"href":"https:\/\/qingdaohf.com\/cs\/wp-json\/wp\/v2\/product"}],"about":[{"href":"https:\/\/qingdaohf.com\/cs\/wp-json\/wp\/v2\/types\/product"}],"replies":[{"embeddable":true,"href":"https:\/\/qingdaohf.com\/cs\/wp-json\/wp\/v2\/comments?post=1917"}],"version-history":[{"count":6,"href":"https:\/\/qingdaohf.com\/cs\/wp-json\/wp\/v2\/product\/1917\/revisions"}],"predecessor-version":[{"id":10246,"href":"https:\/\/qingdaohf.com\/cs\/wp-json\/wp\/v2\/product\/1917\/revisions\/10246"}],"wp:featuredmedia":[{"embeddable":true,"href":"https:\/\/qingdaohf.com\/cs\/wp-json\/wp\/v2\/media\/2925"}],"wp:attachment":[{"href":"https:\/\/qingdaohf.com\/cs\/wp-json\/wp\/v2\/media?parent=1917"}],"wp:term":[{"taxonomy":"product_brand","embeddable":true,"href":"https:\/\/qingdaohf.com\/cs\/wp-json\/wp\/v2\/product_brand?post=1917"},{"taxonomy":"product_cat","embeddable":true,"href":"https:\/\/qingdaohf.com\/cs\/wp-json\/wp\/v2\/product_cat?post=1917"},{"taxonomy":"product_tag","embeddable":true,"href":"https:\/\/qingdaohf.com\/cs\/wp-json\/wp\/v2\/product_tag?post=1917"}],"curies":[{"name":"wp","href":"https:\/\/api.w.org\/{rel}","templated":true}]}}