{"id":2076,"date":"2023-02-08T16:18:02","date_gmt":"2023-02-08T08:18:02","guid":{"rendered":"http:\/\/qingdaohf.com\/?post_type=product&#038;p=2076"},"modified":"2025-11-13T09:06:36","modified_gmt":"2025-11-13T01:06:36","slug":"concrete-form-pins","status":"publish","type":"product","link":"https:\/\/qingdaohf.com\/cs\/produkt\/koliky-do-betonove-formy\/","title":{"rendered":"Kol\u00edky pro betonov\u00e9 tvarovky"},"content":{"rendered":"<div class=\"ast-oembed-container\" style=\"height: 100%;\"><iframe title=\"Betonov\u00fd ocelov\u00fd kol\u00edk\" width=\"500\" height=\"281\" src=\"https:\/\/www.youtube.com\/embed\/kDArajRbFtQ?feature=oembed\" frameborder=\"0\" allow=\"accelerometer; autoplay; clipboard-write; encrypted-media; gyroscope; picture-in-picture; web-share\" referrerpolicy=\"strict-origin-when-cross-origin\" allowfullscreen><\/iframe><\/div>\n<p>Ch\u00e1peme, \u017ee p\u0159i hled\u00e1n\u00ed stavebn\u00edch materi\u00e1l\u016f nejvy\u0161\u0161\u00ed kvality vy\u017eadujete dokonalost a spolehlivost. Proto je tu spole\u010dnost Qingdao H&amp;F - v\u00e1\u0161 spolehliv\u00fd partner pro v\u0161echny va\u0161e stavebn\u00ed pot\u0159eby, kter\u00fd nab\u00edz\u00ed ty nejlep\u0161\u00ed kulat\u00e9 ocelov\u00e9 h\u0159eb\u00edky podpo\u0159en\u00e9 na\u0161imi 20 lety zku\u0161enost\u00ed v oboru.<\/p>\n<p><strong>1. Bezkonkuren\u010dn\u00ed odolnost a pevnost:<\/strong> Jsme si v\u011bdomi, \u017ee u kulat\u00fdch ocelov\u00fdch h\u0159eb\u00edk\u016f je trvanlivost a pevnost neoddiskutovateln\u00e1. N\u00e1\u0161 kooperuj\u00edc\u00ed z\u00e1vod, kter\u00fd se specializuje na p\u0159\u00edslu\u0161enstv\u00ed pro beton\u00e1\u0159sk\u00e9 pr\u00e1ce a kov\u00e1n\u00ed, vyr\u00e1b\u00ed tyto k\u016fly s p\u0159esnost\u00ed z vysoce kvalitn\u00ed oceli. To zaru\u010duje robustnost a odolnost, kterou va\u0161e projekty vy\u017eaduj\u00ed.<\/p>\n<p><strong>2. D\u016fslednost, kter\u00e9 m\u016f\u017eete v\u011b\u0159it:<\/strong> D\u016fslednost a zaji\u0161t\u011bn\u00ed kvality jsou nejd\u016fle\u017eit\u011bj\u0161\u00ed. Ka\u017ed\u00fd kulat\u00fd ocelov\u00fd h\u0159eb\u00edk proch\u00e1z\u00ed p\u0159\u00edsnou kontrolou a ke ka\u017ed\u00e9 objedn\u00e1vce poskytujeme komplexn\u00ed zpr\u00e1vu o kontrole kvality. T\u00edm je zaji\u0161t\u011bno, \u017ee poka\u017ed\u00e9 obdr\u017e\u00edte v\u00fdrobky spl\u0148uj\u00edc\u00ed nejvy\u0161\u0161\u00ed pr\u016fmyslov\u00e9 standardy.<\/p>\n<p><strong>3. Na m\u00edru va\u0161im pot\u0159eb\u00e1m:<\/strong> Va\u0161e projekty jsou jedine\u010dn\u00e9 a mo\u017enosti p\u0159izp\u016fsoben\u00ed jsou z\u00e1sadn\u00ed. Nab\u00edz\u00edme mo\u017enost p\u0159izp\u016fsobit kulat\u00e9 ocelov\u00e9 h\u0159eb\u00edkov\u00e9 k\u016fly va\u0161im p\u0159esn\u00fdm rozm\u011br\u016fm a specifikac\u00edm, \u010d\u00edm\u017e zajist\u00edme jejich bezprobl\u00e9movou integraci do va\u0161eho \u00fasil\u00ed.<\/p>\n<p><strong>4. Konkuren\u010dn\u00ed ceny:<\/strong> Uv\u011bdomujeme si, \u017ee i kdy\u017e je kvalita kl\u00ed\u010dov\u00e1, z\u00e1le\u017e\u00ed tak\u00e9 na konkurenceschopn\u00e9 cen\u011b. Na\u0161e efektivn\u00ed v\u00fdrobn\u00ed procesy n\u00e1m umo\u017e\u0148uj\u00ed nab\u00edzet kulat\u00e9 ocelov\u00e9 k\u016fly za ceny, kter\u00e9 odpov\u00eddaj\u00ed va\u0161emu rozpo\u010dtu, ani\u017e by to bylo na \u00fakor kvality.<\/p>\n<p><strong>5. Rychl\u00e1 dostupnost a pohodl\u00ed:<\/strong> V\u00e1\u0161 \u010das je neoceniteln\u00fd a m\u00edt snadno dostupn\u00e9 produkty je nezbytn\u00e9. Udr\u017eujeme optim\u00e1ln\u00ed skladov\u00e9 z\u00e1soby, \u010d\u00edm\u017e zaji\u0161\u0165ujeme rychl\u00fd p\u0159\u00edstup ke kulat\u00fdm ocelov\u00fdm h\u0159eb\u00edk\u016fm a sni\u017eujeme prostoje v projektu.<\/p>\n<p><strong>6. Za\u017eijte na\u0161i oddanost:<\/strong> Objevte rozd\u00edl s Qingdao H&amp;F. Nab\u00edz\u00edme mo\u017enost vy\u017e\u00e1dat si zdarma vzorky na\u0161ich kulat\u00fdch ocelov\u00fdch h\u0159eb\u00edk\u016f, abyste se mohli p\u0159esv\u011bd\u010dit o jejich kvalit\u011b na vlastn\u00ed k\u016f\u017ei. N\u00e1\u0161 individu\u00e1ln\u00ed z\u00e1kaznick\u00fd servis v\u00e1m nav\u00edc zajist\u00ed poradenstv\u00ed a podporu, kterou pot\u0159ebujete b\u011bhem cel\u00e9ho n\u00e1kupu.<\/p>\n<p>Jsme v\u00edc ne\u017e jen dodavatel nebo velkoobchodn\u00edk; jsme v\u00e1\u0161 oddan\u00fd partner p\u0159i sh\u00e1n\u011bn\u00ed vysoce kvalitn\u00edch kulat\u00fdch ocelov\u00fdch h\u0159eb\u00edk\u016f ve velk\u00e9m. D\u00edky na\u0161im odborn\u00fdm znalostem, konkurenceschopn\u00fdm cen\u00e1m a neochv\u011bjn\u00e9mu z\u00e1vazku k va\u0161\u00ed spokojenosti je spole\u010dnost Qingdao H&amp;F va\u0161\u00edm d\u016fv\u011bryhodn\u00fdm zdrojem pro v\u0161echny va\u0161e po\u017eadavky v oblasti stavebnictv\u00ed a beton\u00e1\u0159stv\u00ed.<\/p>\n<p>Vyberte si n\u00e1s pro bezprobl\u00e9mov\u00fd z\u00e1\u017eitek, kter\u00fd se dokonale p\u0159izp\u016fsob\u00ed va\u0161im jedine\u010dn\u00fdm po\u017eadavk\u016fm na projekt. Poznejte v\u00fdhody spolupr\u00e1ce s renomovanou spole\u010dnost\u00ed, kter\u00e1 se m\u016f\u017ee pochlubit dv\u011bma desetilet\u00edmi vynikaj\u00edc\u00ed kvality v oboru. Va\u0161e hled\u00e1n\u00ed \u0161pi\u010dkov\u00fdch kulat\u00fdch ocelov\u00fdch h\u0159eb\u00edkov\u00fdch k\u016fl\u016f zde kon\u010d\u00ed - kontaktujte n\u00e1s je\u0161t\u011b dnes a pozvedn\u011bte sv\u00e9 stavebn\u00ed projekty na novou \u00farove\u0148.<\/p>\n<p><img fetchpriority=\"high\" decoding=\"async\" class=\"alignnone wp-image-5536\" src=\"http:\/\/qingdaohf.com\/wp-content\/uploads\/2023\/02\/round-steel-stake-1.jpg\" alt=\"kulat\u00fd ocelov\u00fd kol\u00edk\" width=\"1200\" height=\"1200\" srcset=\"https:\/\/qingdaohf.com\/wp-content\/uploads\/2023\/02\/round-steel-stake-1.jpg 1000w, https:\/\/qingdaohf.com\/wp-content\/uploads\/2023\/02\/round-steel-stake-1-300x300.jpg 300w, https:\/\/qingdaohf.com\/wp-content\/uploads\/2023\/02\/round-steel-stake-1-150x150.jpg 150w, https:\/\/qingdaohf.com\/wp-content\/uploads\/2023\/02\/round-steel-stake-1-768x768.jpg 768w, https:\/\/qingdaohf.com\/wp-content\/uploads\/2023\/02\/round-steel-stake-1-500x500.jpg 500w, https:\/\/qingdaohf.com\/wp-content\/uploads\/2023\/02\/round-steel-stake-1-100x100.jpg 100w\" sizes=\"(max-width: 1200px) 100vw, 1200px\" \/><\/p>\n<p><img decoding=\"async\" class=\"alignnone size-full wp-image-2789\" src=\"http:\/\/qingdaohf.com\/wp-content\/uploads\/2023\/02\/\u672a\u6807\u9898-1.jpg\" alt=\"\" width=\"1200\" height=\"1200\" srcset=\"https:\/\/qingdaohf.com\/wp-content\/uploads\/2023\/02\/\u672a\u6807\u9898-1.jpg 1200w, https:\/\/qingdaohf.com\/wp-content\/uploads\/2023\/02\/\u672a\u6807\u9898-1-500x500.jpg 500w, https:\/\/qingdaohf.com\/wp-content\/uploads\/2023\/02\/\u672a\u6807\u9898-1-100x100.jpg 100w, https:\/\/qingdaohf.com\/wp-content\/uploads\/2023\/02\/\u672a\u6807\u9898-1-1000x1000.jpg 1000w, https:\/\/qingdaohf.com\/wp-content\/uploads\/2023\/02\/\u672a\u6807\u9898-1-300x300.jpg 300w, https:\/\/qingdaohf.com\/wp-content\/uploads\/2023\/02\/\u672a\u6807\u9898-1-1024x1024.jpg 1024w, https:\/\/qingdaohf.com\/wp-content\/uploads\/2023\/02\/\u672a\u6807\u9898-1-150x150.jpg 150w, https:\/\/qingdaohf.com\/wp-content\/uploads\/2023\/02\/\u672a\u6807\u9898-1-768x768.jpg 768w\" sizes=\"(max-width: 1200px) 100vw, 1200px\" \/><\/p>\n<div class=\"flex-1 overflow-hidden\">\n<div class=\"react-scroll-to-bottom--css-kwokg-79elbk h-full dark:bg-gray-800\">\n<div class=\"react-scroll-to-bottom--css-kwokg-1n7m0yu\">\n<div class=\"flex flex-col items-center text-sm dark:bg-gray-800\">\n<div class=\"w-full border-b border-black\/10 dark:border-gray-900\/50 text-gray-800 dark:text-gray-100 group bg-gray-50 dark:bg-[#444654]\">\n<div class=\"text-base gap-4 md:gap-6 m-auto md:max-w-2xl lg:max-w-2xl xl:max-w-3xl p-4 md:py-6 flex lg:px-0\">\n<div class=\"relative flex w-[calc(100%-50px)] flex-col gap-1 md:gap-3 lg:w-[calc(100%-115px)]\">\n<div class=\"flex flex-grow flex-col gap-3\">\n<div class=\"min-h-[20px] flex flex-col items-start gap-4 whitespace-pre-wrap\">\n<div class=\"markdown prose w-full break-words dark:prose-invert light\">\n<p>&nbsp;<\/p>\n<\/div>\n<\/div>\n<\/div>\n<\/div>\n<\/div>\n<\/div>\n<\/div>\n<\/div>\n<\/div>\n<\/div>","protected":false},"excerpt":{"rendered":"<p>12\u2033-48\u2033 ocelov\u00e9 kol\u00edky pro betonov\u00e9 formy. Beton\u00e1\u0159sk\u00e9 kol\u00edky dr\u017e\u00ed betonov\u00e9 formy na m\u00edst\u011b a maj\u00ed na mnoha m\u00edstech otvory pro rychl\u00e9 p\u0159ibit\u00ed.<\/p>\n<p>Kulat\u00e9 ocelov\u00e9 k\u016fly jsou nejb\u011b\u017en\u011bj\u0161\u00edm typem ocelov\u00fdch k\u016fl\u016f pou\u017e\u00edvan\u00fdch p\u0159i betonov\u00e1n\u00ed. Jsou obvykle vyrobeny z vysokopevnostn\u00ed oceli a jsou k dispozici v r\u016fzn\u00fdch pr\u016fm\u011brech a d\u00e9lk\u00e1ch. Kulat\u00e9 ocelov\u00e9 k\u016fly se snadno instaluj\u00ed a demontuj\u00ed a poskytuj\u00ed vynikaj\u00edc\u00ed stabilitu a oporu pro bedn\u011bn\u00ed.<\/p>","protected":false},"featured_media":2791,"comment_status":"open","ping_status":"closed","template":"","meta":{"site-sidebar-layout":"default","site-content-layout":"default","ast-site-content-layout":"default","site-content-style":"default","site-sidebar-style":"default","ast-global-header-display":"","ast-banner-title-visibility":"","ast-main-header-display":"","ast-hfb-above-header-display":"","ast-hfb-below-header-display":"","ast-hfb-mobile-header-display":"","site-post-title":"","ast-breadcrumbs-content":"","ast-featured-img":"","footer-sml-layout":"","theme-transparent-header-meta":"default","adv-header-id-meta":"","stick-header-meta":"default","header-above-stick-meta":"","header-main-stick-meta":"","header-below-stick-meta":"","astra-migrate-meta-layouts":"set","ast-page-background-enabled":"default","ast-page-background-meta":{"desktop":{"background-color":"","background-image":"","background-repeat":"repeat","background-position":"center center","background-size":"auto","background-attachment":"scroll","background-type":"","background-media":"","overlay-type":"","overlay-color":"","overlay-opacity":"","overlay-gradient":""},"tablet":{"background-color":"","background-image":"","background-repeat":"repeat","background-position":"center center","background-size":"auto","background-attachment":"scroll","background-type":"","background-media":"","overlay-type":"","overlay-color":"","overlay-opacity":"","overlay-gradient":""},"mobile":{"background-color":"","background-image":"","background-repeat":"repeat","background-position":"center center","background-size":"auto","background-attachment":"scroll","background-type":"","background-media":"","overlay-type":"","overlay-color":"","overlay-opacity":"","overlay-gradient":""}},"ast-content-background-meta":{"desktop":{"background-color":"var(--ast-global-color-5)","background-image":"","background-repeat":"repeat","background-position":"center center","background-size":"auto","background-attachment":"scroll","background-type":"","background-media":"","overlay-type":"","overlay-color":"","overlay-opacity":"","overlay-gradient":""},"tablet":{"background-color":"var(--ast-global-color-5)","background-image":"","background-repeat":"repeat","background-position":"center center","background-size":"auto","background-attachment":"scroll","background-type":"","background-media":"","overlay-type":"","overlay-color":"","overlay-opacity":"","overlay-gradient":""},"mobile":{"background-color":"var(--ast-global-color-5)","background-image":"","background-repeat":"repeat","background-position":"center center","background-size":"auto","background-attachment":"scroll","background-type":"","background-media":"","overlay-type":"","overlay-color":"","overlay-opacity":"","overlay-gradient":""}}},"product_brand":[],"product_cat":[28,53],"product_tag":[],"class_list":{"0":"post-2076","1":"product","2":"type-product","3":"status-publish","4":"has-post-thumbnail","6":"product_cat-concrete-forming","7":"product_cat-steel-stake","8":"desktop-align-left","9":"tablet-align-left","10":"mobile-align-left","11":"ast-product-gallery-layout-horizontal-slider","12":"ast-product-tabs-layout-horizontal","14":"first","15":"instock","16":"shipping-taxable","17":"purchasable","18":"product-type-simple"},"yoast_head":"<!-- This site is optimized with the Yoast SEO plugin v25.2 - https:\/\/yoast.com\/wordpress\/plugins\/seo\/ -->\n<title>Concrete Form Pins<\/title>\n<meta name=\"description\" content=\"12&quot;-48&quot; Round Steel Stake These forming stakes hold concrete forms in place and have holes in many spots to allow for quick nailing.\" \/>\n<meta name=\"robots\" content=\"index, follow, max-snippet:-1, max-image-preview:large, max-video-preview:-1\" \/>\n<link rel=\"canonical\" href=\"https:\/\/qingdaohf.com\/cs\/produkt\/koliky-do-betonove-formy\/\" \/>\n<meta property=\"og:locale\" content=\"cs_CZ\" \/>\n<meta property=\"og:type\" content=\"article\" \/>\n<meta property=\"og:title\" content=\"Concrete Form Pins\" \/>\n<meta property=\"og:description\" content=\"12&quot;-48&quot; Round Steel Stake These forming stakes hold concrete forms in place and have holes in many spots to allow for quick nailing.\" \/>\n<meta property=\"og:url\" content=\"https:\/\/qingdaohf.com\/cs\/produkt\/koliky-do-betonove-formy\/\" \/>\n<meta property=\"og:site_name\" content=\"Concrete Form &amp; Rigging Hardware Supplier\" \/>\n<meta property=\"article:publisher\" content=\"https:\/\/www.facebook.com\/qingdaohf\" \/>\n<meta property=\"article:modified_time\" content=\"2025-11-13T01:06:36+00:00\" \/>\n<meta property=\"og:image\" content=\"https:\/\/qingdaohf.com\/wp-content\/uploads\/2023\/02\/steel-stake-1-1.jpg\" \/>\n\t<meta property=\"og:image:width\" content=\"1000\" \/>\n\t<meta property=\"og:image:height\" content=\"1000\" \/>\n\t<meta property=\"og:image:type\" content=\"image\/jpeg\" \/>\n<meta name=\"twitter:card\" content=\"summary_large_image\" \/>\n<meta name=\"twitter:label1\" content=\"Odhadovan\u00e1 doba \u010dten\u00ed\" \/>\n\t<meta name=\"twitter:data1\" content=\"3 minuty\" \/>\n<script type=\"application\/ld+json\" class=\"yoast-schema-graph\">{\"@context\":\"https:\/\/schema.org\",\"@graph\":[{\"@type\":\"WebPage\",\"@id\":\"https:\/\/qingdaohf.com\/product\/concrete-form-pins\/\",\"url\":\"https:\/\/qingdaohf.com\/product\/concrete-form-pins\/\",\"name\":\"Concrete Form Pins\",\"isPartOf\":{\"@id\":\"https:\/\/qingdaohf.com\/bg\/#website\"},\"primaryImageOfPage\":{\"@id\":\"https:\/\/qingdaohf.com\/product\/concrete-form-pins\/#primaryimage\"},\"image\":{\"@id\":\"https:\/\/qingdaohf.com\/product\/concrete-form-pins\/#primaryimage\"},\"thumbnailUrl\":\"https:\/\/qingdaohf.com\/wp-content\/uploads\/2023\/02\/steel-stake-1-1.jpg\",\"datePublished\":\"2023-02-08T08:18:02+00:00\",\"dateModified\":\"2025-11-13T01:06:36+00:00\",\"description\":\"12\\\"-48\\\" Round Steel Stake These forming stakes hold concrete forms in place and have holes in many spots to allow for quick nailing.\",\"breadcrumb\":{\"@id\":\"https:\/\/qingdaohf.com\/product\/concrete-form-pins\/#breadcrumb\"},\"inLanguage\":\"cs\",\"potentialAction\":[{\"@type\":\"ReadAction\",\"target\":[\"https:\/\/qingdaohf.com\/product\/concrete-form-pins\/\"]}]},{\"@type\":\"ImageObject\",\"inLanguage\":\"cs\",\"@id\":\"https:\/\/qingdaohf.com\/product\/concrete-form-pins\/#primaryimage\",\"url\":\"https:\/\/qingdaohf.com\/wp-content\/uploads\/2023\/02\/steel-stake-1-1.jpg\",\"contentUrl\":\"https:\/\/qingdaohf.com\/wp-content\/uploads\/2023\/02\/steel-stake-1-1.jpg\",\"width\":1000,\"height\":1000,\"caption\":\"round steel stake\"},{\"@type\":\"BreadcrumbList\",\"@id\":\"https:\/\/qingdaohf.com\/product\/concrete-form-pins\/#breadcrumb\",\"itemListElement\":[{\"@type\":\"ListItem\",\"position\":1,\"name\":\"Home\",\"item\":\"https:\/\/qingdaohf.com\/\"},{\"@type\":\"ListItem\",\"position\":2,\"name\":\"Concrete Forming Accessories and Rigging Hardware\",\"item\":\"https:\/\/qingdaohf.com\/bg\/?page_id=944\"},{\"@type\":\"ListItem\",\"position\":3,\"name\":\"Concrete Form Pins\"}]},{\"@type\":\"WebSite\",\"@id\":\"https:\/\/qingdaohf.com\/bg\/#website\",\"url\":\"https:\/\/qingdaohf.com\/bg\/\",\"name\":\"Concrete Form & Rigging Hardware Supplier\",\"description\":\"\",\"publisher\":{\"@id\":\"https:\/\/qingdaohf.com\/bg\/#organization\"},\"potentialAction\":[{\"@type\":\"SearchAction\",\"target\":{\"@type\":\"EntryPoint\",\"urlTemplate\":\"https:\/\/qingdaohf.com\/bg\/?s={search_term_string}\"},\"query-input\":{\"@type\":\"PropertyValueSpecification\",\"valueRequired\":true,\"valueName\":\"search_term_string\"}}],\"inLanguage\":\"cs\"},{\"@type\":\"Organization\",\"@id\":\"https:\/\/qingdaohf.com\/bg\/#organization\",\"name\":\"Qingdao H&F\",\"url\":\"https:\/\/qingdaohf.com\/bg\/\",\"logo\":{\"@type\":\"ImageObject\",\"inLanguage\":\"cs\",\"@id\":\"https:\/\/qingdaohf.com\/bg\/#\/schema\/logo\/image\/\",\"url\":\"https:\/\/qingdaohf.com\/wp-content\/uploads\/2022\/12\/cropped-HF-LOGO.png\",\"contentUrl\":\"https:\/\/qingdaohf.com\/wp-content\/uploads\/2022\/12\/cropped-HF-LOGO.png\",\"width\":391,\"height\":249,\"caption\":\"Qingdao H&F\"},\"image\":{\"@id\":\"https:\/\/qingdaohf.com\/bg\/#\/schema\/logo\/image\/\"},\"sameAs\":[\"https:\/\/www.facebook.com\/qingdaohf\"]}]}<\/script>\n<!-- \/ Yoast SEO plugin. -->","yoast_head_json":{"title":"Concrete Form Pins","description":"12\"-48\" Round Steel Stake These forming stakes hold concrete forms in place and have holes in many spots to allow for quick nailing.","robots":{"index":"index","follow":"follow","max-snippet":"max-snippet:-1","max-image-preview":"max-image-preview:large","max-video-preview":"max-video-preview:-1"},"canonical":"https:\/\/qingdaohf.com\/cs\/produkt\/koliky-do-betonove-formy\/","og_locale":"cs_CZ","og_type":"article","og_title":"Concrete Form Pins","og_description":"12\"-48\" Round Steel Stake These forming stakes hold concrete forms in place and have holes in many spots to allow for quick nailing.","og_url":"https:\/\/qingdaohf.com\/cs\/produkt\/koliky-do-betonove-formy\/","og_site_name":"Concrete Form &amp; Rigging Hardware Supplier","article_publisher":"https:\/\/www.facebook.com\/qingdaohf","article_modified_time":"2025-11-13T01:06:36+00:00","og_image":[{"width":1000,"height":1000,"url":"https:\/\/qingdaohf.com\/wp-content\/uploads\/2023\/02\/steel-stake-1-1.jpg","type":"image\/jpeg"}],"twitter_card":"summary_large_image","twitter_misc":{"Odhadovan\u00e1 doba \u010dten\u00ed":"3 minuty"},"schema":{"@context":"https:\/\/schema.org","@graph":[{"@type":"WebPage","@id":"https:\/\/qingdaohf.com\/product\/concrete-form-pins\/","url":"https:\/\/qingdaohf.com\/product\/concrete-form-pins\/","name":"Concrete Form Pins","isPartOf":{"@id":"https:\/\/qingdaohf.com\/bg\/#website"},"primaryImageOfPage":{"@id":"https:\/\/qingdaohf.com\/product\/concrete-form-pins\/#primaryimage"},"image":{"@id":"https:\/\/qingdaohf.com\/product\/concrete-form-pins\/#primaryimage"},"thumbnailUrl":"https:\/\/qingdaohf.com\/wp-content\/uploads\/2023\/02\/steel-stake-1-1.jpg","datePublished":"2023-02-08T08:18:02+00:00","dateModified":"2025-11-13T01:06:36+00:00","description":"12\"-48\" Round Steel Stake These forming stakes hold concrete forms in place and have holes in many spots to allow for quick nailing.","breadcrumb":{"@id":"https:\/\/qingdaohf.com\/product\/concrete-form-pins\/#breadcrumb"},"inLanguage":"cs","potentialAction":[{"@type":"ReadAction","target":["https:\/\/qingdaohf.com\/product\/concrete-form-pins\/"]}]},{"@type":"ImageObject","inLanguage":"cs","@id":"https:\/\/qingdaohf.com\/product\/concrete-form-pins\/#primaryimage","url":"https:\/\/qingdaohf.com\/wp-content\/uploads\/2023\/02\/steel-stake-1-1.jpg","contentUrl":"https:\/\/qingdaohf.com\/wp-content\/uploads\/2023\/02\/steel-stake-1-1.jpg","width":1000,"height":1000,"caption":"round steel stake"},{"@type":"BreadcrumbList","@id":"https:\/\/qingdaohf.com\/product\/concrete-form-pins\/#breadcrumb","itemListElement":[{"@type":"ListItem","position":1,"name":"Home","item":"https:\/\/qingdaohf.com\/"},{"@type":"ListItem","position":2,"name":"Concrete Forming Accessories and Rigging Hardware","item":"https:\/\/qingdaohf.com\/bg\/?page_id=944"},{"@type":"ListItem","position":3,"name":"Concrete Form Pins"}]},{"@type":"WebSite","@id":"https:\/\/qingdaohf.com\/bg\/#website","url":"https:\/\/qingdaohf.com\/bg\/","name":"Concrete Form & Rigging Hardware Supplier","description":"","publisher":{"@id":"https:\/\/qingdaohf.com\/bg\/#organization"},"potentialAction":[{"@type":"SearchAction","target":{"@type":"EntryPoint","urlTemplate":"https:\/\/qingdaohf.com\/bg\/?s={search_term_string}"},"query-input":{"@type":"PropertyValueSpecification","valueRequired":true,"valueName":"search_term_string"}}],"inLanguage":"cs"},{"@type":"Organization","@id":"https:\/\/qingdaohf.com\/bg\/#organization","name":"Qingdao H&F","url":"https:\/\/qingdaohf.com\/bg\/","logo":{"@type":"ImageObject","inLanguage":"cs","@id":"https:\/\/qingdaohf.com\/bg\/#\/schema\/logo\/image\/","url":"https:\/\/qingdaohf.com\/wp-content\/uploads\/2022\/12\/cropped-HF-LOGO.png","contentUrl":"https:\/\/qingdaohf.com\/wp-content\/uploads\/2022\/12\/cropped-HF-LOGO.png","width":391,"height":249,"caption":"Qingdao H&F"},"image":{"@id":"https:\/\/qingdaohf.com\/bg\/#\/schema\/logo\/image\/"},"sameAs":["https:\/\/www.facebook.com\/qingdaohf"]}]}},"_links":{"self":[{"href":"https:\/\/qingdaohf.com\/cs\/wp-json\/wp\/v2\/product\/2076","targetHints":{"allow":["GET"]}}],"collection":[{"href":"https:\/\/qingdaohf.com\/cs\/wp-json\/wp\/v2\/product"}],"about":[{"href":"https:\/\/qingdaohf.com\/cs\/wp-json\/wp\/v2\/types\/product"}],"replies":[{"embeddable":true,"href":"https:\/\/qingdaohf.com\/cs\/wp-json\/wp\/v2\/comments?post=2076"}],"version-history":[{"count":16,"href":"https:\/\/qingdaohf.com\/cs\/wp-json\/wp\/v2\/product\/2076\/revisions"}],"predecessor-version":[{"id":9251,"href":"https:\/\/qingdaohf.com\/cs\/wp-json\/wp\/v2\/product\/2076\/revisions\/9251"}],"wp:featuredmedia":[{"embeddable":true,"href":"https:\/\/qingdaohf.com\/cs\/wp-json\/wp\/v2\/media\/2791"}],"wp:attachment":[{"href":"https:\/\/qingdaohf.com\/cs\/wp-json\/wp\/v2\/media?parent=2076"}],"wp:term":[{"taxonomy":"product_brand","embeddable":true,"href":"https:\/\/qingdaohf.com\/cs\/wp-json\/wp\/v2\/product_brand?post=2076"},{"taxonomy":"product_cat","embeddable":true,"href":"https:\/\/qingdaohf.com\/cs\/wp-json\/wp\/v2\/product_cat?post=2076"},{"taxonomy":"product_tag","embeddable":true,"href":"https:\/\/qingdaohf.com\/cs\/wp-json\/wp\/v2\/product_tag?post=2076"}],"curies":[{"name":"wp","href":"https:\/\/api.w.org\/{rel}","templated":true}]}}