{"id":2127,"date":"2023-02-10T11:45:19","date_gmt":"2023-02-10T03:45:19","guid":{"rendered":"http:\/\/qingdaohf.com\/?post_type=product&#038;p=2127"},"modified":"2025-11-13T09:06:36","modified_gmt":"2025-11-13T01:06:36","slug":"brick-tie","status":"publish","type":"product","link":"https:\/\/qingdaohf.com\/cs\/produkt\/cihlova-vazba\/","title":{"rendered":"Nerezov\u00e9 cihlov\u00e9 st\u011bnov\u00e9 vazby pro stavebn\u00ed tvarov\u00e1n\u00ed"},"content":{"rendered":"<p>&nbsp;<\/p>\n<p><img fetchpriority=\"high\" decoding=\"async\" class=\"alignnone size-full wp-image-2732\" src=\"http:\/\/qingdaohf.com\/wp-content\/uploads\/2023\/02\/brick-tie-1.jpg\" alt=\"cihlov\u00e1 vazba\" width=\"1200\" height=\"648\" srcset=\"https:\/\/qingdaohf.com\/wp-content\/uploads\/2023\/02\/brick-tie-1.jpg 1200w, https:\/\/qingdaohf.com\/wp-content\/uploads\/2023\/02\/brick-tie-1-1000x540.jpg 1000w, https:\/\/qingdaohf.com\/wp-content\/uploads\/2023\/02\/brick-tie-1-300x162.jpg 300w, https:\/\/qingdaohf.com\/wp-content\/uploads\/2023\/02\/brick-tie-1-1024x553.jpg 1024w, https:\/\/qingdaohf.com\/wp-content\/uploads\/2023\/02\/brick-tie-1-768x415.jpg 768w\" sizes=\"(max-width: 1200px) 100vw, 1200px\" \/><\/p>\n<p>V\u00edtejte na str\u00e1nk\u00e1ch spole\u010dnosti Qingdao H&amp;F, dob\u0159e zaveden\u00e9 obchodn\u00ed spole\u010dnosti B2B s v\u00edce ne\u017e 20 lety zku\u0161enost\u00ed, kter\u00e1 hrd\u011b slou\u017e\u00ed jako p\u0159edn\u00ed v\u00fdrobce, dodavatel a distributor p\u0159\u00edslu\u0161enstv\u00ed pro beton\u00e1\u0159sk\u00e9 pr\u00e1ce a upev\u0148ovac\u00edho hardwaru. Na\u0161e tov\u00e1rna v \u010c\u00edn\u011b zaji\u0161\u0165uje \u0161pi\u010dkov\u00e9 nerezov\u00e9 cihlov\u00e9 vazby, v\u010detn\u011b cihlov\u00fdch p\u00e1sk\u016f a zdic\u00edch cihlov\u00fdch vazeb, snadno dostupn\u00e9 ve velk\u00e9m za konkurenceschopn\u00e9 velkoobchodn\u00ed ceny. D\u00edky siln\u00e9mu z\u00e1vazku ke kvalit\u011b a spokojenosti z\u00e1kazn\u00edk\u016f nab\u00edz\u00edme mo\u017enosti p\u0159izp\u016fsoben\u00ed, vzorky zdarma a vynikaj\u00edc\u00ed individu\u00e1ln\u00ed servis, abychom vyhov\u011bli va\u0161im jedine\u010dn\u00fdm stavebn\u00edm pot\u0159eb\u00e1m.<\/p>\n<div class=\"ast-oembed-container\" style=\"height: 100%;\"><iframe title=\"Cihlov\u00e9 stahovac\u00ed p\u00e1sky pro stavebn\u00ed tvarov\u00e1n\u00ed\" width=\"500\" height=\"281\" src=\"https:\/\/www.youtube.com\/embed\/73JqOQyHVuM?feature=oembed\" frameborder=\"0\" allow=\"accelerometer; autoplay; clipboard-write; encrypted-media; gyroscope; picture-in-picture; web-share\" referrerpolicy=\"strict-origin-when-cross-origin\" allowfullscreen><\/iframe><\/div>\n<h2>Pro\u010d si vybrat pr\u00e1v\u011b n\u00e1s?<\/h2>\n<h3>D\u016fv\u011bryhodn\u00fd v\u00fdrobce s kooperativn\u00ed tov\u00e1rnou:<\/h3>\n<p>Ve spole\u010dnosti Qingdao H&amp;F m\u00e1me silnou pov\u011bst d\u016fv\u011bryhodn\u00e9ho v\u00fdrobce, kter\u00e1 vych\u00e1z\u00ed z na\u0161ich dvacetilet\u00fdch zku\u0161enost\u00ed a podpory na\u0161\u00ed spolupracuj\u00edc\u00ed tov\u00e1rny. Zaji\u0161\u0165ujeme, \u017ee ka\u017ed\u00e1 cihlov\u00e1 vazba je vyrobena s p\u0159esnost\u00ed a dodr\u017euje nejvy\u0161\u0161\u00ed pr\u016fmyslov\u00e9 standardy.<\/p>\n<h3>\u0160irok\u00fd sortiment v\u00fdrobk\u016f:<\/h3>\n<p>Jako p\u0159edn\u00ed dodavatel a prodejce v oboru nab\u00edz\u00edme rozs\u00e1hl\u00fd sortiment p\u0159\u00edslu\u0161enstv\u00ed pro beton\u00e1\u0159sk\u00e9 pr\u00e1ce a v\u00e1zac\u00edho materi\u00e1lu se zvl\u00e1\u0161tn\u00edm zam\u011b\u0159en\u00edm na nerezov\u00e9 cihlov\u00e9 vazby. Na\u0161e v\u00fdrobky spl\u0148uj\u00ed r\u016fzn\u00e9 po\u017eadavky na stavbu, od p\u00e1sk\u016f na cihly a\u017e po vazby na zdivo z cihel.<\/p>\n<h3>Velkoobchodn\u00ed a distribu\u010dn\u00ed slu\u017eby:<\/h3>\n<p>Jsme hrd\u00ed na to, \u017ee jsme spolehliv\u00fd velkoobchodn\u00edk a distributor, kter\u00fd nab\u00edz\u00ed velkoobjemov\u00e9 mno\u017estv\u00ed cihlov\u00fdch vazeb pro betonov\u00e9 st\u011bny podnik\u016fm a dodavatel\u016fm. Na\u0161e bezprobl\u00e9mov\u00e1 distribu\u010dn\u00ed s\u00ed\u0165 zaji\u0161\u0165uje rychl\u00e9 dod\u00e1n\u00ed na m\u00edsto projektu.<\/p>\n<h3>Zaji\u0161t\u011bn\u00ed kvality a hromadn\u00e1 dostupnost:<\/h3>\n<p>V ka\u017ed\u00e9m kroku klademe d\u016fraz na kvalitu a prov\u00e1d\u00edme d\u016fkladn\u00e9 kontroly kvality, abychom v\u00e1m poskytli ty nejlep\u0161\u00ed produkty. Na\u0161e cihlov\u00e9 vazby jsou snadno dostupn\u00e9 ve velk\u00e9m, co\u017e zaji\u0161\u0165uje nep\u0159etr\u017eit\u00e9 dod\u00e1vky pro rozs\u00e1hl\u00e9 projekty.<\/p>\n<h3>Mo\u017enosti p\u0159izp\u016fsoben\u00ed a vzorky zdarma:<\/h3>\n<p>Proto\u017ee si uv\u011bdomujeme r\u016fznorod\u00e9 pot\u0159eby na\u0161ich z\u00e1kazn\u00edk\u016f, nab\u00edz\u00edme mo\u017enosti p\u0159izp\u016fsoben\u00ed, abychom cihlov\u00e9 vazby p\u0159izp\u016fsobili konkr\u00e9tn\u00edm po\u017eadavk\u016fm va\u0161eho projektu. P\u0159ed n\u00e1kupem si vy\u017e\u00e1dejte bezplatn\u00e9 vzorky, abyste mohli posoudit kvalitu a vhodnost na\u0161ich v\u00fdrobk\u016f.<\/p>\n<h3>Efektivn\u00ed vyhled\u00e1v\u00e1n\u00ed a individu\u00e1ln\u00ed servis:<\/h3>\n<p>D\u00edky na\u0161im siln\u00fdm dodavatelsk\u00fdm schopnostem z\u00edsk\u00e1v\u00e1me prvot\u0159\u00eddn\u00ed materi\u00e1ly pro v\u00fdrobu odoln\u00fdch nerezov\u00fdch cihlov\u00fdch vazeb. N\u00e1\u0161 specializovan\u00fd t\u00fdm poskytuje individu\u00e1ln\u00ed slu\u017eby a provede v\u00e1s procesem v\u00fdb\u011bru a p\u0159izp\u016fsoben\u00ed.<\/p>\n<h2>Z\u00e1v\u011br o cihlov\u00fdch vazb\u00e1ch<\/h2>\n<p>Pokud jde o zaji\u0161t\u011bn\u00ed vysoce kvalitn\u00edch nerezov\u00fdch cihlov\u00fdch vazeb pro betonov\u00e9 st\u011bny, je spole\u010dnost Qingdao H&amp;F spolehlivou firmou s rozs\u00e1hl\u00fdmi zku\u0161enostmi v oboru. Jako v\u00fdrobce, tov\u00e1rna, dodavatel, velkoobchodn\u00edk, prodejce a distributor jsme hrd\u00ed na to, \u017ee m\u016f\u017eeme nab\u00edzet p\u0159izp\u016fsobiteln\u00e9 v\u00fdrobky za konkurenceschopn\u00e9 velkoobchodn\u00ed ceny. Siln\u011b se zam\u011b\u0159ujeme na spokojenost z\u00e1kazn\u00edk\u016f, a proto v\u00e1s zveme, abyste si vyzkou\u0161eli na\u0161i oddanost dokonalosti prost\u0159ednictv\u00edm bezplatn\u00fdch vzork\u016f a efektivn\u00edho individu\u00e1ln\u00edho servisu. Dovolte n\u00e1m, abychom se stali va\u0161\u00edm partnerem pro \u0161pi\u010dkov\u00e9 cihlov\u00e9 vazby pro va\u0161e stavebn\u00ed projekty. Kontaktujte n\u00e1s je\u0161t\u011b dnes a prozkoumejte n\u00e1\u0161 rozs\u00e1hl\u00fd sortiment a najd\u011bte dokonal\u00e9 \u0159e\u0161en\u00ed pro sv\u00e9 pot\u0159eby.<\/p>\n<p>&nbsp;<\/p>","protected":false},"excerpt":{"rendered":"<p>Cihlov\u00e9 vazby jsou mal\u00e9 architektonick\u00e9 prvky, kter\u00e9 se pou\u017e\u00edvaj\u00ed k propojen\u00ed dvou cihlov\u00fdch zd\u00ed p\u0159es \u00fazkou dutinu nebo ke spojen\u00ed cihlov\u00e9 zdi s d\u0159ev\u011bn\u00fdm nebo ocelov\u00fdm r\u00e1mem.<\/p>","protected":false},"featured_media":2483,"comment_status":"open","ping_status":"closed","template":"","meta":{"site-sidebar-layout":"default","site-content-layout":"default","ast-site-content-layout":"","site-content-style":"default","site-sidebar-style":"default","ast-global-header-display":"","ast-banner-title-visibility":"","ast-main-header-display":"","ast-hfb-above-header-display":"","ast-hfb-below-header-display":"","ast-hfb-mobile-header-display":"","site-post-title":"","ast-breadcrumbs-content":"","ast-featured-img":"","footer-sml-layout":"","theme-transparent-header-meta":"default","adv-header-id-meta":"","stick-header-meta":"default","header-above-stick-meta":"","header-main-stick-meta":"","header-below-stick-meta":"","astra-migrate-meta-layouts":"default","ast-page-background-enabled":"default","ast-page-background-meta":{"desktop":{"background-color":"","background-image":"","background-repeat":"repeat","background-position":"center center","background-size":"auto","background-attachment":"scroll","background-type":"","background-media":"","overlay-type":"","overlay-color":"","overlay-opacity":"","overlay-gradient":""},"tablet":{"background-color":"","background-image":"","background-repeat":"repeat","background-position":"center center","background-size":"auto","background-attachment":"scroll","background-type":"","background-media":"","overlay-type":"","overlay-color":"","overlay-opacity":"","overlay-gradient":""},"mobile":{"background-color":"","background-image":"","background-repeat":"repeat","background-position":"center center","background-size":"auto","background-attachment":"scroll","background-type":"","background-media":"","overlay-type":"","overlay-color":"","overlay-opacity":"","overlay-gradient":""}},"ast-content-background-meta":{"desktop":{"background-color":"var(--ast-global-color-5)","background-image":"","background-repeat":"repeat","background-position":"center center","background-size":"auto","background-attachment":"scroll","background-type":"","background-media":"","overlay-type":"","overlay-color":"","overlay-opacity":"","overlay-gradient":""},"tablet":{"background-color":"var(--ast-global-color-5)","background-image":"","background-repeat":"repeat","background-position":"center center","background-size":"auto","background-attachment":"scroll","background-type":"","background-media":"","overlay-type":"","overlay-color":"","overlay-opacity":"","overlay-gradient":""},"mobile":{"background-color":"var(--ast-global-color-5)","background-image":"","background-repeat":"repeat","background-position":"center center","background-size":"auto","background-attachment":"scroll","background-type":"","background-media":"","overlay-type":"","overlay-color":"","overlay-opacity":"","overlay-gradient":""}}},"product_brand":[],"product_cat":[20,29],"product_tag":[],"class_list":{"0":"post-2127","1":"product","2":"type-product","3":"status-publish","4":"has-post-thumbnail","6":"product_cat-concrete-wall-tie","7":"product_cat-formwork-system","8":"desktop-align-left","9":"tablet-align-left","10":"mobile-align-left","11":"ast-product-gallery-layout-horizontal-slider","12":"ast-product-tabs-layout-horizontal","14":"first","15":"instock","16":"shipping-taxable","17":"purchasable","18":"product-type-simple"},"yoast_head":"<!-- This site is optimized with the Yoast SEO plugin v25.2 - https:\/\/yoast.com\/wordpress\/plugins\/seo\/ -->\n<title>Stainless Steel Brick Wall Ties for Construction Forming<\/title>\n<meta name=\"description\" content=\"Brick ties are small architectural elements that are used to connect two brick walls across a narrow cavity or to bind a brick wall to a wood or steel frame.\" \/>\n<meta name=\"robots\" content=\"index, follow, max-snippet:-1, max-image-preview:large, max-video-preview:-1\" \/>\n<link rel=\"canonical\" href=\"https:\/\/qingdaohf.com\/cs\/produkt\/cihlova-vazba\/\" \/>\n<meta property=\"og:locale\" content=\"cs_CZ\" \/>\n<meta property=\"og:type\" content=\"article\" \/>\n<meta property=\"og:title\" content=\"Stainless Steel Brick Wall Ties for Construction Forming\" \/>\n<meta property=\"og:description\" content=\"Brick ties are small architectural elements that are used to connect two brick walls across a narrow cavity or to bind a brick wall to a wood or steel frame.\" \/>\n<meta property=\"og:url\" content=\"https:\/\/qingdaohf.com\/cs\/produkt\/cihlova-vazba\/\" \/>\n<meta property=\"og:site_name\" content=\"Concrete Form &amp; Rigging Hardware Supplier\" \/>\n<meta property=\"article:publisher\" content=\"https:\/\/www.facebook.com\/qingdaohf\" \/>\n<meta property=\"article:modified_time\" content=\"2025-11-13T01:06:36+00:00\" \/>\n<meta property=\"og:image\" content=\"https:\/\/qingdaohf.com\/wp-content\/uploads\/2023\/02\/\u767d\u5e95\u56fe5.jpg\" \/>\n\t<meta property=\"og:image:width\" content=\"1000\" \/>\n\t<meta property=\"og:image:height\" content=\"1000\" \/>\n\t<meta property=\"og:image:type\" content=\"image\/jpeg\" \/>\n<meta name=\"twitter:card\" content=\"summary_large_image\" \/>\n<meta name=\"twitter:label1\" content=\"Odhadovan\u00e1 doba \u010dten\u00ed\" \/>\n\t<meta name=\"twitter:data1\" content=\"3 minuty\" \/>\n<script type=\"application\/ld+json\" class=\"yoast-schema-graph\">{\"@context\":\"https:\/\/schema.org\",\"@graph\":[{\"@type\":\"WebPage\",\"@id\":\"https:\/\/qingdaohf.com\/product\/brick-tie\/\",\"url\":\"https:\/\/qingdaohf.com\/product\/brick-tie\/\",\"name\":\"Stainless Steel Brick Wall Ties for Construction Forming\",\"isPartOf\":{\"@id\":\"https:\/\/qingdaohf.com\/bg\/#website\"},\"primaryImageOfPage\":{\"@id\":\"https:\/\/qingdaohf.com\/product\/brick-tie\/#primaryimage\"},\"image\":{\"@id\":\"https:\/\/qingdaohf.com\/product\/brick-tie\/#primaryimage\"},\"thumbnailUrl\":\"https:\/\/qingdaohf.com\/wp-content\/uploads\/2023\/02\/\u767d\u5e95\u56fe5.jpg\",\"datePublished\":\"2023-02-10T03:45:19+00:00\",\"dateModified\":\"2025-11-13T01:06:36+00:00\",\"description\":\"Brick ties are small architectural elements that are used to connect two brick walls across a narrow cavity or to bind a brick wall to a wood or steel frame.\",\"breadcrumb\":{\"@id\":\"https:\/\/qingdaohf.com\/product\/brick-tie\/#breadcrumb\"},\"inLanguage\":\"cs\",\"potentialAction\":[{\"@type\":\"ReadAction\",\"target\":[\"https:\/\/qingdaohf.com\/product\/brick-tie\/\"]}]},{\"@type\":\"ImageObject\",\"inLanguage\":\"cs\",\"@id\":\"https:\/\/qingdaohf.com\/product\/brick-tie\/#primaryimage\",\"url\":\"https:\/\/qingdaohf.com\/wp-content\/uploads\/2023\/02\/\u767d\u5e95\u56fe5.jpg\",\"contentUrl\":\"https:\/\/qingdaohf.com\/wp-content\/uploads\/2023\/02\/\u767d\u5e95\u56fe5.jpg\",\"width\":1000,\"height\":1000},{\"@type\":\"BreadcrumbList\",\"@id\":\"https:\/\/qingdaohf.com\/product\/brick-tie\/#breadcrumb\",\"itemListElement\":[{\"@type\":\"ListItem\",\"position\":1,\"name\":\"Home\",\"item\":\"https:\/\/qingdaohf.com\/\"},{\"@type\":\"ListItem\",\"position\":2,\"name\":\"Concrete Forming Accessories and Rigging Hardware\",\"item\":\"https:\/\/qingdaohf.com\/bg\/?page_id=944\"},{\"@type\":\"ListItem\",\"position\":3,\"name\":\"Stainless Steel Brick Wall Ties for Construction Forming\"}]},{\"@type\":\"WebSite\",\"@id\":\"https:\/\/qingdaohf.com\/bg\/#website\",\"url\":\"https:\/\/qingdaohf.com\/bg\/\",\"name\":\"Concrete Form & Rigging Hardware Supplier\",\"description\":\"\",\"publisher\":{\"@id\":\"https:\/\/qingdaohf.com\/bg\/#organization\"},\"potentialAction\":[{\"@type\":\"SearchAction\",\"target\":{\"@type\":\"EntryPoint\",\"urlTemplate\":\"https:\/\/qingdaohf.com\/bg\/?s={search_term_string}\"},\"query-input\":{\"@type\":\"PropertyValueSpecification\",\"valueRequired\":true,\"valueName\":\"search_term_string\"}}],\"inLanguage\":\"cs\"},{\"@type\":\"Organization\",\"@id\":\"https:\/\/qingdaohf.com\/bg\/#organization\",\"name\":\"Qingdao H&F\",\"url\":\"https:\/\/qingdaohf.com\/bg\/\",\"logo\":{\"@type\":\"ImageObject\",\"inLanguage\":\"cs\",\"@id\":\"https:\/\/qingdaohf.com\/bg\/#\/schema\/logo\/image\/\",\"url\":\"https:\/\/qingdaohf.com\/wp-content\/uploads\/2022\/12\/cropped-HF-LOGO.png\",\"contentUrl\":\"https:\/\/qingdaohf.com\/wp-content\/uploads\/2022\/12\/cropped-HF-LOGO.png\",\"width\":391,\"height\":249,\"caption\":\"Qingdao H&F\"},\"image\":{\"@id\":\"https:\/\/qingdaohf.com\/bg\/#\/schema\/logo\/image\/\"},\"sameAs\":[\"https:\/\/www.facebook.com\/qingdaohf\"]}]}<\/script>\n<!-- \/ Yoast SEO plugin. -->","yoast_head_json":{"title":"Stainless Steel Brick Wall Ties for Construction Forming","description":"Brick ties are small architectural elements that are used to connect two brick walls across a narrow cavity or to bind a brick wall to a wood or steel frame.","robots":{"index":"index","follow":"follow","max-snippet":"max-snippet:-1","max-image-preview":"max-image-preview:large","max-video-preview":"max-video-preview:-1"},"canonical":"https:\/\/qingdaohf.com\/cs\/produkt\/cihlova-vazba\/","og_locale":"cs_CZ","og_type":"article","og_title":"Stainless Steel Brick Wall Ties for Construction Forming","og_description":"Brick ties are small architectural elements that are used to connect two brick walls across a narrow cavity or to bind a brick wall to a wood or steel frame.","og_url":"https:\/\/qingdaohf.com\/cs\/produkt\/cihlova-vazba\/","og_site_name":"Concrete Form &amp; Rigging Hardware Supplier","article_publisher":"https:\/\/www.facebook.com\/qingdaohf","article_modified_time":"2025-11-13T01:06:36+00:00","og_image":[{"width":1000,"height":1000,"url":"https:\/\/qingdaohf.com\/wp-content\/uploads\/2023\/02\/\u767d\u5e95\u56fe5.jpg","type":"image\/jpeg"}],"twitter_card":"summary_large_image","twitter_misc":{"Odhadovan\u00e1 doba \u010dten\u00ed":"3 minuty"},"schema":{"@context":"https:\/\/schema.org","@graph":[{"@type":"WebPage","@id":"https:\/\/qingdaohf.com\/product\/brick-tie\/","url":"https:\/\/qingdaohf.com\/product\/brick-tie\/","name":"Stainless Steel Brick Wall Ties for Construction Forming","isPartOf":{"@id":"https:\/\/qingdaohf.com\/bg\/#website"},"primaryImageOfPage":{"@id":"https:\/\/qingdaohf.com\/product\/brick-tie\/#primaryimage"},"image":{"@id":"https:\/\/qingdaohf.com\/product\/brick-tie\/#primaryimage"},"thumbnailUrl":"https:\/\/qingdaohf.com\/wp-content\/uploads\/2023\/02\/\u767d\u5e95\u56fe5.jpg","datePublished":"2023-02-10T03:45:19+00:00","dateModified":"2025-11-13T01:06:36+00:00","description":"Brick ties are small architectural elements that are used to connect two brick walls across a narrow cavity or to bind a brick wall to a wood or steel frame.","breadcrumb":{"@id":"https:\/\/qingdaohf.com\/product\/brick-tie\/#breadcrumb"},"inLanguage":"cs","potentialAction":[{"@type":"ReadAction","target":["https:\/\/qingdaohf.com\/product\/brick-tie\/"]}]},{"@type":"ImageObject","inLanguage":"cs","@id":"https:\/\/qingdaohf.com\/product\/brick-tie\/#primaryimage","url":"https:\/\/qingdaohf.com\/wp-content\/uploads\/2023\/02\/\u767d\u5e95\u56fe5.jpg","contentUrl":"https:\/\/qingdaohf.com\/wp-content\/uploads\/2023\/02\/\u767d\u5e95\u56fe5.jpg","width":1000,"height":1000},{"@type":"BreadcrumbList","@id":"https:\/\/qingdaohf.com\/product\/brick-tie\/#breadcrumb","itemListElement":[{"@type":"ListItem","position":1,"name":"Home","item":"https:\/\/qingdaohf.com\/"},{"@type":"ListItem","position":2,"name":"Concrete Forming Accessories and Rigging Hardware","item":"https:\/\/qingdaohf.com\/bg\/?page_id=944"},{"@type":"ListItem","position":3,"name":"Stainless Steel Brick Wall Ties for Construction Forming"}]},{"@type":"WebSite","@id":"https:\/\/qingdaohf.com\/bg\/#website","url":"https:\/\/qingdaohf.com\/bg\/","name":"Concrete Form & Rigging Hardware Supplier","description":"","publisher":{"@id":"https:\/\/qingdaohf.com\/bg\/#organization"},"potentialAction":[{"@type":"SearchAction","target":{"@type":"EntryPoint","urlTemplate":"https:\/\/qingdaohf.com\/bg\/?s={search_term_string}"},"query-input":{"@type":"PropertyValueSpecification","valueRequired":true,"valueName":"search_term_string"}}],"inLanguage":"cs"},{"@type":"Organization","@id":"https:\/\/qingdaohf.com\/bg\/#organization","name":"Qingdao H&F","url":"https:\/\/qingdaohf.com\/bg\/","logo":{"@type":"ImageObject","inLanguage":"cs","@id":"https:\/\/qingdaohf.com\/bg\/#\/schema\/logo\/image\/","url":"https:\/\/qingdaohf.com\/wp-content\/uploads\/2022\/12\/cropped-HF-LOGO.png","contentUrl":"https:\/\/qingdaohf.com\/wp-content\/uploads\/2022\/12\/cropped-HF-LOGO.png","width":391,"height":249,"caption":"Qingdao H&F"},"image":{"@id":"https:\/\/qingdaohf.com\/bg\/#\/schema\/logo\/image\/"},"sameAs":["https:\/\/www.facebook.com\/qingdaohf"]}]}},"_links":{"self":[{"href":"https:\/\/qingdaohf.com\/cs\/wp-json\/wp\/v2\/product\/2127","targetHints":{"allow":["GET"]}}],"collection":[{"href":"https:\/\/qingdaohf.com\/cs\/wp-json\/wp\/v2\/product"}],"about":[{"href":"https:\/\/qingdaohf.com\/cs\/wp-json\/wp\/v2\/types\/product"}],"replies":[{"embeddable":true,"href":"https:\/\/qingdaohf.com\/cs\/wp-json\/wp\/v2\/comments?post=2127"}],"version-history":[{"count":2,"href":"https:\/\/qingdaohf.com\/cs\/wp-json\/wp\/v2\/product\/2127\/revisions"}],"predecessor-version":[{"id":10459,"href":"https:\/\/qingdaohf.com\/cs\/wp-json\/wp\/v2\/product\/2127\/revisions\/10459"}],"wp:featuredmedia":[{"embeddable":true,"href":"https:\/\/qingdaohf.com\/cs\/wp-json\/wp\/v2\/media\/2483"}],"wp:attachment":[{"href":"https:\/\/qingdaohf.com\/cs\/wp-json\/wp\/v2\/media?parent=2127"}],"wp:term":[{"taxonomy":"product_brand","embeddable":true,"href":"https:\/\/qingdaohf.com\/cs\/wp-json\/wp\/v2\/product_brand?post=2127"},{"taxonomy":"product_cat","embeddable":true,"href":"https:\/\/qingdaohf.com\/cs\/wp-json\/wp\/v2\/product_cat?post=2127"},{"taxonomy":"product_tag","embeddable":true,"href":"https:\/\/qingdaohf.com\/cs\/wp-json\/wp\/v2\/product_tag?post=2127"}],"curies":[{"name":"wp","href":"https:\/\/api.w.org\/{rel}","templated":true}]}}