{"id":2205,"date":"2023-02-15T10:22:34","date_gmt":"2023-02-15T02:22:34","guid":{"rendered":"http:\/\/qingdaohf.com\/?post_type=product&#038;p=2205"},"modified":"2025-11-13T09:06:18","modified_gmt":"2025-11-13T01:06:18","slug":"i-beam-stake","status":"publish","type":"product","link":"https:\/\/qingdaohf.com\/cs\/produkt\/i-kul-paprsku\/","title":{"rendered":"Betonov\u00fd k\u016fl s nosn\u00edkem I"},"content":{"rendered":"<p>Tvarov\u00e1n\u00ed betonu je proces vytv\u00e1\u0159en\u00ed do\u010dasn\u00e9 formy nebo r\u00e1mu, do kter\u00e9ho se nalije vlhk\u00fd beton a nech\u00e1 se ztvrdnout do po\u017eadovan\u00e9ho tvaru nebo struktury. Betonov\u00e9 bedn\u011bn\u00ed se obvykle vyr\u00e1b\u00ed ze d\u0159eva, oceli nebo plastu a pou\u017e\u00edv\u00e1 se k vytv\u00e1\u0159en\u00ed r\u016fzn\u00fdch betonov\u00fdch konstrukc\u00ed, jako jsou st\u011bny, sloupy, desky a nosn\u00edky.<\/p>\n<p>Ocelov\u00e9 k\u016fly se b\u011b\u017en\u011b pou\u017e\u00edvaj\u00ed p\u0159i bedn\u011bn\u00ed betonu k udr\u017een\u00ed bedn\u011bn\u00ed na m\u00edst\u011b a k zaji\u0161t\u011bn\u00ed podpory pro hmotnost mokr\u00e9ho betonu. Pro pou\u017eit\u00ed v beton\u00e1\u0159stv\u00ed je k dispozici n\u011bkolik typ\u016f ocelov\u00fdch k\u016fl\u016f, v\u010detn\u011b kulat\u00fdch ocelov\u00fdch k\u016fl\u016f, hranat\u00fdch ocelov\u00fdch k\u016fl\u016f, ploch\u00fdch ocelov\u00fdch k\u016fl\u016f a ploch\u00fdch ocelov\u00fdch k\u016fl\u016f s I-nosn\u00edkem.<\/p>\n<p><a href=\"http:\/\/qingdaohf.com\/cs\/product\/round-steel-stake\/\">Kulat\u00e9 ocelov\u00e9 k\u016fly<\/a> jsou nejb\u011b\u017en\u011bj\u0161\u00edm typem ocelov\u00fdch k\u016fl\u016f pou\u017e\u00edvan\u00fdch p\u0159i tv\u00e1\u0159en\u00ed betonu. Obvykle jsou vyrobeny z vysokopevnostn\u00ed oceli a jsou k dispozici v r\u016fzn\u00fdch pr\u016fm\u011brech a d\u00e9lk\u00e1ch. Kulat\u00e9 ocelov\u00e9 k\u016fly se snadno instaluj\u00ed a demontuj\u00ed a poskytuj\u00ed vynikaj\u00edc\u00ed stabilitu a oporu pro bedn\u011bn\u00ed.<\/p>\n<p><a href=\"https:\/\/qingdaohf.com\/cs\/produkt\/ctvercovy-ocelovy-kolik-s-otvory-pro-hrebiky\/\">\u010ctvercov\u00e9 ocelov\u00e9 k\u016fly<\/a> jsou podobn\u00e9 kulat\u00fdm ocelov\u00fdm k\u016fl\u016fm, ale maj\u00ed \u010dtvercov\u00fd pr\u016f\u0159ez m\u00edsto kruhov\u00e9ho. Jsou rovn\u011b\u017e vyrobeny z vysokopevnostn\u00ed oceli a jsou k dispozici v r\u016fzn\u00fdch velikostech. \u010ctvercov\u00e9 ocelov\u00e9 k\u016fly se \u010dasto pou\u017e\u00edvaj\u00ed v situac\u00edch, kdy je zapot\u0159eb\u00ed dodate\u010dn\u00e1 stabilita, nap\u0159\u00edklad ve v\u011btrn\u00fdch nebo nerovn\u00fdch podm\u00ednk\u00e1ch.<\/p>\n<p><a href=\"https:\/\/qingdaohf.com\/cs\/produkt\/plochy-ocelovy-kolik\/\">Ploch\u00e9 ocelov\u00e9 k\u016fly<\/a> jsou obvykle vyrobeny z ten\u010d\u00ed oceli ne\u017e kulat\u00e9 nebo hranat\u00e9 ocelov\u00e9 k\u016fly. Maj\u00ed ploch\u00fd pr\u016f\u0159ez a jsou ur\u010deny k zap\u00edchnut\u00ed do zem\u011b pod \u00fahlem, aby zajistily dodate\u010dnou stabilitu bedn\u011bn\u00ed. Ploch\u00e9 ocelov\u00e9 k\u016fly se \u010dasto pou\u017e\u00edvaj\u00ed v kombinaci s kulat\u00fdmi nebo hranat\u00fdmi ocelov\u00fdmi k\u016fly, aby poskytly dodate\u010dnou oporu v n\u00e1ro\u010dn\u00fdch podm\u00ednk\u00e1ch.<\/p>\n<p>Ocelov\u00e9 k\u016fly s ploch\u00fdm nosn\u00edkem I jsou podobn\u00e9 ploch\u00fdm ocelov\u00fdm k\u016fl\u016fm, ale maj\u00ed pr\u016f\u0159ez p\u0159ipom\u00ednaj\u00edc\u00ed p\u00edsmeno \"I\". Jsou obvykle vyrobeny ze siln\u011bj\u0161\u00ed oceli ne\u017e ploch\u00e9 ocelov\u00e9 k\u016fly a jsou navr\u017eeny tak, aby poskytovaly je\u0161t\u011b v\u011bt\u0161\u00ed stabilitu a oporu pro bedn\u011bn\u00ed. Ploch\u00e9 ocelov\u00e9 k\u016fly typu I se \u010dasto pou\u017e\u00edvaj\u00ed v rozs\u00e1hl\u00fdch projektech betonov\u00e9ho bedn\u011bn\u00ed, nap\u0159\u00edklad p\u0159i stavb\u011b most\u016f nebo v\u00fd\u0161kov\u00fdch budov.<\/p>\n\n<table id=\"tablepress-22\" class=\"tablepress tablepress-id-22\">\n<thead>\n<tr class=\"row-1\">\n\t<th class=\"column-1\">Specifikace<\/th><th class=\"column-2\">Po\u010det ks\/karton<\/th><th class=\"column-3\">ks\/paleta<\/th>\n<\/tr>\n<\/thead>\n<tbody class=\"row-striping row-hover\">\n<tr class=\"row-2\">\n\t<td class=\"column-1\">Ploch\u00fd k\u016fl I-nosn\u00edk 1-1\/2\" x 12\" s otvory<\/td><td class=\"column-2\">10<\/td><td class=\"column-3\">1500<\/td>\n<\/tr>\n<tr class=\"row-3\">\n\t<td class=\"column-1\">Ploch\u00fd k\u016fl I-nosn\u00edk 1-1\/2\" x 18\" s otvory<\/td><td class=\"column-2\">10<\/td><td class=\"column-3\">1000<\/td>\n<\/tr>\n<tr class=\"row-4\">\n\t<td class=\"column-1\">Ploch\u00fd k\u016fl I-nosn\u00edk 1-1\/2\" x 24\" s otvory<\/td><td class=\"column-2\">10<\/td><td class=\"column-3\">750<\/td>\n<\/tr>\n<tr class=\"row-5\">\n\t<td class=\"column-1\">Ploch\u00fd k\u016fl I-nosn\u00edk 1-1\/2\" x 30\" s otvory<\/td><td class=\"column-2\">10<\/td><td class=\"column-3\">600<\/td>\n<\/tr>\n<tr class=\"row-6\">\n\t<td class=\"column-1\">1-1\/2\" x 36\" Ploch\u00fd k\u016fl s otvory pro I-nosn\u00edk<\/td><td class=\"column-2\">10<\/td><td class=\"column-3\">500<\/td>\n<\/tr>\n<\/tbody>\n<\/table>\n<!-- #tablepress-22 from cache -->\n<p><img fetchpriority=\"high\" decoding=\"async\" class=\"alignnone size-full wp-image-2789\" src=\"http:\/\/qingdaohf.com\/wp-content\/uploads\/2023\/02\/\u672a\u6807\u9898-1.jpg\" alt=\"\" width=\"1200\" height=\"1200\" srcset=\"https:\/\/qingdaohf.com\/wp-content\/uploads\/2023\/02\/\u672a\u6807\u9898-1.jpg 1200w, https:\/\/qingdaohf.com\/wp-content\/uploads\/2023\/02\/\u672a\u6807\u9898-1-500x500.jpg 500w, https:\/\/qingdaohf.com\/wp-content\/uploads\/2023\/02\/\u672a\u6807\u9898-1-100x100.jpg 100w, https:\/\/qingdaohf.com\/wp-content\/uploads\/2023\/02\/\u672a\u6807\u9898-1-1000x1000.jpg 1000w, https:\/\/qingdaohf.com\/wp-content\/uploads\/2023\/02\/\u672a\u6807\u9898-1-300x300.jpg 300w, https:\/\/qingdaohf.com\/wp-content\/uploads\/2023\/02\/\u672a\u6807\u9898-1-1024x1024.jpg 1024w, https:\/\/qingdaohf.com\/wp-content\/uploads\/2023\/02\/\u672a\u6807\u9898-1-150x150.jpg 150w, https:\/\/qingdaohf.com\/wp-content\/uploads\/2023\/02\/\u672a\u6807\u9898-1-768x768.jpg 768w\" sizes=\"(max-width: 1200px) 100vw, 1200px\" \/><\/p>\n<div class=\"flex-1 overflow-hidden\">\n<div class=\"react-scroll-to-bottom--css-kwokg-79elbk h-full dark:bg-gray-800\">\n<div class=\"react-scroll-to-bottom--css-kwokg-1n7m0yu\">\n<div class=\"flex flex-col items-center text-sm dark:bg-gray-800\">\n<div class=\"w-full border-b border-black\/10 dark:border-gray-900\/50 text-gray-800 dark:text-gray-100 group bg-gray-50 dark:bg-[#444654]\">\n<div class=\"text-base gap-4 md:gap-6 m-auto md:max-w-2xl lg:max-w-2xl xl:max-w-3xl p-4 md:py-6 flex lg:px-0\">\n<div class=\"relative flex w-[calc(100%-50px)] flex-col gap-1 md:gap-3 lg:w-[calc(100%-115px)]\">\n<div class=\"flex flex-grow flex-col gap-3\">\n<div class=\"min-h-[20px] flex flex-col items-start gap-4 whitespace-pre-wrap\">\n<div class=\"markdown prose w-full break-words dark:prose-invert light\">\n<p>&nbsp;<\/p>\n<\/div>\n<\/div>\n<\/div>\n<\/div>\n<\/div>\n<\/div>\n<\/div>\n<\/div>\n<\/div>\n<\/div>","protected":false},"excerpt":{"rendered":"<p>Kol\u00edky typu I jsou typem stanov\u00fdch kol\u00edk\u016f, kter\u00e9 jsou navr\u017eeny tak, aby poskytovaly vynikaj\u00edc\u00ed stabilitu a pevnost ve venkovn\u00edm prost\u0159ed\u00ed. Obvykle jsou vyrobeny z vysoce pevn\u00fdch materi\u00e1l\u016f, jako je hlin\u00edk nebo ocel, a maj\u00ed jedine\u010dn\u00fd tvar \"I-nosn\u00edku\", kter\u00fd zaji\u0161\u0165uje v\u011bt\u0161\u00ed plochu a stabilitu p\u0159i zara\u017een\u00ed do zem\u011b.<\/p>","protected":false},"featured_media":5425,"comment_status":"open","ping_status":"closed","template":"","meta":{"site-sidebar-layout":"default","site-content-layout":"default","ast-site-content-layout":"default","site-content-style":"default","site-sidebar-style":"default","ast-global-header-display":"","ast-banner-title-visibility":"","ast-main-header-display":"","ast-hfb-above-header-display":"","ast-hfb-below-header-display":"","ast-hfb-mobile-header-display":"","site-post-title":"","ast-breadcrumbs-content":"","ast-featured-img":"","footer-sml-layout":"","theme-transparent-header-meta":"default","adv-header-id-meta":"","stick-header-meta":"default","header-above-stick-meta":"","header-main-stick-meta":"","header-below-stick-meta":"","astra-migrate-meta-layouts":"set","ast-page-background-enabled":"default","ast-page-background-meta":{"desktop":{"background-color":"","background-image":"","background-repeat":"repeat","background-position":"center center","background-size":"auto","background-attachment":"scroll","background-type":"","background-media":"","overlay-type":"","overlay-color":"","overlay-opacity":"","overlay-gradient":""},"tablet":{"background-color":"","background-image":"","background-repeat":"repeat","background-position":"center center","background-size":"auto","background-attachment":"scroll","background-type":"","background-media":"","overlay-type":"","overlay-color":"","overlay-opacity":"","overlay-gradient":""},"mobile":{"background-color":"","background-image":"","background-repeat":"repeat","background-position":"center center","background-size":"auto","background-attachment":"scroll","background-type":"","background-media":"","overlay-type":"","overlay-color":"","overlay-opacity":"","overlay-gradient":""}},"ast-content-background-meta":{"desktop":{"background-color":"var(--ast-global-color-5)","background-image":"","background-repeat":"repeat","background-position":"center center","background-size":"auto","background-attachment":"scroll","background-type":"","background-media":"","overlay-type":"","overlay-color":"","overlay-opacity":"","overlay-gradient":""},"tablet":{"background-color":"var(--ast-global-color-5)","background-image":"","background-repeat":"repeat","background-position":"center center","background-size":"auto","background-attachment":"scroll","background-type":"","background-media":"","overlay-type":"","overlay-color":"","overlay-opacity":"","overlay-gradient":""},"mobile":{"background-color":"var(--ast-global-color-5)","background-image":"","background-repeat":"repeat","background-position":"center center","background-size":"auto","background-attachment":"scroll","background-type":"","background-media":"","overlay-type":"","overlay-color":"","overlay-opacity":"","overlay-gradient":""}}},"product_brand":[],"product_cat":[28,53],"product_tag":[],"class_list":{"0":"post-2205","1":"product","2":"type-product","3":"status-publish","4":"has-post-thumbnail","6":"product_cat-concrete-forming","7":"product_cat-steel-stake","8":"desktop-align-left","9":"tablet-align-left","10":"mobile-align-left","11":"ast-product-gallery-layout-horizontal-slider","12":"ast-product-tabs-layout-horizontal","14":"first","15":"instock","16":"shipping-taxable","17":"purchasable","18":"product-type-simple"},"yoast_head":"<!-- This site is optimized with the Yoast SEO plugin v25.2 - https:\/\/yoast.com\/wordpress\/plugins\/seo\/ -->\n<title>Concrete I-Beam Stake<\/title>\n<meta name=\"description\" content=\"Flat I-beam steel stakes are similar to flat steel stakes, but they have a cross-section that resembles the letter &quot;I&quot;.\" \/>\n<meta name=\"robots\" content=\"index, follow, max-snippet:-1, max-image-preview:large, max-video-preview:-1\" \/>\n<link rel=\"canonical\" href=\"https:\/\/qingdaohf.com\/cs\/produkt\/i-kul-paprsku\/\" \/>\n<meta property=\"og:locale\" content=\"cs_CZ\" \/>\n<meta property=\"og:type\" content=\"article\" \/>\n<meta property=\"og:title\" content=\"Concrete I-Beam Stake\" \/>\n<meta property=\"og:description\" content=\"Flat I-beam steel stakes are similar to flat steel stakes, but they have a cross-section that resembles the letter &quot;I&quot;.\" \/>\n<meta property=\"og:url\" content=\"https:\/\/qingdaohf.com\/cs\/produkt\/i-kul-paprsku\/\" \/>\n<meta property=\"og:site_name\" content=\"Concrete Form &amp; Rigging Hardware Supplier\" \/>\n<meta property=\"article:publisher\" content=\"https:\/\/www.facebook.com\/qingdaohf\" \/>\n<meta property=\"article:modified_time\" content=\"2025-11-13T01:06:18+00:00\" \/>\n<meta property=\"og:image\" content=\"https:\/\/qingdaohf.com\/wp-content\/uploads\/2023\/02\/i-beam-stake-1.jpg\" \/>\n\t<meta property=\"og:image:width\" content=\"1000\" \/>\n\t<meta property=\"og:image:height\" content=\"1000\" \/>\n\t<meta property=\"og:image:type\" content=\"image\/jpeg\" \/>\n<meta name=\"twitter:card\" content=\"summary_large_image\" \/>\n<meta name=\"twitter:label1\" content=\"Odhadovan\u00e1 doba \u010dten\u00ed\" \/>\n\t<meta name=\"twitter:data1\" content=\"2 minuty\" \/>\n<script type=\"application\/ld+json\" class=\"yoast-schema-graph\">{\"@context\":\"https:\/\/schema.org\",\"@graph\":[{\"@type\":\"WebPage\",\"@id\":\"https:\/\/qingdaohf.com\/product\/i-beam-stake\/\",\"url\":\"https:\/\/qingdaohf.com\/product\/i-beam-stake\/\",\"name\":\"Concrete I-Beam Stake\",\"isPartOf\":{\"@id\":\"https:\/\/qingdaohf.com\/bg\/#website\"},\"primaryImageOfPage\":{\"@id\":\"https:\/\/qingdaohf.com\/product\/i-beam-stake\/#primaryimage\"},\"image\":{\"@id\":\"https:\/\/qingdaohf.com\/product\/i-beam-stake\/#primaryimage\"},\"thumbnailUrl\":\"https:\/\/qingdaohf.com\/wp-content\/uploads\/2023\/02\/i-beam-stake-1.jpg\",\"datePublished\":\"2023-02-15T02:22:34+00:00\",\"dateModified\":\"2025-11-13T01:06:18+00:00\",\"description\":\"Flat I-beam steel stakes are similar to flat steel stakes, but they have a cross-section that resembles the letter \\\"I\\\".\",\"breadcrumb\":{\"@id\":\"https:\/\/qingdaohf.com\/product\/i-beam-stake\/#breadcrumb\"},\"inLanguage\":\"cs\",\"potentialAction\":[{\"@type\":\"ReadAction\",\"target\":[\"https:\/\/qingdaohf.com\/product\/i-beam-stake\/\"]}]},{\"@type\":\"ImageObject\",\"inLanguage\":\"cs\",\"@id\":\"https:\/\/qingdaohf.com\/product\/i-beam-stake\/#primaryimage\",\"url\":\"https:\/\/qingdaohf.com\/wp-content\/uploads\/2023\/02\/i-beam-stake-1.jpg\",\"contentUrl\":\"https:\/\/qingdaohf.com\/wp-content\/uploads\/2023\/02\/i-beam-stake-1.jpg\",\"width\":1000,\"height\":1000,\"caption\":\"i-beam stake\"},{\"@type\":\"BreadcrumbList\",\"@id\":\"https:\/\/qingdaohf.com\/product\/i-beam-stake\/#breadcrumb\",\"itemListElement\":[{\"@type\":\"ListItem\",\"position\":1,\"name\":\"Home\",\"item\":\"https:\/\/qingdaohf.com\/\"},{\"@type\":\"ListItem\",\"position\":2,\"name\":\"Concrete Forming Accessories and Rigging Hardware\",\"item\":\"https:\/\/qingdaohf.com\/bg\/?page_id=944\"},{\"@type\":\"ListItem\",\"position\":3,\"name\":\"Concrete I-Beam Stake\"}]},{\"@type\":\"WebSite\",\"@id\":\"https:\/\/qingdaohf.com\/bg\/#website\",\"url\":\"https:\/\/qingdaohf.com\/bg\/\",\"name\":\"Concrete Form & Rigging Hardware Supplier\",\"description\":\"\",\"publisher\":{\"@id\":\"https:\/\/qingdaohf.com\/bg\/#organization\"},\"potentialAction\":[{\"@type\":\"SearchAction\",\"target\":{\"@type\":\"EntryPoint\",\"urlTemplate\":\"https:\/\/qingdaohf.com\/bg\/?s={search_term_string}\"},\"query-input\":{\"@type\":\"PropertyValueSpecification\",\"valueRequired\":true,\"valueName\":\"search_term_string\"}}],\"inLanguage\":\"cs\"},{\"@type\":\"Organization\",\"@id\":\"https:\/\/qingdaohf.com\/bg\/#organization\",\"name\":\"Qingdao H&F\",\"url\":\"https:\/\/qingdaohf.com\/bg\/\",\"logo\":{\"@type\":\"ImageObject\",\"inLanguage\":\"cs\",\"@id\":\"https:\/\/qingdaohf.com\/bg\/#\/schema\/logo\/image\/\",\"url\":\"https:\/\/qingdaohf.com\/wp-content\/uploads\/2022\/12\/cropped-HF-LOGO.png\",\"contentUrl\":\"https:\/\/qingdaohf.com\/wp-content\/uploads\/2022\/12\/cropped-HF-LOGO.png\",\"width\":391,\"height\":249,\"caption\":\"Qingdao H&F\"},\"image\":{\"@id\":\"https:\/\/qingdaohf.com\/bg\/#\/schema\/logo\/image\/\"},\"sameAs\":[\"https:\/\/www.facebook.com\/qingdaohf\"]}]}<\/script>\n<!-- \/ Yoast SEO plugin. -->","yoast_head_json":{"title":"Concrete I-Beam Stake","description":"Flat I-beam steel stakes are similar to flat steel stakes, but they have a cross-section that resembles the letter \"I\".","robots":{"index":"index","follow":"follow","max-snippet":"max-snippet:-1","max-image-preview":"max-image-preview:large","max-video-preview":"max-video-preview:-1"},"canonical":"https:\/\/qingdaohf.com\/cs\/produkt\/i-kul-paprsku\/","og_locale":"cs_CZ","og_type":"article","og_title":"Concrete I-Beam Stake","og_description":"Flat I-beam steel stakes are similar to flat steel stakes, but they have a cross-section that resembles the letter \"I\".","og_url":"https:\/\/qingdaohf.com\/cs\/produkt\/i-kul-paprsku\/","og_site_name":"Concrete Form &amp; Rigging Hardware Supplier","article_publisher":"https:\/\/www.facebook.com\/qingdaohf","article_modified_time":"2025-11-13T01:06:18+00:00","og_image":[{"width":1000,"height":1000,"url":"https:\/\/qingdaohf.com\/wp-content\/uploads\/2023\/02\/i-beam-stake-1.jpg","type":"image\/jpeg"}],"twitter_card":"summary_large_image","twitter_misc":{"Odhadovan\u00e1 doba \u010dten\u00ed":"2 minuty"},"schema":{"@context":"https:\/\/schema.org","@graph":[{"@type":"WebPage","@id":"https:\/\/qingdaohf.com\/product\/i-beam-stake\/","url":"https:\/\/qingdaohf.com\/product\/i-beam-stake\/","name":"Concrete I-Beam Stake","isPartOf":{"@id":"https:\/\/qingdaohf.com\/bg\/#website"},"primaryImageOfPage":{"@id":"https:\/\/qingdaohf.com\/product\/i-beam-stake\/#primaryimage"},"image":{"@id":"https:\/\/qingdaohf.com\/product\/i-beam-stake\/#primaryimage"},"thumbnailUrl":"https:\/\/qingdaohf.com\/wp-content\/uploads\/2023\/02\/i-beam-stake-1.jpg","datePublished":"2023-02-15T02:22:34+00:00","dateModified":"2025-11-13T01:06:18+00:00","description":"Flat I-beam steel stakes are similar to flat steel stakes, but they have a cross-section that resembles the letter \"I\".","breadcrumb":{"@id":"https:\/\/qingdaohf.com\/product\/i-beam-stake\/#breadcrumb"},"inLanguage":"cs","potentialAction":[{"@type":"ReadAction","target":["https:\/\/qingdaohf.com\/product\/i-beam-stake\/"]}]},{"@type":"ImageObject","inLanguage":"cs","@id":"https:\/\/qingdaohf.com\/product\/i-beam-stake\/#primaryimage","url":"https:\/\/qingdaohf.com\/wp-content\/uploads\/2023\/02\/i-beam-stake-1.jpg","contentUrl":"https:\/\/qingdaohf.com\/wp-content\/uploads\/2023\/02\/i-beam-stake-1.jpg","width":1000,"height":1000,"caption":"i-beam stake"},{"@type":"BreadcrumbList","@id":"https:\/\/qingdaohf.com\/product\/i-beam-stake\/#breadcrumb","itemListElement":[{"@type":"ListItem","position":1,"name":"Home","item":"https:\/\/qingdaohf.com\/"},{"@type":"ListItem","position":2,"name":"Concrete Forming Accessories and Rigging Hardware","item":"https:\/\/qingdaohf.com\/bg\/?page_id=944"},{"@type":"ListItem","position":3,"name":"Concrete I-Beam Stake"}]},{"@type":"WebSite","@id":"https:\/\/qingdaohf.com\/bg\/#website","url":"https:\/\/qingdaohf.com\/bg\/","name":"Concrete Form & Rigging Hardware Supplier","description":"","publisher":{"@id":"https:\/\/qingdaohf.com\/bg\/#organization"},"potentialAction":[{"@type":"SearchAction","target":{"@type":"EntryPoint","urlTemplate":"https:\/\/qingdaohf.com\/bg\/?s={search_term_string}"},"query-input":{"@type":"PropertyValueSpecification","valueRequired":true,"valueName":"search_term_string"}}],"inLanguage":"cs"},{"@type":"Organization","@id":"https:\/\/qingdaohf.com\/bg\/#organization","name":"Qingdao H&F","url":"https:\/\/qingdaohf.com\/bg\/","logo":{"@type":"ImageObject","inLanguage":"cs","@id":"https:\/\/qingdaohf.com\/bg\/#\/schema\/logo\/image\/","url":"https:\/\/qingdaohf.com\/wp-content\/uploads\/2022\/12\/cropped-HF-LOGO.png","contentUrl":"https:\/\/qingdaohf.com\/wp-content\/uploads\/2022\/12\/cropped-HF-LOGO.png","width":391,"height":249,"caption":"Qingdao H&F"},"image":{"@id":"https:\/\/qingdaohf.com\/bg\/#\/schema\/logo\/image\/"},"sameAs":["https:\/\/www.facebook.com\/qingdaohf"]}]}},"_links":{"self":[{"href":"https:\/\/qingdaohf.com\/cs\/wp-json\/wp\/v2\/product\/2205","targetHints":{"allow":["GET"]}}],"collection":[{"href":"https:\/\/qingdaohf.com\/cs\/wp-json\/wp\/v2\/product"}],"about":[{"href":"https:\/\/qingdaohf.com\/cs\/wp-json\/wp\/v2\/types\/product"}],"replies":[{"embeddable":true,"href":"https:\/\/qingdaohf.com\/cs\/wp-json\/wp\/v2\/comments?post=2205"}],"version-history":[{"count":11,"href":"https:\/\/qingdaohf.com\/cs\/wp-json\/wp\/v2\/product\/2205\/revisions"}],"predecessor-version":[{"id":9252,"href":"https:\/\/qingdaohf.com\/cs\/wp-json\/wp\/v2\/product\/2205\/revisions\/9252"}],"wp:featuredmedia":[{"embeddable":true,"href":"https:\/\/qingdaohf.com\/cs\/wp-json\/wp\/v2\/media\/5425"}],"wp:attachment":[{"href":"https:\/\/qingdaohf.com\/cs\/wp-json\/wp\/v2\/media?parent=2205"}],"wp:term":[{"taxonomy":"product_brand","embeddable":true,"href":"https:\/\/qingdaohf.com\/cs\/wp-json\/wp\/v2\/product_brand?post=2205"},{"taxonomy":"product_cat","embeddable":true,"href":"https:\/\/qingdaohf.com\/cs\/wp-json\/wp\/v2\/product_cat?post=2205"},{"taxonomy":"product_tag","embeddable":true,"href":"https:\/\/qingdaohf.com\/cs\/wp-json\/wp\/v2\/product_tag?post=2205"}],"curies":[{"name":"wp","href":"https:\/\/api.w.org\/{rel}","templated":true}]}}