{"id":2218,"date":"2023-02-15T11:57:32","date_gmt":"2023-02-15T03:57:32","guid":{"rendered":"http:\/\/qingdaohf.com\/?post_type=product&#038;p=2218"},"modified":"2025-11-13T09:06:17","modified_gmt":"2025-11-13T01:06:17","slug":"tie-nut","status":"publish","type":"product","link":"https:\/\/qingdaohf.com\/cs\/produkt\/stahovaci-matice\/","title":{"rendered":"Stahovac\u00ed matice bedn\u011bn\u00ed"},"content":{"rendered":"<div class=\"ast-oembed-container\" style=\"height: 100%;\"><iframe title=\"V\u00e1zac\u00ed matice a v\u00e1zac\u00ed ty\u010d pro betonov\u00e9 bedn\u011bn\u00ed\" width=\"500\" height=\"281\" src=\"https:\/\/www.youtube.com\/embed\/RQCaJFwWa88?feature=oembed\" frameborder=\"0\" allow=\"accelerometer; autoplay; clipboard-write; encrypted-media; gyroscope; picture-in-picture; web-share\" referrerpolicy=\"strict-origin-when-cross-origin\" allowfullscreen><\/iframe><\/div>\n<h4>Z\u00e1klad stability betonov\u00e9ho bedn\u011bn\u00ed<\/h4>\n<p>V n\u00e1ro\u010dn\u00e9m sv\u011bt\u011b betonov\u00fdch konstrukc\u00ed je stabilita a p\u0159esnost p\u0159i bedn\u011bn\u00ed neoddiskutovateln\u00e1. Srdcem tohoto procesu je syst\u00e9m v\u00e1zac\u00edch ty\u010d\u00ed, komplexn\u00ed \u0159e\u0161en\u00ed, kter\u00e9 zahrnuje v\u00e1zac\u00ed ty\u010de, v\u00e1zac\u00ed matice, vodn\u00ed zar\u00e1\u017eky a k\u0159\u00eddlov\u00e9 matice. Stahovac\u00ed matice hraj\u00ed v t\u00e9to sestav\u011b kl\u00ed\u010dovou roli, zaji\u0161\u0165uj\u00ed pevn\u00e9 uchycen\u00ed stahovac\u00edch ty\u010d\u00ed a zaji\u0161\u0165uj\u00ed stabilitu bedn\u011bn\u00ed pod obrovsk\u00fdm tlakem mokr\u00e9ho betonu.<\/p>\n<p>Tyto zd\u00e1nliv\u011b mal\u00e9 sou\u010d\u00e1sti jsou konstruov\u00e1ny tak, aby zvl\u00e1dly velk\u00e9 zat\u00ed\u017een\u00ed a zabr\u00e1nily posunu nebo deformaci bedn\u011bn\u00ed b\u011bhem f\u00e1ze lit\u00ed a vytvrzov\u00e1n\u00ed. Bez spolehliv\u00fdch stahovac\u00edch matic by mohl cel\u00fd syst\u00e9m selhat, co\u017e by ohrozilo jak efektivitu stavebn\u00edho procesu, tak struktur\u00e1ln\u00ed integritu kone\u010dn\u00e9ho v\u00fdrobku.<\/p>\n<h4>Syst\u00e9m v\u00e1zac\u00edch ty\u010d\u00ed: Soudr\u017en\u00e9 \u0159e\u0161en\u00ed<\/h4>\n<p><img fetchpriority=\"high\" decoding=\"async\" class=\"alignnone size-full wp-image-2990\" src=\"http:\/\/qingdaohf.com\/wp-content\/uploads\/2023\/02\/Tie-Nut.jpg\" alt=\"Kravatov\u00e1 matice\" width=\"1204\" height=\"1008\" srcset=\"https:\/\/qingdaohf.com\/wp-content\/uploads\/2023\/02\/Tie-Nut.jpg 1204w, https:\/\/qingdaohf.com\/wp-content\/uploads\/2023\/02\/Tie-Nut-300x251.jpg 300w, https:\/\/qingdaohf.com\/wp-content\/uploads\/2023\/02\/Tie-Nut-1024x857.jpg 1024w, https:\/\/qingdaohf.com\/wp-content\/uploads\/2023\/02\/Tie-Nut-768x643.jpg 768w, https:\/\/qingdaohf.com\/wp-content\/uploads\/2023\/02\/Tie-Nut-1000x837.jpg 1000w\" sizes=\"(max-width: 1204px) 100vw, 1204px\" \/><\/p>\n<p>Syst\u00e9m stahovac\u00edch ty\u010d\u00ed funguje jako jednotn\u00e1 sestava ur\u010den\u00e1 k podep\u0159en\u00ed a stabilizaci betonov\u00e9ho bedn\u011bn\u00ed.<\/p>\n<ul>\n<li><strong>V\u00e1zac\u00ed ty\u010de:<\/strong> \u00dast\u0159edn\u00edm prvkem syst\u00e9mu jsou t\u00e1hla z vysokopevnostn\u00ed oceli, kter\u00e1 absorbuj\u00ed a rozkl\u00e1daj\u00ed tlak \u010derstv\u011b vylit\u00e9ho betonu. Rozp\u00ednaj\u00ed se nap\u0159\u00ed\u010d bedn\u011bn\u00edm a zaji\u0161\u0165uj\u00ed pot\u0159ebnou tuhost, aby ho udr\u017eely na m\u00edst\u011b.<\/li>\n<li><strong>Zast\u00e1vky vody:<\/strong> Vodn\u00ed uz\u00e1v\u011bry, kter\u00e9 jsou \u010dasto integrov\u00e1ny do spojovac\u00edch ty\u010d\u00ed, slou\u017e\u00ed jako kritick\u00e9 z\u00e1brany, kter\u00e9 zabra\u0148uj\u00ed prosakov\u00e1n\u00ed vody otvory spojovac\u00edch ty\u010d\u00ed. Tyto prvky zvy\u0161uj\u00ed odolnost konstrukce t\u00edm, \u017ee sni\u017euj\u00ed riziko po\u0161kozen\u00ed vodou a zaji\u0161\u0165uj\u00ed dlouhodobou funk\u010dnost.<\/li>\n<li><strong>Kravatov\u00e9 matice:<\/strong> Na obou konc\u00edch t\u00e1hla jsou um\u00edst\u011bny stahovac\u00ed matice, kter\u00e9 t\u00e1hla pevn\u011b p\u0159ipev\u0148uj\u00ed k bednic\u00edm panel\u016fm. Jejich z\u00e1vit a pevnost jsou navr\u017eeny tak, aby odol\u00e1valy vysok\u00e9mu nam\u00e1h\u00e1n\u00ed, ke kter\u00e9mu doch\u00e1z\u00ed p\u0159i stavb\u011b, a udr\u017eovaly vyrovn\u00e1n\u00ed a stabilitu bedn\u011bn\u00ed.<\/li>\n<li><strong>K\u0159\u00eddlov\u00e9 matice:<\/strong> Praktick\u00fdm dopl\u0148kem syst\u00e9mu jsou k\u0159\u00eddlov\u00e9 matice, kter\u00e9 umo\u017e\u0148uj\u00ed rychl\u00e9 nastaven\u00ed bez pou\u017eit\u00ed n\u00e1\u0159ad\u00ed. Jsou u\u017eite\u010dn\u00e9 zejm\u00e9na v aplikac\u00edch vy\u017eaduj\u00edc\u00edch \u010dastou mont\u00e1\u017e a demont\u00e1\u017e, \u010d\u00edm\u017e zvy\u0161uj\u00ed efektivitu, ani\u017e by byla ohro\u017eena bezpe\u010dnost.<\/li>\n<\/ul>\n<p>Tyto komponenty spole\u010dn\u011b tvo\u0159\u00ed robustn\u00ed a spolehliv\u00fd r\u00e1mec, kter\u00fd zaji\u0161\u0165uje \u00fasp\u011bch konkr\u00e9tn\u00edch stavebn\u00edch projekt\u016f od za\u010d\u00e1tku a\u017e do konce.<\/p>\n<h3>Jak syst\u00e9m v\u00e1zac\u00edch ty\u010d\u00ed zvy\u0161uje efektivitu v\u00fdstavby<\/h3>\n<h4>Vylep\u0161en\u00e1 stabilita a p\u0159esnost<\/h4>\n<p>Syst\u00e9m v\u00e1zac\u00edch ty\u010d\u00ed eliminuje obavy z nesouososti nebo nestability ve f\u00e1zi bedn\u011bn\u00ed. D\u00edky zaji\u0161t\u011bn\u00ed bednic\u00edch panel\u016f na m\u00edst\u011b pomoc\u00ed stahovac\u00edch matic syst\u00e9m zaru\u010duje, \u017ee konstrukce zachov\u00e1 zam\u00fd\u0161len\u00fd tvar po celou dobu beton\u00e1\u017ee a tvrdnut\u00ed betonu.<\/p>\n<p>Integrace vodn\u00edch zar\u00e1\u017eek do sestavy nav\u00edc poskytuje dal\u0161\u00ed vrstvu ochrany. Tyto komponenty zabra\u0148uj\u00ed pronik\u00e1n\u00ed vody do otvor\u016f pro t\u00e1hla, \u010d\u00edm\u017e chr\u00e1n\u00ed celistvost betonu a sni\u017euj\u00ed pravd\u011bpodobnost budouc\u00edch probl\u00e9m\u016f, jako je koroze nebo praskliny.<\/p>\n<h4>Zjednodu\u0161en\u00e1 mont\u00e1\u017e a demont\u00e1\u017e<\/h4>\n<p>Pou\u017eit\u00ed k\u0159\u00eddlov\u00fdch matic v syst\u00e9mu spojovac\u00edch ty\u010d\u00ed zjednodu\u0161uje proces mont\u00e1\u017ee. Jejich ru\u010dn\u00ed utahov\u00e1n\u00ed eliminuje pot\u0159ebu specializovan\u00e9ho n\u00e1\u0159ad\u00ed, co\u017e stavebn\u00edm \u010det\u00e1m umo\u017e\u0148uje rychlou a efektivn\u00ed mont\u00e1\u017e a demont\u00e1\u017e bedn\u011bn\u00ed. To nejen \u0161et\u0159\u00ed \u010das, ale tak\u00e9 sni\u017euje n\u00e1klady na pracovn\u00ed s\u00edlu, d\u00edky \u010demu\u017e je tento syst\u00e9m preferovanou volbou pro projekty v\u0161ech rozsah\u016f.<\/p>\n<h4>V\u0161estrannost nap\u0159\u00ed\u010d aplikacemi<\/h4>\n<p>D\u00edky sv\u00e9 p\u0159izp\u016fsobivosti je syst\u00e9m t\u00e1hla vhodn\u00fd pro \u0161irokou \u0161k\u00e1lu betonov\u00fdch konstrukc\u00ed, od jednoduch\u00fdch desek a\u017e po slo\u017eit\u00e9 architektonick\u00e9 n\u00e1vrhy. Jeho sou\u010d\u00e1sti lze p\u0159izp\u016fsobit r\u016fzn\u00fdm velikostem a konfigurac\u00edm bedn\u011bn\u00ed, co\u017e poskytuje flexibilitu pot\u0159ebnou pro spln\u011bn\u00ed r\u016fzn\u00fdch po\u017eadavk\u016f projektu.<\/p>\n<h3>Z\u00e1sadn\u00ed role kvality v syst\u00e9mech v\u00e1zac\u00edch ty\u010d\u00ed<\/h3>\n<h4>Vysoce p\u0159esn\u00e1 v\u00fdroba pro spolehlivost<\/h4>\n<p>Kl\u00ednovcov\u00e9 ty\u010de, matice, vodn\u00ed dorazy a k\u0159\u00eddlov\u00e9 matice mus\u00ed spl\u0148ovat p\u0159\u00edsn\u00e9 normy kvality, aby mohly \u00fa\u010dinn\u011b fungovat. Jak\u00e9koli odchylky v rozm\u011brech nebo z\u00e1vitech mohou v\u00e9st k nespr\u00e1vn\u00e9mu ulo\u017een\u00ed a ohrozit stabilitu bednic\u00edho syst\u00e9mu. Vysoce p\u0159esn\u00e1 v\u00fdroba zaji\u0161\u0165uje, \u017ee v\u0161echny sou\u010d\u00e1sti spolu bez probl\u00e9m\u016f spolupracuj\u00ed a poskytuj\u00ed konzistentn\u00ed v\u00fdkon na staveni\u0161ti.<\/p>\n<h4>Hodnota odolnosti a pevnosti<\/h4>\n<p>Ve stavebn\u00edm prost\u0159ed\u00ed jsou bednic\u00ed syst\u00e9my vystaveny extr\u00e9mn\u00edm podm\u00ednk\u00e1m, od velk\u00e9ho zat\u00ed\u017een\u00ed a\u017e po p\u016fsoben\u00ed vody a dal\u0161\u00edch \u017eivl\u016f. Trvanlivost je prvo\u0159ad\u00e1, zejm\u00e9na u stahovac\u00edch matic a ty\u010d\u00ed, kter\u00e9 nesou hlavn\u00ed t\u00edhu tlaku b\u011bhem procesu lit\u00ed. V\u00fdb\u011br komponent\u016f vyroben\u00fdch z vysoce kvalitn\u00edch materi\u00e1l\u016f zajist\u00ed, \u017ee syst\u00e9m t\u011bmto v\u00fdzv\u00e1m odol\u00e1 bez poruchy.<\/p>\n<h4>Zlep\u0161en\u00ed dlouhodob\u00e9 struktur\u00e1ln\u00ed integrity<\/h4>\n<p>Zapojen\u00ed vodn\u00edch uz\u00e1v\u011br\u016f do syst\u00e9mu t\u00e1hla dokazuje d\u016fle\u017eitost proaktivn\u00edch opat\u0159en\u00ed ve v\u00fdstavb\u011b. T\u00edm, \u017ee tyto prvky zabra\u0148uj\u00ed pronik\u00e1n\u00ed vody, p\u0159isp\u00edvaj\u00ed k dlouhodob\u00e9 odolnosti konstrukce, sni\u017euj\u00ed pot\u0159ebu \u00fadr\u017eby a prodlu\u017euj\u00ed jej\u00ed \u017eivotnost.<\/p>\n<h4><\/h4>\n<p>&nbsp;<\/p>\n<p>&nbsp;<\/p>\n<p>&nbsp;<\/p>\n<p>&nbsp;<\/p>","protected":false},"excerpt":{"rendered":"<p>V\u00e1zac\u00ed matice bedn\u011bn\u00ed jsou nepostradateln\u00e9 p\u0159i stavb\u011b betonov\u00fdch konstrukc\u00ed a zaji\u0161\u0165uj\u00ed stabilitu a vyrovn\u00e1n\u00ed bednic\u00edch syst\u00e9m\u016f. Spole\u010dnost Qingdao H&amp;F jako obchodn\u00ed spole\u010dnost s dvacetiletou zku\u0161enost\u00ed nab\u00edz\u00ed vysoce kvalitn\u00ed stahovac\u00ed matice kompatibiln\u00ed s r\u016fzn\u00fdmi syst\u00e9my stahovac\u00edch ty\u010d\u00ed, v\u010detn\u011b vodn\u00edch zar\u00e1\u017eek a k\u0159\u00eddlov\u00fdch matic. Obavy kupuj\u00edc\u00edch \u0159e\u0161\u00edme individu\u00e1ln\u00edm z\u00e1kaznick\u00fdm servisem, rychl\u00fdmi dodac\u00edmi cykly a podrobn\u00fdmi zpr\u00e1vami o kontrole kvality, abychom zajistili, \u017ee ka\u017ed\u00fd v\u00fdrobek spl\u0148uje p\u0159\u00edsn\u00e9 normy.<\/p>","protected":false},"featured_media":3694,"comment_status":"open","ping_status":"closed","template":"","meta":{"site-sidebar-layout":"default","site-content-layout":"default","ast-site-content-layout":"default","site-content-style":"default","site-sidebar-style":"default","ast-global-header-display":"","ast-banner-title-visibility":"","ast-main-header-display":"","ast-hfb-above-header-display":"","ast-hfb-below-header-display":"","ast-hfb-mobile-header-display":"","site-post-title":"","ast-breadcrumbs-content":"","ast-featured-img":"","footer-sml-layout":"","theme-transparent-header-meta":"default","adv-header-id-meta":"","stick-header-meta":"default","header-above-stick-meta":"","header-main-stick-meta":"","header-below-stick-meta":"","astra-migrate-meta-layouts":"set","ast-page-background-enabled":"default","ast-page-background-meta":{"desktop":{"background-color":"","background-image":"","background-repeat":"repeat","background-position":"center center","background-size":"auto","background-attachment":"scroll","background-type":"","background-media":"","overlay-type":"","overlay-color":"","overlay-opacity":"","overlay-gradient":""},"tablet":{"background-color":"","background-image":"","background-repeat":"repeat","background-position":"center center","background-size":"auto","background-attachment":"scroll","background-type":"","background-media":"","overlay-type":"","overlay-color":"","overlay-opacity":"","overlay-gradient":""},"mobile":{"background-color":"","background-image":"","background-repeat":"repeat","background-position":"center center","background-size":"auto","background-attachment":"scroll","background-type":"","background-media":"","overlay-type":"","overlay-color":"","overlay-opacity":"","overlay-gradient":""}},"ast-content-background-meta":{"desktop":{"background-color":"var(--ast-global-color-5)","background-image":"","background-repeat":"repeat","background-position":"center center","background-size":"auto","background-attachment":"scroll","background-type":"","background-media":"","overlay-type":"","overlay-color":"","overlay-opacity":"","overlay-gradient":""},"tablet":{"background-color":"var(--ast-global-color-5)","background-image":"","background-repeat":"repeat","background-position":"center center","background-size":"auto","background-attachment":"scroll","background-type":"","background-media":"","overlay-type":"","overlay-color":"","overlay-opacity":"","overlay-gradient":""},"mobile":{"background-color":"var(--ast-global-color-5)","background-image":"","background-repeat":"repeat","background-position":"center center","background-size":"auto","background-attachment":"scroll","background-type":"","background-media":"","overlay-type":"","overlay-color":"","overlay-opacity":"","overlay-gradient":""}}},"product_brand":[],"product_cat":[79],"product_tag":[],"class_list":{"0":"post-2218","1":"product","2":"type-product","3":"status-publish","4":"has-post-thumbnail","6":"product_cat-tie-rod-system","7":"desktop-align-left","8":"tablet-align-left","9":"mobile-align-left","10":"ast-product-gallery-layout-horizontal-slider","11":"ast-product-tabs-layout-horizontal","13":"first","14":"instock","15":"shipping-taxable","16":"purchasable","17":"product-type-simple"},"yoast_head":"<!-- This site is optimized with the Yoast SEO plugin v25.2 - https:\/\/yoast.com\/wordpress\/plugins\/seo\/ -->\n<title>Formwork Tie Nut<\/title>\n<meta name=\"description\" content=\"Concrete Formwork Tie Nut is a component used in construction to secure concrete formwork\" \/>\n<meta name=\"robots\" content=\"index, follow, max-snippet:-1, max-image-preview:large, max-video-preview:-1\" \/>\n<link rel=\"canonical\" href=\"https:\/\/qingdaohf.com\/cs\/produkt\/stahovaci-matice\/\" \/>\n<meta property=\"og:locale\" content=\"cs_CZ\" \/>\n<meta property=\"og:type\" content=\"article\" \/>\n<meta property=\"og:title\" content=\"Formwork Tie Nut\" \/>\n<meta property=\"og:description\" content=\"Concrete Formwork Tie Nut is a component used in construction to secure concrete formwork\" \/>\n<meta property=\"og:url\" content=\"https:\/\/qingdaohf.com\/cs\/produkt\/stahovaci-matice\/\" \/>\n<meta property=\"og:site_name\" content=\"Concrete Form &amp; Rigging Hardware Supplier\" \/>\n<meta property=\"article:publisher\" content=\"https:\/\/www.facebook.com\/qingdaohf\" \/>\n<meta property=\"article:modified_time\" content=\"2025-11-13T01:06:17+00:00\" \/>\n<meta property=\"og:image\" content=\"https:\/\/qingdaohf.com\/wp-content\/uploads\/2023\/02\/HF-tie-nut-7.jpg\" \/>\n\t<meta property=\"og:image:width\" content=\"1000\" \/>\n\t<meta property=\"og:image:height\" content=\"1000\" \/>\n\t<meta property=\"og:image:type\" content=\"image\/jpeg\" \/>\n<meta name=\"twitter:card\" content=\"summary_large_image\" \/>\n<meta name=\"twitter:label1\" content=\"Odhadovan\u00e1 doba \u010dten\u00ed\" \/>\n\t<meta name=\"twitter:data1\" content=\"4 minuty\" \/>\n<script type=\"application\/ld+json\" class=\"yoast-schema-graph\">{\"@context\":\"https:\/\/schema.org\",\"@graph\":[{\"@type\":\"WebPage\",\"@id\":\"https:\/\/qingdaohf.com\/product\/tie-nut\/\",\"url\":\"https:\/\/qingdaohf.com\/product\/tie-nut\/\",\"name\":\"Formwork Tie Nut\",\"isPartOf\":{\"@id\":\"https:\/\/qingdaohf.com\/bg\/#website\"},\"primaryImageOfPage\":{\"@id\":\"https:\/\/qingdaohf.com\/product\/tie-nut\/#primaryimage\"},\"image\":{\"@id\":\"https:\/\/qingdaohf.com\/product\/tie-nut\/#primaryimage\"},\"thumbnailUrl\":\"https:\/\/qingdaohf.com\/wp-content\/uploads\/2023\/02\/HF-tie-nut-7.jpg\",\"datePublished\":\"2023-02-15T03:57:32+00:00\",\"dateModified\":\"2025-11-13T01:06:17+00:00\",\"description\":\"Concrete Formwork Tie Nut is a component used in construction to secure concrete formwork\",\"breadcrumb\":{\"@id\":\"https:\/\/qingdaohf.com\/product\/tie-nut\/#breadcrumb\"},\"inLanguage\":\"cs\",\"potentialAction\":[{\"@type\":\"ReadAction\",\"target\":[\"https:\/\/qingdaohf.com\/product\/tie-nut\/\"]}]},{\"@type\":\"ImageObject\",\"inLanguage\":\"cs\",\"@id\":\"https:\/\/qingdaohf.com\/product\/tie-nut\/#primaryimage\",\"url\":\"https:\/\/qingdaohf.com\/wp-content\/uploads\/2023\/02\/HF-tie-nut-7.jpg\",\"contentUrl\":\"https:\/\/qingdaohf.com\/wp-content\/uploads\/2023\/02\/HF-tie-nut-7.jpg\",\"width\":1000,\"height\":1000,\"caption\":\"HF tie nut\"},{\"@type\":\"BreadcrumbList\",\"@id\":\"https:\/\/qingdaohf.com\/product\/tie-nut\/#breadcrumb\",\"itemListElement\":[{\"@type\":\"ListItem\",\"position\":1,\"name\":\"Home\",\"item\":\"https:\/\/qingdaohf.com\/\"},{\"@type\":\"ListItem\",\"position\":2,\"name\":\"Concrete Forming Accessories and Rigging Hardware\",\"item\":\"https:\/\/qingdaohf.com\/bg\/?page_id=944\"},{\"@type\":\"ListItem\",\"position\":3,\"name\":\"Formwork Tie Nut\"}]},{\"@type\":\"WebSite\",\"@id\":\"https:\/\/qingdaohf.com\/bg\/#website\",\"url\":\"https:\/\/qingdaohf.com\/bg\/\",\"name\":\"Concrete Form & Rigging Hardware Supplier\",\"description\":\"\",\"publisher\":{\"@id\":\"https:\/\/qingdaohf.com\/bg\/#organization\"},\"potentialAction\":[{\"@type\":\"SearchAction\",\"target\":{\"@type\":\"EntryPoint\",\"urlTemplate\":\"https:\/\/qingdaohf.com\/bg\/?s={search_term_string}\"},\"query-input\":{\"@type\":\"PropertyValueSpecification\",\"valueRequired\":true,\"valueName\":\"search_term_string\"}}],\"inLanguage\":\"cs\"},{\"@type\":\"Organization\",\"@id\":\"https:\/\/qingdaohf.com\/bg\/#organization\",\"name\":\"Qingdao H&F\",\"url\":\"https:\/\/qingdaohf.com\/bg\/\",\"logo\":{\"@type\":\"ImageObject\",\"inLanguage\":\"cs\",\"@id\":\"https:\/\/qingdaohf.com\/bg\/#\/schema\/logo\/image\/\",\"url\":\"https:\/\/qingdaohf.com\/wp-content\/uploads\/2022\/12\/cropped-HF-LOGO.png\",\"contentUrl\":\"https:\/\/qingdaohf.com\/wp-content\/uploads\/2022\/12\/cropped-HF-LOGO.png\",\"width\":391,\"height\":249,\"caption\":\"Qingdao H&F\"},\"image\":{\"@id\":\"https:\/\/qingdaohf.com\/bg\/#\/schema\/logo\/image\/\"},\"sameAs\":[\"https:\/\/www.facebook.com\/qingdaohf\"]}]}<\/script>\n<!-- \/ Yoast SEO plugin. -->","yoast_head_json":{"title":"Formwork Tie Nut","description":"Concrete Formwork Tie Nut is a component used in construction to secure concrete formwork","robots":{"index":"index","follow":"follow","max-snippet":"max-snippet:-1","max-image-preview":"max-image-preview:large","max-video-preview":"max-video-preview:-1"},"canonical":"https:\/\/qingdaohf.com\/cs\/produkt\/stahovaci-matice\/","og_locale":"cs_CZ","og_type":"article","og_title":"Formwork Tie Nut","og_description":"Concrete Formwork Tie Nut is a component used in construction to secure concrete formwork","og_url":"https:\/\/qingdaohf.com\/cs\/produkt\/stahovaci-matice\/","og_site_name":"Concrete Form &amp; Rigging Hardware Supplier","article_publisher":"https:\/\/www.facebook.com\/qingdaohf","article_modified_time":"2025-11-13T01:06:17+00:00","og_image":[{"width":1000,"height":1000,"url":"https:\/\/qingdaohf.com\/wp-content\/uploads\/2023\/02\/HF-tie-nut-7.jpg","type":"image\/jpeg"}],"twitter_card":"summary_large_image","twitter_misc":{"Odhadovan\u00e1 doba \u010dten\u00ed":"4 minuty"},"schema":{"@context":"https:\/\/schema.org","@graph":[{"@type":"WebPage","@id":"https:\/\/qingdaohf.com\/product\/tie-nut\/","url":"https:\/\/qingdaohf.com\/product\/tie-nut\/","name":"Formwork Tie Nut","isPartOf":{"@id":"https:\/\/qingdaohf.com\/bg\/#website"},"primaryImageOfPage":{"@id":"https:\/\/qingdaohf.com\/product\/tie-nut\/#primaryimage"},"image":{"@id":"https:\/\/qingdaohf.com\/product\/tie-nut\/#primaryimage"},"thumbnailUrl":"https:\/\/qingdaohf.com\/wp-content\/uploads\/2023\/02\/HF-tie-nut-7.jpg","datePublished":"2023-02-15T03:57:32+00:00","dateModified":"2025-11-13T01:06:17+00:00","description":"Concrete Formwork Tie Nut is a component used in construction to secure concrete formwork","breadcrumb":{"@id":"https:\/\/qingdaohf.com\/product\/tie-nut\/#breadcrumb"},"inLanguage":"cs","potentialAction":[{"@type":"ReadAction","target":["https:\/\/qingdaohf.com\/product\/tie-nut\/"]}]},{"@type":"ImageObject","inLanguage":"cs","@id":"https:\/\/qingdaohf.com\/product\/tie-nut\/#primaryimage","url":"https:\/\/qingdaohf.com\/wp-content\/uploads\/2023\/02\/HF-tie-nut-7.jpg","contentUrl":"https:\/\/qingdaohf.com\/wp-content\/uploads\/2023\/02\/HF-tie-nut-7.jpg","width":1000,"height":1000,"caption":"HF tie nut"},{"@type":"BreadcrumbList","@id":"https:\/\/qingdaohf.com\/product\/tie-nut\/#breadcrumb","itemListElement":[{"@type":"ListItem","position":1,"name":"Home","item":"https:\/\/qingdaohf.com\/"},{"@type":"ListItem","position":2,"name":"Concrete Forming Accessories and Rigging Hardware","item":"https:\/\/qingdaohf.com\/bg\/?page_id=944"},{"@type":"ListItem","position":3,"name":"Formwork Tie Nut"}]},{"@type":"WebSite","@id":"https:\/\/qingdaohf.com\/bg\/#website","url":"https:\/\/qingdaohf.com\/bg\/","name":"Concrete Form & Rigging Hardware Supplier","description":"","publisher":{"@id":"https:\/\/qingdaohf.com\/bg\/#organization"},"potentialAction":[{"@type":"SearchAction","target":{"@type":"EntryPoint","urlTemplate":"https:\/\/qingdaohf.com\/bg\/?s={search_term_string}"},"query-input":{"@type":"PropertyValueSpecification","valueRequired":true,"valueName":"search_term_string"}}],"inLanguage":"cs"},{"@type":"Organization","@id":"https:\/\/qingdaohf.com\/bg\/#organization","name":"Qingdao H&F","url":"https:\/\/qingdaohf.com\/bg\/","logo":{"@type":"ImageObject","inLanguage":"cs","@id":"https:\/\/qingdaohf.com\/bg\/#\/schema\/logo\/image\/","url":"https:\/\/qingdaohf.com\/wp-content\/uploads\/2022\/12\/cropped-HF-LOGO.png","contentUrl":"https:\/\/qingdaohf.com\/wp-content\/uploads\/2022\/12\/cropped-HF-LOGO.png","width":391,"height":249,"caption":"Qingdao H&F"},"image":{"@id":"https:\/\/qingdaohf.com\/bg\/#\/schema\/logo\/image\/"},"sameAs":["https:\/\/www.facebook.com\/qingdaohf"]}]}},"_links":{"self":[{"href":"https:\/\/qingdaohf.com\/cs\/wp-json\/wp\/v2\/product\/2218","targetHints":{"allow":["GET"]}}],"collection":[{"href":"https:\/\/qingdaohf.com\/cs\/wp-json\/wp\/v2\/product"}],"about":[{"href":"https:\/\/qingdaohf.com\/cs\/wp-json\/wp\/v2\/types\/product"}],"replies":[{"embeddable":true,"href":"https:\/\/qingdaohf.com\/cs\/wp-json\/wp\/v2\/comments?post=2218"}],"version-history":[{"count":4,"href":"https:\/\/qingdaohf.com\/cs\/wp-json\/wp\/v2\/product\/2218\/revisions"}],"predecessor-version":[{"id":8606,"href":"https:\/\/qingdaohf.com\/cs\/wp-json\/wp\/v2\/product\/2218\/revisions\/8606"}],"wp:featuredmedia":[{"embeddable":true,"href":"https:\/\/qingdaohf.com\/cs\/wp-json\/wp\/v2\/media\/3694"}],"wp:attachment":[{"href":"https:\/\/qingdaohf.com\/cs\/wp-json\/wp\/v2\/media?parent=2218"}],"wp:term":[{"taxonomy":"product_brand","embeddable":true,"href":"https:\/\/qingdaohf.com\/cs\/wp-json\/wp\/v2\/product_brand?post=2218"},{"taxonomy":"product_cat","embeddable":true,"href":"https:\/\/qingdaohf.com\/cs\/wp-json\/wp\/v2\/product_cat?post=2218"},{"taxonomy":"product_tag","embeddable":true,"href":"https:\/\/qingdaohf.com\/cs\/wp-json\/wp\/v2\/product_tag?post=2218"}],"curies":[{"name":"wp","href":"https:\/\/api.w.org\/{rel}","templated":true}]}}