{"id":2312,"date":"2023-02-21T17:34:53","date_gmt":"2023-02-21T09:34:53","guid":{"rendered":"http:\/\/qingdaohf.com\/?post_type=product&#038;p=2312"},"modified":"2025-11-13T09:06:16","modified_gmt":"2025-11-13T01:06:16","slug":"slab-bolster-dipped","status":"publish","type":"product","link":"https:\/\/qingdaohf.com\/cs\/produkt\/deska-bolster-ponoreny\/","title":{"rendered":"Deska Bolster Dipped SBD"},"content":{"rendered":"<h2 data-pm-slice=\"1 1 []\">Co je to deska Bolster Dipped (SBD)?<\/h2>\n<p>Slab Bolster Dipped (SBD) je kl\u00ed\u010dov\u00fdm dopl\u0148kem v\u00fdztu\u017ee v betonov\u00fdch konstrukc\u00edch, kter\u00fd je ur\u010den k udr\u017een\u00ed p\u0159esn\u00e9 vzd\u00e1lenosti mezi v\u00fdztu\u017e\u00ed a bedn\u011bn\u00edm. Je vyroben z vysokopevnostn\u00ed oceli a opat\u0159en povrchovou \u00fapravou m\u00e1\u010den\u00edm, tak\u017ee nab\u00edz\u00ed zv\u00fd\u0161enou trvanlivost a odolnost proti korozi. SBD se pou\u017e\u00edv\u00e1 p\u0159edev\u0161\u00edm v projektech typu \"deska na desce\", prefabrikovan\u00fdch a skl\u00e1dan\u00fdch konstrukc\u00edch a zaji\u0161\u0165uje rovnom\u011brn\u00e9 pokryt\u00ed betonem, kter\u00e9 je nezbytn\u00e9 pro pevnost a dlouhou \u017eivotnost konstrukce. Jej\u00ed pr\u016fb\u011b\u017en\u00fd podp\u016frn\u00fd syst\u00e9m zabra\u0148uje prov\u011b\u0161en\u00ed a udr\u017euje v\u00fdztu\u017e bezpe\u010dn\u011b na m\u00edst\u011b b\u011bhem procesu lit\u00ed a vytvrzov\u00e1n\u00ed.<\/p>\n<h2>Hlavn\u00ed v\u00fdhody pou\u017e\u00edv\u00e1n\u00ed desek s pono\u0159en\u00fdm truhl\u00edkem (SBD)<\/h2>\n<p>SBD hraje nezastupitelnou roli p\u0159i dosahov\u00e1n\u00ed vynikaj\u00edc\u00edch vlastnost\u00ed betonu. Jednou z jeho hlavn\u00edch p\u0159ednost\u00ed je odolnost proti korozi a po\u0161kozen\u00ed vlivem prost\u0159ed\u00ed, a to d\u00edky pono\u0159en\u00e9mu n\u00e1t\u011bru. D\u00edky t\u00e9to dodate\u010dn\u00e9 ochrann\u00e9 vrstv\u011b je obzvl\u00e1\u0161t\u011b vhodn\u00e1 do vlhk\u00e9ho nebo chemicky agresivn\u00edho prost\u0159ed\u00ed, kde by se standardn\u00ed ocel bez povlaku mohla \u010dasem znehodnotit.<\/p>\n<p>Dal\u0161\u00ed v\u00fdznamnou v\u00fdhodou je schopnost udr\u017eet konzistentn\u00ed polohu v\u00fdztu\u017ee. Spr\u00e1vn\u00e9 rozm\u00edst\u011bn\u00ed p\u0159\u00edmo ovliv\u0148uje \u00fanosnost betonu a jeho odolnost proti vzniku trhlin, tak\u017ee SBD je spolehlivou volbou pro projekty vy\u017eaduj\u00edc\u00ed vysokou integritu konstrukce. A\u0165 u\u017e se SBD pou\u017e\u00edv\u00e1 v komer\u010dn\u00edch, obytn\u00fdch nebo pr\u016fmyslov\u00fdch aplikac\u00edch, p\u0159isp\u00edv\u00e1 k rovnom\u011brn\u00e9 tlou\u0161\u0165ce betonu a zabra\u0148uje jeho posunu b\u011bhem beton\u00e1\u017ee.<\/p>\n<h2>Pou\u017eit\u00ed desek SBD (Slab Bolster Dipped)<\/h2>\n<p>Deska Bolster Dipped je univerz\u00e1ln\u00ed a \u0161iroce pou\u017e\u00edvan\u00e1 v r\u016fzn\u00fdch stavebn\u00edch projektech. Je obzvl\u00e1\u0161t\u011b \u00fa\u010dinn\u00fd p\u0159i stavb\u011b rovinn\u00fdch konstrukc\u00ed, jako jsou d\u00e1lnice, mosty a z\u00e1klady budov, kde je p\u0159esn\u00e9 vyv\u00fd\u0161en\u00ed v\u00fdztu\u017ee kritick\u00e9. Na SBD se spol\u00e9haj\u00ed tak\u00e9 montovny prefabrik\u00e1t\u016f, kter\u00e9 udr\u017euj\u00ed rovnom\u011brn\u00e9 rozestupy mezi vrstvami v\u00fdztu\u017ee, co\u017e zaji\u0161\u0165uje konzistentn\u00ed kvalitu v\u00fdrobk\u016f. P\u0159i mont\u00e1\u017ei skl\u00e1dan\u00fdch konstrukc\u00ed pom\u00e1h\u00e1 SBD podep\u0159\u00edt panely p\u0159ed jejich zvednut\u00edm na m\u00edsto a zaji\u0161\u0165uje stabilitu po celou dobu vytvrzov\u00e1n\u00ed.<\/p>\n<p>D\u00edky povrchov\u00e9 \u00faprav\u011b m\u00e1\u010den\u00edm je SBD vhodn\u00fd do prost\u0159ed\u00ed vystaven\u00e9ho vlhkosti, rozmrazovac\u00edm sol\u00edm nebo agresivn\u00edm chemik\u00e1li\u00edm. Tato vlastnost z n\u011bj \u010din\u00ed preferovanou volbu pro infrastrukturn\u00ed projekty, jako jsou tunely, parkovac\u00ed struktury a n\u00e1mo\u0159n\u00ed aplikace, kde je prioritou odolnost proti korozi.<\/p>\n<h2>Pro\u010d si pro sv\u00e9 pot\u0159eby vybrat spole\u010dnost Qingdao H&amp;F Slab Bolster Dipped?<\/h2>\n<p>Jako d\u016fv\u011bryhodn\u00e1 obchodn\u00ed spole\u010dnost se spole\u010dnost Qingdao H&amp;F v\u011bnuje poskytov\u00e1n\u00ed vysoce kvalitn\u00edho betonov\u00e9ho p\u0159\u00edslu\u0161enstv\u00ed s bezkonkuren\u010dn\u00ed z\u00e1kaznickou podporou. V oboru vynik\u00e1me individu\u00e1ln\u00edm z\u00e1kaznick\u00fdm servisem, kter\u00fd zaji\u0161\u0165uje, \u017ee ka\u017ed\u00fd klient dostane \u0159e\u0161en\u00ed na m\u00edru, kter\u00e9 odpov\u00edd\u00e1 jeho specifick\u00fdm po\u017eadavk\u016fm na projekt. D\u00edky na\u0161im rychl\u00fdm dodac\u00edm cykl\u016fm z\u00edsk\u00e1te pot\u0159ebn\u00e9 materi\u00e1ly bez zbyte\u010dn\u00fdch prodlev, a va\u0161e projekty tak budou prob\u00edhat podle pl\u00e1nu a v r\u00e1mci rozpo\u010dtu.<\/p>\n<p>Zaji\u0161t\u011bn\u00ed kvality je pro n\u00e1s nejvy\u0161\u0161\u00ed prioritou. Poskytujeme komplexn\u00ed kontroln\u00ed zpr\u00e1vy, v\u010detn\u011b certifikac\u00ed materi\u00e1l\u016f a \u00fadaj\u016f o v\u00fdkonnostn\u00edch zkou\u0161k\u00e1ch, tak\u017ee si m\u016f\u017eete b\u00fdt jisti spolehlivost\u00ed na\u0161ich v\u00fdrobk\u016f. Krom\u011b toho nab\u00edz\u00edme konkurenceschopn\u00e9 ceny bez kompromis\u016f v kvalit\u011b, co\u017e z n\u00e1s \u010din\u00ed cenov\u011b v\u00fdhodnou volbu pro dodavatele a zhotovitele, kte\u0159\u00ed hledaj\u00ed spolehliv\u00e9 p\u0159\u00edslu\u0161enstv\u00ed pro betonov\u00e9 tvarovky.<\/p>\n<p>Spole\u010dnost Qingdao H&amp;F se siln\u011b zav\u00e1zala k dokonalosti a spokojenosti z\u00e1kazn\u00edk\u016f a je va\u0161\u00edm partnerem v oblasti deskov\u00fdch v\u00fdztu\u017e\u00ed a dal\u0161\u00edch \u0159e\u0161en\u00ed. Kontaktujte n\u00e1s je\u0161t\u011b dnes a dozv\u00edte se v\u00edce o tom, jak m\u016f\u017eeme podpo\u0159it va\u0161e stavebn\u00ed projekty \u0161pi\u010dkov\u00fdmi produkty a v\u00fdjime\u010dn\u00fdmi slu\u017ebami.<\/p>","protected":false},"excerpt":{"rendered":"<p data-pm-slice=\"1 1 []\">Slab Bolster Dipped (SBD) je z\u00e1kladn\u00edm p\u0159\u00edslu\u0161enstv\u00edm pro armov\u00e1n\u00ed betonu, kter\u00e9 zaji\u0161\u0165uje p\u0159esn\u00e9 um\u00edst\u011bn\u00ed v\u00fdztu\u017ee a optim\u00e1ln\u00ed integritu konstrukce. SBD s povrchovou \u00fapravou m\u00e1\u010den\u00edm zaji\u0161\u0165uje vynikaj\u00edc\u00ed odolnost proti korozi a poskytuje spolehlivou podporu pro desky na \u00farovni ter\u00e9nu, prefabrik\u00e1ty a skl\u00e1p\u011bc\u00ed konstrukce. Ve spole\u010dnosti Qingdao H&amp;F zaru\u010dujeme prvot\u0159\u00eddn\u00ed kvalitu s r\u016fzn\u00fdmi kontroln\u00edmi zpr\u00e1vami, rychl\u00fdmi dodac\u00edmi cykly a specializovan\u00fdm individu\u00e1ln\u00edm z\u00e1kaznick\u00fdm servisem, kter\u00fd v\u00e1m usnadn\u00ed n\u00e1kup. Na\u0161e konkurenceschopn\u00e9 ceny a z\u00e1vazek k dokonalosti z n\u00e1s d\u011blaj\u00ed d\u016fv\u011bryhodn\u00e9ho partnera pro v\u0161echny va\u0161e stavebn\u00ed pot\u0159eby.<\/p>","protected":false},"featured_media":8004,"comment_status":"open","ping_status":"closed","template":"","meta":{"site-sidebar-layout":"default","site-content-layout":"default","ast-site-content-layout":"default","site-content-style":"default","site-sidebar-style":"default","ast-global-header-display":"","ast-banner-title-visibility":"","ast-main-header-display":"","ast-hfb-above-header-display":"","ast-hfb-below-header-display":"","ast-hfb-mobile-header-display":"","site-post-title":"","ast-breadcrumbs-content":"","ast-featured-img":"","footer-sml-layout":"","theme-transparent-header-meta":"default","adv-header-id-meta":"","stick-header-meta":"default","header-above-stick-meta":"","header-main-stick-meta":"","header-below-stick-meta":"","astra-migrate-meta-layouts":"set","ast-page-background-enabled":"default","ast-page-background-meta":{"desktop":{"background-color":"","background-image":"","background-repeat":"repeat","background-position":"center center","background-size":"auto","background-attachment":"scroll","background-type":"","background-media":"","overlay-type":"","overlay-color":"","overlay-opacity":"","overlay-gradient":""},"tablet":{"background-color":"","background-image":"","background-repeat":"repeat","background-position":"center center","background-size":"auto","background-attachment":"scroll","background-type":"","background-media":"","overlay-type":"","overlay-color":"","overlay-opacity":"","overlay-gradient":""},"mobile":{"background-color":"","background-image":"","background-repeat":"repeat","background-position":"center center","background-size":"auto","background-attachment":"scroll","background-type":"","background-media":"","overlay-type":"","overlay-color":"","overlay-opacity":"","overlay-gradient":""}},"ast-content-background-meta":{"desktop":{"background-color":"var(--ast-global-color-5)","background-image":"","background-repeat":"repeat","background-position":"center center","background-size":"auto","background-attachment":"scroll","background-type":"","background-media":"","overlay-type":"","overlay-color":"","overlay-opacity":"","overlay-gradient":""},"tablet":{"background-color":"var(--ast-global-color-5)","background-image":"","background-repeat":"repeat","background-position":"center center","background-size":"auto","background-attachment":"scroll","background-type":"","background-media":"","overlay-type":"","overlay-color":"","overlay-opacity":"","overlay-gradient":""},"mobile":{"background-color":"var(--ast-global-color-5)","background-image":"","background-repeat":"repeat","background-position":"center center","background-size":"auto","background-attachment":"scroll","background-type":"","background-media":"","overlay-type":"","overlay-color":"","overlay-opacity":"","overlay-gradient":""}}},"product_brand":[],"product_cat":[35],"product_tag":[],"class_list":{"0":"post-2312","1":"product","2":"type-product","3":"status-publish","4":"has-post-thumbnail","6":"product_cat-concrete-rebar-support","7":"desktop-align-left","8":"tablet-align-left","9":"mobile-align-left","10":"ast-product-gallery-layout-horizontal-slider","11":"ast-product-tabs-layout-horizontal","13":"first","14":"instock","15":"shipping-taxable","16":"purchasable","17":"product-type-simple"},"yoast_head":"<!-- This site is optimized with the Yoast SEO plugin v25.2 - https:\/\/yoast.com\/wordpress\/plugins\/seo\/ -->\n<title>Slab Bolster Dipped SBD<\/title>\n<meta name=\"description\" content=\"Slab Bolster Dipped (SBD) is an essential accessory for concrete reinforcement, ensuring precise rebar placement and optimal structural integrity.\" \/>\n<meta name=\"robots\" content=\"index, follow, max-snippet:-1, max-image-preview:large, max-video-preview:-1\" \/>\n<link rel=\"canonical\" href=\"https:\/\/qingdaohf.com\/cs\/produkt\/deska-bolster-ponoreny\/\" \/>\n<meta property=\"og:locale\" content=\"cs_CZ\" \/>\n<meta property=\"og:type\" content=\"article\" \/>\n<meta property=\"og:title\" content=\"Slab Bolster Dipped SBD\" \/>\n<meta property=\"og:description\" content=\"Slab Bolster Dipped (SBD) is an essential accessory for concrete reinforcement, ensuring precise rebar placement and optimal structural integrity.\" \/>\n<meta property=\"og:url\" content=\"https:\/\/qingdaohf.com\/cs\/produkt\/deska-bolster-ponoreny\/\" \/>\n<meta property=\"og:site_name\" content=\"Concrete Form &amp; Rigging Hardware Supplier\" \/>\n<meta property=\"article:publisher\" content=\"https:\/\/www.facebook.com\/qingdaohf\" \/>\n<meta property=\"article:modified_time\" content=\"2025-11-13T01:06:16+00:00\" \/>\n<meta property=\"og:image\" content=\"https:\/\/qingdaohf.com\/wp-content\/uploads\/2023\/02\/Slab-Bolster-Dipped-1-1.jpg\" \/>\n\t<meta property=\"og:image:width\" content=\"1000\" \/>\n\t<meta property=\"og:image:height\" content=\"1000\" \/>\n\t<meta property=\"og:image:type\" content=\"image\/jpeg\" \/>\n<meta name=\"twitter:card\" content=\"summary_large_image\" \/>\n<meta name=\"twitter:label1\" content=\"Odhadovan\u00e1 doba \u010dten\u00ed\" \/>\n\t<meta name=\"twitter:data1\" content=\"3 minuty\" \/>\n<script type=\"application\/ld+json\" class=\"yoast-schema-graph\">{\"@context\":\"https:\/\/schema.org\",\"@graph\":[{\"@type\":\"WebPage\",\"@id\":\"https:\/\/qingdaohf.com\/product\/slab-bolster-dipped\/\",\"url\":\"https:\/\/qingdaohf.com\/product\/slab-bolster-dipped\/\",\"name\":\"Slab Bolster Dipped SBD\",\"isPartOf\":{\"@id\":\"https:\/\/qingdaohf.com\/bg\/#website\"},\"primaryImageOfPage\":{\"@id\":\"https:\/\/qingdaohf.com\/product\/slab-bolster-dipped\/#primaryimage\"},\"image\":{\"@id\":\"https:\/\/qingdaohf.com\/product\/slab-bolster-dipped\/#primaryimage\"},\"thumbnailUrl\":\"https:\/\/qingdaohf.com\/wp-content\/uploads\/2023\/02\/Slab-Bolster-Dipped-1-1.jpg\",\"datePublished\":\"2023-02-21T09:34:53+00:00\",\"dateModified\":\"2025-11-13T01:06:16+00:00\",\"description\":\"Slab Bolster Dipped (SBD) is an essential accessory for concrete reinforcement, ensuring precise rebar placement and optimal structural integrity.\",\"breadcrumb\":{\"@id\":\"https:\/\/qingdaohf.com\/product\/slab-bolster-dipped\/#breadcrumb\"},\"inLanguage\":\"cs\",\"potentialAction\":[{\"@type\":\"ReadAction\",\"target\":[\"https:\/\/qingdaohf.com\/product\/slab-bolster-dipped\/\"]}]},{\"@type\":\"ImageObject\",\"inLanguage\":\"cs\",\"@id\":\"https:\/\/qingdaohf.com\/product\/slab-bolster-dipped\/#primaryimage\",\"url\":\"https:\/\/qingdaohf.com\/wp-content\/uploads\/2023\/02\/Slab-Bolster-Dipped-1-1.jpg\",\"contentUrl\":\"https:\/\/qingdaohf.com\/wp-content\/uploads\/2023\/02\/Slab-Bolster-Dipped-1-1.jpg\",\"width\":1000,\"height\":1000,\"caption\":\"Slab Bolster Dipped\"},{\"@type\":\"BreadcrumbList\",\"@id\":\"https:\/\/qingdaohf.com\/product\/slab-bolster-dipped\/#breadcrumb\",\"itemListElement\":[{\"@type\":\"ListItem\",\"position\":1,\"name\":\"Home\",\"item\":\"https:\/\/qingdaohf.com\/\"},{\"@type\":\"ListItem\",\"position\":2,\"name\":\"Concrete Forming Accessories and Rigging Hardware\",\"item\":\"https:\/\/qingdaohf.com\/bg\/?page_id=944\"},{\"@type\":\"ListItem\",\"position\":3,\"name\":\"Slab Bolster Dipped SBD\"}]},{\"@type\":\"WebSite\",\"@id\":\"https:\/\/qingdaohf.com\/bg\/#website\",\"url\":\"https:\/\/qingdaohf.com\/bg\/\",\"name\":\"Concrete Form & Rigging Hardware Supplier\",\"description\":\"\",\"publisher\":{\"@id\":\"https:\/\/qingdaohf.com\/bg\/#organization\"},\"potentialAction\":[{\"@type\":\"SearchAction\",\"target\":{\"@type\":\"EntryPoint\",\"urlTemplate\":\"https:\/\/qingdaohf.com\/bg\/?s={search_term_string}\"},\"query-input\":{\"@type\":\"PropertyValueSpecification\",\"valueRequired\":true,\"valueName\":\"search_term_string\"}}],\"inLanguage\":\"cs\"},{\"@type\":\"Organization\",\"@id\":\"https:\/\/qingdaohf.com\/bg\/#organization\",\"name\":\"Qingdao H&F\",\"url\":\"https:\/\/qingdaohf.com\/bg\/\",\"logo\":{\"@type\":\"ImageObject\",\"inLanguage\":\"cs\",\"@id\":\"https:\/\/qingdaohf.com\/bg\/#\/schema\/logo\/image\/\",\"url\":\"https:\/\/qingdaohf.com\/wp-content\/uploads\/2022\/12\/cropped-HF-LOGO.png\",\"contentUrl\":\"https:\/\/qingdaohf.com\/wp-content\/uploads\/2022\/12\/cropped-HF-LOGO.png\",\"width\":391,\"height\":249,\"caption\":\"Qingdao H&F\"},\"image\":{\"@id\":\"https:\/\/qingdaohf.com\/bg\/#\/schema\/logo\/image\/\"},\"sameAs\":[\"https:\/\/www.facebook.com\/qingdaohf\"]}]}<\/script>\n<!-- \/ Yoast SEO plugin. -->","yoast_head_json":{"title":"Slab Bolster Dipped SBD","description":"Slab Bolster Dipped (SBD) is an essential accessory for concrete reinforcement, ensuring precise rebar placement and optimal structural integrity.","robots":{"index":"index","follow":"follow","max-snippet":"max-snippet:-1","max-image-preview":"max-image-preview:large","max-video-preview":"max-video-preview:-1"},"canonical":"https:\/\/qingdaohf.com\/cs\/produkt\/deska-bolster-ponoreny\/","og_locale":"cs_CZ","og_type":"article","og_title":"Slab Bolster Dipped SBD","og_description":"Slab Bolster Dipped (SBD) is an essential accessory for concrete reinforcement, ensuring precise rebar placement and optimal structural integrity.","og_url":"https:\/\/qingdaohf.com\/cs\/produkt\/deska-bolster-ponoreny\/","og_site_name":"Concrete Form &amp; Rigging Hardware Supplier","article_publisher":"https:\/\/www.facebook.com\/qingdaohf","article_modified_time":"2025-11-13T01:06:16+00:00","og_image":[{"width":1000,"height":1000,"url":"https:\/\/qingdaohf.com\/wp-content\/uploads\/2023\/02\/Slab-Bolster-Dipped-1-1.jpg","type":"image\/jpeg"}],"twitter_card":"summary_large_image","twitter_misc":{"Odhadovan\u00e1 doba \u010dten\u00ed":"3 minuty"},"schema":{"@context":"https:\/\/schema.org","@graph":[{"@type":"WebPage","@id":"https:\/\/qingdaohf.com\/product\/slab-bolster-dipped\/","url":"https:\/\/qingdaohf.com\/product\/slab-bolster-dipped\/","name":"Slab Bolster Dipped SBD","isPartOf":{"@id":"https:\/\/qingdaohf.com\/bg\/#website"},"primaryImageOfPage":{"@id":"https:\/\/qingdaohf.com\/product\/slab-bolster-dipped\/#primaryimage"},"image":{"@id":"https:\/\/qingdaohf.com\/product\/slab-bolster-dipped\/#primaryimage"},"thumbnailUrl":"https:\/\/qingdaohf.com\/wp-content\/uploads\/2023\/02\/Slab-Bolster-Dipped-1-1.jpg","datePublished":"2023-02-21T09:34:53+00:00","dateModified":"2025-11-13T01:06:16+00:00","description":"Slab Bolster Dipped (SBD) is an essential accessory for concrete reinforcement, ensuring precise rebar placement and optimal structural integrity.","breadcrumb":{"@id":"https:\/\/qingdaohf.com\/product\/slab-bolster-dipped\/#breadcrumb"},"inLanguage":"cs","potentialAction":[{"@type":"ReadAction","target":["https:\/\/qingdaohf.com\/product\/slab-bolster-dipped\/"]}]},{"@type":"ImageObject","inLanguage":"cs","@id":"https:\/\/qingdaohf.com\/product\/slab-bolster-dipped\/#primaryimage","url":"https:\/\/qingdaohf.com\/wp-content\/uploads\/2023\/02\/Slab-Bolster-Dipped-1-1.jpg","contentUrl":"https:\/\/qingdaohf.com\/wp-content\/uploads\/2023\/02\/Slab-Bolster-Dipped-1-1.jpg","width":1000,"height":1000,"caption":"Slab Bolster Dipped"},{"@type":"BreadcrumbList","@id":"https:\/\/qingdaohf.com\/product\/slab-bolster-dipped\/#breadcrumb","itemListElement":[{"@type":"ListItem","position":1,"name":"Home","item":"https:\/\/qingdaohf.com\/"},{"@type":"ListItem","position":2,"name":"Concrete Forming Accessories and Rigging Hardware","item":"https:\/\/qingdaohf.com\/bg\/?page_id=944"},{"@type":"ListItem","position":3,"name":"Slab Bolster Dipped SBD"}]},{"@type":"WebSite","@id":"https:\/\/qingdaohf.com\/bg\/#website","url":"https:\/\/qingdaohf.com\/bg\/","name":"Concrete Form & Rigging Hardware Supplier","description":"","publisher":{"@id":"https:\/\/qingdaohf.com\/bg\/#organization"},"potentialAction":[{"@type":"SearchAction","target":{"@type":"EntryPoint","urlTemplate":"https:\/\/qingdaohf.com\/bg\/?s={search_term_string}"},"query-input":{"@type":"PropertyValueSpecification","valueRequired":true,"valueName":"search_term_string"}}],"inLanguage":"cs"},{"@type":"Organization","@id":"https:\/\/qingdaohf.com\/bg\/#organization","name":"Qingdao H&F","url":"https:\/\/qingdaohf.com\/bg\/","logo":{"@type":"ImageObject","inLanguage":"cs","@id":"https:\/\/qingdaohf.com\/bg\/#\/schema\/logo\/image\/","url":"https:\/\/qingdaohf.com\/wp-content\/uploads\/2022\/12\/cropped-HF-LOGO.png","contentUrl":"https:\/\/qingdaohf.com\/wp-content\/uploads\/2022\/12\/cropped-HF-LOGO.png","width":391,"height":249,"caption":"Qingdao H&F"},"image":{"@id":"https:\/\/qingdaohf.com\/bg\/#\/schema\/logo\/image\/"},"sameAs":["https:\/\/www.facebook.com\/qingdaohf"]}]}},"_links":{"self":[{"href":"https:\/\/qingdaohf.com\/cs\/wp-json\/wp\/v2\/product\/2312","targetHints":{"allow":["GET"]}}],"collection":[{"href":"https:\/\/qingdaohf.com\/cs\/wp-json\/wp\/v2\/product"}],"about":[{"href":"https:\/\/qingdaohf.com\/cs\/wp-json\/wp\/v2\/types\/product"}],"replies":[{"embeddable":true,"href":"https:\/\/qingdaohf.com\/cs\/wp-json\/wp\/v2\/comments?post=2312"}],"version-history":[{"count":11,"href":"https:\/\/qingdaohf.com\/cs\/wp-json\/wp\/v2\/product\/2312\/revisions"}],"predecessor-version":[{"id":10248,"href":"https:\/\/qingdaohf.com\/cs\/wp-json\/wp\/v2\/product\/2312\/revisions\/10248"}],"wp:featuredmedia":[{"embeddable":true,"href":"https:\/\/qingdaohf.com\/cs\/wp-json\/wp\/v2\/media\/8004"}],"wp:attachment":[{"href":"https:\/\/qingdaohf.com\/cs\/wp-json\/wp\/v2\/media?parent=2312"}],"wp:term":[{"taxonomy":"product_brand","embeddable":true,"href":"https:\/\/qingdaohf.com\/cs\/wp-json\/wp\/v2\/product_brand?post=2312"},{"taxonomy":"product_cat","embeddable":true,"href":"https:\/\/qingdaohf.com\/cs\/wp-json\/wp\/v2\/product_cat?post=2312"},{"taxonomy":"product_tag","embeddable":true,"href":"https:\/\/qingdaohf.com\/cs\/wp-json\/wp\/v2\/product_tag?post=2312"}],"curies":[{"name":"wp","href":"https:\/\/api.w.org\/{rel}","templated":true}]}}