{"id":2316,"date":"2023-02-22T10:23:19","date_gmt":"2023-02-22T02:23:19","guid":{"rendered":"http:\/\/qingdaohf.com\/?post_type=product&#038;p=2316"},"modified":"2025-11-13T09:06:16","modified_gmt":"2025-11-13T01:06:16","slug":"lifting-clutch","status":"publish","type":"product","link":"https:\/\/qingdaohf.com\/cs\/produkt\/zvedaci-spojka\/","title":{"rendered":"Zvedac\u00ed spojka betonu | Krou\u017eek pro betonov\u00e9 prefabrik\u00e1ty"},"content":{"rendered":"<div class=\"ast-oembed-container\" style=\"height: 100%;\"><iframe title=\"Zvedac\u00ed syst\u00e9m Zvedac\u00ed spojka Krou\u017ekov\u00e1 spojka\" width=\"500\" height=\"375\" src=\"https:\/\/www.youtube.com\/embed\/2t3mD7-W5ng?feature=oembed\" frameborder=\"0\" allow=\"accelerometer; autoplay; clipboard-write; encrypted-media; gyroscope; picture-in-picture; web-share\" referrerpolicy=\"strict-origin-when-cross-origin\" allowfullscreen><\/iframe><\/div>\n<p>Zvedac\u00ed spojka je navr\u017eena tak, aby rovnom\u011brn\u011b rozkl\u00e1dala zat\u00ed\u017een\u00ed do v\u00edce bod\u016f, \u010d\u00edm\u017e se sni\u017euje zat\u00ed\u017een\u00ed jednoho bodu a minimalizuje se riziko sklouznut\u00ed nebo nevyv\u00e1\u017eenosti b\u0159emene b\u011bhem zved\u00e1n\u00ed. To z n\u00ed \u010din\u00ed z\u00e1kladn\u00ed n\u00e1stroj pro zved\u00e1n\u00ed t\u011b\u017ek\u00fdch a objemn\u00fdch p\u0159edm\u011bt\u016f, jako jsou prefabrikovan\u00e9 betonov\u00e9 panely, ocelov\u00e9 nosn\u00edky a strojn\u00ed za\u0159\u00edzen\u00ed.<\/p>\n<p>Zvedac\u00ed spojky se dod\u00e1vaj\u00ed v r\u016fzn\u00fdch velikostech a hmotnostech, aby vyhovovaly r\u016fzn\u00fdm po\u017eadavk\u016fm na zat\u00ed\u017een\u00ed. \u010casto jsou vyrobeny z vysokopevnostn\u00ed oceli, aby vydr\u017eely nam\u00e1h\u00e1n\u00ed p\u0159i zved\u00e1n\u00ed t\u011b\u017ek\u00fdch b\u0159emen, a jsou navr\u017eeny tak, aby spl\u0148ovaly mezin\u00e1rodn\u00ed bezpe\u010dnostn\u00ed normy.<\/p>\n<h3 class=\"wp-block-heading has-medium-font-size\"><strong>Materi\u00e1l a konstrukce:<\/strong><\/h3>\n<p>Prefabrikovan\u00e9 zvedac\u00ed spojky jsou obvykle vyrobeny z vysokopevnostn\u00ed oceli, aby odolaly n\u00e1ro\u010dn\u00fdm podm\u00ednk\u00e1m p\u0159i zved\u00e1n\u00ed t\u011b\u017ek\u00fdch b\u0159emen. Ocelov\u00e1 konstrukce zaji\u0161\u0165uje odolnost a spolehlivost, tak\u017ee jsou vhodn\u00e9 pro pou\u017eit\u00ed v r\u016fzn\u00fdch stavebn\u00edch prost\u0159ed\u00edch. Spojky jsou konstruov\u00e1ny tak, aby spl\u0148ovaly specifick\u00e9 nosnosti, co\u017e zaji\u0161\u0165uje, \u017ee mohou bezpe\u010dn\u011b zvedat a p\u0159epravovat betonov\u00e9 prefabrik\u00e1ty r\u016fzn\u00fdch velikost\u00ed a hmotnost\u00ed.<\/p>\n<h3 class=\"wp-block-heading has-medium-font-size\"><strong>Design a funk\u010dnost:<\/strong><\/h3>\n<p>Konstrukce prefabrikovan\u00fdch zvedac\u00edch spojek se vyzna\u010duje robustn\u00ed a kompaktn\u00ed konstrukc\u00ed s h\u00e1kov\u00fdm nebo smy\u010dkov\u00fdm mechanismem, kter\u00fd se bezpe\u010dn\u011b p\u0159ipev\u0148uje ke zvedac\u00edm kotv\u00e1m zabudovan\u00fdm do betonov\u00fdch prefabrik\u00e1t\u016f. Toto upevn\u011bn\u00ed zaji\u0161\u0165uje stabiln\u00ed spojen\u00ed mezi zvedac\u00ed spojkou a betonov\u00fdm prvkem, co\u017e umo\u017e\u0148uje bezpe\u010dn\u00e9 zved\u00e1n\u00ed a manipulaci.<\/p>\n<h3 class=\"wp-block-heading has-medium-font-size\"><strong>Sc\u00e9n\u00e1\u0159e pou\u017eit\u00ed:<\/strong><\/h3>\n<p>Prefabrikovan\u00e9 zvedac\u00ed spojky se \u0161iroce pou\u017e\u00edvaj\u00ed v \u0159ad\u011b stavebn\u00edch aplikac\u00ed, v\u010detn\u011b:<\/p>\n<p><strong>V\u00fdrobny betonov\u00fdch prefabrik\u00e1t\u016f:<\/strong>\u00a0Zvedac\u00ed spojky se pou\u017e\u00edvaj\u00ed b\u011bhem v\u00fdrobn\u00edho procesu ke zved\u00e1n\u00ed a p\u0159eprav\u011b betonov\u00fdch prefabrik\u00e1t\u016f ve v\u00fdrobn\u00edm z\u00e1vod\u011b.<\/p>\n<p><strong>Staveni\u0161t\u011b:<\/strong>\u00a0Zvedac\u00ed spojky jsou nezbytn\u00e9 pro zved\u00e1n\u00ed a mont\u00e1\u017e prefabrikovan\u00fdch betonov\u00fdch prvk\u016f na stavb\u00e1ch, v\u010detn\u011b budov, most\u016f, parkovac\u00edch objekt\u016f a projekt\u016f infrastruktury.<\/p>\n<p><strong>Projekty modernizace a renovace:<\/strong>\u00a0Zvedac\u00ed spojky se pou\u017e\u00edvaj\u00ed tak\u00e9 v projektech modernizace a renovace, kter\u00e9 zahrnuj\u00ed instalaci prefabrikovan\u00fdch betonov\u00fdch prvk\u016f do st\u00e1vaj\u00edc\u00edch konstrukc\u00ed.<\/p>\n<h3 class=\"wp-block-heading has-medium-font-size\"><strong>V\u00fdhody pou\u017e\u00edv\u00e1n\u00ed prefabrikovan\u00fdch zvedac\u00edch spojek:<\/strong><\/h3>\n<p><strong>Bezpe\u010dnost:<\/strong>\u00a0Zvedac\u00ed spojky pro prefabrik\u00e1ty jsou navr\u017eeny tak, aby zajistily bezpe\u010dn\u00e9 upevn\u011bn\u00ed k prefabrikovan\u00fdm betonov\u00fdm prvk\u016fm a minimalizovaly riziko nehod nebo ne\u0161t\u011bst\u00ed p\u0159i zved\u00e1n\u00ed.<\/p>\n<p><strong>Efektivita:<\/strong>\u00a0Pou\u017eit\u00ed zvedac\u00edch spojek zefektiv\u0148uje proces zved\u00e1n\u00ed a manipulace, co\u017e umo\u017e\u0148uje rychlej\u0161\u00ed a efektivn\u011bj\u0161\u00ed mont\u00e1\u017e betonov\u00fdch prefabrik\u00e1t\u016f.<\/p>\n<p><strong>V\u0161estrannost:<\/strong>\u00a0Prefabrikovan\u00e9 zvedac\u00ed spojky jsou kompatibiln\u00ed s r\u016fzn\u00fdmi typy zvedac\u00edch za\u0159\u00edzen\u00ed, v\u010detn\u011b je\u0159\u00e1b\u016f, kladkostroj\u016f a vysokozdvi\u017en\u00fdch voz\u00edk\u016f, tak\u017ee jsou vhodn\u00e9 pro \u0161irokou \u0161k\u00e1lu stavebn\u00edch aplikac\u00ed.<\/p>\n<p><strong>N\u00e1kladov\u00e1 efektivita:<\/strong>\u00a0D\u00edky rychlej\u0161\u00ed mont\u00e1\u017ei a minimalizaci pot\u0159eby ru\u010dn\u00ed pr\u00e1ce pom\u00e1haj\u00ed prefabrikovan\u00e9 zvedac\u00ed spojky sn\u00ed\u017eit celkov\u00e9 n\u00e1klady na projekt.<\/p>","protected":false},"excerpt":{"rendered":"<p>Zvedac\u00ed spojka nebo kruhov\u00fd zved\u00e1k je n\u00e1stroj pou\u017e\u00edvan\u00fd ve zvedac\u00edch syst\u00e9mech k bezpe\u010dn\u00e9mu a efektivn\u00edmu upevn\u011bn\u00ed a zved\u00e1n\u00ed t\u011b\u017ek\u00fdch b\u0159emen. Skl\u00e1d\u00e1 se z kovov\u00e9ho krou\u017eku nebo sady h\u00e1k\u016f, kter\u00e9 lze p\u0159ipevnit k b\u0159emenu a p\u0159ipojit ke zdvihac\u00edmu za\u0159\u00edzen\u00ed, jako je je\u0159\u00e1b nebo kladkostroj.<\/p>","protected":false},"featured_media":3188,"comment_status":"open","ping_status":"closed","template":"","meta":{"site-sidebar-layout":"default","site-content-layout":"default","ast-site-content-layout":"default","site-content-style":"default","site-sidebar-style":"default","ast-global-header-display":"","ast-banner-title-visibility":"","ast-main-header-display":"","ast-hfb-above-header-display":"","ast-hfb-below-header-display":"","ast-hfb-mobile-header-display":"","site-post-title":"","ast-breadcrumbs-content":"","ast-featured-img":"","footer-sml-layout":"","theme-transparent-header-meta":"default","adv-header-id-meta":"","stick-header-meta":"default","header-above-stick-meta":"","header-main-stick-meta":"","header-below-stick-meta":"","astra-migrate-meta-layouts":"set","ast-page-background-enabled":"default","ast-page-background-meta":{"desktop":{"background-color":"","background-image":"","background-repeat":"repeat","background-position":"center center","background-size":"auto","background-attachment":"scroll","background-type":"","background-media":"","overlay-type":"","overlay-color":"","overlay-opacity":"","overlay-gradient":""},"tablet":{"background-color":"","background-image":"","background-repeat":"repeat","background-position":"center center","background-size":"auto","background-attachment":"scroll","background-type":"","background-media":"","overlay-type":"","overlay-color":"","overlay-opacity":"","overlay-gradient":""},"mobile":{"background-color":"","background-image":"","background-repeat":"repeat","background-position":"center center","background-size":"auto","background-attachment":"scroll","background-type":"","background-media":"","overlay-type":"","overlay-color":"","overlay-opacity":"","overlay-gradient":""}},"ast-content-background-meta":{"desktop":{"background-color":"var(--ast-global-color-5)","background-image":"","background-repeat":"repeat","background-position":"center center","background-size":"auto","background-attachment":"scroll","background-type":"","background-media":"","overlay-type":"","overlay-color":"","overlay-opacity":"","overlay-gradient":""},"tablet":{"background-color":"var(--ast-global-color-5)","background-image":"","background-repeat":"repeat","background-position":"center center","background-size":"auto","background-attachment":"scroll","background-type":"","background-media":"","overlay-type":"","overlay-color":"","overlay-opacity":"","overlay-gradient":""},"mobile":{"background-color":"var(--ast-global-color-5)","background-image":"","background-repeat":"repeat","background-position":"center center","background-size":"auto","background-attachment":"scroll","background-type":"","background-media":"","overlay-type":"","overlay-color":"","overlay-opacity":"","overlay-gradient":""}}},"product_brand":[],"product_cat":[30],"product_tag":[],"class_list":{"0":"post-2316","1":"product","2":"type-product","3":"status-publish","4":"has-post-thumbnail","6":"product_cat-lifting-anchor","7":"desktop-align-left","8":"tablet-align-left","9":"mobile-align-left","10":"ast-product-gallery-layout-horizontal-slider","11":"ast-product-tabs-layout-horizontal","13":"first","14":"instock","15":"shipping-taxable","16":"purchasable","17":"product-type-simple"},"yoast_head":"<!-- This site is optimized with the Yoast SEO plugin v25.2 - https:\/\/yoast.com\/wordpress\/plugins\/seo\/ -->\n<title>Concrete Lifting Clutch | Ring for Precast Concrete<\/title>\n<meta name=\"description\" content=\"A Lifting Clutch or Ring Lifting is a tool used in lifting systems to attach and lift heavy loads safely and efficiently.\" \/>\n<meta name=\"robots\" content=\"index, follow, max-snippet:-1, max-image-preview:large, max-video-preview:-1\" \/>\n<link rel=\"canonical\" href=\"https:\/\/qingdaohf.com\/cs\/produkt\/zvedaci-spojka\/\" \/>\n<meta property=\"og:locale\" content=\"cs_CZ\" \/>\n<meta property=\"og:type\" content=\"article\" \/>\n<meta property=\"og:title\" content=\"Concrete Lifting Clutch | Ring for Precast Concrete\" \/>\n<meta property=\"og:description\" content=\"A Lifting Clutch or Ring Lifting is a tool used in lifting systems to attach and lift heavy loads safely and efficiently.\" \/>\n<meta property=\"og:url\" content=\"https:\/\/qingdaohf.com\/cs\/produkt\/zvedaci-spojka\/\" \/>\n<meta property=\"og:site_name\" content=\"Concrete Form &amp; Rigging Hardware Supplier\" \/>\n<meta property=\"article:publisher\" content=\"https:\/\/www.facebook.com\/qingdaohf\" \/>\n<meta property=\"article:modified_time\" content=\"2025-11-13T01:06:16+00:00\" \/>\n<meta property=\"og:image\" content=\"https:\/\/qingdaohf.com\/wp-content\/uploads\/2023\/02\/Lifting-clutchring-lifting-2.jpg\" \/>\n\t<meta property=\"og:image:width\" content=\"1000\" \/>\n\t<meta property=\"og:image:height\" content=\"1000\" \/>\n\t<meta property=\"og:image:type\" content=\"image\/jpeg\" \/>\n<meta name=\"twitter:card\" content=\"summary_large_image\" \/>\n<meta name=\"twitter:label1\" content=\"Odhadovan\u00e1 doba \u010dten\u00ed\" \/>\n\t<meta name=\"twitter:data1\" content=\"2 minuty\" \/>\n<script type=\"application\/ld+json\" class=\"yoast-schema-graph\">{\"@context\":\"https:\/\/schema.org\",\"@graph\":[{\"@type\":\"WebPage\",\"@id\":\"https:\/\/qingdaohf.com\/product\/lifting-clutch\/\",\"url\":\"https:\/\/qingdaohf.com\/product\/lifting-clutch\/\",\"name\":\"Concrete Lifting Clutch | Ring for Precast Concrete\",\"isPartOf\":{\"@id\":\"https:\/\/qingdaohf.com\/bg\/#website\"},\"primaryImageOfPage\":{\"@id\":\"https:\/\/qingdaohf.com\/product\/lifting-clutch\/#primaryimage\"},\"image\":{\"@id\":\"https:\/\/qingdaohf.com\/product\/lifting-clutch\/#primaryimage\"},\"thumbnailUrl\":\"https:\/\/qingdaohf.com\/wp-content\/uploads\/2023\/02\/Lifting-clutchring-lifting-2.jpg\",\"datePublished\":\"2023-02-22T02:23:19+00:00\",\"dateModified\":\"2025-11-13T01:06:16+00:00\",\"description\":\"A Lifting Clutch or Ring Lifting is a tool used in lifting systems to attach and lift heavy loads safely and efficiently.\",\"breadcrumb\":{\"@id\":\"https:\/\/qingdaohf.com\/product\/lifting-clutch\/#breadcrumb\"},\"inLanguage\":\"cs\",\"potentialAction\":[{\"@type\":\"ReadAction\",\"target\":[\"https:\/\/qingdaohf.com\/product\/lifting-clutch\/\"]}]},{\"@type\":\"ImageObject\",\"inLanguage\":\"cs\",\"@id\":\"https:\/\/qingdaohf.com\/product\/lifting-clutch\/#primaryimage\",\"url\":\"https:\/\/qingdaohf.com\/wp-content\/uploads\/2023\/02\/Lifting-clutchring-lifting-2.jpg\",\"contentUrl\":\"https:\/\/qingdaohf.com\/wp-content\/uploads\/2023\/02\/Lifting-clutchring-lifting-2.jpg\",\"width\":1000,\"height\":1000,\"caption\":\"Lifting Clutch \\\\Ring Lifting\"},{\"@type\":\"BreadcrumbList\",\"@id\":\"https:\/\/qingdaohf.com\/product\/lifting-clutch\/#breadcrumb\",\"itemListElement\":[{\"@type\":\"ListItem\",\"position\":1,\"name\":\"Home\",\"item\":\"https:\/\/qingdaohf.com\/\"},{\"@type\":\"ListItem\",\"position\":2,\"name\":\"Concrete Forming Accessories and Rigging Hardware\",\"item\":\"https:\/\/qingdaohf.com\/bg\/?page_id=944\"},{\"@type\":\"ListItem\",\"position\":3,\"name\":\"Concrete Lifting Clutch | Ring for Precast Concrete\"}]},{\"@type\":\"WebSite\",\"@id\":\"https:\/\/qingdaohf.com\/bg\/#website\",\"url\":\"https:\/\/qingdaohf.com\/bg\/\",\"name\":\"Concrete Form & Rigging Hardware Supplier\",\"description\":\"\",\"publisher\":{\"@id\":\"https:\/\/qingdaohf.com\/bg\/#organization\"},\"potentialAction\":[{\"@type\":\"SearchAction\",\"target\":{\"@type\":\"EntryPoint\",\"urlTemplate\":\"https:\/\/qingdaohf.com\/bg\/?s={search_term_string}\"},\"query-input\":{\"@type\":\"PropertyValueSpecification\",\"valueRequired\":true,\"valueName\":\"search_term_string\"}}],\"inLanguage\":\"cs\"},{\"@type\":\"Organization\",\"@id\":\"https:\/\/qingdaohf.com\/bg\/#organization\",\"name\":\"Qingdao H&F\",\"url\":\"https:\/\/qingdaohf.com\/bg\/\",\"logo\":{\"@type\":\"ImageObject\",\"inLanguage\":\"cs\",\"@id\":\"https:\/\/qingdaohf.com\/bg\/#\/schema\/logo\/image\/\",\"url\":\"https:\/\/qingdaohf.com\/wp-content\/uploads\/2022\/12\/cropped-HF-LOGO.png\",\"contentUrl\":\"https:\/\/qingdaohf.com\/wp-content\/uploads\/2022\/12\/cropped-HF-LOGO.png\",\"width\":391,\"height\":249,\"caption\":\"Qingdao H&F\"},\"image\":{\"@id\":\"https:\/\/qingdaohf.com\/bg\/#\/schema\/logo\/image\/\"},\"sameAs\":[\"https:\/\/www.facebook.com\/qingdaohf\"]}]}<\/script>\n<!-- \/ Yoast SEO plugin. -->","yoast_head_json":{"title":"Concrete Lifting Clutch | Ring for Precast Concrete","description":"A Lifting Clutch or Ring Lifting is a tool used in lifting systems to attach and lift heavy loads safely and efficiently.","robots":{"index":"index","follow":"follow","max-snippet":"max-snippet:-1","max-image-preview":"max-image-preview:large","max-video-preview":"max-video-preview:-1"},"canonical":"https:\/\/qingdaohf.com\/cs\/produkt\/zvedaci-spojka\/","og_locale":"cs_CZ","og_type":"article","og_title":"Concrete Lifting Clutch | Ring for Precast Concrete","og_description":"A Lifting Clutch or Ring Lifting is a tool used in lifting systems to attach and lift heavy loads safely and efficiently.","og_url":"https:\/\/qingdaohf.com\/cs\/produkt\/zvedaci-spojka\/","og_site_name":"Concrete Form &amp; Rigging Hardware Supplier","article_publisher":"https:\/\/www.facebook.com\/qingdaohf","article_modified_time":"2025-11-13T01:06:16+00:00","og_image":[{"width":1000,"height":1000,"url":"https:\/\/qingdaohf.com\/wp-content\/uploads\/2023\/02\/Lifting-clutchring-lifting-2.jpg","type":"image\/jpeg"}],"twitter_card":"summary_large_image","twitter_misc":{"Odhadovan\u00e1 doba \u010dten\u00ed":"2 minuty"},"schema":{"@context":"https:\/\/schema.org","@graph":[{"@type":"WebPage","@id":"https:\/\/qingdaohf.com\/product\/lifting-clutch\/","url":"https:\/\/qingdaohf.com\/product\/lifting-clutch\/","name":"Concrete Lifting Clutch | Ring for Precast Concrete","isPartOf":{"@id":"https:\/\/qingdaohf.com\/bg\/#website"},"primaryImageOfPage":{"@id":"https:\/\/qingdaohf.com\/product\/lifting-clutch\/#primaryimage"},"image":{"@id":"https:\/\/qingdaohf.com\/product\/lifting-clutch\/#primaryimage"},"thumbnailUrl":"https:\/\/qingdaohf.com\/wp-content\/uploads\/2023\/02\/Lifting-clutchring-lifting-2.jpg","datePublished":"2023-02-22T02:23:19+00:00","dateModified":"2025-11-13T01:06:16+00:00","description":"A Lifting Clutch or Ring Lifting is a tool used in lifting systems to attach and lift heavy loads safely and efficiently.","breadcrumb":{"@id":"https:\/\/qingdaohf.com\/product\/lifting-clutch\/#breadcrumb"},"inLanguage":"cs","potentialAction":[{"@type":"ReadAction","target":["https:\/\/qingdaohf.com\/product\/lifting-clutch\/"]}]},{"@type":"ImageObject","inLanguage":"cs","@id":"https:\/\/qingdaohf.com\/product\/lifting-clutch\/#primaryimage","url":"https:\/\/qingdaohf.com\/wp-content\/uploads\/2023\/02\/Lifting-clutchring-lifting-2.jpg","contentUrl":"https:\/\/qingdaohf.com\/wp-content\/uploads\/2023\/02\/Lifting-clutchring-lifting-2.jpg","width":1000,"height":1000,"caption":"Lifting Clutch \\Ring Lifting"},{"@type":"BreadcrumbList","@id":"https:\/\/qingdaohf.com\/product\/lifting-clutch\/#breadcrumb","itemListElement":[{"@type":"ListItem","position":1,"name":"Home","item":"https:\/\/qingdaohf.com\/"},{"@type":"ListItem","position":2,"name":"Concrete Forming Accessories and Rigging Hardware","item":"https:\/\/qingdaohf.com\/bg\/?page_id=944"},{"@type":"ListItem","position":3,"name":"Concrete Lifting Clutch | Ring for Precast Concrete"}]},{"@type":"WebSite","@id":"https:\/\/qingdaohf.com\/bg\/#website","url":"https:\/\/qingdaohf.com\/bg\/","name":"Concrete Form & Rigging Hardware Supplier","description":"","publisher":{"@id":"https:\/\/qingdaohf.com\/bg\/#organization"},"potentialAction":[{"@type":"SearchAction","target":{"@type":"EntryPoint","urlTemplate":"https:\/\/qingdaohf.com\/bg\/?s={search_term_string}"},"query-input":{"@type":"PropertyValueSpecification","valueRequired":true,"valueName":"search_term_string"}}],"inLanguage":"cs"},{"@type":"Organization","@id":"https:\/\/qingdaohf.com\/bg\/#organization","name":"Qingdao H&F","url":"https:\/\/qingdaohf.com\/bg\/","logo":{"@type":"ImageObject","inLanguage":"cs","@id":"https:\/\/qingdaohf.com\/bg\/#\/schema\/logo\/image\/","url":"https:\/\/qingdaohf.com\/wp-content\/uploads\/2022\/12\/cropped-HF-LOGO.png","contentUrl":"https:\/\/qingdaohf.com\/wp-content\/uploads\/2022\/12\/cropped-HF-LOGO.png","width":391,"height":249,"caption":"Qingdao H&F"},"image":{"@id":"https:\/\/qingdaohf.com\/bg\/#\/schema\/logo\/image\/"},"sameAs":["https:\/\/www.facebook.com\/qingdaohf"]}]}},"_links":{"self":[{"href":"https:\/\/qingdaohf.com\/cs\/wp-json\/wp\/v2\/product\/2316","targetHints":{"allow":["GET"]}}],"collection":[{"href":"https:\/\/qingdaohf.com\/cs\/wp-json\/wp\/v2\/product"}],"about":[{"href":"https:\/\/qingdaohf.com\/cs\/wp-json\/wp\/v2\/types\/product"}],"replies":[{"embeddable":true,"href":"https:\/\/qingdaohf.com\/cs\/wp-json\/wp\/v2\/comments?post=2316"}],"version-history":[{"count":5,"href":"https:\/\/qingdaohf.com\/cs\/wp-json\/wp\/v2\/product\/2316\/revisions"}],"predecessor-version":[{"id":10255,"href":"https:\/\/qingdaohf.com\/cs\/wp-json\/wp\/v2\/product\/2316\/revisions\/10255"}],"wp:featuredmedia":[{"embeddable":true,"href":"https:\/\/qingdaohf.com\/cs\/wp-json\/wp\/v2\/media\/3188"}],"wp:attachment":[{"href":"https:\/\/qingdaohf.com\/cs\/wp-json\/wp\/v2\/media?parent=2316"}],"wp:term":[{"taxonomy":"product_brand","embeddable":true,"href":"https:\/\/qingdaohf.com\/cs\/wp-json\/wp\/v2\/product_brand?post=2316"},{"taxonomy":"product_cat","embeddable":true,"href":"https:\/\/qingdaohf.com\/cs\/wp-json\/wp\/v2\/product_cat?post=2316"},{"taxonomy":"product_tag","embeddable":true,"href":"https:\/\/qingdaohf.com\/cs\/wp-json\/wp\/v2\/product_tag?post=2316"}],"curies":[{"name":"wp","href":"https:\/\/api.w.org\/{rel}","templated":true}]}}