{"id":2640,"date":"2023-03-02T10:32:39","date_gmt":"2023-03-02T02:32:39","guid":{"rendered":"http:\/\/qingdaohf.com\/?post_type=product&#038;p=2640"},"modified":"2025-11-13T09:05:53","modified_gmt":"2025-11-13T01:05:53","slug":"erection-anchor","status":"publish","type":"product","link":"https:\/\/qingdaohf.com\/cs\/produkt\/montazni-kotva\/","title":{"rendered":"Zvedac\u00ed mont\u00e1\u017en\u00ed kotva se dv\u011bma otvory"},"content":{"rendered":"<p>Mont\u00e1\u017en\u00ed kotvy pro zved\u00e1n\u00ed betonov\u00fdch prefabrik\u00e1t\u016f jsou za\u0159\u00edzen\u00ed, kter\u00e1 se pou\u017e\u00edvaj\u00ed ke zved\u00e1n\u00ed a zaji\u0161\u0165ov\u00e1n\u00ed betonov\u00fdch prefabrik\u00e1t\u016f b\u011bhem v\u00fdstavby. Tyto kotvy jsou ur\u010deny k zalit\u00ed do betonov\u00fdch prvk\u016f p\u0159ed jejich instalac\u00ed a poskytuj\u00ed bezpe\u010dn\u00fd upev\u0148ovac\u00ed bod pro zved\u00e1n\u00ed a um\u00edst\u011bn\u00ed prvku na m\u00edsto.<\/p>\n<p>Mont\u00e1\u017en\u00ed kotvy pro zved\u00e1n\u00ed betonov\u00fdch prefabrik\u00e1t\u016f, kter\u00e9 jsou obvykle vyrobeny z vysokopevnostn\u00ed oceli, se dod\u00e1vaj\u00ed v r\u016fzn\u00fdch velikostech a tvarech pro r\u016fzn\u00e9 typy betonov\u00fdch prefabrik\u00e1t\u016f. Jsou rovn\u011b\u017e navr\u017eeny s ohledem na bezpe\u010dnost a vyzna\u010duj\u00ed se nosnost\u00ed, kter\u00e1 zaji\u0161\u0165uje, \u017ee zvl\u00e1dnou hmotnost zvedan\u00e9ho betonov\u00e9ho prvku.<\/p>\n<p>P\u0159i mont\u00e1\u017ei se kotvy zasunou do prefabrikovan\u00e9ho prvku a zajist\u00ed se epoxidem nebo jin\u00fdmi pojivy. Po vytvrzen\u00ed epoxidu lze ke kotv\u00e1m p\u0159ipojit zvedac\u00ed \u0159et\u011bzy nebo lana a prefabrikovan\u00fd prvek bezpe\u010dn\u011b zvednout a um\u00edstit na m\u00edsto.<\/p>\n<p>Mont\u00e1\u017en\u00ed kotvy pro zved\u00e1n\u00ed prefabrik\u00e1t\u016f jsou nezbytnou sou\u010d\u00e1st\u00ed modern\u00edch betonov\u00fdch prefabrik\u00e1t\u016f, proto\u017ee umo\u017e\u0148uj\u00ed rychlou a efektivn\u00ed mont\u00e1\u017e prefabrik\u00e1t\u016f a z\u00e1rove\u0148 zaji\u0161\u0165uj\u00ed bezpe\u010dnost pracovn\u00edk\u016f a minimalizuj\u00ed riziko po\u0161kozen\u00ed prefabrik\u00e1t\u016f b\u011bhem mont\u00e1\u017ee.<\/p>\n<p>&nbsp;<\/p>\n<p>&nbsp;<\/p>\n<p>&nbsp;<\/p>","protected":false},"excerpt":{"rendered":"<p>Mont\u00e1\u017en\u00ed kotvy pro zved\u00e1n\u00ed betonov\u00fdch prefabrik\u00e1t\u016f jsou za\u0159\u00edzen\u00ed, kter\u00e1 se pou\u017e\u00edvaj\u00ed ke zved\u00e1n\u00ed a zaji\u0161\u0165ov\u00e1n\u00ed betonov\u00fdch prefabrik\u00e1t\u016f b\u011bhem v\u00fdstavby. Tyto kotvy jsou ur\u010deny k zalit\u00ed do betonov\u00fdch prvk\u016f p\u0159ed jejich instalac\u00ed a poskytuj\u00ed bezpe\u010dn\u00fd upev\u0148ovac\u00ed bod pro zved\u00e1n\u00ed a um\u00edst\u011bn\u00ed prvku na m\u00edsto.<\/p>","protected":false},"featured_media":6130,"comment_status":"open","ping_status":"closed","template":"","meta":{"site-sidebar-layout":"default","site-content-layout":"default","ast-site-content-layout":"default","site-content-style":"default","site-sidebar-style":"default","ast-global-header-display":"","ast-banner-title-visibility":"","ast-main-header-display":"","ast-hfb-above-header-display":"","ast-hfb-below-header-display":"","ast-hfb-mobile-header-display":"","site-post-title":"","ast-breadcrumbs-content":"","ast-featured-img":"","footer-sml-layout":"","theme-transparent-header-meta":"default","adv-header-id-meta":"","stick-header-meta":"default","header-above-stick-meta":"","header-main-stick-meta":"","header-below-stick-meta":"","astra-migrate-meta-layouts":"set","ast-page-background-enabled":"default","ast-page-background-meta":{"desktop":{"background-color":"","background-image":"","background-repeat":"repeat","background-position":"center center","background-size":"auto","background-attachment":"scroll","background-type":"","background-media":"","overlay-type":"","overlay-color":"","overlay-opacity":"","overlay-gradient":""},"tablet":{"background-color":"","background-image":"","background-repeat":"repeat","background-position":"center center","background-size":"auto","background-attachment":"scroll","background-type":"","background-media":"","overlay-type":"","overlay-color":"","overlay-opacity":"","overlay-gradient":""},"mobile":{"background-color":"","background-image":"","background-repeat":"repeat","background-position":"center center","background-size":"auto","background-attachment":"scroll","background-type":"","background-media":"","overlay-type":"","overlay-color":"","overlay-opacity":"","overlay-gradient":""}},"ast-content-background-meta":{"desktop":{"background-color":"var(--ast-global-color-5)","background-image":"","background-repeat":"repeat","background-position":"center center","background-size":"auto","background-attachment":"scroll","background-type":"","background-media":"","overlay-type":"","overlay-color":"","overlay-opacity":"","overlay-gradient":""},"tablet":{"background-color":"var(--ast-global-color-5)","background-image":"","background-repeat":"repeat","background-position":"center center","background-size":"auto","background-attachment":"scroll","background-type":"","background-media":"","overlay-type":"","overlay-color":"","overlay-opacity":"","overlay-gradient":""},"mobile":{"background-color":"var(--ast-global-color-5)","background-image":"","background-repeat":"repeat","background-position":"center center","background-size":"auto","background-attachment":"scroll","background-type":"","background-media":"","overlay-type":"","overlay-color":"","overlay-opacity":"","overlay-gradient":""}}},"product_brand":[],"product_cat":[50,28,30],"product_tag":[],"class_list":{"0":"post-2640","1":"product","2":"type-product","3":"status-publish","4":"has-post-thumbnail","6":"product_cat-concrete-form-accessories","7":"product_cat-concrete-forming","8":"product_cat-lifting-anchor","9":"desktop-align-left","10":"tablet-align-left","11":"mobile-align-left","12":"ast-product-gallery-layout-horizontal-slider","13":"ast-product-tabs-layout-horizontal","15":"first","16":"instock","17":"shipping-taxable","18":"purchasable","19":"product-type-simple"},"yoast_head":"<!-- This site is optimized with the Yoast SEO plugin v25.2 - https:\/\/yoast.com\/wordpress\/plugins\/seo\/ -->\n<title>Lifting Erection Anchor Two Hole Anchor<\/title>\n<meta name=\"description\" content=\"Precast concrete lifting erection anchors are devices used to lift and secure precast concrete elements during construction.\" \/>\n<meta name=\"robots\" content=\"index, follow, max-snippet:-1, max-image-preview:large, max-video-preview:-1\" \/>\n<link rel=\"canonical\" href=\"https:\/\/qingdaohf.com\/cs\/produkt\/montazni-kotva\/\" \/>\n<meta property=\"og:locale\" content=\"cs_CZ\" \/>\n<meta property=\"og:type\" content=\"article\" \/>\n<meta property=\"og:title\" content=\"Lifting Erection Anchor Two Hole Anchor\" \/>\n<meta property=\"og:description\" content=\"Precast concrete lifting erection anchors are devices used to lift and secure precast concrete elements during construction.\" \/>\n<meta property=\"og:url\" content=\"https:\/\/qingdaohf.com\/cs\/produkt\/montazni-kotva\/\" \/>\n<meta property=\"og:site_name\" content=\"Concrete Form &amp; Rigging Hardware Supplier\" \/>\n<meta property=\"article:publisher\" content=\"https:\/\/www.facebook.com\/qingdaohf\" \/>\n<meta property=\"article:modified_time\" content=\"2025-11-13T01:05:53+00:00\" \/>\n<meta property=\"og:image\" content=\"https:\/\/qingdaohf.com\/wp-content\/uploads\/2023\/03\/erection-anchor.webp\" \/>\n\t<meta property=\"og:image:width\" content=\"1000\" \/>\n\t<meta property=\"og:image:height\" content=\"1000\" \/>\n\t<meta property=\"og:image:type\" content=\"image\/webp\" \/>\n<meta name=\"twitter:card\" content=\"summary_large_image\" \/>\n<meta name=\"twitter:label1\" content=\"Odhadovan\u00e1 doba \u010dten\u00ed\" \/>\n\t<meta name=\"twitter:data1\" content=\"2 minuty\" \/>\n<script type=\"application\/ld+json\" class=\"yoast-schema-graph\">{\"@context\":\"https:\/\/schema.org\",\"@graph\":[{\"@type\":\"WebPage\",\"@id\":\"https:\/\/qingdaohf.com\/product\/erection-anchor\/\",\"url\":\"https:\/\/qingdaohf.com\/product\/erection-anchor\/\",\"name\":\"Lifting Erection Anchor Two Hole Anchor\",\"isPartOf\":{\"@id\":\"https:\/\/qingdaohf.com\/bg\/#website\"},\"primaryImageOfPage\":{\"@id\":\"https:\/\/qingdaohf.com\/product\/erection-anchor\/#primaryimage\"},\"image\":{\"@id\":\"https:\/\/qingdaohf.com\/product\/erection-anchor\/#primaryimage\"},\"thumbnailUrl\":\"https:\/\/qingdaohf.com\/wp-content\/uploads\/2023\/03\/erection-anchor.webp\",\"datePublished\":\"2023-03-02T02:32:39+00:00\",\"dateModified\":\"2025-11-13T01:05:53+00:00\",\"description\":\"Precast concrete lifting erection anchors are devices used to lift and secure precast concrete elements during construction.\",\"breadcrumb\":{\"@id\":\"https:\/\/qingdaohf.com\/product\/erection-anchor\/#breadcrumb\"},\"inLanguage\":\"cs\",\"potentialAction\":[{\"@type\":\"ReadAction\",\"target\":[\"https:\/\/qingdaohf.com\/product\/erection-anchor\/\"]}]},{\"@type\":\"ImageObject\",\"inLanguage\":\"cs\",\"@id\":\"https:\/\/qingdaohf.com\/product\/erection-anchor\/#primaryimage\",\"url\":\"https:\/\/qingdaohf.com\/wp-content\/uploads\/2023\/03\/erection-anchor.webp\",\"contentUrl\":\"https:\/\/qingdaohf.com\/wp-content\/uploads\/2023\/03\/erection-anchor.webp\",\"width\":1000,\"height\":1000,\"caption\":\"erection anchor\"},{\"@type\":\"BreadcrumbList\",\"@id\":\"https:\/\/qingdaohf.com\/product\/erection-anchor\/#breadcrumb\",\"itemListElement\":[{\"@type\":\"ListItem\",\"position\":1,\"name\":\"Home\",\"item\":\"https:\/\/qingdaohf.com\/\"},{\"@type\":\"ListItem\",\"position\":2,\"name\":\"Concrete Forming Accessories and Rigging Hardware\",\"item\":\"https:\/\/qingdaohf.com\/bg\/?page_id=944\"},{\"@type\":\"ListItem\",\"position\":3,\"name\":\"Lifting Erection Anchor Two Hole Anchor\"}]},{\"@type\":\"WebSite\",\"@id\":\"https:\/\/qingdaohf.com\/bg\/#website\",\"url\":\"https:\/\/qingdaohf.com\/bg\/\",\"name\":\"Concrete Form & Rigging Hardware Supplier\",\"description\":\"\",\"publisher\":{\"@id\":\"https:\/\/qingdaohf.com\/bg\/#organization\"},\"potentialAction\":[{\"@type\":\"SearchAction\",\"target\":{\"@type\":\"EntryPoint\",\"urlTemplate\":\"https:\/\/qingdaohf.com\/bg\/?s={search_term_string}\"},\"query-input\":{\"@type\":\"PropertyValueSpecification\",\"valueRequired\":true,\"valueName\":\"search_term_string\"}}],\"inLanguage\":\"cs\"},{\"@type\":\"Organization\",\"@id\":\"https:\/\/qingdaohf.com\/bg\/#organization\",\"name\":\"Qingdao H&F\",\"url\":\"https:\/\/qingdaohf.com\/bg\/\",\"logo\":{\"@type\":\"ImageObject\",\"inLanguage\":\"cs\",\"@id\":\"https:\/\/qingdaohf.com\/bg\/#\/schema\/logo\/image\/\",\"url\":\"https:\/\/qingdaohf.com\/wp-content\/uploads\/2022\/12\/cropped-HF-LOGO.png\",\"contentUrl\":\"https:\/\/qingdaohf.com\/wp-content\/uploads\/2022\/12\/cropped-HF-LOGO.png\",\"width\":391,\"height\":249,\"caption\":\"Qingdao H&F\"},\"image\":{\"@id\":\"https:\/\/qingdaohf.com\/bg\/#\/schema\/logo\/image\/\"},\"sameAs\":[\"https:\/\/www.facebook.com\/qingdaohf\"]}]}<\/script>\n<!-- \/ Yoast SEO plugin. -->","yoast_head_json":{"title":"Lifting Erection Anchor Two Hole Anchor","description":"Precast concrete lifting erection anchors are devices used to lift and secure precast concrete elements during construction.","robots":{"index":"index","follow":"follow","max-snippet":"max-snippet:-1","max-image-preview":"max-image-preview:large","max-video-preview":"max-video-preview:-1"},"canonical":"https:\/\/qingdaohf.com\/cs\/produkt\/montazni-kotva\/","og_locale":"cs_CZ","og_type":"article","og_title":"Lifting Erection Anchor Two Hole Anchor","og_description":"Precast concrete lifting erection anchors are devices used to lift and secure precast concrete elements during construction.","og_url":"https:\/\/qingdaohf.com\/cs\/produkt\/montazni-kotva\/","og_site_name":"Concrete Form &amp; Rigging Hardware Supplier","article_publisher":"https:\/\/www.facebook.com\/qingdaohf","article_modified_time":"2025-11-13T01:05:53+00:00","og_image":[{"width":1000,"height":1000,"url":"https:\/\/qingdaohf.com\/wp-content\/uploads\/2023\/03\/erection-anchor.webp","type":"image\/webp"}],"twitter_card":"summary_large_image","twitter_misc":{"Odhadovan\u00e1 doba \u010dten\u00ed":"2 minuty"},"schema":{"@context":"https:\/\/schema.org","@graph":[{"@type":"WebPage","@id":"https:\/\/qingdaohf.com\/product\/erection-anchor\/","url":"https:\/\/qingdaohf.com\/product\/erection-anchor\/","name":"Lifting Erection Anchor Two Hole Anchor","isPartOf":{"@id":"https:\/\/qingdaohf.com\/bg\/#website"},"primaryImageOfPage":{"@id":"https:\/\/qingdaohf.com\/product\/erection-anchor\/#primaryimage"},"image":{"@id":"https:\/\/qingdaohf.com\/product\/erection-anchor\/#primaryimage"},"thumbnailUrl":"https:\/\/qingdaohf.com\/wp-content\/uploads\/2023\/03\/erection-anchor.webp","datePublished":"2023-03-02T02:32:39+00:00","dateModified":"2025-11-13T01:05:53+00:00","description":"Precast concrete lifting erection anchors are devices used to lift and secure precast concrete elements during construction.","breadcrumb":{"@id":"https:\/\/qingdaohf.com\/product\/erection-anchor\/#breadcrumb"},"inLanguage":"cs","potentialAction":[{"@type":"ReadAction","target":["https:\/\/qingdaohf.com\/product\/erection-anchor\/"]}]},{"@type":"ImageObject","inLanguage":"cs","@id":"https:\/\/qingdaohf.com\/product\/erection-anchor\/#primaryimage","url":"https:\/\/qingdaohf.com\/wp-content\/uploads\/2023\/03\/erection-anchor.webp","contentUrl":"https:\/\/qingdaohf.com\/wp-content\/uploads\/2023\/03\/erection-anchor.webp","width":1000,"height":1000,"caption":"erection anchor"},{"@type":"BreadcrumbList","@id":"https:\/\/qingdaohf.com\/product\/erection-anchor\/#breadcrumb","itemListElement":[{"@type":"ListItem","position":1,"name":"Home","item":"https:\/\/qingdaohf.com\/"},{"@type":"ListItem","position":2,"name":"Concrete Forming Accessories and Rigging Hardware","item":"https:\/\/qingdaohf.com\/bg\/?page_id=944"},{"@type":"ListItem","position":3,"name":"Lifting Erection Anchor Two Hole Anchor"}]},{"@type":"WebSite","@id":"https:\/\/qingdaohf.com\/bg\/#website","url":"https:\/\/qingdaohf.com\/bg\/","name":"Concrete Form & Rigging Hardware Supplier","description":"","publisher":{"@id":"https:\/\/qingdaohf.com\/bg\/#organization"},"potentialAction":[{"@type":"SearchAction","target":{"@type":"EntryPoint","urlTemplate":"https:\/\/qingdaohf.com\/bg\/?s={search_term_string}"},"query-input":{"@type":"PropertyValueSpecification","valueRequired":true,"valueName":"search_term_string"}}],"inLanguage":"cs"},{"@type":"Organization","@id":"https:\/\/qingdaohf.com\/bg\/#organization","name":"Qingdao H&F","url":"https:\/\/qingdaohf.com\/bg\/","logo":{"@type":"ImageObject","inLanguage":"cs","@id":"https:\/\/qingdaohf.com\/bg\/#\/schema\/logo\/image\/","url":"https:\/\/qingdaohf.com\/wp-content\/uploads\/2022\/12\/cropped-HF-LOGO.png","contentUrl":"https:\/\/qingdaohf.com\/wp-content\/uploads\/2022\/12\/cropped-HF-LOGO.png","width":391,"height":249,"caption":"Qingdao H&F"},"image":{"@id":"https:\/\/qingdaohf.com\/bg\/#\/schema\/logo\/image\/"},"sameAs":["https:\/\/www.facebook.com\/qingdaohf"]}]}},"_links":{"self":[{"href":"https:\/\/qingdaohf.com\/cs\/wp-json\/wp\/v2\/product\/2640","targetHints":{"allow":["GET"]}}],"collection":[{"href":"https:\/\/qingdaohf.com\/cs\/wp-json\/wp\/v2\/product"}],"about":[{"href":"https:\/\/qingdaohf.com\/cs\/wp-json\/wp\/v2\/types\/product"}],"replies":[{"embeddable":true,"href":"https:\/\/qingdaohf.com\/cs\/wp-json\/wp\/v2\/comments?post=2640"}],"version-history":[{"count":7,"href":"https:\/\/qingdaohf.com\/cs\/wp-json\/wp\/v2\/product\/2640\/revisions"}],"predecessor-version":[{"id":10256,"href":"https:\/\/qingdaohf.com\/cs\/wp-json\/wp\/v2\/product\/2640\/revisions\/10256"}],"wp:featuredmedia":[{"embeddable":true,"href":"https:\/\/qingdaohf.com\/cs\/wp-json\/wp\/v2\/media\/6130"}],"wp:attachment":[{"href":"https:\/\/qingdaohf.com\/cs\/wp-json\/wp\/v2\/media?parent=2640"}],"wp:term":[{"taxonomy":"product_brand","embeddable":true,"href":"https:\/\/qingdaohf.com\/cs\/wp-json\/wp\/v2\/product_brand?post=2640"},{"taxonomy":"product_cat","embeddable":true,"href":"https:\/\/qingdaohf.com\/cs\/wp-json\/wp\/v2\/product_cat?post=2640"},{"taxonomy":"product_tag","embeddable":true,"href":"https:\/\/qingdaohf.com\/cs\/wp-json\/wp\/v2\/product_tag?post=2640"}],"curies":[{"name":"wp","href":"https:\/\/api.w.org\/{rel}","templated":true}]}}