{"id":2646,"date":"2023-03-02T15:27:12","date_gmt":"2023-03-02T07:27:12","guid":{"rendered":"http:\/\/qingdaohf.com\/?post_type=product&#038;p=2646"},"modified":"2025-11-13T09:05:52","modified_gmt":"2025-11-13T01:05:52","slug":"elephant-foot-ferrule","status":"publish","type":"product","link":"https:\/\/qingdaohf.com\/cs\/produkt\/roud-kovani-sloni-noha-kovani\/","title":{"rendered":"Slon\u00ed noha"},"content":{"rendered":"<h2 class=\"text-2xl font-bold mt-1 text-text-200\">Co jsou to kov\u00e1n\u00ed na slon\u00ed nohu a pro\u010d jsou d\u016fle\u017eit\u00e1?<\/h2>\n<p class=\"whitespace-pre-wrap break-words\">Zaj\u00edmalo v\u00e1s n\u011bkdy, pro\u010d se jim \u0159\u00edk\u00e1 \"slon\u00ed noha\"? Pod\u00edvejte se na jednu z nich a pochop\u00edte to - tyto kritick\u00e9 sou\u010d\u00e1sti lanov\u00ed maj\u00ed charakteristickou roz\u0161\u00ed\u0159enou z\u00e1kladnu, kter\u00e1 kop\u00edruje slon\u00ed nohu. Jejich jedine\u010dn\u00fd tvar v\u0161ak nen\u00ed jen pro par\u00e1du. Tyto specializovan\u00e9 kov\u00e1n\u00ed jsou neop\u011bvovan\u00fdmi hrdiny sv\u011bta lanov\u00fdch za\u0159\u00edzen\u00ed, kter\u00e9 vytv\u00e1\u0159ej\u00ed pevn\u00e1 spojen\u00ed mezi ocelov\u00fdmi lany a zvedac\u00edmi syst\u00e9my. Jejich d\u016fmysln\u00e1 konstrukce rovnom\u011brn\u011b rozkl\u00e1d\u00e1 tlak na vl\u00e1kna lana, \u010d\u00edm\u017e zabra\u0148uje t\u0159epen\u00ed a udr\u017euje pevnost lana, kdy\u017e je to nejd\u016fle\u017eit\u011bj\u0161\u00ed.<\/p>\n<p class=\"whitespace-pre-wrap break-words\">Bu\u010fme up\u0159\u00edmn\u00ed - v\u00fdb\u011br spr\u00e1vn\u00e9 obj\u00edmky nelze br\u00e1t na lehkou v\u00e1hu. P\u0159i zved\u00e1n\u00ed t\u011b\u017ek\u00fdch b\u0159emen, pr\u00e1ci na mo\u0159i nebo jak\u00e9mkoli jin\u00e9m pou\u017eit\u00ed lanov\u00ed, kde je nap\u011bt\u00ed vysok\u00e9, m\u016f\u017ee volba kov\u00e1n\u00ed rozhodnout nebo zni\u010dit operaci - n\u011bkdy doslova. Proto je znalost t\u011bchto komponent\u016f zevnit\u0159 i zven\u010d\u00ed nejen u\u017eite\u010dn\u00e1, ale pro ka\u017ed\u00e9ho v oboru nezbytn\u00e1.<\/p>\n<p><img fetchpriority=\"high\" decoding=\"async\" class=\"alignnone size-full wp-image-3403\" src=\"http:\/\/qingdaohf.com\/wp-content\/uploads\/2023\/03\/50-3.jpg\" alt=\"karta\" width=\"1200\" height=\"412\" srcset=\"https:\/\/qingdaohf.com\/wp-content\/uploads\/2023\/03\/50-3.jpg 1200w, https:\/\/qingdaohf.com\/wp-content\/uploads\/2023\/03\/50-3-300x103.jpg 300w, https:\/\/qingdaohf.com\/wp-content\/uploads\/2023\/03\/50-3-1024x352.jpg 1024w, https:\/\/qingdaohf.com\/wp-content\/uploads\/2023\/03\/50-3-768x264.jpg 768w, https:\/\/qingdaohf.com\/wp-content\/uploads\/2023\/03\/50-3-1000x343.jpg 1000w\" sizes=\"(max-width: 1200px) 100vw, 1200px\" \/><\/p>\n<h2 class=\"text-2xl font-bold mt-1 text-text-200\">Pro\u010d si vybrat spole\u010dnost Qingdao H&amp;F pro va\u0161e kov\u00e1n\u00ed na slon\u00ed nohy?<\/h2>\n<p class=\"whitespace-pre-wrap break-words\">Pod\u00edvejte, my ve spole\u010dnosti Qingdao H&amp;F to ch\u00e1peme - kdy\u017e sh\u00e1n\u00edte hardware pro mont\u00e1\u017e, pot\u0159ebujete partnera, kter\u00fd v\u00e1m dod\u00e1 v\u00edc ne\u017e jen d\u00edly. Na z\u00e1klad\u011b dlouholet\u00fdch zku\u0161enost\u00ed z mezin\u00e1rodn\u00edho obchodu jsme si vybudovali pov\u011bst na v\u00fdrob\u011b prvot\u0159\u00eddn\u00edch kov\u00e1n\u00ed, kter\u00e1 vydr\u017e\u00ed dlouho. Ale v\u00edme, \u017ee skv\u011bl\u00e9 v\u00fdrobky jsou jen za\u010d\u00e1tek.<\/p>\n<p class=\"whitespace-pre-wrap break-words\">Co n\u00e1s odli\u0161uje? Za prv\u00e9, budete pracovat p\u0159\u00edmo se specializovan\u00fdm pracovn\u00edkem podpory, kter\u00fd se vyzn\u00e1. \u017d\u00e1dn\u00e9 telefonn\u00ed stromy, \u017e\u00e1dn\u00e9 ob\u00edh\u00e1n\u00ed - jen p\u0159\u00edm\u00fd rozhovor a \u0159e\u0161en\u00ed \u0161it\u00e9 na m\u00edru po\u017eadavk\u016fm va\u0161eho projektu. Pot\u0159ebujete vlastn\u00ed specifikace? Speci\u00e1ln\u00ed certifikace? Postar\u00e1me se o v\u00e1s. A proto\u017ee \u010das jsou pen\u00edze, zefektivnili jsme n\u00e1\u0161 proces dod\u00e1vek, aby v\u00e1\u0161 provoz byl v pohybu.<\/p>\n<p class=\"whitespace-pre-wrap break-words\">Kvalita zde nen\u00ed jen m\u00f3dn\u00edm slovem. Ka\u017ed\u00e1 kov\u00e1n\u00ed proch\u00e1z\u00ed n\u00e1ro\u010dn\u00fdm testov\u00e1n\u00edm - mluv\u00edme o pevnosti materi\u00e1lu, odolnosti proti korozi, p\u0159esnosti rozm\u011br\u016f a podobn\u011b. Ka\u017ed\u00e1 objedn\u00e1vka, a\u0165 u\u017e se jedn\u00e1 o jeden kus nebo tis\u00edc kus\u016f, je podlo\u017eena podrobn\u00fdmi kontroln\u00edmi zpr\u00e1vami. Proto\u017ee kdy\u017e jde o bezpe\u010dnost, \"dost dobr\u00fd\" prost\u011b nesta\u010d\u00ed.<\/p>\n<h2 class=\"text-2xl font-bold mt-1 text-text-200\">Pochopen\u00ed konstrukce a pou\u017eit\u00ed kov\u00e1n\u00ed se slon\u00edmi patkami<\/h2>\n<p class=\"whitespace-pre-wrap break-words\">Genialita t\u011bchto kov\u00e1n\u00ed spo\u010d\u00edv\u00e1 v jejich charakteristick\u00e9m tvaru. \u0160ir\u0161\u00ed z\u00e1kladna nen\u00ed jen kv\u016fli vzhledu - vytv\u00e1\u0159\u00ed dodate\u010dnou kompresn\u00ed plochu, kter\u00e1 uchopuje ocelov\u00e9 lano \u00fa\u010dinn\u011bji, ne\u017e by to kdy dok\u00e1zaly standardn\u00ed kov\u00e1n\u00ed. P\u0159i tlaku se zat\u00ed\u017een\u00ed rovnom\u011brn\u011b rozlo\u017e\u00ed na v\u0161echna vl\u00e1kna lana, \u010d\u00edm\u017e se zabr\u00e1n\u00ed vzniku hork\u00fdch m\u00edst, kter\u00e1 mohou v\u00e9st k poruch\u00e1m. Tato chytr\u00e1 konstrukce tak\u00e9 sni\u017euje t\u0159en\u00ed v m\u00edstech, kde je to d\u016fle\u017eit\u00e9, a prodlu\u017euje tak \u017eivotnost ferule i lana.<\/p>\n<p class=\"whitespace-pre-wrap break-words\">Od vrtn\u00fdch plo\u0161in na mo\u0159i a\u017e po staveni\u0161t\u011b, v\u0161ude tam, kde prob\u00edhaj\u00ed n\u00e1ro\u010dn\u00e9 zvedac\u00ed operace, najdete tato kov\u00e1n\u00ed v tvrd\u00e9 pr\u00e1ci. Jejich skute\u010dn\u00e1 s\u00edla? P\u0159izp\u016fsobivost. A\u0165 u\u017e pracujete s nerezovou ocel\u00ed, pozinkovanou ocel\u00ed nebo speci\u00e1ln\u00edmi slitinov\u00fdmi lany, slon\u00ed patky to zvl\u00e1dnou. D\u00edky t\u00e9to v\u0161estrannosti jsou ide\u00e1ln\u00ed jak pro trval\u00e9 instalace, tak pro do\u010dasn\u00e9 sestavy, kde nelze sni\u017eovat spolehlivost.<\/p>\n<h2 class=\"text-2xl font-bold mt-1 text-text-200\">Jak k bezpe\u010dnosti a v\u00fdkonnosti p\u0159isp\u00edvaj\u00ed kov\u00e1n\u00ed na slon\u00edch noh\u00e1ch<\/h2>\n<p class=\"whitespace-pre-wrap break-words\">Ve sv\u011bt\u011b t\u011b\u017ek\u00fdch stroj\u016f a zvedac\u00edch za\u0159\u00edzen\u00ed neexistuje nic takov\u00e9ho jako \"drobn\u00e1\" sou\u010d\u00e1stka. Na ka\u017ed\u00e9m d\u00edlu z\u00e1le\u017e\u00ed a tato lana hraj\u00ed kl\u00ed\u010dovou roli v prevenci no\u010dn\u00edch m\u016fr - prokluzov\u00e1n\u00ed lana, rozt\u0159epen\u00ed nebo katastrofick\u00e9ho p\u0159etr\u017een\u00ed. Kdy\u017e zved\u00e1te b\u0159emena, kter\u00e1 by mohla zp\u016fsobit v\u00e1\u017en\u00e9 \u0161kody nebo zran\u011bn\u00ed, pokud se n\u011bco pokaz\u00ed, pot\u0159ebujete hardware, kter\u00e9mu m\u016f\u017eete d\u016fv\u011b\u0159ovat.<\/p>\n<p class=\"whitespace-pre-wrap break-words\">Nejsou to oby\u010dejn\u00e9 kov\u00e1n\u00ed. Jsou vyrobeny ze \u0161pi\u010dkov\u00fdch materi\u00e1l\u016f a precizn\u011b zkonstruov\u00e1ny tak, aby vydr\u017eely bou\u0159i - doslova. Od korozivn\u00edch prost\u0159ed\u00ed a\u017e po extr\u00e9mn\u00ed teploty a vysoce nam\u00e1han\u00e9 aplikace - funguj\u00ed i v p\u0159\u00edpadech, kdy by m\u00e9n\u011b kvalitn\u00ed hardware selhal. Kdy\u017e to spoj\u00edte s na\u0161\u00ed p\u0159\u00edsnou kontrolou kvality, z\u00edsk\u00e1te klid, na kter\u00fd se m\u016f\u017eete spolehnout.<\/p>\n<h2 class=\"text-2xl font-bold mt-1 text-text-200\">V\u00fdhoda spole\u010dnosti Qingdao H&amp;F<\/h2>\n<p><img decoding=\"async\" class=\"alignnone wp-image-8732 size-full\" src=\"http:\/\/qingdaohf.com\/wp-content\/uploads\/2023\/03\/HF-packing-5-1.webp\" alt=\"Balen\u00ed HF\" width=\"1920\" height=\"1080\" srcset=\"https:\/\/qingdaohf.com\/wp-content\/uploads\/2023\/03\/HF-packing-5-1.webp 1920w, https:\/\/qingdaohf.com\/wp-content\/uploads\/2023\/03\/HF-packing-5-1-300x169.webp 300w, https:\/\/qingdaohf.com\/wp-content\/uploads\/2023\/03\/HF-packing-5-1-1024x576.webp 1024w, https:\/\/qingdaohf.com\/wp-content\/uploads\/2023\/03\/HF-packing-5-1-768x432.webp 768w, https:\/\/qingdaohf.com\/wp-content\/uploads\/2023\/03\/HF-packing-5-1-1536x864.webp 1536w, https:\/\/qingdaohf.com\/wp-content\/uploads\/2023\/03\/HF-packing-5-1-18x10.webp 18w, https:\/\/qingdaohf.com\/wp-content\/uploads\/2023\/03\/HF-packing-5-1-1000x563.webp 1000w\" sizes=\"(max-width: 1920px) 100vw, 1920px\" \/><\/p>\n<p class=\"whitespace-pre-wrap break-words\">V\u00fdb\u011br spole\u010dnosti Qingdao H&amp;F znamen\u00e1 v\u00edc ne\u017e jen n\u00e1kup kov\u00e1n\u00ed - z\u00edsk\u00e1v\u00e1te partnera, kter\u00fd investuje do va\u0161eho \u00fasp\u011bchu. N\u00e1\u0161 t\u00fdm \u017eije a d\u00fdch\u00e1 mont\u00e1\u017en\u00edm pr\u016fmyslem a je zde, aby v\u00e1m pomohl p\u0159ekonat jak okam\u017eit\u00e9 v\u00fdzvy, tak dlouhodob\u00e9 c\u00edle.<\/p>\n<p class=\"whitespace-pre-wrap break-words\">Svou pov\u011bst jsme si vydobyli tvrd\u00fdm zp\u016fsobem - d\u016fsledn\u00fdm poskytov\u00e1n\u00edm kvalitn\u00edch produkt\u016f, rychl\u00e9ho dod\u00e1n\u00ed a podpory, na kterou se m\u016f\u017eete spolehnout. Chcete si vyzkou\u0161et, ne\u017e investujete? Za\u0161leme v\u00e1m zdarma vzorky na\u0161ich v\u00fdrobk\u016f z ocelov\u00fdch lan. Tento praktick\u00fd p\u0159\u00edstup v\u00e1m umo\u017en\u00ed ov\u011b\u0159it si kompatibilitu a v\u00fdkonnost p\u0159edt\u00edm, ne\u017e u\u010din\u00edte z\u00e1sadn\u00ed rozhodnut\u00ed.<\/p>\n<h2 class=\"text-2xl font-bold mt-1 text-text-200\">Z\u00e1v\u011br<\/h2>\n<p class=\"whitespace-pre-wrap break-words\">Pokud jde o zvedac\u00ed operace, slon\u00ed patky nejsou jen dal\u0161\u00ed sou\u010d\u00e1st\u00ed - jsou to klidn\u00e9 kovov\u00e9 d\u00edly. Ve spole\u010dnosti Qingdao H&amp;F kombinujeme prvot\u0159\u00eddn\u00ed v\u00fdrobky s odborn\u00fdmi znalostmi a slu\u017ebami, kter\u00e9 pot\u0159ebujete k tomu, aby v\u0161e fungovalo hladce. A\u0165 u\u017e pracujete ve stavebnictv\u00ed, na mo\u0159i nebo v jak\u00e9mkoli jin\u00e9m oboru, kter\u00fd vy\u017eaduje nepr\u016fst\u0159eln\u00e9 takel\u00e1\u017en\u00ed komponenty, na\u0161e kov\u00e1n\u00ed v\u00e1m je poskytne. D\u00edky komplexn\u00edmu testov\u00e1n\u00ed, osobn\u00ed podpo\u0159e a rychl\u00fdm dodac\u00edm lh\u016ft\u00e1m jsme p\u0159ipraveni st\u00e1t se va\u0161\u00edm partnerem pro takel\u00e1\u017en\u00ed a zvedac\u00ed za\u0159\u00edzen\u00ed. Jste p\u0159ipraveni dozv\u011bd\u011bt se v\u00edce? Poj\u010fme si promluvit o tom, jak mohou na\u0161e kov\u00e1n\u00ed se slon\u00edmi patkami pozvednout v\u00e1\u0161 p\u0159\u00ed\u0161t\u00ed projekt.<\/p>","protected":false},"excerpt":{"rendered":"<p>Slon\u00ed patky maj\u00ed velk\u00fd v\u00fdznam v oblasti lanov\u00fdch za\u0159\u00edzen\u00ed a zved\u00e1n\u00ed, kde slou\u017e\u00ed k vytvo\u0159en\u00ed pevn\u00e9ho a bezpe\u010dn\u00e9ho spojen\u00ed mezi ocelov\u00fdmi lany pro lep\u0161\u00ed v\u00fdkon p\u0159i n\u00e1ro\u010dn\u00fdch aplikac\u00edch. Kvalita, p\u0159esnost a kompatibilita jsou obvykl\u00fdmi z\u00e1jmy ka\u017ed\u00e9ho kupuj\u00edc\u00edho; s ferulemi se slon\u00ed patkou od spole\u010dnosti Qingdao H&amp;F si m\u016f\u017eete b\u00fdt jisti, \u017ee z\u00edsk\u00e1te vysoce kvalitn\u00ed \u0159e\u0161en\u00ed, kter\u00e9 spln\u00ed i ty nejn\u00e1ro\u010dn\u011bj\u0161\u00ed po\u017eadavky. Individu\u00e1ln\u00ed z\u00e1kaznick\u00fd servis, rychl\u00e9 dodac\u00ed cykly a komplexn\u00ed zpr\u00e1vy o kontrole kvality jsou jen n\u011bkter\u00e9 z v\u00fdhod, kter\u00e9 v\u00e1m zajist\u00ed, \u017ee poka\u017ed\u00e9 dostanete ten nejlep\u0161\u00ed v\u00fdrobek, p\u0159izp\u016fsoben\u00fd va\u0161im pot\u0159eb\u00e1m. A\u0165 u\u017e pot\u0159ebujete zak\u00e1zkov\u00e9 rozm\u011bry nebo rychl\u00e9 \u0159e\u0161en\u00ed, pom\u016f\u017eeme va\u0161emu projektu na ka\u017ed\u00e9m kroku.<\/p>","protected":false},"featured_media":3398,"comment_status":"open","ping_status":"closed","template":"","meta":{"site-sidebar-layout":"default","site-content-layout":"default","ast-site-content-layout":"default","site-content-style":"default","site-sidebar-style":"default","ast-global-header-display":"","ast-banner-title-visibility":"","ast-main-header-display":"","ast-hfb-above-header-display":"","ast-hfb-below-header-display":"","ast-hfb-mobile-header-display":"","site-post-title":"","ast-breadcrumbs-content":"","ast-featured-img":"","footer-sml-layout":"","theme-transparent-header-meta":"default","adv-header-id-meta":"","stick-header-meta":"default","header-above-stick-meta":"","header-main-stick-meta":"","header-below-stick-meta":"","astra-migrate-meta-layouts":"set","ast-page-background-enabled":"default","ast-page-background-meta":{"desktop":{"background-color":"","background-image":"","background-repeat":"repeat","background-position":"center center","background-size":"auto","background-attachment":"scroll","background-type":"","background-media":"","overlay-type":"","overlay-color":"","overlay-opacity":"","overlay-gradient":""},"tablet":{"background-color":"","background-image":"","background-repeat":"repeat","background-position":"center center","background-size":"auto","background-attachment":"scroll","background-type":"","background-media":"","overlay-type":"","overlay-color":"","overlay-opacity":"","overlay-gradient":""},"mobile":{"background-color":"","background-image":"","background-repeat":"repeat","background-position":"center center","background-size":"auto","background-attachment":"scroll","background-type":"","background-media":"","overlay-type":"","overlay-color":"","overlay-opacity":"","overlay-gradient":""}},"ast-content-background-meta":{"desktop":{"background-color":"var(--ast-global-color-5)","background-image":"","background-repeat":"repeat","background-position":"center center","background-size":"auto","background-attachment":"scroll","background-type":"","background-media":"","overlay-type":"","overlay-color":"","overlay-opacity":"","overlay-gradient":""},"tablet":{"background-color":"var(--ast-global-color-5)","background-image":"","background-repeat":"repeat","background-position":"center center","background-size":"auto","background-attachment":"scroll","background-type":"","background-media":"","overlay-type":"","overlay-color":"","overlay-opacity":"","overlay-gradient":""},"mobile":{"background-color":"var(--ast-global-color-5)","background-image":"","background-repeat":"repeat","background-position":"center center","background-size":"auto","background-attachment":"scroll","background-type":"","background-media":"","overlay-type":"","overlay-color":"","overlay-opacity":"","overlay-gradient":""}}},"product_brand":[],"product_cat":[50,30],"product_tag":[],"class_list":{"0":"post-2646","1":"product","2":"type-product","3":"status-publish","4":"has-post-thumbnail","6":"product_cat-concrete-form-accessories","7":"product_cat-lifting-anchor","8":"desktop-align-left","9":"tablet-align-left","10":"mobile-align-left","11":"ast-product-gallery-layout-horizontal-slider","12":"ast-product-tabs-layout-horizontal","14":"first","15":"instock","16":"shipping-taxable","17":"purchasable","18":"product-type-simple"},"yoast_head":"<!-- This site is optimized with the Yoast SEO plugin v25.2 - https:\/\/yoast.com\/wordpress\/plugins\/seo\/ -->\n<title>Elephant Foot Ferrule<\/title>\n<meta name=\"description\" content=\"Roud Ferrule and Elephant Foot Ferrule it helps to ensure the integrity and longevity of the structures we build.\" \/>\n<meta name=\"robots\" content=\"index, follow, max-snippet:-1, max-image-preview:large, max-video-preview:-1\" \/>\n<link rel=\"canonical\" href=\"https:\/\/qingdaohf.com\/cs\/produkt\/roud-kovani-sloni-noha-kovani\/\" \/>\n<meta property=\"og:locale\" content=\"cs_CZ\" \/>\n<meta property=\"og:type\" content=\"article\" \/>\n<meta property=\"og:title\" content=\"Elephant Foot Ferrule\" \/>\n<meta property=\"og:description\" content=\"Roud Ferrule and Elephant Foot Ferrule it helps to ensure the integrity and longevity of the structures we build.\" \/>\n<meta property=\"og:url\" content=\"https:\/\/qingdaohf.com\/cs\/produkt\/roud-kovani-sloni-noha-kovani\/\" \/>\n<meta property=\"og:site_name\" content=\"Concrete Form &amp; Rigging Hardware Supplier\" \/>\n<meta property=\"article:publisher\" content=\"https:\/\/www.facebook.com\/qingdaohf\" \/>\n<meta property=\"article:modified_time\" content=\"2025-11-13T01:05:52+00:00\" \/>\n<meta property=\"og:image\" content=\"https:\/\/qingdaohf.com\/wp-content\/uploads\/2023\/03\/roud-ferrule-elephant-foot-ferrule-4-1.jpg\" \/>\n\t<meta property=\"og:image:width\" content=\"1000\" \/>\n\t<meta property=\"og:image:height\" content=\"1000\" \/>\n\t<meta property=\"og:image:type\" content=\"image\/jpeg\" \/>\n<meta name=\"twitter:card\" content=\"summary_large_image\" \/>\n<meta name=\"twitter:label1\" content=\"Odhadovan\u00e1 doba \u010dten\u00ed\" \/>\n\t<meta name=\"twitter:data1\" content=\"4 minuty\" \/>\n<script type=\"application\/ld+json\" class=\"yoast-schema-graph\">{\"@context\":\"https:\/\/schema.org\",\"@graph\":[{\"@type\":\"WebPage\",\"@id\":\"https:\/\/qingdaohf.com\/product\/elephant-foot-ferrule\/\",\"url\":\"https:\/\/qingdaohf.com\/product\/elephant-foot-ferrule\/\",\"name\":\"Elephant Foot Ferrule\",\"isPartOf\":{\"@id\":\"https:\/\/qingdaohf.com\/bg\/#website\"},\"primaryImageOfPage\":{\"@id\":\"https:\/\/qingdaohf.com\/product\/elephant-foot-ferrule\/#primaryimage\"},\"image\":{\"@id\":\"https:\/\/qingdaohf.com\/product\/elephant-foot-ferrule\/#primaryimage\"},\"thumbnailUrl\":\"https:\/\/qingdaohf.com\/wp-content\/uploads\/2023\/03\/roud-ferrule-elephant-foot-ferrule-4-1.jpg\",\"datePublished\":\"2023-03-02T07:27:12+00:00\",\"dateModified\":\"2025-11-13T01:05:52+00:00\",\"description\":\"Roud Ferrule and Elephant Foot Ferrule it helps to ensure the integrity and longevity of the structures we build.\",\"breadcrumb\":{\"@id\":\"https:\/\/qingdaohf.com\/product\/elephant-foot-ferrule\/#breadcrumb\"},\"inLanguage\":\"cs\",\"potentialAction\":[{\"@type\":\"ReadAction\",\"target\":[\"https:\/\/qingdaohf.com\/product\/elephant-foot-ferrule\/\"]}]},{\"@type\":\"ImageObject\",\"inLanguage\":\"cs\",\"@id\":\"https:\/\/qingdaohf.com\/product\/elephant-foot-ferrule\/#primaryimage\",\"url\":\"https:\/\/qingdaohf.com\/wp-content\/uploads\/2023\/03\/roud-ferrule-elephant-foot-ferrule-4-1.jpg\",\"contentUrl\":\"https:\/\/qingdaohf.com\/wp-content\/uploads\/2023\/03\/roud-ferrule-elephant-foot-ferrule-4-1.jpg\",\"width\":1000,\"height\":1000,\"caption\":\"roud ferrule elephant foot ferrule\"},{\"@type\":\"BreadcrumbList\",\"@id\":\"https:\/\/qingdaohf.com\/product\/elephant-foot-ferrule\/#breadcrumb\",\"itemListElement\":[{\"@type\":\"ListItem\",\"position\":1,\"name\":\"Home\",\"item\":\"https:\/\/qingdaohf.com\/\"},{\"@type\":\"ListItem\",\"position\":2,\"name\":\"Concrete Forming Accessories and Rigging Hardware\",\"item\":\"https:\/\/qingdaohf.com\/bg\/?page_id=944\"},{\"@type\":\"ListItem\",\"position\":3,\"name\":\"Elephant Foot Ferrule\"}]},{\"@type\":\"WebSite\",\"@id\":\"https:\/\/qingdaohf.com\/bg\/#website\",\"url\":\"https:\/\/qingdaohf.com\/bg\/\",\"name\":\"Concrete Form & Rigging Hardware Supplier\",\"description\":\"\",\"publisher\":{\"@id\":\"https:\/\/qingdaohf.com\/bg\/#organization\"},\"potentialAction\":[{\"@type\":\"SearchAction\",\"target\":{\"@type\":\"EntryPoint\",\"urlTemplate\":\"https:\/\/qingdaohf.com\/bg\/?s={search_term_string}\"},\"query-input\":{\"@type\":\"PropertyValueSpecification\",\"valueRequired\":true,\"valueName\":\"search_term_string\"}}],\"inLanguage\":\"cs\"},{\"@type\":\"Organization\",\"@id\":\"https:\/\/qingdaohf.com\/bg\/#organization\",\"name\":\"Qingdao H&F\",\"url\":\"https:\/\/qingdaohf.com\/bg\/\",\"logo\":{\"@type\":\"ImageObject\",\"inLanguage\":\"cs\",\"@id\":\"https:\/\/qingdaohf.com\/bg\/#\/schema\/logo\/image\/\",\"url\":\"https:\/\/qingdaohf.com\/wp-content\/uploads\/2022\/12\/cropped-HF-LOGO.png\",\"contentUrl\":\"https:\/\/qingdaohf.com\/wp-content\/uploads\/2022\/12\/cropped-HF-LOGO.png\",\"width\":391,\"height\":249,\"caption\":\"Qingdao H&F\"},\"image\":{\"@id\":\"https:\/\/qingdaohf.com\/bg\/#\/schema\/logo\/image\/\"},\"sameAs\":[\"https:\/\/www.facebook.com\/qingdaohf\"]}]}<\/script>\n<!-- \/ Yoast SEO plugin. -->","yoast_head_json":{"title":"Elephant Foot Ferrule","description":"Roud Ferrule and Elephant Foot Ferrule it helps to ensure the integrity and longevity of the structures we build.","robots":{"index":"index","follow":"follow","max-snippet":"max-snippet:-1","max-image-preview":"max-image-preview:large","max-video-preview":"max-video-preview:-1"},"canonical":"https:\/\/qingdaohf.com\/cs\/produkt\/roud-kovani-sloni-noha-kovani\/","og_locale":"cs_CZ","og_type":"article","og_title":"Elephant Foot Ferrule","og_description":"Roud Ferrule and Elephant Foot Ferrule it helps to ensure the integrity and longevity of the structures we build.","og_url":"https:\/\/qingdaohf.com\/cs\/produkt\/roud-kovani-sloni-noha-kovani\/","og_site_name":"Concrete Form &amp; Rigging Hardware Supplier","article_publisher":"https:\/\/www.facebook.com\/qingdaohf","article_modified_time":"2025-11-13T01:05:52+00:00","og_image":[{"width":1000,"height":1000,"url":"https:\/\/qingdaohf.com\/wp-content\/uploads\/2023\/03\/roud-ferrule-elephant-foot-ferrule-4-1.jpg","type":"image\/jpeg"}],"twitter_card":"summary_large_image","twitter_misc":{"Odhadovan\u00e1 doba \u010dten\u00ed":"4 minuty"},"schema":{"@context":"https:\/\/schema.org","@graph":[{"@type":"WebPage","@id":"https:\/\/qingdaohf.com\/product\/elephant-foot-ferrule\/","url":"https:\/\/qingdaohf.com\/product\/elephant-foot-ferrule\/","name":"Elephant Foot Ferrule","isPartOf":{"@id":"https:\/\/qingdaohf.com\/bg\/#website"},"primaryImageOfPage":{"@id":"https:\/\/qingdaohf.com\/product\/elephant-foot-ferrule\/#primaryimage"},"image":{"@id":"https:\/\/qingdaohf.com\/product\/elephant-foot-ferrule\/#primaryimage"},"thumbnailUrl":"https:\/\/qingdaohf.com\/wp-content\/uploads\/2023\/03\/roud-ferrule-elephant-foot-ferrule-4-1.jpg","datePublished":"2023-03-02T07:27:12+00:00","dateModified":"2025-11-13T01:05:52+00:00","description":"Roud Ferrule and Elephant Foot Ferrule it helps to ensure the integrity and longevity of the structures we build.","breadcrumb":{"@id":"https:\/\/qingdaohf.com\/product\/elephant-foot-ferrule\/#breadcrumb"},"inLanguage":"cs","potentialAction":[{"@type":"ReadAction","target":["https:\/\/qingdaohf.com\/product\/elephant-foot-ferrule\/"]}]},{"@type":"ImageObject","inLanguage":"cs","@id":"https:\/\/qingdaohf.com\/product\/elephant-foot-ferrule\/#primaryimage","url":"https:\/\/qingdaohf.com\/wp-content\/uploads\/2023\/03\/roud-ferrule-elephant-foot-ferrule-4-1.jpg","contentUrl":"https:\/\/qingdaohf.com\/wp-content\/uploads\/2023\/03\/roud-ferrule-elephant-foot-ferrule-4-1.jpg","width":1000,"height":1000,"caption":"roud ferrule elephant foot ferrule"},{"@type":"BreadcrumbList","@id":"https:\/\/qingdaohf.com\/product\/elephant-foot-ferrule\/#breadcrumb","itemListElement":[{"@type":"ListItem","position":1,"name":"Home","item":"https:\/\/qingdaohf.com\/"},{"@type":"ListItem","position":2,"name":"Concrete Forming Accessories and Rigging Hardware","item":"https:\/\/qingdaohf.com\/bg\/?page_id=944"},{"@type":"ListItem","position":3,"name":"Elephant Foot Ferrule"}]},{"@type":"WebSite","@id":"https:\/\/qingdaohf.com\/bg\/#website","url":"https:\/\/qingdaohf.com\/bg\/","name":"Concrete Form & Rigging Hardware Supplier","description":"","publisher":{"@id":"https:\/\/qingdaohf.com\/bg\/#organization"},"potentialAction":[{"@type":"SearchAction","target":{"@type":"EntryPoint","urlTemplate":"https:\/\/qingdaohf.com\/bg\/?s={search_term_string}"},"query-input":{"@type":"PropertyValueSpecification","valueRequired":true,"valueName":"search_term_string"}}],"inLanguage":"cs"},{"@type":"Organization","@id":"https:\/\/qingdaohf.com\/bg\/#organization","name":"Qingdao H&F","url":"https:\/\/qingdaohf.com\/bg\/","logo":{"@type":"ImageObject","inLanguage":"cs","@id":"https:\/\/qingdaohf.com\/bg\/#\/schema\/logo\/image\/","url":"https:\/\/qingdaohf.com\/wp-content\/uploads\/2022\/12\/cropped-HF-LOGO.png","contentUrl":"https:\/\/qingdaohf.com\/wp-content\/uploads\/2022\/12\/cropped-HF-LOGO.png","width":391,"height":249,"caption":"Qingdao H&F"},"image":{"@id":"https:\/\/qingdaohf.com\/bg\/#\/schema\/logo\/image\/"},"sameAs":["https:\/\/www.facebook.com\/qingdaohf"]}]}},"_links":{"self":[{"href":"https:\/\/qingdaohf.com\/cs\/wp-json\/wp\/v2\/product\/2646","targetHints":{"allow":["GET"]}}],"collection":[{"href":"https:\/\/qingdaohf.com\/cs\/wp-json\/wp\/v2\/product"}],"about":[{"href":"https:\/\/qingdaohf.com\/cs\/wp-json\/wp\/v2\/types\/product"}],"replies":[{"embeddable":true,"href":"https:\/\/qingdaohf.com\/cs\/wp-json\/wp\/v2\/comments?post=2646"}],"version-history":[{"count":4,"href":"https:\/\/qingdaohf.com\/cs\/wp-json\/wp\/v2\/product\/2646\/revisions"}],"predecessor-version":[{"id":8734,"href":"https:\/\/qingdaohf.com\/cs\/wp-json\/wp\/v2\/product\/2646\/revisions\/8734"}],"wp:featuredmedia":[{"embeddable":true,"href":"https:\/\/qingdaohf.com\/cs\/wp-json\/wp\/v2\/media\/3398"}],"wp:attachment":[{"href":"https:\/\/qingdaohf.com\/cs\/wp-json\/wp\/v2\/media?parent=2646"}],"wp:term":[{"taxonomy":"product_brand","embeddable":true,"href":"https:\/\/qingdaohf.com\/cs\/wp-json\/wp\/v2\/product_brand?post=2646"},{"taxonomy":"product_cat","embeddable":true,"href":"https:\/\/qingdaohf.com\/cs\/wp-json\/wp\/v2\/product_cat?post=2646"},{"taxonomy":"product_tag","embeddable":true,"href":"https:\/\/qingdaohf.com\/cs\/wp-json\/wp\/v2\/product_tag?post=2646"}],"curies":[{"name":"wp","href":"https:\/\/api.w.org\/{rel}","templated":true}]}}