{"id":2886,"date":"2023-03-14T17:58:06","date_gmt":"2023-03-14T09:58:06","guid":{"rendered":"http:\/\/qingdaohf.com\/?post_type=product&#038;p=2886"},"modified":"2025-11-13T09:05:31","modified_gmt":"2025-11-13T01:05:31","slug":"double-head-nail","status":"publish","type":"product","link":"https:\/\/qingdaohf.com\/cs\/produkt\/hrebik-s-dvojitou-hlavou\/","title":{"rendered":"P\u0159\u00edslu\u0161enstv\u00ed pro tv\u00e1\u0159en\u00ed betonu Dvojit\u00fd h\u0159eb\u00edk"},"content":{"rendered":"<p>P\u0159i stavb\u011b betonov\u00fdch konstrukc\u00ed se pou\u017e\u00edvaj\u00ed formy, kter\u00e9 tvaruj\u00ed a formuj\u00ed beton do po\u017eadovan\u00e9ho tvaru. K zaji\u0161t\u011bn\u00ed t\u011bchto forem na m\u00edst\u011b se pou\u017e\u00edvaj\u00ed h\u0159eb\u00edky s dvojitou hlavou, kter\u00e9 zabra\u0148uj\u00ed jejich posunu nebo pohybu b\u011bhem procesu lit\u00ed a tuhnut\u00ed.<\/p>\n<p>Dvojit\u00e1 hlava t\u011bchto h\u0159eb\u00edk\u016f umo\u017e\u0148uje snadn\u00e9 odstran\u011bn\u00ed po zatuhnut\u00ed betonu. Odkrytou hlavu lze pou\u017e\u00edt jako p\u00e1ku k vyta\u017een\u00ed h\u0159eb\u00edku z bedn\u011bn\u00ed, zat\u00edmco zapu\u0161t\u011bn\u00e1 hlava zaji\u0161\u0165uje stabilitu a zabra\u0148uje p\u0159ed\u010dasn\u00e9mu vyta\u017een\u00ed h\u0159eb\u00edku.<\/p>\n<p>Dvouhlav\u00e9 h\u0159eb\u00edky se obvykle vyr\u00e1b\u011bj\u00ed z oceli a dod\u00e1vaj\u00ed se v r\u016fzn\u00fdch d\u00e9lk\u00e1ch a tlou\u0161\u0165k\u00e1ch, aby vyhovovaly r\u016fzn\u00fdm formovac\u00edm aplikac\u00edm. Jsou cenov\u011b v\u00fdhodn\u00fdm a \u00fa\u010dinn\u00fdm \u0159e\u0161en\u00edm pro zaji\u0161t\u011bn\u00ed betonov\u00fdch forem a zjednodu\u0161en\u00ed procesu jejich odstra\u0148ov\u00e1n\u00ed.<\/p>","protected":false},"excerpt":{"rendered":"<p>H\u0159eb\u00edk s dvojitou hlavou je typ spojovac\u00edho prvku, kter\u00fd se b\u011b\u017en\u011b pou\u017e\u00edv\u00e1 v beton\u00e1\u0159sk\u00fdch aplikac\u00edch. Jak n\u00e1zev napov\u00edd\u00e1, m\u00e1 dv\u011b hlavy, jednu na ka\u017ed\u00e9m konci h\u0159eb\u00edku, co\u017e usnad\u0148uje jeho odstran\u011bn\u00ed z bedn\u011bn\u00ed po zatuhnut\u00ed betonu.<\/p>\n<p>&nbsp;<\/p>","protected":false},"featured_media":2892,"comment_status":"open","ping_status":"closed","template":"","meta":{"site-sidebar-layout":"default","site-content-layout":"default","ast-site-content-layout":"","site-content-style":"default","site-sidebar-style":"default","ast-global-header-display":"","ast-banner-title-visibility":"","ast-main-header-display":"","ast-hfb-above-header-display":"","ast-hfb-below-header-display":"","ast-hfb-mobile-header-display":"","site-post-title":"","ast-breadcrumbs-content":"","ast-featured-img":"","footer-sml-layout":"","theme-transparent-header-meta":"default","adv-header-id-meta":"","stick-header-meta":"default","header-above-stick-meta":"","header-main-stick-meta":"","header-below-stick-meta":"","astra-migrate-meta-layouts":"default","ast-page-background-enabled":"default","ast-page-background-meta":{"desktop":{"background-color":"","background-image":"","background-repeat":"repeat","background-position":"center center","background-size":"auto","background-attachment":"scroll","background-type":"","background-media":"","overlay-type":"","overlay-color":"","overlay-opacity":"","overlay-gradient":""},"tablet":{"background-color":"","background-image":"","background-repeat":"repeat","background-position":"center center","background-size":"auto","background-attachment":"scroll","background-type":"","background-media":"","overlay-type":"","overlay-color":"","overlay-opacity":"","overlay-gradient":""},"mobile":{"background-color":"","background-image":"","background-repeat":"repeat","background-position":"center center","background-size":"auto","background-attachment":"scroll","background-type":"","background-media":"","overlay-type":"","overlay-color":"","overlay-opacity":"","overlay-gradient":""}},"ast-content-background-meta":{"desktop":{"background-color":"var(--ast-global-color-5)","background-image":"","background-repeat":"repeat","background-position":"center center","background-size":"auto","background-attachment":"scroll","background-type":"","background-media":"","overlay-type":"","overlay-color":"","overlay-opacity":"","overlay-gradient":""},"tablet":{"background-color":"var(--ast-global-color-5)","background-image":"","background-repeat":"repeat","background-position":"center center","background-size":"auto","background-attachment":"scroll","background-type":"","background-media":"","overlay-type":"","overlay-color":"","overlay-opacity":"","overlay-gradient":""},"mobile":{"background-color":"var(--ast-global-color-5)","background-image":"","background-repeat":"repeat","background-position":"center center","background-size":"auto","background-attachment":"scroll","background-type":"","background-media":"","overlay-type":"","overlay-color":"","overlay-opacity":"","overlay-gradient":""}}},"product_brand":[],"product_cat":[34],"product_tag":[],"class_list":{"0":"post-2886","1":"product","2":"type-product","3":"status-publish","4":"has-post-thumbnail","6":"product_cat-nail","7":"desktop-align-left","8":"tablet-align-left","9":"mobile-align-left","10":"ast-product-gallery-layout-horizontal-slider","11":"ast-product-tabs-layout-horizontal","13":"first","14":"instock","15":"shipping-taxable","16":"purchasable","17":"product-type-simple"},"yoast_head":"<!-- This site is optimized with the Yoast SEO plugin v25.2 - https:\/\/yoast.com\/wordpress\/plugins\/seo\/ -->\n<title>Concrete Forming Accessories Double Head Nail<\/title>\n<meta name=\"description\" content=\"The double head nail is a type of fastener commonly used in concrete forming applications. As the name suggests, it features two heads, one at each end of the nail, which makes it easier to remove from the formwork once the concrete has set.\" \/>\n<meta name=\"robots\" content=\"index, follow, max-snippet:-1, max-image-preview:large, max-video-preview:-1\" \/>\n<link rel=\"canonical\" href=\"https:\/\/qingdaohf.com\/cs\/produkt\/hrebik-s-dvojitou-hlavou\/\" \/>\n<meta property=\"og:locale\" content=\"cs_CZ\" \/>\n<meta property=\"og:type\" content=\"article\" \/>\n<meta property=\"og:title\" content=\"Concrete Forming Accessories Double Head Nail\" \/>\n<meta property=\"og:description\" content=\"The double head nail is a type of fastener commonly used in concrete forming applications. As the name suggests, it features two heads, one at each end of the nail, which makes it easier to remove from the formwork once the concrete has set.\" \/>\n<meta property=\"og:url\" content=\"https:\/\/qingdaohf.com\/cs\/produkt\/hrebik-s-dvojitou-hlavou\/\" \/>\n<meta property=\"og:site_name\" content=\"Concrete Form &amp; Rigging Hardware Supplier\" \/>\n<meta property=\"article:publisher\" content=\"https:\/\/www.facebook.com\/qingdaohf\" \/>\n<meta property=\"article:modified_time\" content=\"2025-11-13T01:05:31+00:00\" \/>\n<meta property=\"og:image\" content=\"https:\/\/qingdaohf.com\/wp-content\/uploads\/2023\/03\/double-head-nail-6.jpg\" \/>\n\t<meta property=\"og:image:width\" content=\"1000\" \/>\n\t<meta property=\"og:image:height\" content=\"1000\" \/>\n\t<meta property=\"og:image:type\" content=\"image\/jpeg\" \/>\n<meta name=\"twitter:card\" content=\"summary_large_image\" \/>\n<meta name=\"twitter:label1\" content=\"Odhadovan\u00e1 doba \u010dten\u00ed\" \/>\n\t<meta name=\"twitter:data1\" content=\"1 minuta\" \/>\n<script type=\"application\/ld+json\" class=\"yoast-schema-graph\">{\"@context\":\"https:\/\/schema.org\",\"@graph\":[{\"@type\":\"WebPage\",\"@id\":\"https:\/\/qingdaohf.com\/product\/double-head-nail\/\",\"url\":\"https:\/\/qingdaohf.com\/product\/double-head-nail\/\",\"name\":\"Concrete Forming Accessories Double Head Nail\",\"isPartOf\":{\"@id\":\"https:\/\/qingdaohf.com\/bg\/#website\"},\"primaryImageOfPage\":{\"@id\":\"https:\/\/qingdaohf.com\/product\/double-head-nail\/#primaryimage\"},\"image\":{\"@id\":\"https:\/\/qingdaohf.com\/product\/double-head-nail\/#primaryimage\"},\"thumbnailUrl\":\"https:\/\/qingdaohf.com\/wp-content\/uploads\/2023\/03\/double-head-nail-6.jpg\",\"datePublished\":\"2023-03-14T09:58:06+00:00\",\"dateModified\":\"2025-11-13T01:05:31+00:00\",\"description\":\"The double head nail is a type of fastener commonly used in concrete forming applications. As the name suggests, it features two heads, one at each end of the nail, which makes it easier to remove from the formwork once the concrete has set.\",\"breadcrumb\":{\"@id\":\"https:\/\/qingdaohf.com\/product\/double-head-nail\/#breadcrumb\"},\"inLanguage\":\"cs\",\"potentialAction\":[{\"@type\":\"ReadAction\",\"target\":[\"https:\/\/qingdaohf.com\/product\/double-head-nail\/\"]}]},{\"@type\":\"ImageObject\",\"inLanguage\":\"cs\",\"@id\":\"https:\/\/qingdaohf.com\/product\/double-head-nail\/#primaryimage\",\"url\":\"https:\/\/qingdaohf.com\/wp-content\/uploads\/2023\/03\/double-head-nail-6.jpg\",\"contentUrl\":\"https:\/\/qingdaohf.com\/wp-content\/uploads\/2023\/03\/double-head-nail-6.jpg\",\"width\":1000,\"height\":1000,\"caption\":\"double head nail\"},{\"@type\":\"BreadcrumbList\",\"@id\":\"https:\/\/qingdaohf.com\/product\/double-head-nail\/#breadcrumb\",\"itemListElement\":[{\"@type\":\"ListItem\",\"position\":1,\"name\":\"Home\",\"item\":\"https:\/\/qingdaohf.com\/\"},{\"@type\":\"ListItem\",\"position\":2,\"name\":\"Concrete Forming Accessories and Rigging Hardware\",\"item\":\"https:\/\/qingdaohf.com\/bg\/?page_id=944\"},{\"@type\":\"ListItem\",\"position\":3,\"name\":\"Concrete Forming Accessories Double Head Nail\"}]},{\"@type\":\"WebSite\",\"@id\":\"https:\/\/qingdaohf.com\/bg\/#website\",\"url\":\"https:\/\/qingdaohf.com\/bg\/\",\"name\":\"Concrete Form & Rigging Hardware Supplier\",\"description\":\"\",\"publisher\":{\"@id\":\"https:\/\/qingdaohf.com\/bg\/#organization\"},\"potentialAction\":[{\"@type\":\"SearchAction\",\"target\":{\"@type\":\"EntryPoint\",\"urlTemplate\":\"https:\/\/qingdaohf.com\/bg\/?s={search_term_string}\"},\"query-input\":{\"@type\":\"PropertyValueSpecification\",\"valueRequired\":true,\"valueName\":\"search_term_string\"}}],\"inLanguage\":\"cs\"},{\"@type\":\"Organization\",\"@id\":\"https:\/\/qingdaohf.com\/bg\/#organization\",\"name\":\"Qingdao H&F\",\"url\":\"https:\/\/qingdaohf.com\/bg\/\",\"logo\":{\"@type\":\"ImageObject\",\"inLanguage\":\"cs\",\"@id\":\"https:\/\/qingdaohf.com\/bg\/#\/schema\/logo\/image\/\",\"url\":\"https:\/\/qingdaohf.com\/wp-content\/uploads\/2022\/12\/cropped-HF-LOGO.png\",\"contentUrl\":\"https:\/\/qingdaohf.com\/wp-content\/uploads\/2022\/12\/cropped-HF-LOGO.png\",\"width\":391,\"height\":249,\"caption\":\"Qingdao H&F\"},\"image\":{\"@id\":\"https:\/\/qingdaohf.com\/bg\/#\/schema\/logo\/image\/\"},\"sameAs\":[\"https:\/\/www.facebook.com\/qingdaohf\"]}]}<\/script>\n<!-- \/ Yoast SEO plugin. -->","yoast_head_json":{"title":"Concrete Forming Accessories Double Head Nail","description":"The double head nail is a type of fastener commonly used in concrete forming applications. As the name suggests, it features two heads, one at each end of the nail, which makes it easier to remove from the formwork once the concrete has set.","robots":{"index":"index","follow":"follow","max-snippet":"max-snippet:-1","max-image-preview":"max-image-preview:large","max-video-preview":"max-video-preview:-1"},"canonical":"https:\/\/qingdaohf.com\/cs\/produkt\/hrebik-s-dvojitou-hlavou\/","og_locale":"cs_CZ","og_type":"article","og_title":"Concrete Forming Accessories Double Head Nail","og_description":"The double head nail is a type of fastener commonly used in concrete forming applications. As the name suggests, it features two heads, one at each end of the nail, which makes it easier to remove from the formwork once the concrete has set.","og_url":"https:\/\/qingdaohf.com\/cs\/produkt\/hrebik-s-dvojitou-hlavou\/","og_site_name":"Concrete Form &amp; Rigging Hardware Supplier","article_publisher":"https:\/\/www.facebook.com\/qingdaohf","article_modified_time":"2025-11-13T01:05:31+00:00","og_image":[{"width":1000,"height":1000,"url":"https:\/\/qingdaohf.com\/wp-content\/uploads\/2023\/03\/double-head-nail-6.jpg","type":"image\/jpeg"}],"twitter_card":"summary_large_image","twitter_misc":{"Odhadovan\u00e1 doba \u010dten\u00ed":"1 minuta"},"schema":{"@context":"https:\/\/schema.org","@graph":[{"@type":"WebPage","@id":"https:\/\/qingdaohf.com\/product\/double-head-nail\/","url":"https:\/\/qingdaohf.com\/product\/double-head-nail\/","name":"Concrete Forming Accessories Double Head Nail","isPartOf":{"@id":"https:\/\/qingdaohf.com\/bg\/#website"},"primaryImageOfPage":{"@id":"https:\/\/qingdaohf.com\/product\/double-head-nail\/#primaryimage"},"image":{"@id":"https:\/\/qingdaohf.com\/product\/double-head-nail\/#primaryimage"},"thumbnailUrl":"https:\/\/qingdaohf.com\/wp-content\/uploads\/2023\/03\/double-head-nail-6.jpg","datePublished":"2023-03-14T09:58:06+00:00","dateModified":"2025-11-13T01:05:31+00:00","description":"The double head nail is a type of fastener commonly used in concrete forming applications. As the name suggests, it features two heads, one at each end of the nail, which makes it easier to remove from the formwork once the concrete has set.","breadcrumb":{"@id":"https:\/\/qingdaohf.com\/product\/double-head-nail\/#breadcrumb"},"inLanguage":"cs","potentialAction":[{"@type":"ReadAction","target":["https:\/\/qingdaohf.com\/product\/double-head-nail\/"]}]},{"@type":"ImageObject","inLanguage":"cs","@id":"https:\/\/qingdaohf.com\/product\/double-head-nail\/#primaryimage","url":"https:\/\/qingdaohf.com\/wp-content\/uploads\/2023\/03\/double-head-nail-6.jpg","contentUrl":"https:\/\/qingdaohf.com\/wp-content\/uploads\/2023\/03\/double-head-nail-6.jpg","width":1000,"height":1000,"caption":"double head nail"},{"@type":"BreadcrumbList","@id":"https:\/\/qingdaohf.com\/product\/double-head-nail\/#breadcrumb","itemListElement":[{"@type":"ListItem","position":1,"name":"Home","item":"https:\/\/qingdaohf.com\/"},{"@type":"ListItem","position":2,"name":"Concrete Forming Accessories and Rigging Hardware","item":"https:\/\/qingdaohf.com\/bg\/?page_id=944"},{"@type":"ListItem","position":3,"name":"Concrete Forming Accessories Double Head Nail"}]},{"@type":"WebSite","@id":"https:\/\/qingdaohf.com\/bg\/#website","url":"https:\/\/qingdaohf.com\/bg\/","name":"Concrete Form & Rigging Hardware Supplier","description":"","publisher":{"@id":"https:\/\/qingdaohf.com\/bg\/#organization"},"potentialAction":[{"@type":"SearchAction","target":{"@type":"EntryPoint","urlTemplate":"https:\/\/qingdaohf.com\/bg\/?s={search_term_string}"},"query-input":{"@type":"PropertyValueSpecification","valueRequired":true,"valueName":"search_term_string"}}],"inLanguage":"cs"},{"@type":"Organization","@id":"https:\/\/qingdaohf.com\/bg\/#organization","name":"Qingdao H&F","url":"https:\/\/qingdaohf.com\/bg\/","logo":{"@type":"ImageObject","inLanguage":"cs","@id":"https:\/\/qingdaohf.com\/bg\/#\/schema\/logo\/image\/","url":"https:\/\/qingdaohf.com\/wp-content\/uploads\/2022\/12\/cropped-HF-LOGO.png","contentUrl":"https:\/\/qingdaohf.com\/wp-content\/uploads\/2022\/12\/cropped-HF-LOGO.png","width":391,"height":249,"caption":"Qingdao H&F"},"image":{"@id":"https:\/\/qingdaohf.com\/bg\/#\/schema\/logo\/image\/"},"sameAs":["https:\/\/www.facebook.com\/qingdaohf"]}]}},"_links":{"self":[{"href":"https:\/\/qingdaohf.com\/cs\/wp-json\/wp\/v2\/product\/2886","targetHints":{"allow":["GET"]}}],"collection":[{"href":"https:\/\/qingdaohf.com\/cs\/wp-json\/wp\/v2\/product"}],"about":[{"href":"https:\/\/qingdaohf.com\/cs\/wp-json\/wp\/v2\/types\/product"}],"replies":[{"embeddable":true,"href":"https:\/\/qingdaohf.com\/cs\/wp-json\/wp\/v2\/comments?post=2886"}],"version-history":[{"count":1,"href":"https:\/\/qingdaohf.com\/cs\/wp-json\/wp\/v2\/product\/2886\/revisions"}],"predecessor-version":[{"id":10437,"href":"https:\/\/qingdaohf.com\/cs\/wp-json\/wp\/v2\/product\/2886\/revisions\/10437"}],"wp:featuredmedia":[{"embeddable":true,"href":"https:\/\/qingdaohf.com\/cs\/wp-json\/wp\/v2\/media\/2892"}],"wp:attachment":[{"href":"https:\/\/qingdaohf.com\/cs\/wp-json\/wp\/v2\/media?parent=2886"}],"wp:term":[{"taxonomy":"product_brand","embeddable":true,"href":"https:\/\/qingdaohf.com\/cs\/wp-json\/wp\/v2\/product_brand?post=2886"},{"taxonomy":"product_cat","embeddable":true,"href":"https:\/\/qingdaohf.com\/cs\/wp-json\/wp\/v2\/product_cat?post=2886"},{"taxonomy":"product_tag","embeddable":true,"href":"https:\/\/qingdaohf.com\/cs\/wp-json\/wp\/v2\/product_tag?post=2886"}],"curies":[{"name":"wp","href":"https:\/\/api.w.org\/{rel}","templated":true}]}}