{"id":3304,"date":"2023-04-07T19:18:06","date_gmt":"2023-04-07T11:18:06","guid":{"rendered":"http:\/\/qingdaohf.com\/?post_type=product&#038;p=3304"},"modified":"2025-11-13T09:05:30","modified_gmt":"2025-11-13T01:05:30","slug":"fixing-sockets","status":"publish","type":"product","link":"https:\/\/qingdaohf.com\/cs\/produkt\/upevneni-zasuvek\/","title":{"rendered":"Upev\u0148ovac\u00ed z\u00e1suvky s k\u0159\u00ed\u017eov\u00fdm kol\u00edkem | Ohnut\u00fd ocas | Vlnit\u00fd ocas"},"content":{"rendered":"<h2>Upev\u0148ovac\u00ed z\u00e1suvky s k\u0159\u00ed\u017eov\u00fdm kol\u00edkem<\/h2>\n<p>Upevn\u011bn\u00ed z\u00e1suvek pomoc\u00ed k\u0159\u00ed\u017eov\u00fdch kol\u00edk\u016f je zp\u016fsob spojen\u00ed dvou d\u00edl\u016f nebo sou\u010d\u00e1st\u00ed. Pou\u017e\u00edv\u00e1 se p\u0159i n\u00ed z\u00e1suvka, co\u017e je dut\u00fd v\u00e1lec s otvorem uprost\u0159ed, a k\u0159\u00ed\u017eov\u00fd kol\u00edk, co\u017e je v\u00e1lcov\u00fd kol\u00edk se \u010dty\u0159mi rameny vych\u00e1zej\u00edc\u00edmi ze st\u0159edu. K\u0159\u00ed\u017eov\u00fd kol\u00edk se vlo\u017e\u00ed do otvoru v z\u00e1suvce a ramena kol\u00edku se zarovnaj\u00ed s odpov\u00eddaj\u00edc\u00edmi otvory v sou\u010d\u00e1stech, kter\u00e9 maj\u00ed b\u00fdt spojeny.<\/p>\n<p>Jakmile je k\u0159\u00ed\u017eov\u00fd kol\u00edk na m\u00edst\u011b, zajist\u00ed se pomoc\u00ed upev\u0148ovac\u00edho prvku, nap\u0159\u00edklad matice nebo z\u00e1vla\u010dky. T\u00edm se vytvo\u0159\u00ed pevn\u00e9 a spolehliv\u00e9 spojen\u00ed mezi ob\u011bma sou\u010d\u00e1stmi a umo\u017en\u00ed se snadn\u00e1 demont\u00e1\u017e a op\u011btovn\u00e1 mont\u00e1\u017e v p\u0159\u00edpad\u011b pot\u0159eby.<\/p>\n<p>Upev\u0148ovac\u00ed z\u00e1suvky s k\u0159\u00ed\u017eov\u00fdmi kol\u00edky se b\u011b\u017en\u011b pou\u017e\u00edvaj\u00ed ve stroj\u00edrenstv\u00ed, automobilov\u00e9m pr\u016fmyslu, p\u0159i mont\u00e1\u017ei n\u00e1bytku a v dal\u0161\u00edch odv\u011btv\u00edch, kde je vy\u017eadov\u00e1no bezpe\u010dn\u00e9 a snadno rozeb\u00edrateln\u00e9 spojen\u00ed.<\/p>\n<p><img fetchpriority=\"high\" decoding=\"async\" class=\"alignnone size-full wp-image-3309\" src=\"http:\/\/qingdaohf.com\/wp-content\/uploads\/2023\/04\/53-2.jpg\" alt=\"\" width=\"1200\" height=\"380\" srcset=\"https:\/\/qingdaohf.com\/wp-content\/uploads\/2023\/04\/53-2.jpg 1200w, https:\/\/qingdaohf.com\/wp-content\/uploads\/2023\/04\/53-2-300x95.jpg 300w, https:\/\/qingdaohf.com\/wp-content\/uploads\/2023\/04\/53-2-1024x324.jpg 1024w, https:\/\/qingdaohf.com\/wp-content\/uploads\/2023\/04\/53-2-768x243.jpg 768w, https:\/\/qingdaohf.com\/wp-content\/uploads\/2023\/04\/53-2-1000x317.jpg 1000w\" sizes=\"(max-width: 1200px) 100vw, 1200px\" \/><\/p>\n<h2>Upev\u0148ovac\u00ed z\u00e1suvky s ohnut\u00fdm koncem<\/h2>\n<p>Z\u00e1suvky s ohnut\u00fdmi koncovkami jsou z\u00e1suvky, kter\u00e9 byly po\u0161kozeny v d\u016fsledku p\u016fsoben\u00ed nadm\u011brn\u00e9 s\u00edly nebo tlaku, co\u017e zp\u016fsobilo ohnut\u00ed nebo nespr\u00e1vn\u00e9 nastaven\u00ed koncovky nebo d\u0159\u00edku z\u00e1suvky. To m\u016f\u017ee zp\u016fsobit probl\u00e9my se spojen\u00edm mezi z\u00e1suvkou a elektrickou z\u00e1suvkou, co\u017e m\u00e1 za n\u00e1sledek \u0161patnou konektivitu, jisk\u0159en\u00ed, a dokonce i riziko po\u017e\u00e1ru elektrick\u00e9ho proudu.<\/p>\n<p>Oprava z\u00e1suvek s ohnut\u00fdmi koncovkami je b\u011b\u017enou opravou elektroinstalace, kter\u00e1 vy\u017eaduje z\u00e1kladn\u00ed znalosti elektroinstalace a bezpe\u010dnostn\u00edch postup\u016f. Pokud si nejste jisti sv\u00fdmi schopnostmi opravit po\u0161kozenou z\u00e1suvku, je nejlep\u0161\u00ed najmout si elektrik\u00e1\u0159e s licenc\u00ed, kter\u00fd pr\u00e1ci provede za v\u00e1s.<\/p>\n<p>Pokud se v\u0161ak na tento \u00fakol chyst\u00e1te, oprava z\u00e1suvky s ohnut\u00fdm koncem zahrnuje n\u011bkolik krok\u016f, v\u010detn\u011b vypnut\u00ed nap\u00e1jen\u00ed z\u00e1suvky, vyjmut\u00ed po\u0161kozen\u00e9 z\u00e1suvky, jej\u00edho nahrazen\u00ed novou z\u00e1suvkou a otestov\u00e1n\u00ed spr\u00e1vn\u00e9 funkce p\u0159ipojen\u00ed. Dodr\u017een\u00edm spr\u00e1vn\u00fdch postup\u016f a bezpe\u010dnostn\u00edch opat\u0159en\u00ed m\u016f\u017eete po\u0161kozenou z\u00e1suvku opravit a zajistit bezpe\u010dnost sv\u00e9ho elektrick\u00e9ho syst\u00e9mu.<\/p>\n<p><img decoding=\"async\" class=\"alignnone size-full wp-image-3310\" src=\"http:\/\/qingdaohf.com\/wp-content\/uploads\/2023\/04\/53-3.jpg\" alt=\"Upev\u0148ovac\u00ed z\u00e1suvka\" width=\"1200\" height=\"436\" srcset=\"https:\/\/qingdaohf.com\/wp-content\/uploads\/2023\/04\/53-3.jpg 1200w, https:\/\/qingdaohf.com\/wp-content\/uploads\/2023\/04\/53-3-300x109.jpg 300w, https:\/\/qingdaohf.com\/wp-content\/uploads\/2023\/04\/53-3-1024x372.jpg 1024w, https:\/\/qingdaohf.com\/wp-content\/uploads\/2023\/04\/53-3-768x279.jpg 768w, https:\/\/qingdaohf.com\/wp-content\/uploads\/2023\/04\/53-3-1000x363.jpg 1000w\" sizes=\"(max-width: 1200px) 100vw, 1200px\" \/><\/p>\n<h2>Upev\u0148ovac\u00ed z\u00e1suvky se zvln\u011bn\u00fdm koncem<\/h2>\n<p>Upev\u0148ovac\u00ed z\u00e1suvky se zvln\u011bn\u00fdm ocasem jsou typem p\u0159\u00edslu\u0161enstv\u00ed pro betonov\u00e1n\u00ed, kter\u00e9 se pou\u017e\u00edv\u00e1 ve stavebnictv\u00ed. Obvykle jsou vyrobeny z oceli a pou\u017e\u00edvaj\u00ed se k upevn\u011bn\u00ed bednic\u00edch panel\u016f nebo jin\u00fdch beton\u00e1\u0159sk\u00fdch materi\u00e1l\u016f na m\u00edst\u011b b\u011bhem lit\u00ed a tuhnut\u00ed betonu.<\/p>\n<p>Vlnit\u00e1 konstrukce t\u011bchto upev\u0148ovac\u00edch z\u00e1suvek umo\u017e\u0148uje snadn\u00e9 upevn\u011bn\u00ed a demont\u00e1\u017e bednic\u00edch desek bez nutnosti pou\u017eit\u00ed dal\u0161\u00edch n\u00e1stroj\u016f nebo kov\u00e1n\u00ed. D\u00edky t\u00e9to vlastnosti jsou obzvl\u00e1\u0161t\u011b u\u017eite\u010dn\u00e9 pro projekty, kde je d\u016fle\u017eit\u00fdm faktorem \u010das a efektivita.<\/p>\n<p>Upev\u0148ovac\u00ed z\u00e1suvky se zvln\u011bn\u00fdm koncem jsou k dispozici v r\u016fzn\u00fdch velikostech a lze je pou\u017e\u00edt s r\u016fzn\u00fdmi typy bednic\u00edch syst\u00e9m\u016f, v\u010detn\u011b p\u0159ekli\u017ekov\u00fdch, ocelov\u00fdch a hlin\u00edkov\u00fdch bedn\u011bn\u00ed. Jsou navr\u017eeny tak, aby zaji\u0161\u0165ovaly bezpe\u010dn\u00e9 a stabiln\u00ed spojen\u00ed mezi bedn\u011bn\u00edm a betonovou konstrukc\u00ed a zajistily, \u017ee kone\u010dn\u00fd v\u00fdrobek bude pevn\u00fd, odoln\u00fd a bude spl\u0148ovat v\u0161echny pot\u0159ebn\u00e9 bezpe\u010dnostn\u00ed normy.<\/p>\n<p><img decoding=\"async\" class=\"alignnone wp-image-3330 size-full\" src=\"http:\/\/qingdaohf.com\/wp-content\/uploads\/2023\/04\/54-1-1-e1681089645147.jpg\" alt=\"TAB\" width=\"1200\" height=\"432\" srcset=\"https:\/\/qingdaohf.com\/wp-content\/uploads\/2023\/04\/54-1-1-e1681089645147.jpg 1200w, https:\/\/qingdaohf.com\/wp-content\/uploads\/2023\/04\/54-1-1-e1681089645147-300x108.jpg 300w, https:\/\/qingdaohf.com\/wp-content\/uploads\/2023\/04\/54-1-1-e1681089645147-1024x369.jpg 1024w, https:\/\/qingdaohf.com\/wp-content\/uploads\/2023\/04\/54-1-1-e1681089645147-768x276.jpg 768w, https:\/\/qingdaohf.com\/wp-content\/uploads\/2023\/04\/54-1-1-e1681089645147-1000x360.jpg 1000w\" sizes=\"(max-width: 1200px) 100vw, 1200px\" \/><\/p>\n<h2 class=\"product_title entry-title elementor-heading-title elementor-size-default\">Upev\u0148ovac\u00ed hmo\u017edinky:<\/h2>\n<p class=\"product_title entry-title elementor-heading-title elementor-size-default\"><a href=\"https:\/\/qingdaohf.com\/cs\/produkt\/upevnovaci-hmozdinky\/\">Kliknut\u00edm sem si m\u016f\u017eete prohl\u00e9dnout podrobnosti o upev\u0148ovac\u00ed hmo\u017edince.Upev\u0148ovac\u00ed hmo\u017edinka pro hmo\u017edinky<\/a><\/p>\n<p><img loading=\"lazy\" decoding=\"async\" class=\"alignnone wp-image-3303 size-full\" src=\"http:\/\/qingdaohf.com\/wp-content\/uploads\/2023\/03\/\u672a\u6807\u9898-1-1.jpg\" alt=\"karta\" width=\"1200\" height=\"553\" srcset=\"https:\/\/qingdaohf.com\/wp-content\/uploads\/2023\/03\/\u672a\u6807\u9898-1-1.jpg 1200w, https:\/\/qingdaohf.com\/wp-content\/uploads\/2023\/03\/\u672a\u6807\u9898-1-1-300x138.jpg 300w, https:\/\/qingdaohf.com\/wp-content\/uploads\/2023\/03\/\u672a\u6807\u9898-1-1-1024x472.jpg 1024w, https:\/\/qingdaohf.com\/wp-content\/uploads\/2023\/03\/\u672a\u6807\u9898-1-1-768x354.jpg 768w, https:\/\/qingdaohf.com\/wp-content\/uploads\/2023\/03\/\u672a\u6807\u9898-1-1-1000x461.jpg 1000w\" sizes=\"(max-width: 1200px) 100vw, 1200px\" \/><\/p>","protected":false},"excerpt":{"rendered":"<p>Beton\u00e1\u0159sk\u00e9 upev\u0148ovac\u00ed z\u00e1suvky jsou typem stavebn\u00edho p\u0159\u00edslu\u0161enstv\u00ed pou\u017e\u00edvan\u00e9ho v procesu betonov\u00e1n\u00ed. Obvykle jsou vyrobeny z oceli a pou\u017e\u00edvaj\u00ed se k upevn\u011bn\u00ed bednic\u00edch desek nebo jin\u00fdch bednic\u00edch materi\u00e1l\u016f na m\u00edst\u011b b\u011bhem lit\u00ed a tuhnut\u00ed betonu.<\/p>","protected":false},"featured_media":3305,"comment_status":"open","ping_status":"closed","template":"","meta":{"site-sidebar-layout":"default","site-content-layout":"default","ast-site-content-layout":"default","site-content-style":"default","site-sidebar-style":"default","ast-global-header-display":"","ast-banner-title-visibility":"","ast-main-header-display":"","ast-hfb-above-header-display":"","ast-hfb-below-header-display":"","ast-hfb-mobile-header-display":"","site-post-title":"","ast-breadcrumbs-content":"","ast-featured-img":"","footer-sml-layout":"","theme-transparent-header-meta":"default","adv-header-id-meta":"","stick-header-meta":"default","header-above-stick-meta":"","header-main-stick-meta":"","header-below-stick-meta":"","astra-migrate-meta-layouts":"set","ast-page-background-enabled":"default","ast-page-background-meta":{"desktop":{"background-color":"","background-image":"","background-repeat":"repeat","background-position":"center center","background-size":"auto","background-attachment":"scroll","background-type":"","background-media":"","overlay-type":"","overlay-color":"","overlay-opacity":"","overlay-gradient":""},"tablet":{"background-color":"","background-image":"","background-repeat":"repeat","background-position":"center center","background-size":"auto","background-attachment":"scroll","background-type":"","background-media":"","overlay-type":"","overlay-color":"","overlay-opacity":"","overlay-gradient":""},"mobile":{"background-color":"","background-image":"","background-repeat":"repeat","background-position":"center center","background-size":"auto","background-attachment":"scroll","background-type":"","background-media":"","overlay-type":"","overlay-color":"","overlay-opacity":"","overlay-gradient":""}},"ast-content-background-meta":{"desktop":{"background-color":"var(--ast-global-color-5)","background-image":"","background-repeat":"repeat","background-position":"center center","background-size":"auto","background-attachment":"scroll","background-type":"","background-media":"","overlay-type":"","overlay-color":"","overlay-opacity":"","overlay-gradient":""},"tablet":{"background-color":"var(--ast-global-color-5)","background-image":"","background-repeat":"repeat","background-position":"center center","background-size":"auto","background-attachment":"scroll","background-type":"","background-media":"","overlay-type":"","overlay-color":"","overlay-opacity":"","overlay-gradient":""},"mobile":{"background-color":"var(--ast-global-color-5)","background-image":"","background-repeat":"repeat","background-position":"center center","background-size":"auto","background-attachment":"scroll","background-type":"","background-media":"","overlay-type":"","overlay-color":"","overlay-opacity":"","overlay-gradient":""}}},"product_brand":[],"product_cat":[28],"product_tag":[],"class_list":{"0":"post-3304","1":"product","2":"type-product","3":"status-publish","4":"has-post-thumbnail","6":"product_cat-concrete-forming","7":"desktop-align-left","8":"tablet-align-left","9":"mobile-align-left","10":"ast-product-gallery-layout-horizontal-slider","11":"ast-product-tabs-layout-horizontal","13":"first","14":"instock","15":"shipping-taxable","16":"purchasable","17":"product-type-simple"},"yoast_head":"<!-- This site is optimized with the Yoast SEO plugin v25.2 - https:\/\/yoast.com\/wordpress\/plugins\/seo\/ -->\n<title>Fixing Sockets with Cross Pin | Bent Tail | Wavy Tail<\/title>\n<meta name=\"description\" content=\"Fixing Sockets with Cross Pin\/Bent Tail\/Wavy TailConcrete forming fixing sockets are a type of construction accessory used in the concrete forming process. They are typically made of steel and used to secure formwork panels or other forming materials in place during the pouring and setting of concrete.\" \/>\n<meta name=\"robots\" content=\"index, follow, max-snippet:-1, max-image-preview:large, max-video-preview:-1\" \/>\n<link rel=\"canonical\" href=\"https:\/\/qingdaohf.com\/cs\/produkt\/upevneni-zasuvek\/\" \/>\n<meta property=\"og:locale\" content=\"cs_CZ\" \/>\n<meta property=\"og:type\" content=\"article\" \/>\n<meta property=\"og:title\" content=\"Fixing Sockets with Cross Pin | Bent Tail | Wavy Tail\" \/>\n<meta property=\"og:description\" content=\"Fixing Sockets with Cross Pin\/Bent Tail\/Wavy TailConcrete forming fixing sockets are a type of construction accessory used in the concrete forming process. They are typically made of steel and used to secure formwork panels or other forming materials in place during the pouring and setting of concrete.\" \/>\n<meta property=\"og:url\" content=\"https:\/\/qingdaohf.com\/cs\/produkt\/upevneni-zasuvek\/\" \/>\n<meta property=\"og:site_name\" content=\"Concrete Form &amp; Rigging Hardware Supplier\" \/>\n<meta property=\"article:publisher\" content=\"https:\/\/www.facebook.com\/qingdaohf\" \/>\n<meta property=\"article:modified_time\" content=\"2025-11-13T01:05:30+00:00\" \/>\n<meta property=\"og:image\" content=\"https:\/\/qingdaohf.com\/wp-content\/uploads\/2023\/04\/Fixing-Socket-2.jpg\" \/>\n\t<meta property=\"og:image:width\" content=\"1000\" \/>\n\t<meta property=\"og:image:height\" content=\"1000\" \/>\n\t<meta property=\"og:image:type\" content=\"image\/jpeg\" \/>\n<meta name=\"twitter:card\" content=\"summary_large_image\" \/>\n<meta name=\"twitter:label1\" content=\"Odhadovan\u00e1 doba \u010dten\u00ed\" \/>\n\t<meta name=\"twitter:data1\" content=\"4 minuty\" \/>\n<script type=\"application\/ld+json\" class=\"yoast-schema-graph\">{\"@context\":\"https:\/\/schema.org\",\"@graph\":[{\"@type\":\"WebPage\",\"@id\":\"https:\/\/qingdaohf.com\/product\/fixing-sockets\/\",\"url\":\"https:\/\/qingdaohf.com\/product\/fixing-sockets\/\",\"name\":\"Fixing Sockets with Cross Pin | Bent Tail | Wavy Tail\",\"isPartOf\":{\"@id\":\"https:\/\/qingdaohf.com\/bg\/#website\"},\"primaryImageOfPage\":{\"@id\":\"https:\/\/qingdaohf.com\/product\/fixing-sockets\/#primaryimage\"},\"image\":{\"@id\":\"https:\/\/qingdaohf.com\/product\/fixing-sockets\/#primaryimage\"},\"thumbnailUrl\":\"https:\/\/qingdaohf.com\/wp-content\/uploads\/2023\/04\/Fixing-Socket-2.jpg\",\"datePublished\":\"2023-04-07T11:18:06+00:00\",\"dateModified\":\"2025-11-13T01:05:30+00:00\",\"description\":\"Fixing Sockets with Cross Pin\/Bent Tail\/Wavy TailConcrete forming fixing sockets are a type of construction accessory used in the concrete forming process. They are typically made of steel and used to secure formwork panels or other forming materials in place during the pouring and setting of concrete.\",\"breadcrumb\":{\"@id\":\"https:\/\/qingdaohf.com\/product\/fixing-sockets\/#breadcrumb\"},\"inLanguage\":\"cs\",\"potentialAction\":[{\"@type\":\"ReadAction\",\"target\":[\"https:\/\/qingdaohf.com\/product\/fixing-sockets\/\"]}]},{\"@type\":\"ImageObject\",\"inLanguage\":\"cs\",\"@id\":\"https:\/\/qingdaohf.com\/product\/fixing-sockets\/#primaryimage\",\"url\":\"https:\/\/qingdaohf.com\/wp-content\/uploads\/2023\/04\/Fixing-Socket-2.jpg\",\"contentUrl\":\"https:\/\/qingdaohf.com\/wp-content\/uploads\/2023\/04\/Fixing-Socket-2.jpg\",\"width\":1000,\"height\":1000,\"caption\":\"Fixing Socket\"},{\"@type\":\"BreadcrumbList\",\"@id\":\"https:\/\/qingdaohf.com\/product\/fixing-sockets\/#breadcrumb\",\"itemListElement\":[{\"@type\":\"ListItem\",\"position\":1,\"name\":\"Home\",\"item\":\"https:\/\/qingdaohf.com\/\"},{\"@type\":\"ListItem\",\"position\":2,\"name\":\"Concrete Forming Accessories and Rigging Hardware\",\"item\":\"https:\/\/qingdaohf.com\/bg\/?page_id=944\"},{\"@type\":\"ListItem\",\"position\":3,\"name\":\"Fixing Sockets with Cross Pin | Bent Tail | Wavy Tail\"}]},{\"@type\":\"WebSite\",\"@id\":\"https:\/\/qingdaohf.com\/bg\/#website\",\"url\":\"https:\/\/qingdaohf.com\/bg\/\",\"name\":\"Concrete Form & Rigging Hardware Supplier\",\"description\":\"\",\"publisher\":{\"@id\":\"https:\/\/qingdaohf.com\/bg\/#organization\"},\"potentialAction\":[{\"@type\":\"SearchAction\",\"target\":{\"@type\":\"EntryPoint\",\"urlTemplate\":\"https:\/\/qingdaohf.com\/bg\/?s={search_term_string}\"},\"query-input\":{\"@type\":\"PropertyValueSpecification\",\"valueRequired\":true,\"valueName\":\"search_term_string\"}}],\"inLanguage\":\"cs\"},{\"@type\":\"Organization\",\"@id\":\"https:\/\/qingdaohf.com\/bg\/#organization\",\"name\":\"Qingdao H&F\",\"url\":\"https:\/\/qingdaohf.com\/bg\/\",\"logo\":{\"@type\":\"ImageObject\",\"inLanguage\":\"cs\",\"@id\":\"https:\/\/qingdaohf.com\/bg\/#\/schema\/logo\/image\/\",\"url\":\"https:\/\/qingdaohf.com\/wp-content\/uploads\/2022\/12\/cropped-HF-LOGO.png\",\"contentUrl\":\"https:\/\/qingdaohf.com\/wp-content\/uploads\/2022\/12\/cropped-HF-LOGO.png\",\"width\":391,\"height\":249,\"caption\":\"Qingdao H&F\"},\"image\":{\"@id\":\"https:\/\/qingdaohf.com\/bg\/#\/schema\/logo\/image\/\"},\"sameAs\":[\"https:\/\/www.facebook.com\/qingdaohf\"]}]}<\/script>\n<!-- \/ Yoast SEO plugin. -->","yoast_head_json":{"title":"Fixing Sockets with Cross Pin | Bent Tail | Wavy Tail","description":"Fixing Sockets with Cross Pin\/Bent Tail\/Wavy TailConcrete forming fixing sockets are a type of construction accessory used in the concrete forming process. They are typically made of steel and used to secure formwork panels or other forming materials in place during the pouring and setting of concrete.","robots":{"index":"index","follow":"follow","max-snippet":"max-snippet:-1","max-image-preview":"max-image-preview:large","max-video-preview":"max-video-preview:-1"},"canonical":"https:\/\/qingdaohf.com\/cs\/produkt\/upevneni-zasuvek\/","og_locale":"cs_CZ","og_type":"article","og_title":"Fixing Sockets with Cross Pin | Bent Tail | Wavy Tail","og_description":"Fixing Sockets with Cross Pin\/Bent Tail\/Wavy TailConcrete forming fixing sockets are a type of construction accessory used in the concrete forming process. They are typically made of steel and used to secure formwork panels or other forming materials in place during the pouring and setting of concrete.","og_url":"https:\/\/qingdaohf.com\/cs\/produkt\/upevneni-zasuvek\/","og_site_name":"Concrete Form &amp; Rigging Hardware Supplier","article_publisher":"https:\/\/www.facebook.com\/qingdaohf","article_modified_time":"2025-11-13T01:05:30+00:00","og_image":[{"width":1000,"height":1000,"url":"https:\/\/qingdaohf.com\/wp-content\/uploads\/2023\/04\/Fixing-Socket-2.jpg","type":"image\/jpeg"}],"twitter_card":"summary_large_image","twitter_misc":{"Odhadovan\u00e1 doba \u010dten\u00ed":"4 minuty"},"schema":{"@context":"https:\/\/schema.org","@graph":[{"@type":"WebPage","@id":"https:\/\/qingdaohf.com\/product\/fixing-sockets\/","url":"https:\/\/qingdaohf.com\/product\/fixing-sockets\/","name":"Fixing Sockets with Cross Pin | Bent Tail | Wavy Tail","isPartOf":{"@id":"https:\/\/qingdaohf.com\/bg\/#website"},"primaryImageOfPage":{"@id":"https:\/\/qingdaohf.com\/product\/fixing-sockets\/#primaryimage"},"image":{"@id":"https:\/\/qingdaohf.com\/product\/fixing-sockets\/#primaryimage"},"thumbnailUrl":"https:\/\/qingdaohf.com\/wp-content\/uploads\/2023\/04\/Fixing-Socket-2.jpg","datePublished":"2023-04-07T11:18:06+00:00","dateModified":"2025-11-13T01:05:30+00:00","description":"Fixing Sockets with Cross Pin\/Bent Tail\/Wavy TailConcrete forming fixing sockets are a type of construction accessory used in the concrete forming process. They are typically made of steel and used to secure formwork panels or other forming materials in place during the pouring and setting of concrete.","breadcrumb":{"@id":"https:\/\/qingdaohf.com\/product\/fixing-sockets\/#breadcrumb"},"inLanguage":"cs","potentialAction":[{"@type":"ReadAction","target":["https:\/\/qingdaohf.com\/product\/fixing-sockets\/"]}]},{"@type":"ImageObject","inLanguage":"cs","@id":"https:\/\/qingdaohf.com\/product\/fixing-sockets\/#primaryimage","url":"https:\/\/qingdaohf.com\/wp-content\/uploads\/2023\/04\/Fixing-Socket-2.jpg","contentUrl":"https:\/\/qingdaohf.com\/wp-content\/uploads\/2023\/04\/Fixing-Socket-2.jpg","width":1000,"height":1000,"caption":"Fixing Socket"},{"@type":"BreadcrumbList","@id":"https:\/\/qingdaohf.com\/product\/fixing-sockets\/#breadcrumb","itemListElement":[{"@type":"ListItem","position":1,"name":"Home","item":"https:\/\/qingdaohf.com\/"},{"@type":"ListItem","position":2,"name":"Concrete Forming Accessories and Rigging Hardware","item":"https:\/\/qingdaohf.com\/bg\/?page_id=944"},{"@type":"ListItem","position":3,"name":"Fixing Sockets with Cross Pin | Bent Tail | Wavy Tail"}]},{"@type":"WebSite","@id":"https:\/\/qingdaohf.com\/bg\/#website","url":"https:\/\/qingdaohf.com\/bg\/","name":"Concrete Form & Rigging Hardware Supplier","description":"","publisher":{"@id":"https:\/\/qingdaohf.com\/bg\/#organization"},"potentialAction":[{"@type":"SearchAction","target":{"@type":"EntryPoint","urlTemplate":"https:\/\/qingdaohf.com\/bg\/?s={search_term_string}"},"query-input":{"@type":"PropertyValueSpecification","valueRequired":true,"valueName":"search_term_string"}}],"inLanguage":"cs"},{"@type":"Organization","@id":"https:\/\/qingdaohf.com\/bg\/#organization","name":"Qingdao H&F","url":"https:\/\/qingdaohf.com\/bg\/","logo":{"@type":"ImageObject","inLanguage":"cs","@id":"https:\/\/qingdaohf.com\/bg\/#\/schema\/logo\/image\/","url":"https:\/\/qingdaohf.com\/wp-content\/uploads\/2022\/12\/cropped-HF-LOGO.png","contentUrl":"https:\/\/qingdaohf.com\/wp-content\/uploads\/2022\/12\/cropped-HF-LOGO.png","width":391,"height":249,"caption":"Qingdao H&F"},"image":{"@id":"https:\/\/qingdaohf.com\/bg\/#\/schema\/logo\/image\/"},"sameAs":["https:\/\/www.facebook.com\/qingdaohf"]}]}},"_links":{"self":[{"href":"https:\/\/qingdaohf.com\/cs\/wp-json\/wp\/v2\/product\/3304","targetHints":{"allow":["GET"]}}],"collection":[{"href":"https:\/\/qingdaohf.com\/cs\/wp-json\/wp\/v2\/product"}],"about":[{"href":"https:\/\/qingdaohf.com\/cs\/wp-json\/wp\/v2\/types\/product"}],"replies":[{"embeddable":true,"href":"https:\/\/qingdaohf.com\/cs\/wp-json\/wp\/v2\/comments?post=3304"}],"version-history":[{"count":2,"href":"https:\/\/qingdaohf.com\/cs\/wp-json\/wp\/v2\/product\/3304\/revisions"}],"predecessor-version":[{"id":7185,"href":"https:\/\/qingdaohf.com\/cs\/wp-json\/wp\/v2\/product\/3304\/revisions\/7185"}],"wp:featuredmedia":[{"embeddable":true,"href":"https:\/\/qingdaohf.com\/cs\/wp-json\/wp\/v2\/media\/3305"}],"wp:attachment":[{"href":"https:\/\/qingdaohf.com\/cs\/wp-json\/wp\/v2\/media?parent=3304"}],"wp:term":[{"taxonomy":"product_brand","embeddable":true,"href":"https:\/\/qingdaohf.com\/cs\/wp-json\/wp\/v2\/product_brand?post=3304"},{"taxonomy":"product_cat","embeddable":true,"href":"https:\/\/qingdaohf.com\/cs\/wp-json\/wp\/v2\/product_cat?post=3304"},{"taxonomy":"product_tag","embeddable":true,"href":"https:\/\/qingdaohf.com\/cs\/wp-json\/wp\/v2\/product_tag?post=3304"}],"curies":[{"name":"wp","href":"https:\/\/api.w.org\/{rel}","templated":true}]}}