{"id":3452,"date":"2023-04-10T16:31:20","date_gmt":"2023-04-10T08:31:20","guid":{"rendered":"http:\/\/qingdaohf.com\/?post_type=product&#038;p=3452"},"modified":"2025-11-13T09:05:14","modified_gmt":"2025-11-13T01:05:14","slug":"paper-strip-nail","status":"publish","type":"product","link":"https:\/\/qingdaohf.com\/cs\/produkt\/papirovy-prouzek-na-hrebik\/","title":{"rendered":"Pap\u00edrov\u00fd prou\u017eek na nehty Pap\u00edrov\u00e9 sb\u00edran\u00e9 nehty"},"content":{"rendered":"<p>Pap\u00edrov\u00e9 h\u0159eb\u00edky Superior Strip Nails: Na\u0161e pap\u00edrov\u00e9 h\u0159eb\u00edky jsou pe\u010dliv\u011b vyrobeny z prvot\u0159\u00eddn\u00edch materi\u00e1l\u016f, kter\u00e9 zaru\u010duj\u00ed mimo\u0159\u00e1dnou odolnost, pevnost a v\u00fdkon. Ka\u017ed\u00fd h\u0159eb\u00edk proch\u00e1z\u00ed p\u0159\u00edsnou kontrolou kvality a spl\u0148uje a p\u0159ekra\u010duje pr\u016fmyslov\u00e9 standardy spolehlivosti.<\/p>\n<p>V\u0161estrann\u00e9 pou\u017eit\u00ed: Na\u0161e h\u0159eb\u00edky s pap\u00edrov\u00fdmi p\u00e1sky jsou ide\u00e1ln\u00ed pro stavebnictv\u00ed, tesa\u0159stv\u00ed, d\u0159evozpracuj\u00edc\u00ed pr\u016fmysl a dal\u0161\u00ed odv\u011btv\u00ed. Nab\u00edzej\u00ed bezpe\u010dn\u00e9 a efektivn\u00ed \u0159e\u0161en\u00ed upevn\u011bn\u00ed pro \u0161irokou \u0161k\u00e1lu projekt\u016f.<\/p>\n<p>Personalizovan\u00fd z\u00e1kaznick\u00fd servis: V srdci na\u0161\u00ed \u010dinnosti je n\u00e1\u0161 z\u00e1vazek individu\u00e1ln\u00edho p\u0159\u00edstupu k z\u00e1kazn\u00edk\u016fm. N\u00e1\u0161 zku\u0161en\u00fd t\u00fdm \u00fazce spolupracuje s ka\u017ed\u00fdm z\u00e1kazn\u00edkem, rozum\u00ed jeho jedine\u010dn\u00fdm pot\u0159eb\u00e1m a doporu\u010duje mu nejvhodn\u011bj\u0161\u00ed h\u0159eb\u00edky Paper Strip pro jeho konkr\u00e9tn\u00ed pou\u017eit\u00ed.<\/p>\n<p>Bezkonkuren\u010dn\u00ed poprodejn\u00ed podpora: Na\u0161e odhodl\u00e1n\u00ed p\u0159esahuje r\u00e1mec m\u00edsta n\u00e1kupu. Jsme nesm\u00edrn\u011b hrd\u00ed na to, \u017ee m\u016f\u017eeme nab\u00eddnout komplexn\u00ed poprodejn\u00ed podporu, kter\u00e1 okam\u017eit\u011b \u0159e\u0161\u00ed ve\u0161ker\u00e9 dotazy a obavy, aby byla zaji\u0161t\u011bna va\u0161e maxim\u00e1ln\u00ed spokojenost.<\/p>\n<p>Zv\u00fd\u0161en\u00e9 ziskov\u00e9 mar\u017ee: P\u0159i dodr\u017eov\u00e1n\u00ed p\u0159\u00edsn\u00e9 kvality v\u00fdrobk\u016f ch\u00e1peme, \u017ee je d\u016fle\u017eit\u00e9 poskytovat na\u0161im v\u00e1\u017een\u00fdm z\u00e1kazn\u00edk\u016fm vy\u0161\u0161\u00ed ziskov\u00e9 mar\u017ee. Na\u0161e efektivn\u00ed v\u00fdrobn\u00ed procesy a strategick\u00e1 partnerstv\u00ed n\u00e1m umo\u017e\u0148uj\u00ed nab\u00edzet konkurenceschopn\u00e9 ceny, ani\u017e bychom museli slevovat z kvality.<\/p>\n<p>Dv\u011b desetilet\u00ed odbornosti: N\u00e1\u0161 t\u00fdm m\u00e1 20 let zku\u0161enost\u00ed v oboru mont\u00e1\u017en\u00edch za\u0159\u00edzen\u00ed a disponuje rozs\u00e1hl\u00fdmi znalostmi a zku\u0161enostmi. Z\u016fst\u00e1v\u00e1me v \u010dele pokroku a trend\u016f v oboru, co\u017e n\u00e1m umo\u017e\u0148uje poskytovat na\u0161im z\u00e1kazn\u00edk\u016fm nejmodern\u011bj\u0161\u00ed \u0159e\u0161en\u00ed.<\/p>\n<p>Spolehliv\u00e1 distribu\u010dn\u00ed s\u00ed\u0165: Jako d\u016fv\u011bryhodn\u00fd distributor a velkoobchodn\u00edk se m\u016f\u017eeme pochlubit robustn\u00ed distribu\u010dn\u00ed s\u00edt\u00ed, kter\u00e1 zaji\u0161\u0165uje rychl\u00e9 a spolehliv\u00e9 dod\u00e1vky va\u0161ich pap\u00edrov\u00fdch p\u00e1skov\u00fdch h\u0159eb\u00edk\u016f bez ohledu na va\u0161i polohu.<\/p>\n<div class=\"ast-oembed-container\" style=\"height: 100%;\"><iframe title=\"pap\u00edrov\u00fd h\u0159eb\u00edk do betonov\u00e9 formy\" width=\"500\" height=\"375\" src=\"https:\/\/www.youtube.com\/embed\/33dy1pMdIBI?start=2&#038;feature=oembed\" frameborder=\"0\" allow=\"accelerometer; autoplay; clipboard-write; encrypted-media; gyroscope; picture-in-picture; web-share\" referrerpolicy=\"strict-origin-when-cross-origin\" allowfullscreen><\/iframe><\/div>\n<p><img fetchpriority=\"high\" decoding=\"async\" class=\"alignnone size-full wp-image-3460\" src=\"http:\/\/qingdaohf.com\/wp-content\/uploads\/2023\/04\/70-1.jpg\" alt=\"pap\u00edrov\u00fd prou\u017eek na h\u0159eb\u00edk\" width=\"1200\" height=\"1296\" srcset=\"https:\/\/qingdaohf.com\/wp-content\/uploads\/2023\/04\/70-1.jpg 1200w, https:\/\/qingdaohf.com\/wp-content\/uploads\/2023\/04\/70-1-278x300.jpg 278w, https:\/\/qingdaohf.com\/wp-content\/uploads\/2023\/04\/70-1-948x1024.jpg 948w, https:\/\/qingdaohf.com\/wp-content\/uploads\/2023\/04\/70-1-768x829.jpg 768w, https:\/\/qingdaohf.com\/wp-content\/uploads\/2023\/04\/70-1-1000x1080.jpg 1000w\" sizes=\"(max-width: 1200px) 100vw, 1200px\" \/><\/p>\n<p>Pro\u010d si vybrat pr\u00e1v\u011b n\u00e1s?<\/p>\n<p>Osv\u011bd\u010den\u00e1 spolehlivost: Na\u0161e dobr\u00e1 pov\u011bst je zalo\u017eena na d\u016fv\u011b\u0159e a loajalit\u011b nes\u010detn\u00fdch spokojen\u00fdch z\u00e1kazn\u00edk\u016f. D\u016fsledn\u011b klademe d\u016fraz na kvalitu a spolehlivost a zaji\u0161\u0165ujeme, \u017ee na\u0161e h\u0159eb\u00edky s pap\u00edrov\u00fdmi p\u00e1sky p\u0159ed\u010d\u00ed va\u0161e o\u010dek\u00e1v\u00e1n\u00ed.<\/p>\n<p>Bezpe\u010dnost na prvn\u00edm m\u00edst\u011b: Bezpe\u010dnost je pro n\u00e1s nejd\u016fle\u017eit\u011bj\u0161\u00ed. Na\u0161e pap\u00edrov\u00e9 p\u00e1skov\u00e9 h\u0159eb\u00edky proch\u00e1zej\u00ed d\u016fkladn\u00fdm testov\u00e1n\u00edm a dodr\u017euj\u00ed pr\u016fmyslov\u00e9 bezpe\u010dnostn\u00ed normy, co\u017e v\u00e1m poskytuje jistotu, kterou pot\u0159ebujete pro kritick\u00e9 aplikace.<\/p>\n<p>\u0158e\u0161en\u00ed na m\u00edru: Ch\u00e1peme, \u017ee ka\u017ed\u00fd projekt m\u00e1 jedine\u010dn\u00e9 po\u017eadavky. N\u00e1\u0161 t\u00fdm s v\u00e1mi \u00fazce spolupracuje, aby v\u00e1m poskytl \u0159e\u0161en\u00ed na m\u00edru, kter\u00e1 p\u0159esn\u011b spln\u00ed va\u0161e pot\u0159eby a zajist\u00ed v\u017edy optim\u00e1ln\u00ed v\u00fdsledky.<\/p>\n<p>P\u0159\u00edstup zam\u011b\u0159en\u00fd na z\u00e1kazn\u00edka: Na\u0161i z\u00e1kazn\u00edci jsou v pop\u0159ed\u00ed na\u0161eho z\u00e1jmu. Jsme nesm\u00edrn\u011b hrd\u00ed na na\u0161e v\u00fdjime\u010dn\u00e9 slu\u017eby z\u00e1kazn\u00edk\u016fm, transparentn\u00ed komunikaci a odhodl\u00e1n\u00ed ud\u011blat n\u011bco nav\u00edc pro va\u0161i spokojenost.<\/p>","protected":false},"excerpt":{"rendered":"<p>Pap\u00edrov\u00e9 p\u00e1skov\u00e9 h\u0159eb\u00edky, zn\u00e1m\u00e9 tak\u00e9 pod n\u00e1zvy kol\u00edkovan\u00e9 h\u0159eb\u00edky nebo plastov\u00e9 p\u00e1skov\u00e9 h\u0159eb\u00edky, jsou typem spojovac\u00edho materi\u00e1lu pou\u017e\u00edvan\u00e9ho ve stavebnictv\u00ed a tesa\u0159stv\u00ed. Tyto h\u0159eb\u00edky jsou ur\u010deny k pou\u017eit\u00ed s pneumatick\u00fdmi h\u0159eb\u00edkovnicemi, kter\u00e9 je zatloukaj\u00ed do d\u0159eva nebo jin\u00fdch materi\u00e1l\u016f s velkou rychlost\u00ed a p\u0159esnost\u00ed.<\/p>","protected":false},"featured_media":3453,"comment_status":"open","ping_status":"closed","template":"","meta":{"site-sidebar-layout":"default","site-content-layout":"default","ast-site-content-layout":"","site-content-style":"default","site-sidebar-style":"default","ast-global-header-display":"","ast-banner-title-visibility":"","ast-main-header-display":"","ast-hfb-above-header-display":"","ast-hfb-below-header-display":"","ast-hfb-mobile-header-display":"","site-post-title":"","ast-breadcrumbs-content":"","ast-featured-img":"","footer-sml-layout":"","theme-transparent-header-meta":"default","adv-header-id-meta":"","stick-header-meta":"default","header-above-stick-meta":"","header-main-stick-meta":"","header-below-stick-meta":"","astra-migrate-meta-layouts":"default","ast-page-background-enabled":"default","ast-page-background-meta":{"desktop":{"background-color":"","background-image":"","background-repeat":"repeat","background-position":"center center","background-size":"auto","background-attachment":"scroll","background-type":"","background-media":"","overlay-type":"","overlay-color":"","overlay-opacity":"","overlay-gradient":""},"tablet":{"background-color":"","background-image":"","background-repeat":"repeat","background-position":"center center","background-size":"auto","background-attachment":"scroll","background-type":"","background-media":"","overlay-type":"","overlay-color":"","overlay-opacity":"","overlay-gradient":""},"mobile":{"background-color":"","background-image":"","background-repeat":"repeat","background-position":"center center","background-size":"auto","background-attachment":"scroll","background-type":"","background-media":"","overlay-type":"","overlay-color":"","overlay-opacity":"","overlay-gradient":""}},"ast-content-background-meta":{"desktop":{"background-color":"var(--ast-global-color-5)","background-image":"","background-repeat":"repeat","background-position":"center center","background-size":"auto","background-attachment":"scroll","background-type":"","background-media":"","overlay-type":"","overlay-color":"","overlay-opacity":"","overlay-gradient":""},"tablet":{"background-color":"var(--ast-global-color-5)","background-image":"","background-repeat":"repeat","background-position":"center center","background-size":"auto","background-attachment":"scroll","background-type":"","background-media":"","overlay-type":"","overlay-color":"","overlay-opacity":"","overlay-gradient":""},"mobile":{"background-color":"var(--ast-global-color-5)","background-image":"","background-repeat":"repeat","background-position":"center center","background-size":"auto","background-attachment":"scroll","background-type":"","background-media":"","overlay-type":"","overlay-color":"","overlay-opacity":"","overlay-gradient":""}}},"product_brand":[],"product_cat":[34],"product_tag":[],"class_list":{"0":"post-3452","1":"product","2":"type-product","3":"status-publish","4":"has-post-thumbnail","6":"product_cat-nail","7":"desktop-align-left","8":"tablet-align-left","9":"mobile-align-left","10":"ast-product-gallery-layout-horizontal-slider","11":"ast-product-tabs-layout-horizontal","13":"first","14":"instock","15":"shipping-taxable","16":"purchasable","17":"product-type-simple"},"yoast_head":"<!-- This site is optimized with the Yoast SEO plugin v25.2 - https:\/\/yoast.com\/wordpress\/plugins\/seo\/ -->\n<title>Paper Strip Nail Paper Collated Nails<\/title>\n<meta name=\"description\" content=\"Paper strip nails, also known as collated nails or plastic strip nails, are a type of fastener used in construction and carpentry.\" \/>\n<meta name=\"robots\" content=\"index, follow, max-snippet:-1, max-image-preview:large, max-video-preview:-1\" \/>\n<link rel=\"canonical\" href=\"https:\/\/qingdaohf.com\/cs\/produkt\/papirovy-prouzek-na-hrebik\/\" \/>\n<meta property=\"og:locale\" content=\"cs_CZ\" \/>\n<meta property=\"og:type\" content=\"article\" \/>\n<meta property=\"og:title\" content=\"Paper Strip Nail Paper Collated Nails\" \/>\n<meta property=\"og:description\" content=\"Paper strip nails, also known as collated nails or plastic strip nails, are a type of fastener used in construction and carpentry.\" \/>\n<meta property=\"og:url\" content=\"https:\/\/qingdaohf.com\/cs\/produkt\/papirovy-prouzek-na-hrebik\/\" \/>\n<meta property=\"og:site_name\" content=\"Concrete Form &amp; Rigging Hardware Supplier\" \/>\n<meta property=\"article:publisher\" content=\"https:\/\/www.facebook.com\/qingdaohf\" \/>\n<meta property=\"article:modified_time\" content=\"2025-11-13T01:05:14+00:00\" \/>\n<meta property=\"og:image\" content=\"https:\/\/qingdaohf.com\/wp-content\/uploads\/2023\/04\/paper-strip-nail-3.jpg\" \/>\n\t<meta property=\"og:image:width\" content=\"800\" \/>\n\t<meta property=\"og:image:height\" content=\"800\" \/>\n\t<meta property=\"og:image:type\" content=\"image\/jpeg\" \/>\n<meta name=\"twitter:card\" content=\"summary_large_image\" \/>\n<meta name=\"twitter:label1\" content=\"Odhadovan\u00e1 doba \u010dten\u00ed\" \/>\n\t<meta name=\"twitter:data1\" content=\"2 minuty\" \/>\n<script type=\"application\/ld+json\" class=\"yoast-schema-graph\">{\"@context\":\"https:\/\/schema.org\",\"@graph\":[{\"@type\":\"WebPage\",\"@id\":\"https:\/\/qingdaohf.com\/product\/paper-strip-nail\/\",\"url\":\"https:\/\/qingdaohf.com\/product\/paper-strip-nail\/\",\"name\":\"Paper Strip Nail Paper Collated Nails\",\"isPartOf\":{\"@id\":\"https:\/\/qingdaohf.com\/bg\/#website\"},\"primaryImageOfPage\":{\"@id\":\"https:\/\/qingdaohf.com\/product\/paper-strip-nail\/#primaryimage\"},\"image\":{\"@id\":\"https:\/\/qingdaohf.com\/product\/paper-strip-nail\/#primaryimage\"},\"thumbnailUrl\":\"https:\/\/qingdaohf.com\/wp-content\/uploads\/2023\/04\/paper-strip-nail-3.jpg\",\"datePublished\":\"2023-04-10T08:31:20+00:00\",\"dateModified\":\"2025-11-13T01:05:14+00:00\",\"description\":\"Paper strip nails, also known as collated nails or plastic strip nails, are a type of fastener used in construction and carpentry.\",\"breadcrumb\":{\"@id\":\"https:\/\/qingdaohf.com\/product\/paper-strip-nail\/#breadcrumb\"},\"inLanguage\":\"cs\",\"potentialAction\":[{\"@type\":\"ReadAction\",\"target\":[\"https:\/\/qingdaohf.com\/product\/paper-strip-nail\/\"]}]},{\"@type\":\"ImageObject\",\"inLanguage\":\"cs\",\"@id\":\"https:\/\/qingdaohf.com\/product\/paper-strip-nail\/#primaryimage\",\"url\":\"https:\/\/qingdaohf.com\/wp-content\/uploads\/2023\/04\/paper-strip-nail-3.jpg\",\"contentUrl\":\"https:\/\/qingdaohf.com\/wp-content\/uploads\/2023\/04\/paper-strip-nail-3.jpg\",\"width\":800,\"height\":800,\"caption\":\"paper strip nail\"},{\"@type\":\"BreadcrumbList\",\"@id\":\"https:\/\/qingdaohf.com\/product\/paper-strip-nail\/#breadcrumb\",\"itemListElement\":[{\"@type\":\"ListItem\",\"position\":1,\"name\":\"Home\",\"item\":\"https:\/\/qingdaohf.com\/\"},{\"@type\":\"ListItem\",\"position\":2,\"name\":\"Concrete Forming Accessories and Rigging Hardware\",\"item\":\"https:\/\/qingdaohf.com\/bg\/?page_id=944\"},{\"@type\":\"ListItem\",\"position\":3,\"name\":\"Paper Strip Nail Paper Collated Nails\"}]},{\"@type\":\"WebSite\",\"@id\":\"https:\/\/qingdaohf.com\/bg\/#website\",\"url\":\"https:\/\/qingdaohf.com\/bg\/\",\"name\":\"Concrete Form & Rigging Hardware Supplier\",\"description\":\"\",\"publisher\":{\"@id\":\"https:\/\/qingdaohf.com\/bg\/#organization\"},\"potentialAction\":[{\"@type\":\"SearchAction\",\"target\":{\"@type\":\"EntryPoint\",\"urlTemplate\":\"https:\/\/qingdaohf.com\/bg\/?s={search_term_string}\"},\"query-input\":{\"@type\":\"PropertyValueSpecification\",\"valueRequired\":true,\"valueName\":\"search_term_string\"}}],\"inLanguage\":\"cs\"},{\"@type\":\"Organization\",\"@id\":\"https:\/\/qingdaohf.com\/bg\/#organization\",\"name\":\"Qingdao H&F\",\"url\":\"https:\/\/qingdaohf.com\/bg\/\",\"logo\":{\"@type\":\"ImageObject\",\"inLanguage\":\"cs\",\"@id\":\"https:\/\/qingdaohf.com\/bg\/#\/schema\/logo\/image\/\",\"url\":\"https:\/\/qingdaohf.com\/wp-content\/uploads\/2022\/12\/cropped-HF-LOGO.png\",\"contentUrl\":\"https:\/\/qingdaohf.com\/wp-content\/uploads\/2022\/12\/cropped-HF-LOGO.png\",\"width\":391,\"height\":249,\"caption\":\"Qingdao H&F\"},\"image\":{\"@id\":\"https:\/\/qingdaohf.com\/bg\/#\/schema\/logo\/image\/\"},\"sameAs\":[\"https:\/\/www.facebook.com\/qingdaohf\"]}]}<\/script>\n<!-- \/ Yoast SEO plugin. -->","yoast_head_json":{"title":"Paper Strip Nail Paper Collated Nails","description":"Paper strip nails, also known as collated nails or plastic strip nails, are a type of fastener used in construction and carpentry.","robots":{"index":"index","follow":"follow","max-snippet":"max-snippet:-1","max-image-preview":"max-image-preview:large","max-video-preview":"max-video-preview:-1"},"canonical":"https:\/\/qingdaohf.com\/cs\/produkt\/papirovy-prouzek-na-hrebik\/","og_locale":"cs_CZ","og_type":"article","og_title":"Paper Strip Nail Paper Collated Nails","og_description":"Paper strip nails, also known as collated nails or plastic strip nails, are a type of fastener used in construction and carpentry.","og_url":"https:\/\/qingdaohf.com\/cs\/produkt\/papirovy-prouzek-na-hrebik\/","og_site_name":"Concrete Form &amp; Rigging Hardware Supplier","article_publisher":"https:\/\/www.facebook.com\/qingdaohf","article_modified_time":"2025-11-13T01:05:14+00:00","og_image":[{"width":800,"height":800,"url":"https:\/\/qingdaohf.com\/wp-content\/uploads\/2023\/04\/paper-strip-nail-3.jpg","type":"image\/jpeg"}],"twitter_card":"summary_large_image","twitter_misc":{"Odhadovan\u00e1 doba \u010dten\u00ed":"2 minuty"},"schema":{"@context":"https:\/\/schema.org","@graph":[{"@type":"WebPage","@id":"https:\/\/qingdaohf.com\/product\/paper-strip-nail\/","url":"https:\/\/qingdaohf.com\/product\/paper-strip-nail\/","name":"Paper Strip Nail Paper Collated Nails","isPartOf":{"@id":"https:\/\/qingdaohf.com\/bg\/#website"},"primaryImageOfPage":{"@id":"https:\/\/qingdaohf.com\/product\/paper-strip-nail\/#primaryimage"},"image":{"@id":"https:\/\/qingdaohf.com\/product\/paper-strip-nail\/#primaryimage"},"thumbnailUrl":"https:\/\/qingdaohf.com\/wp-content\/uploads\/2023\/04\/paper-strip-nail-3.jpg","datePublished":"2023-04-10T08:31:20+00:00","dateModified":"2025-11-13T01:05:14+00:00","description":"Paper strip nails, also known as collated nails or plastic strip nails, are a type of fastener used in construction and carpentry.","breadcrumb":{"@id":"https:\/\/qingdaohf.com\/product\/paper-strip-nail\/#breadcrumb"},"inLanguage":"cs","potentialAction":[{"@type":"ReadAction","target":["https:\/\/qingdaohf.com\/product\/paper-strip-nail\/"]}]},{"@type":"ImageObject","inLanguage":"cs","@id":"https:\/\/qingdaohf.com\/product\/paper-strip-nail\/#primaryimage","url":"https:\/\/qingdaohf.com\/wp-content\/uploads\/2023\/04\/paper-strip-nail-3.jpg","contentUrl":"https:\/\/qingdaohf.com\/wp-content\/uploads\/2023\/04\/paper-strip-nail-3.jpg","width":800,"height":800,"caption":"paper strip nail"},{"@type":"BreadcrumbList","@id":"https:\/\/qingdaohf.com\/product\/paper-strip-nail\/#breadcrumb","itemListElement":[{"@type":"ListItem","position":1,"name":"Home","item":"https:\/\/qingdaohf.com\/"},{"@type":"ListItem","position":2,"name":"Concrete Forming Accessories and Rigging Hardware","item":"https:\/\/qingdaohf.com\/bg\/?page_id=944"},{"@type":"ListItem","position":3,"name":"Paper Strip Nail Paper Collated Nails"}]},{"@type":"WebSite","@id":"https:\/\/qingdaohf.com\/bg\/#website","url":"https:\/\/qingdaohf.com\/bg\/","name":"Concrete Form & Rigging Hardware Supplier","description":"","publisher":{"@id":"https:\/\/qingdaohf.com\/bg\/#organization"},"potentialAction":[{"@type":"SearchAction","target":{"@type":"EntryPoint","urlTemplate":"https:\/\/qingdaohf.com\/bg\/?s={search_term_string}"},"query-input":{"@type":"PropertyValueSpecification","valueRequired":true,"valueName":"search_term_string"}}],"inLanguage":"cs"},{"@type":"Organization","@id":"https:\/\/qingdaohf.com\/bg\/#organization","name":"Qingdao H&F","url":"https:\/\/qingdaohf.com\/bg\/","logo":{"@type":"ImageObject","inLanguage":"cs","@id":"https:\/\/qingdaohf.com\/bg\/#\/schema\/logo\/image\/","url":"https:\/\/qingdaohf.com\/wp-content\/uploads\/2022\/12\/cropped-HF-LOGO.png","contentUrl":"https:\/\/qingdaohf.com\/wp-content\/uploads\/2022\/12\/cropped-HF-LOGO.png","width":391,"height":249,"caption":"Qingdao H&F"},"image":{"@id":"https:\/\/qingdaohf.com\/bg\/#\/schema\/logo\/image\/"},"sameAs":["https:\/\/www.facebook.com\/qingdaohf"]}]}},"_links":{"self":[{"href":"https:\/\/qingdaohf.com\/cs\/wp-json\/wp\/v2\/product\/3452","targetHints":{"allow":["GET"]}}],"collection":[{"href":"https:\/\/qingdaohf.com\/cs\/wp-json\/wp\/v2\/product"}],"about":[{"href":"https:\/\/qingdaohf.com\/cs\/wp-json\/wp\/v2\/types\/product"}],"replies":[{"embeddable":true,"href":"https:\/\/qingdaohf.com\/cs\/wp-json\/wp\/v2\/comments?post=3452"}],"version-history":[{"count":2,"href":"https:\/\/qingdaohf.com\/cs\/wp-json\/wp\/v2\/product\/3452\/revisions"}],"predecessor-version":[{"id":10434,"href":"https:\/\/qingdaohf.com\/cs\/wp-json\/wp\/v2\/product\/3452\/revisions\/10434"}],"wp:featuredmedia":[{"embeddable":true,"href":"https:\/\/qingdaohf.com\/cs\/wp-json\/wp\/v2\/media\/3453"}],"wp:attachment":[{"href":"https:\/\/qingdaohf.com\/cs\/wp-json\/wp\/v2\/media?parent=3452"}],"wp:term":[{"taxonomy":"product_brand","embeddable":true,"href":"https:\/\/qingdaohf.com\/cs\/wp-json\/wp\/v2\/product_brand?post=3452"},{"taxonomy":"product_cat","embeddable":true,"href":"https:\/\/qingdaohf.com\/cs\/wp-json\/wp\/v2\/product_cat?post=3452"},{"taxonomy":"product_tag","embeddable":true,"href":"https:\/\/qingdaohf.com\/cs\/wp-json\/wp\/v2\/product_tag?post=3452"}],"curies":[{"name":"wp","href":"https:\/\/api.w.org\/{rel}","templated":true}]}}