{"id":3508,"date":"2023-04-10T17:33:10","date_gmt":"2023-04-10T09:33:10","guid":{"rendered":"http:\/\/qingdaohf.com\/?post_type=product&#038;p=3508"},"modified":"2025-11-13T09:05:14","modified_gmt":"2025-11-13T01:05:14","slug":"aluminium-wire-rope-ferrule","status":"publish","type":"product","link":"https:\/\/qingdaohf.com\/cs\/produkt\/hlinikove-lanove-objimky\/","title":{"rendered":"Hlin\u00edkov\u00e9 lanov\u00e9 obj\u00edmky"},"content":{"rendered":"<p><img fetchpriority=\"high\" decoding=\"async\" class=\"alignnone wp-image-9487 size-full\" src=\"http:\/\/qingdaohf.com\/wp-content\/uploads\/2025\/04\/wire-rope-description-7.webp\" alt=\"kov\u00e1n\u00ed\" width=\"600\" height=\"774\" srcset=\"https:\/\/qingdaohf.com\/wp-content\/uploads\/2025\/04\/wire-rope-description-7.webp 600w, https:\/\/qingdaohf.com\/wp-content\/uploads\/2025\/04\/wire-rope-description-7-233x300.webp 233w, https:\/\/qingdaohf.com\/wp-content\/uploads\/2025\/04\/wire-rope-description-7-9x12.webp 9w\" sizes=\"(max-width: 600px) 100vw, 600px\" \/><\/p>\n<p>Kov\u00e1n\u00ed je obvykle vyrobeno z vysoce kvalitn\u00ed hlin\u00edkov\u00e9 slitiny, kter\u00e1 vynik\u00e1 odolnost\u00ed proti korozi a n\u00edzkou hmotnost\u00ed. Jej\u00ed konstrukce umo\u017e\u0148uje snadnou manipulaci a instalaci, tak\u017ee je obl\u00edbenou volbou v pr\u016fmyslov\u00fdch odv\u011btv\u00edch, jako jsou n\u00e1mo\u0159n\u00ed, stavebn\u00ed, lanov\u00e9 a univerz\u00e1ln\u00ed aplikace.<\/p>\n<p>Hlin\u00edkov\u00e9 lanov\u00e9 obj\u00edmky se skl\u00e1daj\u00ed z v\u00e1lcov\u00e9ho pouzdra s hladk\u00fdm vnit\u0159n\u00edm povrchem a \u0159adou vroubk\u016f nebo dr\u00e1\u017eek na vn\u011bj\u0161\u00edm povrchu. Tyto vroubky hraj\u00ed kl\u00ed\u010dovou roli p\u0159i uchopen\u00ed a bezpe\u010dn\u00e9m dr\u017een\u00ed ocelov\u00e9ho lana na m\u00edst\u011b, jakmile je obj\u00edmka spr\u00e1vn\u011b zalisov\u00e1na.<\/p>\n<p><img decoding=\"async\" class=\"alignnone size-full wp-image-3510\" src=\"http:\/\/qingdaohf.com\/wp-content\/uploads\/2023\/04\/aluminium-ferrule-2.jpg\" alt=\"hlin\u00edkov\u00e9 kov\u00e1n\u00ed\" width=\"800\" height=\"800\" srcset=\"https:\/\/qingdaohf.com\/wp-content\/uploads\/2023\/04\/aluminium-ferrule-2.jpg 800w, https:\/\/qingdaohf.com\/wp-content\/uploads\/2023\/04\/aluminium-ferrule-2-300x300.jpg 300w, https:\/\/qingdaohf.com\/wp-content\/uploads\/2023\/04\/aluminium-ferrule-2-150x150.jpg 150w, https:\/\/qingdaohf.com\/wp-content\/uploads\/2023\/04\/aluminium-ferrule-2-768x768.jpg 768w, https:\/\/qingdaohf.com\/wp-content\/uploads\/2023\/04\/aluminium-ferrule-2-500x500.jpg 500w, https:\/\/qingdaohf.com\/wp-content\/uploads\/2023\/04\/aluminium-ferrule-2-100x100.jpg 100w\" sizes=\"(max-width: 800px) 100vw, 800px\" \/><\/p>\n<p>P\u0159i instalaci obj\u00edmky se lano vlo\u017e\u00ed do obj\u00edmky tak, aby dos\u00e1hlo po\u017eadovan\u00e9 hloubky. N\u00e1sledn\u011b se obj\u00edmka stla\u010d\u00ed nebo zalisuje pomoc\u00ed specializovan\u00fdch n\u00e1stroj\u016f, jako jsou lisy na lana nebo hydraulick\u00e9 lisy. Tento proces stla\u010den\u00ed deformuje obj\u00edmku, \u010d\u00edm\u017e se vroubky zakousnou do pramen\u016f ocelov\u00e9ho lana a vytvo\u0159\u00ed pevn\u00e9 mechanick\u00e9 spojen\u00ed.<\/p>\n<p>V\u00fdsledn\u00fd spoj tvo\u0159en\u00fd hlin\u00edkovou lanovou obj\u00edmkou je zn\u00e1m\u00fd svou vysokou pevnost\u00ed v tahu a odolnost\u00ed proti prokluzu. \u00da\u010dinn\u011b rozkl\u00e1d\u00e1 zat\u00ed\u017een\u00ed rovnom\u011brn\u011b po cel\u00e9m lan\u011b, \u010d\u00edm\u017e minimalizuje koncentraci nap\u011bt\u00ed a zvy\u0161uje celkovou stabilitu.<\/p>\n<p>Hlin\u00edkov\u00e1 lana jsou k dispozici v r\u016fzn\u00fdch velikostech pro r\u016fzn\u00e9 pr\u016fm\u011bry lan. Pro zaji\u0161t\u011bn\u00ed spr\u00e1vn\u00e9ho uchycen\u00ed a maxim\u00e1ln\u00ed pevnosti je nezbytn\u00e9 zvolit vhodnou velikost kov\u00e1n\u00ed, kter\u00e1 odpov\u00edd\u00e1 ocelov\u00e9mu lanu.<\/p>\n<p><img decoding=\"async\" class=\"alignnone size-full wp-image-3511\" src=\"http:\/\/qingdaohf.com\/wp-content\/uploads\/2023\/04\/aluminium-ferrule-3.jpg\" alt=\"hlin\u00edkov\u00e9 kov\u00e1n\u00ed\" width=\"800\" height=\"800\" srcset=\"https:\/\/qingdaohf.com\/wp-content\/uploads\/2023\/04\/aluminium-ferrule-3.jpg 800w, https:\/\/qingdaohf.com\/wp-content\/uploads\/2023\/04\/aluminium-ferrule-3-300x300.jpg 300w, https:\/\/qingdaohf.com\/wp-content\/uploads\/2023\/04\/aluminium-ferrule-3-150x150.jpg 150w, https:\/\/qingdaohf.com\/wp-content\/uploads\/2023\/04\/aluminium-ferrule-3-768x768.jpg 768w, https:\/\/qingdaohf.com\/wp-content\/uploads\/2023\/04\/aluminium-ferrule-3-500x500.jpg 500w, https:\/\/qingdaohf.com\/wp-content\/uploads\/2023\/04\/aluminium-ferrule-3-100x100.jpg 100w\" sizes=\"(max-width: 800px) 100vw, 800px\" \/><\/p>\n<p>Jednou z v\u00fdhod pou\u017eit\u00ed hlin\u00edkov\u00fdch lanov\u00fdch ferul\u00ed je jejich kompatibilita s pozinkovan\u00fdmi i nerezov\u00fdmi lany. Lze je pou\u017e\u00edt s r\u016fzn\u00fdmi typy konfigurac\u00ed ocelov\u00fdch lan, v\u010detn\u011b jednopramenn\u00fdch, v\u00edcepramenn\u00fdch a zhutn\u011bn\u00fdch ocelov\u00fdch lan.<\/p>\n<p><img loading=\"lazy\" decoding=\"async\" class=\"alignnone size-full wp-image-3509\" src=\"http:\/\/qingdaohf.com\/wp-content\/uploads\/2023\/04\/aluminium-ferrule-1.jpg\" alt=\"hlin\u00edkov\u00e9 kov\u00e1n\u00ed\" width=\"800\" height=\"691\" srcset=\"https:\/\/qingdaohf.com\/wp-content\/uploads\/2023\/04\/aluminium-ferrule-1.jpg 800w, https:\/\/qingdaohf.com\/wp-content\/uploads\/2023\/04\/aluminium-ferrule-1-300x259.jpg 300w, https:\/\/qingdaohf.com\/wp-content\/uploads\/2023\/04\/aluminium-ferrule-1-768x663.jpg 768w\" sizes=\"(max-width: 800px) 100vw, 800px\" \/><\/p>\n<p>Je d\u016fle\u017eit\u00e9 si uv\u011bdomit, \u017ee pro zaji\u0161t\u011bn\u00ed bezpe\u010dn\u00e9ho a spolehliv\u00e9ho p\u0159ipojen\u00ed je t\u0159eba dodr\u017eovat spr\u00e1vn\u00e9 instala\u010dn\u00ed techniky a n\u00e1stroje. Dodr\u017eov\u00e1n\u00ed pokyn\u016f v\u00fdrobce a osv\u011bd\u010den\u00fdch pr\u016fmyslov\u00fdch postup\u016f pro krimpov\u00e1n\u00ed a ukon\u010dov\u00e1n\u00ed je z\u00e1sadn\u00ed pro zachov\u00e1n\u00ed celistvosti a pevnosti lanov\u00e9 sestavy.<\/p>\n<div class=\"ast-oembed-container\" style=\"height: 100%;\"><iframe title=\"Hlin\u00edkov\u00e9 lanov\u00e9 obj\u00edmky\" width=\"500\" height=\"375\" src=\"https:\/\/www.youtube.com\/embed\/4ODAjfyxniI?feature=oembed\" frameborder=\"0\" allow=\"accelerometer; autoplay; clipboard-write; encrypted-media; gyroscope; picture-in-picture; web-share\" referrerpolicy=\"strict-origin-when-cross-origin\" allowfullscreen><\/iframe><\/div>","protected":false},"excerpt":{"rendered":"<p>Hlin\u00edkov\u00e1 obj\u00edmka pro ocelov\u00e1 lana, zn\u00e1m\u00e1 tak\u00e9 jako hlin\u00edkov\u00e1 obj\u00edmka pro ocelov\u00e1 lana nebo hlin\u00edkov\u00e1 krimpovac\u00ed obj\u00edmka, je specializovan\u00e1 tvarovka pou\u017e\u00edvan\u00e1 v r\u016fzn\u00fdch aplikac\u00edch s ocelov\u00fdmi lany. Je speci\u00e1ln\u011b navr\u017eena tak, aby vytvo\u0159ila bezpe\u010dn\u00e9 a odoln\u00e9 spojen\u00ed mezi konci ocelov\u00fdch lan a zajistila pevnost a spolehlivost.<\/p>","protected":false},"featured_media":3513,"comment_status":"open","ping_status":"closed","template":"","meta":{"site-sidebar-layout":"default","site-content-layout":"default","ast-site-content-layout":"default","site-content-style":"default","site-sidebar-style":"default","ast-global-header-display":"","ast-banner-title-visibility":"","ast-main-header-display":"","ast-hfb-above-header-display":"","ast-hfb-below-header-display":"","ast-hfb-mobile-header-display":"","site-post-title":"","ast-breadcrumbs-content":"","ast-featured-img":"","footer-sml-layout":"","theme-transparent-header-meta":"default","adv-header-id-meta":"","stick-header-meta":"default","header-above-stick-meta":"","header-main-stick-meta":"","header-below-stick-meta":"","astra-migrate-meta-layouts":"set","ast-page-background-enabled":"default","ast-page-background-meta":{"desktop":{"background-color":"","background-image":"","background-repeat":"repeat","background-position":"center center","background-size":"auto","background-attachment":"scroll","background-type":"","background-media":"","overlay-type":"","overlay-color":"","overlay-opacity":"","overlay-gradient":""},"tablet":{"background-color":"","background-image":"","background-repeat":"repeat","background-position":"center center","background-size":"auto","background-attachment":"scroll","background-type":"","background-media":"","overlay-type":"","overlay-color":"","overlay-opacity":"","overlay-gradient":""},"mobile":{"background-color":"","background-image":"","background-repeat":"repeat","background-position":"center center","background-size":"auto","background-attachment":"scroll","background-type":"","background-media":"","overlay-type":"","overlay-color":"","overlay-opacity":"","overlay-gradient":""}},"ast-content-background-meta":{"desktop":{"background-color":"var(--ast-global-color-5)","background-image":"","background-repeat":"repeat","background-position":"center center","background-size":"auto","background-attachment":"scroll","background-type":"","background-media":"","overlay-type":"","overlay-color":"","overlay-opacity":"","overlay-gradient":""},"tablet":{"background-color":"var(--ast-global-color-5)","background-image":"","background-repeat":"repeat","background-position":"center center","background-size":"auto","background-attachment":"scroll","background-type":"","background-media":"","overlay-type":"","overlay-color":"","overlay-opacity":"","overlay-gradient":""},"mobile":{"background-color":"var(--ast-global-color-5)","background-image":"","background-repeat":"repeat","background-position":"center center","background-size":"auto","background-attachment":"scroll","background-type":"","background-media":"","overlay-type":"","overlay-color":"","overlay-opacity":"","overlay-gradient":""}}},"product_brand":[],"product_cat":[37,43],"product_tag":[],"class_list":{"0":"post-3508","1":"product","2":"type-product","3":"status-publish","4":"has-post-thumbnail","6":"product_cat-wire-rope","7":"product_cat-rigging-hardware","8":"desktop-align-left","9":"tablet-align-left","10":"mobile-align-left","11":"ast-product-gallery-layout-horizontal-slider","12":"ast-product-tabs-layout-horizontal","14":"first","15":"instock","16":"shipping-taxable","17":"purchasable","18":"product-type-simple"},"yoast_head":"<!-- This site is optimized with the Yoast SEO plugin v25.2 - https:\/\/yoast.com\/wordpress\/plugins\/seo\/ -->\n<title>Aluminium Wire Rope Ferrule<\/title>\n<meta name=\"description\" content=\"The Aluminium Wire Rope Ferrule, also known as an aluminum wire rope sleeve or aluminum crimp sleeve, is a specialized fitting used in various applications involving wire ropes.\" \/>\n<meta name=\"robots\" content=\"index, follow, max-snippet:-1, max-image-preview:large, max-video-preview:-1\" \/>\n<link rel=\"canonical\" href=\"https:\/\/qingdaohf.com\/cs\/produkt\/hlinikove-lanove-objimky\/\" \/>\n<meta property=\"og:locale\" content=\"cs_CZ\" \/>\n<meta property=\"og:type\" content=\"article\" \/>\n<meta property=\"og:title\" content=\"Aluminium Wire Rope Ferrule\" \/>\n<meta property=\"og:description\" content=\"The Aluminium Wire Rope Ferrule, also known as an aluminum wire rope sleeve or aluminum crimp sleeve, is a specialized fitting used in various applications involving wire ropes.\" \/>\n<meta property=\"og:url\" content=\"https:\/\/qingdaohf.com\/cs\/produkt\/hlinikove-lanove-objimky\/\" \/>\n<meta property=\"og:site_name\" content=\"Concrete Form &amp; Rigging Hardware Supplier\" \/>\n<meta property=\"article:publisher\" content=\"https:\/\/www.facebook.com\/qingdaohf\" \/>\n<meta property=\"article:modified_time\" content=\"2025-11-13T01:05:14+00:00\" \/>\n<meta property=\"og:image\" content=\"https:\/\/qingdaohf.com\/wp-content\/uploads\/2023\/04\/aluminium-ferrule-7.jpg\" \/>\n\t<meta property=\"og:image:width\" content=\"800\" \/>\n\t<meta property=\"og:image:height\" content=\"800\" \/>\n\t<meta property=\"og:image:type\" content=\"image\/jpeg\" \/>\n<meta name=\"twitter:card\" content=\"summary_large_image\" \/>\n<meta name=\"twitter:label1\" content=\"Odhadovan\u00e1 doba \u010dten\u00ed\" \/>\n\t<meta name=\"twitter:data1\" content=\"3 minuty\" \/>\n<script type=\"application\/ld+json\" class=\"yoast-schema-graph\">{\"@context\":\"https:\/\/schema.org\",\"@graph\":[{\"@type\":\"WebPage\",\"@id\":\"https:\/\/qingdaohf.com\/product\/aluminium-wire-rope-ferrule\/\",\"url\":\"https:\/\/qingdaohf.com\/product\/aluminium-wire-rope-ferrule\/\",\"name\":\"Aluminium Wire Rope Ferrule\",\"isPartOf\":{\"@id\":\"https:\/\/qingdaohf.com\/bg\/#website\"},\"primaryImageOfPage\":{\"@id\":\"https:\/\/qingdaohf.com\/product\/aluminium-wire-rope-ferrule\/#primaryimage\"},\"image\":{\"@id\":\"https:\/\/qingdaohf.com\/product\/aluminium-wire-rope-ferrule\/#primaryimage\"},\"thumbnailUrl\":\"https:\/\/qingdaohf.com\/wp-content\/uploads\/2023\/04\/aluminium-ferrule-7.jpg\",\"datePublished\":\"2023-04-10T09:33:10+00:00\",\"dateModified\":\"2025-11-13T01:05:14+00:00\",\"description\":\"The Aluminium Wire Rope Ferrule, also known as an aluminum wire rope sleeve or aluminum crimp sleeve, is a specialized fitting used in various applications involving wire ropes.\",\"breadcrumb\":{\"@id\":\"https:\/\/qingdaohf.com\/product\/aluminium-wire-rope-ferrule\/#breadcrumb\"},\"inLanguage\":\"cs\",\"potentialAction\":[{\"@type\":\"ReadAction\",\"target\":[\"https:\/\/qingdaohf.com\/product\/aluminium-wire-rope-ferrule\/\"]}]},{\"@type\":\"ImageObject\",\"inLanguage\":\"cs\",\"@id\":\"https:\/\/qingdaohf.com\/product\/aluminium-wire-rope-ferrule\/#primaryimage\",\"url\":\"https:\/\/qingdaohf.com\/wp-content\/uploads\/2023\/04\/aluminium-ferrule-7.jpg\",\"contentUrl\":\"https:\/\/qingdaohf.com\/wp-content\/uploads\/2023\/04\/aluminium-ferrule-7.jpg\",\"width\":800,\"height\":800},{\"@type\":\"BreadcrumbList\",\"@id\":\"https:\/\/qingdaohf.com\/product\/aluminium-wire-rope-ferrule\/#breadcrumb\",\"itemListElement\":[{\"@type\":\"ListItem\",\"position\":1,\"name\":\"Home\",\"item\":\"https:\/\/qingdaohf.com\/\"},{\"@type\":\"ListItem\",\"position\":2,\"name\":\"Concrete Forming Accessories and Rigging Hardware\",\"item\":\"https:\/\/qingdaohf.com\/bg\/?page_id=944\"},{\"@type\":\"ListItem\",\"position\":3,\"name\":\"Aluminium Wire Rope Ferrule\"}]},{\"@type\":\"WebSite\",\"@id\":\"https:\/\/qingdaohf.com\/bg\/#website\",\"url\":\"https:\/\/qingdaohf.com\/bg\/\",\"name\":\"Concrete Form & Rigging Hardware Supplier\",\"description\":\"\",\"publisher\":{\"@id\":\"https:\/\/qingdaohf.com\/bg\/#organization\"},\"potentialAction\":[{\"@type\":\"SearchAction\",\"target\":{\"@type\":\"EntryPoint\",\"urlTemplate\":\"https:\/\/qingdaohf.com\/bg\/?s={search_term_string}\"},\"query-input\":{\"@type\":\"PropertyValueSpecification\",\"valueRequired\":true,\"valueName\":\"search_term_string\"}}],\"inLanguage\":\"cs\"},{\"@type\":\"Organization\",\"@id\":\"https:\/\/qingdaohf.com\/bg\/#organization\",\"name\":\"Qingdao H&F\",\"url\":\"https:\/\/qingdaohf.com\/bg\/\",\"logo\":{\"@type\":\"ImageObject\",\"inLanguage\":\"cs\",\"@id\":\"https:\/\/qingdaohf.com\/bg\/#\/schema\/logo\/image\/\",\"url\":\"https:\/\/qingdaohf.com\/wp-content\/uploads\/2022\/12\/cropped-HF-LOGO.png\",\"contentUrl\":\"https:\/\/qingdaohf.com\/wp-content\/uploads\/2022\/12\/cropped-HF-LOGO.png\",\"width\":391,\"height\":249,\"caption\":\"Qingdao H&F\"},\"image\":{\"@id\":\"https:\/\/qingdaohf.com\/bg\/#\/schema\/logo\/image\/\"},\"sameAs\":[\"https:\/\/www.facebook.com\/qingdaohf\"]}]}<\/script>\n<!-- \/ Yoast SEO plugin. -->","yoast_head_json":{"title":"Aluminium Wire Rope Ferrule","description":"The Aluminium Wire Rope Ferrule, also known as an aluminum wire rope sleeve or aluminum crimp sleeve, is a specialized fitting used in various applications involving wire ropes.","robots":{"index":"index","follow":"follow","max-snippet":"max-snippet:-1","max-image-preview":"max-image-preview:large","max-video-preview":"max-video-preview:-1"},"canonical":"https:\/\/qingdaohf.com\/cs\/produkt\/hlinikove-lanove-objimky\/","og_locale":"cs_CZ","og_type":"article","og_title":"Aluminium Wire Rope Ferrule","og_description":"The Aluminium Wire Rope Ferrule, also known as an aluminum wire rope sleeve or aluminum crimp sleeve, is a specialized fitting used in various applications involving wire ropes.","og_url":"https:\/\/qingdaohf.com\/cs\/produkt\/hlinikove-lanove-objimky\/","og_site_name":"Concrete Form &amp; Rigging Hardware Supplier","article_publisher":"https:\/\/www.facebook.com\/qingdaohf","article_modified_time":"2025-11-13T01:05:14+00:00","og_image":[{"width":800,"height":800,"url":"https:\/\/qingdaohf.com\/wp-content\/uploads\/2023\/04\/aluminium-ferrule-7.jpg","type":"image\/jpeg"}],"twitter_card":"summary_large_image","twitter_misc":{"Odhadovan\u00e1 doba \u010dten\u00ed":"3 minuty"},"schema":{"@context":"https:\/\/schema.org","@graph":[{"@type":"WebPage","@id":"https:\/\/qingdaohf.com\/product\/aluminium-wire-rope-ferrule\/","url":"https:\/\/qingdaohf.com\/product\/aluminium-wire-rope-ferrule\/","name":"Aluminium Wire Rope Ferrule","isPartOf":{"@id":"https:\/\/qingdaohf.com\/bg\/#website"},"primaryImageOfPage":{"@id":"https:\/\/qingdaohf.com\/product\/aluminium-wire-rope-ferrule\/#primaryimage"},"image":{"@id":"https:\/\/qingdaohf.com\/product\/aluminium-wire-rope-ferrule\/#primaryimage"},"thumbnailUrl":"https:\/\/qingdaohf.com\/wp-content\/uploads\/2023\/04\/aluminium-ferrule-7.jpg","datePublished":"2023-04-10T09:33:10+00:00","dateModified":"2025-11-13T01:05:14+00:00","description":"The Aluminium Wire Rope Ferrule, also known as an aluminum wire rope sleeve or aluminum crimp sleeve, is a specialized fitting used in various applications involving wire ropes.","breadcrumb":{"@id":"https:\/\/qingdaohf.com\/product\/aluminium-wire-rope-ferrule\/#breadcrumb"},"inLanguage":"cs","potentialAction":[{"@type":"ReadAction","target":["https:\/\/qingdaohf.com\/product\/aluminium-wire-rope-ferrule\/"]}]},{"@type":"ImageObject","inLanguage":"cs","@id":"https:\/\/qingdaohf.com\/product\/aluminium-wire-rope-ferrule\/#primaryimage","url":"https:\/\/qingdaohf.com\/wp-content\/uploads\/2023\/04\/aluminium-ferrule-7.jpg","contentUrl":"https:\/\/qingdaohf.com\/wp-content\/uploads\/2023\/04\/aluminium-ferrule-7.jpg","width":800,"height":800},{"@type":"BreadcrumbList","@id":"https:\/\/qingdaohf.com\/product\/aluminium-wire-rope-ferrule\/#breadcrumb","itemListElement":[{"@type":"ListItem","position":1,"name":"Home","item":"https:\/\/qingdaohf.com\/"},{"@type":"ListItem","position":2,"name":"Concrete Forming Accessories and Rigging Hardware","item":"https:\/\/qingdaohf.com\/bg\/?page_id=944"},{"@type":"ListItem","position":3,"name":"Aluminium Wire Rope Ferrule"}]},{"@type":"WebSite","@id":"https:\/\/qingdaohf.com\/bg\/#website","url":"https:\/\/qingdaohf.com\/bg\/","name":"Concrete Form & Rigging Hardware Supplier","description":"","publisher":{"@id":"https:\/\/qingdaohf.com\/bg\/#organization"},"potentialAction":[{"@type":"SearchAction","target":{"@type":"EntryPoint","urlTemplate":"https:\/\/qingdaohf.com\/bg\/?s={search_term_string}"},"query-input":{"@type":"PropertyValueSpecification","valueRequired":true,"valueName":"search_term_string"}}],"inLanguage":"cs"},{"@type":"Organization","@id":"https:\/\/qingdaohf.com\/bg\/#organization","name":"Qingdao H&F","url":"https:\/\/qingdaohf.com\/bg\/","logo":{"@type":"ImageObject","inLanguage":"cs","@id":"https:\/\/qingdaohf.com\/bg\/#\/schema\/logo\/image\/","url":"https:\/\/qingdaohf.com\/wp-content\/uploads\/2022\/12\/cropped-HF-LOGO.png","contentUrl":"https:\/\/qingdaohf.com\/wp-content\/uploads\/2022\/12\/cropped-HF-LOGO.png","width":391,"height":249,"caption":"Qingdao H&F"},"image":{"@id":"https:\/\/qingdaohf.com\/bg\/#\/schema\/logo\/image\/"},"sameAs":["https:\/\/www.facebook.com\/qingdaohf"]}]}},"_links":{"self":[{"href":"https:\/\/qingdaohf.com\/cs\/wp-json\/wp\/v2\/product\/3508","targetHints":{"allow":["GET"]}}],"collection":[{"href":"https:\/\/qingdaohf.com\/cs\/wp-json\/wp\/v2\/product"}],"about":[{"href":"https:\/\/qingdaohf.com\/cs\/wp-json\/wp\/v2\/types\/product"}],"replies":[{"embeddable":true,"href":"https:\/\/qingdaohf.com\/cs\/wp-json\/wp\/v2\/comments?post=3508"}],"version-history":[{"count":3,"href":"https:\/\/qingdaohf.com\/cs\/wp-json\/wp\/v2\/product\/3508\/revisions"}],"predecessor-version":[{"id":9491,"href":"https:\/\/qingdaohf.com\/cs\/wp-json\/wp\/v2\/product\/3508\/revisions\/9491"}],"wp:featuredmedia":[{"embeddable":true,"href":"https:\/\/qingdaohf.com\/cs\/wp-json\/wp\/v2\/media\/3513"}],"wp:attachment":[{"href":"https:\/\/qingdaohf.com\/cs\/wp-json\/wp\/v2\/media?parent=3508"}],"wp:term":[{"taxonomy":"product_brand","embeddable":true,"href":"https:\/\/qingdaohf.com\/cs\/wp-json\/wp\/v2\/product_brand?post=3508"},{"taxonomy":"product_cat","embeddable":true,"href":"https:\/\/qingdaohf.com\/cs\/wp-json\/wp\/v2\/product_cat?post=3508"},{"taxonomy":"product_tag","embeddable":true,"href":"https:\/\/qingdaohf.com\/cs\/wp-json\/wp\/v2\/product_tag?post=3508"}],"curies":[{"name":"wp","href":"https:\/\/api.w.org\/{rel}","templated":true}]}}