{"id":3517,"date":"2023-04-10T17:40:09","date_gmt":"2023-04-10T09:40:09","guid":{"rendered":"http:\/\/qingdaohf.com\/?post_type=product&#038;p=3517"},"modified":"2025-11-13T09:05:13","modified_gmt":"2025-11-13T01:05:13","slug":"chain-with-grab-hooks","status":"publish","type":"product","link":"https:\/\/qingdaohf.com\/cs\/produkt\/retez-s-hacky\/","title":{"rendered":"\u0158et\u011bz s h\u00e1\u010dky na uchopen\u00ed"},"content":{"rendered":"<p>Samotn\u00fd \u0159et\u011bz je obvykle vyroben z odoln\u00e9 a vysokopevnostn\u00ed oceli, kter\u00e1 zaji\u0161\u0165uje, \u017ee vydr\u017e\u00ed velk\u00e9 zat\u00ed\u017een\u00ed a odol\u00e1 opot\u0159eben\u00ed. \u010cl\u00e1nky \u0159et\u011bzu jsou obvykle sva\u0159eny nebo vz\u00e1jemn\u011b propojeny, aby byla zaji\u0161t\u011bna jejich pevnost a spolehlivost.<\/p>\n<p>Prim\u00e1rn\u00ed funkc\u00ed \u0159et\u011bzu s h\u00e1ky je zaji\u0161t\u011bn\u00ed, zved\u00e1n\u00ed nebo ta\u017een\u00ed p\u0159edm\u011bt\u016f. \u00dachopn\u00e9 h\u00e1ky lze snadno p\u0159ipevnit ke kotevn\u00edm bod\u016fm, za\u0159\u00edzen\u00edm nebo b\u0159emen\u016fm a zajistit tak spolehliv\u00e9 spojen\u00ed. B\u011b\u017en\u011b se pou\u017e\u00edvaj\u00ed ve spojen\u00ed se zdvihac\u00edmi za\u0159\u00edzen\u00edmi, je\u0159\u00e1by, kladkostroji nebo navij\u00e1ky.<\/p>\n<p>H\u00e1ky jsou navr\u017eeny tak, aby se snadno nasunuly na \u0159et\u011bzy, popruhy nebo jin\u00e9 upev\u0148ovac\u00ed body a umo\u017enily rychl\u00e9 a bezpe\u010dn\u00e9 p\u0159ipojen\u00ed. Zaji\u0161\u0165uj\u00ed bezpe\u010dn\u00e9 uchopen\u00ed p\u0159edm\u011btu nebo n\u00e1kladu, \u010d\u00edm\u017e zabra\u0148uj\u00ed vyklouznut\u00ed b\u011bhem zved\u00e1n\u00ed nebo p\u0159epravy.<\/p>\n<p>\u0158et\u011bz s \u00fachytn\u00fdmi h\u00e1ky nab\u00edz\u00ed flexibilitu z hlediska d\u00e9lky a nosnosti. \u0158et\u011bzy s \u00fachopn\u00fdmi h\u00e1ky se dod\u00e1vaj\u00ed v r\u016fzn\u00fdch d\u00e9lk\u00e1ch a tlou\u0161\u0165k\u00e1ch, co\u017e u\u017eivatel\u016fm umo\u017e\u0148uje zvolit si vhodnou velikost a pevnost pro sv\u00e9 konkr\u00e9tn\u00ed pot\u0159eby.<\/p>\n<p>Tento typ \u0159et\u011bzu je velmi univerz\u00e1ln\u00ed a lze jej pou\u017e\u00edt v \u0161irok\u00e9 \u0161k\u00e1le aplikac\u00ed. B\u011b\u017en\u011b se pou\u017e\u00edv\u00e1 k upev\u0148ov\u00e1n\u00ed a zved\u00e1n\u00ed t\u011b\u017ek\u00fdch za\u0159\u00edzen\u00ed, stroj\u016f, kl\u00e1d a stavebn\u00edch materi\u00e1l\u016f. Je tak\u00e9 u\u017eite\u010dn\u00fd pro ta\u017een\u00ed vozidel nebo p\u0159\u00edv\u011bs\u016f.<\/p>\n<p><img fetchpriority=\"high\" decoding=\"async\" class=\"alignnone size-full wp-image-3523\" src=\"http:\/\/qingdaohf.com\/wp-content\/uploads\/2023\/04\/1-8.jpg\" alt=\"\u0159et\u011bz s h\u00e1\u010dky\" width=\"1473\" height=\"893\" srcset=\"https:\/\/qingdaohf.com\/wp-content\/uploads\/2023\/04\/1-8.jpg 1473w, https:\/\/qingdaohf.com\/wp-content\/uploads\/2023\/04\/1-8-300x182.jpg 300w, https:\/\/qingdaohf.com\/wp-content\/uploads\/2023\/04\/1-8-1024x621.jpg 1024w, https:\/\/qingdaohf.com\/wp-content\/uploads\/2023\/04\/1-8-768x466.jpg 768w, https:\/\/qingdaohf.com\/wp-content\/uploads\/2023\/04\/1-8-1000x606.jpg 1000w\" sizes=\"(max-width: 1473px) 100vw, 1473px\" \/><img decoding=\"async\" class=\"alignnone size-full wp-image-3519\" src=\"http:\/\/qingdaohf.com\/wp-content\/uploads\/2023\/04\/1-2.jpg\" alt=\"\u0159et\u011bz s h\u00e1\u010dky\" width=\"1460\" height=\"895\" srcset=\"https:\/\/qingdaohf.com\/wp-content\/uploads\/2023\/04\/1-2.jpg 1460w, https:\/\/qingdaohf.com\/wp-content\/uploads\/2023\/04\/1-2-300x184.jpg 300w, https:\/\/qingdaohf.com\/wp-content\/uploads\/2023\/04\/1-2-1024x628.jpg 1024w, https:\/\/qingdaohf.com\/wp-content\/uploads\/2023\/04\/1-2-768x471.jpg 768w, https:\/\/qingdaohf.com\/wp-content\/uploads\/2023\/04\/1-2-1000x613.jpg 1000w\" sizes=\"(max-width: 1460px) 100vw, 1460px\" \/> <img decoding=\"async\" class=\"alignnone size-full wp-image-3522\" src=\"http:\/\/qingdaohf.com\/wp-content\/uploads\/2023\/04\/1-7.jpg\" alt=\"\u0159et\u011bz s h\u00e1\u010dky\" width=\"660\" height=\"897\" srcset=\"https:\/\/qingdaohf.com\/wp-content\/uploads\/2023\/04\/1-7.jpg 660w, https:\/\/qingdaohf.com\/wp-content\/uploads\/2023\/04\/1-7-221x300.jpg 221w\" sizes=\"(max-width: 660px) 100vw, 660px\" \/><\/p>","protected":false},"excerpt":{"rendered":"<p>\u0158et\u011bz s h\u00e1ky je v\u0161estrann\u00fd a u\u017eite\u010dn\u00fd n\u00e1stroj, kter\u00fd se b\u011b\u017en\u011b pou\u017e\u00edv\u00e1 v r\u016fzn\u00fdch odv\u011btv\u00edch, v\u010detn\u011b stavebnictv\u00ed, dopravy, zem\u011bd\u011blstv\u00ed a univerz\u00e1ln\u00edch aplikac\u00ed. Skl\u00e1d\u00e1 se z d\u00e9lky \u0159et\u011bzu, kter\u00fd je na obou konc\u00edch vybaven h\u00e1ky.<\/p>","protected":false},"featured_media":3525,"comment_status":"open","ping_status":"closed","template":"","meta":{"site-sidebar-layout":"default","site-content-layout":"default","ast-site-content-layout":"","site-content-style":"default","site-sidebar-style":"default","ast-global-header-display":"","ast-banner-title-visibility":"","ast-main-header-display":"","ast-hfb-above-header-display":"","ast-hfb-below-header-display":"","ast-hfb-mobile-header-display":"","site-post-title":"","ast-breadcrumbs-content":"","ast-featured-img":"","footer-sml-layout":"","theme-transparent-header-meta":"default","adv-header-id-meta":"","stick-header-meta":"default","header-above-stick-meta":"","header-main-stick-meta":"","header-below-stick-meta":"","astra-migrate-meta-layouts":"default","ast-page-background-enabled":"default","ast-page-background-meta":{"desktop":{"background-color":"","background-image":"","background-repeat":"repeat","background-position":"center center","background-size":"auto","background-attachment":"scroll","background-type":"","background-media":"","overlay-type":"","overlay-color":"","overlay-opacity":"","overlay-gradient":""},"tablet":{"background-color":"","background-image":"","background-repeat":"repeat","background-position":"center center","background-size":"auto","background-attachment":"scroll","background-type":"","background-media":"","overlay-type":"","overlay-color":"","overlay-opacity":"","overlay-gradient":""},"mobile":{"background-color":"","background-image":"","background-repeat":"repeat","background-position":"center center","background-size":"auto","background-attachment":"scroll","background-type":"","background-media":"","overlay-type":"","overlay-color":"","overlay-opacity":"","overlay-gradient":""}},"ast-content-background-meta":{"desktop":{"background-color":"var(--ast-global-color-5)","background-image":"","background-repeat":"repeat","background-position":"center center","background-size":"auto","background-attachment":"scroll","background-type":"","background-media":"","overlay-type":"","overlay-color":"","overlay-opacity":"","overlay-gradient":""},"tablet":{"background-color":"var(--ast-global-color-5)","background-image":"","background-repeat":"repeat","background-position":"center center","background-size":"auto","background-attachment":"scroll","background-type":"","background-media":"","overlay-type":"","overlay-color":"","overlay-opacity":"","overlay-gradient":""},"mobile":{"background-color":"var(--ast-global-color-5)","background-image":"","background-repeat":"repeat","background-position":"center center","background-size":"auto","background-attachment":"scroll","background-type":"","background-media":"","overlay-type":"","overlay-color":"","overlay-opacity":"","overlay-gradient":""}}},"product_brand":[],"product_cat":[43],"product_tag":[],"class_list":{"0":"post-3517","1":"product","2":"type-product","3":"status-publish","4":"has-post-thumbnail","6":"product_cat-rigging-hardware","7":"desktop-align-left","8":"tablet-align-left","9":"mobile-align-left","10":"ast-product-gallery-layout-horizontal-slider","11":"ast-product-tabs-layout-horizontal","13":"first","14":"instock","15":"shipping-taxable","16":"purchasable","17":"product-type-simple"},"yoast_head":"<!-- This site is optimized with the Yoast SEO plugin v25.2 - https:\/\/yoast.com\/wordpress\/plugins\/seo\/ -->\n<title>Chain with Grab Hooks<\/title>\n<meta name=\"description\" content=\"Chain with Grab Hooks is a versatile and useful tool commonly used in various industries, including construction, transportation, agriculture, and general-purpose applications.\" \/>\n<meta name=\"robots\" content=\"index, follow, max-snippet:-1, max-image-preview:large, max-video-preview:-1\" \/>\n<link rel=\"canonical\" href=\"https:\/\/qingdaohf.com\/cs\/produkt\/retez-s-hacky\/\" \/>\n<meta property=\"og:locale\" content=\"cs_CZ\" \/>\n<meta property=\"og:type\" content=\"article\" \/>\n<meta property=\"og:title\" content=\"Chain with Grab Hooks\" \/>\n<meta property=\"og:description\" content=\"Chain with Grab Hooks is a versatile and useful tool commonly used in various industries, including construction, transportation, agriculture, and general-purpose applications.\" \/>\n<meta property=\"og:url\" content=\"https:\/\/qingdaohf.com\/cs\/produkt\/retez-s-hacky\/\" \/>\n<meta property=\"og:site_name\" content=\"Concrete Form &amp; Rigging Hardware Supplier\" \/>\n<meta property=\"article:publisher\" content=\"https:\/\/www.facebook.com\/qingdaohf\" \/>\n<meta property=\"article:modified_time\" content=\"2025-11-13T01:05:13+00:00\" \/>\n<meta property=\"og:image\" content=\"https:\/\/qingdaohf.com\/wp-content\/uploads\/2023\/04\/6.jpg\" \/>\n\t<meta property=\"og:image:width\" content=\"800\" \/>\n\t<meta property=\"og:image:height\" content=\"800\" \/>\n\t<meta property=\"og:image:type\" content=\"image\/jpeg\" \/>\n<meta name=\"twitter:card\" content=\"summary_large_image\" \/>\n<meta name=\"twitter:label1\" content=\"Odhadovan\u00e1 doba \u010dten\u00ed\" \/>\n\t<meta name=\"twitter:data1\" content=\"2 minuty\" \/>\n<script type=\"application\/ld+json\" class=\"yoast-schema-graph\">{\"@context\":\"https:\/\/schema.org\",\"@graph\":[{\"@type\":\"WebPage\",\"@id\":\"https:\/\/qingdaohf.com\/product\/chain-with-grab-hooks\/\",\"url\":\"https:\/\/qingdaohf.com\/product\/chain-with-grab-hooks\/\",\"name\":\"Chain with Grab Hooks\",\"isPartOf\":{\"@id\":\"https:\/\/qingdaohf.com\/bg\/#website\"},\"primaryImageOfPage\":{\"@id\":\"https:\/\/qingdaohf.com\/product\/chain-with-grab-hooks\/#primaryimage\"},\"image\":{\"@id\":\"https:\/\/qingdaohf.com\/product\/chain-with-grab-hooks\/#primaryimage\"},\"thumbnailUrl\":\"https:\/\/qingdaohf.com\/wp-content\/uploads\/2023\/04\/6.jpg\",\"datePublished\":\"2023-04-10T09:40:09+00:00\",\"dateModified\":\"2025-11-13T01:05:13+00:00\",\"description\":\"Chain with Grab Hooks is a versatile and useful tool commonly used in various industries, including construction, transportation, agriculture, and general-purpose applications.\",\"breadcrumb\":{\"@id\":\"https:\/\/qingdaohf.com\/product\/chain-with-grab-hooks\/#breadcrumb\"},\"inLanguage\":\"cs\",\"potentialAction\":[{\"@type\":\"ReadAction\",\"target\":[\"https:\/\/qingdaohf.com\/product\/chain-with-grab-hooks\/\"]}]},{\"@type\":\"ImageObject\",\"inLanguage\":\"cs\",\"@id\":\"https:\/\/qingdaohf.com\/product\/chain-with-grab-hooks\/#primaryimage\",\"url\":\"https:\/\/qingdaohf.com\/wp-content\/uploads\/2023\/04\/6.jpg\",\"contentUrl\":\"https:\/\/qingdaohf.com\/wp-content\/uploads\/2023\/04\/6.jpg\",\"width\":800,\"height\":800,\"caption\":\"Chain with Grab Hooks\"},{\"@type\":\"BreadcrumbList\",\"@id\":\"https:\/\/qingdaohf.com\/product\/chain-with-grab-hooks\/#breadcrumb\",\"itemListElement\":[{\"@type\":\"ListItem\",\"position\":1,\"name\":\"Home\",\"item\":\"https:\/\/qingdaohf.com\/\"},{\"@type\":\"ListItem\",\"position\":2,\"name\":\"Concrete Forming Accessories and Rigging Hardware\",\"item\":\"https:\/\/qingdaohf.com\/bg\/?page_id=944\"},{\"@type\":\"ListItem\",\"position\":3,\"name\":\"Chain with Grab Hooks\"}]},{\"@type\":\"WebSite\",\"@id\":\"https:\/\/qingdaohf.com\/bg\/#website\",\"url\":\"https:\/\/qingdaohf.com\/bg\/\",\"name\":\"Concrete Form & Rigging Hardware Supplier\",\"description\":\"\",\"publisher\":{\"@id\":\"https:\/\/qingdaohf.com\/bg\/#organization\"},\"potentialAction\":[{\"@type\":\"SearchAction\",\"target\":{\"@type\":\"EntryPoint\",\"urlTemplate\":\"https:\/\/qingdaohf.com\/bg\/?s={search_term_string}\"},\"query-input\":{\"@type\":\"PropertyValueSpecification\",\"valueRequired\":true,\"valueName\":\"search_term_string\"}}],\"inLanguage\":\"cs\"},{\"@type\":\"Organization\",\"@id\":\"https:\/\/qingdaohf.com\/bg\/#organization\",\"name\":\"Qingdao H&F\",\"url\":\"https:\/\/qingdaohf.com\/bg\/\",\"logo\":{\"@type\":\"ImageObject\",\"inLanguage\":\"cs\",\"@id\":\"https:\/\/qingdaohf.com\/bg\/#\/schema\/logo\/image\/\",\"url\":\"https:\/\/qingdaohf.com\/wp-content\/uploads\/2022\/12\/cropped-HF-LOGO.png\",\"contentUrl\":\"https:\/\/qingdaohf.com\/wp-content\/uploads\/2022\/12\/cropped-HF-LOGO.png\",\"width\":391,\"height\":249,\"caption\":\"Qingdao H&F\"},\"image\":{\"@id\":\"https:\/\/qingdaohf.com\/bg\/#\/schema\/logo\/image\/\"},\"sameAs\":[\"https:\/\/www.facebook.com\/qingdaohf\"]}]}<\/script>\n<!-- \/ Yoast SEO plugin. -->","yoast_head_json":{"title":"Chain with Grab Hooks","description":"Chain with Grab Hooks is a versatile and useful tool commonly used in various industries, including construction, transportation, agriculture, and general-purpose applications.","robots":{"index":"index","follow":"follow","max-snippet":"max-snippet:-1","max-image-preview":"max-image-preview:large","max-video-preview":"max-video-preview:-1"},"canonical":"https:\/\/qingdaohf.com\/cs\/produkt\/retez-s-hacky\/","og_locale":"cs_CZ","og_type":"article","og_title":"Chain with Grab Hooks","og_description":"Chain with Grab Hooks is a versatile and useful tool commonly used in various industries, including construction, transportation, agriculture, and general-purpose applications.","og_url":"https:\/\/qingdaohf.com\/cs\/produkt\/retez-s-hacky\/","og_site_name":"Concrete Form &amp; Rigging Hardware Supplier","article_publisher":"https:\/\/www.facebook.com\/qingdaohf","article_modified_time":"2025-11-13T01:05:13+00:00","og_image":[{"width":800,"height":800,"url":"https:\/\/qingdaohf.com\/wp-content\/uploads\/2023\/04\/6.jpg","type":"image\/jpeg"}],"twitter_card":"summary_large_image","twitter_misc":{"Odhadovan\u00e1 doba \u010dten\u00ed":"2 minuty"},"schema":{"@context":"https:\/\/schema.org","@graph":[{"@type":"WebPage","@id":"https:\/\/qingdaohf.com\/product\/chain-with-grab-hooks\/","url":"https:\/\/qingdaohf.com\/product\/chain-with-grab-hooks\/","name":"Chain with Grab Hooks","isPartOf":{"@id":"https:\/\/qingdaohf.com\/bg\/#website"},"primaryImageOfPage":{"@id":"https:\/\/qingdaohf.com\/product\/chain-with-grab-hooks\/#primaryimage"},"image":{"@id":"https:\/\/qingdaohf.com\/product\/chain-with-grab-hooks\/#primaryimage"},"thumbnailUrl":"https:\/\/qingdaohf.com\/wp-content\/uploads\/2023\/04\/6.jpg","datePublished":"2023-04-10T09:40:09+00:00","dateModified":"2025-11-13T01:05:13+00:00","description":"Chain with Grab Hooks is a versatile and useful tool commonly used in various industries, including construction, transportation, agriculture, and general-purpose applications.","breadcrumb":{"@id":"https:\/\/qingdaohf.com\/product\/chain-with-grab-hooks\/#breadcrumb"},"inLanguage":"cs","potentialAction":[{"@type":"ReadAction","target":["https:\/\/qingdaohf.com\/product\/chain-with-grab-hooks\/"]}]},{"@type":"ImageObject","inLanguage":"cs","@id":"https:\/\/qingdaohf.com\/product\/chain-with-grab-hooks\/#primaryimage","url":"https:\/\/qingdaohf.com\/wp-content\/uploads\/2023\/04\/6.jpg","contentUrl":"https:\/\/qingdaohf.com\/wp-content\/uploads\/2023\/04\/6.jpg","width":800,"height":800,"caption":"Chain with Grab Hooks"},{"@type":"BreadcrumbList","@id":"https:\/\/qingdaohf.com\/product\/chain-with-grab-hooks\/#breadcrumb","itemListElement":[{"@type":"ListItem","position":1,"name":"Home","item":"https:\/\/qingdaohf.com\/"},{"@type":"ListItem","position":2,"name":"Concrete Forming Accessories and Rigging Hardware","item":"https:\/\/qingdaohf.com\/bg\/?page_id=944"},{"@type":"ListItem","position":3,"name":"Chain with Grab Hooks"}]},{"@type":"WebSite","@id":"https:\/\/qingdaohf.com\/bg\/#website","url":"https:\/\/qingdaohf.com\/bg\/","name":"Concrete Form & Rigging Hardware Supplier","description":"","publisher":{"@id":"https:\/\/qingdaohf.com\/bg\/#organization"},"potentialAction":[{"@type":"SearchAction","target":{"@type":"EntryPoint","urlTemplate":"https:\/\/qingdaohf.com\/bg\/?s={search_term_string}"},"query-input":{"@type":"PropertyValueSpecification","valueRequired":true,"valueName":"search_term_string"}}],"inLanguage":"cs"},{"@type":"Organization","@id":"https:\/\/qingdaohf.com\/bg\/#organization","name":"Qingdao H&F","url":"https:\/\/qingdaohf.com\/bg\/","logo":{"@type":"ImageObject","inLanguage":"cs","@id":"https:\/\/qingdaohf.com\/bg\/#\/schema\/logo\/image\/","url":"https:\/\/qingdaohf.com\/wp-content\/uploads\/2022\/12\/cropped-HF-LOGO.png","contentUrl":"https:\/\/qingdaohf.com\/wp-content\/uploads\/2022\/12\/cropped-HF-LOGO.png","width":391,"height":249,"caption":"Qingdao H&F"},"image":{"@id":"https:\/\/qingdaohf.com\/bg\/#\/schema\/logo\/image\/"},"sameAs":["https:\/\/www.facebook.com\/qingdaohf"]}]}},"_links":{"self":[{"href":"https:\/\/qingdaohf.com\/cs\/wp-json\/wp\/v2\/product\/3517","targetHints":{"allow":["GET"]}}],"collection":[{"href":"https:\/\/qingdaohf.com\/cs\/wp-json\/wp\/v2\/product"}],"about":[{"href":"https:\/\/qingdaohf.com\/cs\/wp-json\/wp\/v2\/types\/product"}],"replies":[{"embeddable":true,"href":"https:\/\/qingdaohf.com\/cs\/wp-json\/wp\/v2\/comments?post=3517"}],"version-history":[{"count":2,"href":"https:\/\/qingdaohf.com\/cs\/wp-json\/wp\/v2\/product\/3517\/revisions"}],"predecessor-version":[{"id":10433,"href":"https:\/\/qingdaohf.com\/cs\/wp-json\/wp\/v2\/product\/3517\/revisions\/10433"}],"wp:featuredmedia":[{"embeddable":true,"href":"https:\/\/qingdaohf.com\/cs\/wp-json\/wp\/v2\/media\/3525"}],"wp:attachment":[{"href":"https:\/\/qingdaohf.com\/cs\/wp-json\/wp\/v2\/media?parent=3517"}],"wp:term":[{"taxonomy":"product_brand","embeddable":true,"href":"https:\/\/qingdaohf.com\/cs\/wp-json\/wp\/v2\/product_brand?post=3517"},{"taxonomy":"product_cat","embeddable":true,"href":"https:\/\/qingdaohf.com\/cs\/wp-json\/wp\/v2\/product_cat?post=3517"},{"taxonomy":"product_tag","embeddable":true,"href":"https:\/\/qingdaohf.com\/cs\/wp-json\/wp\/v2\/product_tag?post=3517"}],"curies":[{"name":"wp","href":"https:\/\/api.w.org\/{rel}","templated":true}]}}