{"id":3576,"date":"2023-04-10T19:05:10","date_gmt":"2023-04-10T11:05:10","guid":{"rendered":"http:\/\/qingdaohf.com\/?post_type=product&#038;p=3576"},"modified":"2025-11-13T09:05:12","modified_gmt":"2025-11-13T01:05:12","slug":"grab-hooks","status":"publish","type":"product","link":"https:\/\/qingdaohf.com\/cs\/produkt\/hacky-na-uchopeni\/","title":{"rendered":"H\u00e1ky pro uchopen\u00ed kle\u0161t\u00ed"},"content":{"rendered":"<p>Konstrukce h\u00e1k\u016f se obvykle skl\u00e1d\u00e1 ze zak\u0159iven\u00e9ho t\u011bla ve tvaru p\u00edsmene U se z\u00e1padkou nebo \u010depem v otvoru h\u00e1ku. Tato z\u00e1padka pom\u00e1h\u00e1 udr\u017eet \u0159et\u011bz nebo materi\u00e1l bezpe\u010dn\u011b na m\u00edst\u011b a zabra\u0148uje n\u00e1hodn\u00e9mu vyklouznut\u00ed b\u011bhem provozu. Tvar h\u00e1ku umo\u017e\u0148uje zachycen\u00ed za \u010dl\u00e1nky \u0159et\u011bzu nebo jin\u00e9 vhodn\u00e9 upev\u0148ovac\u00ed body.<\/p>\n<p>H\u00e1ky jsou \u010dasto vyrobeny z robustn\u00edch materi\u00e1l\u016f, jako je legovan\u00e1 ocel, kter\u00e9 zaji\u0161\u0165uj\u00ed pevnost, trvanlivost a odolnost proti opot\u0159eben\u00ed a korozi. Jsou navr\u017eeny tak, aby odol\u00e1valy velk\u00e9mu zat\u00ed\u017een\u00ed a n\u00e1ro\u010dn\u00fdm pracovn\u00edm podm\u00ednk\u00e1m, co\u017e zaji\u0161\u0165uje jejich spolehlivost a dlouhou \u017eivotnost.<\/p>\n<p><img fetchpriority=\"high\" decoding=\"async\" class=\"alignnone size-full wp-image-3580\" src=\"http:\/\/qingdaohf.com\/wp-content\/uploads\/2023\/04\/1-11.jpg\" alt=\"H\u00e1\u010dky na uchopen\u00ed\" width=\"800\" height=\"604\" srcset=\"https:\/\/qingdaohf.com\/wp-content\/uploads\/2023\/04\/1-11.jpg 800w, https:\/\/qingdaohf.com\/wp-content\/uploads\/2023\/04\/1-11-300x227.jpg 300w, https:\/\/qingdaohf.com\/wp-content\/uploads\/2023\/04\/1-11-768x580.jpg 768w\" sizes=\"(max-width: 800px) 100vw, 800px\" \/><\/p>\n<p>Tyto h\u00e1ky se b\u011b\u017en\u011b pou\u017e\u00edvaj\u00ed v aplikac\u00edch, kde je pot\u0159eba rychl\u00e9 a do\u010dasn\u00e9 p\u0159ipojen\u00ed nebo \u00faprava. Jsou obzvl\u00e1\u0161t\u011b u\u017eite\u010dn\u00e9 pro upevn\u011bn\u00ed n\u00e1kladu, nap\u0159\u00edklad p\u0159i upev\u0148ov\u00e1n\u00ed n\u00e1kladu na n\u00e1kladn\u00edm automobilu nebo p\u0159\u00edv\u011bsu, nebo pro p\u0159ipevn\u011bn\u00ed \u0159et\u011bz\u016f ke zdvihac\u00edm za\u0159\u00edzen\u00edm, jako jsou je\u0159\u00e1by nebo kladkostroje. \u00dachytn\u00e9 h\u00e1ky lze snadno p\u0159ipojit a odpojit od \u0159et\u011bzu nebo materi\u00e1lu, co\u017e umo\u017e\u0148uje efektivn\u00ed a pohodlnou manipulaci s n\u00e1kladem.<\/p>\n<div class=\"ast-oembed-container\" style=\"height: 100%;\"><iframe title=\"Zvedac\u00ed h\u00e1k H&amp;F Grab Hook\" width=\"500\" height=\"281\" src=\"https:\/\/www.youtube.com\/embed\/5b2jC-koJsQ?feature=oembed\" frameborder=\"0\" allow=\"accelerometer; autoplay; clipboard-write; encrypted-media; gyroscope; picture-in-picture; web-share\" referrerpolicy=\"strict-origin-when-cross-origin\" allowfullscreen><\/iframe><\/div>\n<p>&nbsp;<\/p>","protected":false},"excerpt":{"rendered":"<p>H\u00e1ky jsou specializovan\u00e9 h\u00e1ky, kter\u00e9 se pou\u017e\u00edvaj\u00ed k uchopen\u00ed a zaji\u0161t\u011bn\u00ed \u0159et\u011bz\u016f nebo jin\u00fdch typ\u016f napjat\u00fdch materi\u00e1l\u016f. Tyto h\u00e1ky se b\u011b\u017en\u011b pou\u017e\u00edvaj\u00ed v pr\u016fmyslov\u00fdch odv\u011btv\u00edch, jako je stavebnictv\u00ed, odtahov\u00e1 slu\u017eba a zem\u011bd\u011blstv\u00ed, kde se vy\u017eaduje zved\u00e1n\u00ed t\u011b\u017ek\u00fdch b\u0159emen a jejich zaji\u0161t\u011bn\u00ed.<\/p>","protected":false},"featured_media":3577,"comment_status":"open","ping_status":"closed","template":"","meta":{"site-sidebar-layout":"default","site-content-layout":"default","ast-site-content-layout":"default","site-content-style":"default","site-sidebar-style":"default","ast-global-header-display":"","ast-banner-title-visibility":"","ast-main-header-display":"","ast-hfb-above-header-display":"","ast-hfb-below-header-display":"","ast-hfb-mobile-header-display":"","site-post-title":"","ast-breadcrumbs-content":"","ast-featured-img":"","footer-sml-layout":"","theme-transparent-header-meta":"default","adv-header-id-meta":"","stick-header-meta":"default","header-above-stick-meta":"","header-main-stick-meta":"","header-below-stick-meta":"","astra-migrate-meta-layouts":"set","ast-page-background-enabled":"default","ast-page-background-meta":{"desktop":{"background-color":"","background-image":"","background-repeat":"repeat","background-position":"center center","background-size":"auto","background-attachment":"scroll","background-type":"","background-media":"","overlay-type":"","overlay-color":"","overlay-opacity":"","overlay-gradient":""},"tablet":{"background-color":"","background-image":"","background-repeat":"repeat","background-position":"center center","background-size":"auto","background-attachment":"scroll","background-type":"","background-media":"","overlay-type":"","overlay-color":"","overlay-opacity":"","overlay-gradient":""},"mobile":{"background-color":"","background-image":"","background-repeat":"repeat","background-position":"center center","background-size":"auto","background-attachment":"scroll","background-type":"","background-media":"","overlay-type":"","overlay-color":"","overlay-opacity":"","overlay-gradient":""}},"ast-content-background-meta":{"desktop":{"background-color":"var(--ast-global-color-5)","background-image":"","background-repeat":"repeat","background-position":"center center","background-size":"auto","background-attachment":"scroll","background-type":"","background-media":"","overlay-type":"","overlay-color":"","overlay-opacity":"","overlay-gradient":""},"tablet":{"background-color":"var(--ast-global-color-5)","background-image":"","background-repeat":"repeat","background-position":"center center","background-size":"auto","background-attachment":"scroll","background-type":"","background-media":"","overlay-type":"","overlay-color":"","overlay-opacity":"","overlay-gradient":""},"mobile":{"background-color":"var(--ast-global-color-5)","background-image":"","background-repeat":"repeat","background-position":"center center","background-size":"auto","background-attachment":"scroll","background-type":"","background-media":"","overlay-type":"","overlay-color":"","overlay-opacity":"","overlay-gradient":""}}},"product_brand":[],"product_cat":[57,43],"product_tag":[],"class_list":{"0":"post-3576","1":"product","2":"type-product","3":"status-publish","4":"has-post-thumbnail","6":"product_cat-sling-hook","7":"product_cat-rigging-hardware","8":"desktop-align-left","9":"tablet-align-left","10":"mobile-align-left","11":"ast-product-gallery-layout-horizontal-slider","12":"ast-product-tabs-layout-horizontal","14":"first","15":"instock","16":"shipping-taxable","17":"purchasable","18":"product-type-simple"},"yoast_head":"<!-- This site is optimized with the Yoast SEO plugin v25.2 - https:\/\/yoast.com\/wordpress\/plugins\/seo\/ -->\n<title>Clevis Grab Hooks<\/title>\n<meta name=\"description\" content=\"Grab hooks are specialized hooks used for gripping and securing chains or other types of tensioned materials.\" \/>\n<meta name=\"robots\" content=\"index, follow, max-snippet:-1, max-image-preview:large, max-video-preview:-1\" \/>\n<link rel=\"canonical\" href=\"https:\/\/qingdaohf.com\/cs\/produkt\/hacky-na-uchopeni\/\" \/>\n<meta property=\"og:locale\" content=\"cs_CZ\" \/>\n<meta property=\"og:type\" content=\"article\" \/>\n<meta property=\"og:title\" content=\"Clevis Grab Hooks\" \/>\n<meta property=\"og:description\" content=\"Grab hooks are specialized hooks used for gripping and securing chains or other types of tensioned materials.\" \/>\n<meta property=\"og:url\" content=\"https:\/\/qingdaohf.com\/cs\/produkt\/hacky-na-uchopeni\/\" \/>\n<meta property=\"og:site_name\" content=\"Concrete Form &amp; Rigging Hardware Supplier\" \/>\n<meta property=\"article:publisher\" content=\"https:\/\/www.facebook.com\/qingdaohf\" \/>\n<meta property=\"article:modified_time\" content=\"2025-11-13T01:05:12+00:00\" \/>\n<meta property=\"og:image\" content=\"https:\/\/qingdaohf.com\/wp-content\/uploads\/2023\/04\/3.jpg\" \/>\n\t<meta property=\"og:image:width\" content=\"800\" \/>\n\t<meta property=\"og:image:height\" content=\"800\" \/>\n\t<meta property=\"og:image:type\" content=\"image\/jpeg\" \/>\n<meta name=\"twitter:card\" content=\"summary_large_image\" \/>\n<meta name=\"twitter:label1\" content=\"Odhadovan\u00e1 doba \u010dten\u00ed\" \/>\n\t<meta name=\"twitter:data1\" content=\"2 minuty\" \/>\n<script type=\"application\/ld+json\" class=\"yoast-schema-graph\">{\"@context\":\"https:\/\/schema.org\",\"@graph\":[{\"@type\":\"WebPage\",\"@id\":\"https:\/\/qingdaohf.com\/product\/grab-hooks\/\",\"url\":\"https:\/\/qingdaohf.com\/product\/grab-hooks\/\",\"name\":\"Clevis Grab Hooks\",\"isPartOf\":{\"@id\":\"https:\/\/qingdaohf.com\/bg\/#website\"},\"primaryImageOfPage\":{\"@id\":\"https:\/\/qingdaohf.com\/product\/grab-hooks\/#primaryimage\"},\"image\":{\"@id\":\"https:\/\/qingdaohf.com\/product\/grab-hooks\/#primaryimage\"},\"thumbnailUrl\":\"https:\/\/qingdaohf.com\/wp-content\/uploads\/2023\/04\/3.jpg\",\"datePublished\":\"2023-04-10T11:05:10+00:00\",\"dateModified\":\"2025-11-13T01:05:12+00:00\",\"description\":\"Grab hooks are specialized hooks used for gripping and securing chains or other types of tensioned materials.\",\"breadcrumb\":{\"@id\":\"https:\/\/qingdaohf.com\/product\/grab-hooks\/#breadcrumb\"},\"inLanguage\":\"cs\",\"potentialAction\":[{\"@type\":\"ReadAction\",\"target\":[\"https:\/\/qingdaohf.com\/product\/grab-hooks\/\"]}]},{\"@type\":\"ImageObject\",\"inLanguage\":\"cs\",\"@id\":\"https:\/\/qingdaohf.com\/product\/grab-hooks\/#primaryimage\",\"url\":\"https:\/\/qingdaohf.com\/wp-content\/uploads\/2023\/04\/3.jpg\",\"contentUrl\":\"https:\/\/qingdaohf.com\/wp-content\/uploads\/2023\/04\/3.jpg\",\"width\":800,\"height\":800,\"caption\":\"grab hooks\"},{\"@type\":\"BreadcrumbList\",\"@id\":\"https:\/\/qingdaohf.com\/product\/grab-hooks\/#breadcrumb\",\"itemListElement\":[{\"@type\":\"ListItem\",\"position\":1,\"name\":\"Home\",\"item\":\"https:\/\/qingdaohf.com\/\"},{\"@type\":\"ListItem\",\"position\":2,\"name\":\"Concrete Forming Accessories and Rigging Hardware\",\"item\":\"https:\/\/qingdaohf.com\/bg\/?page_id=944\"},{\"@type\":\"ListItem\",\"position\":3,\"name\":\"Clevis Grab Hooks\"}]},{\"@type\":\"WebSite\",\"@id\":\"https:\/\/qingdaohf.com\/bg\/#website\",\"url\":\"https:\/\/qingdaohf.com\/bg\/\",\"name\":\"Concrete Form & Rigging Hardware Supplier\",\"description\":\"\",\"publisher\":{\"@id\":\"https:\/\/qingdaohf.com\/bg\/#organization\"},\"potentialAction\":[{\"@type\":\"SearchAction\",\"target\":{\"@type\":\"EntryPoint\",\"urlTemplate\":\"https:\/\/qingdaohf.com\/bg\/?s={search_term_string}\"},\"query-input\":{\"@type\":\"PropertyValueSpecification\",\"valueRequired\":true,\"valueName\":\"search_term_string\"}}],\"inLanguage\":\"cs\"},{\"@type\":\"Organization\",\"@id\":\"https:\/\/qingdaohf.com\/bg\/#organization\",\"name\":\"Qingdao H&F\",\"url\":\"https:\/\/qingdaohf.com\/bg\/\",\"logo\":{\"@type\":\"ImageObject\",\"inLanguage\":\"cs\",\"@id\":\"https:\/\/qingdaohf.com\/bg\/#\/schema\/logo\/image\/\",\"url\":\"https:\/\/qingdaohf.com\/wp-content\/uploads\/2022\/12\/cropped-HF-LOGO.png\",\"contentUrl\":\"https:\/\/qingdaohf.com\/wp-content\/uploads\/2022\/12\/cropped-HF-LOGO.png\",\"width\":391,\"height\":249,\"caption\":\"Qingdao H&F\"},\"image\":{\"@id\":\"https:\/\/qingdaohf.com\/bg\/#\/schema\/logo\/image\/\"},\"sameAs\":[\"https:\/\/www.facebook.com\/qingdaohf\"]}]}<\/script>\n<!-- \/ Yoast SEO plugin. -->","yoast_head_json":{"title":"Clevis Grab Hooks","description":"Grab hooks are specialized hooks used for gripping and securing chains or other types of tensioned materials.","robots":{"index":"index","follow":"follow","max-snippet":"max-snippet:-1","max-image-preview":"max-image-preview:large","max-video-preview":"max-video-preview:-1"},"canonical":"https:\/\/qingdaohf.com\/cs\/produkt\/hacky-na-uchopeni\/","og_locale":"cs_CZ","og_type":"article","og_title":"Clevis Grab Hooks","og_description":"Grab hooks are specialized hooks used for gripping and securing chains or other types of tensioned materials.","og_url":"https:\/\/qingdaohf.com\/cs\/produkt\/hacky-na-uchopeni\/","og_site_name":"Concrete Form &amp; Rigging Hardware Supplier","article_publisher":"https:\/\/www.facebook.com\/qingdaohf","article_modified_time":"2025-11-13T01:05:12+00:00","og_image":[{"width":800,"height":800,"url":"https:\/\/qingdaohf.com\/wp-content\/uploads\/2023\/04\/3.jpg","type":"image\/jpeg"}],"twitter_card":"summary_large_image","twitter_misc":{"Odhadovan\u00e1 doba \u010dten\u00ed":"2 minuty"},"schema":{"@context":"https:\/\/schema.org","@graph":[{"@type":"WebPage","@id":"https:\/\/qingdaohf.com\/product\/grab-hooks\/","url":"https:\/\/qingdaohf.com\/product\/grab-hooks\/","name":"Clevis Grab Hooks","isPartOf":{"@id":"https:\/\/qingdaohf.com\/bg\/#website"},"primaryImageOfPage":{"@id":"https:\/\/qingdaohf.com\/product\/grab-hooks\/#primaryimage"},"image":{"@id":"https:\/\/qingdaohf.com\/product\/grab-hooks\/#primaryimage"},"thumbnailUrl":"https:\/\/qingdaohf.com\/wp-content\/uploads\/2023\/04\/3.jpg","datePublished":"2023-04-10T11:05:10+00:00","dateModified":"2025-11-13T01:05:12+00:00","description":"Grab hooks are specialized hooks used for gripping and securing chains or other types of tensioned materials.","breadcrumb":{"@id":"https:\/\/qingdaohf.com\/product\/grab-hooks\/#breadcrumb"},"inLanguage":"cs","potentialAction":[{"@type":"ReadAction","target":["https:\/\/qingdaohf.com\/product\/grab-hooks\/"]}]},{"@type":"ImageObject","inLanguage":"cs","@id":"https:\/\/qingdaohf.com\/product\/grab-hooks\/#primaryimage","url":"https:\/\/qingdaohf.com\/wp-content\/uploads\/2023\/04\/3.jpg","contentUrl":"https:\/\/qingdaohf.com\/wp-content\/uploads\/2023\/04\/3.jpg","width":800,"height":800,"caption":"grab hooks"},{"@type":"BreadcrumbList","@id":"https:\/\/qingdaohf.com\/product\/grab-hooks\/#breadcrumb","itemListElement":[{"@type":"ListItem","position":1,"name":"Home","item":"https:\/\/qingdaohf.com\/"},{"@type":"ListItem","position":2,"name":"Concrete Forming Accessories and Rigging Hardware","item":"https:\/\/qingdaohf.com\/bg\/?page_id=944"},{"@type":"ListItem","position":3,"name":"Clevis Grab Hooks"}]},{"@type":"WebSite","@id":"https:\/\/qingdaohf.com\/bg\/#website","url":"https:\/\/qingdaohf.com\/bg\/","name":"Concrete Form & Rigging Hardware Supplier","description":"","publisher":{"@id":"https:\/\/qingdaohf.com\/bg\/#organization"},"potentialAction":[{"@type":"SearchAction","target":{"@type":"EntryPoint","urlTemplate":"https:\/\/qingdaohf.com\/bg\/?s={search_term_string}"},"query-input":{"@type":"PropertyValueSpecification","valueRequired":true,"valueName":"search_term_string"}}],"inLanguage":"cs"},{"@type":"Organization","@id":"https:\/\/qingdaohf.com\/bg\/#organization","name":"Qingdao H&F","url":"https:\/\/qingdaohf.com\/bg\/","logo":{"@type":"ImageObject","inLanguage":"cs","@id":"https:\/\/qingdaohf.com\/bg\/#\/schema\/logo\/image\/","url":"https:\/\/qingdaohf.com\/wp-content\/uploads\/2022\/12\/cropped-HF-LOGO.png","contentUrl":"https:\/\/qingdaohf.com\/wp-content\/uploads\/2022\/12\/cropped-HF-LOGO.png","width":391,"height":249,"caption":"Qingdao H&F"},"image":{"@id":"https:\/\/qingdaohf.com\/bg\/#\/schema\/logo\/image\/"},"sameAs":["https:\/\/www.facebook.com\/qingdaohf"]}]}},"_links":{"self":[{"href":"https:\/\/qingdaohf.com\/cs\/wp-json\/wp\/v2\/product\/3576","targetHints":{"allow":["GET"]}}],"collection":[{"href":"https:\/\/qingdaohf.com\/cs\/wp-json\/wp\/v2\/product"}],"about":[{"href":"https:\/\/qingdaohf.com\/cs\/wp-json\/wp\/v2\/types\/product"}],"replies":[{"embeddable":true,"href":"https:\/\/qingdaohf.com\/cs\/wp-json\/wp\/v2\/comments?post=3576"}],"version-history":[{"count":2,"href":"https:\/\/qingdaohf.com\/cs\/wp-json\/wp\/v2\/product\/3576\/revisions"}],"predecessor-version":[{"id":3965,"href":"https:\/\/qingdaohf.com\/cs\/wp-json\/wp\/v2\/product\/3576\/revisions\/3965"}],"wp:featuredmedia":[{"embeddable":true,"href":"https:\/\/qingdaohf.com\/cs\/wp-json\/wp\/v2\/media\/3577"}],"wp:attachment":[{"href":"https:\/\/qingdaohf.com\/cs\/wp-json\/wp\/v2\/media?parent=3576"}],"wp:term":[{"taxonomy":"product_brand","embeddable":true,"href":"https:\/\/qingdaohf.com\/cs\/wp-json\/wp\/v2\/product_brand?post=3576"},{"taxonomy":"product_cat","embeddable":true,"href":"https:\/\/qingdaohf.com\/cs\/wp-json\/wp\/v2\/product_cat?post=3576"},{"taxonomy":"product_tag","embeddable":true,"href":"https:\/\/qingdaohf.com\/cs\/wp-json\/wp\/v2\/product_tag?post=3576"}],"curies":[{"name":"wp","href":"https:\/\/api.w.org\/{rel}","templated":true}]}}