{"id":3812,"date":"2023-05-19T16:11:27","date_gmt":"2023-05-19T08:11:27","guid":{"rendered":"http:\/\/qingdaohf.com\/?post_type=product&#038;p=3812"},"modified":"2025-11-13T09:05:11","modified_gmt":"2025-11-13T01:05:11","slug":"g210-shackle","status":"publish","type":"product","link":"https:\/\/qingdaohf.com\/cs\/produkt\/g210-trmen\/","title":{"rendered":"G210 Pozinkovan\u00fd D t\u0159men"},"content":{"rendered":"<p><strong>1. Zaji\u0161t\u011bn\u00ed kvality:<\/strong> Prohl\u00e1\u0161en\u00ed: Uji\u0161\u0165ujeme v\u00e1s o v\u00fdjime\u010dn\u00e9 kvalit\u011b na\u0161eho t\u0159menu G210. Tyto v\u00fdrobky pe\u010dliv\u011b odeb\u00edr\u00e1me od celosv\u011btov\u011b uzn\u00e1van\u00fdch v\u00fdrobc\u016f a zaji\u0161\u0165ujeme, \u017ee spl\u0148uj\u00ed nejvy\u0161\u0161\u00ed pr\u016fmyslov\u00e9 standardy. Abychom tento z\u00e1vazek dolo\u017eili, poskytujeme specifick\u00e9 certifik\u00e1ty kvality, jako je ISO 9001:2015, kter\u00e9 zaru\u010duj\u00ed kvalitu a spolehlivost ka\u017ed\u00e9ho t\u0159menu.<\/p>\n<p><strong>2. Konkuren\u010dn\u00ed ceny:<\/strong> Prohl\u00e1\u0161en\u00ed: V H&amp;F nov\u011b definujeme cenovou dostupnost bez kompromis\u016f v kvalit\u011b. Na\u0161e rozs\u00e1hl\u00e1 s\u00ed\u0165 a zefektivn\u011bn\u00fd dodavatelsk\u00fd \u0159et\u011bzec n\u00e1m umo\u017e\u0148uj\u00ed nab\u00edzet nejlep\u0161\u00ed velkoobchodn\u00ed ceny t\u0159men\u016f G210 na sv\u011bt\u011b. Obra\u0165te se na n\u00e1\u0161 prodejn\u00ed t\u00fdm a prodiskutujte sv\u00e9 objemov\u00e9 po\u017eadavky a vyu\u017eijte individu\u00e1ln\u00ed cenov\u00e1 \u0159e\u0161en\u00ed, kter\u00e1 odpov\u00eddaj\u00ed va\u0161im rozpo\u010dtov\u00fdm omezen\u00edm.<\/p>\n<p><strong>3. P\u0159izp\u016fsoben\u00ed a specifikace:<\/strong> Prohl\u00e1\u0161en\u00ed: Uvoln\u011bte pln\u00fd potenci\u00e1l p\u0159izp\u016fsoben\u00ed s H&amp;F. Rozum\u00edme jedine\u010dnosti va\u0161ich aplikac\u00ed a na\u0161e t\u0159meny G210 lze p\u0159izp\u016fsobit tak, aby p\u0159esn\u011b spl\u0148ovaly va\u0161e specifikace. N\u00e1\u0161 zku\u0161en\u00fd t\u00fdm zaji\u0161\u0165uje, \u017ee ka\u017ed\u00fd t\u0159men bude dokonale vyhovovat va\u0161im odli\u0161n\u00fdm po\u017eadavk\u016fm, od rozm\u011br\u016f a\u017e po materi\u00e1lov\u00e9 slo\u017een\u00ed.<\/p>\n<p><strong>4. Specifick\u00e1 doba realizace a logistika:<\/strong> Prohl\u00e1\u0161en\u00ed: \u010cas je d\u016fle\u017eit\u00fd a my up\u0159ednost\u0148ujeme rychl\u00e9 dod\u00e1n\u00ed. Doba dod\u00e1n\u00ed na\u0161ich pout G210 je p\u0159esn\u011b p\u0159izp\u016fsobena va\u0161im pot\u0159eb\u00e1m, p\u0159i\u010dem\u017e konkr\u00e9tn\u00ed term\u00edny jsou stanoveny na z\u00e1klad\u011b objemu objedn\u00e1vky a po\u017eadavk\u016f na p\u0159izp\u016fsoben\u00ed. N\u00e1\u0161 efektivn\u00ed logistick\u00fd t\u00fdm zaji\u0161\u0165uje bezprobl\u00e9movou p\u0159epravu a informace o sledov\u00e1n\u00ed v re\u00e1ln\u00e9m \u010dase m\u00e1te v\u017edy po ruce.<\/p>\n<p><strong>5. Poprodejn\u00ed podpora:<\/strong> Prohl\u00e1\u0161en\u00ed: N\u00e1\u0161 z\u00e1vazek nekon\u010d\u00ed n\u00e1kupem. Spole\u010dnost H&amp;F stoj\u00ed neochv\u011bjn\u011b za sv\u00fdmi v\u00fdrobky a nab\u00edz\u00ed bezkonkuren\u010dn\u00ed poprodejn\u00ed podporu. A\u0165 u\u017e pot\u0159ebujete technickou pomoc, z\u00e1ruku nebo n\u00e1hradn\u00ed slu\u017eby, n\u00e1\u0161 specializovan\u00fd t\u00fdm je zde, aby \u0159e\u0161il va\u0161e probl\u00e9my a zajistil va\u0161i spokojenost.<\/p>\n<p><strong>6. Normy pro \u017eivotn\u00ed prost\u0159ed\u00ed a dodr\u017eov\u00e1n\u00ed p\u0159edpis\u016f:<\/strong> Prohl\u00e1\u0161en\u00ed: Spole\u010dnost H&amp;F je hrd\u00e1 na dodr\u017eov\u00e1n\u00ed norem v oblasti \u017eivotn\u00edho prost\u0159ed\u00ed a dodr\u017eov\u00e1n\u00ed p\u0159edpis\u016f. Na\u0161e t\u0159meny G210 nejen\u017ee spl\u0148uj\u00ed, ale i p\u0159ekra\u010duj\u00ed celosv\u011btov\u00e9 pr\u016fmyslov\u00e9 standardy. V\u00fdrobn\u00ed procesy dodr\u017euj\u00ed etick\u00e9 a ekologick\u00e9 postupy, \u010d\u00edm\u017e se bez probl\u00e9m\u016f p\u0159izp\u016fsobuj\u00ed va\u0161im c\u00edl\u016fm v oblasti firemn\u00ed odpov\u011bdnosti.<\/p>\n<div class=\"ast-oembed-container\" style=\"height: 100%;\"><iframe title=\"H&amp;F G209 G210 Shackle Collection\" width=\"500\" height=\"281\" src=\"https:\/\/www.youtube.com\/embed\/f5c-7zVpoOE?feature=oembed\" frameborder=\"0\" allow=\"accelerometer; autoplay; clipboard-write; encrypted-media; gyroscope; picture-in-picture; web-share\" referrerpolicy=\"strict-origin-when-cross-origin\" allowfullscreen><\/iframe><\/div>\n<p><strong>Pozinkovan\u00e1 odolnost:<\/strong> Klika G210 je vyrobena z vysoce kvalitn\u00ed oceli a pro v\u011bt\u0161\u00ed odolnost je pozinkovan\u00e1. Tento ochrann\u00fd povlak nejen\u017ee posiluje t\u0159men proti korozi a prodlu\u017euje jeho \u017eivotnost, ale tak\u00e9 zaji\u0161\u0165uje jeho v\u00fdkon v n\u00e1ro\u010dn\u00fdch podm\u00ednk\u00e1ch, v\u010detn\u011b n\u00e1mo\u0159n\u00edch a venkovn\u00edch aplikac\u00ed.<\/p>\n<p><strong>Robustn\u00ed konstrukce:<\/strong> Pouzdro G210 je navr\u017eeno tak, aby odolalo velk\u00e9mu zat\u00ed\u017een\u00ed, a vyzna\u010duje se robustn\u00ed a kompaktn\u00ed konstrukc\u00ed. Tato vlastnost zvy\u0161uje jeho v\u0161estrannost a umo\u017e\u0148uje jeho pou\u017eit\u00ed v nes\u010detn\u00fdch situac\u00edch, od staveni\u0161\u0165 a\u017e po lod\u011bnice.<\/p>\n<p><strong>Mechanismus bezpe\u010dnostn\u00edho kol\u00edku:<\/strong> Z\u00e1vora je vybavena bezpe\u010dnostn\u00edm kol\u00edkem, kter\u00fd zaji\u0161\u0165uje vy\u0161\u0161\u00ed \u00farove\u0148 bezpe\u010dnosti p\u0159i provozu. T\u00edm je zaji\u0161t\u011bno, \u017ee b\u0159emeno z\u016fstane bezpe\u010dn\u011b upevn\u011bno, co\u017e minimalizuje riziko n\u00e1hodn\u00e9ho rozpojen\u00ed a podporuje bezpe\u010dn\u00e9 pracovn\u00ed prost\u0159ed\u00ed.<\/p>\n<p><strong>V\u0161estrannost pou\u017eit\u00ed:<\/strong> Pozinkovan\u00e1 t\u0159menov\u00e1 oka G210 se skv\u011ble hod\u00ed pro r\u016fzn\u00e9 aplikace, a\u0165 u\u017e jde o zved\u00e1n\u00ed za\u0159\u00edzen\u00ed, zaji\u0161t\u011bn\u00ed n\u00e1kladu nebo spojov\u00e1n\u00ed zvedac\u00edch popruh\u016f. D\u00edky sv\u00e9 v\u0161estrannosti a spolehlivosti je nepostradateln\u00fdm n\u00e1strojem pro odv\u011btv\u00ed, kter\u00e1 vy\u017eaduj\u00ed nekompromisn\u00ed v\u00fdkon.<\/p>\n<p><img fetchpriority=\"high\" decoding=\"async\" class=\"alignnone size-full wp-image-3813\" src=\"http:\/\/qingdaohf.com\/wp-content\/uploads\/2023\/05\/G209-G210-shackle.jpg\" alt=\"G209 G210 t\u0159men\" width=\"1000\" height=\"1296\" srcset=\"https:\/\/qingdaohf.com\/wp-content\/uploads\/2023\/05\/G209-G210-shackle.jpg 1000w, https:\/\/qingdaohf.com\/wp-content\/uploads\/2023\/05\/G209-G210-shackle-231x300.jpg 231w, https:\/\/qingdaohf.com\/wp-content\/uploads\/2023\/05\/G209-G210-shackle-790x1024.jpg 790w, https:\/\/qingdaohf.com\/wp-content\/uploads\/2023\/05\/G209-G210-shackle-768x995.jpg 768w\" sizes=\"(max-width: 1000px) 100vw, 1000px\" \/><\/p>","protected":false},"excerpt":{"rendered":"<p>V\u00edtejte u spole\u010dnosti Qingdao H&amp;F, va\u0161eho d\u016fv\u011bryhodn\u00e9ho partnera pro okovy G210. Jako dodavatel t\u0159men\u016f s v\u00edce ne\u017e 20 lety zku\u0161enost\u00ed jsme hrd\u00ed na to, \u017ee m\u016f\u017eeme dod\u00e1vat kvalitn\u00ed v\u00fdrobky za nejlep\u0161\u00ed ceny. Za\u017eijte bezkonkuren\u010dn\u00ed z\u00e1kaznick\u00fd servis s na\u0161\u00edm individu\u00e1ln\u00edm p\u0159\u00edstupem, kter\u00fd zajist\u00ed spln\u011bn\u00ed va\u0161ich specifick\u00fdch po\u017eadavk\u016f. Na\u0161e t\u0159meny G210, vytvo\u0159en\u00e9 na z\u00e1klad\u011b des\u00edtek let znalost\u00ed v oboru, poskytuj\u00ed robustn\u00ed a spolehliv\u00e1 \u0159e\u0161en\u00ed. To, co n\u00e1s odli\u0161uje, je mo\u017enost p\u0159izp\u016fsoben\u00ed, kter\u00e1 v\u00e1m umo\u017en\u00ed p\u0159izp\u016fsobit pouta p\u0159esn\u011b va\u0161im pot\u0159eb\u00e1m. Vyberte si spole\u010dnost Qingdao H&amp;F a z\u00edskejte bezprobl\u00e9mov\u00fd velkoobchodn\u00ed z\u00e1\u017eitek, kde se snoub\u00ed cenov\u00e1 dostupnost, kvalita a individu\u00e1ln\u00ed slu\u017eby. D\u016fv\u011b\u0159ujte n\u00e1m, \u017ee spln\u00edme va\u0161e pot\u0159eby v oblasti pout s dokonalost\u00ed a oddanost\u00ed.<\/p>","protected":false},"featured_media":6312,"comment_status":"open","ping_status":"closed","template":"","meta":{"site-sidebar-layout":"default","site-content-layout":"default","ast-site-content-layout":"default","site-content-style":"default","site-sidebar-style":"default","ast-global-header-display":"","ast-banner-title-visibility":"","ast-main-header-display":"","ast-hfb-above-header-display":"","ast-hfb-below-header-display":"","ast-hfb-mobile-header-display":"","site-post-title":"","ast-breadcrumbs-content":"","ast-featured-img":"","footer-sml-layout":"","theme-transparent-header-meta":"default","adv-header-id-meta":"","stick-header-meta":"default","header-above-stick-meta":"","header-main-stick-meta":"","header-below-stick-meta":"","astra-migrate-meta-layouts":"set","ast-page-background-enabled":"default","ast-page-background-meta":{"desktop":{"background-color":"","background-image":"","background-repeat":"repeat","background-position":"center center","background-size":"auto","background-attachment":"scroll","background-type":"","background-media":"","overlay-type":"","overlay-color":"","overlay-opacity":"","overlay-gradient":""},"tablet":{"background-color":"","background-image":"","background-repeat":"repeat","background-position":"center center","background-size":"auto","background-attachment":"scroll","background-type":"","background-media":"","overlay-type":"","overlay-color":"","overlay-opacity":"","overlay-gradient":""},"mobile":{"background-color":"","background-image":"","background-repeat":"repeat","background-position":"center center","background-size":"auto","background-attachment":"scroll","background-type":"","background-media":"","overlay-type":"","overlay-color":"","overlay-opacity":"","overlay-gradient":""}},"ast-content-background-meta":{"desktop":{"background-color":"var(--ast-global-color-5)","background-image":"","background-repeat":"repeat","background-position":"center center","background-size":"auto","background-attachment":"scroll","background-type":"","background-media":"","overlay-type":"","overlay-color":"","overlay-opacity":"","overlay-gradient":""},"tablet":{"background-color":"var(--ast-global-color-5)","background-image":"","background-repeat":"repeat","background-position":"center center","background-size":"auto","background-attachment":"scroll","background-type":"","background-media":"","overlay-type":"","overlay-color":"","overlay-opacity":"","overlay-gradient":""},"mobile":{"background-color":"var(--ast-global-color-5)","background-image":"","background-repeat":"repeat","background-position":"center center","background-size":"auto","background-attachment":"scroll","background-type":"","background-media":"","overlay-type":"","overlay-color":"","overlay-opacity":"","overlay-gradient":""}}},"product_brand":[],"product_cat":[54],"product_tag":[],"class_list":{"0":"post-3812","1":"product","2":"type-product","3":"status-publish","4":"has-post-thumbnail","6":"product_cat-shackle","7":"desktop-align-left","8":"tablet-align-left","9":"mobile-align-left","10":"ast-product-gallery-layout-horizontal-slider","11":"ast-product-tabs-layout-horizontal","13":"first","14":"instock","15":"shipping-taxable","16":"purchasable","17":"product-type-simple"},"yoast_head":"<!-- This site is optimized with the Yoast SEO plugin v25.2 - https:\/\/yoast.com\/wordpress\/plugins\/seo\/ -->\n<title>G210 Galvanized D Shackle<\/title>\n<meta name=\"description\" content=\"The primary purpose of the G210 Galvanized Shackle is to facilitate secure connections in lifting and rigging operations.\" \/>\n<meta name=\"robots\" content=\"index, follow, max-snippet:-1, max-image-preview:large, max-video-preview:-1\" \/>\n<link rel=\"canonical\" href=\"https:\/\/qingdaohf.com\/cs\/produkt\/g210-trmen\/\" \/>\n<meta property=\"og:locale\" content=\"cs_CZ\" \/>\n<meta property=\"og:type\" content=\"article\" \/>\n<meta property=\"og:title\" content=\"G210 Galvanized D Shackle\" \/>\n<meta property=\"og:description\" content=\"The primary purpose of the G210 Galvanized Shackle is to facilitate secure connections in lifting and rigging operations.\" \/>\n<meta property=\"og:url\" content=\"https:\/\/qingdaohf.com\/cs\/produkt\/g210-trmen\/\" \/>\n<meta property=\"og:site_name\" content=\"Concrete Form &amp; Rigging Hardware Supplier\" \/>\n<meta property=\"article:publisher\" content=\"https:\/\/www.facebook.com\/qingdaohf\" \/>\n<meta property=\"article:modified_time\" content=\"2025-11-13T01:05:11+00:00\" \/>\n<meta property=\"og:image\" content=\"https:\/\/qingdaohf.com\/wp-content\/uploads\/2023\/05\/210-shackle.jpg\" \/>\n\t<meta property=\"og:image:width\" content=\"900\" \/>\n\t<meta property=\"og:image:height\" content=\"900\" \/>\n\t<meta property=\"og:image:type\" content=\"image\/jpeg\" \/>\n<meta name=\"twitter:card\" content=\"summary_large_image\" \/>\n<meta name=\"twitter:label1\" content=\"Odhadovan\u00e1 doba \u010dten\u00ed\" \/>\n\t<meta name=\"twitter:data1\" content=\"3 minuty\" \/>\n<script type=\"application\/ld+json\" class=\"yoast-schema-graph\">{\"@context\":\"https:\/\/schema.org\",\"@graph\":[{\"@type\":\"WebPage\",\"@id\":\"https:\/\/qingdaohf.com\/product\/g210-shackle\/\",\"url\":\"https:\/\/qingdaohf.com\/product\/g210-shackle\/\",\"name\":\"G210 Galvanized D Shackle\",\"isPartOf\":{\"@id\":\"https:\/\/qingdaohf.com\/bg\/#website\"},\"primaryImageOfPage\":{\"@id\":\"https:\/\/qingdaohf.com\/product\/g210-shackle\/#primaryimage\"},\"image\":{\"@id\":\"https:\/\/qingdaohf.com\/product\/g210-shackle\/#primaryimage\"},\"thumbnailUrl\":\"https:\/\/qingdaohf.com\/wp-content\/uploads\/2023\/05\/210-shackle.jpg\",\"datePublished\":\"2023-05-19T08:11:27+00:00\",\"dateModified\":\"2025-11-13T01:05:11+00:00\",\"description\":\"The primary purpose of the G210 Galvanized Shackle is to facilitate secure connections in lifting and rigging operations.\",\"breadcrumb\":{\"@id\":\"https:\/\/qingdaohf.com\/product\/g210-shackle\/#breadcrumb\"},\"inLanguage\":\"cs\",\"potentialAction\":[{\"@type\":\"ReadAction\",\"target\":[\"https:\/\/qingdaohf.com\/product\/g210-shackle\/\"]}]},{\"@type\":\"ImageObject\",\"inLanguage\":\"cs\",\"@id\":\"https:\/\/qingdaohf.com\/product\/g210-shackle\/#primaryimage\",\"url\":\"https:\/\/qingdaohf.com\/wp-content\/uploads\/2023\/05\/210-shackle.jpg\",\"contentUrl\":\"https:\/\/qingdaohf.com\/wp-content\/uploads\/2023\/05\/210-shackle.jpg\",\"width\":900,\"height\":900,\"caption\":\"210 D shackle\"},{\"@type\":\"BreadcrumbList\",\"@id\":\"https:\/\/qingdaohf.com\/product\/g210-shackle\/#breadcrumb\",\"itemListElement\":[{\"@type\":\"ListItem\",\"position\":1,\"name\":\"Home\",\"item\":\"https:\/\/qingdaohf.com\/\"},{\"@type\":\"ListItem\",\"position\":2,\"name\":\"Concrete Forming Accessories and Rigging Hardware\",\"item\":\"https:\/\/qingdaohf.com\/bg\/?page_id=944\"},{\"@type\":\"ListItem\",\"position\":3,\"name\":\"G210 Galvanized D Shackle\"}]},{\"@type\":\"WebSite\",\"@id\":\"https:\/\/qingdaohf.com\/bg\/#website\",\"url\":\"https:\/\/qingdaohf.com\/bg\/\",\"name\":\"Concrete Form & Rigging Hardware Supplier\",\"description\":\"\",\"publisher\":{\"@id\":\"https:\/\/qingdaohf.com\/bg\/#organization\"},\"potentialAction\":[{\"@type\":\"SearchAction\",\"target\":{\"@type\":\"EntryPoint\",\"urlTemplate\":\"https:\/\/qingdaohf.com\/bg\/?s={search_term_string}\"},\"query-input\":{\"@type\":\"PropertyValueSpecification\",\"valueRequired\":true,\"valueName\":\"search_term_string\"}}],\"inLanguage\":\"cs\"},{\"@type\":\"Organization\",\"@id\":\"https:\/\/qingdaohf.com\/bg\/#organization\",\"name\":\"Qingdao H&F\",\"url\":\"https:\/\/qingdaohf.com\/bg\/\",\"logo\":{\"@type\":\"ImageObject\",\"inLanguage\":\"cs\",\"@id\":\"https:\/\/qingdaohf.com\/bg\/#\/schema\/logo\/image\/\",\"url\":\"https:\/\/qingdaohf.com\/wp-content\/uploads\/2022\/12\/cropped-HF-LOGO.png\",\"contentUrl\":\"https:\/\/qingdaohf.com\/wp-content\/uploads\/2022\/12\/cropped-HF-LOGO.png\",\"width\":391,\"height\":249,\"caption\":\"Qingdao H&F\"},\"image\":{\"@id\":\"https:\/\/qingdaohf.com\/bg\/#\/schema\/logo\/image\/\"},\"sameAs\":[\"https:\/\/www.facebook.com\/qingdaohf\"]}]}<\/script>\n<!-- \/ Yoast SEO plugin. -->","yoast_head_json":{"title":"G210 Galvanized D Shackle","description":"The primary purpose of the G210 Galvanized Shackle is to facilitate secure connections in lifting and rigging operations.","robots":{"index":"index","follow":"follow","max-snippet":"max-snippet:-1","max-image-preview":"max-image-preview:large","max-video-preview":"max-video-preview:-1"},"canonical":"https:\/\/qingdaohf.com\/cs\/produkt\/g210-trmen\/","og_locale":"cs_CZ","og_type":"article","og_title":"G210 Galvanized D Shackle","og_description":"The primary purpose of the G210 Galvanized Shackle is to facilitate secure connections in lifting and rigging operations.","og_url":"https:\/\/qingdaohf.com\/cs\/produkt\/g210-trmen\/","og_site_name":"Concrete Form &amp; Rigging Hardware Supplier","article_publisher":"https:\/\/www.facebook.com\/qingdaohf","article_modified_time":"2025-11-13T01:05:11+00:00","og_image":[{"width":900,"height":900,"url":"https:\/\/qingdaohf.com\/wp-content\/uploads\/2023\/05\/210-shackle.jpg","type":"image\/jpeg"}],"twitter_card":"summary_large_image","twitter_misc":{"Odhadovan\u00e1 doba \u010dten\u00ed":"3 minuty"},"schema":{"@context":"https:\/\/schema.org","@graph":[{"@type":"WebPage","@id":"https:\/\/qingdaohf.com\/product\/g210-shackle\/","url":"https:\/\/qingdaohf.com\/product\/g210-shackle\/","name":"G210 Galvanized D Shackle","isPartOf":{"@id":"https:\/\/qingdaohf.com\/bg\/#website"},"primaryImageOfPage":{"@id":"https:\/\/qingdaohf.com\/product\/g210-shackle\/#primaryimage"},"image":{"@id":"https:\/\/qingdaohf.com\/product\/g210-shackle\/#primaryimage"},"thumbnailUrl":"https:\/\/qingdaohf.com\/wp-content\/uploads\/2023\/05\/210-shackle.jpg","datePublished":"2023-05-19T08:11:27+00:00","dateModified":"2025-11-13T01:05:11+00:00","description":"The primary purpose of the G210 Galvanized Shackle is to facilitate secure connections in lifting and rigging operations.","breadcrumb":{"@id":"https:\/\/qingdaohf.com\/product\/g210-shackle\/#breadcrumb"},"inLanguage":"cs","potentialAction":[{"@type":"ReadAction","target":["https:\/\/qingdaohf.com\/product\/g210-shackle\/"]}]},{"@type":"ImageObject","inLanguage":"cs","@id":"https:\/\/qingdaohf.com\/product\/g210-shackle\/#primaryimage","url":"https:\/\/qingdaohf.com\/wp-content\/uploads\/2023\/05\/210-shackle.jpg","contentUrl":"https:\/\/qingdaohf.com\/wp-content\/uploads\/2023\/05\/210-shackle.jpg","width":900,"height":900,"caption":"210 D shackle"},{"@type":"BreadcrumbList","@id":"https:\/\/qingdaohf.com\/product\/g210-shackle\/#breadcrumb","itemListElement":[{"@type":"ListItem","position":1,"name":"Home","item":"https:\/\/qingdaohf.com\/"},{"@type":"ListItem","position":2,"name":"Concrete Forming Accessories and Rigging Hardware","item":"https:\/\/qingdaohf.com\/bg\/?page_id=944"},{"@type":"ListItem","position":3,"name":"G210 Galvanized D Shackle"}]},{"@type":"WebSite","@id":"https:\/\/qingdaohf.com\/bg\/#website","url":"https:\/\/qingdaohf.com\/bg\/","name":"Concrete Form & Rigging Hardware Supplier","description":"","publisher":{"@id":"https:\/\/qingdaohf.com\/bg\/#organization"},"potentialAction":[{"@type":"SearchAction","target":{"@type":"EntryPoint","urlTemplate":"https:\/\/qingdaohf.com\/bg\/?s={search_term_string}"},"query-input":{"@type":"PropertyValueSpecification","valueRequired":true,"valueName":"search_term_string"}}],"inLanguage":"cs"},{"@type":"Organization","@id":"https:\/\/qingdaohf.com\/bg\/#organization","name":"Qingdao H&F","url":"https:\/\/qingdaohf.com\/bg\/","logo":{"@type":"ImageObject","inLanguage":"cs","@id":"https:\/\/qingdaohf.com\/bg\/#\/schema\/logo\/image\/","url":"https:\/\/qingdaohf.com\/wp-content\/uploads\/2022\/12\/cropped-HF-LOGO.png","contentUrl":"https:\/\/qingdaohf.com\/wp-content\/uploads\/2022\/12\/cropped-HF-LOGO.png","width":391,"height":249,"caption":"Qingdao H&F"},"image":{"@id":"https:\/\/qingdaohf.com\/bg\/#\/schema\/logo\/image\/"},"sameAs":["https:\/\/www.facebook.com\/qingdaohf"]}]}},"_links":{"self":[{"href":"https:\/\/qingdaohf.com\/cs\/wp-json\/wp\/v2\/product\/3812","targetHints":{"allow":["GET"]}}],"collection":[{"href":"https:\/\/qingdaohf.com\/cs\/wp-json\/wp\/v2\/product"}],"about":[{"href":"https:\/\/qingdaohf.com\/cs\/wp-json\/wp\/v2\/types\/product"}],"replies":[{"embeddable":true,"href":"https:\/\/qingdaohf.com\/cs\/wp-json\/wp\/v2\/comments?post=3812"}],"version-history":[{"count":9,"href":"https:\/\/qingdaohf.com\/cs\/wp-json\/wp\/v2\/product\/3812\/revisions"}],"predecessor-version":[{"id":6289,"href":"https:\/\/qingdaohf.com\/cs\/wp-json\/wp\/v2\/product\/3812\/revisions\/6289"}],"wp:featuredmedia":[{"embeddable":true,"href":"https:\/\/qingdaohf.com\/cs\/wp-json\/wp\/v2\/media\/6312"}],"wp:attachment":[{"href":"https:\/\/qingdaohf.com\/cs\/wp-json\/wp\/v2\/media?parent=3812"}],"wp:term":[{"taxonomy":"product_brand","embeddable":true,"href":"https:\/\/qingdaohf.com\/cs\/wp-json\/wp\/v2\/product_brand?post=3812"},{"taxonomy":"product_cat","embeddable":true,"href":"https:\/\/qingdaohf.com\/cs\/wp-json\/wp\/v2\/product_cat?post=3812"},{"taxonomy":"product_tag","embeddable":true,"href":"https:\/\/qingdaohf.com\/cs\/wp-json\/wp\/v2\/product_tag?post=3812"}],"curies":[{"name":"wp","href":"https:\/\/api.w.org\/{rel}","templated":true}]}}