{"id":3830,"date":"2023-05-19T16:48:13","date_gmt":"2023-05-19T08:48:13","guid":{"rendered":"http:\/\/qingdaohf.com\/?post_type=product&#038;p=3830"},"modified":"2025-11-13T09:05:11","modified_gmt":"2025-11-13T01:05:11","slug":"g2140-shackle","status":"publish","type":"product","link":"https:\/\/qingdaohf.com\/cs\/produkt\/g2140-trmen\/","title":{"rendered":"G2140 Pozinkovan\u00fd t\u0159men"},"content":{"rendered":"<p>Pozinkovan\u00fd t\u0159men G2140 je vyroben z vysoce kvalitn\u00ed oceli a proch\u00e1z\u00ed procesem galvanizace, kter\u00fd zvy\u0161uje jeho odolnost proti korozi a trvanlivost. Galvanizace zahrnuje pokryt\u00ed t\u0159menu vrstvou zinku, kter\u00e1 poskytuje vynikaj\u00edc\u00ed ochranu proti korozi a dal\u0161\u00edm form\u00e1m koroze. D\u00edky tomu je t\u0159men vhodn\u00fd pro pou\u017eit\u00ed ve venkovn\u00edm, n\u00e1mo\u0159n\u00edm a korozivn\u00edm prost\u0159ed\u00ed, kde je b\u011b\u017en\u00e9 vystaven\u00ed vlhkosti a drsn\u00fdm podm\u00ednk\u00e1m.<\/p>\n<p>Pozinkovan\u00fd t\u0159men G2140 m\u00e1 obloukov\u00fd tvar se z\u00e1vitov\u00fdm kol\u00edkem nebo \u0161roubem pro bezpe\u010dn\u00e9 upevn\u011bn\u00ed. Tvar oblouku umo\u017e\u0148uje snadn\u00e9 p\u0159ipevn\u011bn\u00ed a odepnut\u00ed zvedac\u00edch sou\u010d\u00e1st\u00ed, zat\u00edmco z\u00e1vitov\u00fd kol\u00edk zaji\u0161\u0165uje pevn\u00e9 a spolehliv\u00e9 uzav\u0159en\u00ed, \u010d\u00edm\u017e maximalizuje bezpe\u010dnost p\u0159i zvedac\u00edch operac\u00edch. Na t\u0159menu je obvykle vyzna\u010dena mezn\u00ed hodnota pracovn\u00edho zat\u00ed\u017een\u00ed (WLL) a dal\u0161\u00ed p\u0159\u00edslu\u0161n\u00e9 specifikace pro spr\u00e1vn\u00e9 a bezpe\u010dn\u00e9 pou\u017eit\u00ed.<\/p>\n<p>Pozinkovan\u00e1 t\u0159menov\u00e1 oka G2140 jsou k dispozici v r\u016fzn\u00fdch velikostech a konfigurac\u00edch a mohou vyhovovat r\u016fzn\u00fdm limit\u016fm pracovn\u00edho zat\u00ed\u017een\u00ed, co\u017e v\u00e1m umo\u017en\u00ed vybrat vhodn\u00e9 t\u0159menov\u00e9 oko pro va\u0161e konkr\u00e9tn\u00ed po\u017eadavky na zved\u00e1n\u00ed. Pro zaji\u0161t\u011bn\u00ed optim\u00e1ln\u00edho v\u00fdkonu a bezpe\u010dnosti je z\u00e1sadn\u00ed zvolit spr\u00e1vn\u00fd t\u0159men na z\u00e1klad\u011b zam\u00fd\u0161len\u00e9ho zat\u00ed\u017een\u00ed a pou\u017eit\u00ed.<\/p>\n<p>D\u00edky sv\u00e9 robustn\u00ed konstrukci a pozinkovan\u00e9mu povlaku je pozinkovan\u00fd t\u0159men G2140 spolehlivou volbou pro t\u011b\u017ek\u00e9 zvedac\u00ed a manipula\u010dn\u00ed aplikace. Zaji\u0161\u0165uje bezpe\u010dn\u00e9 a odoln\u00e9 spojen\u00ed, d\u00edky \u010demu\u017e je d\u016fv\u011bryhodnou sou\u010d\u00e1st\u00ed v r\u016fzn\u00fdch odv\u011btv\u00edch, kde je nejd\u016fle\u017eit\u011bj\u0161\u00ed pevnost a bezpe\u010dnost.<\/p>\n<p><img fetchpriority=\"high\" decoding=\"async\" class=\"alignnone size-full wp-image-3833\" src=\"http:\/\/qingdaohf.com\/wp-content\/uploads\/2023\/05\/G2140.jpg\" alt=\"G2140 t\u0159men\" width=\"1000\" height=\"1202\" srcset=\"https:\/\/qingdaohf.com\/wp-content\/uploads\/2023\/05\/G2140.jpg 1000w, https:\/\/qingdaohf.com\/wp-content\/uploads\/2023\/05\/G2140-250x300.jpg 250w, https:\/\/qingdaohf.com\/wp-content\/uploads\/2023\/05\/G2140-852x1024.jpg 852w, https:\/\/qingdaohf.com\/wp-content\/uploads\/2023\/05\/G2140-768x923.jpg 768w\" sizes=\"(max-width: 1000px) 100vw, 1000px\" \/><\/p>\n<p><img decoding=\"async\" class=\"alignnone size-full wp-image-3838\" src=\"http:\/\/qingdaohf.com\/wp-content\/uploads\/2023\/05\/G2140E.jpg\" alt=\"G2140E\" width=\"1000\" height=\"848\" srcset=\"https:\/\/qingdaohf.com\/wp-content\/uploads\/2023\/05\/G2140E.jpg 1000w, https:\/\/qingdaohf.com\/wp-content\/uploads\/2023\/05\/G2140E-300x254.jpg 300w, https:\/\/qingdaohf.com\/wp-content\/uploads\/2023\/05\/G2140E-768x651.jpg 768w\" sizes=\"(max-width: 1000px) 100vw, 1000px\" \/><\/p>","protected":false},"excerpt":{"rendered":"<p>Pozinkovan\u00fd t\u0159men G2140 je t\u011b\u017ek\u00e1 sou\u010d\u00e1st lanov\u00ed, kter\u00e1 se b\u011b\u017en\u011b pou\u017e\u00edv\u00e1 p\u0159i zved\u00e1n\u00ed a zaji\u0161\u0165ov\u00e1n\u00ed. Tento t\u0159men je navr\u017een tak, aby poskytoval pevn\u00fd a spolehliv\u00fd spojovac\u00ed bod mezi r\u016fzn\u00fdmi zvedac\u00edmi komponenty, v\u010detn\u011b \u0159et\u011bz\u016f, ocelov\u00fdch lan a popruh\u016f.<\/p>\n<p>Spole\u010dn\u00fd model: 1021110<\/p>","protected":false},"featured_media":6330,"comment_status":"open","ping_status":"closed","template":"","meta":{"site-sidebar-layout":"default","site-content-layout":"default","ast-site-content-layout":"default","site-content-style":"default","site-sidebar-style":"default","ast-global-header-display":"","ast-banner-title-visibility":"","ast-main-header-display":"","ast-hfb-above-header-display":"","ast-hfb-below-header-display":"","ast-hfb-mobile-header-display":"","site-post-title":"","ast-breadcrumbs-content":"","ast-featured-img":"","footer-sml-layout":"","theme-transparent-header-meta":"default","adv-header-id-meta":"","stick-header-meta":"default","header-above-stick-meta":"","header-main-stick-meta":"","header-below-stick-meta":"","astra-migrate-meta-layouts":"set","ast-page-background-enabled":"default","ast-page-background-meta":{"desktop":{"background-color":"","background-image":"","background-repeat":"repeat","background-position":"center center","background-size":"auto","background-attachment":"scroll","background-type":"","background-media":"","overlay-type":"","overlay-color":"","overlay-opacity":"","overlay-gradient":""},"tablet":{"background-color":"","background-image":"","background-repeat":"repeat","background-position":"center center","background-size":"auto","background-attachment":"scroll","background-type":"","background-media":"","overlay-type":"","overlay-color":"","overlay-opacity":"","overlay-gradient":""},"mobile":{"background-color":"","background-image":"","background-repeat":"repeat","background-position":"center center","background-size":"auto","background-attachment":"scroll","background-type":"","background-media":"","overlay-type":"","overlay-color":"","overlay-opacity":"","overlay-gradient":""}},"ast-content-background-meta":{"desktop":{"background-color":"var(--ast-global-color-5)","background-image":"","background-repeat":"repeat","background-position":"center center","background-size":"auto","background-attachment":"scroll","background-type":"","background-media":"","overlay-type":"","overlay-color":"","overlay-opacity":"","overlay-gradient":""},"tablet":{"background-color":"var(--ast-global-color-5)","background-image":"","background-repeat":"repeat","background-position":"center center","background-size":"auto","background-attachment":"scroll","background-type":"","background-media":"","overlay-type":"","overlay-color":"","overlay-opacity":"","overlay-gradient":""},"mobile":{"background-color":"var(--ast-global-color-5)","background-image":"","background-repeat":"repeat","background-position":"center center","background-size":"auto","background-attachment":"scroll","background-type":"","background-media":"","overlay-type":"","overlay-color":"","overlay-opacity":"","overlay-gradient":""}}},"product_brand":[],"product_cat":[54],"product_tag":[],"class_list":{"0":"post-3830","1":"product","2":"type-product","3":"status-publish","4":"has-post-thumbnail","6":"product_cat-shackle","7":"desktop-align-left","8":"tablet-align-left","9":"mobile-align-left","10":"ast-product-gallery-layout-horizontal-slider","11":"ast-product-gallery-with-no-image","12":"ast-product-tabs-layout-horizontal","14":"first","15":"instock","16":"shipping-taxable","17":"purchasable","18":"product-type-simple"},"yoast_head":"<!-- This site is optimized with the Yoast SEO plugin v25.2 - https:\/\/yoast.com\/wordpress\/plugins\/seo\/ -->\n<title>G2140 Galvanized Shackle<\/title>\n<meta name=\"description\" content=\"The G2140 Galvanized Shackle is a heavy-duty rigging component commonly used in lifting and securing operations. This shackle is designed to provide a strong and reliable connection point between various lifting components, including chains, wire ropes, and slings.\" \/>\n<meta name=\"robots\" content=\"index, follow, max-snippet:-1, max-image-preview:large, max-video-preview:-1\" \/>\n<link rel=\"canonical\" href=\"https:\/\/qingdaohf.com\/cs\/produkt\/g2140-trmen\/\" \/>\n<meta property=\"og:locale\" content=\"cs_CZ\" \/>\n<meta property=\"og:type\" content=\"article\" \/>\n<meta property=\"og:title\" content=\"G2140 Galvanized Shackle\" \/>\n<meta property=\"og:description\" content=\"The G2140 Galvanized Shackle is a heavy-duty rigging component commonly used in lifting and securing operations. This shackle is designed to provide a strong and reliable connection point between various lifting components, including chains, wire ropes, and slings.\" \/>\n<meta property=\"og:url\" content=\"https:\/\/qingdaohf.com\/cs\/produkt\/g2140-trmen\/\" \/>\n<meta property=\"og:site_name\" content=\"Concrete Form &amp; Rigging Hardware Supplier\" \/>\n<meta property=\"article:publisher\" content=\"https:\/\/www.facebook.com\/qingdaohf\" \/>\n<meta property=\"article:modified_time\" content=\"2025-11-13T01:05:11+00:00\" \/>\n<meta property=\"og:image\" content=\"https:\/\/qingdaohf.com\/wp-content\/uploads\/2023\/05\/G2140-SHACKLE-1.jpg\" \/>\n\t<meta property=\"og:image:width\" content=\"1000\" \/>\n\t<meta property=\"og:image:height\" content=\"1000\" \/>\n\t<meta property=\"og:image:type\" content=\"image\/jpeg\" \/>\n<meta name=\"twitter:card\" content=\"summary_large_image\" \/>\n<meta name=\"twitter:label1\" content=\"Odhadovan\u00e1 doba \u010dten\u00ed\" \/>\n\t<meta name=\"twitter:data1\" content=\"2 minuty\" \/>\n<script type=\"application\/ld+json\" class=\"yoast-schema-graph\">{\"@context\":\"https:\/\/schema.org\",\"@graph\":[{\"@type\":\"WebPage\",\"@id\":\"https:\/\/qingdaohf.com\/product\/g2140-shackle\/\",\"url\":\"https:\/\/qingdaohf.com\/product\/g2140-shackle\/\",\"name\":\"G2140 Galvanized Shackle\",\"isPartOf\":{\"@id\":\"https:\/\/qingdaohf.com\/bg\/#website\"},\"primaryImageOfPage\":{\"@id\":\"https:\/\/qingdaohf.com\/product\/g2140-shackle\/#primaryimage\"},\"image\":{\"@id\":\"https:\/\/qingdaohf.com\/product\/g2140-shackle\/#primaryimage\"},\"thumbnailUrl\":\"https:\/\/qingdaohf.com\/wp-content\/uploads\/2023\/05\/G2140-SHACKLE-1.jpg\",\"datePublished\":\"2023-05-19T08:48:13+00:00\",\"dateModified\":\"2025-11-13T01:05:11+00:00\",\"description\":\"The G2140 Galvanized Shackle is a heavy-duty rigging component commonly used in lifting and securing operations. This shackle is designed to provide a strong and reliable connection point between various lifting components, including chains, wire ropes, and slings.\",\"breadcrumb\":{\"@id\":\"https:\/\/qingdaohf.com\/product\/g2140-shackle\/#breadcrumb\"},\"inLanguage\":\"cs\",\"potentialAction\":[{\"@type\":\"ReadAction\",\"target\":[\"https:\/\/qingdaohf.com\/product\/g2140-shackle\/\"]}]},{\"@type\":\"ImageObject\",\"inLanguage\":\"cs\",\"@id\":\"https:\/\/qingdaohf.com\/product\/g2140-shackle\/#primaryimage\",\"url\":\"https:\/\/qingdaohf.com\/wp-content\/uploads\/2023\/05\/G2140-SHACKLE-1.jpg\",\"contentUrl\":\"https:\/\/qingdaohf.com\/wp-content\/uploads\/2023\/05\/G2140-SHACKLE-1.jpg\",\"width\":1000,\"height\":1000,\"caption\":\"G2140 SHACKLE\"},{\"@type\":\"BreadcrumbList\",\"@id\":\"https:\/\/qingdaohf.com\/product\/g2140-shackle\/#breadcrumb\",\"itemListElement\":[{\"@type\":\"ListItem\",\"position\":1,\"name\":\"Home\",\"item\":\"https:\/\/qingdaohf.com\/\"},{\"@type\":\"ListItem\",\"position\":2,\"name\":\"Concrete Forming Accessories and Rigging Hardware\",\"item\":\"https:\/\/qingdaohf.com\/bg\/?page_id=944\"},{\"@type\":\"ListItem\",\"position\":3,\"name\":\"G2140 Galvanized Shackle\"}]},{\"@type\":\"WebSite\",\"@id\":\"https:\/\/qingdaohf.com\/bg\/#website\",\"url\":\"https:\/\/qingdaohf.com\/bg\/\",\"name\":\"Concrete Form & Rigging Hardware Supplier\",\"description\":\"\",\"publisher\":{\"@id\":\"https:\/\/qingdaohf.com\/bg\/#organization\"},\"potentialAction\":[{\"@type\":\"SearchAction\",\"target\":{\"@type\":\"EntryPoint\",\"urlTemplate\":\"https:\/\/qingdaohf.com\/bg\/?s={search_term_string}\"},\"query-input\":{\"@type\":\"PropertyValueSpecification\",\"valueRequired\":true,\"valueName\":\"search_term_string\"}}],\"inLanguage\":\"cs\"},{\"@type\":\"Organization\",\"@id\":\"https:\/\/qingdaohf.com\/bg\/#organization\",\"name\":\"Qingdao H&F\",\"url\":\"https:\/\/qingdaohf.com\/bg\/\",\"logo\":{\"@type\":\"ImageObject\",\"inLanguage\":\"cs\",\"@id\":\"https:\/\/qingdaohf.com\/bg\/#\/schema\/logo\/image\/\",\"url\":\"https:\/\/qingdaohf.com\/wp-content\/uploads\/2022\/12\/cropped-HF-LOGO.png\",\"contentUrl\":\"https:\/\/qingdaohf.com\/wp-content\/uploads\/2022\/12\/cropped-HF-LOGO.png\",\"width\":391,\"height\":249,\"caption\":\"Qingdao H&F\"},\"image\":{\"@id\":\"https:\/\/qingdaohf.com\/bg\/#\/schema\/logo\/image\/\"},\"sameAs\":[\"https:\/\/www.facebook.com\/qingdaohf\"]}]}<\/script>\n<!-- \/ Yoast SEO plugin. -->","yoast_head_json":{"title":"G2140 Galvanized Shackle","description":"The G2140 Galvanized Shackle is a heavy-duty rigging component commonly used in lifting and securing operations. This shackle is designed to provide a strong and reliable connection point between various lifting components, including chains, wire ropes, and slings.","robots":{"index":"index","follow":"follow","max-snippet":"max-snippet:-1","max-image-preview":"max-image-preview:large","max-video-preview":"max-video-preview:-1"},"canonical":"https:\/\/qingdaohf.com\/cs\/produkt\/g2140-trmen\/","og_locale":"cs_CZ","og_type":"article","og_title":"G2140 Galvanized Shackle","og_description":"The G2140 Galvanized Shackle is a heavy-duty rigging component commonly used in lifting and securing operations. This shackle is designed to provide a strong and reliable connection point between various lifting components, including chains, wire ropes, and slings.","og_url":"https:\/\/qingdaohf.com\/cs\/produkt\/g2140-trmen\/","og_site_name":"Concrete Form &amp; Rigging Hardware Supplier","article_publisher":"https:\/\/www.facebook.com\/qingdaohf","article_modified_time":"2025-11-13T01:05:11+00:00","og_image":[{"width":1000,"height":1000,"url":"https:\/\/qingdaohf.com\/wp-content\/uploads\/2023\/05\/G2140-SHACKLE-1.jpg","type":"image\/jpeg"}],"twitter_card":"summary_large_image","twitter_misc":{"Odhadovan\u00e1 doba \u010dten\u00ed":"2 minuty"},"schema":{"@context":"https:\/\/schema.org","@graph":[{"@type":"WebPage","@id":"https:\/\/qingdaohf.com\/product\/g2140-shackle\/","url":"https:\/\/qingdaohf.com\/product\/g2140-shackle\/","name":"G2140 Galvanized Shackle","isPartOf":{"@id":"https:\/\/qingdaohf.com\/bg\/#website"},"primaryImageOfPage":{"@id":"https:\/\/qingdaohf.com\/product\/g2140-shackle\/#primaryimage"},"image":{"@id":"https:\/\/qingdaohf.com\/product\/g2140-shackle\/#primaryimage"},"thumbnailUrl":"https:\/\/qingdaohf.com\/wp-content\/uploads\/2023\/05\/G2140-SHACKLE-1.jpg","datePublished":"2023-05-19T08:48:13+00:00","dateModified":"2025-11-13T01:05:11+00:00","description":"The G2140 Galvanized Shackle is a heavy-duty rigging component commonly used in lifting and securing operations. This shackle is designed to provide a strong and reliable connection point between various lifting components, including chains, wire ropes, and slings.","breadcrumb":{"@id":"https:\/\/qingdaohf.com\/product\/g2140-shackle\/#breadcrumb"},"inLanguage":"cs","potentialAction":[{"@type":"ReadAction","target":["https:\/\/qingdaohf.com\/product\/g2140-shackle\/"]}]},{"@type":"ImageObject","inLanguage":"cs","@id":"https:\/\/qingdaohf.com\/product\/g2140-shackle\/#primaryimage","url":"https:\/\/qingdaohf.com\/wp-content\/uploads\/2023\/05\/G2140-SHACKLE-1.jpg","contentUrl":"https:\/\/qingdaohf.com\/wp-content\/uploads\/2023\/05\/G2140-SHACKLE-1.jpg","width":1000,"height":1000,"caption":"G2140 SHACKLE"},{"@type":"BreadcrumbList","@id":"https:\/\/qingdaohf.com\/product\/g2140-shackle\/#breadcrumb","itemListElement":[{"@type":"ListItem","position":1,"name":"Home","item":"https:\/\/qingdaohf.com\/"},{"@type":"ListItem","position":2,"name":"Concrete Forming Accessories and Rigging Hardware","item":"https:\/\/qingdaohf.com\/bg\/?page_id=944"},{"@type":"ListItem","position":3,"name":"G2140 Galvanized Shackle"}]},{"@type":"WebSite","@id":"https:\/\/qingdaohf.com\/bg\/#website","url":"https:\/\/qingdaohf.com\/bg\/","name":"Concrete Form & Rigging Hardware Supplier","description":"","publisher":{"@id":"https:\/\/qingdaohf.com\/bg\/#organization"},"potentialAction":[{"@type":"SearchAction","target":{"@type":"EntryPoint","urlTemplate":"https:\/\/qingdaohf.com\/bg\/?s={search_term_string}"},"query-input":{"@type":"PropertyValueSpecification","valueRequired":true,"valueName":"search_term_string"}}],"inLanguage":"cs"},{"@type":"Organization","@id":"https:\/\/qingdaohf.com\/bg\/#organization","name":"Qingdao H&F","url":"https:\/\/qingdaohf.com\/bg\/","logo":{"@type":"ImageObject","inLanguage":"cs","@id":"https:\/\/qingdaohf.com\/bg\/#\/schema\/logo\/image\/","url":"https:\/\/qingdaohf.com\/wp-content\/uploads\/2022\/12\/cropped-HF-LOGO.png","contentUrl":"https:\/\/qingdaohf.com\/wp-content\/uploads\/2022\/12\/cropped-HF-LOGO.png","width":391,"height":249,"caption":"Qingdao H&F"},"image":{"@id":"https:\/\/qingdaohf.com\/bg\/#\/schema\/logo\/image\/"},"sameAs":["https:\/\/www.facebook.com\/qingdaohf"]}]}},"_links":{"self":[{"href":"https:\/\/qingdaohf.com\/cs\/wp-json\/wp\/v2\/product\/3830","targetHints":{"allow":["GET"]}}],"collection":[{"href":"https:\/\/qingdaohf.com\/cs\/wp-json\/wp\/v2\/product"}],"about":[{"href":"https:\/\/qingdaohf.com\/cs\/wp-json\/wp\/v2\/types\/product"}],"replies":[{"embeddable":true,"href":"https:\/\/qingdaohf.com\/cs\/wp-json\/wp\/v2\/comments?post=3830"}],"version-history":[{"count":4,"href":"https:\/\/qingdaohf.com\/cs\/wp-json\/wp\/v2\/product\/3830\/revisions"}],"predecessor-version":[{"id":6455,"href":"https:\/\/qingdaohf.com\/cs\/wp-json\/wp\/v2\/product\/3830\/revisions\/6455"}],"wp:featuredmedia":[{"embeddable":true,"href":"https:\/\/qingdaohf.com\/cs\/wp-json\/wp\/v2\/media\/6330"}],"wp:attachment":[{"href":"https:\/\/qingdaohf.com\/cs\/wp-json\/wp\/v2\/media?parent=3830"}],"wp:term":[{"taxonomy":"product_brand","embeddable":true,"href":"https:\/\/qingdaohf.com\/cs\/wp-json\/wp\/v2\/product_brand?post=3830"},{"taxonomy":"product_cat","embeddable":true,"href":"https:\/\/qingdaohf.com\/cs\/wp-json\/wp\/v2\/product_cat?post=3830"},{"taxonomy":"product_tag","embeddable":true,"href":"https:\/\/qingdaohf.com\/cs\/wp-json\/wp\/v2\/product_tag?post=3830"}],"curies":[{"name":"wp","href":"https:\/\/api.w.org\/{rel}","templated":true}]}}