{"id":3839,"date":"2023-05-19T17:06:54","date_gmt":"2023-05-19T09:06:54","guid":{"rendered":"http:\/\/qingdaohf.com\/?post_type=product&#038;p=3839"},"modified":"2025-11-13T09:05:11","modified_gmt":"2025-11-13T01:05:11","slug":"g2160-galvanized-shackle","status":"publish","type":"product","link":"https:\/\/qingdaohf.com\/cs\/produkt\/g2160-pozinkovany-trmen\/","title":{"rendered":"G2160 S2160 Pozinkovan\u00fd t\u0159men s \u0161irok\u00fdm t\u011blem"},"content":{"rendered":"<p>Pozinkovan\u00fd t\u0159men G2160 je vyroben z vysoce kvalitn\u00ed oceli a proch\u00e1z\u00ed procesem galvanizace, kter\u00fd zvy\u0161uje jeho odolnost proti korozi a celkovou trvanlivost. Pozinkovan\u00fd povlak, tvo\u0159en\u00fd ochrannou vrstvou zinku, pom\u00e1h\u00e1 chr\u00e1nit t\u0159men p\u0159ed koroz\u00ed a rz\u00ed, tak\u017ee je vhodn\u00fd pro pou\u017eit\u00ed v n\u00e1ro\u010dn\u00fdch prost\u0159ed\u00edch v\u010detn\u011b venkovn\u00edch a n\u00e1mo\u0159n\u00edch aplikac\u00ed.<\/p>\n<p>Pozinkovan\u00fd t\u0159men G2160 m\u00e1 obloukovou konstrukci, kter\u00e1 umo\u017e\u0148uje snadn\u00e9 p\u0159ipevn\u011bn\u00ed a odepnut\u00ed zvedac\u00edch prvk\u016f, jako jsou \u0159et\u011bzy, ocelov\u00e1 lana a popruhy. Obsahuje z\u00e1vitov\u00fd kol\u00edk nebo \u0161roub pro bezpe\u010dn\u00e9 upevn\u011bn\u00ed, co\u017e zaji\u0161\u0165uje spolehliv\u00e9 a pevn\u00e9 uzav\u0159en\u00ed p\u0159i zvedac\u00edch operac\u00edch. Na t\u0159menu je obvykle vyzna\u010dena mezn\u00ed hodnota pracovn\u00edho zat\u00ed\u017een\u00ed (WLL) a dal\u0161\u00ed p\u0159\u00edslu\u0161n\u00e9 specifikace, kter\u00e9 zaji\u0161\u0165uj\u00ed bezpe\u010dn\u00e9 a spr\u00e1vn\u00e9 pou\u017eit\u00ed.<\/p>\n<p>Pozinkovan\u00e1 t\u0159menov\u00e1 oka G2160 jsou k dispozici v r\u016fzn\u00fdch velikostech a konfigurac\u00edch a mohou se p\u0159izp\u016fsobit \u0161irok\u00e9mu rozsahu limit\u016f pracovn\u00edho zat\u00ed\u017een\u00ed, co\u017e umo\u017e\u0148uje flexibilitu p\u0159i r\u016fzn\u00fdch zvedac\u00edch aplikac\u00edch. Pro zaji\u0161t\u011bn\u00ed optim\u00e1ln\u00ed bezpe\u010dnosti a v\u00fdkonu je nezbytn\u00e9 vybrat vhodn\u00fd t\u0159men na z\u00e1klad\u011b konkr\u00e9tn\u00edch po\u017eadavk\u016f na zat\u00ed\u017een\u00ed a pracovn\u00edch podm\u00ednek.<\/p>\n<p>Pozinkovan\u00fd t\u0159men G2160 s robustn\u00ed konstrukc\u00ed a pozinkovanou povrchovou \u00fapravou p\u0159edstavuje spolehliv\u00e9 a odoln\u00e9 \u0159e\u0161en\u00ed pro pot\u0159eby t\u011b\u017ek\u00e9ho upevn\u011bn\u00ed. D\u00edky sv\u00e9 pevnosti a odolnosti proti korozi je spolehlivou volbou pro profesion\u00e1ly, kte\u0159\u00ed hledaj\u00ed bezpe\u010dn\u00fd a dlouhotrvaj\u00edc\u00ed spojovac\u00ed bod p\u0159i zved\u00e1n\u00ed a zaji\u0161\u0165ov\u00e1n\u00ed.<\/p>\n<p><img fetchpriority=\"high\" decoding=\"async\" class=\"alignnone size-full wp-image-3842\" src=\"http:\/\/qingdaohf.com\/wp-content\/uploads\/2023\/05\/G2160.jpg\" alt=\"G2160 T\u0159men\" width=\"1000\" height=\"1219\" srcset=\"https:\/\/qingdaohf.com\/wp-content\/uploads\/2023\/05\/G2160.jpg 1000w, https:\/\/qingdaohf.com\/wp-content\/uploads\/2023\/05\/G2160-246x300.jpg 246w, https:\/\/qingdaohf.com\/wp-content\/uploads\/2023\/05\/G2160-840x1024.jpg 840w, https:\/\/qingdaohf.com\/wp-content\/uploads\/2023\/05\/G2160-768x936.jpg 768w\" sizes=\"(max-width: 1000px) 100vw, 1000px\" \/><\/p>\n<p><img decoding=\"async\" class=\"alignnone size-full wp-image-3843\" src=\"http:\/\/qingdaohf.com\/wp-content\/uploads\/2023\/05\/G2160E.jpg\" alt=\"G2160E\" width=\"1000\" height=\"895\" srcset=\"https:\/\/qingdaohf.com\/wp-content\/uploads\/2023\/05\/G2160E.jpg 1000w, https:\/\/qingdaohf.com\/wp-content\/uploads\/2023\/05\/G2160E-300x269.jpg 300w, https:\/\/qingdaohf.com\/wp-content\/uploads\/2023\/05\/G2160E-768x687.jpg 768w\" sizes=\"(max-width: 1000px) 100vw, 1000px\" \/><\/p>","protected":false},"excerpt":{"rendered":"<p>Pozinkovan\u00e1 t\u0159menov\u00e1 oka G2160 jsou t\u011b\u017ek\u00e9 lanov\u00e9 komponenty ur\u010den\u00e9 pro spolehliv\u00e9 a bezpe\u010dn\u00e9 spojen\u00ed p\u0159i zved\u00e1n\u00ed a zaji\u0161\u0165ov\u00e1n\u00ed. Tento t\u0159men se \u0161iroce pou\u017e\u00edv\u00e1 v pr\u016fmyslov\u00fdch odv\u011btv\u00edch, jako je stavebnictv\u00ed, n\u00e1mo\u0159n\u00ed doprava a doprava, kde je vy\u017eadov\u00e1no robustn\u00ed takel\u00e1\u017en\u00ed vybaven\u00ed.<\/p>","protected":false},"featured_media":4563,"comment_status":"open","ping_status":"closed","template":"","meta":{"site-sidebar-layout":"default","site-content-layout":"default","ast-site-content-layout":"default","site-content-style":"default","site-sidebar-style":"default","ast-global-header-display":"","ast-banner-title-visibility":"","ast-main-header-display":"","ast-hfb-above-header-display":"","ast-hfb-below-header-display":"","ast-hfb-mobile-header-display":"","site-post-title":"","ast-breadcrumbs-content":"","ast-featured-img":"","footer-sml-layout":"","theme-transparent-header-meta":"default","adv-header-id-meta":"","stick-header-meta":"default","header-above-stick-meta":"","header-main-stick-meta":"","header-below-stick-meta":"","astra-migrate-meta-layouts":"set","ast-page-background-enabled":"default","ast-page-background-meta":{"desktop":{"background-color":"","background-image":"","background-repeat":"repeat","background-position":"center center","background-size":"auto","background-attachment":"scroll","background-type":"","background-media":"","overlay-type":"","overlay-color":"","overlay-opacity":"","overlay-gradient":""},"tablet":{"background-color":"","background-image":"","background-repeat":"repeat","background-position":"center center","background-size":"auto","background-attachment":"scroll","background-type":"","background-media":"","overlay-type":"","overlay-color":"","overlay-opacity":"","overlay-gradient":""},"mobile":{"background-color":"","background-image":"","background-repeat":"repeat","background-position":"center center","background-size":"auto","background-attachment":"scroll","background-type":"","background-media":"","overlay-type":"","overlay-color":"","overlay-opacity":"","overlay-gradient":""}},"ast-content-background-meta":{"desktop":{"background-color":"var(--ast-global-color-5)","background-image":"","background-repeat":"repeat","background-position":"center center","background-size":"auto","background-attachment":"scroll","background-type":"","background-media":"","overlay-type":"","overlay-color":"","overlay-opacity":"","overlay-gradient":""},"tablet":{"background-color":"var(--ast-global-color-5)","background-image":"","background-repeat":"repeat","background-position":"center center","background-size":"auto","background-attachment":"scroll","background-type":"","background-media":"","overlay-type":"","overlay-color":"","overlay-opacity":"","overlay-gradient":""},"mobile":{"background-color":"var(--ast-global-color-5)","background-image":"","background-repeat":"repeat","background-position":"center center","background-size":"auto","background-attachment":"scroll","background-type":"","background-media":"","overlay-type":"","overlay-color":"","overlay-opacity":"","overlay-gradient":""}}},"product_brand":[],"product_cat":[54],"product_tag":[],"class_list":{"0":"post-3839","1":"product","2":"type-product","3":"status-publish","4":"has-post-thumbnail","6":"product_cat-shackle","7":"desktop-align-left","8":"tablet-align-left","9":"mobile-align-left","10":"ast-product-gallery-layout-horizontal-slider","11":"ast-product-tabs-layout-horizontal","13":"first","14":"instock","15":"shipping-taxable","16":"purchasable","17":"product-type-simple"},"yoast_head":"<!-- This site is optimized with the Yoast SEO plugin v25.2 - https:\/\/yoast.com\/wordpress\/plugins\/seo\/ -->\n<title>G2160 S2160 Galvanized Wide Body Shackle<\/title>\n<meta name=\"description\" content=\"G2160 Shackle is a heavy-duty rigging component designed for reliable and secure connections in lifting and securing operations.\" \/>\n<meta name=\"robots\" content=\"index, follow, max-snippet:-1, max-image-preview:large, max-video-preview:-1\" \/>\n<link rel=\"canonical\" href=\"https:\/\/qingdaohf.com\/cs\/produkt\/g2160-pozinkovany-trmen\/\" \/>\n<meta property=\"og:locale\" content=\"cs_CZ\" \/>\n<meta property=\"og:type\" content=\"article\" \/>\n<meta property=\"og:title\" content=\"G2160 S2160 Galvanized Wide Body Shackle\" \/>\n<meta property=\"og:description\" content=\"G2160 Shackle is a heavy-duty rigging component designed for reliable and secure connections in lifting and securing operations.\" \/>\n<meta property=\"og:url\" content=\"https:\/\/qingdaohf.com\/cs\/produkt\/g2160-pozinkovany-trmen\/\" \/>\n<meta property=\"og:site_name\" content=\"Concrete Form &amp; Rigging Hardware Supplier\" \/>\n<meta property=\"article:publisher\" content=\"https:\/\/www.facebook.com\/qingdaohf\" \/>\n<meta property=\"article:modified_time\" content=\"2025-11-13T01:05:11+00:00\" \/>\n<meta property=\"og:image\" content=\"https:\/\/qingdaohf.com\/wp-content\/uploads\/2023\/05\/1-2-2.jpg\" \/>\n\t<meta property=\"og:image:width\" content=\"1000\" \/>\n\t<meta property=\"og:image:height\" content=\"1000\" \/>\n\t<meta property=\"og:image:type\" content=\"image\/jpeg\" \/>\n<meta name=\"twitter:card\" content=\"summary_large_image\" \/>\n<meta name=\"twitter:label1\" content=\"Odhadovan\u00e1 doba \u010dten\u00ed\" \/>\n\t<meta name=\"twitter:data1\" content=\"2 minuty\" \/>\n<script type=\"application\/ld+json\" class=\"yoast-schema-graph\">{\"@context\":\"https:\/\/schema.org\",\"@graph\":[{\"@type\":\"WebPage\",\"@id\":\"https:\/\/qingdaohf.com\/product\/g2160-galvanized-shackle\/\",\"url\":\"https:\/\/qingdaohf.com\/product\/g2160-galvanized-shackle\/\",\"name\":\"G2160 S2160 Galvanized Wide Body Shackle\",\"isPartOf\":{\"@id\":\"https:\/\/qingdaohf.com\/bg\/#website\"},\"primaryImageOfPage\":{\"@id\":\"https:\/\/qingdaohf.com\/product\/g2160-galvanized-shackle\/#primaryimage\"},\"image\":{\"@id\":\"https:\/\/qingdaohf.com\/product\/g2160-galvanized-shackle\/#primaryimage\"},\"thumbnailUrl\":\"https:\/\/qingdaohf.com\/wp-content\/uploads\/2023\/05\/1-2-2.jpg\",\"datePublished\":\"2023-05-19T09:06:54+00:00\",\"dateModified\":\"2025-11-13T01:05:11+00:00\",\"description\":\"G2160 Shackle is a heavy-duty rigging component designed for reliable and secure connections in lifting and securing operations.\",\"breadcrumb\":{\"@id\":\"https:\/\/qingdaohf.com\/product\/g2160-galvanized-shackle\/#breadcrumb\"},\"inLanguage\":\"cs\",\"potentialAction\":[{\"@type\":\"ReadAction\",\"target\":[\"https:\/\/qingdaohf.com\/product\/g2160-galvanized-shackle\/\"]}]},{\"@type\":\"ImageObject\",\"inLanguage\":\"cs\",\"@id\":\"https:\/\/qingdaohf.com\/product\/g2160-galvanized-shackle\/#primaryimage\",\"url\":\"https:\/\/qingdaohf.com\/wp-content\/uploads\/2023\/05\/1-2-2.jpg\",\"contentUrl\":\"https:\/\/qingdaohf.com\/wp-content\/uploads\/2023\/05\/1-2-2.jpg\",\"width\":1000,\"height\":1000,\"caption\":\"shackle\"},{\"@type\":\"BreadcrumbList\",\"@id\":\"https:\/\/qingdaohf.com\/product\/g2160-galvanized-shackle\/#breadcrumb\",\"itemListElement\":[{\"@type\":\"ListItem\",\"position\":1,\"name\":\"Home\",\"item\":\"https:\/\/qingdaohf.com\/\"},{\"@type\":\"ListItem\",\"position\":2,\"name\":\"Concrete Forming Accessories and Rigging Hardware\",\"item\":\"https:\/\/qingdaohf.com\/bg\/?page_id=944\"},{\"@type\":\"ListItem\",\"position\":3,\"name\":\"G2160 S2160 Galvanized Wide Body Shackle\"}]},{\"@type\":\"WebSite\",\"@id\":\"https:\/\/qingdaohf.com\/bg\/#website\",\"url\":\"https:\/\/qingdaohf.com\/bg\/\",\"name\":\"Concrete Form & Rigging Hardware Supplier\",\"description\":\"\",\"publisher\":{\"@id\":\"https:\/\/qingdaohf.com\/bg\/#organization\"},\"potentialAction\":[{\"@type\":\"SearchAction\",\"target\":{\"@type\":\"EntryPoint\",\"urlTemplate\":\"https:\/\/qingdaohf.com\/bg\/?s={search_term_string}\"},\"query-input\":{\"@type\":\"PropertyValueSpecification\",\"valueRequired\":true,\"valueName\":\"search_term_string\"}}],\"inLanguage\":\"cs\"},{\"@type\":\"Organization\",\"@id\":\"https:\/\/qingdaohf.com\/bg\/#organization\",\"name\":\"Qingdao H&F\",\"url\":\"https:\/\/qingdaohf.com\/bg\/\",\"logo\":{\"@type\":\"ImageObject\",\"inLanguage\":\"cs\",\"@id\":\"https:\/\/qingdaohf.com\/bg\/#\/schema\/logo\/image\/\",\"url\":\"https:\/\/qingdaohf.com\/wp-content\/uploads\/2022\/12\/cropped-HF-LOGO.png\",\"contentUrl\":\"https:\/\/qingdaohf.com\/wp-content\/uploads\/2022\/12\/cropped-HF-LOGO.png\",\"width\":391,\"height\":249,\"caption\":\"Qingdao H&F\"},\"image\":{\"@id\":\"https:\/\/qingdaohf.com\/bg\/#\/schema\/logo\/image\/\"},\"sameAs\":[\"https:\/\/www.facebook.com\/qingdaohf\"]}]}<\/script>\n<!-- \/ Yoast SEO plugin. -->","yoast_head_json":{"title":"G2160 S2160 Galvanized Wide Body Shackle","description":"G2160 Shackle is a heavy-duty rigging component designed for reliable and secure connections in lifting and securing operations.","robots":{"index":"index","follow":"follow","max-snippet":"max-snippet:-1","max-image-preview":"max-image-preview:large","max-video-preview":"max-video-preview:-1"},"canonical":"https:\/\/qingdaohf.com\/cs\/produkt\/g2160-pozinkovany-trmen\/","og_locale":"cs_CZ","og_type":"article","og_title":"G2160 S2160 Galvanized Wide Body Shackle","og_description":"G2160 Shackle is a heavy-duty rigging component designed for reliable and secure connections in lifting and securing operations.","og_url":"https:\/\/qingdaohf.com\/cs\/produkt\/g2160-pozinkovany-trmen\/","og_site_name":"Concrete Form &amp; Rigging Hardware Supplier","article_publisher":"https:\/\/www.facebook.com\/qingdaohf","article_modified_time":"2025-11-13T01:05:11+00:00","og_image":[{"width":1000,"height":1000,"url":"https:\/\/qingdaohf.com\/wp-content\/uploads\/2023\/05\/1-2-2.jpg","type":"image\/jpeg"}],"twitter_card":"summary_large_image","twitter_misc":{"Odhadovan\u00e1 doba \u010dten\u00ed":"2 minuty"},"schema":{"@context":"https:\/\/schema.org","@graph":[{"@type":"WebPage","@id":"https:\/\/qingdaohf.com\/product\/g2160-galvanized-shackle\/","url":"https:\/\/qingdaohf.com\/product\/g2160-galvanized-shackle\/","name":"G2160 S2160 Galvanized Wide Body Shackle","isPartOf":{"@id":"https:\/\/qingdaohf.com\/bg\/#website"},"primaryImageOfPage":{"@id":"https:\/\/qingdaohf.com\/product\/g2160-galvanized-shackle\/#primaryimage"},"image":{"@id":"https:\/\/qingdaohf.com\/product\/g2160-galvanized-shackle\/#primaryimage"},"thumbnailUrl":"https:\/\/qingdaohf.com\/wp-content\/uploads\/2023\/05\/1-2-2.jpg","datePublished":"2023-05-19T09:06:54+00:00","dateModified":"2025-11-13T01:05:11+00:00","description":"G2160 Shackle is a heavy-duty rigging component designed for reliable and secure connections in lifting and securing operations.","breadcrumb":{"@id":"https:\/\/qingdaohf.com\/product\/g2160-galvanized-shackle\/#breadcrumb"},"inLanguage":"cs","potentialAction":[{"@type":"ReadAction","target":["https:\/\/qingdaohf.com\/product\/g2160-galvanized-shackle\/"]}]},{"@type":"ImageObject","inLanguage":"cs","@id":"https:\/\/qingdaohf.com\/product\/g2160-galvanized-shackle\/#primaryimage","url":"https:\/\/qingdaohf.com\/wp-content\/uploads\/2023\/05\/1-2-2.jpg","contentUrl":"https:\/\/qingdaohf.com\/wp-content\/uploads\/2023\/05\/1-2-2.jpg","width":1000,"height":1000,"caption":"shackle"},{"@type":"BreadcrumbList","@id":"https:\/\/qingdaohf.com\/product\/g2160-galvanized-shackle\/#breadcrumb","itemListElement":[{"@type":"ListItem","position":1,"name":"Home","item":"https:\/\/qingdaohf.com\/"},{"@type":"ListItem","position":2,"name":"Concrete Forming Accessories and Rigging Hardware","item":"https:\/\/qingdaohf.com\/bg\/?page_id=944"},{"@type":"ListItem","position":3,"name":"G2160 S2160 Galvanized Wide Body Shackle"}]},{"@type":"WebSite","@id":"https:\/\/qingdaohf.com\/bg\/#website","url":"https:\/\/qingdaohf.com\/bg\/","name":"Concrete Form & Rigging Hardware Supplier","description":"","publisher":{"@id":"https:\/\/qingdaohf.com\/bg\/#organization"},"potentialAction":[{"@type":"SearchAction","target":{"@type":"EntryPoint","urlTemplate":"https:\/\/qingdaohf.com\/bg\/?s={search_term_string}"},"query-input":{"@type":"PropertyValueSpecification","valueRequired":true,"valueName":"search_term_string"}}],"inLanguage":"cs"},{"@type":"Organization","@id":"https:\/\/qingdaohf.com\/bg\/#organization","name":"Qingdao H&F","url":"https:\/\/qingdaohf.com\/bg\/","logo":{"@type":"ImageObject","inLanguage":"cs","@id":"https:\/\/qingdaohf.com\/bg\/#\/schema\/logo\/image\/","url":"https:\/\/qingdaohf.com\/wp-content\/uploads\/2022\/12\/cropped-HF-LOGO.png","contentUrl":"https:\/\/qingdaohf.com\/wp-content\/uploads\/2022\/12\/cropped-HF-LOGO.png","width":391,"height":249,"caption":"Qingdao H&F"},"image":{"@id":"https:\/\/qingdaohf.com\/bg\/#\/schema\/logo\/image\/"},"sameAs":["https:\/\/www.facebook.com\/qingdaohf"]}]}},"_links":{"self":[{"href":"https:\/\/qingdaohf.com\/cs\/wp-json\/wp\/v2\/product\/3839","targetHints":{"allow":["GET"]}}],"collection":[{"href":"https:\/\/qingdaohf.com\/cs\/wp-json\/wp\/v2\/product"}],"about":[{"href":"https:\/\/qingdaohf.com\/cs\/wp-json\/wp\/v2\/types\/product"}],"replies":[{"embeddable":true,"href":"https:\/\/qingdaohf.com\/cs\/wp-json\/wp\/v2\/comments?post=3839"}],"version-history":[{"count":2,"href":"https:\/\/qingdaohf.com\/cs\/wp-json\/wp\/v2\/product\/3839\/revisions"}],"predecessor-version":[{"id":6449,"href":"https:\/\/qingdaohf.com\/cs\/wp-json\/wp\/v2\/product\/3839\/revisions\/6449"}],"wp:featuredmedia":[{"embeddable":true,"href":"https:\/\/qingdaohf.com\/cs\/wp-json\/wp\/v2\/media\/4563"}],"wp:attachment":[{"href":"https:\/\/qingdaohf.com\/cs\/wp-json\/wp\/v2\/media?parent=3839"}],"wp:term":[{"taxonomy":"product_brand","embeddable":true,"href":"https:\/\/qingdaohf.com\/cs\/wp-json\/wp\/v2\/product_brand?post=3839"},{"taxonomy":"product_cat","embeddable":true,"href":"https:\/\/qingdaohf.com\/cs\/wp-json\/wp\/v2\/product_cat?post=3839"},{"taxonomy":"product_tag","embeddable":true,"href":"https:\/\/qingdaohf.com\/cs\/wp-json\/wp\/v2\/product_tag?post=3839"}],"curies":[{"name":"wp","href":"https:\/\/api.w.org\/{rel}","templated":true}]}}