{"id":4004,"date":"2023-05-25T16:15:58","date_gmt":"2023-05-25T08:15:58","guid":{"rendered":"http:\/\/qingdaohf.com\/?post_type=product&#038;p=4004"},"modified":"2025-11-13T09:04:44","modified_gmt":"2025-11-13T01:04:44","slug":"jaw-jaw-turnbuckle","status":"publish","type":"product","link":"https:\/\/qingdaohf.com\/cs\/produkt\/celistni-vzpera\/","title":{"rendered":"\u010celisti a \u010delistn\u00ed nap\u00edn\u00e1k"},"content":{"rendered":"<p>Nap\u00edn\u00e1k s \u010delistmi se skl\u00e1d\u00e1 z kovov\u00e9ho t\u011bla s vnit\u0159n\u00edm z\u00e1vitem a \u010delistmi na obou konc\u00edch. \u010celisti jsou navr\u017eeny tak, aby bezpe\u010dn\u011b uchopily p\u0159edm\u011bty a poskytly spolehliv\u00fd upev\u0148ovac\u00ed bod. Vnit\u0159n\u00ed z\u00e1vity umo\u017e\u0148uj\u00ed ot\u00e1\u010den\u00edm t\u011bla nap\u00edn\u00e1k vysunout nebo zasunout, co\u017e umo\u017e\u0148uje p\u0159esn\u00e9 napnut\u00ed a nastaven\u00ed p\u0159ipojen\u00fdch p\u0159edm\u011bt\u016f.<\/p>\n<p>Hlavn\u00ed funkc\u00ed nap\u00edn\u00e1ku s \u010delistmi je vytvo\u0159en\u00ed nap\u011bt\u00ed nebo nastaven\u00ed d\u00e9lky spojen\u00ed mezi dv\u011bma upev\u0148ovac\u00edmi body ve stylu \u010delist\u00ed. Ot\u00e1\u010den\u00edm t\u011bla nap\u00edn\u00e1ku se z\u00e1vitov\u00e9 konce pohybuj\u00ed v opa\u010dn\u00fdch sm\u011brech, \u010d\u00edm\u017e se efektivn\u011b zv\u011bt\u0161uje nebo zmen\u0161uje vzd\u00e1lenost mezi \u010delistmi. Tento mechanismus umo\u017e\u0148uje p\u0159esn\u00e9 napnut\u00ed a nastaven\u00ed p\u0159ipojen\u00fdch p\u0159edm\u011bt\u016f.<\/p>\n<p>Konstrukce nap\u00edn\u00e1ku s \u010delist\u00ed a \u010delist\u00ed obvykle zahrnuje odoln\u00e9 materi\u00e1ly, jako je ocel nebo nerezov\u00e1 ocel, kter\u00e9 zaji\u0161\u0165uj\u00ed pevnost a trvanlivost. Je k dispozici v r\u016fzn\u00fdch velikostech a hmotnostech, aby vyhovoval r\u016fzn\u00fdm aplikac\u00edm a po\u017eadavk\u016fm.<\/p>\n<p><img fetchpriority=\"high\" decoding=\"async\" class=\"alignnone size-full wp-image-4579\" src=\"http:\/\/qingdaohf.com\/wp-content\/uploads\/2023\/05\/Jaw-Jaw-Turnbuckle.webp\" alt=\"\u010celisti a \u010delistn\u00ed nap\u00edn\u00e1k\" width=\"1000\" height=\"1299\" srcset=\"https:\/\/qingdaohf.com\/wp-content\/uploads\/2023\/05\/Jaw-Jaw-Turnbuckle.webp 1000w, https:\/\/qingdaohf.com\/wp-content\/uploads\/2023\/05\/Jaw-Jaw-Turnbuckle-231x300.webp 231w, https:\/\/qingdaohf.com\/wp-content\/uploads\/2023\/05\/Jaw-Jaw-Turnbuckle-788x1024.webp 788w, https:\/\/qingdaohf.com\/wp-content\/uploads\/2023\/05\/Jaw-Jaw-Turnbuckle-768x998.webp 768w\" sizes=\"(max-width: 1000px) 100vw, 1000px\" \/><\/p>\n<p>&nbsp;<\/p>","protected":false},"excerpt":{"rendered":"<p>\u010celistn\u00ed nap\u00edn\u00e1k je b\u011b\u017en\u011b pou\u017e\u00edvan\u00e1 sou\u010d\u00e1st hardwaru v aplikac\u00edch, kter\u00e9 vy\u017eaduj\u00ed nap\u00edn\u00e1n\u00ed, se\u0159izov\u00e1n\u00ed nebo spojov\u00e1n\u00ed dvou p\u0159edm\u011bt\u016f pomoc\u00ed \u010delistn\u00edch upev\u0148ovac\u00edch bod\u016f. Zaji\u0161\u0165uje bezpe\u010dn\u00e9 a nastaviteln\u00e9 spojen\u00ed a z\u00e1rove\u0148 umo\u017e\u0148uje prodlou\u017een\u00ed nebo zkr\u00e1cen\u00ed spoje.<\/p>","protected":false},"featured_media":3970,"comment_status":"open","ping_status":"closed","template":"","meta":{"site-sidebar-layout":"default","site-content-layout":"default","ast-site-content-layout":"default","site-content-style":"default","site-sidebar-style":"default","ast-global-header-display":"","ast-banner-title-visibility":"","ast-main-header-display":"","ast-hfb-above-header-display":"","ast-hfb-below-header-display":"","ast-hfb-mobile-header-display":"","site-post-title":"","ast-breadcrumbs-content":"","ast-featured-img":"","footer-sml-layout":"","theme-transparent-header-meta":"default","adv-header-id-meta":"","stick-header-meta":"default","header-above-stick-meta":"","header-main-stick-meta":"","header-below-stick-meta":"","astra-migrate-meta-layouts":"set","ast-page-background-enabled":"default","ast-page-background-meta":{"desktop":{"background-color":"","background-image":"","background-repeat":"repeat","background-position":"center center","background-size":"auto","background-attachment":"scroll","background-type":"","background-media":"","overlay-type":"","overlay-color":"","overlay-opacity":"","overlay-gradient":""},"tablet":{"background-color":"","background-image":"","background-repeat":"repeat","background-position":"center center","background-size":"auto","background-attachment":"scroll","background-type":"","background-media":"","overlay-type":"","overlay-color":"","overlay-opacity":"","overlay-gradient":""},"mobile":{"background-color":"","background-image":"","background-repeat":"repeat","background-position":"center center","background-size":"auto","background-attachment":"scroll","background-type":"","background-media":"","overlay-type":"","overlay-color":"","overlay-opacity":"","overlay-gradient":""}},"ast-content-background-meta":{"desktop":{"background-color":"var(--ast-global-color-5)","background-image":"","background-repeat":"repeat","background-position":"center center","background-size":"auto","background-attachment":"scroll","background-type":"","background-media":"","overlay-type":"","overlay-color":"","overlay-opacity":"","overlay-gradient":""},"tablet":{"background-color":"var(--ast-global-color-5)","background-image":"","background-repeat":"repeat","background-position":"center center","background-size":"auto","background-attachment":"scroll","background-type":"","background-media":"","overlay-type":"","overlay-color":"","overlay-opacity":"","overlay-gradient":""},"mobile":{"background-color":"var(--ast-global-color-5)","background-image":"","background-repeat":"repeat","background-position":"center center","background-size":"auto","background-attachment":"scroll","background-type":"","background-media":"","overlay-type":"","overlay-color":"","overlay-opacity":"","overlay-gradient":""}}},"product_brand":[],"product_cat":[56],"product_tag":[],"class_list":{"0":"post-4004","1":"product","2":"type-product","3":"status-publish","4":"has-post-thumbnail","6":"product_cat-turnbuckle","7":"desktop-align-left","8":"tablet-align-left","9":"mobile-align-left","10":"ast-product-gallery-layout-horizontal-slider","11":"ast-product-gallery-with-no-image","12":"ast-product-tabs-layout-horizontal","14":"first","15":"instock","16":"shipping-taxable","17":"purchasable","18":"product-type-simple"},"yoast_head":"<!-- This site is optimized with the Yoast SEO plugin v25.2 - https:\/\/yoast.com\/wordpress\/plugins\/seo\/ -->\n<title>Jaw &amp; Jaw Turnbuckle<\/title>\n<meta name=\"description\" content=\"The Jaw &amp; Jaw Turnbuckle is a commonly used hardware component in applications that require tensioning, adjusting, or connecting two objects with jaw-style attachment points.\" \/>\n<meta name=\"robots\" content=\"index, follow, max-snippet:-1, max-image-preview:large, max-video-preview:-1\" \/>\n<link rel=\"canonical\" href=\"https:\/\/qingdaohf.com\/cs\/produkt\/celistni-vzpera\/\" \/>\n<meta property=\"og:locale\" content=\"cs_CZ\" \/>\n<meta property=\"og:type\" content=\"article\" \/>\n<meta property=\"og:title\" content=\"Jaw &amp; Jaw Turnbuckle\" \/>\n<meta property=\"og:description\" content=\"The Jaw &amp; Jaw Turnbuckle is a commonly used hardware component in applications that require tensioning, adjusting, or connecting two objects with jaw-style attachment points.\" \/>\n<meta property=\"og:url\" content=\"https:\/\/qingdaohf.com\/cs\/produkt\/celistni-vzpera\/\" \/>\n<meta property=\"og:site_name\" content=\"Concrete Form &amp; Rigging Hardware Supplier\" \/>\n<meta property=\"article:publisher\" content=\"https:\/\/www.facebook.com\/qingdaohf\" \/>\n<meta property=\"article:modified_time\" content=\"2025-11-13T01:04:44+00:00\" \/>\n<meta property=\"og:image\" content=\"https:\/\/qingdaohf.com\/wp-content\/uploads\/2023\/05\/turnbuckle-6.jpg\" \/>\n\t<meta property=\"og:image:width\" content=\"1000\" \/>\n\t<meta property=\"og:image:height\" content=\"1000\" \/>\n\t<meta property=\"og:image:type\" content=\"image\/jpeg\" \/>\n<meta name=\"twitter:card\" content=\"summary_large_image\" \/>\n<meta name=\"twitter:label1\" content=\"Odhadovan\u00e1 doba \u010dten\u00ed\" \/>\n\t<meta name=\"twitter:data1\" content=\"2 minuty\" \/>\n<script type=\"application\/ld+json\" class=\"yoast-schema-graph\">{\"@context\":\"https:\/\/schema.org\",\"@graph\":[{\"@type\":\"WebPage\",\"@id\":\"https:\/\/qingdaohf.com\/product\/jaw-jaw-turnbuckle\/\",\"url\":\"https:\/\/qingdaohf.com\/product\/jaw-jaw-turnbuckle\/\",\"name\":\"Jaw & Jaw Turnbuckle\",\"isPartOf\":{\"@id\":\"https:\/\/qingdaohf.com\/bg\/#website\"},\"primaryImageOfPage\":{\"@id\":\"https:\/\/qingdaohf.com\/product\/jaw-jaw-turnbuckle\/#primaryimage\"},\"image\":{\"@id\":\"https:\/\/qingdaohf.com\/product\/jaw-jaw-turnbuckle\/#primaryimage\"},\"thumbnailUrl\":\"https:\/\/qingdaohf.com\/wp-content\/uploads\/2023\/05\/turnbuckle-6.jpg\",\"datePublished\":\"2023-05-25T08:15:58+00:00\",\"dateModified\":\"2025-11-13T01:04:44+00:00\",\"description\":\"The Jaw & Jaw Turnbuckle is a commonly used hardware component in applications that require tensioning, adjusting, or connecting two objects with jaw-style attachment points.\",\"breadcrumb\":{\"@id\":\"https:\/\/qingdaohf.com\/product\/jaw-jaw-turnbuckle\/#breadcrumb\"},\"inLanguage\":\"cs\",\"potentialAction\":[{\"@type\":\"ReadAction\",\"target\":[\"https:\/\/qingdaohf.com\/product\/jaw-jaw-turnbuckle\/\"]}]},{\"@type\":\"ImageObject\",\"inLanguage\":\"cs\",\"@id\":\"https:\/\/qingdaohf.com\/product\/jaw-jaw-turnbuckle\/#primaryimage\",\"url\":\"https:\/\/qingdaohf.com\/wp-content\/uploads\/2023\/05\/turnbuckle-6.jpg\",\"contentUrl\":\"https:\/\/qingdaohf.com\/wp-content\/uploads\/2023\/05\/turnbuckle-6.jpg\",\"width\":1000,\"height\":1000,\"caption\":\"turnbuckle\"},{\"@type\":\"BreadcrumbList\",\"@id\":\"https:\/\/qingdaohf.com\/product\/jaw-jaw-turnbuckle\/#breadcrumb\",\"itemListElement\":[{\"@type\":\"ListItem\",\"position\":1,\"name\":\"Home\",\"item\":\"https:\/\/qingdaohf.com\/\"},{\"@type\":\"ListItem\",\"position\":2,\"name\":\"Concrete Forming Accessories and Rigging Hardware\",\"item\":\"https:\/\/qingdaohf.com\/bg\/?page_id=944\"},{\"@type\":\"ListItem\",\"position\":3,\"name\":\"Jaw &#038; Jaw Turnbuckle\"}]},{\"@type\":\"WebSite\",\"@id\":\"https:\/\/qingdaohf.com\/bg\/#website\",\"url\":\"https:\/\/qingdaohf.com\/bg\/\",\"name\":\"Concrete Form & Rigging Hardware Supplier\",\"description\":\"\",\"publisher\":{\"@id\":\"https:\/\/qingdaohf.com\/bg\/#organization\"},\"potentialAction\":[{\"@type\":\"SearchAction\",\"target\":{\"@type\":\"EntryPoint\",\"urlTemplate\":\"https:\/\/qingdaohf.com\/bg\/?s={search_term_string}\"},\"query-input\":{\"@type\":\"PropertyValueSpecification\",\"valueRequired\":true,\"valueName\":\"search_term_string\"}}],\"inLanguage\":\"cs\"},{\"@type\":\"Organization\",\"@id\":\"https:\/\/qingdaohf.com\/bg\/#organization\",\"name\":\"Qingdao H&F\",\"url\":\"https:\/\/qingdaohf.com\/bg\/\",\"logo\":{\"@type\":\"ImageObject\",\"inLanguage\":\"cs\",\"@id\":\"https:\/\/qingdaohf.com\/bg\/#\/schema\/logo\/image\/\",\"url\":\"https:\/\/qingdaohf.com\/wp-content\/uploads\/2022\/12\/cropped-HF-LOGO.png\",\"contentUrl\":\"https:\/\/qingdaohf.com\/wp-content\/uploads\/2022\/12\/cropped-HF-LOGO.png\",\"width\":391,\"height\":249,\"caption\":\"Qingdao H&F\"},\"image\":{\"@id\":\"https:\/\/qingdaohf.com\/bg\/#\/schema\/logo\/image\/\"},\"sameAs\":[\"https:\/\/www.facebook.com\/qingdaohf\"]}]}<\/script>\n<!-- \/ Yoast SEO plugin. -->","yoast_head_json":{"title":"Jaw & Jaw Turnbuckle","description":"The Jaw & Jaw Turnbuckle is a commonly used hardware component in applications that require tensioning, adjusting, or connecting two objects with jaw-style attachment points.","robots":{"index":"index","follow":"follow","max-snippet":"max-snippet:-1","max-image-preview":"max-image-preview:large","max-video-preview":"max-video-preview:-1"},"canonical":"https:\/\/qingdaohf.com\/cs\/produkt\/celistni-vzpera\/","og_locale":"cs_CZ","og_type":"article","og_title":"Jaw & Jaw Turnbuckle","og_description":"The Jaw & Jaw Turnbuckle is a commonly used hardware component in applications that require tensioning, adjusting, or connecting two objects with jaw-style attachment points.","og_url":"https:\/\/qingdaohf.com\/cs\/produkt\/celistni-vzpera\/","og_site_name":"Concrete Form &amp; Rigging Hardware Supplier","article_publisher":"https:\/\/www.facebook.com\/qingdaohf","article_modified_time":"2025-11-13T01:04:44+00:00","og_image":[{"width":1000,"height":1000,"url":"https:\/\/qingdaohf.com\/wp-content\/uploads\/2023\/05\/turnbuckle-6.jpg","type":"image\/jpeg"}],"twitter_card":"summary_large_image","twitter_misc":{"Odhadovan\u00e1 doba \u010dten\u00ed":"2 minuty"},"schema":{"@context":"https:\/\/schema.org","@graph":[{"@type":"WebPage","@id":"https:\/\/qingdaohf.com\/product\/jaw-jaw-turnbuckle\/","url":"https:\/\/qingdaohf.com\/product\/jaw-jaw-turnbuckle\/","name":"Jaw & Jaw Turnbuckle","isPartOf":{"@id":"https:\/\/qingdaohf.com\/bg\/#website"},"primaryImageOfPage":{"@id":"https:\/\/qingdaohf.com\/product\/jaw-jaw-turnbuckle\/#primaryimage"},"image":{"@id":"https:\/\/qingdaohf.com\/product\/jaw-jaw-turnbuckle\/#primaryimage"},"thumbnailUrl":"https:\/\/qingdaohf.com\/wp-content\/uploads\/2023\/05\/turnbuckle-6.jpg","datePublished":"2023-05-25T08:15:58+00:00","dateModified":"2025-11-13T01:04:44+00:00","description":"The Jaw & Jaw Turnbuckle is a commonly used hardware component in applications that require tensioning, adjusting, or connecting two objects with jaw-style attachment points.","breadcrumb":{"@id":"https:\/\/qingdaohf.com\/product\/jaw-jaw-turnbuckle\/#breadcrumb"},"inLanguage":"cs","potentialAction":[{"@type":"ReadAction","target":["https:\/\/qingdaohf.com\/product\/jaw-jaw-turnbuckle\/"]}]},{"@type":"ImageObject","inLanguage":"cs","@id":"https:\/\/qingdaohf.com\/product\/jaw-jaw-turnbuckle\/#primaryimage","url":"https:\/\/qingdaohf.com\/wp-content\/uploads\/2023\/05\/turnbuckle-6.jpg","contentUrl":"https:\/\/qingdaohf.com\/wp-content\/uploads\/2023\/05\/turnbuckle-6.jpg","width":1000,"height":1000,"caption":"turnbuckle"},{"@type":"BreadcrumbList","@id":"https:\/\/qingdaohf.com\/product\/jaw-jaw-turnbuckle\/#breadcrumb","itemListElement":[{"@type":"ListItem","position":1,"name":"Home","item":"https:\/\/qingdaohf.com\/"},{"@type":"ListItem","position":2,"name":"Concrete Forming Accessories and Rigging Hardware","item":"https:\/\/qingdaohf.com\/bg\/?page_id=944"},{"@type":"ListItem","position":3,"name":"Jaw &#038; Jaw Turnbuckle"}]},{"@type":"WebSite","@id":"https:\/\/qingdaohf.com\/bg\/#website","url":"https:\/\/qingdaohf.com\/bg\/","name":"Concrete Form & Rigging Hardware Supplier","description":"","publisher":{"@id":"https:\/\/qingdaohf.com\/bg\/#organization"},"potentialAction":[{"@type":"SearchAction","target":{"@type":"EntryPoint","urlTemplate":"https:\/\/qingdaohf.com\/bg\/?s={search_term_string}"},"query-input":{"@type":"PropertyValueSpecification","valueRequired":true,"valueName":"search_term_string"}}],"inLanguage":"cs"},{"@type":"Organization","@id":"https:\/\/qingdaohf.com\/bg\/#organization","name":"Qingdao H&F","url":"https:\/\/qingdaohf.com\/bg\/","logo":{"@type":"ImageObject","inLanguage":"cs","@id":"https:\/\/qingdaohf.com\/bg\/#\/schema\/logo\/image\/","url":"https:\/\/qingdaohf.com\/wp-content\/uploads\/2022\/12\/cropped-HF-LOGO.png","contentUrl":"https:\/\/qingdaohf.com\/wp-content\/uploads\/2022\/12\/cropped-HF-LOGO.png","width":391,"height":249,"caption":"Qingdao H&F"},"image":{"@id":"https:\/\/qingdaohf.com\/bg\/#\/schema\/logo\/image\/"},"sameAs":["https:\/\/www.facebook.com\/qingdaohf"]}]}},"_links":{"self":[{"href":"https:\/\/qingdaohf.com\/cs\/wp-json\/wp\/v2\/product\/4004","targetHints":{"allow":["GET"]}}],"collection":[{"href":"https:\/\/qingdaohf.com\/cs\/wp-json\/wp\/v2\/product"}],"about":[{"href":"https:\/\/qingdaohf.com\/cs\/wp-json\/wp\/v2\/types\/product"}],"replies":[{"embeddable":true,"href":"https:\/\/qingdaohf.com\/cs\/wp-json\/wp\/v2\/comments?post=4004"}],"version-history":[{"count":1,"href":"https:\/\/qingdaohf.com\/cs\/wp-json\/wp\/v2\/product\/4004\/revisions"}],"predecessor-version":[{"id":8700,"href":"https:\/\/qingdaohf.com\/cs\/wp-json\/wp\/v2\/product\/4004\/revisions\/8700"}],"wp:featuredmedia":[{"embeddable":true,"href":"https:\/\/qingdaohf.com\/cs\/wp-json\/wp\/v2\/media\/3970"}],"wp:attachment":[{"href":"https:\/\/qingdaohf.com\/cs\/wp-json\/wp\/v2\/media?parent=4004"}],"wp:term":[{"taxonomy":"product_brand","embeddable":true,"href":"https:\/\/qingdaohf.com\/cs\/wp-json\/wp\/v2\/product_brand?post=4004"},{"taxonomy":"product_cat","embeddable":true,"href":"https:\/\/qingdaohf.com\/cs\/wp-json\/wp\/v2\/product_cat?post=4004"},{"taxonomy":"product_tag","embeddable":true,"href":"https:\/\/qingdaohf.com\/cs\/wp-json\/wp\/v2\/product_tag?post=4004"}],"curies":[{"name":"wp","href":"https:\/\/api.w.org\/{rel}","templated":true}]}}