{"id":4018,"date":"2023-05-25T17:17:08","date_gmt":"2023-05-25T09:17:08","guid":{"rendered":"http:\/\/qingdaohf.com\/?post_type=product&#038;p=4018"},"modified":"2025-11-13T09:04:44","modified_gmt":"2025-11-13T01:04:44","slug":"duplex-wire-rope-clip","status":"publish","type":"product","link":"https:\/\/qingdaohf.com\/cs\/produkt\/oboustranna-svorka-na-ocelove-lano\/","title":{"rendered":"Klip z nerezov\u00e9 oceli Duplex Wire Rope Clip"},"content":{"rendered":"<div class=\"ast-oembed-container\" style=\"height: 100%;\"><iframe title=\"Oboustrann\u00e1 svorka pro ocelov\u00e9 lano\" width=\"500\" height=\"375\" src=\"https:\/\/www.youtube.com\/embed\/zOdHzdudyVo?feature=oembed\" frameborder=\"0\" allow=\"accelerometer; autoplay; clipboard-write; encrypted-media; gyroscope; picture-in-picture; web-share\" referrerpolicy=\"strict-origin-when-cross-origin\" allowfullscreen><\/iframe><\/div>\n<p>Duplexn\u00ed svorka na ocelov\u00e9 lano Excellence: Na\u0161e obojetn\u00e9 lanov\u00e9 svorky jsou dokonale zkonstruov\u00e1ny z prvot\u0159\u00eddn\u00edch materi\u00e1l\u016f, kter\u00e9 zaji\u0161\u0165uj\u00ed vynikaj\u00edc\u00ed pevnost, odolnost a bezpe\u010dnost. Ka\u017ed\u00e1 svorka proch\u00e1z\u00ed p\u0159\u00edsn\u00fdm testov\u00e1n\u00edm, aby spl\u0148ovala a p\u0159ekon\u00e1vala pr\u016fmyslov\u00e9 normy, a zaji\u0161\u0165uje tak spolehliv\u00fd v\u00fdkon v nejn\u00e1ro\u010dn\u011bj\u0161\u00edch prost\u0159ed\u00edch.<\/p>\n<p>V\u0161estrann\u00e9 pou\u017eit\u00ed: Duplexn\u00ed lanov\u00e9 svorky jsou ide\u00e1ln\u00ed pro stavebnictv\u00ed, n\u00e1mo\u0159n\u00ed dopravu, t\u011b\u017ebu ropy a plynu a r\u016fzn\u00e1 pr\u016fmyslov\u00e1 odv\u011btv\u00ed. Poskytuj\u00ed bezpe\u010dn\u00e9 a efektivn\u00ed \u0159e\u0161en\u00ed pro upevn\u011bn\u00ed lana v r\u016fzn\u00fdch projektech.<\/p>\n<p>Personalizovan\u00fd z\u00e1kaznick\u00fd servis: V na\u0161em j\u00e1dru je pro n\u00e1s prioritou individu\u00e1ln\u00ed p\u0159\u00edstup k z\u00e1kazn\u00edk\u016fm. N\u00e1\u0161 vysoce kvalifikovan\u00fd t\u00fdm \u00fazce spolupracuje s ka\u017ed\u00fdm z\u00e1kazn\u00edkem, aby porozum\u011bl jeho specifick\u00fdm pot\u0159eb\u00e1m a doporu\u010dil mu nejvhodn\u011bj\u0161\u00ed obojetn\u00e9 lanov\u00e9 svorky pro jeho aplikace.<\/p>\n<p>Bezkonkuren\u010dn\u00ed poprodejn\u00ed podpora: N\u00e1\u0161 z\u00e1vazek v\u016f\u010di v\u00e1m nekon\u010d\u00ed prodejem. Jsme hrd\u00ed na to, \u017ee m\u016f\u017eeme nab\u00eddnout komplexn\u00ed poprodejn\u00ed podporu a okam\u017eit\u011b \u0159e\u0161it ve\u0161ker\u00e9 va\u0161e dotazy nebo obavy. Va\u0161e spokojenost je pro n\u00e1s nejvy\u0161\u0161\u00ed prioritou.<\/p>\n<p>Konkuren\u010dn\u00ed ceny, vy\u0161\u0161\u00ed \u00faspory: P\u0159i zachov\u00e1n\u00ed nekompromisn\u00ed kvality v\u00fdrobk\u016f v\u011b\u0159\u00edme, \u017ee na\u0161im v\u00e1\u017een\u00fdm z\u00e1kazn\u00edk\u016fm poskytneme vy\u0161\u0161\u00ed ziskov\u00e9 mar\u017ee. Na\u0161e efektivn\u00ed v\u00fdrobn\u00ed procesy a siln\u00e9 vztahy s dodavateli n\u00e1m umo\u017e\u0148uj\u00ed nab\u00edzet konkurenceschopn\u00e9 ceny, ani\u017e bychom museli d\u011blat kompromisy v oblasti dokonalosti.<\/p>\n<p>Des\u00edtky let zku\u0161enost\u00ed: N\u00e1\u0161 t\u00fdm m\u00e1 20 let zku\u0161enost\u00ed v oboru mont\u00e1\u017en\u00edch za\u0159\u00edzen\u00ed a disponuje rozs\u00e1hl\u00fdmi znalostmi a odborn\u00fdmi znalostmi. Sledujeme nejnov\u011bj\u0161\u00ed pokroky a trendy v oboru, abychom mohli na\u0161im z\u00e1kazn\u00edk\u016fm poskytovat \u0161pi\u010dkov\u00e1 \u0159e\u0161en\u00ed.<\/p>\n<p>Spolehliv\u00e1 distribu\u010dn\u00ed s\u00ed\u0165: Jako renomovan\u00fd distributor a velkoobchodn\u00edk disponujeme robustn\u00ed distribu\u010dn\u00ed s\u00edt\u00ed, kter\u00e1 zaji\u0161\u0165uje rychl\u00e9 a spolehliv\u00e9 dod\u00e1n\u00ed va\u0161ich svorek pro duplexn\u00ed ocelov\u00e1 lana bez ohledu na to, kde se nach\u00e1z\u00edte.<\/p>\n<h3>Pro\u010d si vybrat pr\u00e1v\u011b n\u00e1s?<\/h3>\n<p>Osv\u011bd\u010den\u00e9 v\u00fdsledky: V pr\u016fb\u011bhu let jsme si vybudovali dobrou pov\u011bst zalo\u017eenou na d\u016fv\u011b\u0159e a loajalit\u011b nes\u010detn\u00fdch spokojen\u00fdch z\u00e1kazn\u00edk\u016f. Z\u00e1kladem na\u0161eho \u00fasp\u011bchu je d\u016fsledn\u00e9 dodr\u017eov\u00e1n\u00ed kvality a spolehlivosti.<\/p>\n<p>Bezpe\u010dnost jako priorita: Bezpe\u010dnost je pro n\u00e1s na prvn\u00edm m\u00edst\u011b. Na\u0161e svorky na lana Duplex proch\u00e1zej\u00ed p\u0159\u00edsn\u00fdm testov\u00e1n\u00edm a spl\u0148uj\u00ed pr\u016fmyslov\u00e9 bezpe\u010dnostn\u00ed normy, co\u017e v\u00e1m poskytuje jistotu a z\u00e1ruku, kterou pot\u0159ebujete pro sv\u00e9 kritick\u00e9 aplikace.<\/p>\n<p>\u0158e\u0161en\u00ed na m\u00edru: Uv\u011bdomujeme si, \u017ee ka\u017ed\u00fd projekt je jedine\u010dn\u00fd. N\u00e1\u0161 t\u00fdm s v\u00e1mi spolupracuje na \u0159e\u0161en\u00edch \u0161it\u00fdch na m\u00edru, kter\u00e1 nejl\u00e9pe vyhovuj\u00ed va\u0161im specifick\u00fdm po\u017eadavk\u016fm, a zaji\u0161\u0165uje tak v\u017edy optim\u00e1ln\u00ed v\u00fdsledky.<\/p>\n<p>P\u0159\u00edstup zam\u011b\u0159en\u00fd na z\u00e1kazn\u00edka: Na\u0161i z\u00e1kazn\u00edci jsou st\u0159edobodem v\u0161eho, co d\u011bl\u00e1me. Jsme hrd\u00ed na v\u00fdjime\u010dn\u00fd z\u00e1kaznick\u00fd servis, transparentn\u00ed komunikaci a ochotu ud\u011blat n\u011bco nav\u00edc pro va\u0161i spokojenost.<\/p>","protected":false},"excerpt":{"rendered":"<p>Jako p\u0159\u00edm\u00fd v\u00fdrobce a velkoobchodn\u00edk nab\u00edz\u00edme konkurenceschopn\u00e9 ceny bez kompromis\u016f v kvalit\u011b v\u00fdrobk\u016f.Na\u0161e obojetn\u00e9 lanov\u00e9 svorky nab\u00edzej\u00ed v\u00fdjime\u010dnou spolehlivost a bezpe\u010dn\u00e1 upev\u0148ovac\u00ed \u0159e\u0161en\u00ed pro r\u016fzn\u00e9 aplikace, tak\u017ee jsou ide\u00e1ln\u00ed volbou pro va\u0161e rozmanit\u00e9 pot\u0159eby.<\/p>","protected":false},"featured_media":4020,"comment_status":"open","ping_status":"closed","template":"","meta":{"site-sidebar-layout":"default","site-content-layout":"default","ast-site-content-layout":"default","site-content-style":"default","site-sidebar-style":"default","ast-global-header-display":"","ast-banner-title-visibility":"","ast-main-header-display":"","ast-hfb-above-header-display":"","ast-hfb-below-header-display":"","ast-hfb-mobile-header-display":"","site-post-title":"","ast-breadcrumbs-content":"","ast-featured-img":"","footer-sml-layout":"","theme-transparent-header-meta":"default","adv-header-id-meta":"","stick-header-meta":"default","header-above-stick-meta":"","header-main-stick-meta":"","header-below-stick-meta":"","astra-migrate-meta-layouts":"set","ast-page-background-enabled":"default","ast-page-background-meta":{"desktop":{"background-color":"","background-image":"","background-repeat":"repeat","background-position":"center center","background-size":"auto","background-attachment":"scroll","background-type":"","background-media":"","overlay-type":"","overlay-color":"","overlay-opacity":"","overlay-gradient":""},"tablet":{"background-color":"","background-image":"","background-repeat":"repeat","background-position":"center center","background-size":"auto","background-attachment":"scroll","background-type":"","background-media":"","overlay-type":"","overlay-color":"","overlay-opacity":"","overlay-gradient":""},"mobile":{"background-color":"","background-image":"","background-repeat":"repeat","background-position":"center center","background-size":"auto","background-attachment":"scroll","background-type":"","background-media":"","overlay-type":"","overlay-color":"","overlay-opacity":"","overlay-gradient":""}},"ast-content-background-meta":{"desktop":{"background-color":"var(--ast-global-color-5)","background-image":"","background-repeat":"repeat","background-position":"center center","background-size":"auto","background-attachment":"scroll","background-type":"","background-media":"","overlay-type":"","overlay-color":"","overlay-opacity":"","overlay-gradient":""},"tablet":{"background-color":"var(--ast-global-color-5)","background-image":"","background-repeat":"repeat","background-position":"center center","background-size":"auto","background-attachment":"scroll","background-type":"","background-media":"","overlay-type":"","overlay-color":"","overlay-opacity":"","overlay-gradient":""},"mobile":{"background-color":"var(--ast-global-color-5)","background-image":"","background-repeat":"repeat","background-position":"center center","background-size":"auto","background-attachment":"scroll","background-type":"","background-media":"","overlay-type":"","overlay-color":"","overlay-opacity":"","overlay-gradient":""}}},"product_brand":[],"product_cat":[51,37,43],"product_tag":[],"class_list":{"0":"post-4018","1":"product","2":"type-product","3":"status-publish","4":"has-post-thumbnail","6":"product_cat-riggging-hardware","7":"product_cat-wire-rope","8":"product_cat-rigging-hardware","9":"desktop-align-left","10":"tablet-align-left","11":"mobile-align-left","12":"ast-product-gallery-layout-horizontal-slider","13":"ast-product-tabs-layout-horizontal","15":"first","16":"instock","17":"shipping-taxable","18":"purchasable","19":"product-type-simple"},"yoast_head":"<!-- This site is optimized with the Yoast SEO plugin v25.2 - https:\/\/yoast.com\/wordpress\/plugins\/seo\/ -->\n<title>Stainless Steel Duplex Wire Rope Clip<\/title>\n<meta name=\"description\" content=\"As a direct manufacturer and wholesaler, we offer competitive pricing without compromising on product quality.\" \/>\n<meta name=\"robots\" content=\"index, follow, max-snippet:-1, max-image-preview:large, max-video-preview:-1\" \/>\n<link rel=\"canonical\" href=\"https:\/\/qingdaohf.com\/cs\/produkt\/oboustranna-svorka-na-ocelove-lano\/\" \/>\n<meta property=\"og:locale\" content=\"cs_CZ\" \/>\n<meta property=\"og:type\" content=\"article\" \/>\n<meta property=\"og:title\" content=\"Stainless Steel Duplex Wire Rope Clip\" \/>\n<meta property=\"og:description\" content=\"As a direct manufacturer and wholesaler, we offer competitive pricing without compromising on product quality.\" \/>\n<meta property=\"og:url\" content=\"https:\/\/qingdaohf.com\/cs\/produkt\/oboustranna-svorka-na-ocelove-lano\/\" \/>\n<meta property=\"og:site_name\" content=\"Concrete Form &amp; Rigging Hardware Supplier\" \/>\n<meta property=\"article:publisher\" content=\"https:\/\/www.facebook.com\/qingdaohf\" \/>\n<meta property=\"article:modified_time\" content=\"2025-11-13T01:04:44+00:00\" \/>\n<meta property=\"og:image\" content=\"https:\/\/qingdaohf.com\/wp-content\/uploads\/2023\/05\/duplex-wire-rope-clip-11.jpg\" \/>\n\t<meta property=\"og:image:width\" content=\"1000\" \/>\n\t<meta property=\"og:image:height\" content=\"1000\" \/>\n\t<meta property=\"og:image:type\" content=\"image\/jpeg\" \/>\n<meta name=\"twitter:card\" content=\"summary_large_image\" \/>\n<meta name=\"twitter:label1\" content=\"Odhadovan\u00e1 doba \u010dten\u00ed\" \/>\n\t<meta name=\"twitter:data1\" content=\"2 minuty\" \/>\n<script type=\"application\/ld+json\" class=\"yoast-schema-graph\">{\"@context\":\"https:\/\/schema.org\",\"@graph\":[{\"@type\":\"WebPage\",\"@id\":\"https:\/\/qingdaohf.com\/product\/duplex-wire-rope-clip\/\",\"url\":\"https:\/\/qingdaohf.com\/product\/duplex-wire-rope-clip\/\",\"name\":\"Stainless Steel Duplex Wire Rope Clip\",\"isPartOf\":{\"@id\":\"https:\/\/qingdaohf.com\/bg\/#website\"},\"primaryImageOfPage\":{\"@id\":\"https:\/\/qingdaohf.com\/product\/duplex-wire-rope-clip\/#primaryimage\"},\"image\":{\"@id\":\"https:\/\/qingdaohf.com\/product\/duplex-wire-rope-clip\/#primaryimage\"},\"thumbnailUrl\":\"https:\/\/qingdaohf.com\/wp-content\/uploads\/2023\/05\/duplex-wire-rope-clip-11.jpg\",\"datePublished\":\"2023-05-25T09:17:08+00:00\",\"dateModified\":\"2025-11-13T01:04:44+00:00\",\"description\":\"As a direct manufacturer and wholesaler, we offer competitive pricing without compromising on product quality.\",\"breadcrumb\":{\"@id\":\"https:\/\/qingdaohf.com\/product\/duplex-wire-rope-clip\/#breadcrumb\"},\"inLanguage\":\"cs\",\"potentialAction\":[{\"@type\":\"ReadAction\",\"target\":[\"https:\/\/qingdaohf.com\/product\/duplex-wire-rope-clip\/\"]}]},{\"@type\":\"ImageObject\",\"inLanguage\":\"cs\",\"@id\":\"https:\/\/qingdaohf.com\/product\/duplex-wire-rope-clip\/#primaryimage\",\"url\":\"https:\/\/qingdaohf.com\/wp-content\/uploads\/2023\/05\/duplex-wire-rope-clip-11.jpg\",\"contentUrl\":\"https:\/\/qingdaohf.com\/wp-content\/uploads\/2023\/05\/duplex-wire-rope-clip-11.jpg\",\"width\":1000,\"height\":1000,\"caption\":\"duplex wire rope clip\"},{\"@type\":\"BreadcrumbList\",\"@id\":\"https:\/\/qingdaohf.com\/product\/duplex-wire-rope-clip\/#breadcrumb\",\"itemListElement\":[{\"@type\":\"ListItem\",\"position\":1,\"name\":\"Home\",\"item\":\"https:\/\/qingdaohf.com\/\"},{\"@type\":\"ListItem\",\"position\":2,\"name\":\"Concrete Forming Accessories and Rigging Hardware\",\"item\":\"https:\/\/qingdaohf.com\/bg\/?page_id=944\"},{\"@type\":\"ListItem\",\"position\":3,\"name\":\"Stainless Steel Duplex Wire Rope Clip\"}]},{\"@type\":\"WebSite\",\"@id\":\"https:\/\/qingdaohf.com\/bg\/#website\",\"url\":\"https:\/\/qingdaohf.com\/bg\/\",\"name\":\"Concrete Form & Rigging Hardware Supplier\",\"description\":\"\",\"publisher\":{\"@id\":\"https:\/\/qingdaohf.com\/bg\/#organization\"},\"potentialAction\":[{\"@type\":\"SearchAction\",\"target\":{\"@type\":\"EntryPoint\",\"urlTemplate\":\"https:\/\/qingdaohf.com\/bg\/?s={search_term_string}\"},\"query-input\":{\"@type\":\"PropertyValueSpecification\",\"valueRequired\":true,\"valueName\":\"search_term_string\"}}],\"inLanguage\":\"cs\"},{\"@type\":\"Organization\",\"@id\":\"https:\/\/qingdaohf.com\/bg\/#organization\",\"name\":\"Qingdao H&F\",\"url\":\"https:\/\/qingdaohf.com\/bg\/\",\"logo\":{\"@type\":\"ImageObject\",\"inLanguage\":\"cs\",\"@id\":\"https:\/\/qingdaohf.com\/bg\/#\/schema\/logo\/image\/\",\"url\":\"https:\/\/qingdaohf.com\/wp-content\/uploads\/2022\/12\/cropped-HF-LOGO.png\",\"contentUrl\":\"https:\/\/qingdaohf.com\/wp-content\/uploads\/2022\/12\/cropped-HF-LOGO.png\",\"width\":391,\"height\":249,\"caption\":\"Qingdao H&F\"},\"image\":{\"@id\":\"https:\/\/qingdaohf.com\/bg\/#\/schema\/logo\/image\/\"},\"sameAs\":[\"https:\/\/www.facebook.com\/qingdaohf\"]}]}<\/script>\n<!-- \/ Yoast SEO plugin. -->","yoast_head_json":{"title":"Stainless Steel Duplex Wire Rope Clip","description":"As a direct manufacturer and wholesaler, we offer competitive pricing without compromising on product quality.","robots":{"index":"index","follow":"follow","max-snippet":"max-snippet:-1","max-image-preview":"max-image-preview:large","max-video-preview":"max-video-preview:-1"},"canonical":"https:\/\/qingdaohf.com\/cs\/produkt\/oboustranna-svorka-na-ocelove-lano\/","og_locale":"cs_CZ","og_type":"article","og_title":"Stainless Steel Duplex Wire Rope Clip","og_description":"As a direct manufacturer and wholesaler, we offer competitive pricing without compromising on product quality.","og_url":"https:\/\/qingdaohf.com\/cs\/produkt\/oboustranna-svorka-na-ocelove-lano\/","og_site_name":"Concrete Form &amp; Rigging Hardware Supplier","article_publisher":"https:\/\/www.facebook.com\/qingdaohf","article_modified_time":"2025-11-13T01:04:44+00:00","og_image":[{"width":1000,"height":1000,"url":"https:\/\/qingdaohf.com\/wp-content\/uploads\/2023\/05\/duplex-wire-rope-clip-11.jpg","type":"image\/jpeg"}],"twitter_card":"summary_large_image","twitter_misc":{"Odhadovan\u00e1 doba \u010dten\u00ed":"2 minuty"},"schema":{"@context":"https:\/\/schema.org","@graph":[{"@type":"WebPage","@id":"https:\/\/qingdaohf.com\/product\/duplex-wire-rope-clip\/","url":"https:\/\/qingdaohf.com\/product\/duplex-wire-rope-clip\/","name":"Stainless Steel Duplex Wire Rope Clip","isPartOf":{"@id":"https:\/\/qingdaohf.com\/bg\/#website"},"primaryImageOfPage":{"@id":"https:\/\/qingdaohf.com\/product\/duplex-wire-rope-clip\/#primaryimage"},"image":{"@id":"https:\/\/qingdaohf.com\/product\/duplex-wire-rope-clip\/#primaryimage"},"thumbnailUrl":"https:\/\/qingdaohf.com\/wp-content\/uploads\/2023\/05\/duplex-wire-rope-clip-11.jpg","datePublished":"2023-05-25T09:17:08+00:00","dateModified":"2025-11-13T01:04:44+00:00","description":"As a direct manufacturer and wholesaler, we offer competitive pricing without compromising on product quality.","breadcrumb":{"@id":"https:\/\/qingdaohf.com\/product\/duplex-wire-rope-clip\/#breadcrumb"},"inLanguage":"cs","potentialAction":[{"@type":"ReadAction","target":["https:\/\/qingdaohf.com\/product\/duplex-wire-rope-clip\/"]}]},{"@type":"ImageObject","inLanguage":"cs","@id":"https:\/\/qingdaohf.com\/product\/duplex-wire-rope-clip\/#primaryimage","url":"https:\/\/qingdaohf.com\/wp-content\/uploads\/2023\/05\/duplex-wire-rope-clip-11.jpg","contentUrl":"https:\/\/qingdaohf.com\/wp-content\/uploads\/2023\/05\/duplex-wire-rope-clip-11.jpg","width":1000,"height":1000,"caption":"duplex wire rope clip"},{"@type":"BreadcrumbList","@id":"https:\/\/qingdaohf.com\/product\/duplex-wire-rope-clip\/#breadcrumb","itemListElement":[{"@type":"ListItem","position":1,"name":"Home","item":"https:\/\/qingdaohf.com\/"},{"@type":"ListItem","position":2,"name":"Concrete Forming Accessories and Rigging Hardware","item":"https:\/\/qingdaohf.com\/bg\/?page_id=944"},{"@type":"ListItem","position":3,"name":"Stainless Steel Duplex Wire Rope Clip"}]},{"@type":"WebSite","@id":"https:\/\/qingdaohf.com\/bg\/#website","url":"https:\/\/qingdaohf.com\/bg\/","name":"Concrete Form & Rigging Hardware Supplier","description":"","publisher":{"@id":"https:\/\/qingdaohf.com\/bg\/#organization"},"potentialAction":[{"@type":"SearchAction","target":{"@type":"EntryPoint","urlTemplate":"https:\/\/qingdaohf.com\/bg\/?s={search_term_string}"},"query-input":{"@type":"PropertyValueSpecification","valueRequired":true,"valueName":"search_term_string"}}],"inLanguage":"cs"},{"@type":"Organization","@id":"https:\/\/qingdaohf.com\/bg\/#organization","name":"Qingdao H&F","url":"https:\/\/qingdaohf.com\/bg\/","logo":{"@type":"ImageObject","inLanguage":"cs","@id":"https:\/\/qingdaohf.com\/bg\/#\/schema\/logo\/image\/","url":"https:\/\/qingdaohf.com\/wp-content\/uploads\/2022\/12\/cropped-HF-LOGO.png","contentUrl":"https:\/\/qingdaohf.com\/wp-content\/uploads\/2022\/12\/cropped-HF-LOGO.png","width":391,"height":249,"caption":"Qingdao H&F"},"image":{"@id":"https:\/\/qingdaohf.com\/bg\/#\/schema\/logo\/image\/"},"sameAs":["https:\/\/www.facebook.com\/qingdaohf"]}]}},"_links":{"self":[{"href":"https:\/\/qingdaohf.com\/cs\/wp-json\/wp\/v2\/product\/4018","targetHints":{"allow":["GET"]}}],"collection":[{"href":"https:\/\/qingdaohf.com\/cs\/wp-json\/wp\/v2\/product"}],"about":[{"href":"https:\/\/qingdaohf.com\/cs\/wp-json\/wp\/v2\/types\/product"}],"replies":[{"embeddable":true,"href":"https:\/\/qingdaohf.com\/cs\/wp-json\/wp\/v2\/comments?post=4018"}],"version-history":[{"count":2,"href":"https:\/\/qingdaohf.com\/cs\/wp-json\/wp\/v2\/product\/4018\/revisions"}],"predecessor-version":[{"id":6105,"href":"https:\/\/qingdaohf.com\/cs\/wp-json\/wp\/v2\/product\/4018\/revisions\/6105"}],"wp:featuredmedia":[{"embeddable":true,"href":"https:\/\/qingdaohf.com\/cs\/wp-json\/wp\/v2\/media\/4020"}],"wp:attachment":[{"href":"https:\/\/qingdaohf.com\/cs\/wp-json\/wp\/v2\/media?parent=4018"}],"wp:term":[{"taxonomy":"product_brand","embeddable":true,"href":"https:\/\/qingdaohf.com\/cs\/wp-json\/wp\/v2\/product_brand?post=4018"},{"taxonomy":"product_cat","embeddable":true,"href":"https:\/\/qingdaohf.com\/cs\/wp-json\/wp\/v2\/product_cat?post=4018"},{"taxonomy":"product_tag","embeddable":true,"href":"https:\/\/qingdaohf.com\/cs\/wp-json\/wp\/v2\/product_tag?post=4018"}],"curies":[{"name":"wp","href":"https:\/\/api.w.org\/{rel}","templated":true}]}}