{"id":4110,"date":"2023-05-26T16:27:13","date_gmt":"2023-05-26T08:27:13","guid":{"rendered":"http:\/\/qingdaohf.com\/?post_type=product&#038;p=4110"},"modified":"2025-11-13T09:04:24","modified_gmt":"2025-11-13T01:04:24","slug":"eye-sling-hook","status":"publish","type":"product","link":"https:\/\/qingdaohf.com\/cs\/produkt\/zavesny-hak-s-okem\/","title":{"rendered":"320 H\u00e1\u010dek na z\u00e1v\u011bs s okem"},"content":{"rendered":"<div class=\"font-claude-message  pr-4  md:pr-9  relative  leading-[1.65rem]  [&amp;_pre&gt;div]:bg-bg-300  [&amp;_.ignore-pre-bg&gt;div]:bg-transparent  [&amp;_pre]:-mr-4  md:[&amp;_pre]:-mr-9\">\n<div>\n<div class=\"grid-cols-1 grid gap-2.5 [&amp;_&gt;_*]:min-w-0\">\n<h2 class=\"font-600 text-2xl font-bold\">V\u0161estrannost a s\u00edla h\u00e1ku 320: Ucelen\u00fd p\u0159ehled<\/h2>\n<p class=\"whitespace-pre-wrap break-words\">P\u0159iznejme si, \u017ee kdy\u017e pot\u0159ebujete zvedat nebo upev\u0148ovat t\u011b\u017ek\u00e1 b\u0159emena, na v\u00fdb\u011bru h\u00e1ku nesm\u00edrn\u011b z\u00e1le\u017e\u00ed. H\u00e1k 320 si z\u00edskal svou pov\u011bst ve stavebnictv\u00ed, n\u00e1mo\u0159nictv\u00ed a doprav\u011b z dobr\u00e9ho d\u016fvodu. Nen\u00ed to jen dal\u0161\u00ed kus hardwaru - tento h\u00e1k poskytuje spolehlivost, kterou pot\u0159ebujete, kdy\u017e je bezpe\u010dnost a v\u00fdkon neoddiskutovateln\u00fd.<\/p>\n<p class=\"whitespace-pre-wrap break-words\">Ve spole\u010dnosti Qingdao H&amp;F se ji\u017e v\u00edce ne\u017e dv\u011b desetilet\u00ed zab\u00fdv\u00e1me obchodem a pozn\u00e1me kvalitu, kdy\u017e ji vid\u00edme. Na\u0161e h\u00e1ky 320 spl\u0148uj\u00ed nejp\u0159\u00edsn\u011bj\u0161\u00ed pr\u016fmyslov\u00e9 normy a dokl\u00e1d\u00e1me to d\u016fkladn\u00fdmi kontroln\u00edmi zpr\u00e1vami. Nav\u00edc jsme hrd\u00ed na rychlou expedici a osobn\u00ed z\u00e1kaznickou podporu, d\u00edky n\u00ed\u017e je cel\u00fd proces hlad\u0161\u00ed.<\/p>\n<p><img fetchpriority=\"high\" decoding=\"async\" class=\"alignnone size-full wp-image-4115\" src=\"http:\/\/qingdaohf.com\/wp-content\/uploads\/2023\/05\/123123.jpg\" alt=\"H\u00e1\u010dek na z\u00e1v\u011bs s okem\" width=\"1000\" height=\"1178\" srcset=\"https:\/\/qingdaohf.com\/wp-content\/uploads\/2023\/05\/123123.jpg 1000w, https:\/\/qingdaohf.com\/wp-content\/uploads\/2023\/05\/123123-255x300.jpg 255w, https:\/\/qingdaohf.com\/wp-content\/uploads\/2023\/05\/123123-869x1024.jpg 869w, https:\/\/qingdaohf.com\/wp-content\/uploads\/2023\/05\/123123-768x905.jpg 768w\" sizes=\"(max-width: 1000px) 100vw, 1000px\" \/><\/p>\n<p><img decoding=\"async\" class=\"alignnone size-full wp-image-4116\" src=\"http:\/\/qingdaohf.com\/wp-content\/uploads\/2023\/05\/1231243.jpg\" alt=\"H\u00e1\u010dek na z\u00e1v\u011bs s okem\" width=\"1000\" height=\"989\" srcset=\"https:\/\/qingdaohf.com\/wp-content\/uploads\/2023\/05\/1231243.jpg 1000w, https:\/\/qingdaohf.com\/wp-content\/uploads\/2023\/05\/1231243-300x297.jpg 300w, https:\/\/qingdaohf.com\/wp-content\/uploads\/2023\/05\/1231243-768x760.jpg 768w, https:\/\/qingdaohf.com\/wp-content\/uploads\/2023\/05\/1231243-100x100.jpg 100w\" sizes=\"(max-width: 1000px) 100vw, 1000px\" \/><\/p>\n<p><img decoding=\"async\" class=\"alignnone size-full wp-image-4118\" src=\"http:\/\/qingdaohf.com\/wp-content\/uploads\/2023\/05\/eye-hook.jpg\" alt=\"h\u00e1\u010dek s o\u010dkem\" width=\"1000\" height=\"1111\" srcset=\"https:\/\/qingdaohf.com\/wp-content\/uploads\/2023\/05\/eye-hook.jpg 1000w, https:\/\/qingdaohf.com\/wp-content\/uploads\/2023\/05\/eye-hook-270x300.jpg 270w, https:\/\/qingdaohf.com\/wp-content\/uploads\/2023\/05\/eye-hook-922x1024.jpg 922w, https:\/\/qingdaohf.com\/wp-content\/uploads\/2023\/05\/eye-hook-768x853.jpg 768w\" sizes=\"(max-width: 1000px) 100vw, 1000px\" \/><\/p>\n<h2 class=\"font-600 text-2xl font-bold\">Hlavn\u00ed v\u00fdhody h\u00e1ku 320 pro kupuj\u00edc\u00ed<\/h2>\n<p class=\"whitespace-pre-wrap break-words\">Nakupov\u00e1n\u00ed zvedac\u00edch za\u0159\u00edzen\u00ed m\u016f\u017ee b\u00fdt zdrcuj\u00edc\u00ed. Mus\u00edte myslet na nosnost, kvalitu materi\u00e1lu a praktickou pou\u017eitelnost. Dobr\u00e1 zpr\u00e1va? H\u00e1k 320 spl\u0148uje v\u0161echny tyto po\u017eadavky a je\u0161t\u011b n\u011bco nav\u00edc.<\/p>\n<p class=\"whitespace-pre-wrap break-words\">V n\u00e1ro\u010dn\u00fdch podm\u00ednk\u00e1ch se h\u00e1\u010dek d\u00edky sv\u00e9 odoln\u00e9 konstrukci opravdu skv\u011ble osv\u011bd\u010d\u00ed. D\u00edky jeho mimo\u0159\u00e1dn\u00e9 pevnosti v tahu mu m\u016f\u017eete sv\u011b\u0159it po\u0159\u00e1dn\u00e9 b\u0159emeno, ani\u017e byste se museli ob\u00e1vat o bezpe\u010dnost. Velkorys\u00fd otvor \u00fast\u00ed je skute\u010dnou \u00fasporou \u010dasu a umo\u017e\u0148uje snadn\u00e9 spojen\u00ed s r\u016fzn\u00fdmi sou\u010d\u00e1stmi n\u00e1vazc\u016f. A\u0165 u\u017e zved\u00e1te materi\u00e1l na staveni\u0161ti nebo zaji\u0161\u0165ujete n\u00e1klad na palub\u011b, tento h\u00e1k v\u00e1s nezklame.<\/p>\n<p class=\"whitespace-pre-wrap break-words\">Ve spole\u010dnosti Qingdao H&amp;F bereme testov\u00e1n\u00ed v\u00e1\u017en\u011b. Ka\u017ed\u00fd h\u00e1\u010dek proch\u00e1z\u00ed rozs\u00e1hlou kontrolou kvality a my v\u00e1m uk\u00e1\u017eeme podrobn\u00e9 v\u00fdsledky kontrol, kter\u00e9 to dokazuj\u00ed. Nen\u00ed nic hor\u0161\u00edho ne\u017e selh\u00e1n\u00ed za\u0159\u00edzen\u00ed, kdy\u017e ho nejv\u00edce pot\u0159ebujete, proto db\u00e1me na to, aby na\u0161e h\u00e1ky spolehliv\u011b fungovaly i v t\u011bch nejn\u00e1ro\u010dn\u011bj\u0161\u00edch situac\u00edch.<\/p>\n<h2 class=\"font-600 text-2xl font-bold\">Porozum\u011bn\u00ed h\u00e1ku 320: Konstrukce, vlastnosti a materi\u00e1lov\u00e9 hledisko<\/h2>\n<p class=\"whitespace-pre-wrap break-words\">Tajemstv\u00ed v\u00fdkonu h\u00e1ku 320 spo\u010d\u00edv\u00e1 v jeho promy\u0161len\u00e9 konstrukci. Tyto h\u00e1ky kujeme z prvot\u0159\u00eddn\u00ed legovan\u00e9 oceli a vytv\u00e1\u0159\u00edme tak n\u00e1stroj, kter\u00fd je odoln\u00fd a m\u00e1 dlouhou \u017eivotnost. D\u00edky t\u00e9to volb\u011b materi\u00e1lu h\u00e1k dob\u0159e obstoj\u00ed i v n\u00e1ro\u010dn\u00fdch podm\u00ednk\u00e1ch, tak\u017ee se skv\u011ble hod\u00ed do n\u00e1mo\u0159n\u00edho prost\u0159ed\u00ed, do pr\u016fmyslov\u00e9ho prost\u0159ed\u00ed nebo na staveni\u0161t\u011b.<\/p>\n<p class=\"whitespace-pre-wrap break-words\">Praktick\u00e9 v\u00fdhody jsou jasn\u00e9, jakmile je pou\u017eijete. \u0160irok\u00fd otvor nen\u00ed jen pohodln\u00fd - je to bezpe\u010dnostn\u00ed prvek, kter\u00fd v\u00fdrazn\u011b usnad\u0148uje p\u0159ipevn\u011bn\u00ed \u0159et\u011bz\u016f, popruh\u016f nebo lan. Tvar h\u00e1ku aktivn\u011b zabra\u0148uje sklouznut\u00ed b\u0159emene, zat\u00edmco jeho hladk\u00fd povrch chr\u00e1n\u00ed va\u0161e ostatn\u00ed vybaven\u00ed p\u0159ed po\u0161kozen\u00edm.<\/p>\n<p class=\"whitespace-pre-wrap break-words\">Tyto h\u00e1ky zvl\u00e1daj\u00ed statick\u00e9 i dynamick\u00e9 zat\u00ed\u017een\u00ed jako \u0161ampioni. Dod\u00e1vaj\u00ed se v r\u016fzn\u00fdch velikostech a nosnostech, tak\u017ee si m\u016f\u017eete vybrat p\u0159esn\u011b to, co v\u00e1\u0161 projekt pot\u0159ebuje. Na ka\u017ed\u00e9m h\u00e1ku je z\u0159eteln\u011b uvedena jeho nosnost, tak\u017ee p\u0159i pl\u00e1nov\u00e1n\u00ed zat\u00ed\u017een\u00ed nemus\u00edte nic odhadovat. Povrchov\u00e1 \u00faprava odoln\u00e1 proti korozi je obzvl\u00e1\u0161t\u011b cenn\u00e1 p\u0159i pr\u00e1ci na mo\u0159i nebo v pob\u0159e\u017en\u00edch vod\u00e1ch, proto\u017ee bojuje proti korozi a v\u00fdrazn\u011b prodlu\u017euje \u017eivotnost h\u00e1ku.<\/p>\n<h2 class=\"font-600 text-2xl font-bold\">Pro\u010d si pro sv\u00e9 pot\u0159eby vybrat spole\u010dnost Qingdao H&amp;F 320 Hook?<\/h2>\n<p class=\"whitespace-pre-wrap break-words\">Z\u00e1sadn\u00ed je naj\u00edt spolehliv\u00e9ho dodavatele. Ve spole\u010dnosti Qingdao H&amp;F jsme se za v\u00edce ne\u017e 20 let p\u016fsoben\u00ed na sv\u011btov\u00e9m trhu nau\u010dili, co p\u0159esn\u011b na\u0161i z\u00e1kazn\u00edci pot\u0159ebuj\u00ed. Neprod\u00e1v\u00e1me jen h\u00e1\u010dky - poskytujeme klid na du\u0161i.<\/p>\n<p class=\"whitespace-pre-wrap break-words\">V\u00edme, \u017ee \u010dek\u00e1n\u00ed na dod\u00e1vku m\u016f\u017ee naru\u0161it v\u00e1\u0161 \u010dasov\u00fd pl\u00e1n, a proto d\u00e1v\u00e1me p\u0159ednost rychl\u00e9 p\u0159eprav\u011b. N\u00e1\u0161 logistick\u00fd t\u00fdm se sna\u017e\u00ed naj\u00edt nejrychlej\u0161\u00ed spolehliv\u00e9 zp\u016fsoby p\u0159epravy a udr\u017eet va\u0161e projekty na spr\u00e1vn\u00e9 cest\u011b. Ka\u017ed\u00fd h\u00e1\u010dek je dod\u00e1v\u00e1n s komplexn\u00ed dokumentac\u00ed o kontrole kvality, tak\u017ee p\u0159esn\u011b v\u00edte, co dost\u00e1v\u00e1te.<\/p>\n<p class=\"whitespace-pre-wrap break-words\">N\u00e1\u0161 p\u0159\u00edstup k z\u00e1kaznick\u00e9mu servisu je osv\u011b\u017euj\u00edc\u00ed a osobn\u00ed. Pot\u0159ebujete technickou radu? M\u00e1te dotazy ohledn\u011b specifikac\u00ed? Jsme tu, abychom v\u00e1m pomohli - \u017e\u00e1dn\u00e9 automatick\u00e9 odpov\u011bdi nebo obecn\u00e1 \u0159e\u0161en\u00ed. V\u011b\u0159\u00edme v budov\u00e1n\u00ed trval\u00fdch vztah\u016f s na\u0161imi klienty prost\u0159ednictv\u00edm skute\u010dn\u00e9 podpory a odborn\u00fdch znalost\u00ed.<\/p>\n<h2 class=\"font-600 text-2xl font-bold\">Z\u00e1v\u011br: H\u00e1k 320 - nezbytn\u00fd dopln\u011bk pro va\u0161e pot\u0159eby v oblasti zved\u00e1n\u00ed a v\u00e1z\u00e1n\u00ed lod\u00ed<\/h2>\n<p class=\"whitespace-pre-wrap break-words\">Kdy\u017e na to p\u0159ijde, h\u00e1k 320 nen\u00ed jen dal\u0161\u00edm kusem vybaven\u00ed - je to investice do bezpe\u010dnosti a efektivity. D\u00edky sv\u00e9 robustn\u00ed konstrukci a v\u0161estrannosti je nepostradateln\u00fd nap\u0159\u00ed\u010d pr\u016fmyslov\u00fdmi odv\u011btv\u00edmi. Ve spole\u010dnosti Qingdao H&amp;F jsme hrd\u00ed na to, \u017ee m\u016f\u017eeme nab\u00eddnout h\u00e1ky 320, kter\u00e9 p\u0159ekra\u010duj\u00ed standardy kvality, podpo\u0159en\u00e9 na\u0161\u00edm z\u00e1vazkem k rychl\u00e9mu servisu a spolehliv\u00fdm dod\u00e1vk\u00e1m. Zvol\u00edte-li si na\u0161e h\u00e1ky, vyb\u00edr\u00e1te si partnera, kter\u00fd se zasazuje o v\u00e1\u0161 \u00fasp\u011bch.<\/p>\n<\/div>\n<\/div>\n<\/div>\n<div class=\"absolute -bottom-0 -right-1.5\">\n<div class=\"border-0.5 border-border-300 flex items-center translate-y-1\/2 rounded-lg shadow-sm transition bg-bg-000 p-1\">\n<div class=\"text-text-400 flex items-stretch justify-between gap-0.5\">\n<div class=\"flex gap-0.5\"><\/div>\n<\/div>\n<\/div>\n<\/div>\n<p>&nbsp;<\/p>\n<p>&nbsp;<\/p>","protected":false},"excerpt":{"rendered":"<p>H\u00e1k 320 je v\u0161estrann\u00fd a spolehliv\u00fd v ka\u017ed\u00e9m odv\u011btv\u00ed, a\u0165 u\u017e jde o bezpe\u010dn\u00e9 a efektivn\u00ed zved\u00e1n\u00ed nebo kotven\u00ed a upev\u0148ov\u00e1n\u00ed. Spole\u010dnost Qingdao H&amp;F byla pov\u011b\u0159enou obchodn\u00ed spole\u010dnost\u00ed, kter\u00e1 se zab\u00fdv\u00e1 sortimentem h\u00e1k\u016f 320 - zaji\u0161\u0165uje kvalitu, \u010das a individu\u00e1ln\u00ed profesion\u00e1ln\u00ed slu\u017eby. Mohla tak\u00e9 kupuj\u00edc\u00edm poskytnout podrobnou inspek\u010dn\u00ed zpr\u00e1vu pro ka\u017ed\u00fd v\u00fdrobek, aby zajistila spln\u011bn\u00ed nejlep\u0161\u00edch standard\u016f. A\u0165 u\u017e se jedn\u00e1 o t\u011b\u017ek\u00e9 nebo leh\u010d\u00ed aplikace, na\u0161e h\u00e1ky 320 jsou vyrobeny tak, aby poskytovaly maxim\u00e1ln\u00ed spolehlivost v oblasti trvanlivosti a v\u00fdkonu pro v\u00e1\u0161 p\u0159\u00ed\u0161t\u00ed projekt.<\/p>","protected":false},"featured_media":4111,"comment_status":"open","ping_status":"closed","template":"","meta":{"site-sidebar-layout":"default","site-content-layout":"default","ast-site-content-layout":"default","site-content-style":"default","site-sidebar-style":"default","ast-global-header-display":"","ast-banner-title-visibility":"","ast-main-header-display":"","ast-hfb-above-header-display":"","ast-hfb-below-header-display":"","ast-hfb-mobile-header-display":"","site-post-title":"","ast-breadcrumbs-content":"","ast-featured-img":"","footer-sml-layout":"","theme-transparent-header-meta":"default","adv-header-id-meta":"","stick-header-meta":"default","header-above-stick-meta":"","header-main-stick-meta":"","header-below-stick-meta":"","astra-migrate-meta-layouts":"set","ast-page-background-enabled":"default","ast-page-background-meta":{"desktop":{"background-color":"","background-image":"","background-repeat":"repeat","background-position":"center center","background-size":"auto","background-attachment":"scroll","background-type":"","background-media":"","overlay-type":"","overlay-color":"","overlay-opacity":"","overlay-gradient":""},"tablet":{"background-color":"","background-image":"","background-repeat":"repeat","background-position":"center center","background-size":"auto","background-attachment":"scroll","background-type":"","background-media":"","overlay-type":"","overlay-color":"","overlay-opacity":"","overlay-gradient":""},"mobile":{"background-color":"","background-image":"","background-repeat":"repeat","background-position":"center center","background-size":"auto","background-attachment":"scroll","background-type":"","background-media":"","overlay-type":"","overlay-color":"","overlay-opacity":"","overlay-gradient":""}},"ast-content-background-meta":{"desktop":{"background-color":"var(--ast-global-color-5)","background-image":"","background-repeat":"repeat","background-position":"center center","background-size":"auto","background-attachment":"scroll","background-type":"","background-media":"","overlay-type":"","overlay-color":"","overlay-opacity":"","overlay-gradient":""},"tablet":{"background-color":"var(--ast-global-color-5)","background-image":"","background-repeat":"repeat","background-position":"center center","background-size":"auto","background-attachment":"scroll","background-type":"","background-media":"","overlay-type":"","overlay-color":"","overlay-opacity":"","overlay-gradient":""},"mobile":{"background-color":"var(--ast-global-color-5)","background-image":"","background-repeat":"repeat","background-position":"center center","background-size":"auto","background-attachment":"scroll","background-type":"","background-media":"","overlay-type":"","overlay-color":"","overlay-opacity":"","overlay-gradient":""}}},"product_brand":[],"product_cat":[57,43],"product_tag":[],"class_list":{"0":"post-4110","1":"product","2":"type-product","3":"status-publish","4":"has-post-thumbnail","6":"product_cat-sling-hook","7":"product_cat-rigging-hardware","8":"desktop-align-left","9":"tablet-align-left","10":"mobile-align-left","11":"ast-product-gallery-layout-horizontal-slider","12":"ast-product-tabs-layout-horizontal","14":"first","15":"instock","16":"shipping-taxable","17":"purchasable","18":"product-type-simple"},"yoast_head":"<!-- This site is optimized with the Yoast SEO plugin v25.2 - https:\/\/yoast.com\/wordpress\/plugins\/seo\/ -->\n<title>320 Eye Sling Hook<\/title>\n<meta name=\"description\" content=\"The Eye Sling Hook is a type of lifting hook commonly used in rigging and lifting operations.\" \/>\n<meta name=\"robots\" content=\"index, follow, max-snippet:-1, max-image-preview:large, max-video-preview:-1\" \/>\n<link rel=\"canonical\" href=\"https:\/\/qingdaohf.com\/cs\/produkt\/zavesny-hak-s-okem\/\" \/>\n<meta property=\"og:locale\" content=\"cs_CZ\" \/>\n<meta property=\"og:type\" content=\"article\" \/>\n<meta property=\"og:title\" content=\"320 Eye Sling Hook\" \/>\n<meta property=\"og:description\" content=\"The Eye Sling Hook is a type of lifting hook commonly used in rigging and lifting operations.\" \/>\n<meta property=\"og:url\" content=\"https:\/\/qingdaohf.com\/cs\/produkt\/zavesny-hak-s-okem\/\" \/>\n<meta property=\"og:site_name\" content=\"Concrete Form &amp; Rigging Hardware Supplier\" \/>\n<meta property=\"article:publisher\" content=\"https:\/\/www.facebook.com\/qingdaohf\" \/>\n<meta property=\"article:modified_time\" content=\"2025-11-13T01:04:24+00:00\" \/>\n<meta property=\"og:image\" content=\"https:\/\/qingdaohf.com\/wp-content\/uploads\/2023\/05\/Eye-Sling-Hook-2.jpg\" \/>\n\t<meta property=\"og:image:width\" content=\"1000\" \/>\n\t<meta property=\"og:image:height\" content=\"1000\" \/>\n\t<meta property=\"og:image:type\" content=\"image\/jpeg\" \/>\n<meta name=\"twitter:card\" content=\"summary_large_image\" \/>\n<meta name=\"twitter:label1\" content=\"Odhadovan\u00e1 doba \u010dten\u00ed\" \/>\n\t<meta name=\"twitter:data1\" content=\"4 minuty\" \/>\n<script type=\"application\/ld+json\" class=\"yoast-schema-graph\">{\"@context\":\"https:\/\/schema.org\",\"@graph\":[{\"@type\":\"WebPage\",\"@id\":\"https:\/\/qingdaohf.com\/product\/eye-sling-hook\/\",\"url\":\"https:\/\/qingdaohf.com\/product\/eye-sling-hook\/\",\"name\":\"320 Eye Sling Hook\",\"isPartOf\":{\"@id\":\"https:\/\/qingdaohf.com\/bg\/#website\"},\"primaryImageOfPage\":{\"@id\":\"https:\/\/qingdaohf.com\/product\/eye-sling-hook\/#primaryimage\"},\"image\":{\"@id\":\"https:\/\/qingdaohf.com\/product\/eye-sling-hook\/#primaryimage\"},\"thumbnailUrl\":\"https:\/\/qingdaohf.com\/wp-content\/uploads\/2023\/05\/Eye-Sling-Hook-2.jpg\",\"datePublished\":\"2023-05-26T08:27:13+00:00\",\"dateModified\":\"2025-11-13T01:04:24+00:00\",\"description\":\"The Eye Sling Hook is a type of lifting hook commonly used in rigging and lifting operations.\",\"breadcrumb\":{\"@id\":\"https:\/\/qingdaohf.com\/product\/eye-sling-hook\/#breadcrumb\"},\"inLanguage\":\"cs\",\"potentialAction\":[{\"@type\":\"ReadAction\",\"target\":[\"https:\/\/qingdaohf.com\/product\/eye-sling-hook\/\"]}]},{\"@type\":\"ImageObject\",\"inLanguage\":\"cs\",\"@id\":\"https:\/\/qingdaohf.com\/product\/eye-sling-hook\/#primaryimage\",\"url\":\"https:\/\/qingdaohf.com\/wp-content\/uploads\/2023\/05\/Eye-Sling-Hook-2.jpg\",\"contentUrl\":\"https:\/\/qingdaohf.com\/wp-content\/uploads\/2023\/05\/Eye-Sling-Hook-2.jpg\",\"width\":1000,\"height\":1000,\"caption\":\"Eye Sling Hook\"},{\"@type\":\"BreadcrumbList\",\"@id\":\"https:\/\/qingdaohf.com\/product\/eye-sling-hook\/#breadcrumb\",\"itemListElement\":[{\"@type\":\"ListItem\",\"position\":1,\"name\":\"Home\",\"item\":\"https:\/\/qingdaohf.com\/\"},{\"@type\":\"ListItem\",\"position\":2,\"name\":\"Concrete Forming Accessories and Rigging Hardware\",\"item\":\"https:\/\/qingdaohf.com\/bg\/?page_id=944\"},{\"@type\":\"ListItem\",\"position\":3,\"name\":\"320 Eye Sling Hook\"}]},{\"@type\":\"WebSite\",\"@id\":\"https:\/\/qingdaohf.com\/bg\/#website\",\"url\":\"https:\/\/qingdaohf.com\/bg\/\",\"name\":\"Concrete Form & Rigging Hardware Supplier\",\"description\":\"\",\"publisher\":{\"@id\":\"https:\/\/qingdaohf.com\/bg\/#organization\"},\"potentialAction\":[{\"@type\":\"SearchAction\",\"target\":{\"@type\":\"EntryPoint\",\"urlTemplate\":\"https:\/\/qingdaohf.com\/bg\/?s={search_term_string}\"},\"query-input\":{\"@type\":\"PropertyValueSpecification\",\"valueRequired\":true,\"valueName\":\"search_term_string\"}}],\"inLanguage\":\"cs\"},{\"@type\":\"Organization\",\"@id\":\"https:\/\/qingdaohf.com\/bg\/#organization\",\"name\":\"Qingdao H&F\",\"url\":\"https:\/\/qingdaohf.com\/bg\/\",\"logo\":{\"@type\":\"ImageObject\",\"inLanguage\":\"cs\",\"@id\":\"https:\/\/qingdaohf.com\/bg\/#\/schema\/logo\/image\/\",\"url\":\"https:\/\/qingdaohf.com\/wp-content\/uploads\/2022\/12\/cropped-HF-LOGO.png\",\"contentUrl\":\"https:\/\/qingdaohf.com\/wp-content\/uploads\/2022\/12\/cropped-HF-LOGO.png\",\"width\":391,\"height\":249,\"caption\":\"Qingdao H&F\"},\"image\":{\"@id\":\"https:\/\/qingdaohf.com\/bg\/#\/schema\/logo\/image\/\"},\"sameAs\":[\"https:\/\/www.facebook.com\/qingdaohf\"]}]}<\/script>\n<!-- \/ Yoast SEO plugin. -->","yoast_head_json":{"title":"320 Eye Sling Hook","description":"The Eye Sling Hook is a type of lifting hook commonly used in rigging and lifting operations.","robots":{"index":"index","follow":"follow","max-snippet":"max-snippet:-1","max-image-preview":"max-image-preview:large","max-video-preview":"max-video-preview:-1"},"canonical":"https:\/\/qingdaohf.com\/cs\/produkt\/zavesny-hak-s-okem\/","og_locale":"cs_CZ","og_type":"article","og_title":"320 Eye Sling Hook","og_description":"The Eye Sling Hook is a type of lifting hook commonly used in rigging and lifting operations.","og_url":"https:\/\/qingdaohf.com\/cs\/produkt\/zavesny-hak-s-okem\/","og_site_name":"Concrete Form &amp; Rigging Hardware Supplier","article_publisher":"https:\/\/www.facebook.com\/qingdaohf","article_modified_time":"2025-11-13T01:04:24+00:00","og_image":[{"width":1000,"height":1000,"url":"https:\/\/qingdaohf.com\/wp-content\/uploads\/2023\/05\/Eye-Sling-Hook-2.jpg","type":"image\/jpeg"}],"twitter_card":"summary_large_image","twitter_misc":{"Odhadovan\u00e1 doba \u010dten\u00ed":"4 minuty"},"schema":{"@context":"https:\/\/schema.org","@graph":[{"@type":"WebPage","@id":"https:\/\/qingdaohf.com\/product\/eye-sling-hook\/","url":"https:\/\/qingdaohf.com\/product\/eye-sling-hook\/","name":"320 Eye Sling Hook","isPartOf":{"@id":"https:\/\/qingdaohf.com\/bg\/#website"},"primaryImageOfPage":{"@id":"https:\/\/qingdaohf.com\/product\/eye-sling-hook\/#primaryimage"},"image":{"@id":"https:\/\/qingdaohf.com\/product\/eye-sling-hook\/#primaryimage"},"thumbnailUrl":"https:\/\/qingdaohf.com\/wp-content\/uploads\/2023\/05\/Eye-Sling-Hook-2.jpg","datePublished":"2023-05-26T08:27:13+00:00","dateModified":"2025-11-13T01:04:24+00:00","description":"The Eye Sling Hook is a type of lifting hook commonly used in rigging and lifting operations.","breadcrumb":{"@id":"https:\/\/qingdaohf.com\/product\/eye-sling-hook\/#breadcrumb"},"inLanguage":"cs","potentialAction":[{"@type":"ReadAction","target":["https:\/\/qingdaohf.com\/product\/eye-sling-hook\/"]}]},{"@type":"ImageObject","inLanguage":"cs","@id":"https:\/\/qingdaohf.com\/product\/eye-sling-hook\/#primaryimage","url":"https:\/\/qingdaohf.com\/wp-content\/uploads\/2023\/05\/Eye-Sling-Hook-2.jpg","contentUrl":"https:\/\/qingdaohf.com\/wp-content\/uploads\/2023\/05\/Eye-Sling-Hook-2.jpg","width":1000,"height":1000,"caption":"Eye Sling Hook"},{"@type":"BreadcrumbList","@id":"https:\/\/qingdaohf.com\/product\/eye-sling-hook\/#breadcrumb","itemListElement":[{"@type":"ListItem","position":1,"name":"Home","item":"https:\/\/qingdaohf.com\/"},{"@type":"ListItem","position":2,"name":"Concrete Forming Accessories and Rigging Hardware","item":"https:\/\/qingdaohf.com\/bg\/?page_id=944"},{"@type":"ListItem","position":3,"name":"320 Eye Sling Hook"}]},{"@type":"WebSite","@id":"https:\/\/qingdaohf.com\/bg\/#website","url":"https:\/\/qingdaohf.com\/bg\/","name":"Concrete Form & Rigging Hardware Supplier","description":"","publisher":{"@id":"https:\/\/qingdaohf.com\/bg\/#organization"},"potentialAction":[{"@type":"SearchAction","target":{"@type":"EntryPoint","urlTemplate":"https:\/\/qingdaohf.com\/bg\/?s={search_term_string}"},"query-input":{"@type":"PropertyValueSpecification","valueRequired":true,"valueName":"search_term_string"}}],"inLanguage":"cs"},{"@type":"Organization","@id":"https:\/\/qingdaohf.com\/bg\/#organization","name":"Qingdao H&F","url":"https:\/\/qingdaohf.com\/bg\/","logo":{"@type":"ImageObject","inLanguage":"cs","@id":"https:\/\/qingdaohf.com\/bg\/#\/schema\/logo\/image\/","url":"https:\/\/qingdaohf.com\/wp-content\/uploads\/2022\/12\/cropped-HF-LOGO.png","contentUrl":"https:\/\/qingdaohf.com\/wp-content\/uploads\/2022\/12\/cropped-HF-LOGO.png","width":391,"height":249,"caption":"Qingdao H&F"},"image":{"@id":"https:\/\/qingdaohf.com\/bg\/#\/schema\/logo\/image\/"},"sameAs":["https:\/\/www.facebook.com\/qingdaohf"]}]}},"_links":{"self":[{"href":"https:\/\/qingdaohf.com\/cs\/wp-json\/wp\/v2\/product\/4110","targetHints":{"allow":["GET"]}}],"collection":[{"href":"https:\/\/qingdaohf.com\/cs\/wp-json\/wp\/v2\/product"}],"about":[{"href":"https:\/\/qingdaohf.com\/cs\/wp-json\/wp\/v2\/types\/product"}],"replies":[{"embeddable":true,"href":"https:\/\/qingdaohf.com\/cs\/wp-json\/wp\/v2\/comments?post=4110"}],"version-history":[{"count":3,"href":"https:\/\/qingdaohf.com\/cs\/wp-json\/wp\/v2\/product\/4110\/revisions"}],"predecessor-version":[{"id":4117,"href":"https:\/\/qingdaohf.com\/cs\/wp-json\/wp\/v2\/product\/4110\/revisions\/4117"}],"wp:featuredmedia":[{"embeddable":true,"href":"https:\/\/qingdaohf.com\/cs\/wp-json\/wp\/v2\/media\/4111"}],"wp:attachment":[{"href":"https:\/\/qingdaohf.com\/cs\/wp-json\/wp\/v2\/media?parent=4110"}],"wp:term":[{"taxonomy":"product_brand","embeddable":true,"href":"https:\/\/qingdaohf.com\/cs\/wp-json\/wp\/v2\/product_brand?post=4110"},{"taxonomy":"product_cat","embeddable":true,"href":"https:\/\/qingdaohf.com\/cs\/wp-json\/wp\/v2\/product_cat?post=4110"},{"taxonomy":"product_tag","embeddable":true,"href":"https:\/\/qingdaohf.com\/cs\/wp-json\/wp\/v2\/product_tag?post=4110"}],"curies":[{"name":"wp","href":"https:\/\/api.w.org\/{rel}","templated":true}]}}