{"id":4124,"date":"2023-05-26T17:24:47","date_gmt":"2023-05-26T09:24:47","guid":{"rendered":"http:\/\/qingdaohf.com\/?post_type=product&#038;p=4124"},"modified":"2025-11-13T09:04:24","modified_gmt":"2025-11-13T01:04:24","slug":"tractor-bucket-grab-hook","status":"publish","type":"product","link":"https:\/\/qingdaohf.com\/cs\/produkt\/hak-pro-uchopeni-lzice-traktoru\/","title":{"rendered":"H\u00e1k pro uchopen\u00ed l\u017e\u00edce traktoru"},"content":{"rendered":"<p>H\u00e1k pro uchopen\u00ed traktorov\u00e9 l\u017e\u00edce se obvykle skl\u00e1d\u00e1 z robustn\u00edho kovov\u00e9ho h\u00e1ku s t\u0159menem nebo mont\u00e1\u017en\u00ed deskou, kter\u00fd lze snadno p\u0159ipevnit k traktorov\u00e9 l\u017e\u00edci. Je navr\u017een tak, aby poskytoval spolehliv\u00fd spojovac\u00ed bod pro zvedac\u00ed \u0159et\u011bzy, lana nebo popruhy a umo\u017enil traktoru bezpe\u010dnou manipulaci s t\u011b\u017ek\u00fdmi nebo objemn\u00fdmi p\u0159edm\u011bty.<\/p>\n<p>Hlavn\u00edm \u00fa\u010delem traktorov\u00e9 l\u017e\u00edce je roz\u0161\u00ed\u0159it mo\u017enosti traktorov\u00e9 l\u017e\u00edce a p\u0159em\u011bnit ji na zvedac\u00ed nebo nosn\u00e9 za\u0159\u00edzen\u00ed. S p\u0159ipojen\u00fdm h\u00e1kem lze traktor pou\u017e\u00edvat k \u00fakol\u016fm, jako je zved\u00e1n\u00ed a p\u0159em\u00eds\u0165ov\u00e1n\u00ed kl\u00e1d, velk\u00fdch kamen\u016f, bal\u00edk\u016f sena nebo jin\u00fdch materi\u00e1l\u016f, kter\u00e9 vy\u017eaduj\u00ed bezpe\u010dn\u00fd zvedac\u00ed bod.<\/p>\n<p>Konstrukce h\u00e1ku umo\u017e\u0148uje jeho snadn\u00e9 um\u00edst\u011bn\u00ed a upevn\u011bn\u00ed na l\u017e\u00edci traktoru. N\u011bkter\u00e9 modely mohou b\u00fdt vybaveny nastaviteln\u00fdmi nebo odn\u00edmateln\u00fdmi sou\u010d\u00e1stmi pro r\u016fzn\u00e9 velikosti a konfigurace n\u00e1kladu. Krom\u011b toho m\u016f\u017ee b\u00fdt drap\u00e1kov\u00fd h\u00e1k vybaven blokovac\u00edm nebo z\u00e1padkov\u00fdm mechanismem, kter\u00fd zaji\u0161\u0165uje, \u017ee n\u00e1klad z\u016fstane b\u011bhem p\u0159epravy nebo zved\u00e1n\u00ed bezpe\u010dn\u011b p\u0159ipevn\u011bn.<\/p>","protected":false},"excerpt":{"rendered":"<p>H\u00e1k pro uchopen\u00ed l\u017e\u00edce traktoru je specializovan\u00fd n\u00e1stavec ur\u010den\u00fd pro traktory a dal\u0161\u00ed t\u011b\u017ek\u00e9 stroje s \u010deln\u00edmi naklada\u010di nebo l\u017e\u00edcemi. Slou\u017e\u00ed k roz\u0161\u00ed\u0159en\u00ed univerz\u00e1lnosti a funk\u010dnosti traktorov\u00e9 l\u017e\u00edce a umo\u017e\u0148uje bezpe\u010dn\u00e9 zved\u00e1n\u00ed a manipulaci s r\u016fzn\u00fdmi b\u0159emeny.<\/p>","protected":false},"featured_media":4128,"comment_status":"open","ping_status":"closed","template":"","meta":{"site-sidebar-layout":"default","site-content-layout":"default","ast-site-content-layout":"","site-content-style":"default","site-sidebar-style":"default","ast-global-header-display":"","ast-banner-title-visibility":"","ast-main-header-display":"","ast-hfb-above-header-display":"","ast-hfb-below-header-display":"","ast-hfb-mobile-header-display":"","site-post-title":"","ast-breadcrumbs-content":"","ast-featured-img":"","footer-sml-layout":"","theme-transparent-header-meta":"default","adv-header-id-meta":"","stick-header-meta":"default","header-above-stick-meta":"","header-main-stick-meta":"","header-below-stick-meta":"","astra-migrate-meta-layouts":"default","ast-page-background-enabled":"default","ast-page-background-meta":{"desktop":{"background-color":"","background-image":"","background-repeat":"repeat","background-position":"center center","background-size":"auto","background-attachment":"scroll","background-type":"","background-media":"","overlay-type":"","overlay-color":"","overlay-opacity":"","overlay-gradient":""},"tablet":{"background-color":"","background-image":"","background-repeat":"repeat","background-position":"center center","background-size":"auto","background-attachment":"scroll","background-type":"","background-media":"","overlay-type":"","overlay-color":"","overlay-opacity":"","overlay-gradient":""},"mobile":{"background-color":"","background-image":"","background-repeat":"repeat","background-position":"center center","background-size":"auto","background-attachment":"scroll","background-type":"","background-media":"","overlay-type":"","overlay-color":"","overlay-opacity":"","overlay-gradient":""}},"ast-content-background-meta":{"desktop":{"background-color":"var(--ast-global-color-5)","background-image":"","background-repeat":"repeat","background-position":"center center","background-size":"auto","background-attachment":"scroll","background-type":"","background-media":"","overlay-type":"","overlay-color":"","overlay-opacity":"","overlay-gradient":""},"tablet":{"background-color":"var(--ast-global-color-5)","background-image":"","background-repeat":"repeat","background-position":"center center","background-size":"auto","background-attachment":"scroll","background-type":"","background-media":"","overlay-type":"","overlay-color":"","overlay-opacity":"","overlay-gradient":""},"mobile":{"background-color":"var(--ast-global-color-5)","background-image":"","background-repeat":"repeat","background-position":"center center","background-size":"auto","background-attachment":"scroll","background-type":"","background-media":"","overlay-type":"","overlay-color":"","overlay-opacity":"","overlay-gradient":""}}},"product_brand":[],"product_cat":[57,43],"product_tag":[],"class_list":{"0":"post-4124","1":"product","2":"type-product","3":"status-publish","4":"has-post-thumbnail","6":"product_cat-sling-hook","7":"product_cat-rigging-hardware","8":"desktop-align-left","9":"tablet-align-left","10":"mobile-align-left","11":"ast-product-gallery-layout-horizontal-slider","12":"ast-product-tabs-layout-horizontal","14":"first","15":"instock","16":"shipping-taxable","17":"purchasable","18":"product-type-simple"},"yoast_head":"<!-- This site is optimized with the Yoast SEO plugin v25.2 - https:\/\/yoast.com\/wordpress\/plugins\/seo\/ -->\n<title>Tractor Bucket Grab Hook<\/title>\n<meta name=\"description\" content=\"The Tractor Bucket Grab Hook is a specialized attachment designed for tractors and other heavy machinery with front-end loaders or buckets.\" \/>\n<meta name=\"robots\" content=\"index, follow, max-snippet:-1, max-image-preview:large, max-video-preview:-1\" \/>\n<link rel=\"canonical\" href=\"https:\/\/qingdaohf.com\/cs\/produkt\/hak-pro-uchopeni-lzice-traktoru\/\" \/>\n<meta property=\"og:locale\" content=\"cs_CZ\" \/>\n<meta property=\"og:type\" content=\"article\" \/>\n<meta property=\"og:title\" content=\"Tractor Bucket Grab Hook\" \/>\n<meta property=\"og:description\" content=\"The Tractor Bucket Grab Hook is a specialized attachment designed for tractors and other heavy machinery with front-end loaders or buckets.\" \/>\n<meta property=\"og:url\" content=\"https:\/\/qingdaohf.com\/cs\/produkt\/hak-pro-uchopeni-lzice-traktoru\/\" \/>\n<meta property=\"og:site_name\" content=\"Concrete Form &amp; Rigging Hardware Supplier\" \/>\n<meta property=\"article:publisher\" content=\"https:\/\/www.facebook.com\/qingdaohf\" \/>\n<meta property=\"article:modified_time\" content=\"2025-11-13T01:04:24+00:00\" \/>\n<meta property=\"og:image\" content=\"https:\/\/qingdaohf.com\/wp-content\/uploads\/2023\/05\/grab-hook-19.jpg\" \/>\n\t<meta property=\"og:image:width\" content=\"1000\" \/>\n\t<meta property=\"og:image:height\" content=\"1000\" \/>\n\t<meta property=\"og:image:type\" content=\"image\/jpeg\" \/>\n<meta name=\"twitter:card\" content=\"summary_large_image\" \/>\n<meta name=\"twitter:label1\" content=\"Odhadovan\u00e1 doba \u010dten\u00ed\" \/>\n\t<meta name=\"twitter:data1\" content=\"1 minuta\" \/>\n<script type=\"application\/ld+json\" class=\"yoast-schema-graph\">{\"@context\":\"https:\/\/schema.org\",\"@graph\":[{\"@type\":\"WebPage\",\"@id\":\"https:\/\/qingdaohf.com\/product\/tractor-bucket-grab-hook\/\",\"url\":\"https:\/\/qingdaohf.com\/product\/tractor-bucket-grab-hook\/\",\"name\":\"Tractor Bucket Grab Hook\",\"isPartOf\":{\"@id\":\"https:\/\/qingdaohf.com\/bg\/#website\"},\"primaryImageOfPage\":{\"@id\":\"https:\/\/qingdaohf.com\/product\/tractor-bucket-grab-hook\/#primaryimage\"},\"image\":{\"@id\":\"https:\/\/qingdaohf.com\/product\/tractor-bucket-grab-hook\/#primaryimage\"},\"thumbnailUrl\":\"https:\/\/qingdaohf.com\/wp-content\/uploads\/2023\/05\/grab-hook-19.jpg\",\"datePublished\":\"2023-05-26T09:24:47+00:00\",\"dateModified\":\"2025-11-13T01:04:24+00:00\",\"description\":\"The Tractor Bucket Grab Hook is a specialized attachment designed for tractors and other heavy machinery with front-end loaders or buckets.\",\"breadcrumb\":{\"@id\":\"https:\/\/qingdaohf.com\/product\/tractor-bucket-grab-hook\/#breadcrumb\"},\"inLanguage\":\"cs\",\"potentialAction\":[{\"@type\":\"ReadAction\",\"target\":[\"https:\/\/qingdaohf.com\/product\/tractor-bucket-grab-hook\/\"]}]},{\"@type\":\"ImageObject\",\"inLanguage\":\"cs\",\"@id\":\"https:\/\/qingdaohf.com\/product\/tractor-bucket-grab-hook\/#primaryimage\",\"url\":\"https:\/\/qingdaohf.com\/wp-content\/uploads\/2023\/05\/grab-hook-19.jpg\",\"contentUrl\":\"https:\/\/qingdaohf.com\/wp-content\/uploads\/2023\/05\/grab-hook-19.jpg\",\"width\":1000,\"height\":1000,\"caption\":\"grab hook\"},{\"@type\":\"BreadcrumbList\",\"@id\":\"https:\/\/qingdaohf.com\/product\/tractor-bucket-grab-hook\/#breadcrumb\",\"itemListElement\":[{\"@type\":\"ListItem\",\"position\":1,\"name\":\"Home\",\"item\":\"https:\/\/qingdaohf.com\/\"},{\"@type\":\"ListItem\",\"position\":2,\"name\":\"Concrete Forming Accessories and Rigging Hardware\",\"item\":\"https:\/\/qingdaohf.com\/bg\/?page_id=944\"},{\"@type\":\"ListItem\",\"position\":3,\"name\":\"Tractor Bucket Grab Hook\"}]},{\"@type\":\"WebSite\",\"@id\":\"https:\/\/qingdaohf.com\/bg\/#website\",\"url\":\"https:\/\/qingdaohf.com\/bg\/\",\"name\":\"Concrete Form & Rigging Hardware Supplier\",\"description\":\"\",\"publisher\":{\"@id\":\"https:\/\/qingdaohf.com\/bg\/#organization\"},\"potentialAction\":[{\"@type\":\"SearchAction\",\"target\":{\"@type\":\"EntryPoint\",\"urlTemplate\":\"https:\/\/qingdaohf.com\/bg\/?s={search_term_string}\"},\"query-input\":{\"@type\":\"PropertyValueSpecification\",\"valueRequired\":true,\"valueName\":\"search_term_string\"}}],\"inLanguage\":\"cs\"},{\"@type\":\"Organization\",\"@id\":\"https:\/\/qingdaohf.com\/bg\/#organization\",\"name\":\"Qingdao H&F\",\"url\":\"https:\/\/qingdaohf.com\/bg\/\",\"logo\":{\"@type\":\"ImageObject\",\"inLanguage\":\"cs\",\"@id\":\"https:\/\/qingdaohf.com\/bg\/#\/schema\/logo\/image\/\",\"url\":\"https:\/\/qingdaohf.com\/wp-content\/uploads\/2022\/12\/cropped-HF-LOGO.png\",\"contentUrl\":\"https:\/\/qingdaohf.com\/wp-content\/uploads\/2022\/12\/cropped-HF-LOGO.png\",\"width\":391,\"height\":249,\"caption\":\"Qingdao H&F\"},\"image\":{\"@id\":\"https:\/\/qingdaohf.com\/bg\/#\/schema\/logo\/image\/\"},\"sameAs\":[\"https:\/\/www.facebook.com\/qingdaohf\"]}]}<\/script>\n<!-- \/ Yoast SEO plugin. -->","yoast_head_json":{"title":"Tractor Bucket Grab Hook","description":"The Tractor Bucket Grab Hook is a specialized attachment designed for tractors and other heavy machinery with front-end loaders or buckets.","robots":{"index":"index","follow":"follow","max-snippet":"max-snippet:-1","max-image-preview":"max-image-preview:large","max-video-preview":"max-video-preview:-1"},"canonical":"https:\/\/qingdaohf.com\/cs\/produkt\/hak-pro-uchopeni-lzice-traktoru\/","og_locale":"cs_CZ","og_type":"article","og_title":"Tractor Bucket Grab Hook","og_description":"The Tractor Bucket Grab Hook is a specialized attachment designed for tractors and other heavy machinery with front-end loaders or buckets.","og_url":"https:\/\/qingdaohf.com\/cs\/produkt\/hak-pro-uchopeni-lzice-traktoru\/","og_site_name":"Concrete Form &amp; Rigging Hardware Supplier","article_publisher":"https:\/\/www.facebook.com\/qingdaohf","article_modified_time":"2025-11-13T01:04:24+00:00","og_image":[{"width":1000,"height":1000,"url":"https:\/\/qingdaohf.com\/wp-content\/uploads\/2023\/05\/grab-hook-19.jpg","type":"image\/jpeg"}],"twitter_card":"summary_large_image","twitter_misc":{"Odhadovan\u00e1 doba \u010dten\u00ed":"1 minuta"},"schema":{"@context":"https:\/\/schema.org","@graph":[{"@type":"WebPage","@id":"https:\/\/qingdaohf.com\/product\/tractor-bucket-grab-hook\/","url":"https:\/\/qingdaohf.com\/product\/tractor-bucket-grab-hook\/","name":"Tractor Bucket Grab Hook","isPartOf":{"@id":"https:\/\/qingdaohf.com\/bg\/#website"},"primaryImageOfPage":{"@id":"https:\/\/qingdaohf.com\/product\/tractor-bucket-grab-hook\/#primaryimage"},"image":{"@id":"https:\/\/qingdaohf.com\/product\/tractor-bucket-grab-hook\/#primaryimage"},"thumbnailUrl":"https:\/\/qingdaohf.com\/wp-content\/uploads\/2023\/05\/grab-hook-19.jpg","datePublished":"2023-05-26T09:24:47+00:00","dateModified":"2025-11-13T01:04:24+00:00","description":"The Tractor Bucket Grab Hook is a specialized attachment designed for tractors and other heavy machinery with front-end loaders or buckets.","breadcrumb":{"@id":"https:\/\/qingdaohf.com\/product\/tractor-bucket-grab-hook\/#breadcrumb"},"inLanguage":"cs","potentialAction":[{"@type":"ReadAction","target":["https:\/\/qingdaohf.com\/product\/tractor-bucket-grab-hook\/"]}]},{"@type":"ImageObject","inLanguage":"cs","@id":"https:\/\/qingdaohf.com\/product\/tractor-bucket-grab-hook\/#primaryimage","url":"https:\/\/qingdaohf.com\/wp-content\/uploads\/2023\/05\/grab-hook-19.jpg","contentUrl":"https:\/\/qingdaohf.com\/wp-content\/uploads\/2023\/05\/grab-hook-19.jpg","width":1000,"height":1000,"caption":"grab hook"},{"@type":"BreadcrumbList","@id":"https:\/\/qingdaohf.com\/product\/tractor-bucket-grab-hook\/#breadcrumb","itemListElement":[{"@type":"ListItem","position":1,"name":"Home","item":"https:\/\/qingdaohf.com\/"},{"@type":"ListItem","position":2,"name":"Concrete Forming Accessories and Rigging Hardware","item":"https:\/\/qingdaohf.com\/bg\/?page_id=944"},{"@type":"ListItem","position":3,"name":"Tractor Bucket Grab Hook"}]},{"@type":"WebSite","@id":"https:\/\/qingdaohf.com\/bg\/#website","url":"https:\/\/qingdaohf.com\/bg\/","name":"Concrete Form & Rigging Hardware Supplier","description":"","publisher":{"@id":"https:\/\/qingdaohf.com\/bg\/#organization"},"potentialAction":[{"@type":"SearchAction","target":{"@type":"EntryPoint","urlTemplate":"https:\/\/qingdaohf.com\/bg\/?s={search_term_string}"},"query-input":{"@type":"PropertyValueSpecification","valueRequired":true,"valueName":"search_term_string"}}],"inLanguage":"cs"},{"@type":"Organization","@id":"https:\/\/qingdaohf.com\/bg\/#organization","name":"Qingdao H&F","url":"https:\/\/qingdaohf.com\/bg\/","logo":{"@type":"ImageObject","inLanguage":"cs","@id":"https:\/\/qingdaohf.com\/bg\/#\/schema\/logo\/image\/","url":"https:\/\/qingdaohf.com\/wp-content\/uploads\/2022\/12\/cropped-HF-LOGO.png","contentUrl":"https:\/\/qingdaohf.com\/wp-content\/uploads\/2022\/12\/cropped-HF-LOGO.png","width":391,"height":249,"caption":"Qingdao H&F"},"image":{"@id":"https:\/\/qingdaohf.com\/bg\/#\/schema\/logo\/image\/"},"sameAs":["https:\/\/www.facebook.com\/qingdaohf"]}]}},"_links":{"self":[{"href":"https:\/\/qingdaohf.com\/cs\/wp-json\/wp\/v2\/product\/4124","targetHints":{"allow":["GET"]}}],"collection":[{"href":"https:\/\/qingdaohf.com\/cs\/wp-json\/wp\/v2\/product"}],"about":[{"href":"https:\/\/qingdaohf.com\/cs\/wp-json\/wp\/v2\/types\/product"}],"replies":[{"embeddable":true,"href":"https:\/\/qingdaohf.com\/cs\/wp-json\/wp\/v2\/comments?post=4124"}],"version-history":[{"count":1,"href":"https:\/\/qingdaohf.com\/cs\/wp-json\/wp\/v2\/product\/4124\/revisions"}],"predecessor-version":[{"id":10424,"href":"https:\/\/qingdaohf.com\/cs\/wp-json\/wp\/v2\/product\/4124\/revisions\/10424"}],"wp:featuredmedia":[{"embeddable":true,"href":"https:\/\/qingdaohf.com\/cs\/wp-json\/wp\/v2\/media\/4128"}],"wp:attachment":[{"href":"https:\/\/qingdaohf.com\/cs\/wp-json\/wp\/v2\/media?parent=4124"}],"wp:term":[{"taxonomy":"product_brand","embeddable":true,"href":"https:\/\/qingdaohf.com\/cs\/wp-json\/wp\/v2\/product_brand?post=4124"},{"taxonomy":"product_cat","embeddable":true,"href":"https:\/\/qingdaohf.com\/cs\/wp-json\/wp\/v2\/product_cat?post=4124"},{"taxonomy":"product_tag","embeddable":true,"href":"https:\/\/qingdaohf.com\/cs\/wp-json\/wp\/v2\/product_tag?post=4124"}],"curies":[{"name":"wp","href":"https:\/\/api.w.org\/{rel}","templated":true}]}}