{"id":4194,"date":"2023-05-29T14:50:07","date_gmt":"2023-05-29T06:50:07","guid":{"rendered":"http:\/\/qingdaohf.com\/?post_type=product&#038;p=4194"},"modified":"2025-11-13T09:04:23","modified_gmt":"2025-11-13T01:04:23","slug":"clevis-slip-hook","status":"publish","type":"product","link":"https:\/\/qingdaohf.com\/cs\/produkt\/kloubovy-hak\/","title":{"rendered":"Klouzav\u00fd h\u00e1k Clevis"},"content":{"rendered":"<p>Klouzav\u00fd h\u00e1k se skl\u00e1d\u00e1 z kloubu ve tvaru p\u00edsmene U s otvorem nebo dr\u00e1\u017ekou na otev\u0159en\u00e9m konci a z h\u00e1ku, kter\u00fd se k n\u011bmu p\u0159ipojuje. Na rozd\u00edl od samosvorn\u00e9ho h\u00e1ku nem\u00e1 klouzav\u00fd h\u00e1k z\u00e1padku nebo zaji\u0161\u0165ovac\u00ed mechanismus. M\u00edsto toho je vybaven odn\u00edmateln\u00fdm z\u00e1padkov\u00fdm kol\u00edkem nebo \u010depem rozporky, kter\u00fd umo\u017e\u0148uje snadn\u00e9 proklouznut\u00ed h\u00e1ku otvorem nebo \u0161t\u011brbinou rozporky.<\/p>\n<p>Jednou z hlavn\u00edch v\u00fdhod kluzn\u00e9ho h\u00e1ku je jeho nastavitelnost. Zasunut\u00edm z\u00e1padkov\u00e9ho \u010depu nebo \u010depu rozpojova\u010de do r\u016fzn\u00fdch otvor\u016f nebo dr\u00e1\u017eek v rozpojova\u010di lze nastavit \u00fa\u010dinnou d\u00e9lku h\u00e1ku. Tato nastavitelnost umo\u017e\u0148uje flexibiln\u00ed p\u0159izp\u016fsoben\u00ed r\u016fzn\u00fdm velikostem a konfigurac\u00edm n\u00e1kladu.<\/p>\n<p>Klouzav\u00fd h\u00e1k se b\u011b\u017en\u011b pou\u017e\u00edv\u00e1 v aplikac\u00edch, kde je vy\u017eadov\u00e1no rychl\u00e9 upevn\u011bn\u00ed a odpojen\u00ed b\u0159emen, nap\u0159\u00edklad p\u0159i manipulaci s materi\u00e1lem, vle\u010den\u00ed nebo manipulaci s lanov\u00edm. Poskytuje pevn\u00e9 a spolehliv\u00e9 spojen\u00ed a z\u00e1rove\u0148 umo\u017e\u0148uje efektivn\u00ed manipulaci s n\u00e1kladem. Tvar a konstrukce h\u00e1ku zabra\u0148uj\u00ed n\u00e1hodn\u00e9mu sklouznut\u00ed b\u0159emene b\u011bhem zved\u00e1n\u00ed nebo p\u0159em\u00eds\u0165ov\u00e1n\u00ed.<\/p>\n<p>P\u0159i pou\u017e\u00edv\u00e1n\u00ed kluzn\u00fdch h\u00e1k\u016f je z\u00e1sadn\u00ed bezpe\u010dnost. Je nezbytn\u00e9 zajistit, aby byl z\u00e1padkov\u00fd kol\u00edk nebo \u010dep spr\u00e1vn\u011b zasunut a zaji\u0161t\u011bn v p\u0159\u00edslu\u0161n\u00e9m otvoru nebo dr\u00e1\u017ece v \u010depu. Je nutn\u00e1 pravideln\u00e1 kontrola a \u00fadr\u017eba h\u00e1ku, aby se zjistily jak\u00e9koli zn\u00e1mky opot\u0159eben\u00ed, po\u0161kozen\u00ed nebo deformace, kter\u00e9 mohou ohrozit jeho pevnost a celistvost. Po\u0161kozen\u00e9 nebo opot\u0159ebovan\u00e9 kluzn\u00e9 h\u00e1ky by m\u011bly b\u00fdt neprodlen\u011b vym\u011bn\u011bny, aby bylo zachov\u00e1no bezpe\u010dn\u00e9 pracovn\u00ed prost\u0159ed\u00ed.<\/p>","protected":false},"excerpt":{"rendered":"<p>Klouzav\u00fd h\u00e1k je typ h\u00e1ku, kter\u00fd se b\u011b\u017en\u011b pou\u017e\u00edv\u00e1 p\u0159i zved\u00e1n\u00ed a manipulaci. Je ur\u010den k zaji\u0161t\u011bn\u00ed bezpe\u010dn\u00e9ho a nastaviteln\u00e9ho spojen\u00ed pro upevn\u011bn\u00ed b\u0159emen k \u0159et\u011bz\u016fm, lan\u016fm nebo jin\u00fdm sou\u010d\u00e1stem lanov\u00ed.<\/p>","protected":false},"featured_media":4196,"comment_status":"open","ping_status":"closed","template":"","meta":{"site-sidebar-layout":"default","site-content-layout":"default","ast-site-content-layout":"default","site-content-style":"default","site-sidebar-style":"default","ast-global-header-display":"","ast-banner-title-visibility":"","ast-main-header-display":"","ast-hfb-above-header-display":"","ast-hfb-below-header-display":"","ast-hfb-mobile-header-display":"","site-post-title":"","ast-breadcrumbs-content":"","ast-featured-img":"","footer-sml-layout":"","theme-transparent-header-meta":"default","adv-header-id-meta":"","stick-header-meta":"default","header-above-stick-meta":"","header-main-stick-meta":"","header-below-stick-meta":"","astra-migrate-meta-layouts":"set","ast-page-background-enabled":"default","ast-page-background-meta":{"desktop":{"background-color":"","background-image":"","background-repeat":"repeat","background-position":"center center","background-size":"auto","background-attachment":"scroll","background-type":"","background-media":"","overlay-type":"","overlay-color":"","overlay-opacity":"","overlay-gradient":""},"tablet":{"background-color":"","background-image":"","background-repeat":"repeat","background-position":"center center","background-size":"auto","background-attachment":"scroll","background-type":"","background-media":"","overlay-type":"","overlay-color":"","overlay-opacity":"","overlay-gradient":""},"mobile":{"background-color":"","background-image":"","background-repeat":"repeat","background-position":"center center","background-size":"auto","background-attachment":"scroll","background-type":"","background-media":"","overlay-type":"","overlay-color":"","overlay-opacity":"","overlay-gradient":""}},"ast-content-background-meta":{"desktop":{"background-color":"var(--ast-global-color-5)","background-image":"","background-repeat":"repeat","background-position":"center center","background-size":"auto","background-attachment":"scroll","background-type":"","background-media":"","overlay-type":"","overlay-color":"","overlay-opacity":"","overlay-gradient":""},"tablet":{"background-color":"var(--ast-global-color-5)","background-image":"","background-repeat":"repeat","background-position":"center center","background-size":"auto","background-attachment":"scroll","background-type":"","background-media":"","overlay-type":"","overlay-color":"","overlay-opacity":"","overlay-gradient":""},"mobile":{"background-color":"var(--ast-global-color-5)","background-image":"","background-repeat":"repeat","background-position":"center center","background-size":"auto","background-attachment":"scroll","background-type":"","background-media":"","overlay-type":"","overlay-color":"","overlay-opacity":"","overlay-gradient":""}}},"product_brand":[],"product_cat":[57,43],"product_tag":[],"class_list":{"0":"post-4194","1":"product","2":"type-product","3":"status-publish","4":"has-post-thumbnail","6":"product_cat-sling-hook","7":"product_cat-rigging-hardware","8":"desktop-align-left","9":"tablet-align-left","10":"mobile-align-left","11":"ast-product-gallery-layout-horizontal-slider","12":"ast-product-tabs-layout-horizontal","14":"first","15":"instock","16":"shipping-taxable","17":"purchasable","18":"product-type-simple"},"yoast_head":"<!-- This site is optimized with the Yoast SEO plugin v25.2 - https:\/\/yoast.com\/wordpress\/plugins\/seo\/ -->\n<title>Clevis Slip Hook<\/title>\n<meta name=\"description\" content=\"The clevis slip hook is a type of hook commonly used in lifting and rigging applications.\" \/>\n<meta name=\"robots\" content=\"index, follow, max-snippet:-1, max-image-preview:large, max-video-preview:-1\" \/>\n<link rel=\"canonical\" href=\"https:\/\/qingdaohf.com\/cs\/produkt\/kloubovy-hak\/\" \/>\n<meta property=\"og:locale\" content=\"cs_CZ\" \/>\n<meta property=\"og:type\" content=\"article\" \/>\n<meta property=\"og:title\" content=\"Clevis Slip Hook\" \/>\n<meta property=\"og:description\" content=\"The clevis slip hook is a type of hook commonly used in lifting and rigging applications.\" \/>\n<meta property=\"og:url\" content=\"https:\/\/qingdaohf.com\/cs\/produkt\/kloubovy-hak\/\" \/>\n<meta property=\"og:site_name\" content=\"Concrete Form &amp; Rigging Hardware Supplier\" \/>\n<meta property=\"article:publisher\" content=\"https:\/\/www.facebook.com\/qingdaohf\" \/>\n<meta property=\"article:modified_time\" content=\"2025-11-13T01:04:23+00:00\" \/>\n<meta property=\"og:image\" content=\"https:\/\/qingdaohf.com\/wp-content\/uploads\/2023\/05\/Clevis-Slip-Hook-13.jpg\" \/>\n\t<meta property=\"og:image:width\" content=\"1000\" \/>\n\t<meta property=\"og:image:height\" content=\"1000\" \/>\n\t<meta property=\"og:image:type\" content=\"image\/jpeg\" \/>\n<meta name=\"twitter:card\" content=\"summary_large_image\" \/>\n<meta name=\"twitter:label1\" content=\"Odhadovan\u00e1 doba \u010dten\u00ed\" \/>\n\t<meta name=\"twitter:data1\" content=\"2 minuty\" \/>\n<script type=\"application\/ld+json\" class=\"yoast-schema-graph\">{\"@context\":\"https:\/\/schema.org\",\"@graph\":[{\"@type\":\"WebPage\",\"@id\":\"https:\/\/qingdaohf.com\/product\/clevis-slip-hook\/\",\"url\":\"https:\/\/qingdaohf.com\/product\/clevis-slip-hook\/\",\"name\":\"Clevis Slip Hook\",\"isPartOf\":{\"@id\":\"https:\/\/qingdaohf.com\/bg\/#website\"},\"primaryImageOfPage\":{\"@id\":\"https:\/\/qingdaohf.com\/product\/clevis-slip-hook\/#primaryimage\"},\"image\":{\"@id\":\"https:\/\/qingdaohf.com\/product\/clevis-slip-hook\/#primaryimage\"},\"thumbnailUrl\":\"https:\/\/qingdaohf.com\/wp-content\/uploads\/2023\/05\/Clevis-Slip-Hook-13.jpg\",\"datePublished\":\"2023-05-29T06:50:07+00:00\",\"dateModified\":\"2025-11-13T01:04:23+00:00\",\"description\":\"The clevis slip hook is a type of hook commonly used in lifting and rigging applications.\",\"breadcrumb\":{\"@id\":\"https:\/\/qingdaohf.com\/product\/clevis-slip-hook\/#breadcrumb\"},\"inLanguage\":\"cs\",\"potentialAction\":[{\"@type\":\"ReadAction\",\"target\":[\"https:\/\/qingdaohf.com\/product\/clevis-slip-hook\/\"]}]},{\"@type\":\"ImageObject\",\"inLanguage\":\"cs\",\"@id\":\"https:\/\/qingdaohf.com\/product\/clevis-slip-hook\/#primaryimage\",\"url\":\"https:\/\/qingdaohf.com\/wp-content\/uploads\/2023\/05\/Clevis-Slip-Hook-13.jpg\",\"contentUrl\":\"https:\/\/qingdaohf.com\/wp-content\/uploads\/2023\/05\/Clevis-Slip-Hook-13.jpg\",\"width\":1000,\"height\":1000,\"caption\":\"Clevis Slip Hook\"},{\"@type\":\"BreadcrumbList\",\"@id\":\"https:\/\/qingdaohf.com\/product\/clevis-slip-hook\/#breadcrumb\",\"itemListElement\":[{\"@type\":\"ListItem\",\"position\":1,\"name\":\"Home\",\"item\":\"https:\/\/qingdaohf.com\/\"},{\"@type\":\"ListItem\",\"position\":2,\"name\":\"Concrete Forming Accessories and Rigging Hardware\",\"item\":\"https:\/\/qingdaohf.com\/bg\/?page_id=944\"},{\"@type\":\"ListItem\",\"position\":3,\"name\":\"Clevis Slip Hook\"}]},{\"@type\":\"WebSite\",\"@id\":\"https:\/\/qingdaohf.com\/bg\/#website\",\"url\":\"https:\/\/qingdaohf.com\/bg\/\",\"name\":\"Concrete Form & Rigging Hardware Supplier\",\"description\":\"\",\"publisher\":{\"@id\":\"https:\/\/qingdaohf.com\/bg\/#organization\"},\"potentialAction\":[{\"@type\":\"SearchAction\",\"target\":{\"@type\":\"EntryPoint\",\"urlTemplate\":\"https:\/\/qingdaohf.com\/bg\/?s={search_term_string}\"},\"query-input\":{\"@type\":\"PropertyValueSpecification\",\"valueRequired\":true,\"valueName\":\"search_term_string\"}}],\"inLanguage\":\"cs\"},{\"@type\":\"Organization\",\"@id\":\"https:\/\/qingdaohf.com\/bg\/#organization\",\"name\":\"Qingdao H&F\",\"url\":\"https:\/\/qingdaohf.com\/bg\/\",\"logo\":{\"@type\":\"ImageObject\",\"inLanguage\":\"cs\",\"@id\":\"https:\/\/qingdaohf.com\/bg\/#\/schema\/logo\/image\/\",\"url\":\"https:\/\/qingdaohf.com\/wp-content\/uploads\/2022\/12\/cropped-HF-LOGO.png\",\"contentUrl\":\"https:\/\/qingdaohf.com\/wp-content\/uploads\/2022\/12\/cropped-HF-LOGO.png\",\"width\":391,\"height\":249,\"caption\":\"Qingdao H&F\"},\"image\":{\"@id\":\"https:\/\/qingdaohf.com\/bg\/#\/schema\/logo\/image\/\"},\"sameAs\":[\"https:\/\/www.facebook.com\/qingdaohf\"]}]}<\/script>\n<!-- \/ Yoast SEO plugin. -->","yoast_head_json":{"title":"Clevis Slip Hook","description":"The clevis slip hook is a type of hook commonly used in lifting and rigging applications.","robots":{"index":"index","follow":"follow","max-snippet":"max-snippet:-1","max-image-preview":"max-image-preview:large","max-video-preview":"max-video-preview:-1"},"canonical":"https:\/\/qingdaohf.com\/cs\/produkt\/kloubovy-hak\/","og_locale":"cs_CZ","og_type":"article","og_title":"Clevis Slip Hook","og_description":"The clevis slip hook is a type of hook commonly used in lifting and rigging applications.","og_url":"https:\/\/qingdaohf.com\/cs\/produkt\/kloubovy-hak\/","og_site_name":"Concrete Form &amp; Rigging Hardware Supplier","article_publisher":"https:\/\/www.facebook.com\/qingdaohf","article_modified_time":"2025-11-13T01:04:23+00:00","og_image":[{"width":1000,"height":1000,"url":"https:\/\/qingdaohf.com\/wp-content\/uploads\/2023\/05\/Clevis-Slip-Hook-13.jpg","type":"image\/jpeg"}],"twitter_card":"summary_large_image","twitter_misc":{"Odhadovan\u00e1 doba \u010dten\u00ed":"2 minuty"},"schema":{"@context":"https:\/\/schema.org","@graph":[{"@type":"WebPage","@id":"https:\/\/qingdaohf.com\/product\/clevis-slip-hook\/","url":"https:\/\/qingdaohf.com\/product\/clevis-slip-hook\/","name":"Clevis Slip Hook","isPartOf":{"@id":"https:\/\/qingdaohf.com\/bg\/#website"},"primaryImageOfPage":{"@id":"https:\/\/qingdaohf.com\/product\/clevis-slip-hook\/#primaryimage"},"image":{"@id":"https:\/\/qingdaohf.com\/product\/clevis-slip-hook\/#primaryimage"},"thumbnailUrl":"https:\/\/qingdaohf.com\/wp-content\/uploads\/2023\/05\/Clevis-Slip-Hook-13.jpg","datePublished":"2023-05-29T06:50:07+00:00","dateModified":"2025-11-13T01:04:23+00:00","description":"The clevis slip hook is a type of hook commonly used in lifting and rigging applications.","breadcrumb":{"@id":"https:\/\/qingdaohf.com\/product\/clevis-slip-hook\/#breadcrumb"},"inLanguage":"cs","potentialAction":[{"@type":"ReadAction","target":["https:\/\/qingdaohf.com\/product\/clevis-slip-hook\/"]}]},{"@type":"ImageObject","inLanguage":"cs","@id":"https:\/\/qingdaohf.com\/product\/clevis-slip-hook\/#primaryimage","url":"https:\/\/qingdaohf.com\/wp-content\/uploads\/2023\/05\/Clevis-Slip-Hook-13.jpg","contentUrl":"https:\/\/qingdaohf.com\/wp-content\/uploads\/2023\/05\/Clevis-Slip-Hook-13.jpg","width":1000,"height":1000,"caption":"Clevis Slip Hook"},{"@type":"BreadcrumbList","@id":"https:\/\/qingdaohf.com\/product\/clevis-slip-hook\/#breadcrumb","itemListElement":[{"@type":"ListItem","position":1,"name":"Home","item":"https:\/\/qingdaohf.com\/"},{"@type":"ListItem","position":2,"name":"Concrete Forming Accessories and Rigging Hardware","item":"https:\/\/qingdaohf.com\/bg\/?page_id=944"},{"@type":"ListItem","position":3,"name":"Clevis Slip Hook"}]},{"@type":"WebSite","@id":"https:\/\/qingdaohf.com\/bg\/#website","url":"https:\/\/qingdaohf.com\/bg\/","name":"Concrete Form & Rigging Hardware Supplier","description":"","publisher":{"@id":"https:\/\/qingdaohf.com\/bg\/#organization"},"potentialAction":[{"@type":"SearchAction","target":{"@type":"EntryPoint","urlTemplate":"https:\/\/qingdaohf.com\/bg\/?s={search_term_string}"},"query-input":{"@type":"PropertyValueSpecification","valueRequired":true,"valueName":"search_term_string"}}],"inLanguage":"cs"},{"@type":"Organization","@id":"https:\/\/qingdaohf.com\/bg\/#organization","name":"Qingdao H&F","url":"https:\/\/qingdaohf.com\/bg\/","logo":{"@type":"ImageObject","inLanguage":"cs","@id":"https:\/\/qingdaohf.com\/bg\/#\/schema\/logo\/image\/","url":"https:\/\/qingdaohf.com\/wp-content\/uploads\/2022\/12\/cropped-HF-LOGO.png","contentUrl":"https:\/\/qingdaohf.com\/wp-content\/uploads\/2022\/12\/cropped-HF-LOGO.png","width":391,"height":249,"caption":"Qingdao H&F"},"image":{"@id":"https:\/\/qingdaohf.com\/bg\/#\/schema\/logo\/image\/"},"sameAs":["https:\/\/www.facebook.com\/qingdaohf"]}]}},"_links":{"self":[{"href":"https:\/\/qingdaohf.com\/cs\/wp-json\/wp\/v2\/product\/4194","targetHints":{"allow":["GET"]}}],"collection":[{"href":"https:\/\/qingdaohf.com\/cs\/wp-json\/wp\/v2\/product"}],"about":[{"href":"https:\/\/qingdaohf.com\/cs\/wp-json\/wp\/v2\/types\/product"}],"replies":[{"embeddable":true,"href":"https:\/\/qingdaohf.com\/cs\/wp-json\/wp\/v2\/comments?post=4194"}],"version-history":[{"count":2,"href":"https:\/\/qingdaohf.com\/cs\/wp-json\/wp\/v2\/product\/4194\/revisions"}],"predecessor-version":[{"id":9539,"href":"https:\/\/qingdaohf.com\/cs\/wp-json\/wp\/v2\/product\/4194\/revisions\/9539"}],"wp:featuredmedia":[{"embeddable":true,"href":"https:\/\/qingdaohf.com\/cs\/wp-json\/wp\/v2\/media\/4196"}],"wp:attachment":[{"href":"https:\/\/qingdaohf.com\/cs\/wp-json\/wp\/v2\/media?parent=4194"}],"wp:term":[{"taxonomy":"product_brand","embeddable":true,"href":"https:\/\/qingdaohf.com\/cs\/wp-json\/wp\/v2\/product_brand?post=4194"},{"taxonomy":"product_cat","embeddable":true,"href":"https:\/\/qingdaohf.com\/cs\/wp-json\/wp\/v2\/product_cat?post=4194"},{"taxonomy":"product_tag","embeddable":true,"href":"https:\/\/qingdaohf.com\/cs\/wp-json\/wp\/v2\/product_tag?post=4194"}],"curies":[{"name":"wp","href":"https:\/\/api.w.org\/{rel}","templated":true}]}}