{"id":4232,"date":"2023-05-29T16:48:33","date_gmt":"2023-05-29T08:48:33","guid":{"rendered":"http:\/\/qingdaohf.com\/?post_type=product&#038;p=4232"},"modified":"2025-11-13T09:04:21","modified_gmt":"2025-11-13T01:04:21","slug":"eye-bolts","status":"publish","type":"product","link":"https:\/\/qingdaohf.com\/cs\/produkt\/srouby-s-okem\/","title":{"rendered":"Zvedac\u00ed \u0161roub s okem DIN580 z uhl\u00edkov\u00e9 oceli pozinkovan\u00fd"},"content":{"rendered":"<div class=\"ast-oembed-container\" style=\"height: 100%;\"><iframe title=\"Matice s okem a \u0161roub s okem\" width=\"500\" height=\"281\" src=\"https:\/\/www.youtube.com\/embed\/Cjopwi1wX3I?feature=oembed\" frameborder=\"0\" allow=\"accelerometer; autoplay; clipboard-write; encrypted-media; gyroscope; picture-in-picture; web-share\" referrerpolicy=\"strict-origin-when-cross-origin\" allowfullscreen><\/iframe><\/div>\n<h2 class=\"text-2xl font-bold mt-1 text-text-200\">Pozinkovan\u00e9 \u0161rouby s o\u010dkem: Kde se odolnost setk\u00e1v\u00e1 s v\u00fdkonem<\/h2>\n<p class=\"whitespace-pre-wrap break-words\">Hled\u00e1te spolehliv\u00fd hardware, kter\u00fd odol\u00e1 n\u00e1ro\u010dn\u00fdm venkovn\u00edm podm\u00ednk\u00e1m? Pozinkovan\u00e9 \u0161rouby s okem mohou b\u00fdt p\u0159esn\u011b to, co pot\u0159ebujete. Tento robustn\u00ed spojovac\u00ed materi\u00e1l si z\u00edskal svou pov\u011bst na staveni\u0161t\u00edch, v lod\u011bnic\u00edch a pr\u016fmyslov\u00fdch za\u0159\u00edzen\u00edch po cel\u00e9m sv\u011bt\u011b. Tajemstv\u00ed jejich dlouh\u00e9 \u017eivotnosti? Ochrann\u00fd zinkov\u00fd povlak, kter\u00fd chr\u00e1n\u00ed ocelov\u00e9 j\u00e1dro p\u0159ed koroz\u00ed a rz\u00ed. \u010ct\u011bte d\u00e1le a zjist\u011bte v\u0161e od mo\u017enost\u00ed dimenzov\u00e1n\u00ed a\u017e po praktick\u00e9 vyu\u017eit\u00ed t\u011bchto v\u0161estrann\u00fdch spojovac\u00edch prvk\u016f.<\/p>\n<p><img fetchpriority=\"high\" decoding=\"async\" class=\"alignnone wp-image-8959 size-full\" src=\"http:\/\/qingdaohf.com\/wp-content\/uploads\/2025\/02\/eye-bolt-4.webp\" alt=\"\u0161roub s okem\" width=\"1920\" height=\"1080\" srcset=\"https:\/\/qingdaohf.com\/wp-content\/uploads\/2025\/02\/eye-bolt-4.webp 1920w, https:\/\/qingdaohf.com\/wp-content\/uploads\/2025\/02\/eye-bolt-4-300x169.webp 300w, https:\/\/qingdaohf.com\/wp-content\/uploads\/2025\/02\/eye-bolt-4-1024x576.webp 1024w, https:\/\/qingdaohf.com\/wp-content\/uploads\/2025\/02\/eye-bolt-4-768x432.webp 768w, https:\/\/qingdaohf.com\/wp-content\/uploads\/2025\/02\/eye-bolt-4-1536x864.webp 1536w, https:\/\/qingdaohf.com\/wp-content\/uploads\/2025\/02\/eye-bolt-4-18x10.webp 18w, https:\/\/qingdaohf.com\/wp-content\/uploads\/2025\/02\/eye-bolt-4-1000x563.webp 1000w\" sizes=\"(max-width: 1920px) 100vw, 1920px\" \/><\/p>\n<h2 class=\"text-xl font-bold text-text-200 mt-1 -mb-0.5\">P\u0159\u00edpad pozinkovan\u00fdch \u0161roub\u016f s o\u010dkem<\/h2>\n<p class=\"whitespace-pre-wrap break-words\">Nejedn\u00e1 se o oby\u010dejn\u00e9 spojovac\u00ed prvky. Pozinkovan\u00e9 \u0161rouby s okem spojuj\u00ed v\u00fdjime\u010dnou pevnost s pozoruhodnou spolehlivost\u00ed. Proces zinkov\u00e1n\u00ed p\u0159em\u011bn\u00ed b\u011b\u017en\u00e9 ocelov\u00e9 \u0161rouby na korozivzdorn\u00e9 sil\u00e1ky, kter\u00e9 se sm\u011bj\u00ed vlhkosti, soln\u00e9 mlze a drsn\u00e9mu po\u010das\u00ed. D\u00edky tomu jsou nepostradateln\u00e9 pro n\u00e1mo\u0159n\u00ed za\u0159\u00edzen\u00ed, stavebn\u00ed projekty a t\u011b\u017ek\u00e9 zvedac\u00ed operace.<\/p>\n<p class=\"whitespace-pre-wrap break-words\">Proces nan\u00e1\u0161en\u00ed povlaku je obzvl\u00e1\u0161t\u011b chytr\u00fd - zinek jen tak nele\u017e\u00ed a nevypad\u00e1 hezky. Aktivn\u011b se ob\u011btuje, aby ochr\u00e1nil ocel pod n\u00edm, co\u017e je obzvl\u00e1\u0161t\u011b d\u016fle\u017eit\u00e9 v pob\u0159e\u017en\u00edch oblastech, kde slan\u00fd vzduch m\u016f\u017ee b\u011bhem chv\u00edle zni\u010dit m\u00e9n\u011b kvalitn\u00ed materi\u00e1ly. Proto lod\u011bnice a stavebn\u00ed projekty na pob\u0159e\u017e\u00ed oce\u00e1nu p\u0159\u00edsahaj\u00ed na tyto spojovac\u00ed prvky.<\/p>\n<p class=\"whitespace-pre-wrap break-words\">Na\u0161e obchodn\u00ed spole\u010dnost skladuje pouze pozinkovan\u00e9 \u0161rouby s okem prvot\u0159\u00eddn\u00ed kvality, kter\u00e9 spl\u0148uj\u00ed p\u0159\u00edsn\u00e1 krit\u00e9ria kvality. M\u00e1me pro v\u00e1s v\u0161e, od mal\u00fdch \u0161roub\u016f M2 pro p\u0159esnou pr\u00e1ci a\u017e po siln\u00e9 verze M24, kter\u00e9 zvl\u00e1dnou velk\u00e9 zat\u00ed\u017een\u00ed. Nejste si jisti, kter\u00e1 velikost se hod\u00ed pro v\u00e1\u0161 projekt? Na\u0161i specialist\u00e9 jsou zde, aby v\u00e1m pomohli se spr\u00e1vn\u00fdm v\u00fdb\u011brem.<\/p>\n<p><img decoding=\"async\" class=\"alignnone size-full wp-image-4672\" src=\"http:\/\/qingdaohf.com\/wp-content\/uploads\/2023\/05\/eye-bolt-eye-nut.jpg\" alt=\"\u0160rouby Lifting_eye_\" width=\"1090\" height=\"725\" srcset=\"https:\/\/qingdaohf.com\/wp-content\/uploads\/2023\/05\/eye-bolt-eye-nut.jpg 1090w, https:\/\/qingdaohf.com\/wp-content\/uploads\/2023\/05\/eye-bolt-eye-nut-300x200.jpg 300w, https:\/\/qingdaohf.com\/wp-content\/uploads\/2023\/05\/eye-bolt-eye-nut-1024x681.jpg 1024w, https:\/\/qingdaohf.com\/wp-content\/uploads\/2023\/05\/eye-bolt-eye-nut-768x511.jpg 768w, https:\/\/qingdaohf.com\/wp-content\/uploads\/2023\/05\/eye-bolt-eye-nut-1000x665.jpg 1000w\" sizes=\"(max-width: 1090px) 100vw, 1090px\" \/><\/p>\n<h2 class=\"text-xl font-bold text-text-200 mt-1 -mb-0.5\">Pozinkovan\u00e9 vs. nerezov\u00e9 \u0161rouby s o\u010dkem: Praktick\u00e9 srovn\u00e1n\u00ed<\/h2>\n<h3 class=\"text-lg font-bold text-text-200 mt-1 -mb-1.5\">Ochrana proti korozi<\/h3>\n<ul class=\"[&amp;:not(:last-child)_ul]:pb-1 [&amp;:not(:last-child)_ol]:pb-1 list-disc space-y-1.5 pl-7\">\n<li class=\"whitespace-normal break-words\">Pozinkovan\u00e9 \u0161rouby s o\u010dkem jsou chr\u00e1n\u011bny zinkovou l\u00e1zn\u00ed, o kter\u00e9 jsme se zm\u00ednili d\u0159\u00edve. Povlak vytv\u00e1\u0159\u00ed odolnou bari\u00e9ru proti vlhkosti a korozivn\u00edm prvk\u016fm, co\u017e je ide\u00e1ln\u00ed pro venkovn\u00ed a n\u00e1mo\u0159n\u00ed aplikace.<\/li>\n<li class=\"whitespace-normal break-words\">\u0160rouby s okem z nerezov\u00e9 oceli bojuj\u00ed proti korozi jinak - chrom ve slitin\u011b vytv\u00e1\u0159\u00ed neviditeln\u00fd \u0161t\u00edt proti korozi. Jsou vhodn\u00e9 zejm\u00e9na pro aplikace, kde mus\u00ed kov\u00e1n\u00ed vypadat stejn\u011b dob\u0159e jako fungovat.<\/li>\n<\/ul>\n<h3 class=\"text-lg font-bold text-text-200 mt-1 -mb-1.5\">Odolnost a dlouh\u00e1 \u017eivotnost<\/h3>\n<ul class=\"[&amp;:not(:last-child)_ul]:pb-1 [&amp;:not(:last-child)_ol]:pb-1 list-disc space-y-1.5 pl-7\">\n<li class=\"whitespace-normal break-words\">Pozinkovan\u00e9 varianty jsou dostate\u010dn\u011b siln\u00e9 pro v\u011bt\u0161inu t\u011b\u017ek\u00fdch prac\u00ed. Vrstva zinku jim dod\u00e1v\u00e1 v\u011bt\u0161\u00ed odolnost, co\u017e vysv\u011btluje jejich obl\u00edbenost ve stavebnictv\u00ed a v\u00fdrob\u011b.<\/li>\n<li class=\"whitespace-normal break-words\">Nerezov\u00e1 ocel zvy\u0161uje la\u0165ku je\u0161t\u011b v\u00fd\u0161e a nab\u00edz\u00ed vynikaj\u00edc\u00ed pevnost a odolnost proti opot\u0159eben\u00ed. L\u00e9pe sn\u00e1\u0161ej\u00ed i extr\u00e9mn\u00ed teploty, tak\u017ee se hod\u00ed do n\u00e1ro\u010dn\u00fdch prost\u0159ed\u00ed.<\/li>\n<\/ul>\n<h3 class=\"text-lg font-bold text-text-200 mt-1 -mb-1.5\">Vizu\u00e1ln\u00ed dopad<\/h3>\n<ul class=\"[&amp;:not(:last-child)_ul]:pb-1 [&amp;:not(:last-child)_ol]:pb-1 list-disc space-y-1.5 pl-7\">\n<li class=\"whitespace-normal break-words\">Pozinkovan\u00e9 \u0161rouby maj\u00ed praktickou pr\u016fmyslovou povrchovou \u00fapravu. Nesna\u017e\u00ed se vyhr\u00e1vat sout\u011b\u017ee kr\u00e1sy - jsou tu, aby fungovaly.<\/li>\n<li class=\"whitespace-normal break-words\">Nerezov\u00e1 ocel p\u0159in\u00e1\u0161\u00ed jak s\u00edlu, tak kr\u00e1su. D\u00edky sv\u00e9mu le\u0161t\u011bn\u00e9mu vzhledu je obl\u00edben\u00e1 v architektonick\u00fdch projektech, kde z\u00e1le\u017e\u00ed na estetice.<\/li>\n<\/ul>\n<h3 class=\"text-lg font-bold text-text-200 mt-1 -mb-1.5\">Hodnotov\u00e1 nab\u00eddka<\/h3>\n<ul class=\"[&amp;:not(:last-child)_ul]:pb-1 [&amp;:not(:last-child)_ol]:pb-1 list-disc space-y-1.5 pl-7\">\n<li class=\"whitespace-normal break-words\">Pozinkovan\u00e9 \u0161rouby poskytuj\u00ed solidn\u00ed v\u00fdkon, ani\u017e by to st\u00e1lo pen\u00edze. Jsou chytrou volbou, pokud pot\u0159ebujete spolehlivost s omezen\u00fdm rozpo\u010dtem.<\/li>\n<li class=\"whitespace-normal break-words\">Nerezov\u00e1 ocel m\u00e1 vy\u0161\u0161\u00ed cenu, kter\u00e1 odr\u00e1\u017e\u00ed jej\u00ed vynikaj\u00edc\u00ed vlastnosti. P\u0159\u00edplatek se \u010dasto vyplat\u00ed u specializovan\u00fdch aplikac\u00ed vy\u017eaduj\u00edc\u00edch maxim\u00e1ln\u00ed v\u00fdkon.<\/li>\n<\/ul>\n<h2 class=\"text-xl font-bold text-text-200 mt-1 -mb-0.5\">Na velikosti z\u00e1le\u017e\u00ed: Od M2 po M24<\/h2>\n<p class=\"whitespace-pre-wrap break-words\">N\u00e1\u0161 sortiment zahrnuje v\u0161e od M2 a\u017e po M24, co\u017e v\u00e1m zaru\u010d\u00ed, \u017ee pro sv\u016fj projekt najdete ide\u00e1ln\u00ed \u0159e\u0161en\u00ed:<\/p>\n<p class=\"whitespace-pre-wrap break-words\">Modely M2 si skv\u011ble porad\u00ed s lehk\u00fdmi aplikacemi a jsou ide\u00e1ln\u00ed pro men\u0161\u00ed stroje a projekty, kde je d\u016fle\u017eit\u011bj\u0161\u00ed jemnost ne\u017e hrub\u00e1 s\u00edla.<\/p>\n<p class=\"whitespace-pre-wrap break-words\">Na druh\u00e9m konci jsou varianty M24 t\u011b\u017ek\u00fdmi v\u00e1hami rodiny. Tyto robustn\u00ed spojovac\u00ed prvky vynikaj\u00ed ve stavebnictv\u00ed, p\u0159i manipulaci s t\u011b\u017ekou technikou a v\u0161ude tam, kde je zapot\u0159eb\u00ed velk\u00e1 zvedac\u00ed s\u00edla.<\/p>\n<p class=\"whitespace-pre-wrap break-words\">Nezapome\u0148te, \u017ee v\u00fdb\u011br spr\u00e1vn\u00e9 velikosti nen\u00ed jen o preferenc\u00edch, ale tak\u00e9 o bezpe\u010dnosti. N\u00e1\u0161 t\u00fdm je p\u0159ipraven v\u00e1m pomoci u\u010dinit informovan\u00e9 rozhodnut\u00ed na z\u00e1klad\u011b va\u0161ich konkr\u00e9tn\u00edch po\u017eadavk\u016f.<\/p>\n<h2 class=\"text-xl font-bold text-text-200 mt-1 -mb-0.5\">Partner se zku\u0161enostmi<\/h2>\n<p class=\"whitespace-pre-wrap break-words\">V\u011b\u0159\u00edme, \u017ee dod\u00e1v\u00e1me v\u00edce ne\u017e jen hardware. N\u00e1\u0161 z\u00e1vazek zahrnuje:<\/p>\n<p class=\"whitespace-pre-wrap break-words\">Odborn\u00e9 poradenstv\u00ed: Z\u00edskejte individu\u00e1ln\u00ed podporu, abyste na\u0161li p\u0159esn\u011b to, co pot\u0159ebujete. Rychl\u00e1 p\u0159eprava: Proto\u017ee \u010dek\u00e1n\u00ed nen\u00ed sou\u010d\u00e1st\u00ed \u010dasov\u00e9ho pl\u00e1nu va\u0161eho projektu. D\u016fkladn\u00e9 testov\u00e1n\u00ed: Ka\u017ed\u00fd \u0161roub proch\u00e1z\u00ed p\u0159\u00edsnou kontrolou kvality, ne\u017e opust\u00ed n\u00e1\u0161 sklad.<\/p>\n<p class=\"whitespace-pre-wrap break-words\">V\u00fdb\u011brem na\u0161\u00ed spole\u010dnosti z\u00edsk\u00e1te v\u00edc ne\u017e jen prvot\u0159\u00eddn\u00ed pozinkovan\u00e9 \u0161rouby s okem - z\u00edsk\u00e1te partnera, kter\u00fd investuje do \u00fasp\u011bchu va\u0161eho projektu. Na\u0161e v\u00fdrobky jsou navr\u017eeny tak, aby spolehliv\u011b fungovaly bez ohledu na to, jak\u00e9 v\u00fdzvy va\u0161e aplikace p\u0159edstavuje.<\/p>","protected":false},"excerpt":{"rendered":"<p>Na\u0161e pozinkovan\u00e9 \u0161rouby s okem M2 a\u017e M24 jsou ide\u00e1ln\u00ed pro r\u016fzn\u00e9 zvedac\u00ed a upev\u0148ovac\u00ed aplikace. Na\u0161e \u0161rouby jsou vyrobeny s vysokou \u00farovn\u00ed pevnosti a odolnosti a jsou konstruov\u00e1ny pro optim\u00e1ln\u00ed spolehlivost v n\u00e1ro\u010dn\u00fdch podm\u00ednk\u00e1ch. Na\u0161e \u0161rouby s okem poskytuj\u00ed vysoce v\u00fdkonn\u00e9 v\u00fdsledky - od t\u011b\u017ek\u00e9ho zat\u00ed\u017een\u00ed a\u017e po pr\u016fmyslov\u00e9 upevn\u011bn\u00ed, kter\u00e9 vy\u017eaduje bezpe\u010dn\u00e9 uchycen\u00ed. Poskytujeme individu\u00e1ln\u00ed z\u00e1kaznick\u00fd servis, tak\u017ee v\u0161echny va\u0161e dotazy vy\u0159e\u0161\u00edme ihned. Jsme rychl\u00ed a poskytujeme tak\u00e9 podrobn\u00e9 zpr\u00e1vy o kontrole kvality pro bezchybnou zku\u0161enost od n\u00e1kupu a\u017e po dod\u00e1n\u00ed. Spolehn\u011bte se na na\u0161e pozinkovan\u00e9 \u0161rouby s okem pro sv\u016fj p\u0159\u00ed\u0161t\u00ed projekt a bu\u010fte si jisti, \u017ee dost\u00e1v\u00e1te to nejlep\u0161\u00ed.<\/p>","protected":false},"featured_media":8968,"comment_status":"open","ping_status":"closed","template":"","meta":{"site-sidebar-layout":"default","site-content-layout":"default","ast-site-content-layout":"default","site-content-style":"default","site-sidebar-style":"default","ast-global-header-display":"","ast-banner-title-visibility":"","ast-main-header-display":"","ast-hfb-above-header-display":"","ast-hfb-below-header-display":"","ast-hfb-mobile-header-display":"","site-post-title":"","ast-breadcrumbs-content":"","ast-featured-img":"","footer-sml-layout":"","theme-transparent-header-meta":"default","adv-header-id-meta":"","stick-header-meta":"default","header-above-stick-meta":"","header-main-stick-meta":"","header-below-stick-meta":"","astra-migrate-meta-layouts":"set","ast-page-background-enabled":"default","ast-page-background-meta":{"desktop":{"background-color":"","background-image":"","background-repeat":"repeat","background-position":"center center","background-size":"auto","background-attachment":"scroll","background-type":"","background-media":"","overlay-type":"","overlay-color":"","overlay-opacity":"","overlay-gradient":""},"tablet":{"background-color":"","background-image":"","background-repeat":"repeat","background-position":"center center","background-size":"auto","background-attachment":"scroll","background-type":"","background-media":"","overlay-type":"","overlay-color":"","overlay-opacity":"","overlay-gradient":""},"mobile":{"background-color":"","background-image":"","background-repeat":"repeat","background-position":"center center","background-size":"auto","background-attachment":"scroll","background-type":"","background-media":"","overlay-type":"","overlay-color":"","overlay-opacity":"","overlay-gradient":""}},"ast-content-background-meta":{"desktop":{"background-color":"var(--ast-global-color-5)","background-image":"","background-repeat":"repeat","background-position":"center center","background-size":"auto","background-attachment":"scroll","background-type":"","background-media":"","overlay-type":"","overlay-color":"","overlay-opacity":"","overlay-gradient":""},"tablet":{"background-color":"var(--ast-global-color-5)","background-image":"","background-repeat":"repeat","background-position":"center center","background-size":"auto","background-attachment":"scroll","background-type":"","background-media":"","overlay-type":"","overlay-color":"","overlay-opacity":"","overlay-gradient":""},"mobile":{"background-color":"var(--ast-global-color-5)","background-image":"","background-repeat":"repeat","background-position":"center center","background-size":"auto","background-attachment":"scroll","background-type":"","background-media":"","overlay-type":"","overlay-color":"","overlay-opacity":"","overlay-gradient":""}}},"product_brand":[],"product_cat":[43],"product_tag":[],"class_list":{"0":"post-4232","1":"product","2":"type-product","3":"status-publish","4":"has-post-thumbnail","6":"product_cat-rigging-hardware","7":"desktop-align-left","8":"tablet-align-left","9":"mobile-align-left","10":"ast-product-gallery-layout-horizontal-slider","11":"ast-product-tabs-layout-horizontal","13":"first","14":"instock","15":"shipping-taxable","16":"purchasable","17":"product-type-simple"},"yoast_head":"<!-- This site is optimized with the Yoast SEO plugin v25.2 - https:\/\/yoast.com\/wordpress\/plugins\/seo\/ -->\n<title>Lifting Eye Bolt DIN580 Carbon Steel Galvanized<\/title>\n<meta name=\"description\" content=\"Eye bolts are specialized fasteners designed to provide a secure and reliable anchor point for lifting, rigging, or suspending applications.\" \/>\n<meta name=\"robots\" content=\"index, follow, max-snippet:-1, max-image-preview:large, max-video-preview:-1\" \/>\n<link rel=\"canonical\" href=\"https:\/\/qingdaohf.com\/cs\/produkt\/srouby-s-okem\/\" \/>\n<meta property=\"og:locale\" content=\"cs_CZ\" \/>\n<meta property=\"og:type\" content=\"article\" \/>\n<meta property=\"og:title\" content=\"Lifting Eye Bolt DIN580 Carbon Steel Galvanized\" \/>\n<meta property=\"og:description\" content=\"Eye bolts are specialized fasteners designed to provide a secure and reliable anchor point for lifting, rigging, or suspending applications.\" \/>\n<meta property=\"og:url\" content=\"https:\/\/qingdaohf.com\/cs\/produkt\/srouby-s-okem\/\" \/>\n<meta property=\"og:site_name\" content=\"Concrete Form &amp; Rigging Hardware Supplier\" \/>\n<meta property=\"article:publisher\" content=\"https:\/\/www.facebook.com\/qingdaohf\" \/>\n<meta property=\"article:modified_time\" content=\"2025-11-13T01:04:21+00:00\" \/>\n<meta property=\"og:image\" content=\"https:\/\/qingdaohf.com\/wp-content\/uploads\/2023\/05\/eye-bolt-9.webp\" \/>\n\t<meta property=\"og:image:width\" content=\"1000\" \/>\n\t<meta property=\"og:image:height\" content=\"1000\" \/>\n\t<meta property=\"og:image:type\" content=\"image\/webp\" \/>\n<meta name=\"twitter:card\" content=\"summary_large_image\" \/>\n<meta name=\"twitter:label1\" content=\"Odhadovan\u00e1 doba \u010dten\u00ed\" \/>\n\t<meta name=\"twitter:data1\" content=\"4 minuty\" \/>\n<script type=\"application\/ld+json\" class=\"yoast-schema-graph\">{\"@context\":\"https:\/\/schema.org\",\"@graph\":[{\"@type\":\"WebPage\",\"@id\":\"https:\/\/qingdaohf.com\/product\/eye-bolts\/\",\"url\":\"https:\/\/qingdaohf.com\/product\/eye-bolts\/\",\"name\":\"Lifting Eye Bolt DIN580 Carbon Steel Galvanized\",\"isPartOf\":{\"@id\":\"https:\/\/qingdaohf.com\/bg\/#website\"},\"primaryImageOfPage\":{\"@id\":\"https:\/\/qingdaohf.com\/product\/eye-bolts\/#primaryimage\"},\"image\":{\"@id\":\"https:\/\/qingdaohf.com\/product\/eye-bolts\/#primaryimage\"},\"thumbnailUrl\":\"https:\/\/qingdaohf.com\/wp-content\/uploads\/2023\/05\/eye-bolt-9.webp\",\"datePublished\":\"2023-05-29T08:48:33+00:00\",\"dateModified\":\"2025-11-13T01:04:21+00:00\",\"description\":\"Eye bolts are specialized fasteners designed to provide a secure and reliable anchor point for lifting, rigging, or suspending applications.\",\"breadcrumb\":{\"@id\":\"https:\/\/qingdaohf.com\/product\/eye-bolts\/#breadcrumb\"},\"inLanguage\":\"cs\",\"potentialAction\":[{\"@type\":\"ReadAction\",\"target\":[\"https:\/\/qingdaohf.com\/product\/eye-bolts\/\"]}]},{\"@type\":\"ImageObject\",\"inLanguage\":\"cs\",\"@id\":\"https:\/\/qingdaohf.com\/product\/eye-bolts\/#primaryimage\",\"url\":\"https:\/\/qingdaohf.com\/wp-content\/uploads\/2023\/05\/eye-bolt-9.webp\",\"contentUrl\":\"https:\/\/qingdaohf.com\/wp-content\/uploads\/2023\/05\/eye-bolt-9.webp\",\"width\":1000,\"height\":1000,\"caption\":\"eye bolt\"},{\"@type\":\"BreadcrumbList\",\"@id\":\"https:\/\/qingdaohf.com\/product\/eye-bolts\/#breadcrumb\",\"itemListElement\":[{\"@type\":\"ListItem\",\"position\":1,\"name\":\"Home\",\"item\":\"https:\/\/qingdaohf.com\/\"},{\"@type\":\"ListItem\",\"position\":2,\"name\":\"Concrete Forming Accessories and Rigging Hardware\",\"item\":\"https:\/\/qingdaohf.com\/bg\/?page_id=944\"},{\"@type\":\"ListItem\",\"position\":3,\"name\":\"Lifting Eye Bolt DIN580 Carbon Steel Galvanized\"}]},{\"@type\":\"WebSite\",\"@id\":\"https:\/\/qingdaohf.com\/bg\/#website\",\"url\":\"https:\/\/qingdaohf.com\/bg\/\",\"name\":\"Concrete Form & Rigging Hardware Supplier\",\"description\":\"\",\"publisher\":{\"@id\":\"https:\/\/qingdaohf.com\/bg\/#organization\"},\"potentialAction\":[{\"@type\":\"SearchAction\",\"target\":{\"@type\":\"EntryPoint\",\"urlTemplate\":\"https:\/\/qingdaohf.com\/bg\/?s={search_term_string}\"},\"query-input\":{\"@type\":\"PropertyValueSpecification\",\"valueRequired\":true,\"valueName\":\"search_term_string\"}}],\"inLanguage\":\"cs\"},{\"@type\":\"Organization\",\"@id\":\"https:\/\/qingdaohf.com\/bg\/#organization\",\"name\":\"Qingdao H&F\",\"url\":\"https:\/\/qingdaohf.com\/bg\/\",\"logo\":{\"@type\":\"ImageObject\",\"inLanguage\":\"cs\",\"@id\":\"https:\/\/qingdaohf.com\/bg\/#\/schema\/logo\/image\/\",\"url\":\"https:\/\/qingdaohf.com\/wp-content\/uploads\/2022\/12\/cropped-HF-LOGO.png\",\"contentUrl\":\"https:\/\/qingdaohf.com\/wp-content\/uploads\/2022\/12\/cropped-HF-LOGO.png\",\"width\":391,\"height\":249,\"caption\":\"Qingdao H&F\"},\"image\":{\"@id\":\"https:\/\/qingdaohf.com\/bg\/#\/schema\/logo\/image\/\"},\"sameAs\":[\"https:\/\/www.facebook.com\/qingdaohf\"]}]}<\/script>\n<!-- \/ Yoast SEO plugin. -->","yoast_head_json":{"title":"Lifting Eye Bolt DIN580 Carbon Steel Galvanized","description":"Eye bolts are specialized fasteners designed to provide a secure and reliable anchor point for lifting, rigging, or suspending applications.","robots":{"index":"index","follow":"follow","max-snippet":"max-snippet:-1","max-image-preview":"max-image-preview:large","max-video-preview":"max-video-preview:-1"},"canonical":"https:\/\/qingdaohf.com\/cs\/produkt\/srouby-s-okem\/","og_locale":"cs_CZ","og_type":"article","og_title":"Lifting Eye Bolt DIN580 Carbon Steel Galvanized","og_description":"Eye bolts are specialized fasteners designed to provide a secure and reliable anchor point for lifting, rigging, or suspending applications.","og_url":"https:\/\/qingdaohf.com\/cs\/produkt\/srouby-s-okem\/","og_site_name":"Concrete Form &amp; Rigging Hardware Supplier","article_publisher":"https:\/\/www.facebook.com\/qingdaohf","article_modified_time":"2025-11-13T01:04:21+00:00","og_image":[{"width":1000,"height":1000,"url":"https:\/\/qingdaohf.com\/wp-content\/uploads\/2023\/05\/eye-bolt-9.webp","type":"image\/webp"}],"twitter_card":"summary_large_image","twitter_misc":{"Odhadovan\u00e1 doba \u010dten\u00ed":"4 minuty"},"schema":{"@context":"https:\/\/schema.org","@graph":[{"@type":"WebPage","@id":"https:\/\/qingdaohf.com\/product\/eye-bolts\/","url":"https:\/\/qingdaohf.com\/product\/eye-bolts\/","name":"Lifting Eye Bolt DIN580 Carbon Steel Galvanized","isPartOf":{"@id":"https:\/\/qingdaohf.com\/bg\/#website"},"primaryImageOfPage":{"@id":"https:\/\/qingdaohf.com\/product\/eye-bolts\/#primaryimage"},"image":{"@id":"https:\/\/qingdaohf.com\/product\/eye-bolts\/#primaryimage"},"thumbnailUrl":"https:\/\/qingdaohf.com\/wp-content\/uploads\/2023\/05\/eye-bolt-9.webp","datePublished":"2023-05-29T08:48:33+00:00","dateModified":"2025-11-13T01:04:21+00:00","description":"Eye bolts are specialized fasteners designed to provide a secure and reliable anchor point for lifting, rigging, or suspending applications.","breadcrumb":{"@id":"https:\/\/qingdaohf.com\/product\/eye-bolts\/#breadcrumb"},"inLanguage":"cs","potentialAction":[{"@type":"ReadAction","target":["https:\/\/qingdaohf.com\/product\/eye-bolts\/"]}]},{"@type":"ImageObject","inLanguage":"cs","@id":"https:\/\/qingdaohf.com\/product\/eye-bolts\/#primaryimage","url":"https:\/\/qingdaohf.com\/wp-content\/uploads\/2023\/05\/eye-bolt-9.webp","contentUrl":"https:\/\/qingdaohf.com\/wp-content\/uploads\/2023\/05\/eye-bolt-9.webp","width":1000,"height":1000,"caption":"eye bolt"},{"@type":"BreadcrumbList","@id":"https:\/\/qingdaohf.com\/product\/eye-bolts\/#breadcrumb","itemListElement":[{"@type":"ListItem","position":1,"name":"Home","item":"https:\/\/qingdaohf.com\/"},{"@type":"ListItem","position":2,"name":"Concrete Forming Accessories and Rigging Hardware","item":"https:\/\/qingdaohf.com\/bg\/?page_id=944"},{"@type":"ListItem","position":3,"name":"Lifting Eye Bolt DIN580 Carbon Steel Galvanized"}]},{"@type":"WebSite","@id":"https:\/\/qingdaohf.com\/bg\/#website","url":"https:\/\/qingdaohf.com\/bg\/","name":"Concrete Form & Rigging Hardware Supplier","description":"","publisher":{"@id":"https:\/\/qingdaohf.com\/bg\/#organization"},"potentialAction":[{"@type":"SearchAction","target":{"@type":"EntryPoint","urlTemplate":"https:\/\/qingdaohf.com\/bg\/?s={search_term_string}"},"query-input":{"@type":"PropertyValueSpecification","valueRequired":true,"valueName":"search_term_string"}}],"inLanguage":"cs"},{"@type":"Organization","@id":"https:\/\/qingdaohf.com\/bg\/#organization","name":"Qingdao H&F","url":"https:\/\/qingdaohf.com\/bg\/","logo":{"@type":"ImageObject","inLanguage":"cs","@id":"https:\/\/qingdaohf.com\/bg\/#\/schema\/logo\/image\/","url":"https:\/\/qingdaohf.com\/wp-content\/uploads\/2022\/12\/cropped-HF-LOGO.png","contentUrl":"https:\/\/qingdaohf.com\/wp-content\/uploads\/2022\/12\/cropped-HF-LOGO.png","width":391,"height":249,"caption":"Qingdao H&F"},"image":{"@id":"https:\/\/qingdaohf.com\/bg\/#\/schema\/logo\/image\/"},"sameAs":["https:\/\/www.facebook.com\/qingdaohf"]}]}},"_links":{"self":[{"href":"https:\/\/qingdaohf.com\/cs\/wp-json\/wp\/v2\/product\/4232","targetHints":{"allow":["GET"]}}],"collection":[{"href":"https:\/\/qingdaohf.com\/cs\/wp-json\/wp\/v2\/product"}],"about":[{"href":"https:\/\/qingdaohf.com\/cs\/wp-json\/wp\/v2\/types\/product"}],"replies":[{"embeddable":true,"href":"https:\/\/qingdaohf.com\/cs\/wp-json\/wp\/v2\/comments?post=4232"}],"version-history":[{"count":5,"href":"https:\/\/qingdaohf.com\/cs\/wp-json\/wp\/v2\/product\/4232\/revisions"}],"predecessor-version":[{"id":4561,"href":"https:\/\/qingdaohf.com\/cs\/wp-json\/wp\/v2\/product\/4232\/revisions\/4561"}],"wp:featuredmedia":[{"embeddable":true,"href":"https:\/\/qingdaohf.com\/cs\/wp-json\/wp\/v2\/media\/8968"}],"wp:attachment":[{"href":"https:\/\/qingdaohf.com\/cs\/wp-json\/wp\/v2\/media?parent=4232"}],"wp:term":[{"taxonomy":"product_brand","embeddable":true,"href":"https:\/\/qingdaohf.com\/cs\/wp-json\/wp\/v2\/product_brand?post=4232"},{"taxonomy":"product_cat","embeddable":true,"href":"https:\/\/qingdaohf.com\/cs\/wp-json\/wp\/v2\/product_cat?post=4232"},{"taxonomy":"product_tag","embeddable":true,"href":"https:\/\/qingdaohf.com\/cs\/wp-json\/wp\/v2\/product_tag?post=4232"}],"curies":[{"name":"wp","href":"https:\/\/api.w.org\/{rel}","templated":true}]}}