{"id":4551,"date":"2023-06-25T17:55:26","date_gmt":"2023-06-25T09:55:26","guid":{"rendered":"http:\/\/qingdaohf.com\/?post_type=product&#038;p=4551"},"modified":"2025-11-13T09:04:03","modified_gmt":"2025-11-13T01:04:03","slug":"closed-body-turnbuckle","status":"publish","type":"product","link":"https:\/\/qingdaohf.com\/cs\/produkt\/uzavrena-telesna-vzpera\/","title":{"rendered":"Uzav\u0159en\u00fd nap\u00edn\u00e1k"},"content":{"rendered":"<h2 class=\"text-2xl font-bold mt-1 text-text-200\">\u00davod k uzav\u0159en\u00e9mu nap\u00ednac\u00edmu prvku<\/h2>\n<p class=\"whitespace-pre-wrap break-words\">Poj\u010fme si pov\u011bd\u011bt n\u011bco o uzav\u0159en\u00fdch nap\u00edn\u00e1c\u00edch - t\u011bchto z\u00e1kladn\u00edch mechanick\u00fdch za\u0159\u00edzen\u00edch, kter\u00e1 najdete v\u0161ude tam, kde je t\u0159eba p\u0159esn\u011b nastavit nap\u011bt\u00ed. Pova\u017eujte je za neop\u011bvovan\u00e9 hrdiny kabelov\u00fdch a lanov\u00fdch syst\u00e9m\u016f. Na rozd\u00edl od sv\u00fdch jednodu\u0161\u0161\u00edch p\u0159\u00edbuzn\u00fdch maj\u00ed tyto nap\u00edn\u00e1ky zcela uzav\u0159enou konstrukci, kter\u00e1 chr\u00e1n\u00ed jejich pracovn\u00ed \u010d\u00e1sti p\u0159ed pov\u011btrnostn\u00edmi vlivy, tak\u017ee jsou neuv\u011b\u0159iteln\u011b spolehliv\u00e9 pro v\u0161echny \u00fa\u010dely od staveni\u0161\u0165 a\u017e po plachetnice.<\/p>\n<p class=\"whitespace-pre-wrap break-words\">Jejich genialita spo\u010d\u00edv\u00e1 v jednoduch\u00e9, ale \u00fa\u010dinn\u00e9 konstrukci: dva konce se z\u00e1vitem spojen\u00e9 chr\u00e1n\u011bn\u00fdm vnit\u0159n\u00edm mechanismem. Toto uspo\u0159\u00e1d\u00e1n\u00ed umo\u017e\u0148uje nastavit p\u0159esn\u011b to spr\u00e1vn\u00e9 nap\u011bt\u00ed a z\u00e1rove\u0148 chr\u00e1n\u00ed v\u0161echny d\u016fle\u017eit\u00e9 sou\u010d\u00e1sti p\u0159ed pov\u011btrnostn\u00edmi vlivy a opot\u0159eben\u00edm. Pro profesion\u00e1ly, kte\u0159\u00ed si nemohou dovolit selh\u00e1n\u00ed vybaven\u00ed, nen\u00ed tato dodate\u010dn\u00e1 ochrana jen p\u0159\u00edjemn\u00e1 - je nezbytn\u00e1.<\/p>\n<h2 class=\"text-xl font-bold text-text-200 mt-1 -mb-0.5\">V\u00fdhody pou\u017e\u00edv\u00e1n\u00ed nap\u00edn\u00e1ku s uzav\u0159en\u00fdm t\u011blem<\/h2>\n<p class=\"whitespace-pre-wrap break-words\">Mo\u017en\u00e1 se div\u00edte, pro\u010d se nap\u00edn\u00e1ky s uzav\u0159en\u00fdm t\u011blem staly volbou pro n\u00e1ro\u010dn\u00e9 aplikace. Zaprv\u00e9, jsou konstruov\u00e1ny jako tanky. Jsou vyrobeny z robustn\u00edch materi\u00e1l\u016f, jako je nerezov\u00e1 nebo uhl\u00edkov\u00e1 ocel, a d\u00edky tomu se sm\u011bj\u00ed i nep\u0159\u00edzniv\u00e9mu po\u010das\u00ed a velk\u00e9mu zat\u00ed\u017een\u00ed. Jsou to n\u00e1stroje, kter\u00e9 funguj\u00ed je\u0161t\u011b dlouho pot\u00e9, co to ostatn\u00ed vzdaj\u00ed.<\/p>\n<p class=\"whitespace-pre-wrap break-words\">Odli\u0161uje je to, jak jsou u\u017eivatelsky p\u0159\u00edv\u011btiv\u00e9. Pot\u0159ebujete upravit nap\u011bt\u00ed? Je to tak jednoduch\u00e9, jako ot\u00e1\u010det t\u011blem, dokud nenajdete ten spr\u00e1vn\u00fd bod. To je nesm\u00edrn\u011b d\u016fle\u017eit\u00e9, kdy\u017e se zab\u00fdv\u00e1te n\u011b\u010d\u00edm takov\u00fdm, jako je lanov\u00ed plachetnice, kde m\u016f\u017ee b\u00fdt pot\u0159eba upravit nap\u011bt\u00ed za chodu.<\/p>\n<p class=\"whitespace-pre-wrap break-words\">Uzav\u0159en\u00fd design nen\u00ed jen na okrasu. T\u00edm, \u017ee je z\u00e1vit chr\u00e1n\u011bn, v podstat\u011b prodlu\u017eujete \u017eivotnost nap\u00edn\u00e1ku o n\u011bkolik let. Kdy\u017e je porovn\u00e1te s verzemi s otev\u0159en\u00fdm t\u011blem, je to jako vyb\u00edrat mezi vodot\u011bsn\u00fdmi a b\u011b\u017en\u00fdmi hodinkami - jist\u011b, oboj\u00ed ukazuje \u010das, ale vy v\u00edte, kter\u00e9 byste v bou\u0159ce m\u011bli rad\u011bji.<\/p>\n<h2 class=\"text-xl font-bold text-text-200 mt-1 -mb-0.5\">Pou\u017eit\u00ed nap\u00edn\u00e1k\u016f s uzav\u0159en\u00fdm t\u011blem<\/h2>\n<p class=\"whitespace-pre-wrap break-words\">Tyto v\u0161estrann\u00e9 n\u00e1stroje si na\u0161ly cestu t\u00e9m\u011b\u0159 do v\u0161ech odv\u011btv\u00ed, kde z\u00e1le\u017e\u00ed na nap\u011bt\u00ed. Stavebn\u00ed t\u00fdmy se na n\u011b spol\u00e9haj\u00ed p\u0159i udr\u017eov\u00e1n\u00ed nap\u011bt\u00ed kabel\u016f v mostech a v\u011b\u017e\u00edch, co\u017e zaji\u0161\u0165uje, \u017ee tyto masivn\u00ed konstrukce z\u016fstanou pevn\u00e9 jako sk\u00e1la. Na vod\u011b jim n\u00e1mo\u0159n\u00edci d\u016fv\u011b\u0159uj\u00ed, \u017ee udr\u017e\u00ed jejich lanov\u00ed napnut\u00e9 a pru\u017en\u00e9 a p\u0159izp\u016fsob\u00ed je pov\u011btrnostn\u00edm podm\u00ednk\u00e1m.<\/p>\n<p class=\"whitespace-pre-wrap break-words\">Dokonce i ve \u0161pi\u010dkov\u00fdch technologi\u00edch, jako je automobilov\u00fd a leteck\u00fd pr\u016fmysl, hraj\u00ed uzav\u0159en\u00e9 nap\u00edn\u00e1ky kl\u00ed\u010dovou roli. Jsou nezbytn\u00e9 pro upevn\u011bn\u00ed sou\u010d\u00e1st\u00ed a udr\u017een\u00ed p\u0159esn\u00e9ho nap\u011bt\u00ed v r\u016fzn\u00fdch mechanick\u00fdch syst\u00e9mech.<\/p>\n<p class=\"whitespace-pre-wrap break-words\">P\u0159ijala je i komunita kutil\u016f. A\u0165 u\u017e z\u0159izujete dr\u00e1t\u011bn\u00e9 z\u00e1bradl\u00ed na terasu nebo instalujete zahradn\u00ed m\u0159\u00ed\u017eov\u00fd syst\u00e9m, tyto nap\u00edn\u00e1ky poskytuj\u00ed profesion\u00e1ln\u00ed spolehlivost, kter\u00e1 zajist\u00ed, \u017ee v\u00e1\u0161 projekt obstoj\u00ed ve zkou\u0161ce \u010dasu.<\/p>\n<h2 class=\"text-xl font-bold text-text-200 mt-1 -mb-0.5\">Pro\u010d si vybrat n\u00e1s<\/h2>\n<p class=\"whitespace-pre-wrap break-words\">Svou pov\u011bst jsme si vybudovali na poskytov\u00e1n\u00ed nap\u00edn\u00e1k\u016f, kter\u00e9 trvale p\u0159ekon\u00e1vaj\u00ed o\u010dek\u00e1v\u00e1n\u00ed. Na\u0161e produktov\u00e1 \u0159ada pokr\u00fdv\u00e1 v\u0161echny mo\u017en\u00e9 specifikace a zaru\u010duje, \u017ee najdete p\u0159esn\u011b to, co v\u00e1\u0161 projekt vy\u017eaduje. Co n\u00e1s v\u0161ak skute\u010dn\u011b odli\u0161uje, je n\u00e1\u0161 praktick\u00fd p\u0159\u00edstup k z\u00e1kaznick\u00e9mu servisu.<\/p>\n<p class=\"whitespace-pre-wrap break-words\">Kdy\u017e s n\u00e1mi spolupracujete, z\u00edsk\u00e1v\u00e1te v\u00edc ne\u017e jen vysoce kvalitn\u00ed nap\u00edn\u00e1ky. Z\u00edsk\u00e1v\u00e1te partnera, kter\u00fd rozum\u00ed va\u0161im pot\u0159eb\u00e1m a rychle reaguje na va\u0161e po\u017eadavky. V\u00edme, \u017ee \u010dek\u00e1n\u00ed na d\u00edly m\u016f\u017ee projekt zastavit, a proto jsme optimalizovali n\u00e1\u0161 syst\u00e9m dod\u00e1vek, abychom v\u00e1m dodali to, co pot\u0159ebujete, kdy to pot\u0159ebujete.<\/p>\n<p class=\"whitespace-pre-wrap break-words\">Ke ka\u017ed\u00e9mu nap\u00edn\u00e1ku, kter\u00fd dod\u00e1v\u00e1me, jsou p\u0159ilo\u017eeny komplexn\u00ed zpr\u00e1vy o kontrole kvality. Na\u0161e v\u00fdrobky podrobujeme p\u0159\u00edsn\u00fdm zkou\u0161k\u00e1m, proto\u017ee ch\u00e1peme, \u017ee ve va\u0161\u00ed pr\u00e1ci selh\u00e1n\u00ed nep\u0159ipad\u00e1 v \u00favahu.<\/p>\n<h2 class=\"text-2xl font-bold mt-1 text-text-200\">Z\u00e1v\u011br<\/h2>\n<p class=\"whitespace-pre-wrap break-words\">V\u00fdb\u011br spr\u00e1vn\u00e9ho nap\u00edn\u00e1ku m\u016f\u017ee projekt rozhodnout. Uzav\u0159en\u00e1 konstrukce t\u011bla nab\u00edz\u00ed vy\u0161\u0161\u00ed \u00farove\u0148 ochrany a spolehlivosti, kv\u016fli kter\u00e9 se vyplat\u00ed investovat. A\u0165 u\u017e zved\u00e1te budovu nebo upev\u0148ujete lano plachetnice, pot\u0159ebujete vybaven\u00ed, na kter\u00e9 se m\u016f\u017eete spolehnout. Spolupracujte s n\u00e1mi a z\u00edsk\u00e1te nejen \u0161pi\u010dkov\u00e9 v\u00fdrobky, ale i odpov\u00eddaj\u00edc\u00ed podporu a servis. Ned\u011blejte kompromisy v kvalit\u011b - vyberte si nap\u00edn\u00e1ky, kter\u00e9 jsou vyrobeny tak, aby splnily sv\u016fj \u00fa\u010del.<\/p>","protected":false},"excerpt":{"rendered":"<p>Uzav\u0159en\u00fd nap\u00edn\u00e1k je siln\u00e9 a p\u0159izp\u016fsobiv\u00e9 za\u0159\u00edzen\u00ed, kter\u00e9 se pou\u017e\u00edv\u00e1 pro nastaven\u00ed nap\u011bt\u00ed lan, provaz\u016f nebo konfigurac\u00ed lanov\u00ed. Tento nap\u00edn\u00e1k je konstruov\u00e1n s ohledem na pevnost a p\u0159esnost a hod\u00ed se pro mnoho pou\u017eit\u00ed, od kutilsk\u00fdch a\u017e po pr\u016fmyslov\u00e9 aplikace. Na\u0161e organizace poskytuje bezkonkuren\u010dn\u00ed v\u00fdhodu v podob\u011b individu\u00e1ln\u00edho z\u00e1kaznick\u00e9ho servisu, rychl\u00fdch dodac\u00edch cykl\u016f a podrobn\u00fdch zpr\u00e1v o kontrole kvality, kter\u00e9 zaru\u010duj\u00ed nejvy\u0161\u0161\u00ed mo\u017enou kvalitu ka\u017ed\u00e9ho v\u00fdrobku. Spolehn\u011bte se na n\u00e1s, pokud chcete spolehliv\u011b vy\u0159e\u0161it sv\u00e9 po\u017eadavky na nap\u00edn\u00e1ky s bezkonkuren\u010dn\u00ed efektivitou a kvalitou.<\/p>","protected":false},"featured_media":4552,"comment_status":"open","ping_status":"closed","template":"","meta":{"site-sidebar-layout":"default","site-content-layout":"default","ast-site-content-layout":"default","site-content-style":"default","site-sidebar-style":"default","ast-global-header-display":"","ast-banner-title-visibility":"","ast-main-header-display":"","ast-hfb-above-header-display":"","ast-hfb-below-header-display":"","ast-hfb-mobile-header-display":"","site-post-title":"","ast-breadcrumbs-content":"","ast-featured-img":"","footer-sml-layout":"","theme-transparent-header-meta":"default","adv-header-id-meta":"","stick-header-meta":"default","header-above-stick-meta":"","header-main-stick-meta":"","header-below-stick-meta":"","astra-migrate-meta-layouts":"set","ast-page-background-enabled":"default","ast-page-background-meta":{"desktop":{"background-color":"","background-image":"","background-repeat":"repeat","background-position":"center center","background-size":"auto","background-attachment":"scroll","background-type":"","background-media":"","overlay-type":"","overlay-color":"","overlay-opacity":"","overlay-gradient":""},"tablet":{"background-color":"","background-image":"","background-repeat":"repeat","background-position":"center center","background-size":"auto","background-attachment":"scroll","background-type":"","background-media":"","overlay-type":"","overlay-color":"","overlay-opacity":"","overlay-gradient":""},"mobile":{"background-color":"","background-image":"","background-repeat":"repeat","background-position":"center center","background-size":"auto","background-attachment":"scroll","background-type":"","background-media":"","overlay-type":"","overlay-color":"","overlay-opacity":"","overlay-gradient":""}},"ast-content-background-meta":{"desktop":{"background-color":"var(--ast-global-color-5)","background-image":"","background-repeat":"repeat","background-position":"center center","background-size":"auto","background-attachment":"scroll","background-type":"","background-media":"","overlay-type":"","overlay-color":"","overlay-opacity":"","overlay-gradient":""},"tablet":{"background-color":"var(--ast-global-color-5)","background-image":"","background-repeat":"repeat","background-position":"center center","background-size":"auto","background-attachment":"scroll","background-type":"","background-media":"","overlay-type":"","overlay-color":"","overlay-opacity":"","overlay-gradient":""},"mobile":{"background-color":"var(--ast-global-color-5)","background-image":"","background-repeat":"repeat","background-position":"center center","background-size":"auto","background-attachment":"scroll","background-type":"","background-media":"","overlay-type":"","overlay-color":"","overlay-opacity":"","overlay-gradient":""}}},"product_brand":[],"product_cat":[56,43,44],"product_tag":[],"class_list":{"0":"post-4551","1":"product","2":"type-product","3":"status-publish","4":"has-post-thumbnail","6":"product_cat-turnbuckle","7":"product_cat-rigging-hardware","8":"product_cat-stainless-steel-poduct","9":"desktop-align-left","10":"tablet-align-left","11":"mobile-align-left","12":"ast-product-gallery-layout-horizontal-slider","13":"ast-product-tabs-layout-horizontal","15":"first","16":"instock","17":"shipping-taxable","18":"purchasable","19":"product-type-simple"},"yoast_head":"<!-- This site is optimized with the Yoast SEO plugin v25.2 - https:\/\/yoast.com\/wordpress\/plugins\/seo\/ -->\n<title>Closed Body Turnbuckle<\/title>\n<meta name=\"description\" content=\"A closed body turnbuckle is a mechanical device used to adjust tension or length in a system by utilizing the principle of a screw mechanism.\" \/>\n<meta name=\"robots\" content=\"index, follow, max-snippet:-1, max-image-preview:large, max-video-preview:-1\" \/>\n<link rel=\"canonical\" href=\"https:\/\/qingdaohf.com\/cs\/produkt\/uzavrena-telesna-vzpera\/\" \/>\n<meta property=\"og:locale\" content=\"cs_CZ\" \/>\n<meta property=\"og:type\" content=\"article\" \/>\n<meta property=\"og:title\" content=\"Closed Body Turnbuckle\" \/>\n<meta property=\"og:description\" content=\"A closed body turnbuckle is a mechanical device used to adjust tension or length in a system by utilizing the principle of a screw mechanism.\" \/>\n<meta property=\"og:url\" content=\"https:\/\/qingdaohf.com\/cs\/produkt\/uzavrena-telesna-vzpera\/\" \/>\n<meta property=\"og:site_name\" content=\"Concrete Form &amp; Rigging Hardware Supplier\" \/>\n<meta property=\"article:publisher\" content=\"https:\/\/www.facebook.com\/qingdaohf\" \/>\n<meta property=\"article:modified_time\" content=\"2025-11-13T01:04:03+00:00\" \/>\n<meta property=\"og:image\" content=\"https:\/\/qingdaohf.com\/wp-content\/uploads\/2023\/06\/turnbuckle-9.jpg\" \/>\n\t<meta property=\"og:image:width\" content=\"1000\" \/>\n\t<meta property=\"og:image:height\" content=\"1000\" \/>\n\t<meta property=\"og:image:type\" content=\"image\/jpeg\" \/>\n<meta name=\"twitter:card\" content=\"summary_large_image\" \/>\n<meta name=\"twitter:label1\" content=\"Odhadovan\u00e1 doba \u010dten\u00ed\" \/>\n\t<meta name=\"twitter:data1\" content=\"3 minuty\" \/>\n<script type=\"application\/ld+json\" class=\"yoast-schema-graph\">{\"@context\":\"https:\/\/schema.org\",\"@graph\":[{\"@type\":\"WebPage\",\"@id\":\"https:\/\/qingdaohf.com\/product\/closed-body-turnbuckle\/\",\"url\":\"https:\/\/qingdaohf.com\/product\/closed-body-turnbuckle\/\",\"name\":\"Closed Body Turnbuckle\",\"isPartOf\":{\"@id\":\"https:\/\/qingdaohf.com\/bg\/#website\"},\"primaryImageOfPage\":{\"@id\":\"https:\/\/qingdaohf.com\/product\/closed-body-turnbuckle\/#primaryimage\"},\"image\":{\"@id\":\"https:\/\/qingdaohf.com\/product\/closed-body-turnbuckle\/#primaryimage\"},\"thumbnailUrl\":\"https:\/\/qingdaohf.com\/wp-content\/uploads\/2023\/06\/turnbuckle-9.jpg\",\"datePublished\":\"2023-06-25T09:55:26+00:00\",\"dateModified\":\"2025-11-13T01:04:03+00:00\",\"description\":\"A closed body turnbuckle is a mechanical device used to adjust tension or length in a system by utilizing the principle of a screw mechanism.\",\"breadcrumb\":{\"@id\":\"https:\/\/qingdaohf.com\/product\/closed-body-turnbuckle\/#breadcrumb\"},\"inLanguage\":\"cs\",\"potentialAction\":[{\"@type\":\"ReadAction\",\"target\":[\"https:\/\/qingdaohf.com\/product\/closed-body-turnbuckle\/\"]}]},{\"@type\":\"ImageObject\",\"inLanguage\":\"cs\",\"@id\":\"https:\/\/qingdaohf.com\/product\/closed-body-turnbuckle\/#primaryimage\",\"url\":\"https:\/\/qingdaohf.com\/wp-content\/uploads\/2023\/06\/turnbuckle-9.jpg\",\"contentUrl\":\"https:\/\/qingdaohf.com\/wp-content\/uploads\/2023\/06\/turnbuckle-9.jpg\",\"width\":1000,\"height\":1000,\"caption\":\"turnbuckle\"},{\"@type\":\"BreadcrumbList\",\"@id\":\"https:\/\/qingdaohf.com\/product\/closed-body-turnbuckle\/#breadcrumb\",\"itemListElement\":[{\"@type\":\"ListItem\",\"position\":1,\"name\":\"Home\",\"item\":\"https:\/\/qingdaohf.com\/\"},{\"@type\":\"ListItem\",\"position\":2,\"name\":\"Concrete Forming Accessories and Rigging Hardware\",\"item\":\"https:\/\/qingdaohf.com\/bg\/?page_id=944\"},{\"@type\":\"ListItem\",\"position\":3,\"name\":\"Closed Body Turnbuckle\"}]},{\"@type\":\"WebSite\",\"@id\":\"https:\/\/qingdaohf.com\/bg\/#website\",\"url\":\"https:\/\/qingdaohf.com\/bg\/\",\"name\":\"Concrete Form & Rigging Hardware Supplier\",\"description\":\"\",\"publisher\":{\"@id\":\"https:\/\/qingdaohf.com\/bg\/#organization\"},\"potentialAction\":[{\"@type\":\"SearchAction\",\"target\":{\"@type\":\"EntryPoint\",\"urlTemplate\":\"https:\/\/qingdaohf.com\/bg\/?s={search_term_string}\"},\"query-input\":{\"@type\":\"PropertyValueSpecification\",\"valueRequired\":true,\"valueName\":\"search_term_string\"}}],\"inLanguage\":\"cs\"},{\"@type\":\"Organization\",\"@id\":\"https:\/\/qingdaohf.com\/bg\/#organization\",\"name\":\"Qingdao H&F\",\"url\":\"https:\/\/qingdaohf.com\/bg\/\",\"logo\":{\"@type\":\"ImageObject\",\"inLanguage\":\"cs\",\"@id\":\"https:\/\/qingdaohf.com\/bg\/#\/schema\/logo\/image\/\",\"url\":\"https:\/\/qingdaohf.com\/wp-content\/uploads\/2022\/12\/cropped-HF-LOGO.png\",\"contentUrl\":\"https:\/\/qingdaohf.com\/wp-content\/uploads\/2022\/12\/cropped-HF-LOGO.png\",\"width\":391,\"height\":249,\"caption\":\"Qingdao H&F\"},\"image\":{\"@id\":\"https:\/\/qingdaohf.com\/bg\/#\/schema\/logo\/image\/\"},\"sameAs\":[\"https:\/\/www.facebook.com\/qingdaohf\"]}]}<\/script>\n<!-- \/ Yoast SEO plugin. -->","yoast_head_json":{"title":"Closed Body Turnbuckle","description":"A closed body turnbuckle is a mechanical device used to adjust tension or length in a system by utilizing the principle of a screw mechanism.","robots":{"index":"index","follow":"follow","max-snippet":"max-snippet:-1","max-image-preview":"max-image-preview:large","max-video-preview":"max-video-preview:-1"},"canonical":"https:\/\/qingdaohf.com\/cs\/produkt\/uzavrena-telesna-vzpera\/","og_locale":"cs_CZ","og_type":"article","og_title":"Closed Body Turnbuckle","og_description":"A closed body turnbuckle is a mechanical device used to adjust tension or length in a system by utilizing the principle of a screw mechanism.","og_url":"https:\/\/qingdaohf.com\/cs\/produkt\/uzavrena-telesna-vzpera\/","og_site_name":"Concrete Form &amp; Rigging Hardware Supplier","article_publisher":"https:\/\/www.facebook.com\/qingdaohf","article_modified_time":"2025-11-13T01:04:03+00:00","og_image":[{"width":1000,"height":1000,"url":"https:\/\/qingdaohf.com\/wp-content\/uploads\/2023\/06\/turnbuckle-9.jpg","type":"image\/jpeg"}],"twitter_card":"summary_large_image","twitter_misc":{"Odhadovan\u00e1 doba \u010dten\u00ed":"3 minuty"},"schema":{"@context":"https:\/\/schema.org","@graph":[{"@type":"WebPage","@id":"https:\/\/qingdaohf.com\/product\/closed-body-turnbuckle\/","url":"https:\/\/qingdaohf.com\/product\/closed-body-turnbuckle\/","name":"Closed Body Turnbuckle","isPartOf":{"@id":"https:\/\/qingdaohf.com\/bg\/#website"},"primaryImageOfPage":{"@id":"https:\/\/qingdaohf.com\/product\/closed-body-turnbuckle\/#primaryimage"},"image":{"@id":"https:\/\/qingdaohf.com\/product\/closed-body-turnbuckle\/#primaryimage"},"thumbnailUrl":"https:\/\/qingdaohf.com\/wp-content\/uploads\/2023\/06\/turnbuckle-9.jpg","datePublished":"2023-06-25T09:55:26+00:00","dateModified":"2025-11-13T01:04:03+00:00","description":"A closed body turnbuckle is a mechanical device used to adjust tension or length in a system by utilizing the principle of a screw mechanism.","breadcrumb":{"@id":"https:\/\/qingdaohf.com\/product\/closed-body-turnbuckle\/#breadcrumb"},"inLanguage":"cs","potentialAction":[{"@type":"ReadAction","target":["https:\/\/qingdaohf.com\/product\/closed-body-turnbuckle\/"]}]},{"@type":"ImageObject","inLanguage":"cs","@id":"https:\/\/qingdaohf.com\/product\/closed-body-turnbuckle\/#primaryimage","url":"https:\/\/qingdaohf.com\/wp-content\/uploads\/2023\/06\/turnbuckle-9.jpg","contentUrl":"https:\/\/qingdaohf.com\/wp-content\/uploads\/2023\/06\/turnbuckle-9.jpg","width":1000,"height":1000,"caption":"turnbuckle"},{"@type":"BreadcrumbList","@id":"https:\/\/qingdaohf.com\/product\/closed-body-turnbuckle\/#breadcrumb","itemListElement":[{"@type":"ListItem","position":1,"name":"Home","item":"https:\/\/qingdaohf.com\/"},{"@type":"ListItem","position":2,"name":"Concrete Forming Accessories and Rigging Hardware","item":"https:\/\/qingdaohf.com\/bg\/?page_id=944"},{"@type":"ListItem","position":3,"name":"Closed Body Turnbuckle"}]},{"@type":"WebSite","@id":"https:\/\/qingdaohf.com\/bg\/#website","url":"https:\/\/qingdaohf.com\/bg\/","name":"Concrete Form & Rigging Hardware Supplier","description":"","publisher":{"@id":"https:\/\/qingdaohf.com\/bg\/#organization"},"potentialAction":[{"@type":"SearchAction","target":{"@type":"EntryPoint","urlTemplate":"https:\/\/qingdaohf.com\/bg\/?s={search_term_string}"},"query-input":{"@type":"PropertyValueSpecification","valueRequired":true,"valueName":"search_term_string"}}],"inLanguage":"cs"},{"@type":"Organization","@id":"https:\/\/qingdaohf.com\/bg\/#organization","name":"Qingdao H&F","url":"https:\/\/qingdaohf.com\/bg\/","logo":{"@type":"ImageObject","inLanguage":"cs","@id":"https:\/\/qingdaohf.com\/bg\/#\/schema\/logo\/image\/","url":"https:\/\/qingdaohf.com\/wp-content\/uploads\/2022\/12\/cropped-HF-LOGO.png","contentUrl":"https:\/\/qingdaohf.com\/wp-content\/uploads\/2022\/12\/cropped-HF-LOGO.png","width":391,"height":249,"caption":"Qingdao H&F"},"image":{"@id":"https:\/\/qingdaohf.com\/bg\/#\/schema\/logo\/image\/"},"sameAs":["https:\/\/www.facebook.com\/qingdaohf"]}]}},"_links":{"self":[{"href":"https:\/\/qingdaohf.com\/cs\/wp-json\/wp\/v2\/product\/4551","targetHints":{"allow":["GET"]}}],"collection":[{"href":"https:\/\/qingdaohf.com\/cs\/wp-json\/wp\/v2\/product"}],"about":[{"href":"https:\/\/qingdaohf.com\/cs\/wp-json\/wp\/v2\/types\/product"}],"replies":[{"embeddable":true,"href":"https:\/\/qingdaohf.com\/cs\/wp-json\/wp\/v2\/comments?post=4551"}],"version-history":[{"count":4,"href":"https:\/\/qingdaohf.com\/cs\/wp-json\/wp\/v2\/product\/4551\/revisions"}],"predecessor-version":[{"id":8981,"href":"https:\/\/qingdaohf.com\/cs\/wp-json\/wp\/v2\/product\/4551\/revisions\/8981"}],"wp:featuredmedia":[{"embeddable":true,"href":"https:\/\/qingdaohf.com\/cs\/wp-json\/wp\/v2\/media\/4552"}],"wp:attachment":[{"href":"https:\/\/qingdaohf.com\/cs\/wp-json\/wp\/v2\/media?parent=4551"}],"wp:term":[{"taxonomy":"product_brand","embeddable":true,"href":"https:\/\/qingdaohf.com\/cs\/wp-json\/wp\/v2\/product_brand?post=4551"},{"taxonomy":"product_cat","embeddable":true,"href":"https:\/\/qingdaohf.com\/cs\/wp-json\/wp\/v2\/product_cat?post=4551"},{"taxonomy":"product_tag","embeddable":true,"href":"https:\/\/qingdaohf.com\/cs\/wp-json\/wp\/v2\/product_tag?post=4551"}],"curies":[{"name":"wp","href":"https:\/\/api.w.org\/{rel}","templated":true}]}}