{"id":5246,"date":"2023-09-08T14:27:43","date_gmt":"2023-09-08T06:27:43","guid":{"rendered":"http:\/\/qingdaohf.com\/?post_type=product&#038;p=5246"},"modified":"2025-11-13T09:04:02","modified_gmt":"2025-11-13T01:04:02","slug":"flat-tie-wall-tie-for-concrete-formwork","status":"publish","type":"product","link":"https:\/\/qingdaohf.com\/cs\/produkt\/ploche-stenove-vazby-pro-betonove-bedneni\/","title":{"rendered":"Ploch\u00e9 st\u011bnov\u00e9 vazby pro betonov\u00e9 bedn\u011bn\u00ed"},"content":{"rendered":"<div class=\"ast-oembed-container\" style=\"height: 100%;\"><iframe title=\"Ploch\u00e1 st\u011bnov\u00e1 vazba H&amp;F pro beton\" width=\"500\" height=\"281\" src=\"https:\/\/www.youtube.com\/embed\/IIGgVYI9kEg?feature=oembed\" frameborder=\"0\" allow=\"accelerometer; autoplay; clipboard-write; encrypted-media; gyroscope; picture-in-picture; web-share\" referrerpolicy=\"strict-origin-when-cross-origin\" allowfullscreen><\/iframe><\/div>\n<p><img fetchpriority=\"high\" decoding=\"async\" class=\"alignnone size-full wp-image-5262\" src=\"http:\/\/qingdaohf.com\/wp-content\/uploads\/2023\/09\/flat-tie-1.png\" alt=\"ploch\u00e1 kravata\" width=\"1544\" height=\"1468\" srcset=\"https:\/\/qingdaohf.com\/wp-content\/uploads\/2023\/09\/flat-tie-1.png 1544w, https:\/\/qingdaohf.com\/wp-content\/uploads\/2023\/09\/flat-tie-1-300x285.png 300w, https:\/\/qingdaohf.com\/wp-content\/uploads\/2023\/09\/flat-tie-1-1024x974.png 1024w, https:\/\/qingdaohf.com\/wp-content\/uploads\/2023\/09\/flat-tie-1-768x730.png 768w, https:\/\/qingdaohf.com\/wp-content\/uploads\/2023\/09\/flat-tie-1-1536x1460.png 1536w, https:\/\/qingdaohf.com\/wp-content\/uploads\/2023\/09\/flat-tie-1-1000x951.png 1000w\" sizes=\"(max-width: 1544px) 100vw, 1544px\" \/><\/p>\n<p><strong>1. Kvalita a trvanlivost:<\/strong> Uv\u011bdomujeme si, \u017ee ploch\u00e9 vazby jsou ned\u00edlnou sou\u010d\u00e1st\u00ed \u00fasp\u011bchu va\u0161ich stavebn\u00edch projekt\u016f. Kvalita a trvanlivost jsou u tohoto nezbytn\u00e9ho p\u0159\u00edslu\u0161enstv\u00ed neoddiskutovateln\u00e9. N\u00e1\u0161 kooperuj\u00edc\u00ed z\u00e1vod s 20 lety zku\u0161enost\u00ed ve v\u00fdrob\u011b p\u0159\u00edslu\u0161enstv\u00ed pro beton\u00e1\u0159sk\u00e9 pr\u00e1ce, v\u010detn\u011b ploch\u00fdch vazeb, zaji\u0161\u0165uje, \u017ee na\u0161e v\u00fdrobky spl\u0148uj\u00ed a p\u0159ekra\u010duj\u00ed pr\u016fmyslov\u00e9 standardy. Spolehn\u011bte se na n\u00e1s, pokud jde o ploch\u00e9 vazby, kter\u00e9 jsou vyrobeny tak, aby vydr\u017eely, a zaji\u0161\u0165uj\u00ed integritu va\u0161ich beton\u00e1\u0159sk\u00fdch konstrukc\u00ed.<\/p>\n<p><strong>2. Mo\u017enosti p\u0159izp\u016fsoben\u00ed:<\/strong> Va\u0161e projekty jsou jedine\u010dn\u00e9 a my ch\u00e1peme, \u017ee jedna velikost nen\u00ed vhodn\u00e1 pro v\u0161echny. Proto spole\u010dnost Qingdao H&amp;F nab\u00edz\u00ed rozmanit\u00e9 mo\u017enosti p\u0159izp\u016fsoben\u00ed. P\u0159izp\u016fsobte sv\u00e9 ploch\u00e9 vazn\u00edky p\u0159esn\u00fdm specifikac\u00edm a zajist\u011bte bezprobl\u00e9movou integraci do sv\u00fdch stavebn\u00edch proces\u016f. N\u00e1\u0161 z\u00e1vazek p\u0159izp\u016fsoben\u00ed v\u00e1m umo\u017en\u00ed dos\u00e1hnout vy\u0161\u0161\u00ed efektivity a bezpe\u010dnosti.<\/p>\n<p><strong>3. Dostupnost a konkuren\u010dn\u00ed ceny:<\/strong> Ve stavebnictv\u00ed je \u010das velmi d\u016fle\u017eit\u00fd. Udr\u017eujeme zna\u010dn\u00e9 z\u00e1soby p\u0159\u00edslu\u0161enstv\u00ed pro beton\u00e1\u0159sk\u00e9 pr\u00e1ce, v\u010detn\u011b ploch\u00fdch vazeb, kter\u00e9 jsou k dispozici ve velk\u00fdch mno\u017estv\u00edch, co\u017e v\u00e1m zajist\u00ed p\u0159\u00edstup k t\u011bmto kl\u00ed\u010dov\u00fdm komponent\u016fm, kdy\u017e je pot\u0159ebujete. Bu\u010fte si jisti, \u017ee na\u0161e konkurenceschopn\u00e9 ceny zaji\u0161\u0165uj\u00ed n\u00e1kladov\u011b efektivn\u00ed \u0159e\u0161en\u00ed bez kompromis\u016f v kvalit\u011b.<\/p>\n<p><strong>4. Zaji\u0161t\u011bn\u00ed kvality:<\/strong> V\u00e1\u0161 klid je pro n\u00e1s nejd\u016fle\u017eit\u011bj\u0161\u00ed. Ke ka\u017ed\u00e9 ploch\u00e9 vazb\u011b poskytujeme komplexn\u00ed zpr\u00e1vu o kontrole kvality, kter\u00e1 potvrzuje na\u0161i neochv\u011bjnou oddanost kvalit\u011b. Tato zpr\u00e1va slou\u017e\u00ed jako konkr\u00e9tn\u00ed d\u016fkaz na\u0161eho z\u00e1vazku dod\u00e1vat \u0161pi\u010dkov\u00e9 v\u00fdrobky.<\/p>\n<p><strong>5. P\u0159\u00edstup zam\u011b\u0159en\u00fd na z\u00e1kazn\u00edka:<\/strong> Ve spole\u010dnosti Qingdao H&amp;F si v\u00e1\u017e\u00edme vztah\u016f, kter\u00e9 budujeme s na\u0161imi z\u00e1kazn\u00edky. Na\u0161e individu\u00e1ln\u00ed slu\u017eby jsou navr\u017eeny tak, aby v\u00e1m poskytly individu\u00e1ln\u00ed poradenstv\u00ed a pomohly v\u00e1m vybrat ide\u00e1ln\u00ed \u0159e\u0161en\u00ed ploch\u00fdch vazeb pro va\u0161e projekty. Krom\u011b toho nab\u00edz\u00edme bezplatn\u00e9 vzorky, kter\u00e9 v\u00e1m umo\u017en\u00ed posoudit vhodnost na\u0161ich v\u00fdrobk\u016f pro va\u0161e konkr\u00e9tn\u00ed aplikace.<\/p>\n<p><strong>Z\u00e1v\u011brem:<\/strong> Va\u0161e po\u017eadavky na kvalitu, trvanlivost, p\u0159izp\u016fsoben\u00ed, konkurenceschopn\u00e9 ceny a v\u00fdjime\u010dnou z\u00e1kaznickou podporu jsou v pop\u0159ed\u00ed na\u0161eho z\u00e1jmu. Spole\u010dnost Qingdao H&amp;F je d\u00edky sv\u00fdm rozs\u00e1hl\u00fdm zku\u0161enostem v oboru, vlastn\u00edmu kooperativn\u00edmu z\u00e1vodu a siln\u00e9mu zastoupen\u00ed jako v\u00fdrobce, dodavatel, prodejce, velkoobchodn\u00edk, dealer, distributor a spole\u010dnost se s\u00eddlem v \u010c\u00edn\u011b va\u0161\u00edm ide\u00e1ln\u00edm partnerem pro va\u0161e pot\u0159eby v oblasti betonov\u00e9ho tvarov\u00e1n\u00ed.<\/p>\n<p>Sv\u011b\u0159te n\u00e1m sv\u00e9 po\u017eadavky na ploch\u00e9 vazby a poznejte v\u00fdhodu spolupr\u00e1ce se spole\u010dnost\u00ed, kter\u00e1 usiluje o dokonalost v ka\u017ed\u00e9m aspektu sv\u00fdch v\u00fdrobk\u016f a slu\u017eeb. Va\u0161e spokojenost je pro n\u00e1s prioritou a t\u011b\u0161\u00edme se, \u017ee p\u0159ekon\u00e1me va\u0161e o\u010dek\u00e1v\u00e1n\u00ed.<\/p>","protected":false},"excerpt":{"rendered":"<p>Ch\u00e1peme, \u017ee p\u0159i hled\u00e1n\u00ed ploch\u00fdch vazeb jsou va\u0161e po\u017eadavky specifick\u00e9 a va\u0161e o\u010dek\u00e1v\u00e1n\u00ed vysok\u00e1. Mezi va\u0161e hlavn\u00ed po\u017eadavky pat\u0159\u00ed kvalita, trvanlivost, mo\u017enosti p\u0159izp\u016fsoben\u00ed a spolehliv\u00e9 z\u00e1sobov\u00e1n\u00ed. V t\u00e9to zpr\u00e1v\u011b prozkoum\u00e1me, jak spole\u010dnost Qingdao H&amp;F, kter\u00e1 m\u00e1 v\u00edce ne\u017e dv\u011b desetilet\u00ed zku\u0161enost\u00ed a jedine\u010dn\u00e9 v\u00fdhody jako spole\u010dnost se s\u00eddlem v \u010c\u00edn\u011b, vynik\u00e1 v pln\u011bn\u00ed t\u011bchto po\u017eadavk\u016f jako d\u016fv\u011bryhodn\u00fd v\u00fdrobce, tov\u00e1rna, dodavatel, prodejce, velkoobchodn\u00edk, dealer, distributor a spole\u010dnost, kter\u00e1 se specializuje na p\u0159\u00edslu\u0161enstv\u00ed pro beton\u00e1\u0159sk\u00e9 pr\u00e1ce.<\/p>","protected":false},"featured_media":5314,"comment_status":"open","ping_status":"closed","template":"","meta":{"site-sidebar-layout":"default","site-content-layout":"","ast-site-content-layout":"default","site-content-style":"default","site-sidebar-style":"default","ast-global-header-display":"","ast-banner-title-visibility":"","ast-main-header-display":"","ast-hfb-above-header-display":"","ast-hfb-below-header-display":"","ast-hfb-mobile-header-display":"","site-post-title":"","ast-breadcrumbs-content":"","ast-featured-img":"","footer-sml-layout":"","theme-transparent-header-meta":"default","adv-header-id-meta":"","stick-header-meta":"default","header-above-stick-meta":"","header-main-stick-meta":"","header-below-stick-meta":"","astra-migrate-meta-layouts":"set","ast-page-background-enabled":"default","ast-page-background-meta":{"desktop":{"background-color":"","background-image":"","background-repeat":"repeat","background-position":"center center","background-size":"auto","background-attachment":"scroll","background-type":"","background-media":"","overlay-type":"","overlay-color":"","overlay-opacity":"","overlay-gradient":""},"tablet":{"background-color":"","background-image":"","background-repeat":"repeat","background-position":"center center","background-size":"auto","background-attachment":"scroll","background-type":"","background-media":"","overlay-type":"","overlay-color":"","overlay-opacity":"","overlay-gradient":""},"mobile":{"background-color":"","background-image":"","background-repeat":"repeat","background-position":"center center","background-size":"auto","background-attachment":"scroll","background-type":"","background-media":"","overlay-type":"","overlay-color":"","overlay-opacity":"","overlay-gradient":""}},"ast-content-background-meta":{"desktop":{"background-color":"var(--ast-global-color-5)","background-image":"","background-repeat":"repeat","background-position":"center center","background-size":"auto","background-attachment":"scroll","background-type":"","background-media":"","overlay-type":"","overlay-color":"","overlay-opacity":"","overlay-gradient":""},"tablet":{"background-color":"var(--ast-global-color-5)","background-image":"","background-repeat":"repeat","background-position":"center center","background-size":"auto","background-attachment":"scroll","background-type":"","background-media":"","overlay-type":"","overlay-color":"","overlay-opacity":"","overlay-gradient":""},"mobile":{"background-color":"var(--ast-global-color-5)","background-image":"","background-repeat":"repeat","background-position":"center center","background-size":"auto","background-attachment":"scroll","background-type":"","background-media":"","overlay-type":"","overlay-color":"","overlay-opacity":"","overlay-gradient":""}}},"product_brand":[],"product_cat":[50,20,64],"product_tag":[],"class_list":{"0":"post-5246","1":"product","2":"type-product","3":"status-publish","4":"has-post-thumbnail","6":"product_cat-concrete-form-accessories","7":"product_cat-concrete-wall-tie","8":"product_cat-concrete-flat-tie","9":"desktop-align-left","10":"tablet-align-left","11":"mobile-align-left","12":"ast-product-gallery-layout-horizontal-slider","13":"ast-product-tabs-layout-horizontal","15":"first","16":"instock","17":"shipping-taxable","18":"purchasable","19":"product-type-simple"},"yoast_head":"<!-- This site is optimized with the Yoast SEO plugin v25.2 - https:\/\/yoast.com\/wordpress\/plugins\/seo\/ -->\n<title>Flat Tie Wall Tie For Concrete Formwork<\/title>\n<meta name=\"description\" content=\"When it comes to your search for flat ties, we understand that your demands are specific and your expectations are high. Your primary considerations include quality, durability, customization options, and reliable sourcing.\" \/>\n<meta name=\"robots\" content=\"index, follow, max-snippet:-1, max-image-preview:large, max-video-preview:-1\" \/>\n<link rel=\"canonical\" href=\"https:\/\/qingdaohf.com\/cs\/produkt\/ploche-stenove-vazby-pro-betonove-bedneni\/\" \/>\n<meta property=\"og:locale\" content=\"cs_CZ\" \/>\n<meta property=\"og:type\" content=\"article\" \/>\n<meta property=\"og:title\" content=\"Flat Tie Wall Tie For Concrete Formwork\" \/>\n<meta property=\"og:description\" content=\"When it comes to your search for flat ties, we understand that your demands are specific and your expectations are high. Your primary considerations include quality, durability, customization options, and reliable sourcing.\" \/>\n<meta property=\"og:url\" content=\"https:\/\/qingdaohf.com\/cs\/produkt\/ploche-stenove-vazby-pro-betonove-bedneni\/\" \/>\n<meta property=\"og:site_name\" content=\"Concrete Form &amp; Rigging Hardware Supplier\" \/>\n<meta property=\"article:publisher\" content=\"https:\/\/www.facebook.com\/qingdaohf\" \/>\n<meta property=\"article:modified_time\" content=\"2025-11-13T01:04:02+00:00\" \/>\n<meta property=\"og:image\" content=\"https:\/\/qingdaohf.com\/wp-content\/uploads\/2023\/09\/flat-tie-2-1.jpg\" \/>\n\t<meta property=\"og:image:width\" content=\"1000\" \/>\n\t<meta property=\"og:image:height\" content=\"1000\" \/>\n\t<meta property=\"og:image:type\" content=\"image\/jpeg\" \/>\n<meta name=\"twitter:card\" content=\"summary_large_image\" \/>\n<meta name=\"twitter:label1\" content=\"Odhadovan\u00e1 doba \u010dten\u00ed\" \/>\n\t<meta name=\"twitter:data1\" content=\"3 minuty\" \/>\n<script type=\"application\/ld+json\" class=\"yoast-schema-graph\">{\"@context\":\"https:\/\/schema.org\",\"@graph\":[{\"@type\":\"WebPage\",\"@id\":\"https:\/\/qingdaohf.com\/product\/flat-tie-wall-tie-for-concrete-formwork\/\",\"url\":\"https:\/\/qingdaohf.com\/product\/flat-tie-wall-tie-for-concrete-formwork\/\",\"name\":\"Flat Tie Wall Tie For Concrete Formwork\",\"isPartOf\":{\"@id\":\"https:\/\/qingdaohf.com\/bg\/#website\"},\"primaryImageOfPage\":{\"@id\":\"https:\/\/qingdaohf.com\/product\/flat-tie-wall-tie-for-concrete-formwork\/#primaryimage\"},\"image\":{\"@id\":\"https:\/\/qingdaohf.com\/product\/flat-tie-wall-tie-for-concrete-formwork\/#primaryimage\"},\"thumbnailUrl\":\"https:\/\/qingdaohf.com\/wp-content\/uploads\/2023\/09\/flat-tie-2-1.jpg\",\"datePublished\":\"2023-09-08T06:27:43+00:00\",\"dateModified\":\"2025-11-13T01:04:02+00:00\",\"description\":\"When it comes to your search for flat ties, we understand that your demands are specific and your expectations are high. Your primary considerations include quality, durability, customization options, and reliable sourcing.\",\"breadcrumb\":{\"@id\":\"https:\/\/qingdaohf.com\/product\/flat-tie-wall-tie-for-concrete-formwork\/#breadcrumb\"},\"inLanguage\":\"cs\",\"potentialAction\":[{\"@type\":\"ReadAction\",\"target\":[\"https:\/\/qingdaohf.com\/product\/flat-tie-wall-tie-for-concrete-formwork\/\"]}]},{\"@type\":\"ImageObject\",\"inLanguage\":\"cs\",\"@id\":\"https:\/\/qingdaohf.com\/product\/flat-tie-wall-tie-for-concrete-formwork\/#primaryimage\",\"url\":\"https:\/\/qingdaohf.com\/wp-content\/uploads\/2023\/09\/flat-tie-2-1.jpg\",\"contentUrl\":\"https:\/\/qingdaohf.com\/wp-content\/uploads\/2023\/09\/flat-tie-2-1.jpg\",\"width\":1000,\"height\":1000,\"caption\":\"flat tie\"},{\"@type\":\"BreadcrumbList\",\"@id\":\"https:\/\/qingdaohf.com\/product\/flat-tie-wall-tie-for-concrete-formwork\/#breadcrumb\",\"itemListElement\":[{\"@type\":\"ListItem\",\"position\":1,\"name\":\"Home\",\"item\":\"https:\/\/qingdaohf.com\/\"},{\"@type\":\"ListItem\",\"position\":2,\"name\":\"Concrete Forming Accessories and Rigging Hardware\",\"item\":\"https:\/\/qingdaohf.com\/bg\/?page_id=944\"},{\"@type\":\"ListItem\",\"position\":3,\"name\":\"Flat Tie Wall Tie For Concrete Formwork\"}]},{\"@type\":\"WebSite\",\"@id\":\"https:\/\/qingdaohf.com\/bg\/#website\",\"url\":\"https:\/\/qingdaohf.com\/bg\/\",\"name\":\"Concrete Form & Rigging Hardware Supplier\",\"description\":\"\",\"publisher\":{\"@id\":\"https:\/\/qingdaohf.com\/bg\/#organization\"},\"potentialAction\":[{\"@type\":\"SearchAction\",\"target\":{\"@type\":\"EntryPoint\",\"urlTemplate\":\"https:\/\/qingdaohf.com\/bg\/?s={search_term_string}\"},\"query-input\":{\"@type\":\"PropertyValueSpecification\",\"valueRequired\":true,\"valueName\":\"search_term_string\"}}],\"inLanguage\":\"cs\"},{\"@type\":\"Organization\",\"@id\":\"https:\/\/qingdaohf.com\/bg\/#organization\",\"name\":\"Qingdao H&F\",\"url\":\"https:\/\/qingdaohf.com\/bg\/\",\"logo\":{\"@type\":\"ImageObject\",\"inLanguage\":\"cs\",\"@id\":\"https:\/\/qingdaohf.com\/bg\/#\/schema\/logo\/image\/\",\"url\":\"https:\/\/qingdaohf.com\/wp-content\/uploads\/2022\/12\/cropped-HF-LOGO.png\",\"contentUrl\":\"https:\/\/qingdaohf.com\/wp-content\/uploads\/2022\/12\/cropped-HF-LOGO.png\",\"width\":391,\"height\":249,\"caption\":\"Qingdao H&F\"},\"image\":{\"@id\":\"https:\/\/qingdaohf.com\/bg\/#\/schema\/logo\/image\/\"},\"sameAs\":[\"https:\/\/www.facebook.com\/qingdaohf\"]}]}<\/script>\n<!-- \/ Yoast SEO plugin. -->","yoast_head_json":{"title":"Flat Tie Wall Tie For Concrete Formwork","description":"When it comes to your search for flat ties, we understand that your demands are specific and your expectations are high. Your primary considerations include quality, durability, customization options, and reliable sourcing.","robots":{"index":"index","follow":"follow","max-snippet":"max-snippet:-1","max-image-preview":"max-image-preview:large","max-video-preview":"max-video-preview:-1"},"canonical":"https:\/\/qingdaohf.com\/cs\/produkt\/ploche-stenove-vazby-pro-betonove-bedneni\/","og_locale":"cs_CZ","og_type":"article","og_title":"Flat Tie Wall Tie For Concrete Formwork","og_description":"When it comes to your search for flat ties, we understand that your demands are specific and your expectations are high. Your primary considerations include quality, durability, customization options, and reliable sourcing.","og_url":"https:\/\/qingdaohf.com\/cs\/produkt\/ploche-stenove-vazby-pro-betonove-bedneni\/","og_site_name":"Concrete Form &amp; Rigging Hardware Supplier","article_publisher":"https:\/\/www.facebook.com\/qingdaohf","article_modified_time":"2025-11-13T01:04:02+00:00","og_image":[{"width":1000,"height":1000,"url":"https:\/\/qingdaohf.com\/wp-content\/uploads\/2023\/09\/flat-tie-2-1.jpg","type":"image\/jpeg"}],"twitter_card":"summary_large_image","twitter_misc":{"Odhadovan\u00e1 doba \u010dten\u00ed":"3 minuty"},"schema":{"@context":"https:\/\/schema.org","@graph":[{"@type":"WebPage","@id":"https:\/\/qingdaohf.com\/product\/flat-tie-wall-tie-for-concrete-formwork\/","url":"https:\/\/qingdaohf.com\/product\/flat-tie-wall-tie-for-concrete-formwork\/","name":"Flat Tie Wall Tie For Concrete Formwork","isPartOf":{"@id":"https:\/\/qingdaohf.com\/bg\/#website"},"primaryImageOfPage":{"@id":"https:\/\/qingdaohf.com\/product\/flat-tie-wall-tie-for-concrete-formwork\/#primaryimage"},"image":{"@id":"https:\/\/qingdaohf.com\/product\/flat-tie-wall-tie-for-concrete-formwork\/#primaryimage"},"thumbnailUrl":"https:\/\/qingdaohf.com\/wp-content\/uploads\/2023\/09\/flat-tie-2-1.jpg","datePublished":"2023-09-08T06:27:43+00:00","dateModified":"2025-11-13T01:04:02+00:00","description":"When it comes to your search for flat ties, we understand that your demands are specific and your expectations are high. Your primary considerations include quality, durability, customization options, and reliable sourcing.","breadcrumb":{"@id":"https:\/\/qingdaohf.com\/product\/flat-tie-wall-tie-for-concrete-formwork\/#breadcrumb"},"inLanguage":"cs","potentialAction":[{"@type":"ReadAction","target":["https:\/\/qingdaohf.com\/product\/flat-tie-wall-tie-for-concrete-formwork\/"]}]},{"@type":"ImageObject","inLanguage":"cs","@id":"https:\/\/qingdaohf.com\/product\/flat-tie-wall-tie-for-concrete-formwork\/#primaryimage","url":"https:\/\/qingdaohf.com\/wp-content\/uploads\/2023\/09\/flat-tie-2-1.jpg","contentUrl":"https:\/\/qingdaohf.com\/wp-content\/uploads\/2023\/09\/flat-tie-2-1.jpg","width":1000,"height":1000,"caption":"flat tie"},{"@type":"BreadcrumbList","@id":"https:\/\/qingdaohf.com\/product\/flat-tie-wall-tie-for-concrete-formwork\/#breadcrumb","itemListElement":[{"@type":"ListItem","position":1,"name":"Home","item":"https:\/\/qingdaohf.com\/"},{"@type":"ListItem","position":2,"name":"Concrete Forming Accessories and Rigging Hardware","item":"https:\/\/qingdaohf.com\/bg\/?page_id=944"},{"@type":"ListItem","position":3,"name":"Flat Tie Wall Tie For Concrete Formwork"}]},{"@type":"WebSite","@id":"https:\/\/qingdaohf.com\/bg\/#website","url":"https:\/\/qingdaohf.com\/bg\/","name":"Concrete Form & Rigging Hardware Supplier","description":"","publisher":{"@id":"https:\/\/qingdaohf.com\/bg\/#organization"},"potentialAction":[{"@type":"SearchAction","target":{"@type":"EntryPoint","urlTemplate":"https:\/\/qingdaohf.com\/bg\/?s={search_term_string}"},"query-input":{"@type":"PropertyValueSpecification","valueRequired":true,"valueName":"search_term_string"}}],"inLanguage":"cs"},{"@type":"Organization","@id":"https:\/\/qingdaohf.com\/bg\/#organization","name":"Qingdao H&F","url":"https:\/\/qingdaohf.com\/bg\/","logo":{"@type":"ImageObject","inLanguage":"cs","@id":"https:\/\/qingdaohf.com\/bg\/#\/schema\/logo\/image\/","url":"https:\/\/qingdaohf.com\/wp-content\/uploads\/2022\/12\/cropped-HF-LOGO.png","contentUrl":"https:\/\/qingdaohf.com\/wp-content\/uploads\/2022\/12\/cropped-HF-LOGO.png","width":391,"height":249,"caption":"Qingdao H&F"},"image":{"@id":"https:\/\/qingdaohf.com\/bg\/#\/schema\/logo\/image\/"},"sameAs":["https:\/\/www.facebook.com\/qingdaohf"]}]}},"_links":{"self":[{"href":"https:\/\/qingdaohf.com\/cs\/wp-json\/wp\/v2\/product\/5246","targetHints":{"allow":["GET"]}}],"collection":[{"href":"https:\/\/qingdaohf.com\/cs\/wp-json\/wp\/v2\/product"}],"about":[{"href":"https:\/\/qingdaohf.com\/cs\/wp-json\/wp\/v2\/types\/product"}],"replies":[{"embeddable":true,"href":"https:\/\/qingdaohf.com\/cs\/wp-json\/wp\/v2\/comments?post=5246"}],"version-history":[{"count":4,"href":"https:\/\/qingdaohf.com\/cs\/wp-json\/wp\/v2\/product\/5246\/revisions"}],"predecessor-version":[{"id":5317,"href":"https:\/\/qingdaohf.com\/cs\/wp-json\/wp\/v2\/product\/5246\/revisions\/5317"}],"wp:featuredmedia":[{"embeddable":true,"href":"https:\/\/qingdaohf.com\/cs\/wp-json\/wp\/v2\/media\/5314"}],"wp:attachment":[{"href":"https:\/\/qingdaohf.com\/cs\/wp-json\/wp\/v2\/media?parent=5246"}],"wp:term":[{"taxonomy":"product_brand","embeddable":true,"href":"https:\/\/qingdaohf.com\/cs\/wp-json\/wp\/v2\/product_brand?post=5246"},{"taxonomy":"product_cat","embeddable":true,"href":"https:\/\/qingdaohf.com\/cs\/wp-json\/wp\/v2\/product_cat?post=5246"},{"taxonomy":"product_tag","embeddable":true,"href":"https:\/\/qingdaohf.com\/cs\/wp-json\/wp\/v2\/product_tag?post=5246"}],"curies":[{"name":"wp","href":"https:\/\/api.w.org\/{rel}","templated":true}]}}