{"id":5473,"date":"2023-10-23T14:14:46","date_gmt":"2023-10-23T06:14:46","guid":{"rendered":"http:\/\/qingdaohf.com\/?post_type=product&#038;p=5473"},"modified":"2025-11-13T09:04:02","modified_gmt":"2025-11-13T01:04:02","slug":"webbing-sling-oem","status":"publish","type":"product","link":"https:\/\/qingdaohf.com\/cs\/produkt\/popruhovy-zaves-oem\/","title":{"rendered":"Popruhov\u00fd z\u00e1v\u011bs OEM"},"content":{"rendered":"<p><img fetchpriority=\"high\" decoding=\"async\" class=\"alignnone wp-image-5962 size-full\" src=\"http:\/\/qingdaohf.com\/wp-content\/uploads\/2023\/10\/HF-SLINGS-1-scaled.jpg\" alt=\"HF SLINGS \" width=\"1686\" height=\"1920\" srcset=\"https:\/\/qingdaohf.com\/wp-content\/uploads\/2023\/10\/HF-SLINGS-1-scaled.jpg 1686w, https:\/\/qingdaohf.com\/wp-content\/uploads\/2023\/10\/HF-SLINGS-1-264x300.jpg 264w, https:\/\/qingdaohf.com\/wp-content\/uploads\/2023\/10\/HF-SLINGS-1-899x1024.jpg 899w, https:\/\/qingdaohf.com\/wp-content\/uploads\/2023\/10\/HF-SLINGS-1-768x874.jpg 768w, https:\/\/qingdaohf.com\/wp-content\/uploads\/2023\/10\/HF-SLINGS-1-1349x1536.jpg 1349w, https:\/\/qingdaohf.com\/wp-content\/uploads\/2023\/10\/HF-SLINGS-1-1799x2048.jpg 1799w, https:\/\/qingdaohf.com\/wp-content\/uploads\/2023\/10\/HF-SLINGS-1-1000x1139.jpg 1000w\" sizes=\"(max-width: 1686px) 100vw, 1686px\" \/><\/p>\n<h3><strong>Zaji\u0161t\u011bn\u00ed kvality:<\/strong><\/h3>\n<p>nejvy\u0161\u0161\u00ed kvalita popruh\u016f je pro bezpe\u010dnost a spolehlivost v r\u016fzn\u00fdch aplikac\u00edch nejd\u016fle\u017eit\u011bj\u0161\u00ed.<\/p>\n<p>\u0158e\u0161en\u00ed: Zaveden\u00ed p\u0159\u00edsn\u00fdch proces\u016f kontroly kvality, v\u010detn\u011b kontrol materi\u00e1lu, v\u00fdrobn\u00edch kontrol a certifikac\u00ed t\u0159et\u00ed stranou.<\/p>\n<h3><strong>Mo\u017enosti p\u0159izp\u016fsoben\u00ed:<\/strong><\/h3>\n<p>Probl\u00e9m: \u0158e\u0161en\u00ed na m\u00edru jsou nezbytn\u00e1 pro spln\u011bn\u00ed specifick\u00fdch po\u017eadavk\u016f projektu a pr\u016fmyslov\u00fdch norem.<\/p>\n<p>\u0158e\u0161en\u00ed: Nab\u00eddn\u011bte \u0161irokou \u0161k\u00e1lu mo\u017enost\u00ed p\u0159izp\u016fsoben\u00ed, v\u010detn\u011b velikosti, d\u00e9lky, nosnosti a barevn\u00e9ho zna\u010den\u00ed, abyste uspokojili r\u016fzn\u00e9 pot\u0159eby klient\u016f.<\/p>\n<h3><strong>N\u00e1kladov\u00e1 konkurenceschopnost:<\/strong><\/h3>\n<p>Probl\u00e9m: Pro udr\u017een\u00ed konkurenceschopnosti na trhu je z\u00e1sadn\u00ed naj\u00edt spr\u00e1vnou rovnov\u00e1hu mezi kvalitou a n\u00e1klady.<\/p>\n<p>\u0158e\u0161en\u00ed: Optimalizujte v\u00fdrobn\u00ed procesy, vyjedn\u00e1vejte s dodavateli a vyu\u017e\u00edvejte \u00faspory z rozsahu, abyste poskytli n\u00e1kladov\u011b efektivn\u00ed OEM \u0159e\u0161en\u00ed popruh\u016f.<\/p>\n<h3><strong>V\u010dasn\u00e9 dod\u00e1n\u00ed:<\/strong><\/h3>\n<p>Probl\u00e9m: Zpo\u017ed\u011bn\u00ed dod\u00e1vek m\u016f\u017ee naru\u0161it provoz a ovlivnit spokojenost z\u00e1kazn\u00edk\u016f.<\/p>\n<p>\u0158e\u0161en\u00ed: \u0158e\u0161en\u00ed: Zjednodu\u0161te v\u00fdrobn\u00ed pl\u00e1ny, udr\u017eujte dostate\u010dn\u00e9 z\u00e1soby a vytvo\u0159te efektivn\u00ed logistiku, abyste zajistili v\u010dasn\u00e9 dod\u00e1vky.<\/p>\n<h3><strong>Inovace a technologie:<\/strong><\/h3>\n<p>Probl\u00e9m: Z\u016fstat na \u0161pici technologick\u00e9ho pokroku a pr\u016fmyslov\u00fdch inovac\u00ed je z\u00e1sadn\u00ed pro poskytov\u00e1n\u00ed \u0161pi\u010dkov\u00fdch \u0159e\u0161en\u00ed.<\/p>\n<p>\u0158e\u0161en\u00ed: \u0158e\u0161en\u00ed: Investujte do v\u00fdzkumu a v\u00fdvoje, spolupracujte s odborn\u00edky v oboru a neust\u00e1le modernizujte v\u00fdrobn\u00ed procesy tak, aby zahrnovaly nejnov\u011bj\u0161\u00ed technologie.<\/p>\n<h3><strong>Udr\u017eitelnost \u017eivotn\u00edho prost\u0159ed\u00ed:<\/strong><\/h3>\n<p>Probl\u00e9m: St\u00e1le v\u011bt\u0161\u00ed d\u016fraz na udr\u017eiteln\u00e9 postupy vy\u017eaduje z\u00e1vazek k ekologicky \u0161etrn\u00fdm v\u00fdrobn\u00edm postup\u016fm a materi\u00e1l\u016fm.<\/p>\n<p>\u0158e\u0161en\u00ed: P\u0159ijm\u011bte ekologicky odpov\u011bdn\u00e9 postupy z\u00edsk\u00e1v\u00e1n\u00ed, v\u00fdroby a likvidace a z\u00edskejte p\u0159\u00edslu\u0161n\u00e9 certifikace, abyste prok\u00e1zali z\u00e1vazek k udr\u017eitelnosti.<\/p>\n<p>&nbsp;<\/p>\n<h2><strong>Jak na\u0161e spole\u010dnost spl\u0148uje pot\u0159eby OEM v\u00fdrobc\u016f popruh\u016f:<\/strong><\/h2>\n<p>Na\u0161e spole\u010dnost podporuje slu\u017eby OEM a ODM. Spln\u00edme jakoukoli va\u0161i pot\u0159ebu.<\/p>\n<h3><strong>P\u0159\u00edsn\u00e1 kontrola kvality:<\/strong><\/h3>\n<p>Na\u0161e spole\u010dnost dodr\u017euje p\u0159\u00edsn\u00e9 procesy kontroly kvality, prov\u00e1d\u00ed d\u016fkladn\u00e9 kontroly materi\u00e1lu, kontroly v pr\u016fb\u011bhu procesu a z\u00edsk\u00e1v\u00e1 certifik\u00e1ty od uzn\u00e1van\u00fdch organizac\u00ed t\u0159et\u00edch stran.<\/p>\n<h3><strong>V\u0161estrann\u00e9 p\u0159izp\u016fsoben\u00ed:<\/strong><\/h3>\n<p>Nab\u00edz\u00edme \u0161irokou \u0161k\u00e1lu mo\u017enost\u00ed p\u0159izp\u016fsoben\u00ed, kter\u00e9 klient\u016fm umo\u017e\u0148uj\u00ed zadat rozm\u011bry, nosnost a dal\u0161\u00ed parametry, d\u00edky \u010demu\u017e na\u0161e popruhy dokonale odpov\u00eddaj\u00ed jejich jedine\u010dn\u00fdm po\u017eadavk\u016fm.<\/p>\n<h3><strong>N\u00e1kladov\u011b efektivn\u00ed \u0159e\u0161en\u00ed:<\/strong><\/h3>\n<p>D\u00edky strategick\u00fdm jedn\u00e1n\u00edm s dodavateli, optimalizaci proces\u016f a vyu\u017eit\u00ed \u00faspor z rozsahu trvale poskytujeme cenov\u011b konkurenceschopn\u00e1 \u0159e\u0161en\u00ed OEM pro popruhy, ani\u017e bychom sni\u017eovali kvalitu.<\/p>\n<h3><strong>V\u010dasn\u00e9 a spolehliv\u00e9 dod\u00e1n\u00ed:<\/strong><\/h3>\n<p>Na\u0161e zefektivn\u011bn\u00e9 v\u00fdrobn\u00ed pl\u00e1ny, rozs\u00e1hl\u00e1 spr\u00e1va z\u00e1sob a efektivn\u00ed logistika zaji\u0161\u0165uj\u00ed, \u017ee na\u0161i klienti obdr\u017e\u00ed sv\u00e9 objedn\u00e1vky popruh\u016f v\u010das, co\u017e p\u0159isp\u00edv\u00e1 k \u00fasp\u011bchu jejich projekt\u016f.<\/p>\n<h3><strong>Z\u00e1vazek k inovac\u00edm:<\/strong><\/h3>\n<p>Na\u0161e spole\u010dnost d\u00e1v\u00e1 p\u0159ednost inovac\u00edm t\u00edm, \u017ee investuje do v\u00fdzkumu a v\u00fdvoje, spolupracuje s odborn\u00edky v oboru a pravideln\u011b aktualizuje sv\u00e9 v\u00fdrobn\u00ed postupy tak, aby zahrnovaly nejnov\u011bj\u0161\u00ed technologick\u00e9 pokroky.<\/p>\n<h3><strong>Odpov\u011bdnost za \u017eivotn\u00ed prost\u0159ed\u00ed:<\/strong><\/h3>\n<p>Zav\u00e1zali jsme se k ekologick\u00e9 udr\u017eitelnosti t\u00edm, \u017ee jsme p\u0159ijali ekologick\u00e9 postupy z\u00edsk\u00e1v\u00e1n\u00ed zdroj\u016f, zavedli ekologick\u00e9 v\u00fdrobn\u00ed procesy a z\u00edskali p\u0159\u00edslu\u0161n\u00e9 certifik\u00e1ty, abychom prok\u00e1zali na\u0161i oddanost ekologi\u010dt\u011bj\u0161\u00ed budoucnosti.<\/p>\n<h3><strong>V\u010dasn\u00e9 dod\u00e1n\u00ed:<\/strong><\/h3>\n<p>Webov\u00e9 str\u00e1nky budou zd\u016fraz\u0148ovat n\u00e1\u0161 z\u00e1vazek k v\u010dasn\u00fdm dod\u00e1vk\u00e1m d\u00edky efektivn\u00edmu pl\u00e1nov\u00e1n\u00ed v\u00fdroby, \u0159\u00edzen\u00ed z\u00e1sob a spolehliv\u00e9 logistick\u00e9 s\u00edti a budou prezentovat p\u0159\u00edpady \u00fasp\u011b\u0161n\u00e9ho dodr\u017eov\u00e1n\u00ed napjat\u00fdch term\u00edn\u016f projekt\u016f z minulosti.<\/p>\n<h3><strong>Inovace a technologie:<\/strong><\/h3>\n<p>Webov\u00e9 str\u00e1nky budou prezentovat na\u0161i oddanost inovac\u00edm a podrobn\u011b popisovat na\u0161e investice do v\u00fdzkumu a v\u00fdvoje, spolupr\u00e1ci s odborn\u00edky v oboru a pravideln\u00e9 aktualizace na\u0161ich v\u00fdrobn\u00edch proces\u016f, kter\u00e9 zahrnuj\u00ed nejnov\u011bj\u0161\u00ed technologie.<\/p>\n<h3><strong>Udr\u017eitelnost \u017eivotn\u00edho prost\u0159ed\u00ed:<\/strong><\/h3>\n<p>N\u00e1\u0161 z\u00e1vazek k odpov\u011bdnosti v\u016f\u010di \u017eivotn\u00edmu prost\u0159ed\u00ed bude zd\u016frazn\u011bn na webov\u00fdch str\u00e1nk\u00e1ch, kde budou podrobn\u011b pops\u00e1ny na\u0161e ekologick\u00e9 postupy p\u0159i z\u00edsk\u00e1v\u00e1n\u00ed surovin, ekologick\u00e9 v\u00fdrobn\u00ed procesy a certifik\u00e1ty, kter\u00e9 jsme z\u00edskali, abychom uk\u00e1zali na\u0161i oddanost udr\u017eitelnosti.<\/p>\n<p>\u0158e\u0161en\u00edm t\u011bchto kritick\u00fdch ot\u00e1zek a transparentn\u00ed prezentac\u00ed na\u0161ich \u0159e\u0161en\u00ed na webov\u00fdch str\u00e1nk\u00e1ch na\u0161e spole\u010dnost \u00fa\u010dinn\u011b prok\u00e1\u017ee svou schopnost uspokojit pot\u0159eby kupuj\u00edc\u00edch OEM popruh\u016f.<\/p>","protected":false},"excerpt":{"rendered":"<p>Na\u0161e slu\u017eby OEM v\u00e1m umo\u017en\u00ed p\u0159esn\u011b definovat nosnost, d\u00e9lku, \u0161\u00ed\u0159ku, materi\u00e1l, barevn\u00e9 ozna\u010den\u00ed a dal\u0161\u00ed d\u016fle\u017eit\u00e9 parametry. \u00dazce s v\u00e1mi spolupracujeme, abychom zajistili, \u017ee n\u00e1mi dod\u00e1van\u00e9 popruhy budou dokonale odpov\u00eddat va\u0161emu zam\u00fd\u0161len\u00e9mu pou\u017eit\u00ed. A\u0165 u\u017e po\u017eadujete pr\u016fmyslov\u00fd popruh pro velk\u00e9 zat\u00ed\u017een\u00ed, nebo specializovan\u00e9 \u0159e\u0161en\u00ed, m\u016f\u017eeme v\u00e1m na\u0161e v\u00fdrobky odpov\u00eddaj\u00edc\u00edm zp\u016fsobem p\u0159izp\u016fsobit.<\/p>","protected":false},"featured_media":5232,"comment_status":"open","ping_status":"closed","template":"","meta":{"site-sidebar-layout":"default","site-content-layout":"","ast-site-content-layout":"default","site-content-style":"default","site-sidebar-style":"default","ast-global-header-display":"","ast-banner-title-visibility":"","ast-main-header-display":"","ast-hfb-above-header-display":"","ast-hfb-below-header-display":"","ast-hfb-mobile-header-display":"","site-post-title":"","ast-breadcrumbs-content":"","ast-featured-img":"","footer-sml-layout":"","theme-transparent-header-meta":"default","adv-header-id-meta":"","stick-header-meta":"default","header-above-stick-meta":"","header-main-stick-meta":"","header-below-stick-meta":"","astra-migrate-meta-layouts":"set","ast-page-background-enabled":"default","ast-page-background-meta":{"desktop":{"background-color":"","background-image":"","background-repeat":"repeat","background-position":"center center","background-size":"auto","background-attachment":"scroll","background-type":"","background-media":"","overlay-type":"","overlay-color":"","overlay-opacity":"","overlay-gradient":""},"tablet":{"background-color":"","background-image":"","background-repeat":"repeat","background-position":"center center","background-size":"auto","background-attachment":"scroll","background-type":"","background-media":"","overlay-type":"","overlay-color":"","overlay-opacity":"","overlay-gradient":""},"mobile":{"background-color":"","background-image":"","background-repeat":"repeat","background-position":"center center","background-size":"auto","background-attachment":"scroll","background-type":"","background-media":"","overlay-type":"","overlay-color":"","overlay-opacity":"","overlay-gradient":""}},"ast-content-background-meta":{"desktop":{"background-color":"var(--ast-global-color-5)","background-image":"","background-repeat":"repeat","background-position":"center center","background-size":"auto","background-attachment":"scroll","background-type":"","background-media":"","overlay-type":"","overlay-color":"","overlay-opacity":"","overlay-gradient":""},"tablet":{"background-color":"var(--ast-global-color-5)","background-image":"","background-repeat":"repeat","background-position":"center center","background-size":"auto","background-attachment":"scroll","background-type":"","background-media":"","overlay-type":"","overlay-color":"","overlay-opacity":"","overlay-gradient":""},"mobile":{"background-color":"var(--ast-global-color-5)","background-image":"","background-repeat":"repeat","background-position":"center center","background-size":"auto","background-attachment":"scroll","background-type":"","background-media":"","overlay-type":"","overlay-color":"","overlay-opacity":"","overlay-gradient":""}}},"product_brand":[],"product_cat":[51,39],"product_tag":[],"class_list":{"0":"post-5473","1":"product","2":"type-product","3":"status-publish","4":"has-post-thumbnail","6":"product_cat-riggging-hardware","7":"product_cat-webbing-sling","8":"desktop-align-left","9":"tablet-align-left","10":"mobile-align-left","11":"ast-product-gallery-layout-horizontal-slider","12":"ast-product-tabs-layout-horizontal","14":"first","15":"instock","16":"shipping-taxable","17":"purchasable","18":"product-type-simple"},"yoast_head":"<!-- This site is optimized with the Yoast SEO plugin v25.2 - https:\/\/yoast.com\/wordpress\/plugins\/seo\/ -->\n<title>Webbing Sling OEM<\/title>\n<meta name=\"description\" content=\"Our OEM services allow you to define the precise load capacity, length, width, material, color coding, and any other essential parameters.\" \/>\n<meta name=\"robots\" content=\"index, follow, max-snippet:-1, max-image-preview:large, max-video-preview:-1\" \/>\n<link rel=\"canonical\" href=\"https:\/\/qingdaohf.com\/cs\/produkt\/popruhovy-zaves-oem\/\" \/>\n<meta property=\"og:locale\" content=\"cs_CZ\" \/>\n<meta property=\"og:type\" content=\"article\" \/>\n<meta property=\"og:title\" content=\"Webbing Sling OEM\" \/>\n<meta property=\"og:description\" content=\"Our OEM services allow you to define the precise load capacity, length, width, material, color coding, and any other essential parameters.\" \/>\n<meta property=\"og:url\" content=\"https:\/\/qingdaohf.com\/cs\/produkt\/popruhovy-zaves-oem\/\" \/>\n<meta property=\"og:site_name\" content=\"Concrete Form &amp; Rigging Hardware Supplier\" \/>\n<meta property=\"article:publisher\" content=\"https:\/\/www.facebook.com\/qingdaohf\" \/>\n<meta property=\"article:modified_time\" content=\"2025-11-13T01:04:02+00:00\" \/>\n<meta property=\"og:image\" content=\"https:\/\/qingdaohf.com\/wp-content\/uploads\/2023\/10\/sling.jpg\" \/>\n\t<meta property=\"og:image:width\" content=\"1019\" \/>\n\t<meta property=\"og:image:height\" content=\"563\" \/>\n\t<meta property=\"og:image:type\" content=\"image\/jpeg\" \/>\n<meta name=\"twitter:card\" content=\"summary_large_image\" \/>\n<meta name=\"twitter:label1\" content=\"Odhadovan\u00e1 doba \u010dten\u00ed\" \/>\n\t<meta name=\"twitter:data1\" content=\"3 minuty\" \/>\n<script type=\"application\/ld+json\" class=\"yoast-schema-graph\">{\"@context\":\"https:\/\/schema.org\",\"@graph\":[{\"@type\":\"WebPage\",\"@id\":\"https:\/\/qingdaohf.com\/product\/webbing-sling-oem\/\",\"url\":\"https:\/\/qingdaohf.com\/product\/webbing-sling-oem\/\",\"name\":\"Webbing Sling OEM\",\"isPartOf\":{\"@id\":\"https:\/\/qingdaohf.com\/bg\/#website\"},\"primaryImageOfPage\":{\"@id\":\"https:\/\/qingdaohf.com\/product\/webbing-sling-oem\/#primaryimage\"},\"image\":{\"@id\":\"https:\/\/qingdaohf.com\/product\/webbing-sling-oem\/#primaryimage\"},\"thumbnailUrl\":\"https:\/\/qingdaohf.com\/wp-content\/uploads\/2023\/04\/webbling-sling-2-1.jpg\",\"datePublished\":\"2023-10-23T06:14:46+00:00\",\"dateModified\":\"2025-11-13T01:04:02+00:00\",\"description\":\"Our OEM services allow you to define the precise load capacity, length, width, material, color coding, and any other essential parameters.\",\"breadcrumb\":{\"@id\":\"https:\/\/qingdaohf.com\/product\/webbing-sling-oem\/#breadcrumb\"},\"inLanguage\":\"cs\",\"potentialAction\":[{\"@type\":\"ReadAction\",\"target\":[\"https:\/\/qingdaohf.com\/product\/webbing-sling-oem\/\"]}]},{\"@type\":\"ImageObject\",\"inLanguage\":\"cs\",\"@id\":\"https:\/\/qingdaohf.com\/product\/webbing-sling-oem\/#primaryimage\",\"url\":\"https:\/\/qingdaohf.com\/wp-content\/uploads\/2023\/04\/webbling-sling-2-1.jpg\",\"contentUrl\":\"https:\/\/qingdaohf.com\/wp-content\/uploads\/2023\/04\/webbling-sling-2-1.jpg\",\"width\":1000,\"height\":1000,\"caption\":\"webbling sling\"},{\"@type\":\"BreadcrumbList\",\"@id\":\"https:\/\/qingdaohf.com\/product\/webbing-sling-oem\/#breadcrumb\",\"itemListElement\":[{\"@type\":\"ListItem\",\"position\":1,\"name\":\"Home\",\"item\":\"https:\/\/qingdaohf.com\/\"},{\"@type\":\"ListItem\",\"position\":2,\"name\":\"Concrete Forming Accessories and Rigging Hardware\",\"item\":\"https:\/\/qingdaohf.com\/bg\/?page_id=944\"},{\"@type\":\"ListItem\",\"position\":3,\"name\":\"Webbing Sling OEM\"}]},{\"@type\":\"WebSite\",\"@id\":\"https:\/\/qingdaohf.com\/bg\/#website\",\"url\":\"https:\/\/qingdaohf.com\/bg\/\",\"name\":\"Concrete Form & Rigging Hardware Supplier\",\"description\":\"\",\"publisher\":{\"@id\":\"https:\/\/qingdaohf.com\/bg\/#organization\"},\"potentialAction\":[{\"@type\":\"SearchAction\",\"target\":{\"@type\":\"EntryPoint\",\"urlTemplate\":\"https:\/\/qingdaohf.com\/bg\/?s={search_term_string}\"},\"query-input\":{\"@type\":\"PropertyValueSpecification\",\"valueRequired\":true,\"valueName\":\"search_term_string\"}}],\"inLanguage\":\"cs\"},{\"@type\":\"Organization\",\"@id\":\"https:\/\/qingdaohf.com\/bg\/#organization\",\"name\":\"Qingdao H&F\",\"url\":\"https:\/\/qingdaohf.com\/bg\/\",\"logo\":{\"@type\":\"ImageObject\",\"inLanguage\":\"cs\",\"@id\":\"https:\/\/qingdaohf.com\/bg\/#\/schema\/logo\/image\/\",\"url\":\"https:\/\/qingdaohf.com\/wp-content\/uploads\/2022\/12\/cropped-HF-LOGO.png\",\"contentUrl\":\"https:\/\/qingdaohf.com\/wp-content\/uploads\/2022\/12\/cropped-HF-LOGO.png\",\"width\":391,\"height\":249,\"caption\":\"Qingdao H&F\"},\"image\":{\"@id\":\"https:\/\/qingdaohf.com\/bg\/#\/schema\/logo\/image\/\"},\"sameAs\":[\"https:\/\/www.facebook.com\/qingdaohf\"]}]}<\/script>\n<!-- \/ Yoast SEO plugin. -->","yoast_head_json":{"title":"Webbing Sling OEM","description":"Our OEM services allow you to define the precise load capacity, length, width, material, color coding, and any other essential parameters.","robots":{"index":"index","follow":"follow","max-snippet":"max-snippet:-1","max-image-preview":"max-image-preview:large","max-video-preview":"max-video-preview:-1"},"canonical":"https:\/\/qingdaohf.com\/cs\/produkt\/popruhovy-zaves-oem\/","og_locale":"cs_CZ","og_type":"article","og_title":"Webbing Sling OEM","og_description":"Our OEM services allow you to define the precise load capacity, length, width, material, color coding, and any other essential parameters.","og_url":"https:\/\/qingdaohf.com\/cs\/produkt\/popruhovy-zaves-oem\/","og_site_name":"Concrete Form &amp; Rigging Hardware Supplier","article_publisher":"https:\/\/www.facebook.com\/qingdaohf","article_modified_time":"2025-11-13T01:04:02+00:00","og_image":[{"width":1019,"height":563,"url":"https:\/\/qingdaohf.com\/wp-content\/uploads\/2023\/10\/sling.jpg","type":"image\/jpeg"}],"twitter_card":"summary_large_image","twitter_misc":{"Odhadovan\u00e1 doba \u010dten\u00ed":"3 minuty"},"schema":{"@context":"https:\/\/schema.org","@graph":[{"@type":"WebPage","@id":"https:\/\/qingdaohf.com\/product\/webbing-sling-oem\/","url":"https:\/\/qingdaohf.com\/product\/webbing-sling-oem\/","name":"Webbing Sling OEM","isPartOf":{"@id":"https:\/\/qingdaohf.com\/bg\/#website"},"primaryImageOfPage":{"@id":"https:\/\/qingdaohf.com\/product\/webbing-sling-oem\/#primaryimage"},"image":{"@id":"https:\/\/qingdaohf.com\/product\/webbing-sling-oem\/#primaryimage"},"thumbnailUrl":"https:\/\/qingdaohf.com\/wp-content\/uploads\/2023\/04\/webbling-sling-2-1.jpg","datePublished":"2023-10-23T06:14:46+00:00","dateModified":"2025-11-13T01:04:02+00:00","description":"Our OEM services allow you to define the precise load capacity, length, width, material, color coding, and any other essential parameters.","breadcrumb":{"@id":"https:\/\/qingdaohf.com\/product\/webbing-sling-oem\/#breadcrumb"},"inLanguage":"cs","potentialAction":[{"@type":"ReadAction","target":["https:\/\/qingdaohf.com\/product\/webbing-sling-oem\/"]}]},{"@type":"ImageObject","inLanguage":"cs","@id":"https:\/\/qingdaohf.com\/product\/webbing-sling-oem\/#primaryimage","url":"https:\/\/qingdaohf.com\/wp-content\/uploads\/2023\/04\/webbling-sling-2-1.jpg","contentUrl":"https:\/\/qingdaohf.com\/wp-content\/uploads\/2023\/04\/webbling-sling-2-1.jpg","width":1000,"height":1000,"caption":"webbling sling"},{"@type":"BreadcrumbList","@id":"https:\/\/qingdaohf.com\/product\/webbing-sling-oem\/#breadcrumb","itemListElement":[{"@type":"ListItem","position":1,"name":"Home","item":"https:\/\/qingdaohf.com\/"},{"@type":"ListItem","position":2,"name":"Concrete Forming Accessories and Rigging Hardware","item":"https:\/\/qingdaohf.com\/bg\/?page_id=944"},{"@type":"ListItem","position":3,"name":"Webbing Sling OEM"}]},{"@type":"WebSite","@id":"https:\/\/qingdaohf.com\/bg\/#website","url":"https:\/\/qingdaohf.com\/bg\/","name":"Concrete Form & Rigging Hardware Supplier","description":"","publisher":{"@id":"https:\/\/qingdaohf.com\/bg\/#organization"},"potentialAction":[{"@type":"SearchAction","target":{"@type":"EntryPoint","urlTemplate":"https:\/\/qingdaohf.com\/bg\/?s={search_term_string}"},"query-input":{"@type":"PropertyValueSpecification","valueRequired":true,"valueName":"search_term_string"}}],"inLanguage":"cs"},{"@type":"Organization","@id":"https:\/\/qingdaohf.com\/bg\/#organization","name":"Qingdao H&F","url":"https:\/\/qingdaohf.com\/bg\/","logo":{"@type":"ImageObject","inLanguage":"cs","@id":"https:\/\/qingdaohf.com\/bg\/#\/schema\/logo\/image\/","url":"https:\/\/qingdaohf.com\/wp-content\/uploads\/2022\/12\/cropped-HF-LOGO.png","contentUrl":"https:\/\/qingdaohf.com\/wp-content\/uploads\/2022\/12\/cropped-HF-LOGO.png","width":391,"height":249,"caption":"Qingdao H&F"},"image":{"@id":"https:\/\/qingdaohf.com\/bg\/#\/schema\/logo\/image\/"},"sameAs":["https:\/\/www.facebook.com\/qingdaohf"]}]}},"_links":{"self":[{"href":"https:\/\/qingdaohf.com\/cs\/wp-json\/wp\/v2\/product\/5473","targetHints":{"allow":["GET"]}}],"collection":[{"href":"https:\/\/qingdaohf.com\/cs\/wp-json\/wp\/v2\/product"}],"about":[{"href":"https:\/\/qingdaohf.com\/cs\/wp-json\/wp\/v2\/types\/product"}],"replies":[{"embeddable":true,"href":"https:\/\/qingdaohf.com\/cs\/wp-json\/wp\/v2\/comments?post=5473"}],"version-history":[{"count":8,"href":"https:\/\/qingdaohf.com\/cs\/wp-json\/wp\/v2\/product\/5473\/revisions"}],"predecessor-version":[{"id":6943,"href":"https:\/\/qingdaohf.com\/cs\/wp-json\/wp\/v2\/product\/5473\/revisions\/6943"}],"wp:featuredmedia":[{"embeddable":true,"href":"https:\/\/qingdaohf.com\/cs\/wp-json\/wp\/v2\/media\/5232"}],"wp:attachment":[{"href":"https:\/\/qingdaohf.com\/cs\/wp-json\/wp\/v2\/media?parent=5473"}],"wp:term":[{"taxonomy":"product_brand","embeddable":true,"href":"https:\/\/qingdaohf.com\/cs\/wp-json\/wp\/v2\/product_brand?post=5473"},{"taxonomy":"product_cat","embeddable":true,"href":"https:\/\/qingdaohf.com\/cs\/wp-json\/wp\/v2\/product_cat?post=5473"},{"taxonomy":"product_tag","embeddable":true,"href":"https:\/\/qingdaohf.com\/cs\/wp-json\/wp\/v2\/product_tag?post=5473"}],"curies":[{"name":"wp","href":"https:\/\/api.w.org\/{rel}","templated":true}]}}