{"id":5774,"date":"2023-11-22T11:51:53","date_gmt":"2023-11-22T03:51:53","guid":{"rendered":"http:\/\/qingdaohf.com\/?post_type=product&#038;p=5774"},"modified":"2025-11-13T09:04:01","modified_gmt":"2025-11-13T01:04:01","slug":"galvanized-stainless-steel-wire-rope-tube-thimble","status":"publish","type":"product","link":"https:\/\/qingdaohf.com\/cs\/produkt\/pozinkovany-naprstek-z-nerezoveho-lana\/","title":{"rendered":"Trubkov\u00fd n\u00e1prstek z ocelov\u00e9ho lana"},"content":{"rendered":"<div class=\"ast-oembed-container\" style=\"height: 100%;\"><iframe title=\"Klip na trubkov\u00e9 lano\" width=\"500\" height=\"281\" src=\"https:\/\/www.youtube.com\/embed\/iYLBIl6iZIc?feature=oembed\" frameborder=\"0\" allow=\"accelerometer; autoplay; clipboard-write; encrypted-media; gyroscope; picture-in-picture; web-share\" referrerpolicy=\"strict-origin-when-cross-origin\" allowfullscreen><\/iframe><\/div>\n<h3>Excelentn\u00ed materi\u00e1l:<\/h3>\n<p>Na\u0161e lanov\u00e9 n\u00e1prstky jsou pe\u010dliv\u011b vyrobeny z vysoce kvalitn\u00edch materi\u00e1l\u016f, p\u0159ev\u00e1\u017en\u011b z nerezov\u00e9 a pozinkovan\u00e9 oceli. Pro\u010d? Proto\u017ee jsme odhodl\u00e1ni poskytovat v\u00e1m komponenty, kter\u00e9 odol\u00e1vaj\u00ed korozi a vydr\u017e\u00ed n\u00e1ro\u010dn\u00e9 podm\u00ednky va\u0161eho provozu.<\/p>\n<h3>In\u017een\u00fdrsk\u00e1 excelence:<\/h3>\n<p>Na\u0161e n\u00e1prstky jsou navr\u017eeny v trubkov\u00e9m tvaru a jsou v\u00edce ne\u017e pouh\u00fdm p\u0159\u00edslu\u0161enstv\u00edm. Jsou to strategick\u00e9 v\u00fdztuhy, strategicky um\u00edst\u011bn\u00e9 tak, aby zm\u00edr\u0148ovaly opot\u0159eben\u00ed, zejm\u00e9na v kritick\u00fdch m\u00edstech, kde se lano st\u00fdk\u00e1 s jin\u00fdmi povrchy nebo kde man\u00e9vruje ve st\u00edsn\u011bn\u00fdch prostorech.<\/p>\n<h3>Struktur\u00e1ln\u00ed podpora:<\/h3>\n<p>Udr\u017eov\u00e1n\u00ed celistvosti ocelov\u00e9ho lana je z\u00e1sadn\u00ed a na\u0161e n\u00e1prstky v tomto ohledu vynikaj\u00ed. Udr\u017euj\u00ed struktur\u00e1ln\u00ed integritu oka nebo smy\u010dky lana a zaji\u0161\u0165uj\u00ed v\u017edy hladk\u00fd chod bez zalomen\u00ed.<\/p>\n<h3>Mistrovstv\u00ed v distribuci z\u00e1t\u011b\u017ee:<\/h3>\n<p>V n\u00e1ro\u010dn\u00fdch aplikac\u00edch je nejd\u016fle\u017eit\u011bj\u0161\u00ed rovnom\u011brn\u00e9 rozlo\u017een\u00ed zat\u00ed\u017een\u00ed. Na\u0161e n\u00e1prstky se s t\u00edmto \u00fakolem vyrovn\u00e1vaj\u00ed t\u00edm, \u017ee \u00fa\u010dinn\u011b rozkl\u00e1daj\u00ed zat\u00ed\u017een\u00ed po cel\u00e9 d\u00e9lce lana, \u010d\u00edm\u017e zabra\u0148uj\u00ed nadm\u011brn\u00e9 koncentraci nap\u011bt\u00ed.<\/p>\n<h3>Bezprobl\u00e9mov\u00e1 integrace:<\/h3>\n<p>Instalace je snadn\u00e1. Sta\u010d\u00ed vlo\u017eit n\u00e1prstek do smy\u010dky ocelov\u00e9ho lana a zajistit jej standardn\u00edmi metodami v oboru - lisov\u00e1n\u00edm, kov\u00e1n\u00edm nebo spolehliv\u00fdmi lanov\u00fdmi sponami.<\/p>\n<h3>V\u0161estrann\u00e9 pou\u017eit\u00ed:<\/h3>\n<p>N\u00e1prstky hraj\u00ed kl\u00ed\u010dovou roli v r\u016fzn\u00fdch pr\u016fmyslov\u00fdch odv\u011btv\u00edch, od n\u00e1mo\u0159n\u00edch operac\u00ed a\u017e po stavebnictv\u00ed a takel\u00e1\u017e. A\u0165 u\u017e jsou va\u0161e ocelov\u00e1 lana vystavena jak\u00e9koliv zkou\u0161ce, na\u0161e n\u00e1prstky zajist\u00ed, \u017ee se s touto v\u00fdzvou vyrovnaj\u00ed.<\/p>","protected":false},"excerpt":{"rendered":"<p>Na\u0161e n\u00e1prstky jsou vyrobeny z vysoce kvalitn\u00ed nerezov\u00e9 a pozinkovan\u00e9 oceli a jsou navr\u017eeny tak, aby odolaly i t\u011bm nejn\u00e1ro\u010dn\u011bj\u0161\u00edm podm\u00ednk\u00e1m a zajistily vynikaj\u00edc\u00ed odolnost proti korozi. Na\u0161e n\u00e1prstky jsou ide\u00e1ln\u00ed pro celou \u0159adu pr\u016fmyslov\u00fdch odv\u011btv\u00ed, od n\u00e1mo\u0159nictv\u00ed a\u017e po stavebnictv\u00ed, a vynikaj\u00ed t\u00edm, \u017ee zabra\u0148uj\u00ed opot\u0159eben\u00ed v kritick\u00fdch m\u00edstech kontaktu, \u010d\u00edm\u017e zaji\u0161\u0165uj\u00ed bezprobl\u00e9mov\u00fd provoz va\u0161ich ocelov\u00fdch lan. Prozkoumejte bezkonkuren\u010dn\u00ed kvalitu a spolehlivost na\u0161eho p\u0159\u00edslu\u0161enstv\u00ed pro ocelov\u00e1 lana.<\/p>","protected":false},"featured_media":5783,"comment_status":"open","ping_status":"closed","template":"","meta":{"site-sidebar-layout":"default","site-content-layout":"","ast-site-content-layout":"default","site-content-style":"default","site-sidebar-style":"default","ast-global-header-display":"","ast-banner-title-visibility":"","ast-main-header-display":"","ast-hfb-above-header-display":"","ast-hfb-below-header-display":"","ast-hfb-mobile-header-display":"","site-post-title":"","ast-breadcrumbs-content":"","ast-featured-img":"","footer-sml-layout":"","theme-transparent-header-meta":"default","adv-header-id-meta":"","stick-header-meta":"default","header-above-stick-meta":"","header-main-stick-meta":"","header-below-stick-meta":"","astra-migrate-meta-layouts":"set","ast-page-background-enabled":"default","ast-page-background-meta":{"desktop":{"background-color":"","background-image":"","background-repeat":"repeat","background-position":"center center","background-size":"auto","background-attachment":"scroll","background-type":"","background-media":"","overlay-type":"","overlay-color":"","overlay-opacity":"","overlay-gradient":""},"tablet":{"background-color":"","background-image":"","background-repeat":"repeat","background-position":"center center","background-size":"auto","background-attachment":"scroll","background-type":"","background-media":"","overlay-type":"","overlay-color":"","overlay-opacity":"","overlay-gradient":""},"mobile":{"background-color":"","background-image":"","background-repeat":"repeat","background-position":"center center","background-size":"auto","background-attachment":"scroll","background-type":"","background-media":"","overlay-type":"","overlay-color":"","overlay-opacity":"","overlay-gradient":""}},"ast-content-background-meta":{"desktop":{"background-color":"var(--ast-global-color-5)","background-image":"","background-repeat":"repeat","background-position":"center center","background-size":"auto","background-attachment":"scroll","background-type":"","background-media":"","overlay-type":"","overlay-color":"","overlay-opacity":"","overlay-gradient":""},"tablet":{"background-color":"var(--ast-global-color-5)","background-image":"","background-repeat":"repeat","background-position":"center center","background-size":"auto","background-attachment":"scroll","background-type":"","background-media":"","overlay-type":"","overlay-color":"","overlay-opacity":"","overlay-gradient":""},"mobile":{"background-color":"var(--ast-global-color-5)","background-image":"","background-repeat":"repeat","background-position":"center center","background-size":"auto","background-attachment":"scroll","background-type":"","background-media":"","overlay-type":"","overlay-color":"","overlay-opacity":"","overlay-gradient":""}}},"product_brand":[],"product_cat":[37],"product_tag":[],"class_list":{"0":"post-5774","1":"product","2":"type-product","3":"status-publish","4":"has-post-thumbnail","6":"product_cat-wire-rope","7":"desktop-align-left","8":"tablet-align-left","9":"mobile-align-left","10":"ast-product-gallery-layout-horizontal-slider","11":"ast-product-tabs-layout-horizontal","13":"first","14":"instock","15":"shipping-taxable","16":"purchasable","17":"product-type-simple"},"yoast_head":"<!-- This site is optimized with the Yoast SEO plugin v25.2 - https:\/\/yoast.com\/wordpress\/plugins\/seo\/ -->\n<title>Wire Rope Tube Thimble<\/title>\n<meta name=\"description\" content=\"Crafted from high-grade stainless steel and galvanized steel, our thimbles are designed to withstand the toughest conditions, providing superior corrosion resistance.\" \/>\n<meta name=\"robots\" content=\"index, follow, max-snippet:-1, max-image-preview:large, max-video-preview:-1\" \/>\n<link rel=\"canonical\" href=\"https:\/\/qingdaohf.com\/cs\/produkt\/pozinkovany-naprstek-z-nerezoveho-lana\/\" \/>\n<meta property=\"og:locale\" content=\"cs_CZ\" \/>\n<meta property=\"og:type\" content=\"article\" \/>\n<meta property=\"og:title\" content=\"Wire Rope Tube Thimble\" \/>\n<meta property=\"og:description\" content=\"Crafted from high-grade stainless steel and galvanized steel, our thimbles are designed to withstand the toughest conditions, providing superior corrosion resistance.\" \/>\n<meta property=\"og:url\" content=\"https:\/\/qingdaohf.com\/cs\/produkt\/pozinkovany-naprstek-z-nerezoveho-lana\/\" \/>\n<meta property=\"og:site_name\" content=\"Concrete Form &amp; Rigging Hardware Supplier\" \/>\n<meta property=\"article:publisher\" content=\"https:\/\/www.facebook.com\/qingdaohf\" \/>\n<meta property=\"article:modified_time\" content=\"2025-11-13T01:04:01+00:00\" \/>\n<meta property=\"og:image\" content=\"https:\/\/qingdaohf.com\/wp-content\/uploads\/2023\/11\/tube-thimble-4.jpg\" \/>\n\t<meta property=\"og:image:width\" content=\"800\" \/>\n\t<meta property=\"og:image:height\" content=\"800\" \/>\n\t<meta property=\"og:image:type\" content=\"image\/jpeg\" \/>\n<meta name=\"twitter:card\" content=\"summary_large_image\" \/>\n<meta name=\"twitter:label1\" content=\"Odhadovan\u00e1 doba \u010dten\u00ed\" \/>\n\t<meta name=\"twitter:data1\" content=\"2 minuty\" \/>\n<script type=\"application\/ld+json\" class=\"yoast-schema-graph\">{\"@context\":\"https:\/\/schema.org\",\"@graph\":[{\"@type\":\"WebPage\",\"@id\":\"https:\/\/qingdaohf.com\/product\/galvanized-stainless-steel-wire-rope-tube-thimble\/\",\"url\":\"https:\/\/qingdaohf.com\/product\/galvanized-stainless-steel-wire-rope-tube-thimble\/\",\"name\":\"Wire Rope Tube Thimble\",\"isPartOf\":{\"@id\":\"https:\/\/qingdaohf.com\/bg\/#website\"},\"primaryImageOfPage\":{\"@id\":\"https:\/\/qingdaohf.com\/product\/galvanized-stainless-steel-wire-rope-tube-thimble\/#primaryimage\"},\"image\":{\"@id\":\"https:\/\/qingdaohf.com\/product\/galvanized-stainless-steel-wire-rope-tube-thimble\/#primaryimage\"},\"thumbnailUrl\":\"https:\/\/qingdaohf.com\/wp-content\/uploads\/2023\/11\/tube-thimble-4.jpg\",\"datePublished\":\"2023-11-22T03:51:53+00:00\",\"dateModified\":\"2025-11-13T01:04:01+00:00\",\"description\":\"Crafted from high-grade stainless steel and galvanized steel, our thimbles are designed to withstand the toughest conditions, providing superior corrosion resistance.\",\"breadcrumb\":{\"@id\":\"https:\/\/qingdaohf.com\/product\/galvanized-stainless-steel-wire-rope-tube-thimble\/#breadcrumb\"},\"inLanguage\":\"cs\",\"potentialAction\":[{\"@type\":\"ReadAction\",\"target\":[\"https:\/\/qingdaohf.com\/product\/galvanized-stainless-steel-wire-rope-tube-thimble\/\"]}]},{\"@type\":\"ImageObject\",\"inLanguage\":\"cs\",\"@id\":\"https:\/\/qingdaohf.com\/product\/galvanized-stainless-steel-wire-rope-tube-thimble\/#primaryimage\",\"url\":\"https:\/\/qingdaohf.com\/wp-content\/uploads\/2023\/11\/tube-thimble-4.jpg\",\"contentUrl\":\"https:\/\/qingdaohf.com\/wp-content\/uploads\/2023\/11\/tube-thimble-4.jpg\",\"width\":800,\"height\":800,\"caption\":\"tube thimble\"},{\"@type\":\"BreadcrumbList\",\"@id\":\"https:\/\/qingdaohf.com\/product\/galvanized-stainless-steel-wire-rope-tube-thimble\/#breadcrumb\",\"itemListElement\":[{\"@type\":\"ListItem\",\"position\":1,\"name\":\"Home\",\"item\":\"https:\/\/qingdaohf.com\/\"},{\"@type\":\"ListItem\",\"position\":2,\"name\":\"Concrete Forming Accessories and Rigging Hardware\",\"item\":\"https:\/\/qingdaohf.com\/bg\/?page_id=944\"},{\"@type\":\"ListItem\",\"position\":3,\"name\":\"Wire Rope Tube Thimble\"}]},{\"@type\":\"WebSite\",\"@id\":\"https:\/\/qingdaohf.com\/bg\/#website\",\"url\":\"https:\/\/qingdaohf.com\/bg\/\",\"name\":\"Concrete Form & Rigging Hardware Supplier\",\"description\":\"\",\"publisher\":{\"@id\":\"https:\/\/qingdaohf.com\/bg\/#organization\"},\"potentialAction\":[{\"@type\":\"SearchAction\",\"target\":{\"@type\":\"EntryPoint\",\"urlTemplate\":\"https:\/\/qingdaohf.com\/bg\/?s={search_term_string}\"},\"query-input\":{\"@type\":\"PropertyValueSpecification\",\"valueRequired\":true,\"valueName\":\"search_term_string\"}}],\"inLanguage\":\"cs\"},{\"@type\":\"Organization\",\"@id\":\"https:\/\/qingdaohf.com\/bg\/#organization\",\"name\":\"Qingdao H&F\",\"url\":\"https:\/\/qingdaohf.com\/bg\/\",\"logo\":{\"@type\":\"ImageObject\",\"inLanguage\":\"cs\",\"@id\":\"https:\/\/qingdaohf.com\/bg\/#\/schema\/logo\/image\/\",\"url\":\"https:\/\/qingdaohf.com\/wp-content\/uploads\/2022\/12\/cropped-HF-LOGO.png\",\"contentUrl\":\"https:\/\/qingdaohf.com\/wp-content\/uploads\/2022\/12\/cropped-HF-LOGO.png\",\"width\":391,\"height\":249,\"caption\":\"Qingdao H&F\"},\"image\":{\"@id\":\"https:\/\/qingdaohf.com\/bg\/#\/schema\/logo\/image\/\"},\"sameAs\":[\"https:\/\/www.facebook.com\/qingdaohf\"]}]}<\/script>\n<!-- \/ Yoast SEO plugin. -->","yoast_head_json":{"title":"Wire Rope Tube Thimble","description":"Crafted from high-grade stainless steel and galvanized steel, our thimbles are designed to withstand the toughest conditions, providing superior corrosion resistance.","robots":{"index":"index","follow":"follow","max-snippet":"max-snippet:-1","max-image-preview":"max-image-preview:large","max-video-preview":"max-video-preview:-1"},"canonical":"https:\/\/qingdaohf.com\/cs\/produkt\/pozinkovany-naprstek-z-nerezoveho-lana\/","og_locale":"cs_CZ","og_type":"article","og_title":"Wire Rope Tube Thimble","og_description":"Crafted from high-grade stainless steel and galvanized steel, our thimbles are designed to withstand the toughest conditions, providing superior corrosion resistance.","og_url":"https:\/\/qingdaohf.com\/cs\/produkt\/pozinkovany-naprstek-z-nerezoveho-lana\/","og_site_name":"Concrete Form &amp; Rigging Hardware Supplier","article_publisher":"https:\/\/www.facebook.com\/qingdaohf","article_modified_time":"2025-11-13T01:04:01+00:00","og_image":[{"width":800,"height":800,"url":"https:\/\/qingdaohf.com\/wp-content\/uploads\/2023\/11\/tube-thimble-4.jpg","type":"image\/jpeg"}],"twitter_card":"summary_large_image","twitter_misc":{"Odhadovan\u00e1 doba \u010dten\u00ed":"2 minuty"},"schema":{"@context":"https:\/\/schema.org","@graph":[{"@type":"WebPage","@id":"https:\/\/qingdaohf.com\/product\/galvanized-stainless-steel-wire-rope-tube-thimble\/","url":"https:\/\/qingdaohf.com\/product\/galvanized-stainless-steel-wire-rope-tube-thimble\/","name":"Wire Rope Tube Thimble","isPartOf":{"@id":"https:\/\/qingdaohf.com\/bg\/#website"},"primaryImageOfPage":{"@id":"https:\/\/qingdaohf.com\/product\/galvanized-stainless-steel-wire-rope-tube-thimble\/#primaryimage"},"image":{"@id":"https:\/\/qingdaohf.com\/product\/galvanized-stainless-steel-wire-rope-tube-thimble\/#primaryimage"},"thumbnailUrl":"https:\/\/qingdaohf.com\/wp-content\/uploads\/2023\/11\/tube-thimble-4.jpg","datePublished":"2023-11-22T03:51:53+00:00","dateModified":"2025-11-13T01:04:01+00:00","description":"Crafted from high-grade stainless steel and galvanized steel, our thimbles are designed to withstand the toughest conditions, providing superior corrosion resistance.","breadcrumb":{"@id":"https:\/\/qingdaohf.com\/product\/galvanized-stainless-steel-wire-rope-tube-thimble\/#breadcrumb"},"inLanguage":"cs","potentialAction":[{"@type":"ReadAction","target":["https:\/\/qingdaohf.com\/product\/galvanized-stainless-steel-wire-rope-tube-thimble\/"]}]},{"@type":"ImageObject","inLanguage":"cs","@id":"https:\/\/qingdaohf.com\/product\/galvanized-stainless-steel-wire-rope-tube-thimble\/#primaryimage","url":"https:\/\/qingdaohf.com\/wp-content\/uploads\/2023\/11\/tube-thimble-4.jpg","contentUrl":"https:\/\/qingdaohf.com\/wp-content\/uploads\/2023\/11\/tube-thimble-4.jpg","width":800,"height":800,"caption":"tube thimble"},{"@type":"BreadcrumbList","@id":"https:\/\/qingdaohf.com\/product\/galvanized-stainless-steel-wire-rope-tube-thimble\/#breadcrumb","itemListElement":[{"@type":"ListItem","position":1,"name":"Home","item":"https:\/\/qingdaohf.com\/"},{"@type":"ListItem","position":2,"name":"Concrete Forming Accessories and Rigging Hardware","item":"https:\/\/qingdaohf.com\/bg\/?page_id=944"},{"@type":"ListItem","position":3,"name":"Wire Rope Tube Thimble"}]},{"@type":"WebSite","@id":"https:\/\/qingdaohf.com\/bg\/#website","url":"https:\/\/qingdaohf.com\/bg\/","name":"Concrete Form & Rigging Hardware Supplier","description":"","publisher":{"@id":"https:\/\/qingdaohf.com\/bg\/#organization"},"potentialAction":[{"@type":"SearchAction","target":{"@type":"EntryPoint","urlTemplate":"https:\/\/qingdaohf.com\/bg\/?s={search_term_string}"},"query-input":{"@type":"PropertyValueSpecification","valueRequired":true,"valueName":"search_term_string"}}],"inLanguage":"cs"},{"@type":"Organization","@id":"https:\/\/qingdaohf.com\/bg\/#organization","name":"Qingdao H&F","url":"https:\/\/qingdaohf.com\/bg\/","logo":{"@type":"ImageObject","inLanguage":"cs","@id":"https:\/\/qingdaohf.com\/bg\/#\/schema\/logo\/image\/","url":"https:\/\/qingdaohf.com\/wp-content\/uploads\/2022\/12\/cropped-HF-LOGO.png","contentUrl":"https:\/\/qingdaohf.com\/wp-content\/uploads\/2022\/12\/cropped-HF-LOGO.png","width":391,"height":249,"caption":"Qingdao H&F"},"image":{"@id":"https:\/\/qingdaohf.com\/bg\/#\/schema\/logo\/image\/"},"sameAs":["https:\/\/www.facebook.com\/qingdaohf"]}]}},"_links":{"self":[{"href":"https:\/\/qingdaohf.com\/cs\/wp-json\/wp\/v2\/product\/5774","targetHints":{"allow":["GET"]}}],"collection":[{"href":"https:\/\/qingdaohf.com\/cs\/wp-json\/wp\/v2\/product"}],"about":[{"href":"https:\/\/qingdaohf.com\/cs\/wp-json\/wp\/v2\/types\/product"}],"replies":[{"embeddable":true,"href":"https:\/\/qingdaohf.com\/cs\/wp-json\/wp\/v2\/comments?post=5774"}],"version-history":[{"count":5,"href":"https:\/\/qingdaohf.com\/cs\/wp-json\/wp\/v2\/product\/5774\/revisions"}],"predecessor-version":[{"id":5785,"href":"https:\/\/qingdaohf.com\/cs\/wp-json\/wp\/v2\/product\/5774\/revisions\/5785"}],"wp:featuredmedia":[{"embeddable":true,"href":"https:\/\/qingdaohf.com\/cs\/wp-json\/wp\/v2\/media\/5783"}],"wp:attachment":[{"href":"https:\/\/qingdaohf.com\/cs\/wp-json\/wp\/v2\/media?parent=5774"}],"wp:term":[{"taxonomy":"product_brand","embeddable":true,"href":"https:\/\/qingdaohf.com\/cs\/wp-json\/wp\/v2\/product_brand?post=5774"},{"taxonomy":"product_cat","embeddable":true,"href":"https:\/\/qingdaohf.com\/cs\/wp-json\/wp\/v2\/product_cat?post=5774"},{"taxonomy":"product_tag","embeddable":true,"href":"https:\/\/qingdaohf.com\/cs\/wp-json\/wp\/v2\/product_tag?post=5774"}],"curies":[{"name":"wp","href":"https:\/\/api.w.org\/{rel}","templated":true}]}}