{"id":5799,"date":"2023-11-23T11:35:43","date_gmt":"2023-11-23T03:35:43","guid":{"rendered":"http:\/\/qingdaohf.com\/?post_type=product&#038;p=5799"},"modified":"2025-11-13T09:04:01","modified_gmt":"2025-11-13T01:04:01","slug":"towing-shackle","status":"publish","type":"product","link":"https:\/\/qingdaohf.com\/cs\/produkt\/tazne-zarizeni\/","title":{"rendered":"Ta\u017en\u00e9 za\u0159\u00edzen\u00ed"},"content":{"rendered":"<h2>V\u00fdhody na\u0161ich ta\u017en\u00fdch pout:<\/h2>\n<h3>Vysok\u00e1 pevnost v tahu:<\/h3>\n<p>Na\u0161e ta\u017en\u00e1 oka se vyzna\u010duj\u00ed vynikaj\u00edc\u00ed pevnost\u00ed v tahu, kter\u00e1 zaji\u0161\u0165uje spolehliv\u00fd v\u00fdkon p\u0159i velk\u00e9m zat\u00ed\u017een\u00ed. Va\u0161i z\u00e1kazn\u00edci vy\u017eaduj\u00ed kvalitu a my ji poskytujeme.<\/p>\n<h3>Odolnost proti korozi:<\/h3>\n<p>V\u00fdraznou vlastnost\u00ed na\u0161ich t\u0159men\u016f je jejich v\u00fdjime\u010dn\u00e1 odolnost proti korozi. D\u00edky inovativn\u00edm materi\u00e1l\u016fm a n\u00e1t\u011br\u016fm zaji\u0161\u0165ujeme jejich del\u0161\u00ed \u017eivotnost, tak\u017ee jsou ide\u00e1ln\u00ed pro r\u016fzn\u00e1 prost\u0159ed\u00ed, od n\u00e1mo\u0159n\u00edch aplikac\u00ed a\u017e po drsn\u00e9 pr\u016fmyslov\u00e9 prost\u0159ed\u00ed.<\/p>\n<h3>P\u0159esn\u00e9 stroj\u00edrenstv\u00ed:<\/h3>\n<p>Ka\u017ed\u00fd t\u0159men je pe\u010dliv\u011b zkonstruov\u00e1n s ohledem na p\u0159esnost. To zaji\u0161\u0165uje dokonal\u00e9 uchycen\u00ed, sni\u017euje opot\u0159eben\u00ed a zvy\u0161uje celkovou bezpe\u010dnost p\u0159i ta\u017een\u00ed.<\/p>\n<h3>V\u0161estrannost pou\u017eit\u00ed:<\/h3>\n<p>Na\u0161e ta\u017en\u00e1 oka jsou navr\u017eena s ohledem na v\u0161estrannost. A\u0165 u\u017e se jedn\u00e1 o komer\u010dn\u00ed ta\u017een\u00ed p\u0159i vysok\u00e9m zat\u00ed\u017een\u00ed nebo specializovan\u00e9 pr\u016fmyslov\u00e9 aplikace, na\u0161e v\u00fdrobky spl\u0148uj\u00ed \u0161irokou \u0161k\u00e1lu pot\u0159eb, a jsou tak vhodn\u00fdm \u0159e\u0161en\u00edm pro r\u016fzn\u00e1 odv\u011btv\u00ed.<\/p>\n<h3>Dodr\u017eov\u00e1n\u00ed pr\u016fmyslov\u00fdch norem:<\/h3>\n<p>Jsme hrd\u00ed na to, \u017ee p\u0159ekra\u010dujeme pr\u016fmyslov\u00e9 standardy. Na\u0161e ta\u017en\u00e1 oka nejsou jen v souladu s p\u0159edpisy, ale jdou nad jejich r\u00e1mec a spl\u0148uj\u00ed nebo p\u0159ekra\u010duj\u00ed p\u0159edpisy, aby byla zaji\u0161t\u011bna nejvy\u0161\u0161\u00ed \u00farove\u0148 bezpe\u010dnosti a spolehlivosti.<\/p>\n<h2>Va\u0161e obavy, na\u0161e \u0159e\u0161en\u00ed:<\/h2>\n<h3>Zaji\u0161t\u011bn\u00ed kvality v\u00fdrobk\u016f:<\/h3>\n<p>Na\u0161e ta\u017en\u00e1 oka proch\u00e1zej\u00ed p\u0159\u00edsn\u00fdmi kontrolami kvality a spl\u0148uj\u00ed a p\u0159ekra\u010duj\u00ed pr\u016fmyslov\u00e9 normy. Vysok\u00e1 pevnost v tahu a odolnost proti korozi jsou kl\u00ed\u010dov\u00fdmi prvky, kter\u00e9 na\u0161e v\u00fdrobky odli\u0161uj\u00ed.<\/p>\n<h3>D\u016fv\u011bryhodnost dodavatele:<\/h3>\n<p>D\u00edky 20 let\u016fm zku\u0161enost\u00ed jsme se stali d\u016fv\u011bryhodnou zahrani\u010dn\u00ed obchodn\u00ed spole\u010dnost\u00ed s vlastn\u00ed tov\u00e1rnou. P\u0159esn\u00e9 technick\u00e9 zpracov\u00e1n\u00ed na\u0161ich t\u0159men\u016f odr\u00e1\u017e\u00ed n\u00e1\u0161 z\u00e1vazek spolehlivosti a dokonalosti.<\/p>\n<h3>Cenov\u00e1 konkurenceschopnost:<\/h3>\n<p>Nab\u00edz\u00edme konkurenceschopn\u00e9 ceny bez kompromis\u016f v kvalit\u011b na\u0161ich ta\u017en\u00fdch ok. Hodnota, kterou p\u0159in\u00e1\u0161ej\u00ed, zejm\u00e9na d\u00edky sv\u00e9 v\u0161estrannosti a souladu s pr\u016fmyslov\u00fdmi normami, v\u00e1m zajist\u00ed, \u017ee ze sv\u00e9 investice vyt\u011b\u017e\u00edte maximum.<\/p>\n<h3>Doprava a doru\u010den\u00ed:<\/h3>\n<p>Na\u0161e efektivn\u00ed logistika zaji\u0161\u0165uje v\u010dasn\u00e9 dod\u00e1n\u00ed a antikorozn\u00ed vlastnosti na\u0161ich pout zaru\u010duj\u00ed, \u017ee budou dod\u00e1na ve \u0161pi\u010dkov\u00e9m stavu.<\/p>\n<h3>Mo\u017enosti p\u0159izp\u016fsoben\u00ed:<\/h3>\n<p>Na\u0161e ta\u017en\u00e1 oka lze p\u0159izp\u016fsobit va\u0161im specifick\u00fdm pot\u0159eb\u00e1m. A\u0165 u\u017e se jedn\u00e1 o \u00fapravu pevnosti v tahu nebo jin\u00fdch specifikac\u00ed, na\u0161e p\u0159esn\u00e9 in\u017een\u00fdrstv\u00ed umo\u017e\u0148uje \u0159e\u0161en\u00ed na m\u00edru.<\/p>\n<h3>Platebn\u00ed podm\u00ednky:<\/h3>\n<p>Vyjednejte si platebn\u00ed podm\u00ednky, kter\u00e9 odpov\u00eddaj\u00ed va\u0161im finan\u010dn\u00edm mo\u017enostem. N\u00e1\u0161 z\u00e1vazek ke kvalit\u011b a dodr\u017eov\u00e1n\u00ed p\u0159edpis\u016f v\u00e1m zaru\u010d\u00ed, \u017ee va\u0161e investice je bezpe\u010dn\u00e1.<\/p>\n<h3>Komunikace a vst\u0159\u00edcnost:<\/h3>\n<p>N\u00e1\u0161 individu\u00e1ln\u00ed z\u00e1kaznick\u00fd servis zaji\u0161\u0165uje rychlou a efektivn\u00ed komunikaci v pr\u016fb\u011bhu cel\u00e9ho n\u00e1kupn\u00edho procesu. Jak\u00e9koli dotazy nebo p\u0159ipom\u00ednky jsou \u0159e\u0161eny s preciznost\u00ed, kter\u00e1 odr\u00e1\u017e\u00ed na\u0161e produktov\u00e9 in\u017een\u00fdrstv\u00ed.<\/p>\n<h3>Poprodejn\u00ed podpora:<\/h3>\n<p>Informujte se o poprodejn\u00ed podpo\u0159e a z\u00e1ru\u010dn\u00edch podm\u00ednk\u00e1ch dodavatele. Na\u0161e filozofie neust\u00e1l\u00e9ho zlep\u0161ov\u00e1n\u00ed zaji\u0161\u0165uje pr\u016fb\u011b\u017enou podporu, dokud nen\u00ed zbo\u017e\u00ed dod\u00e1no a nespln\u00ed nebo nep\u0159ekon\u00e1 va\u0161e o\u010dek\u00e1v\u00e1n\u00ed.<\/p>\n<p>Zlep\u0161ete svou B2B hru s H&amp;F. P\u0159in\u00e1\u0161\u00edme kvalitu, spolehlivost a bezprobl\u00e9mov\u00e9 transakce. Spojte se s n\u00e1mi pro cenovou nab\u00eddku nebo pro diskusi o va\u0161ich pot\u0159eb\u00e1ch v oblasti velkoobjemov\u00fdch ta\u017en\u00fdch pout. Poj\u010fme vybudovat partnerstv\u00ed, kter\u00e9 vydr\u017e\u00ed!<\/p>","protected":false},"excerpt":{"rendered":"<p>Nyn\u00ed jste n\u00e1kup\u010d\u00ed s dvacetiletou prax\u00ed. Specializuje se na n\u00e1kup ta\u017en\u00fdch za\u0159\u00edzen\u00ed. Nyn\u00ed jste p\u0159ipraveni nakupovat produkty na Googlu.<br \/>\nPromluvme si o probl\u00e9mech, kter\u00e9 kupuj\u00edc\u00ed nejv\u00edce zaj\u00edmaj\u00ed.<br \/>\nV reakci na v\u00fd\u0161e uveden\u00e9 probl\u00e9my poskytujeme nejrozumn\u011bj\u0161\u00ed \u0159e\u0161en\u00ed, aby kupuj\u00edc\u00ed mohli s d\u016fv\u011brou zas\u00edlat dotazy.<\/p>","protected":false},"featured_media":5806,"comment_status":"open","ping_status":"closed","template":"","meta":{"site-sidebar-layout":"default","site-content-layout":"","ast-site-content-layout":"default","site-content-style":"default","site-sidebar-style":"default","ast-global-header-display":"","ast-banner-title-visibility":"","ast-main-header-display":"","ast-hfb-above-header-display":"","ast-hfb-below-header-display":"","ast-hfb-mobile-header-display":"","site-post-title":"","ast-breadcrumbs-content":"","ast-featured-img":"","footer-sml-layout":"","theme-transparent-header-meta":"default","adv-header-id-meta":"","stick-header-meta":"default","header-above-stick-meta":"","header-main-stick-meta":"","header-below-stick-meta":"","astra-migrate-meta-layouts":"set","ast-page-background-enabled":"default","ast-page-background-meta":{"desktop":{"background-color":"","background-image":"","background-repeat":"repeat","background-position":"center center","background-size":"auto","background-attachment":"scroll","background-type":"","background-media":"","overlay-type":"","overlay-color":"","overlay-opacity":"","overlay-gradient":""},"tablet":{"background-color":"","background-image":"","background-repeat":"repeat","background-position":"center center","background-size":"auto","background-attachment":"scroll","background-type":"","background-media":"","overlay-type":"","overlay-color":"","overlay-opacity":"","overlay-gradient":""},"mobile":{"background-color":"","background-image":"","background-repeat":"repeat","background-position":"center center","background-size":"auto","background-attachment":"scroll","background-type":"","background-media":"","overlay-type":"","overlay-color":"","overlay-opacity":"","overlay-gradient":""}},"ast-content-background-meta":{"desktop":{"background-color":"var(--ast-global-color-5)","background-image":"","background-repeat":"repeat","background-position":"center center","background-size":"auto","background-attachment":"scroll","background-type":"","background-media":"","overlay-type":"","overlay-color":"","overlay-opacity":"","overlay-gradient":""},"tablet":{"background-color":"var(--ast-global-color-5)","background-image":"","background-repeat":"repeat","background-position":"center center","background-size":"auto","background-attachment":"scroll","background-type":"","background-media":"","overlay-type":"","overlay-color":"","overlay-opacity":"","overlay-gradient":""},"mobile":{"background-color":"var(--ast-global-color-5)","background-image":"","background-repeat":"repeat","background-position":"center center","background-size":"auto","background-attachment":"scroll","background-type":"","background-media":"","overlay-type":"","overlay-color":"","overlay-opacity":"","overlay-gradient":""}}},"product_brand":[],"product_cat":[51,54],"product_tag":[],"class_list":{"0":"post-5799","1":"product","2":"type-product","3":"status-publish","4":"has-post-thumbnail","6":"product_cat-riggging-hardware","7":"product_cat-shackle","8":"desktop-align-left","9":"tablet-align-left","10":"mobile-align-left","11":"ast-product-gallery-layout-horizontal-slider","12":"ast-product-tabs-layout-horizontal","14":"first","15":"instock","16":"shipping-taxable","17":"purchasable","18":"product-type-simple"},"yoast_head":"<!-- This site is optimized with the Yoast SEO plugin v25.2 - https:\/\/yoast.com\/wordpress\/plugins\/seo\/ -->\n<title>Towing Shackle<\/title>\n<meta name=\"description\" content=\"Our Towing Shackles boast superior tensile strength, ensuring reliable performance under heavy loads. Your clients demand quality, and we deliver\" \/>\n<meta name=\"robots\" content=\"index, follow, max-snippet:-1, max-image-preview:large, max-video-preview:-1\" \/>\n<link rel=\"canonical\" href=\"https:\/\/qingdaohf.com\/cs\/produkt\/tazne-zarizeni\/\" \/>\n<meta property=\"og:locale\" content=\"cs_CZ\" \/>\n<meta property=\"og:type\" content=\"article\" \/>\n<meta property=\"og:title\" content=\"Towing Shackle\" \/>\n<meta property=\"og:description\" content=\"Our Towing Shackles boast superior tensile strength, ensuring reliable performance under heavy loads. Your clients demand quality, and we deliver\" \/>\n<meta property=\"og:url\" content=\"https:\/\/qingdaohf.com\/cs\/produkt\/tazne-zarizeni\/\" \/>\n<meta property=\"og:site_name\" content=\"Concrete Form &amp; Rigging Hardware Supplier\" \/>\n<meta property=\"article:publisher\" content=\"https:\/\/www.facebook.com\/qingdaohf\" \/>\n<meta property=\"article:modified_time\" content=\"2025-11-13T01:04:01+00:00\" \/>\n<meta property=\"og:image\" content=\"https:\/\/qingdaohf.com\/wp-content\/uploads\/2023\/11\/Towing-shackle-9.jpg\" \/>\n\t<meta property=\"og:image:width\" content=\"800\" \/>\n\t<meta property=\"og:image:height\" content=\"800\" \/>\n\t<meta property=\"og:image:type\" content=\"image\/jpeg\" \/>\n<meta name=\"twitter:card\" content=\"summary_large_image\" \/>\n<meta name=\"twitter:label1\" content=\"Odhadovan\u00e1 doba \u010dten\u00ed\" \/>\n\t<meta name=\"twitter:data1\" content=\"2 minuty\" \/>\n<script type=\"application\/ld+json\" class=\"yoast-schema-graph\">{\"@context\":\"https:\/\/schema.org\",\"@graph\":[{\"@type\":\"WebPage\",\"@id\":\"https:\/\/qingdaohf.com\/product\/towing-shackle\/\",\"url\":\"https:\/\/qingdaohf.com\/product\/towing-shackle\/\",\"name\":\"Towing Shackle\",\"isPartOf\":{\"@id\":\"https:\/\/qingdaohf.com\/bg\/#website\"},\"primaryImageOfPage\":{\"@id\":\"https:\/\/qingdaohf.com\/product\/towing-shackle\/#primaryimage\"},\"image\":{\"@id\":\"https:\/\/qingdaohf.com\/product\/towing-shackle\/#primaryimage\"},\"thumbnailUrl\":\"https:\/\/qingdaohf.com\/wp-content\/uploads\/2023\/11\/Towing-shackle-9.jpg\",\"datePublished\":\"2023-11-23T03:35:43+00:00\",\"dateModified\":\"2025-11-13T01:04:01+00:00\",\"description\":\"Our Towing Shackles boast superior tensile strength, ensuring reliable performance under heavy loads. Your clients demand quality, and we deliver\",\"breadcrumb\":{\"@id\":\"https:\/\/qingdaohf.com\/product\/towing-shackle\/#breadcrumb\"},\"inLanguage\":\"cs\",\"potentialAction\":[{\"@type\":\"ReadAction\",\"target\":[\"https:\/\/qingdaohf.com\/product\/towing-shackle\/\"]}]},{\"@type\":\"ImageObject\",\"inLanguage\":\"cs\",\"@id\":\"https:\/\/qingdaohf.com\/product\/towing-shackle\/#primaryimage\",\"url\":\"https:\/\/qingdaohf.com\/wp-content\/uploads\/2023\/11\/Towing-shackle-9.jpg\",\"contentUrl\":\"https:\/\/qingdaohf.com\/wp-content\/uploads\/2023\/11\/Towing-shackle-9.jpg\",\"width\":800,\"height\":800,\"caption\":\"Towing shackle\"},{\"@type\":\"BreadcrumbList\",\"@id\":\"https:\/\/qingdaohf.com\/product\/towing-shackle\/#breadcrumb\",\"itemListElement\":[{\"@type\":\"ListItem\",\"position\":1,\"name\":\"Home\",\"item\":\"https:\/\/qingdaohf.com\/\"},{\"@type\":\"ListItem\",\"position\":2,\"name\":\"Concrete Forming Accessories and Rigging Hardware\",\"item\":\"https:\/\/qingdaohf.com\/bg\/?page_id=944\"},{\"@type\":\"ListItem\",\"position\":3,\"name\":\"Towing Shackle\"}]},{\"@type\":\"WebSite\",\"@id\":\"https:\/\/qingdaohf.com\/bg\/#website\",\"url\":\"https:\/\/qingdaohf.com\/bg\/\",\"name\":\"Concrete Form & Rigging Hardware Supplier\",\"description\":\"\",\"publisher\":{\"@id\":\"https:\/\/qingdaohf.com\/bg\/#organization\"},\"potentialAction\":[{\"@type\":\"SearchAction\",\"target\":{\"@type\":\"EntryPoint\",\"urlTemplate\":\"https:\/\/qingdaohf.com\/bg\/?s={search_term_string}\"},\"query-input\":{\"@type\":\"PropertyValueSpecification\",\"valueRequired\":true,\"valueName\":\"search_term_string\"}}],\"inLanguage\":\"cs\"},{\"@type\":\"Organization\",\"@id\":\"https:\/\/qingdaohf.com\/bg\/#organization\",\"name\":\"Qingdao H&F\",\"url\":\"https:\/\/qingdaohf.com\/bg\/\",\"logo\":{\"@type\":\"ImageObject\",\"inLanguage\":\"cs\",\"@id\":\"https:\/\/qingdaohf.com\/bg\/#\/schema\/logo\/image\/\",\"url\":\"https:\/\/qingdaohf.com\/wp-content\/uploads\/2022\/12\/cropped-HF-LOGO.png\",\"contentUrl\":\"https:\/\/qingdaohf.com\/wp-content\/uploads\/2022\/12\/cropped-HF-LOGO.png\",\"width\":391,\"height\":249,\"caption\":\"Qingdao H&F\"},\"image\":{\"@id\":\"https:\/\/qingdaohf.com\/bg\/#\/schema\/logo\/image\/\"},\"sameAs\":[\"https:\/\/www.facebook.com\/qingdaohf\"]}]}<\/script>\n<!-- \/ Yoast SEO plugin. -->","yoast_head_json":{"title":"Towing Shackle","description":"Our Towing Shackles boast superior tensile strength, ensuring reliable performance under heavy loads. Your clients demand quality, and we deliver","robots":{"index":"index","follow":"follow","max-snippet":"max-snippet:-1","max-image-preview":"max-image-preview:large","max-video-preview":"max-video-preview:-1"},"canonical":"https:\/\/qingdaohf.com\/cs\/produkt\/tazne-zarizeni\/","og_locale":"cs_CZ","og_type":"article","og_title":"Towing Shackle","og_description":"Our Towing Shackles boast superior tensile strength, ensuring reliable performance under heavy loads. Your clients demand quality, and we deliver","og_url":"https:\/\/qingdaohf.com\/cs\/produkt\/tazne-zarizeni\/","og_site_name":"Concrete Form &amp; Rigging Hardware Supplier","article_publisher":"https:\/\/www.facebook.com\/qingdaohf","article_modified_time":"2025-11-13T01:04:01+00:00","og_image":[{"width":800,"height":800,"url":"https:\/\/qingdaohf.com\/wp-content\/uploads\/2023\/11\/Towing-shackle-9.jpg","type":"image\/jpeg"}],"twitter_card":"summary_large_image","twitter_misc":{"Odhadovan\u00e1 doba \u010dten\u00ed":"2 minuty"},"schema":{"@context":"https:\/\/schema.org","@graph":[{"@type":"WebPage","@id":"https:\/\/qingdaohf.com\/product\/towing-shackle\/","url":"https:\/\/qingdaohf.com\/product\/towing-shackle\/","name":"Towing Shackle","isPartOf":{"@id":"https:\/\/qingdaohf.com\/bg\/#website"},"primaryImageOfPage":{"@id":"https:\/\/qingdaohf.com\/product\/towing-shackle\/#primaryimage"},"image":{"@id":"https:\/\/qingdaohf.com\/product\/towing-shackle\/#primaryimage"},"thumbnailUrl":"https:\/\/qingdaohf.com\/wp-content\/uploads\/2023\/11\/Towing-shackle-9.jpg","datePublished":"2023-11-23T03:35:43+00:00","dateModified":"2025-11-13T01:04:01+00:00","description":"Our Towing Shackles boast superior tensile strength, ensuring reliable performance under heavy loads. Your clients demand quality, and we deliver","breadcrumb":{"@id":"https:\/\/qingdaohf.com\/product\/towing-shackle\/#breadcrumb"},"inLanguage":"cs","potentialAction":[{"@type":"ReadAction","target":["https:\/\/qingdaohf.com\/product\/towing-shackle\/"]}]},{"@type":"ImageObject","inLanguage":"cs","@id":"https:\/\/qingdaohf.com\/product\/towing-shackle\/#primaryimage","url":"https:\/\/qingdaohf.com\/wp-content\/uploads\/2023\/11\/Towing-shackle-9.jpg","contentUrl":"https:\/\/qingdaohf.com\/wp-content\/uploads\/2023\/11\/Towing-shackle-9.jpg","width":800,"height":800,"caption":"Towing shackle"},{"@type":"BreadcrumbList","@id":"https:\/\/qingdaohf.com\/product\/towing-shackle\/#breadcrumb","itemListElement":[{"@type":"ListItem","position":1,"name":"Home","item":"https:\/\/qingdaohf.com\/"},{"@type":"ListItem","position":2,"name":"Concrete Forming Accessories and Rigging Hardware","item":"https:\/\/qingdaohf.com\/bg\/?page_id=944"},{"@type":"ListItem","position":3,"name":"Towing Shackle"}]},{"@type":"WebSite","@id":"https:\/\/qingdaohf.com\/bg\/#website","url":"https:\/\/qingdaohf.com\/bg\/","name":"Concrete Form & Rigging Hardware Supplier","description":"","publisher":{"@id":"https:\/\/qingdaohf.com\/bg\/#organization"},"potentialAction":[{"@type":"SearchAction","target":{"@type":"EntryPoint","urlTemplate":"https:\/\/qingdaohf.com\/bg\/?s={search_term_string}"},"query-input":{"@type":"PropertyValueSpecification","valueRequired":true,"valueName":"search_term_string"}}],"inLanguage":"cs"},{"@type":"Organization","@id":"https:\/\/qingdaohf.com\/bg\/#organization","name":"Qingdao H&F","url":"https:\/\/qingdaohf.com\/bg\/","logo":{"@type":"ImageObject","inLanguage":"cs","@id":"https:\/\/qingdaohf.com\/bg\/#\/schema\/logo\/image\/","url":"https:\/\/qingdaohf.com\/wp-content\/uploads\/2022\/12\/cropped-HF-LOGO.png","contentUrl":"https:\/\/qingdaohf.com\/wp-content\/uploads\/2022\/12\/cropped-HF-LOGO.png","width":391,"height":249,"caption":"Qingdao H&F"},"image":{"@id":"https:\/\/qingdaohf.com\/bg\/#\/schema\/logo\/image\/"},"sameAs":["https:\/\/www.facebook.com\/qingdaohf"]}]}},"_links":{"self":[{"href":"https:\/\/qingdaohf.com\/cs\/wp-json\/wp\/v2\/product\/5799","targetHints":{"allow":["GET"]}}],"collection":[{"href":"https:\/\/qingdaohf.com\/cs\/wp-json\/wp\/v2\/product"}],"about":[{"href":"https:\/\/qingdaohf.com\/cs\/wp-json\/wp\/v2\/types\/product"}],"replies":[{"embeddable":true,"href":"https:\/\/qingdaohf.com\/cs\/wp-json\/wp\/v2\/comments?post=5799"}],"version-history":[{"count":3,"href":"https:\/\/qingdaohf.com\/cs\/wp-json\/wp\/v2\/product\/5799\/revisions"}],"predecessor-version":[{"id":5824,"href":"https:\/\/qingdaohf.com\/cs\/wp-json\/wp\/v2\/product\/5799\/revisions\/5824"}],"wp:featuredmedia":[{"embeddable":true,"href":"https:\/\/qingdaohf.com\/cs\/wp-json\/wp\/v2\/media\/5806"}],"wp:attachment":[{"href":"https:\/\/qingdaohf.com\/cs\/wp-json\/wp\/v2\/media?parent=5799"}],"wp:term":[{"taxonomy":"product_brand","embeddable":true,"href":"https:\/\/qingdaohf.com\/cs\/wp-json\/wp\/v2\/product_brand?post=5799"},{"taxonomy":"product_cat","embeddable":true,"href":"https:\/\/qingdaohf.com\/cs\/wp-json\/wp\/v2\/product_cat?post=5799"},{"taxonomy":"product_tag","embeddable":true,"href":"https:\/\/qingdaohf.com\/cs\/wp-json\/wp\/v2\/product_tag?post=5799"}],"curies":[{"name":"wp","href":"https:\/\/api.w.org\/{rel}","templated":true}]}}