{"id":5827,"date":"2023-11-24T11:43:29","date_gmt":"2023-11-24T03:43:29","guid":{"rendered":"http:\/\/qingdaohf.com\/?post_type=product&#038;p=5827"},"modified":"2025-11-13T09:04:01","modified_gmt":"2025-11-13T01:04:01","slug":"wire-buckle","status":"publish","type":"product","link":"https:\/\/qingdaohf.com\/cs\/produkt\/dratena-spona\/","title":{"rendered":"Dr\u00e1t\u011bn\u00e1 spona"},"content":{"rendered":"<h2><img fetchpriority=\"high\" decoding=\"async\" class=\"alignnone wp-image-9549 size-full\" style=\"font-size: 1.7em;\" src=\"http:\/\/qingdaohf.com\/wp-content\/uploads\/2023\/11\/strapping-banner.jpg\" alt=\"\" width=\"1640\" height=\"924\" srcset=\"https:\/\/qingdaohf.com\/wp-content\/uploads\/2023\/11\/strapping-banner.jpg 1640w, https:\/\/qingdaohf.com\/wp-content\/uploads\/2023\/11\/strapping-banner-300x169.jpg 300w, https:\/\/qingdaohf.com\/wp-content\/uploads\/2023\/11\/strapping-banner-1024x577.jpg 1024w, https:\/\/qingdaohf.com\/wp-content\/uploads\/2023\/11\/strapping-banner-768x433.jpg 768w, https:\/\/qingdaohf.com\/wp-content\/uploads\/2023\/11\/strapping-banner-1536x865.jpg 1536w, https:\/\/qingdaohf.com\/wp-content\/uploads\/2023\/11\/strapping-banner-18x10.jpg 18w, https:\/\/qingdaohf.com\/wp-content\/uploads\/2023\/11\/strapping-banner-1000x563.jpg 1000w\" sizes=\"(max-width: 1640px) 100vw, 1640px\" \/><img decoding=\"async\" class=\"alignnone wp-image-9548 size-full\" src=\"http:\/\/qingdaohf.com\/wp-content\/uploads\/2023\/11\/strapping-buckle.jpg\" alt=\"\" width=\"1000\" height=\"828\" srcset=\"https:\/\/qingdaohf.com\/wp-content\/uploads\/2023\/11\/strapping-buckle.jpg 1000w, https:\/\/qingdaohf.com\/wp-content\/uploads\/2023\/11\/strapping-buckle-300x248.jpg 300w, https:\/\/qingdaohf.com\/wp-content\/uploads\/2023\/11\/strapping-buckle-768x636.jpg 768w, https:\/\/qingdaohf.com\/wp-content\/uploads\/2023\/11\/strapping-buckle-14x12.jpg 14w\" sizes=\"(max-width: 1000px) 100vw, 1000px\" \/><\/h2>\n<h2><strong>Vlastnosti:<\/strong><\/h2>\n<p><strong>Materi\u00e1l:<\/strong>\u00a0Dr\u00e1t\u011bn\u00e9 spony se obvykle vyr\u00e1b\u011bj\u00ed z kovu, p\u0159i\u010dem\u017e b\u011b\u017enou volbou je nerezov\u00e1 ocel d\u00edky sv\u00e9 odolnosti proti korozi a pevnosti.<\/p>\n<p><strong>Design: <\/strong>Typick\u00e1 konstrukce dr\u00e1t\u011bn\u00e9 spony zahrnuje obd\u00e9ln\u00edkov\u00fd nebo zak\u0159iven\u00fd r\u00e1m se dv\u011bma nebo v\u00edce v\u00fdstupky nebo dr\u00e1\u017ekami pro provle\u010den\u00ed \u0159em\u00ednku.<\/p>\n<p><strong>V\u0161estrannost:<\/strong>\u00a0Dr\u00e1t\u011bn\u00e9 spony jsou univerz\u00e1ln\u00ed a lze je pou\u017e\u00edt pro r\u016fzn\u00e9 materi\u00e1ly popruh\u016f, v\u010detn\u011b polypropylenov\u00fdch, polyesterov\u00fdch a ocelov\u00fdch.<\/p>\n<p>&nbsp;<\/p>\n<h2><strong>Aplikace:<\/strong><\/h2>\n<p><strong>P\u00e1skov\u00e1n\u00ed a balen\u00ed:<\/strong>\u00a0Jedn\u00edm z hlavn\u00edch pou\u017eit\u00ed dr\u00e1t\u011bn\u00fdch spon je p\u00e1skov\u00e1n\u00ed a balen\u00ed. Pou\u017e\u00edvaj\u00ed se k zaji\u0161t\u011bn\u00ed a uta\u017een\u00ed p\u00e1sk\u016f kolem obal\u016f, \u010d\u00edm\u017e vytv\u00e1\u0159ej\u00ed pevn\u00e9 a spolehliv\u00e9 uz\u00e1v\u011bry.<\/p>\n<p><strong>P\u0159eprava a doprava:<\/strong>\u00a0Dr\u00e1t\u011bn\u00e9 spony hraj\u00ed kl\u00ed\u010dovou roli p\u0159i zaji\u0161\u0165ov\u00e1n\u00ed bezpe\u010dn\u00e9ho sv\u00e1z\u00e1n\u00ed zbo\u017e\u00ed pro p\u0159epravu a dopravu. To je d\u016fle\u017eit\u00e9 zejm\u00e9na proto, aby se zabr\u00e1nilo po\u0161kozen\u00ed b\u011bhem p\u0159epravy.<\/p>\n<p><strong>Stavebnictv\u00ed a budovy:<\/strong>\u00a0Ve stavebnictv\u00ed se dr\u00e1t\u011bn\u00e9 spony pou\u017e\u00edvaj\u00ed k zaji\u0161t\u011bn\u00ed a upevn\u011bn\u00ed materi\u00e1l\u016f, jako jsou d\u0159ev\u011bn\u00e9 tr\u00e1my, kovov\u00e9 p\u00e1sky nebo jin\u00e9 stavebn\u00ed prvky.<\/p>\n<p><strong>Logistika a skladov\u00e1n\u00ed:<\/strong>\u00a0Ve skladech se \u010dasto pou\u017e\u00edvaj\u00ed dr\u00e1t\u011bn\u00e9 spony k upevn\u011bn\u00ed a zaji\u0161t\u011bn\u00ed polo\u017eek na palet\u00e1ch nebo ve skladovac\u00edch jednotk\u00e1ch. To pom\u00e1h\u00e1 p\u0159i organizaci a optimalizaci prostoru.<\/p>\n<p><strong>Venkovn\u00ed a rekrea\u010dn\u00ed aktivity:<\/strong>\u00a0Dr\u00e1t\u011bn\u00e9 spony se n\u011bkdy pou\u017e\u00edvaj\u00ed v outdoorov\u00e9m a rekrea\u010dn\u00edm prost\u0159ed\u00ed, nap\u0159\u00edklad p\u0159i kempov\u00e1n\u00ed nebo turistice, k zaji\u0161t\u011bn\u00ed popruh\u016f stan\u016f, batoh\u016f nebo jin\u00e9ho vybaven\u00ed.<\/p>\n<p><strong>Projekty pro kutily:<\/strong>\u00a0Jednotlivci, kte\u0159\u00ed se v\u011bnuj\u00ed kutilsk\u00fdm projekt\u016fm, mohou pou\u017e\u00edvat dr\u00e1t\u011bn\u00e9 spony ke spojov\u00e1n\u00ed materi\u00e1l\u016f pro r\u016fzn\u00e9 \u00fa\u010dely, nap\u0159\u00edklad k vytv\u00e1\u0159en\u00ed vlastn\u00edch popruh\u016f nebo k upev\u0148ov\u00e1n\u00ed p\u0159edm\u011bt\u016f.<\/p>\n<p><strong>Automobilov\u00fd pr\u016fmysl:<\/strong>\u00a0S dr\u00e1t\u011bn\u00fdmi sponami se setk\u00e1te v automobilov\u00e9m pr\u016fmyslu, kde se mohou pou\u017e\u00edvat k zaji\u0161t\u011bn\u00ed sou\u010d\u00e1st\u00ed p\u0159i v\u00fdrob\u011b nebo ke svazov\u00e1n\u00ed kabel\u016f.<\/p>\n<p>&nbsp;<\/p>\n<h2>Pro pou\u017eit\u00ed s<\/h2>\n<p>Dr\u00e1t\u011bn\u00e9 spony se \u010dasto pou\u017e\u00edvaj\u00ed v kombinaci s \u0159adou dal\u0161\u00edch v\u00fdrobk\u016f k vytvo\u0159en\u00ed bezpe\u010dn\u00fdch a spolehliv\u00fdch spoj\u016f v r\u016fzn\u00fdch aplikac\u00edch.<\/p>\n<h3><strong>Polyesterov\u00e9 nebo nylonov\u00e9 popruhy:<\/strong><\/h3>\n<p>Pou\u017eit\u00ed: Pou\u017e\u00edv\u00e1 se ke zved\u00e1n\u00ed, zaji\u0161\u0165ov\u00e1n\u00ed n\u00e1kladu nebo k vytv\u00e1\u0159en\u00ed vlastn\u00edch \u0159e\u0161en\u00ed v\u00e1z\u00e1n\u00ed.<\/p>\n<p>P\u0159\u00edklad: Dr\u00e1t\u011bn\u00e9 spony lze pou\u017e\u00edt s polyesterov\u00fdmi nebo nylonov\u00fdmi popruhy k vytvo\u0159en\u00ed nastaviteln\u00fdch popruh\u016f pro zaji\u0161t\u011bn\u00ed n\u00e1kladu na n\u00e1kladn\u00edch vozidlech nebo ve skladech.<\/p>\n<h3><strong>Dr\u00e1t\u011bn\u00e9 lano:<\/strong><\/h3>\n<p>Pou\u017eit\u00ed: B\u011b\u017en\u011b se pou\u017e\u00edv\u00e1 ke zved\u00e1n\u00ed, upev\u0148ov\u00e1n\u00ed a zaji\u0161\u0165ov\u00e1n\u00ed t\u011b\u017ek\u00fdch b\u0159emen.<\/p>\n<p>P\u0159\u00edklad: Dr\u00e1t\u011bn\u00e9 spony lze pou\u017e\u00edt s ocelov\u00fdm lanem k vytvo\u0159en\u00ed z\u00e1v\u011bs\u016f pro zved\u00e1n\u00ed a zdvih\u00e1n\u00ed ve stavebnictv\u00ed nebo ve v\u00fdrob\u011b.<\/p>\n<h3>N\u00e1kladn\u00ed s\u00edt\u011b:<\/h3>\n<p>Pou\u017eit\u00ed: Pou\u017e\u00edv\u00e1 se k zaji\u0161t\u011bn\u00ed nepravideln\u011b tvarovan\u00fdch nebo voln\u00fdch n\u00e1klad\u016f b\u011bhem p\u0159epravy.<\/p>\n<p>P\u0159\u00edklad: Dr\u00e1t\u011bn\u00e9 spony mohou b\u00fdt integrov\u00e1ny do konstrukce n\u00e1kladn\u00edch s\u00edt\u00ed, aby poskytovaly nastaviteln\u00e9 a bezpe\u010dn\u00e9 upev\u0148ovac\u00ed body.<\/p>\n<h3><strong>Z\u00e1padkov\u00e9 popruhy:<\/strong><\/h3>\n<p>Pou\u017eit\u00ed: Ide\u00e1ln\u00ed pro upevn\u011bn\u00ed n\u00e1kladu na n\u00e1kladn\u00edch vozidlech, p\u0159\u00edv\u011bsech nebo pro v\u0161eobecn\u00e9 pou\u017eit\u00ed.<\/p>\n<p>P\u0159\u00edklad: Dr\u00e1t\u011bn\u00e9 spony mohou b\u00fdt sou\u010d\u00e1st\u00ed sestavy r\u00e1\u010dnov\u00fdch popruh\u016f, kter\u00e9 poskytuj\u00ed rychl\u00fd a nastaviteln\u00fd upev\u0148ovac\u00ed mechanismus.<\/p>\n<h3><strong>Zvedac\u00ed z\u00e1v\u011bsy:<\/strong><\/h3>\n<p>Pou\u017eit\u00ed: Pou\u017e\u00edv\u00e1 se pro zved\u00e1n\u00ed a zdvih\u00e1n\u00ed t\u011b\u017ek\u00fdch p\u0159edm\u011bt\u016f v r\u016fzn\u00fdch pr\u016fmyslov\u00fdch odv\u011btv\u00edch.<\/p>\n<p>P\u0159\u00edklad: Dr\u00e1t\u011bn\u00e9 spony lze za\u010dlenit do konstrukce zvedac\u00edch popruh\u016f, kter\u00e9 umo\u017e\u0148uj\u00ed nastavit d\u00e9lku a zajistit n\u00e1klad.<\/p>\n<h3><strong>Popruhy plachty:<\/strong><\/h3>\n<p>Pou\u017eit\u00ed: Pou\u017e\u00edv\u00e1 se k upevn\u011bn\u00ed plachet a kryt\u016f na n\u00e1kladn\u00edch vozidlech, p\u0159\u00edv\u011bsech nebo jin\u00e9m venkovn\u00edm vybaven\u00ed.<\/p>\n<p>P\u0159\u00edklad: Dr\u00e1t\u011bn\u00e9 spony lze integrovat do popruh\u016f plachty a zajistit tak bezpe\u010dn\u00e9 a nastaviteln\u00e9 uz\u00e1v\u011bry pro ochranu n\u00e1kladu p\u0159ed pov\u011btrnostn\u00edmi vlivy.<\/p>\n<h3><strong>Bungee lana:<\/strong><\/h3>\n<p>Pou\u017eit\u00ed: B\u011b\u017en\u011b se pou\u017e\u00edv\u00e1 k upevn\u011bn\u00ed lehk\u00fdch p\u0159edm\u011bt\u016f nebo k vytvo\u0159en\u00ed provizorn\u00edch v\u00e1zac\u00edch prost\u0159edk\u016f.<\/p>\n<p>P\u0159\u00edklad: Dr\u00e1t\u011bn\u00e9 spony lze pou\u017e\u00edt s bungee \u0161\u0148\u016frami k vytvo\u0159en\u00ed nastaviteln\u00fdch a opakovan\u011b pou\u017eiteln\u00fdch upev\u0148ovac\u00edch bod\u016f.<\/p>\n<h3><strong>P\u00e1skov\u00e1n\u00ed trubek:<\/strong><\/h3>\n<p>Pou\u017eit\u00ed: Pou\u017e\u00edv\u00e1 se k upevn\u011bn\u00ed trubek nebo potrub\u00ed ve stavebnictv\u00ed a instalat\u00e9rstv\u00ed.<\/p>\n<p>P\u0159\u00edklad: Dr\u00e1t\u011bn\u00e9 spony lze pou\u017e\u00edt s p\u00e1skovac\u00edmi materi\u00e1ly k vytvo\u0159en\u00ed vlastn\u00edch \u0159e\u0161en\u00ed pro svazkov\u00e1n\u00ed a zaji\u0161t\u011bn\u00ed trubek.<\/p>","protected":false},"excerpt":{"rendered":"<p>Dr\u00e1t\u011bn\u00e1 spona je typ upev\u0148ovac\u00edho za\u0159\u00edzen\u00ed, kter\u00e9 se b\u011b\u017en\u011b pou\u017e\u00edv\u00e1 v r\u016fzn\u00fdch aplikac\u00edch k zaji\u0161t\u011bn\u00ed a spojen\u00ed konc\u016f popruh\u016f nebo \u0159emen\u016f. Obzvl\u00e1\u0161t\u011b obl\u00edben\u00e1 je v odv\u011btv\u00edch, kde je nezbytn\u00e9 balit, p\u0159epravovat a p\u00e1skovat. Dr\u00e1t\u011bn\u00e9 spony jsou obvykle vyrobeny z kovu, \u010dasto z nerezov\u00e9 oceli, a jsou navr\u017eeny tak, aby poskytovaly pevn\u00e9 a odoln\u00e9 spojen\u00ed.<\/p>","protected":false},"featured_media":5830,"comment_status":"open","ping_status":"closed","template":"","meta":{"site-sidebar-layout":"default","site-content-layout":"","ast-site-content-layout":"default","site-content-style":"default","site-sidebar-style":"default","ast-global-header-display":"","ast-banner-title-visibility":"","ast-main-header-display":"","ast-hfb-above-header-display":"","ast-hfb-below-header-display":"","ast-hfb-mobile-header-display":"","site-post-title":"","ast-breadcrumbs-content":"","ast-featured-img":"","footer-sml-layout":"","theme-transparent-header-meta":"default","adv-header-id-meta":"","stick-header-meta":"default","header-above-stick-meta":"","header-main-stick-meta":"","header-below-stick-meta":"","astra-migrate-meta-layouts":"set","ast-page-background-enabled":"default","ast-page-background-meta":{"desktop":{"background-color":"","background-image":"","background-repeat":"repeat","background-position":"center center","background-size":"auto","background-attachment":"scroll","background-type":"","background-media":"","overlay-type":"","overlay-color":"","overlay-opacity":"","overlay-gradient":""},"tablet":{"background-color":"","background-image":"","background-repeat":"repeat","background-position":"center center","background-size":"auto","background-attachment":"scroll","background-type":"","background-media":"","overlay-type":"","overlay-color":"","overlay-opacity":"","overlay-gradient":""},"mobile":{"background-color":"","background-image":"","background-repeat":"repeat","background-position":"center center","background-size":"auto","background-attachment":"scroll","background-type":"","background-media":"","overlay-type":"","overlay-color":"","overlay-opacity":"","overlay-gradient":""}},"ast-content-background-meta":{"desktop":{"background-color":"var(--ast-global-color-5)","background-image":"","background-repeat":"repeat","background-position":"center center","background-size":"auto","background-attachment":"scroll","background-type":"","background-media":"","overlay-type":"","overlay-color":"","overlay-opacity":"","overlay-gradient":""},"tablet":{"background-color":"var(--ast-global-color-5)","background-image":"","background-repeat":"repeat","background-position":"center center","background-size":"auto","background-attachment":"scroll","background-type":"","background-media":"","overlay-type":"","overlay-color":"","overlay-opacity":"","overlay-gradient":""},"mobile":{"background-color":"var(--ast-global-color-5)","background-image":"","background-repeat":"repeat","background-position":"center center","background-size":"auto","background-attachment":"scroll","background-type":"","background-media":"","overlay-type":"","overlay-color":"","overlay-opacity":"","overlay-gradient":""}}},"product_brand":[],"product_cat":[69],"product_tag":[],"class_list":{"0":"post-5827","1":"product","2":"type-product","3":"status-publish","4":"has-post-thumbnail","6":"product_cat-strapping","7":"desktop-align-left","8":"tablet-align-left","9":"mobile-align-left","10":"ast-product-gallery-layout-horizontal-slider","11":"ast-product-tabs-layout-horizontal","13":"first","14":"instock","15":"shipping-taxable","16":"purchasable","17":"product-type-simple"},"yoast_head":"<!-- This site is optimized with the Yoast SEO plugin v25.2 - https:\/\/yoast.com\/wordpress\/plugins\/seo\/ -->\n<title>Wire Buckle<\/title>\n<meta name=\"description\" content=\"Wire buckle is a type of fastening device commonly used in various applications for securing and joining together the ends of straps or belts.\" \/>\n<meta name=\"robots\" content=\"index, follow, max-snippet:-1, max-image-preview:large, max-video-preview:-1\" \/>\n<link rel=\"canonical\" href=\"https:\/\/qingdaohf.com\/cs\/produkt\/dratena-spona\/\" \/>\n<meta property=\"og:locale\" content=\"cs_CZ\" \/>\n<meta property=\"og:type\" content=\"article\" \/>\n<meta property=\"og:title\" content=\"Wire Buckle\" \/>\n<meta property=\"og:description\" content=\"Wire buckle is a type of fastening device commonly used in various applications for securing and joining together the ends of straps or belts.\" \/>\n<meta property=\"og:url\" content=\"https:\/\/qingdaohf.com\/cs\/produkt\/dratena-spona\/\" \/>\n<meta property=\"og:site_name\" content=\"Concrete Form &amp; Rigging Hardware Supplier\" \/>\n<meta property=\"article:publisher\" content=\"https:\/\/www.facebook.com\/qingdaohf\" \/>\n<meta property=\"article:modified_time\" content=\"2025-11-13T01:04:01+00:00\" \/>\n<meta property=\"og:image\" content=\"https:\/\/qingdaohf.com\/wp-content\/uploads\/2023\/11\/3.jpg\" \/>\n\t<meta property=\"og:image:width\" content=\"800\" \/>\n\t<meta property=\"og:image:height\" content=\"800\" \/>\n\t<meta property=\"og:image:type\" content=\"image\/jpeg\" \/>\n<meta name=\"twitter:card\" content=\"summary_large_image\" \/>\n<meta name=\"twitter:label1\" content=\"Odhadovan\u00e1 doba \u010dten\u00ed\" \/>\n\t<meta name=\"twitter:data1\" content=\"4 minuty\" \/>\n<script type=\"application\/ld+json\" class=\"yoast-schema-graph\">{\"@context\":\"https:\/\/schema.org\",\"@graph\":[{\"@type\":\"WebPage\",\"@id\":\"https:\/\/qingdaohf.com\/product\/wire-buckle\/\",\"url\":\"https:\/\/qingdaohf.com\/product\/wire-buckle\/\",\"name\":\"Wire Buckle\",\"isPartOf\":{\"@id\":\"https:\/\/qingdaohf.com\/bg\/#website\"},\"primaryImageOfPage\":{\"@id\":\"https:\/\/qingdaohf.com\/product\/wire-buckle\/#primaryimage\"},\"image\":{\"@id\":\"https:\/\/qingdaohf.com\/product\/wire-buckle\/#primaryimage\"},\"thumbnailUrl\":\"https:\/\/qingdaohf.com\/wp-content\/uploads\/2023\/11\/3.jpg\",\"datePublished\":\"2023-11-24T03:43:29+00:00\",\"dateModified\":\"2025-11-13T01:04:01+00:00\",\"description\":\"Wire buckle is a type of fastening device commonly used in various applications for securing and joining together the ends of straps or belts.\",\"breadcrumb\":{\"@id\":\"https:\/\/qingdaohf.com\/product\/wire-buckle\/#breadcrumb\"},\"inLanguage\":\"cs\",\"potentialAction\":[{\"@type\":\"ReadAction\",\"target\":[\"https:\/\/qingdaohf.com\/product\/wire-buckle\/\"]}]},{\"@type\":\"ImageObject\",\"inLanguage\":\"cs\",\"@id\":\"https:\/\/qingdaohf.com\/product\/wire-buckle\/#primaryimage\",\"url\":\"https:\/\/qingdaohf.com\/wp-content\/uploads\/2023\/11\/3.jpg\",\"contentUrl\":\"https:\/\/qingdaohf.com\/wp-content\/uploads\/2023\/11\/3.jpg\",\"width\":800,\"height\":800,\"caption\":\"wire buckle\"},{\"@type\":\"BreadcrumbList\",\"@id\":\"https:\/\/qingdaohf.com\/product\/wire-buckle\/#breadcrumb\",\"itemListElement\":[{\"@type\":\"ListItem\",\"position\":1,\"name\":\"Home\",\"item\":\"https:\/\/qingdaohf.com\/\"},{\"@type\":\"ListItem\",\"position\":2,\"name\":\"Concrete Forming Accessories and Rigging Hardware\",\"item\":\"https:\/\/qingdaohf.com\/bg\/?page_id=944\"},{\"@type\":\"ListItem\",\"position\":3,\"name\":\"Wire Buckle\"}]},{\"@type\":\"WebSite\",\"@id\":\"https:\/\/qingdaohf.com\/bg\/#website\",\"url\":\"https:\/\/qingdaohf.com\/bg\/\",\"name\":\"Concrete Form & Rigging Hardware Supplier\",\"description\":\"\",\"publisher\":{\"@id\":\"https:\/\/qingdaohf.com\/bg\/#organization\"},\"potentialAction\":[{\"@type\":\"SearchAction\",\"target\":{\"@type\":\"EntryPoint\",\"urlTemplate\":\"https:\/\/qingdaohf.com\/bg\/?s={search_term_string}\"},\"query-input\":{\"@type\":\"PropertyValueSpecification\",\"valueRequired\":true,\"valueName\":\"search_term_string\"}}],\"inLanguage\":\"cs\"},{\"@type\":\"Organization\",\"@id\":\"https:\/\/qingdaohf.com\/bg\/#organization\",\"name\":\"Qingdao H&F\",\"url\":\"https:\/\/qingdaohf.com\/bg\/\",\"logo\":{\"@type\":\"ImageObject\",\"inLanguage\":\"cs\",\"@id\":\"https:\/\/qingdaohf.com\/bg\/#\/schema\/logo\/image\/\",\"url\":\"https:\/\/qingdaohf.com\/wp-content\/uploads\/2022\/12\/cropped-HF-LOGO.png\",\"contentUrl\":\"https:\/\/qingdaohf.com\/wp-content\/uploads\/2022\/12\/cropped-HF-LOGO.png\",\"width\":391,\"height\":249,\"caption\":\"Qingdao H&F\"},\"image\":{\"@id\":\"https:\/\/qingdaohf.com\/bg\/#\/schema\/logo\/image\/\"},\"sameAs\":[\"https:\/\/www.facebook.com\/qingdaohf\"]}]}<\/script>\n<!-- \/ Yoast SEO plugin. -->","yoast_head_json":{"title":"Wire Buckle","description":"Wire buckle is a type of fastening device commonly used in various applications for securing and joining together the ends of straps or belts.","robots":{"index":"index","follow":"follow","max-snippet":"max-snippet:-1","max-image-preview":"max-image-preview:large","max-video-preview":"max-video-preview:-1"},"canonical":"https:\/\/qingdaohf.com\/cs\/produkt\/dratena-spona\/","og_locale":"cs_CZ","og_type":"article","og_title":"Wire Buckle","og_description":"Wire buckle is a type of fastening device commonly used in various applications for securing and joining together the ends of straps or belts.","og_url":"https:\/\/qingdaohf.com\/cs\/produkt\/dratena-spona\/","og_site_name":"Concrete Form &amp; Rigging Hardware Supplier","article_publisher":"https:\/\/www.facebook.com\/qingdaohf","article_modified_time":"2025-11-13T01:04:01+00:00","og_image":[{"width":800,"height":800,"url":"https:\/\/qingdaohf.com\/wp-content\/uploads\/2023\/11\/3.jpg","type":"image\/jpeg"}],"twitter_card":"summary_large_image","twitter_misc":{"Odhadovan\u00e1 doba \u010dten\u00ed":"4 minuty"},"schema":{"@context":"https:\/\/schema.org","@graph":[{"@type":"WebPage","@id":"https:\/\/qingdaohf.com\/product\/wire-buckle\/","url":"https:\/\/qingdaohf.com\/product\/wire-buckle\/","name":"Wire Buckle","isPartOf":{"@id":"https:\/\/qingdaohf.com\/bg\/#website"},"primaryImageOfPage":{"@id":"https:\/\/qingdaohf.com\/product\/wire-buckle\/#primaryimage"},"image":{"@id":"https:\/\/qingdaohf.com\/product\/wire-buckle\/#primaryimage"},"thumbnailUrl":"https:\/\/qingdaohf.com\/wp-content\/uploads\/2023\/11\/3.jpg","datePublished":"2023-11-24T03:43:29+00:00","dateModified":"2025-11-13T01:04:01+00:00","description":"Wire buckle is a type of fastening device commonly used in various applications for securing and joining together the ends of straps or belts.","breadcrumb":{"@id":"https:\/\/qingdaohf.com\/product\/wire-buckle\/#breadcrumb"},"inLanguage":"cs","potentialAction":[{"@type":"ReadAction","target":["https:\/\/qingdaohf.com\/product\/wire-buckle\/"]}]},{"@type":"ImageObject","inLanguage":"cs","@id":"https:\/\/qingdaohf.com\/product\/wire-buckle\/#primaryimage","url":"https:\/\/qingdaohf.com\/wp-content\/uploads\/2023\/11\/3.jpg","contentUrl":"https:\/\/qingdaohf.com\/wp-content\/uploads\/2023\/11\/3.jpg","width":800,"height":800,"caption":"wire buckle"},{"@type":"BreadcrumbList","@id":"https:\/\/qingdaohf.com\/product\/wire-buckle\/#breadcrumb","itemListElement":[{"@type":"ListItem","position":1,"name":"Home","item":"https:\/\/qingdaohf.com\/"},{"@type":"ListItem","position":2,"name":"Concrete Forming Accessories and Rigging Hardware","item":"https:\/\/qingdaohf.com\/bg\/?page_id=944"},{"@type":"ListItem","position":3,"name":"Wire Buckle"}]},{"@type":"WebSite","@id":"https:\/\/qingdaohf.com\/bg\/#website","url":"https:\/\/qingdaohf.com\/bg\/","name":"Concrete Form & Rigging Hardware Supplier","description":"","publisher":{"@id":"https:\/\/qingdaohf.com\/bg\/#organization"},"potentialAction":[{"@type":"SearchAction","target":{"@type":"EntryPoint","urlTemplate":"https:\/\/qingdaohf.com\/bg\/?s={search_term_string}"},"query-input":{"@type":"PropertyValueSpecification","valueRequired":true,"valueName":"search_term_string"}}],"inLanguage":"cs"},{"@type":"Organization","@id":"https:\/\/qingdaohf.com\/bg\/#organization","name":"Qingdao H&F","url":"https:\/\/qingdaohf.com\/bg\/","logo":{"@type":"ImageObject","inLanguage":"cs","@id":"https:\/\/qingdaohf.com\/bg\/#\/schema\/logo\/image\/","url":"https:\/\/qingdaohf.com\/wp-content\/uploads\/2022\/12\/cropped-HF-LOGO.png","contentUrl":"https:\/\/qingdaohf.com\/wp-content\/uploads\/2022\/12\/cropped-HF-LOGO.png","width":391,"height":249,"caption":"Qingdao H&F"},"image":{"@id":"https:\/\/qingdaohf.com\/bg\/#\/schema\/logo\/image\/"},"sameAs":["https:\/\/www.facebook.com\/qingdaohf"]}]}},"_links":{"self":[{"href":"https:\/\/qingdaohf.com\/cs\/wp-json\/wp\/v2\/product\/5827","targetHints":{"allow":["GET"]}}],"collection":[{"href":"https:\/\/qingdaohf.com\/cs\/wp-json\/wp\/v2\/product"}],"about":[{"href":"https:\/\/qingdaohf.com\/cs\/wp-json\/wp\/v2\/types\/product"}],"replies":[{"embeddable":true,"href":"https:\/\/qingdaohf.com\/cs\/wp-json\/wp\/v2\/comments?post=5827"}],"version-history":[{"count":3,"href":"https:\/\/qingdaohf.com\/cs\/wp-json\/wp\/v2\/product\/5827\/revisions"}],"predecessor-version":[{"id":9550,"href":"https:\/\/qingdaohf.com\/cs\/wp-json\/wp\/v2\/product\/5827\/revisions\/9550"}],"wp:featuredmedia":[{"embeddable":true,"href":"https:\/\/qingdaohf.com\/cs\/wp-json\/wp\/v2\/media\/5830"}],"wp:attachment":[{"href":"https:\/\/qingdaohf.com\/cs\/wp-json\/wp\/v2\/media?parent=5827"}],"wp:term":[{"taxonomy":"product_brand","embeddable":true,"href":"https:\/\/qingdaohf.com\/cs\/wp-json\/wp\/v2\/product_brand?post=5827"},{"taxonomy":"product_cat","embeddable":true,"href":"https:\/\/qingdaohf.com\/cs\/wp-json\/wp\/v2\/product_cat?post=5827"},{"taxonomy":"product_tag","embeddable":true,"href":"https:\/\/qingdaohf.com\/cs\/wp-json\/wp\/v2\/product_tag?post=5827"}],"curies":[{"name":"wp","href":"https:\/\/api.w.org\/{rel}","templated":true}]}}