{"id":6109,"date":"2023-12-22T16:01:59","date_gmt":"2023-12-22T08:01:59","guid":{"rendered":"http:\/\/qingdaohf.com\/?post_type=product&#038;p=6109"},"modified":"2025-11-13T09:04:00","modified_gmt":"2025-11-13T01:04:00","slug":"utility-lifting-anchors","status":"publish","type":"product","link":"https:\/\/qingdaohf.com\/cs\/produkt\/uzitkove-zvedaci-kotvy\/","title":{"rendered":"Zvedac\u00ed kotvy do betonu pro u\u017eitkov\u00e9 \u00fa\u010dely"},"content":{"rendered":"<p><strong>1. Specifikace a kvalita v\u00fdrobku:<\/strong><\/p>\n<ul>\n<li>Kotvy H&amp;F Utility Anchors spl\u0148uj\u00ed p\u0159\u00edsn\u00e9 specifikace, kter\u00e9 zaru\u010duj\u00ed, \u017ee spl\u0148uj\u00ed a p\u0159ekra\u010duj\u00ed pr\u016fmyslov\u00e9 normy. B\u011bhem cel\u00e9ho v\u00fdrobn\u00edho procesu jsou prov\u00e1d\u011bna p\u0159\u00edsn\u00e1 opat\u0159en\u00ed pro kontrolu kvality, kter\u00e1 zaru\u010duj\u00ed trvanlivost a spolehlivost ka\u017ed\u00e9 kotvy.<\/li>\n<\/ul>\n<p><strong>2. Pov\u011bst a spolehlivost dodavatele:<\/strong><\/p>\n<ul>\n<li>Spole\u010dnost H&amp;F se m\u016f\u017ee pochlubit vynikaj\u00edc\u00ed pov\u011bst\u00ed v oboru, kter\u00e1 je podlo\u017eena v\u00edce ne\u017e dvacetilet\u00fdmi zku\u0161enostmi. Na\u0161e kotvy pro in\u017een\u00fdrsk\u00e9 s\u00edt\u011b trvale z\u00edsk\u00e1vaj\u00ed vysok\u00e1 hodnocen\u00ed a pozitivn\u00ed recenze, co\u017e sv\u011bd\u010d\u00ed o jejich spolehlivosti a v\u00fdkonnosti.<\/li>\n<\/ul>\n<p><strong>3. Dodr\u017eov\u00e1n\u00ed p\u0159edpis\u016f a certifikace:<\/strong><\/p>\n<ul>\n<li>M\u016f\u017eete si b\u00fdt jisti, \u017ee kotvy pro in\u017een\u00fdrsk\u00e9 s\u00edt\u011b od spole\u010dnosti H&amp;F jsou nejen spolehliv\u00e9, ale tak\u00e9 vyhovuj\u00ed pr\u016fmyslov\u00fdm p\u0159edpis\u016fm. Klademe d\u016fraz na bezpe\u010dnost a kvalitu a na\u0161e kotvy jsou certifikov\u00e1ny tak, aby spl\u0148ovaly nebo p\u0159ekra\u010dovaly v\u0161echny p\u0159\u00edslu\u0161n\u00e9 normy.<\/li>\n<\/ul>\n<p><strong>4. N\u00e1klady a pom\u011br cena\/v\u00fdkon:<\/strong><\/p>\n<ul>\n<li>Spole\u010dnost H&amp;F si uv\u011bdomuje d\u016fle\u017eitost hospod\u00e1rnosti, ani\u017e by byla ohro\u017eena kvalita. Na\u0161e kotvy pro in\u017een\u00fdrsk\u00e9 s\u00edt\u011b nab\u00edzej\u00ed v\u00fdjime\u010dn\u00fd pom\u011br ceny a v\u00fdkonu, kter\u00fd kombinuje konkurenceschopn\u00e9 ceny s robustn\u00edm v\u00fdkonem a zaji\u0161\u0165uje tak dlouhodobou investici.<\/li>\n<\/ul>\n<p><strong>5. P\u0159eprava a logistika:<\/strong><\/p>\n<ul>\n<li>Ve spole\u010dnosti H&amp;F d\u011bl\u00e1me v\u0161e pro to, aby se k v\u00e1m kotvy pro komun\u00e1ln\u00ed slu\u017eby dostaly v po\u0159\u00e1dku a v\u010das. Na\u0161e bezpe\u010dn\u00e9 balen\u00ed a efektivn\u00ed logistick\u00e1 \u0159e\u0161en\u00ed zaru\u010duj\u00ed bezpe\u010dn\u00e9 a v\u010dasn\u00e9 dod\u00e1vky a minimalizuj\u00ed p\u0159\u00edpadn\u00e9 naru\u0161en\u00ed \u010dasov\u00e9ho harmonogramu va\u0161eho projektu.<\/li>\n<\/ul>\n<p><strong>6. Z\u00e1kaznick\u00e1 podpora a komunikace:<\/strong><\/p>\n<ul>\n<li>Spole\u010dnost H&amp;F si cen\u00ed transparentn\u00ed a vst\u0159\u00edcn\u00e9 komunikace. N\u00e1\u0161 specializovan\u00fd t\u00fdm z\u00e1kaznick\u00e9 podpory je p\u0159ipraven okam\u017eit\u011b \u0159e\u0161it va\u0161e dotazy a p\u0159ipom\u00ednky. O\u010dek\u00e1vejte jasn\u00e9 informace o stavu va\u0161\u00ed objedn\u00e1vky a proaktivn\u00ed komunikaci v pr\u016fb\u011bhu cel\u00e9ho procesu.<\/li>\n<\/ul>\n<p><strong>7. Z\u00e1ruka a poprodejn\u00ed servis:<\/strong><\/p>\n<ul>\n<li>U\u017eijte si klid s komplexn\u00ed z\u00e1rukou spole\u010dnosti H&amp;F. N\u00e1\u0161 z\u00e1vazek ke spokojenosti z\u00e1kazn\u00edk\u016f p\u0159esahuje r\u00e1mec n\u00e1kupu. Ve vz\u00e1cn\u00fdch p\u0159\u00edpadech z\u00e1vad nebo probl\u00e9m\u016f zaji\u0161\u0165uje n\u00e1\u0161 poprodejn\u00ed servis rychl\u00e9 a bezprobl\u00e9mov\u00e9 \u0159e\u0161en\u00ed.<\/li>\n<\/ul>\n<p><strong>8. Platebn\u00ed podm\u00ednky a mo\u017enosti:<\/strong><\/p>\n<ul>\n<li>Vyjednejte si s H&amp;F flexibiln\u00ed platebn\u00ed podm\u00ednky, kter\u00e9 budou odpov\u00eddat va\u0161im rozpo\u010dtov\u00fdm omezen\u00edm. Na\u0161e bezpe\u010dn\u00e9 platebn\u00ed mo\u017enosti zaji\u0161\u0165uj\u00ed hladk\u00fd a bezpe\u010dn\u00fd pr\u016fb\u011bh transakce a poskytuj\u00ed v\u00e1m pot\u0159ebnou flexibilitu.<\/li>\n<\/ul>\n<p><strong>9. Udr\u017eitelnost \u017eivotn\u00edho prost\u0159ed\u00ed:<\/strong><\/p>\n<ul>\n<li>Spole\u010dnost H&amp;F se zav\u00e1zala k ekologick\u00e9 udr\u017eitelnosti. Na\u0161e kotvy pro in\u017een\u00fdrsk\u00e9 s\u00edt\u011b jsou vyr\u00e1b\u011bny s pou\u017eit\u00edm ekologick\u00fdch postup\u016f a materi\u00e1l\u016f, co\u017e p\u0159isp\u00edv\u00e1 k ekologi\u010dt\u011bj\u0161\u00ed a udr\u017eiteln\u011bj\u0161\u00ed budoucnosti.<\/li>\n<\/ul>\n<p><strong>10. Inovace a technologie:<\/strong><\/p>\n<ul>\n<li>Udr\u017eujte si n\u00e1skok s kotvami H&amp;F Utility Anchors, kter\u00e9 obsahuj\u00ed nejnov\u011bj\u0161\u00ed pokroky v technologii kotev. Od inovativn\u00edch konstruk\u010dn\u00edch prvk\u016f a\u017e po nejmodern\u011bj\u0161\u00ed materi\u00e1ly - na\u0161e kotvy jsou navr\u017eeny tak, aby zvy\u0161ovaly v\u00fdkon a \u017eivotnost va\u0161ich projekt\u016f.<\/li>\n<\/ul>\n<p>Jste p\u0159ipraveni zlep\u0161it sv\u00e9 zku\u0161enosti s po\u0159izov\u00e1n\u00edm kotev? Za\u0161lete n\u00e1m popt\u00e1vku a nechte spole\u010dnost H&amp;F, aby se stala va\u0161\u00edm spolehliv\u00fdm partnerem na cest\u011b k \u00fasp\u011bchu!<\/p>","protected":false},"excerpt":{"rendered":"<p>Kotvy pro in\u017een\u00fdrsk\u00e9 s\u00edt\u011b, p\u0159esn\u011b navr\u017een\u00e9 tak, aby vyhovovaly r\u016fznorod\u00fdm po\u017eadavk\u016fm infrastrukturn\u00edch projekt\u016f. Na\u0161e kotvy jsou z\u00e1kladem stavebn\u00edch, telekomunika\u010dn\u00edch a energetick\u00fdch aplikac\u00ed a nab\u00edzej\u00ed bezkonkuren\u010dn\u00ed pevnost, spolehlivost a p\u0159izp\u016fsobivost.<\/p>\n<p><strong>Vysok\u00e1 pevnost v tahu:<\/strong> U\u017eitkov\u00e9 kotvy H&amp;F jsou vyrobeny z prvot\u0159\u00eddn\u00edch materi\u00e1l\u016f, kter\u00e9 zaji\u0161\u0165uj\u00ed vynikaj\u00edc\u00ed pevnost v tahu pro robustn\u00ed v\u00fdkon v n\u00e1ro\u010dn\u00fdch prost\u0159ed\u00edch.<\/p>\n<p><strong>Odolnost proti korozi:<\/strong> Na\u0161e kotvy jsou navr\u017eeny tak, aby odol\u00e1valy korozi a poskytovaly dlouhou \u017eivotnost a spolehlivost v r\u016fzn\u00fdch podm\u00ednk\u00e1ch.<\/p>\n<p><strong>V\u0161estrann\u00e9 pou\u017eit\u00ed:<\/strong> Kotvy H&amp;F pro in\u017een\u00fdrsk\u00e9 s\u00edt\u011b jsou v\u00fdjime\u010dn\u011b v\u0161estrann\u00e9 - od zaji\u0161t\u011bn\u00ed konstrukc\u00ed ve stavebnictv\u00ed a\u017e po podporu kritick\u00e9 infrastruktury v telekomunikac\u00edch a energetice.<\/p>","protected":false},"featured_media":6137,"comment_status":"open","ping_status":"closed","template":"","meta":{"site-sidebar-layout":"default","site-content-layout":"","ast-site-content-layout":"default","site-content-style":"default","site-sidebar-style":"default","ast-global-header-display":"","ast-banner-title-visibility":"","ast-main-header-display":"","ast-hfb-above-header-display":"","ast-hfb-below-header-display":"","ast-hfb-mobile-header-display":"","site-post-title":"","ast-breadcrumbs-content":"","ast-featured-img":"","footer-sml-layout":"","theme-transparent-header-meta":"default","adv-header-id-meta":"","stick-header-meta":"default","header-above-stick-meta":"","header-main-stick-meta":"","header-below-stick-meta":"","astra-migrate-meta-layouts":"set","ast-page-background-enabled":"default","ast-page-background-meta":{"desktop":{"background-color":"","background-image":"","background-repeat":"repeat","background-position":"center center","background-size":"auto","background-attachment":"scroll","background-type":"","background-media":"","overlay-type":"","overlay-color":"","overlay-opacity":"","overlay-gradient":""},"tablet":{"background-color":"","background-image":"","background-repeat":"repeat","background-position":"center center","background-size":"auto","background-attachment":"scroll","background-type":"","background-media":"","overlay-type":"","overlay-color":"","overlay-opacity":"","overlay-gradient":""},"mobile":{"background-color":"","background-image":"","background-repeat":"repeat","background-position":"center center","background-size":"auto","background-attachment":"scroll","background-type":"","background-media":"","overlay-type":"","overlay-color":"","overlay-opacity":"","overlay-gradient":""}},"ast-content-background-meta":{"desktop":{"background-color":"var(--ast-global-color-5)","background-image":"","background-repeat":"repeat","background-position":"center center","background-size":"auto","background-attachment":"scroll","background-type":"","background-media":"","overlay-type":"","overlay-color":"","overlay-opacity":"","overlay-gradient":""},"tablet":{"background-color":"var(--ast-global-color-5)","background-image":"","background-repeat":"repeat","background-position":"center center","background-size":"auto","background-attachment":"scroll","background-type":"","background-media":"","overlay-type":"","overlay-color":"","overlay-opacity":"","overlay-gradient":""},"mobile":{"background-color":"var(--ast-global-color-5)","background-image":"","background-repeat":"repeat","background-position":"center center","background-size":"auto","background-attachment":"scroll","background-type":"","background-media":"","overlay-type":"","overlay-color":"","overlay-opacity":"","overlay-gradient":""}}},"product_brand":[],"product_cat":[50,30],"product_tag":[],"class_list":{"0":"post-6109","1":"product","2":"type-product","3":"status-publish","4":"has-post-thumbnail","6":"product_cat-concrete-form-accessories","7":"product_cat-lifting-anchor","8":"desktop-align-left","9":"tablet-align-left","10":"mobile-align-left","11":"ast-product-gallery-layout-horizontal-slider","12":"ast-product-tabs-layout-horizontal","14":"first","15":"instock","16":"shipping-taxable","17":"purchasable","18":"product-type-simple"},"yoast_head":"<!-- This site is optimized with the Yoast SEO plugin v25.2 - https:\/\/yoast.com\/wordpress\/plugins\/seo\/ -->\n<title>Utility Lifting Anchors for Concrete<\/title>\n<meta name=\"robots\" content=\"index, follow, max-snippet:-1, max-image-preview:large, max-video-preview:-1\" \/>\n<link rel=\"canonical\" href=\"https:\/\/qingdaohf.com\/cs\/produkt\/uzitkove-zvedaci-kotvy\/\" \/>\n<meta property=\"og:locale\" content=\"cs_CZ\" \/>\n<meta property=\"og:type\" content=\"article\" \/>\n<meta property=\"og:title\" content=\"Utility Lifting Anchors for Concrete\" \/>\n<meta property=\"og:description\" content=\"Utility Anchors, precision-engineered to meet the diverse demands of infrastructure projects. Our anchors are the backbone of construction, telecommunications, and energy applications, offering unparalleled strength, reliability, and adaptability.  High Tensile Strength: H&amp;F Utility Anchors are crafted with top-grade materials, ensuring superior tensile strength for robust performance in demanding environments.  Corrosion Resistance: Our anchors are designed to withstand corrosion, providing longevity and reliability in a variety of settings.  Versatile Applications: From securing structures in construction to supporting critical infrastructure in telecommunications and energy, H&amp;F Utility Anchors deliver exceptional versatility.\" \/>\n<meta property=\"og:url\" content=\"https:\/\/qingdaohf.com\/cs\/produkt\/uzitkove-zvedaci-kotvy\/\" \/>\n<meta property=\"og:site_name\" content=\"Concrete Form &amp; Rigging Hardware Supplier\" \/>\n<meta property=\"article:publisher\" content=\"https:\/\/www.facebook.com\/qingdaohf\" \/>\n<meta property=\"article:modified_time\" content=\"2025-11-13T01:04:00+00:00\" \/>\n<meta property=\"og:image\" content=\"https:\/\/qingdaohf.com\/wp-content\/uploads\/2023\/12\/lifting-anchor-43.jpg\" \/>\n\t<meta property=\"og:image:width\" content=\"1000\" \/>\n\t<meta property=\"og:image:height\" content=\"1000\" \/>\n\t<meta property=\"og:image:type\" content=\"image\/jpeg\" \/>\n<meta name=\"twitter:card\" content=\"summary_large_image\" \/>\n<meta name=\"twitter:label1\" content=\"Odhadovan\u00e1 doba \u010dten\u00ed\" \/>\n\t<meta name=\"twitter:data1\" content=\"2 minuty\" \/>\n<script type=\"application\/ld+json\" class=\"yoast-schema-graph\">{\"@context\":\"https:\/\/schema.org\",\"@graph\":[{\"@type\":\"WebPage\",\"@id\":\"https:\/\/qingdaohf.com\/product\/utility-lifting-anchors\/\",\"url\":\"https:\/\/qingdaohf.com\/product\/utility-lifting-anchors\/\",\"name\":\"Utility Lifting Anchors for Concrete\",\"isPartOf\":{\"@id\":\"https:\/\/qingdaohf.com\/bg\/#website\"},\"primaryImageOfPage\":{\"@id\":\"https:\/\/qingdaohf.com\/product\/utility-lifting-anchors\/#primaryimage\"},\"image\":{\"@id\":\"https:\/\/qingdaohf.com\/product\/utility-lifting-anchors\/#primaryimage\"},\"thumbnailUrl\":\"https:\/\/qingdaohf.com\/wp-content\/uploads\/2023\/12\/lifting-anchor-43.jpg\",\"datePublished\":\"2023-12-22T08:01:59+00:00\",\"dateModified\":\"2025-11-13T01:04:00+00:00\",\"breadcrumb\":{\"@id\":\"https:\/\/qingdaohf.com\/product\/utility-lifting-anchors\/#breadcrumb\"},\"inLanguage\":\"cs\",\"potentialAction\":[{\"@type\":\"ReadAction\",\"target\":[\"https:\/\/qingdaohf.com\/product\/utility-lifting-anchors\/\"]}]},{\"@type\":\"ImageObject\",\"inLanguage\":\"cs\",\"@id\":\"https:\/\/qingdaohf.com\/product\/utility-lifting-anchors\/#primaryimage\",\"url\":\"https:\/\/qingdaohf.com\/wp-content\/uploads\/2023\/12\/lifting-anchor-43.jpg\",\"contentUrl\":\"https:\/\/qingdaohf.com\/wp-content\/uploads\/2023\/12\/lifting-anchor-43.jpg\",\"width\":1000,\"height\":1000,\"caption\":\"Utility lifting anchor\"},{\"@type\":\"BreadcrumbList\",\"@id\":\"https:\/\/qingdaohf.com\/product\/utility-lifting-anchors\/#breadcrumb\",\"itemListElement\":[{\"@type\":\"ListItem\",\"position\":1,\"name\":\"Home\",\"item\":\"https:\/\/qingdaohf.com\/\"},{\"@type\":\"ListItem\",\"position\":2,\"name\":\"Concrete Forming Accessories and Rigging Hardware\",\"item\":\"https:\/\/qingdaohf.com\/bg\/?page_id=944\"},{\"@type\":\"ListItem\",\"position\":3,\"name\":\"Utility Lifting Anchors for Concrete\"}]},{\"@type\":\"WebSite\",\"@id\":\"https:\/\/qingdaohf.com\/bg\/#website\",\"url\":\"https:\/\/qingdaohf.com\/bg\/\",\"name\":\"Concrete Form & Rigging Hardware Supplier\",\"description\":\"\",\"publisher\":{\"@id\":\"https:\/\/qingdaohf.com\/bg\/#organization\"},\"potentialAction\":[{\"@type\":\"SearchAction\",\"target\":{\"@type\":\"EntryPoint\",\"urlTemplate\":\"https:\/\/qingdaohf.com\/bg\/?s={search_term_string}\"},\"query-input\":{\"@type\":\"PropertyValueSpecification\",\"valueRequired\":true,\"valueName\":\"search_term_string\"}}],\"inLanguage\":\"cs\"},{\"@type\":\"Organization\",\"@id\":\"https:\/\/qingdaohf.com\/bg\/#organization\",\"name\":\"Qingdao H&F\",\"url\":\"https:\/\/qingdaohf.com\/bg\/\",\"logo\":{\"@type\":\"ImageObject\",\"inLanguage\":\"cs\",\"@id\":\"https:\/\/qingdaohf.com\/bg\/#\/schema\/logo\/image\/\",\"url\":\"https:\/\/qingdaohf.com\/wp-content\/uploads\/2022\/12\/cropped-HF-LOGO.png\",\"contentUrl\":\"https:\/\/qingdaohf.com\/wp-content\/uploads\/2022\/12\/cropped-HF-LOGO.png\",\"width\":391,\"height\":249,\"caption\":\"Qingdao H&F\"},\"image\":{\"@id\":\"https:\/\/qingdaohf.com\/bg\/#\/schema\/logo\/image\/\"},\"sameAs\":[\"https:\/\/www.facebook.com\/qingdaohf\"]}]}<\/script>\n<!-- \/ Yoast SEO plugin. -->","yoast_head_json":{"title":"Utility Lifting Anchors for Concrete","robots":{"index":"index","follow":"follow","max-snippet":"max-snippet:-1","max-image-preview":"max-image-preview:large","max-video-preview":"max-video-preview:-1"},"canonical":"https:\/\/qingdaohf.com\/cs\/produkt\/uzitkove-zvedaci-kotvy\/","og_locale":"cs_CZ","og_type":"article","og_title":"Utility Lifting Anchors for Concrete","og_description":"Utility Anchors, precision-engineered to meet the diverse demands of infrastructure projects. Our anchors are the backbone of construction, telecommunications, and energy applications, offering unparalleled strength, reliability, and adaptability.  High Tensile Strength: H&amp;F Utility Anchors are crafted with top-grade materials, ensuring superior tensile strength for robust performance in demanding environments.  Corrosion Resistance: Our anchors are designed to withstand corrosion, providing longevity and reliability in a variety of settings.  Versatile Applications: From securing structures in construction to supporting critical infrastructure in telecommunications and energy, H&amp;F Utility Anchors deliver exceptional versatility.","og_url":"https:\/\/qingdaohf.com\/cs\/produkt\/uzitkove-zvedaci-kotvy\/","og_site_name":"Concrete Form &amp; Rigging Hardware Supplier","article_publisher":"https:\/\/www.facebook.com\/qingdaohf","article_modified_time":"2025-11-13T01:04:00+00:00","og_image":[{"width":1000,"height":1000,"url":"https:\/\/qingdaohf.com\/wp-content\/uploads\/2023\/12\/lifting-anchor-43.jpg","type":"image\/jpeg"}],"twitter_card":"summary_large_image","twitter_misc":{"Odhadovan\u00e1 doba \u010dten\u00ed":"2 minuty"},"schema":{"@context":"https:\/\/schema.org","@graph":[{"@type":"WebPage","@id":"https:\/\/qingdaohf.com\/product\/utility-lifting-anchors\/","url":"https:\/\/qingdaohf.com\/product\/utility-lifting-anchors\/","name":"Utility Lifting Anchors for Concrete","isPartOf":{"@id":"https:\/\/qingdaohf.com\/bg\/#website"},"primaryImageOfPage":{"@id":"https:\/\/qingdaohf.com\/product\/utility-lifting-anchors\/#primaryimage"},"image":{"@id":"https:\/\/qingdaohf.com\/product\/utility-lifting-anchors\/#primaryimage"},"thumbnailUrl":"https:\/\/qingdaohf.com\/wp-content\/uploads\/2023\/12\/lifting-anchor-43.jpg","datePublished":"2023-12-22T08:01:59+00:00","dateModified":"2025-11-13T01:04:00+00:00","breadcrumb":{"@id":"https:\/\/qingdaohf.com\/product\/utility-lifting-anchors\/#breadcrumb"},"inLanguage":"cs","potentialAction":[{"@type":"ReadAction","target":["https:\/\/qingdaohf.com\/product\/utility-lifting-anchors\/"]}]},{"@type":"ImageObject","inLanguage":"cs","@id":"https:\/\/qingdaohf.com\/product\/utility-lifting-anchors\/#primaryimage","url":"https:\/\/qingdaohf.com\/wp-content\/uploads\/2023\/12\/lifting-anchor-43.jpg","contentUrl":"https:\/\/qingdaohf.com\/wp-content\/uploads\/2023\/12\/lifting-anchor-43.jpg","width":1000,"height":1000,"caption":"Utility lifting anchor"},{"@type":"BreadcrumbList","@id":"https:\/\/qingdaohf.com\/product\/utility-lifting-anchors\/#breadcrumb","itemListElement":[{"@type":"ListItem","position":1,"name":"Home","item":"https:\/\/qingdaohf.com\/"},{"@type":"ListItem","position":2,"name":"Concrete Forming Accessories and Rigging Hardware","item":"https:\/\/qingdaohf.com\/bg\/?page_id=944"},{"@type":"ListItem","position":3,"name":"Utility Lifting Anchors for Concrete"}]},{"@type":"WebSite","@id":"https:\/\/qingdaohf.com\/bg\/#website","url":"https:\/\/qingdaohf.com\/bg\/","name":"Concrete Form & Rigging Hardware Supplier","description":"","publisher":{"@id":"https:\/\/qingdaohf.com\/bg\/#organization"},"potentialAction":[{"@type":"SearchAction","target":{"@type":"EntryPoint","urlTemplate":"https:\/\/qingdaohf.com\/bg\/?s={search_term_string}"},"query-input":{"@type":"PropertyValueSpecification","valueRequired":true,"valueName":"search_term_string"}}],"inLanguage":"cs"},{"@type":"Organization","@id":"https:\/\/qingdaohf.com\/bg\/#organization","name":"Qingdao H&F","url":"https:\/\/qingdaohf.com\/bg\/","logo":{"@type":"ImageObject","inLanguage":"cs","@id":"https:\/\/qingdaohf.com\/bg\/#\/schema\/logo\/image\/","url":"https:\/\/qingdaohf.com\/wp-content\/uploads\/2022\/12\/cropped-HF-LOGO.png","contentUrl":"https:\/\/qingdaohf.com\/wp-content\/uploads\/2022\/12\/cropped-HF-LOGO.png","width":391,"height":249,"caption":"Qingdao H&F"},"image":{"@id":"https:\/\/qingdaohf.com\/bg\/#\/schema\/logo\/image\/"},"sameAs":["https:\/\/www.facebook.com\/qingdaohf"]}]}},"_links":{"self":[{"href":"https:\/\/qingdaohf.com\/cs\/wp-json\/wp\/v2\/product\/6109","targetHints":{"allow":["GET"]}}],"collection":[{"href":"https:\/\/qingdaohf.com\/cs\/wp-json\/wp\/v2\/product"}],"about":[{"href":"https:\/\/qingdaohf.com\/cs\/wp-json\/wp\/v2\/types\/product"}],"replies":[{"embeddable":true,"href":"https:\/\/qingdaohf.com\/cs\/wp-json\/wp\/v2\/comments?post=6109"}],"version-history":[{"count":10,"href":"https:\/\/qingdaohf.com\/cs\/wp-json\/wp\/v2\/product\/6109\/revisions"}],"predecessor-version":[{"id":6276,"href":"https:\/\/qingdaohf.com\/cs\/wp-json\/wp\/v2\/product\/6109\/revisions\/6276"}],"wp:featuredmedia":[{"embeddable":true,"href":"https:\/\/qingdaohf.com\/cs\/wp-json\/wp\/v2\/media\/6137"}],"wp:attachment":[{"href":"https:\/\/qingdaohf.com\/cs\/wp-json\/wp\/v2\/media?parent=6109"}],"wp:term":[{"taxonomy":"product_brand","embeddable":true,"href":"https:\/\/qingdaohf.com\/cs\/wp-json\/wp\/v2\/product_brand?post=6109"},{"taxonomy":"product_cat","embeddable":true,"href":"https:\/\/qingdaohf.com\/cs\/wp-json\/wp\/v2\/product_cat?post=6109"},{"taxonomy":"product_tag","embeddable":true,"href":"https:\/\/qingdaohf.com\/cs\/wp-json\/wp\/v2\/product_tag?post=6109"}],"curies":[{"name":"wp","href":"https:\/\/api.w.org\/{rel}","templated":true}]}}