{"id":6226,"date":"2024-01-03T15:51:23","date_gmt":"2024-01-03T07:51:23","guid":{"rendered":"http:\/\/qingdaohf.com\/?post_type=product&#038;p=6226"},"modified":"2025-11-13T09:03:39","modified_gmt":"2025-11-13T01:03:39","slug":"woven-cord-strap","status":"publish","type":"product","link":"https:\/\/qingdaohf.com\/cs\/produkt\/paskovani\/","title":{"rendered":"Tkan\u00fd polyesterov\u00fd p\u00e1sek pro balen\u00ed"},"content":{"rendered":"<div class=\"ast-oembed-container\" style=\"height: 100%;\"><iframe title=\"Polypropylenov\u00e9 p\u00e1sky\" width=\"500\" height=\"281\" src=\"https:\/\/www.youtube.com\/embed\/Bi0Ct6OI134?feature=oembed\" frameborder=\"0\" allow=\"accelerometer; autoplay; clipboard-write; encrypted-media; gyroscope; picture-in-picture; web-share\" referrerpolicy=\"strict-origin-when-cross-origin\" allowfullscreen><\/iframe><\/div>\n<h3>Znalost kritick\u00fdch vlastnost\u00ed tkan\u00fdch polyesterov\u00fdch p\u00e1sk\u016f na \u0161\u0148\u016fry<\/h3>\n<p>Z\u00e1kladem ka\u017ed\u00e9ho bezpe\u010dn\u00e9ho obalov\u00e9ho \u0159e\u0161en\u00ed jsou p\u00e1sky z tkan\u00e9 polyesterov\u00e9 \u0161\u0148\u016fry. D\u00edky jejich pevnosti a v\u0161estrannosti nach\u00e1zej\u00ed tyto p\u00e1sky \u0161irok\u00e9 uplatn\u011bn\u00ed v pr\u016fmyslov\u00fdch odv\u011btv\u00edch, kter\u00e1 vy\u017eaduj\u00ed spolehliv\u00e9 p\u00e1skov\u00e1n\u00ed t\u011b\u017ek\u00fdch n\u00e1klad\u016f nebo n\u00e1klad\u016f nepravideln\u00fdch tvar\u016f. P\u00e1sky vyroben\u00e9 z hust\u011b propleten\u00fdch polyesterov\u00fdch vl\u00e1ken poskytuj\u00ed p\u016fsobivou pevnost v tahu p\u0159i zachov\u00e1n\u00ed flexibility. Na rozd\u00edl od tradi\u010dn\u00edch ocelov\u00fdch p\u00e1sk\u016f, kter\u00e9 mohou b\u00fdt n\u00e1chyln\u00e9 ke korozi nebo dokonce po\u0161kozovat citliv\u00e9 povrchy, tento typ polyesterov\u00fdch p\u00e1sk\u016f poskytuje hladkou, ale pevnou alternativu, kter\u00e1 vynik\u00e1 t\u00edm, \u017ee udr\u017euje integritu zbo\u017e\u00ed v bezpe\u010d\u00ed.<\/p>\n<p>Tento materi\u00e1l se stal obl\u00edben\u00fdm v n\u011bkolika p\u0159edn\u00edch pr\u016fmyslov\u00fdch odv\u011btv\u00edch, v\u010detn\u011b logistiky, stavebnictv\u00ed a v\u00fdroby, kde jsou v\u00fdrobky vystaveny hrub\u00e9mu zach\u00e1zen\u00ed, ani\u017e by byla ohro\u017eena jejich bezpe\u010dnost nebo stabilita. Odb\u011bratel\u00e9 si v\u00e1\u017e\u00ed sv\u00fdch investic do obal\u016f, a proto pot\u0159ebuj\u00ed p\u00e1skovac\u00ed p\u00e1sky, kter\u00e9 by p\u0159esn\u011b odpov\u00eddaly jejich provozn\u00edm po\u017eadavk\u016fm a z\u00e1rove\u0148 byly skute\u010dn\u011b \u00fa\u010dinn\u00e9 a n\u00e1kladov\u011b efektivn\u00ed.<\/p>\n<h3>V\u00fdhody vysokopevnostn\u00edch polyesterov\u00fdch p\u00e1sk\u016f na \u0161\u0148\u016fry<\/h3>\n<p>P\u00e1sky z tkan\u00fdch polyesterov\u00fdch \u0161\u0148\u016fr jsou nejlep\u0161\u00ed z hlediska trvanlivosti, a proto se dokonale hod\u00ed pro zaji\u0161t\u011bn\u00ed n\u00e1kladu v dynamick\u00fdch podm\u00ednk\u00e1ch. Jejich zvl\u00e1\u0161tn\u00ed tkan\u00e1 struktura znamen\u00e1, \u017ee jsou schopny absorbovat n\u00e1razy a vibrace, co\u017e je velmi d\u016fle\u017eit\u00e9 p\u0159i p\u0159eprav\u011b k\u0159ehk\u00e9ho nebo t\u011b\u017ek\u00e9ho zbo\u017e\u00ed na dlouh\u00e9 vzd\u00e1lenosti. P\u00e1sky maj\u00ed tak\u00e9 pru\u017enost; to je d\u016fle\u017eit\u00e9, proto\u017ee i kdy\u017e se n\u00e1klad b\u011bhem p\u0159epravy trochu pohne, bude st\u00e1le pevn\u011b zaji\u0161t\u011bn.<\/p>\n<p>Lehkost polyesterov\u00fdch p\u00e1sk\u016f nav\u00edc usnad\u0148uje manipulaci. V porovn\u00e1n\u00ed s ocelov\u00fdmi prot\u011bj\u0161ky se s n\u00edm manipuluje mnohem snadn\u011bji; manipulace s n\u00edm tak nep\u0159edstavuje extr\u00e9mn\u00ed pracovn\u00ed z\u00e1t\u011b\u017e a zvy\u0161uje efektivitu provozu. Dal\u0161\u00ed kl\u00ed\u010dovou v\u00fdhodou je odolnost proti vliv\u016fm prost\u0159ed\u00ed; polyesterov\u00e9 p\u00e1sky odol\u00e1vaj\u00ed degradaci p\u0159i vystaven\u00ed vlhkosti, UV z\u00e1\u0159en\u00ed nebo zm\u011bn\u00e1m teplot - proto dosahuj\u00ed vynikaj\u00edc\u00edch v\u00fdsledk\u016f p\u0159i pou\u017eit\u00ed ve venkovn\u00edch skladech nebo p\u0159i p\u0159eprav\u011b.<br \/>\nVe spole\u010dnosti Qingdao H&amp;F p\u0159\u00edsn\u011b kontrolujeme na\u0161e polyesterov\u00e9 p\u00e1sky, aby spl\u0148ovaly nejvy\u0161\u0161\u00ed standardy v oboru. Kupuj\u00edc\u00ed mohou o\u010dek\u00e1vat podrobn\u00e9 zpr\u00e1vy o kontrole kvality u ka\u017ed\u00e9 \u0161ar\u017ee, co\u017e zaru\u010duje plnou transparentnost spolehlivosti v\u00fdrobk\u016f. Spolu s rychl\u00fdmi dodac\u00edmi lh\u016ftami tak zaji\u0161\u0165ujeme, \u017ee va\u0161e obchodn\u00ed operace budou prob\u00edhat bez jak\u00fdchkoli prodlev.<\/p>\n<h3>Pro\u010d si vybrat spole\u010dnost Qingdao H&amp;F pro sv\u00e9 pot\u0159eby v oblasti polyesterov\u00fdch p\u00e1sk\u016f?<\/h3>\n<p>Spr\u00e1vn\u00fd dodavatel je stejn\u011b d\u016fle\u017eit\u00fd jako v\u00fdb\u011br samotn\u00e9ho v\u00fdrobku. V tomto ohledu je spole\u010dnost Qingdao H&amp;F bezkonkuren\u010dn\u00ed a dokonale odpov\u00edd\u00e1 pot\u0159eb\u00e1m kupuj\u00edc\u00edch. D\u00edky 20 let\u016fm zku\u0161enost\u00ed v zahrani\u010dn\u00edm obchod\u011b si uv\u011bdomujeme ty rozhoduj\u00edc\u00ed faktory, kter\u00e9 ur\u010duj\u00ed n\u00e1kupn\u00ed rozhodnut\u00ed: od trvanlivosti v\u00fdrobku a n\u00e1kladov\u00e9 efektivity a\u017e po v\u010dasn\u00e9 dod\u00e1vky a podporu na m\u00edru, dokonalost v ka\u017ed\u00e9m detailu. Odli\u0161uje n\u00e1s z\u00e1vazek individu\u00e1ln\u00edho p\u0159\u00edstupu k z\u00e1kazn\u00edk\u016fm. Ka\u017ed\u00fd klient m\u00e1 k dispozici jedinou kontaktn\u00ed osobu, kter\u00e1 pom\u00e1h\u00e1 \u0159e\u0161it p\u0159\u00edpadn\u00e9 dotazy nebo poskytuje aktualiza\u010dn\u00ed pomoc p\u0159i p\u0159izp\u016fsobov\u00e1n\u00ed \u0159e\u0161en\u00ed konkr\u00e9tn\u00edm po\u017eadavk\u016fm. Tento individu\u00e1ln\u00ed p\u0159\u00edstup zaji\u0161\u0165uje bezprobl\u00e9mov\u00fd pr\u016fb\u011bh n\u00e1kupu. Krom\u011b toho n\u00e1m n\u00e1\u0161 siln\u00fd syst\u00e9m \u0159\u00edzen\u00ed dodavatelsk\u00e9ho \u0159et\u011bzce umo\u017e\u0148uje dod\u00e1vat v\u010das, a to i u projekt\u016f s p\u0159\u00edsn\u00fdmi term\u00edny, ani\u017e by do\u0161lo ke sn\u00ed\u017een\u00ed kvality. Kupuj\u00edc\u00edm, kte\u0159\u00ed dbaj\u00ed na kvalitu, poskytujeme podrobn\u00e9 kontroln\u00ed zpr\u00e1vy, aby m\u011bli jistotu, \u017ee ka\u017ed\u00e1 \u0161ar\u017ee v\u00fdrobk\u016f spl\u0148uje stanoven\u00e9 normy. Zpr\u00e1va buduje d\u016fv\u011bru a umo\u017e\u0148uje klient\u016fm \u010dinit sebev\u011bdom\u00e1 a informovan\u00e1 rozhodnut\u00ed.<\/p>\n<p>To dokazuje, \u017ee vysoce pevn\u00e9 p\u00e1sky z tkan\u00e9 polyesterov\u00e9 \u0161\u0148\u016fry jsou jist\u011b inovativn\u00edm produktem pro pr\u016fmyslov\u00e1 odv\u011btv\u00ed vy\u017eaduj\u00edc\u00ed spolehliv\u00e9 obalov\u00e9 materi\u00e1ly. D\u016fraz je u t\u011bchto p\u00e1sek kladen na pevnost, odolnost a p\u0159izp\u016fsobivost pro jejich mnohostrann\u00e9 pou\u017eit\u00ed p\u0159i minimalizaci rizik spojen\u00fdch se zabezpe\u010den\u00edm n\u00e1kladu. Spole\u010dn\u011b se spole\u010dnost\u00ed Qingdao H&amp;F m\u016f\u017ee kupuj\u00edc\u00edm zajistit \u0161pi\u010dkov\u00e9 v\u00fdrobky podpo\u0159en\u00e9 odborn\u00fdmi znalostmi v oboru, rychl\u00fdmi dodac\u00edmi cykly a nem\u011bnnou z\u00e1kaznickou podporou. A\u0165 u\u017e \u0159e\u0161\u00edte slo\u017eitou logistiku nebo se sna\u017e\u00edte vy\u0159e\u0161it konkr\u00e9tn\u00ed provozn\u00ed probl\u00e9my, na\u0161e \u0159e\u0161en\u00ed na m\u00edru a hlubok\u00e9 znalosti jsou z\u00e1kladem, na kter\u00e9m stoj\u00ed v\u00e1\u0161 \u00fasp\u011bch v oblasti balen\u00ed.<\/p>","protected":false},"excerpt":{"rendered":"<p>Vysokopevnostn\u00ed p\u00e1sky z tkan\u00e9 polyesterov\u00e9 \u0161\u0148\u016fry poskytuj\u00ed pr\u016fmyslov\u00fdm odv\u011btv\u00edm efektivn\u00ed a spolehliv\u00e1 obalov\u00e1 \u0159e\u0161en\u00ed. Tyto p\u00e1sky jsou zn\u00e1m\u00e9 svou trvanlivost\u00ed, umo\u017e\u0148uj\u00ed efektivn\u00ed zaji\u0161t\u011bn\u00ed t\u011b\u017ek\u00fdch n\u00e1klad\u016f a vyzna\u010duj\u00ed se vysokou odolnost\u00ed proti p\u0159etr\u017een\u00ed a rozta\u017een\u00ed b\u011bhem p\u0159epravy. V\u011bt\u0161ina kupuj\u00edc\u00edch po n\u00e1kupu spolehliv\u00fdch obalov\u00fdch materi\u00e1l\u016f bere v \u00favahu v\u00fdkonnost v\u00fdrobku, kompatibilitu se v\u0161emi typy p\u00e1skovac\u00edch n\u00e1stroj\u016f a schopnost odol\u00e1vat faktor\u016fm prost\u0159ed\u00ed, jako je vlhkost. Jsme d\u016fv\u011bryhodnou obchodn\u00ed spole\u010dnost\u00ed ji\u017e 20 let. Spole\u010dnost Qingdao H&amp;F vynik\u00e1 t\u00edm, \u017ee z\u00e1kazn\u00edk\u016fm nab\u00edz\u00ed individu\u00e1ln\u00ed slu\u017eby na m\u00edru, co\u017e zaru\u010duje, \u017ee ka\u017ed\u00fd klient dostane n\u00e1le\u017eit\u00fd \u010das. Rychl\u00e9 dodac\u00ed cykly a komplexn\u00ed zpr\u00e1vy o kontrole kvality pos\u00edl\u00ed va\u0161i d\u016fv\u011bru, \u017ee si n\u00e1s vyberete pro sv\u00e1 obalov\u00e1 \u0159e\u0161en\u00ed.<\/p>","protected":false},"featured_media":6225,"comment_status":"open","ping_status":"closed","template":"","meta":{"site-sidebar-layout":"default","site-content-layout":"","ast-site-content-layout":"default","site-content-style":"default","site-sidebar-style":"default","ast-global-header-display":"","ast-banner-title-visibility":"","ast-main-header-display":"","ast-hfb-above-header-display":"","ast-hfb-below-header-display":"","ast-hfb-mobile-header-display":"","site-post-title":"","ast-breadcrumbs-content":"","ast-featured-img":"","footer-sml-layout":"","theme-transparent-header-meta":"default","adv-header-id-meta":"","stick-header-meta":"default","header-above-stick-meta":"","header-main-stick-meta":"","header-below-stick-meta":"","astra-migrate-meta-layouts":"set","ast-page-background-enabled":"default","ast-page-background-meta":{"desktop":{"background-color":"","background-image":"","background-repeat":"repeat","background-position":"center center","background-size":"auto","background-attachment":"scroll","background-type":"","background-media":"","overlay-type":"","overlay-color":"","overlay-opacity":"","overlay-gradient":""},"tablet":{"background-color":"","background-image":"","background-repeat":"repeat","background-position":"center center","background-size":"auto","background-attachment":"scroll","background-type":"","background-media":"","overlay-type":"","overlay-color":"","overlay-opacity":"","overlay-gradient":""},"mobile":{"background-color":"","background-image":"","background-repeat":"repeat","background-position":"center center","background-size":"auto","background-attachment":"scroll","background-type":"","background-media":"","overlay-type":"","overlay-color":"","overlay-opacity":"","overlay-gradient":""}},"ast-content-background-meta":{"desktop":{"background-color":"var(--ast-global-color-5)","background-image":"","background-repeat":"repeat","background-position":"center center","background-size":"auto","background-attachment":"scroll","background-type":"","background-media":"","overlay-type":"","overlay-color":"","overlay-opacity":"","overlay-gradient":""},"tablet":{"background-color":"var(--ast-global-color-5)","background-image":"","background-repeat":"repeat","background-position":"center center","background-size":"auto","background-attachment":"scroll","background-type":"","background-media":"","overlay-type":"","overlay-color":"","overlay-opacity":"","overlay-gradient":""},"mobile":{"background-color":"var(--ast-global-color-5)","background-image":"","background-repeat":"repeat","background-position":"center center","background-size":"auto","background-attachment":"scroll","background-type":"","background-media":"","overlay-type":"","overlay-color":"","overlay-opacity":"","overlay-gradient":""}}},"product_brand":[],"product_cat":[51,69],"product_tag":[],"class_list":{"0":"post-6226","1":"product","2":"type-product","3":"status-publish","4":"has-post-thumbnail","6":"product_cat-riggging-hardware","7":"product_cat-strapping","8":"desktop-align-left","9":"tablet-align-left","10":"mobile-align-left","11":"ast-product-gallery-layout-horizontal-slider","12":"ast-product-tabs-layout-horizontal","14":"first","15":"instock","16":"shipping-taxable","17":"purchasable","18":"product-type-simple"},"yoast_head":"<!-- This site is optimized with the Yoast SEO plugin v25.2 - https:\/\/yoast.com\/wordpress\/plugins\/seo\/ -->\n<title>Woven Polyester Cord Strapping Band for Packaging<\/title>\n<meta name=\"description\" content=\"High-strength woven polyester cord strapping bands provide industries with efficient and trustworthy packaging solutions.\" \/>\n<meta name=\"robots\" content=\"index, follow, max-snippet:-1, max-image-preview:large, max-video-preview:-1\" \/>\n<link rel=\"canonical\" href=\"https:\/\/qingdaohf.com\/cs\/produkt\/paskovani\/\" \/>\n<meta property=\"og:locale\" content=\"cs_CZ\" \/>\n<meta property=\"og:type\" content=\"article\" \/>\n<meta property=\"og:title\" content=\"Woven Polyester Cord Strapping Band for Packaging\" \/>\n<meta property=\"og:description\" content=\"High-strength woven polyester cord strapping bands provide industries with efficient and trustworthy packaging solutions.\" \/>\n<meta property=\"og:url\" content=\"https:\/\/qingdaohf.com\/cs\/produkt\/paskovani\/\" \/>\n<meta property=\"og:site_name\" content=\"Concrete Form &amp; Rigging Hardware Supplier\" \/>\n<meta property=\"article:publisher\" content=\"https:\/\/www.facebook.com\/qingdaohf\" \/>\n<meta property=\"article:modified_time\" content=\"2025-11-13T01:03:39+00:00\" \/>\n<meta property=\"og:image\" content=\"https:\/\/qingdaohf.com\/wp-content\/uploads\/2024\/01\/strapping-roll-2.webp\" \/>\n\t<meta property=\"og:image:width\" content=\"1000\" \/>\n\t<meta property=\"og:image:height\" content=\"1000\" \/>\n\t<meta property=\"og:image:type\" content=\"image\/webp\" \/>\n<meta name=\"twitter:card\" content=\"summary_large_image\" \/>\n<meta name=\"twitter:label1\" content=\"Odhadovan\u00e1 doba \u010dten\u00ed\" \/>\n\t<meta name=\"twitter:data1\" content=\"3 minuty\" \/>\n<script type=\"application\/ld+json\" class=\"yoast-schema-graph\">{\"@context\":\"https:\/\/schema.org\",\"@graph\":[{\"@type\":\"WebPage\",\"@id\":\"https:\/\/qingdaohf.com\/product\/woven-cord-strap\/\",\"url\":\"https:\/\/qingdaohf.com\/product\/woven-cord-strap\/\",\"name\":\"Woven Polyester Cord Strapping Band for Packaging\",\"isPartOf\":{\"@id\":\"https:\/\/qingdaohf.com\/bg\/#website\"},\"primaryImageOfPage\":{\"@id\":\"https:\/\/qingdaohf.com\/product\/woven-cord-strap\/#primaryimage\"},\"image\":{\"@id\":\"https:\/\/qingdaohf.com\/product\/woven-cord-strap\/#primaryimage\"},\"thumbnailUrl\":\"https:\/\/qingdaohf.com\/wp-content\/uploads\/2024\/01\/strapping-roll-2.webp\",\"datePublished\":\"2024-01-03T07:51:23+00:00\",\"dateModified\":\"2025-11-13T01:03:39+00:00\",\"description\":\"High-strength woven polyester cord strapping bands provide industries with efficient and trustworthy packaging solutions.\",\"breadcrumb\":{\"@id\":\"https:\/\/qingdaohf.com\/product\/woven-cord-strap\/#breadcrumb\"},\"inLanguage\":\"cs\",\"potentialAction\":[{\"@type\":\"ReadAction\",\"target\":[\"https:\/\/qingdaohf.com\/product\/woven-cord-strap\/\"]}]},{\"@type\":\"ImageObject\",\"inLanguage\":\"cs\",\"@id\":\"https:\/\/qingdaohf.com\/product\/woven-cord-strap\/#primaryimage\",\"url\":\"https:\/\/qingdaohf.com\/wp-content\/uploads\/2024\/01\/strapping-roll-2.webp\",\"contentUrl\":\"https:\/\/qingdaohf.com\/wp-content\/uploads\/2024\/01\/strapping-roll-2.webp\",\"width\":1000,\"height\":1000,\"caption\":\"strapping roll\"},{\"@type\":\"BreadcrumbList\",\"@id\":\"https:\/\/qingdaohf.com\/product\/woven-cord-strap\/#breadcrumb\",\"itemListElement\":[{\"@type\":\"ListItem\",\"position\":1,\"name\":\"Home\",\"item\":\"https:\/\/qingdaohf.com\/\"},{\"@type\":\"ListItem\",\"position\":2,\"name\":\"Concrete Forming Accessories and Rigging Hardware\",\"item\":\"https:\/\/qingdaohf.com\/bg\/?page_id=944\"},{\"@type\":\"ListItem\",\"position\":3,\"name\":\"Woven Polyester Cord Strapping Band for Packaging\"}]},{\"@type\":\"WebSite\",\"@id\":\"https:\/\/qingdaohf.com\/bg\/#website\",\"url\":\"https:\/\/qingdaohf.com\/bg\/\",\"name\":\"Concrete Form & Rigging Hardware Supplier\",\"description\":\"\",\"publisher\":{\"@id\":\"https:\/\/qingdaohf.com\/bg\/#organization\"},\"potentialAction\":[{\"@type\":\"SearchAction\",\"target\":{\"@type\":\"EntryPoint\",\"urlTemplate\":\"https:\/\/qingdaohf.com\/bg\/?s={search_term_string}\"},\"query-input\":{\"@type\":\"PropertyValueSpecification\",\"valueRequired\":true,\"valueName\":\"search_term_string\"}}],\"inLanguage\":\"cs\"},{\"@type\":\"Organization\",\"@id\":\"https:\/\/qingdaohf.com\/bg\/#organization\",\"name\":\"Qingdao H&F\",\"url\":\"https:\/\/qingdaohf.com\/bg\/\",\"logo\":{\"@type\":\"ImageObject\",\"inLanguage\":\"cs\",\"@id\":\"https:\/\/qingdaohf.com\/bg\/#\/schema\/logo\/image\/\",\"url\":\"https:\/\/qingdaohf.com\/wp-content\/uploads\/2022\/12\/cropped-HF-LOGO.png\",\"contentUrl\":\"https:\/\/qingdaohf.com\/wp-content\/uploads\/2022\/12\/cropped-HF-LOGO.png\",\"width\":391,\"height\":249,\"caption\":\"Qingdao H&F\"},\"image\":{\"@id\":\"https:\/\/qingdaohf.com\/bg\/#\/schema\/logo\/image\/\"},\"sameAs\":[\"https:\/\/www.facebook.com\/qingdaohf\"]}]}<\/script>\n<!-- \/ Yoast SEO plugin. -->","yoast_head_json":{"title":"Woven Polyester Cord Strapping Band for Packaging","description":"High-strength woven polyester cord strapping bands provide industries with efficient and trustworthy packaging solutions.","robots":{"index":"index","follow":"follow","max-snippet":"max-snippet:-1","max-image-preview":"max-image-preview:large","max-video-preview":"max-video-preview:-1"},"canonical":"https:\/\/qingdaohf.com\/cs\/produkt\/paskovani\/","og_locale":"cs_CZ","og_type":"article","og_title":"Woven Polyester Cord Strapping Band for Packaging","og_description":"High-strength woven polyester cord strapping bands provide industries with efficient and trustworthy packaging solutions.","og_url":"https:\/\/qingdaohf.com\/cs\/produkt\/paskovani\/","og_site_name":"Concrete Form &amp; Rigging Hardware Supplier","article_publisher":"https:\/\/www.facebook.com\/qingdaohf","article_modified_time":"2025-11-13T01:03:39+00:00","og_image":[{"width":1000,"height":1000,"url":"https:\/\/qingdaohf.com\/wp-content\/uploads\/2024\/01\/strapping-roll-2.webp","type":"image\/webp"}],"twitter_card":"summary_large_image","twitter_misc":{"Odhadovan\u00e1 doba \u010dten\u00ed":"3 minuty"},"schema":{"@context":"https:\/\/schema.org","@graph":[{"@type":"WebPage","@id":"https:\/\/qingdaohf.com\/product\/woven-cord-strap\/","url":"https:\/\/qingdaohf.com\/product\/woven-cord-strap\/","name":"Woven Polyester Cord Strapping Band for Packaging","isPartOf":{"@id":"https:\/\/qingdaohf.com\/bg\/#website"},"primaryImageOfPage":{"@id":"https:\/\/qingdaohf.com\/product\/woven-cord-strap\/#primaryimage"},"image":{"@id":"https:\/\/qingdaohf.com\/product\/woven-cord-strap\/#primaryimage"},"thumbnailUrl":"https:\/\/qingdaohf.com\/wp-content\/uploads\/2024\/01\/strapping-roll-2.webp","datePublished":"2024-01-03T07:51:23+00:00","dateModified":"2025-11-13T01:03:39+00:00","description":"High-strength woven polyester cord strapping bands provide industries with efficient and trustworthy packaging solutions.","breadcrumb":{"@id":"https:\/\/qingdaohf.com\/product\/woven-cord-strap\/#breadcrumb"},"inLanguage":"cs","potentialAction":[{"@type":"ReadAction","target":["https:\/\/qingdaohf.com\/product\/woven-cord-strap\/"]}]},{"@type":"ImageObject","inLanguage":"cs","@id":"https:\/\/qingdaohf.com\/product\/woven-cord-strap\/#primaryimage","url":"https:\/\/qingdaohf.com\/wp-content\/uploads\/2024\/01\/strapping-roll-2.webp","contentUrl":"https:\/\/qingdaohf.com\/wp-content\/uploads\/2024\/01\/strapping-roll-2.webp","width":1000,"height":1000,"caption":"strapping roll"},{"@type":"BreadcrumbList","@id":"https:\/\/qingdaohf.com\/product\/woven-cord-strap\/#breadcrumb","itemListElement":[{"@type":"ListItem","position":1,"name":"Home","item":"https:\/\/qingdaohf.com\/"},{"@type":"ListItem","position":2,"name":"Concrete Forming Accessories and Rigging Hardware","item":"https:\/\/qingdaohf.com\/bg\/?page_id=944"},{"@type":"ListItem","position":3,"name":"Woven Polyester Cord Strapping Band for Packaging"}]},{"@type":"WebSite","@id":"https:\/\/qingdaohf.com\/bg\/#website","url":"https:\/\/qingdaohf.com\/bg\/","name":"Concrete Form & Rigging Hardware Supplier","description":"","publisher":{"@id":"https:\/\/qingdaohf.com\/bg\/#organization"},"potentialAction":[{"@type":"SearchAction","target":{"@type":"EntryPoint","urlTemplate":"https:\/\/qingdaohf.com\/bg\/?s={search_term_string}"},"query-input":{"@type":"PropertyValueSpecification","valueRequired":true,"valueName":"search_term_string"}}],"inLanguage":"cs"},{"@type":"Organization","@id":"https:\/\/qingdaohf.com\/bg\/#organization","name":"Qingdao H&F","url":"https:\/\/qingdaohf.com\/bg\/","logo":{"@type":"ImageObject","inLanguage":"cs","@id":"https:\/\/qingdaohf.com\/bg\/#\/schema\/logo\/image\/","url":"https:\/\/qingdaohf.com\/wp-content\/uploads\/2022\/12\/cropped-HF-LOGO.png","contentUrl":"https:\/\/qingdaohf.com\/wp-content\/uploads\/2022\/12\/cropped-HF-LOGO.png","width":391,"height":249,"caption":"Qingdao H&F"},"image":{"@id":"https:\/\/qingdaohf.com\/bg\/#\/schema\/logo\/image\/"},"sameAs":["https:\/\/www.facebook.com\/qingdaohf"]}]}},"_links":{"self":[{"href":"https:\/\/qingdaohf.com\/cs\/wp-json\/wp\/v2\/product\/6226","targetHints":{"allow":["GET"]}}],"collection":[{"href":"https:\/\/qingdaohf.com\/cs\/wp-json\/wp\/v2\/product"}],"about":[{"href":"https:\/\/qingdaohf.com\/cs\/wp-json\/wp\/v2\/types\/product"}],"replies":[{"embeddable":true,"href":"https:\/\/qingdaohf.com\/cs\/wp-json\/wp\/v2\/comments?post=6226"}],"version-history":[{"count":11,"href":"https:\/\/qingdaohf.com\/cs\/wp-json\/wp\/v2\/product\/6226\/revisions"}],"predecessor-version":[{"id":8881,"href":"https:\/\/qingdaohf.com\/cs\/wp-json\/wp\/v2\/product\/6226\/revisions\/8881"}],"wp:featuredmedia":[{"embeddable":true,"href":"https:\/\/qingdaohf.com\/cs\/wp-json\/wp\/v2\/media\/6225"}],"wp:attachment":[{"href":"https:\/\/qingdaohf.com\/cs\/wp-json\/wp\/v2\/media?parent=6226"}],"wp:term":[{"taxonomy":"product_brand","embeddable":true,"href":"https:\/\/qingdaohf.com\/cs\/wp-json\/wp\/v2\/product_brand?post=6226"},{"taxonomy":"product_cat","embeddable":true,"href":"https:\/\/qingdaohf.com\/cs\/wp-json\/wp\/v2\/product_cat?post=6226"},{"taxonomy":"product_tag","embeddable":true,"href":"https:\/\/qingdaohf.com\/cs\/wp-json\/wp\/v2\/product_tag?post=6226"}],"curies":[{"name":"wp","href":"https:\/\/api.w.org\/{rel}","templated":true}]}}