{"id":6443,"date":"2024-02-02T14:30:53","date_gmt":"2024-02-02T06:30:53","guid":{"rendered":"http:\/\/qingdaohf.com\/?post_type=product&#038;p=6443"},"modified":"2025-11-13T09:03:39","modified_gmt":"2025-11-13T01:03:39","slug":"wholesale-d-shackle-chain-shackle-for-lifting","status":"publish","type":"product","link":"https:\/\/qingdaohf.com\/cs\/produkt\/velkoobchodni-d-trmen-retezove-trmeny-pro-zvedani\/","title":{"rendered":"Velkoobchod D Shackle Chain Shackle pro zved\u00e1n\u00ed"},"content":{"rendered":"<p>D-v\u011b\u0161\u00e1ky jsou d\u016fle\u017eit\u00fdmi sou\u010d\u00e1stmi v lanov\u00e9m a zvedac\u00edm pr\u016fmyslu, kter\u00e9 jsou cen\u011bny pro svou stabilitu a pevnost v aplikac\u00edch s vysok\u00fdm nam\u00e1h\u00e1n\u00edm. D\u00edky sv\u00e9mu charakteristick\u00e9mu tvaru U a bezpe\u010dn\u00e9mu uz\u00e1v\u011bru \u010depu poskytuj\u00ed D t\u0159meny spolehliv\u00e9 spojen\u00ed pro \u0161irokou \u0161k\u00e1lu zvedac\u00edch, zdvihac\u00edch a vle\u010dn\u00fdch \u00fakol\u016f. D t\u0159meny G210 a G2150 spole\u010dnosti Qingdao H&amp;F pat\u0159\u00ed k nejobl\u00edben\u011bj\u0161\u00edm model\u016fm na trhu, kter\u00e9 si profesion\u00e1lov\u00e9 nap\u0159\u00ed\u010d odv\u011btv\u00edmi obl\u00edbili pro jejich pevnost, odolnost a p\u0159izp\u016fsobivost.<\/p>\n<p>Modely G210 a G2150 jsou konstruov\u00e1ny tak, aby zvl\u00e1dly t\u011b\u017ek\u00e1 b\u0159emena p\u0159i zachov\u00e1n\u00ed vysok\u00e9 \u00farovn\u011b bezpe\u010dnosti a stability. Model G210, zn\u00e1m\u00fd svou v\u0161estrannost\u00ed a zaoblen\u00fdm designem, se b\u011b\u017en\u011b pou\u017e\u00edv\u00e1 v sestav\u00e1ch, kter\u00e9 vy\u017eaduj\u00ed flexibilitu. Naproti tomu model G2150 s mimo\u0159\u00e1dn\u011b t\u011b\u017ekou konstrukc\u00ed je navr\u017een tak, aby vydr\u017eel extr\u00e9mn\u011bj\u0161\u00ed aplikace, a nab\u00edz\u00ed zv\u00fd\u0161enou nosnost pro vy\u0161\u0161\u00ed limity pracovn\u00edho zat\u00ed\u017een\u00ed (WLL). Ka\u017ed\u00fd model je vyroben podle p\u0159esn\u00fdch specifikac\u00ed, co\u017e zaji\u0161\u0165uje kompatibilitu s r\u016fzn\u00fdmi syst\u00e9my zav\u011b\u0161en\u00ed a vysokou \u00farove\u0148 v\u00fdkonu pod tlakem.<\/p>\n<p>Jako d\u016fv\u011bryhodn\u00fd velkoobchodn\u00edk s t\u0159meny D se spole\u010dnost Qingdao H&amp;F zav\u00e1zala poskytovat vysoce kvalitn\u00ed v\u00fdrobky, kter\u00e9 spl\u0148uj\u00ed p\u0159\u00edsn\u00e9 po\u017eadavky profesion\u00e1l\u016f v oblasti zved\u00e1n\u00ed a manipulace. D\u00edky r\u016fzn\u00fdm velikostem a WLL od 0,33 tuny do 150 tun a rozm\u011br\u016fm od 1\/4 palce do 3 palc\u016f jsou na\u0161e z\u00e1soby navr\u017eeny tak, aby slou\u017eily kupuj\u00edc\u00edm, kte\u0159\u00ed hledaj\u00ed spolehliv\u00e1 \u0159e\u0161en\u00ed pro projekty jak\u00e9hokoli rozsahu.<\/p>\n<h3>V\u00fdhody volby spole\u010dnosti Qingdao H&amp;F: slu\u017eby na m\u00edru a efektivn\u00ed dod\u00e1vky<\/h3>\n<p>Ve spole\u010dnosti Qingdao H&amp;F ch\u00e1peme d\u016fle\u017eitost bezprobl\u00e9mov\u00e9ho a efektivn\u00edho n\u00e1kupu. Kupuj\u00edc\u00ed up\u0159ednost\u0148uj\u00ed kvalitu, rychlost a d\u016fv\u011bru ve sv\u00e9 dodavatele, a proto jsme si vybudovali p\u0159\u00edstup ke slu\u017eb\u00e1m zam\u011b\u0159en\u00fd na klienta. Ka\u017ed\u00fd klient m\u00e1 prosp\u011bch z na\u0161eho individu\u00e1ln\u00edho z\u00e1kaznick\u00e9ho servisu, kde mu specializovan\u00e1 podpora zajist\u00ed nalezen\u00ed nejvhodn\u011bj\u0161\u00edho modelu okov\u016f pro jeho konkr\u00e9tn\u00ed pot\u0159eby. \u00dazce spolupracujeme s odb\u011brateli, abychom porozum\u011bli jejich projektov\u00fdm po\u017eadavk\u016fm, a pom\u00e1h\u00e1me jim vybrat si mezi univerz\u00e1ln\u00edm modelem G210 nebo t\u011b\u017ek\u00fdm modelem G2150, kter\u00e9 jsou oba v\u0161eobecn\u011b uzn\u00e1v\u00e1ny pro svou spolehlivost v n\u00e1ro\u010dn\u00fdch podm\u00ednk\u00e1ch.<\/p>\n<p>Krom\u011b kvality v\u00fdrobk\u016f klade n\u00e1\u0161 model slu\u017eeb d\u016fraz na rychl\u00e9 dodac\u00ed cykly a naprostou transparentnost, p\u0159i\u010dem\u017e ke ka\u017ed\u00e9 z\u00e1silce poskytujeme zpr\u00e1vy o kontrole kvality. Tyto zpr\u00e1vy podrobn\u011b popisuj\u00ed specifikace, v\u00fdkonnost a bezpe\u010dnostn\u00ed normy na\u0161ich pout, tak\u017ee kupuj\u00edc\u00ed se mohou c\u00edtit jist\u011b p\u0159i n\u00e1kupu a jsou si jisti, \u017ee je v\u00fdrobek p\u0159ipraven k okam\u017eit\u00e9mu pou\u017eit\u00ed. Zaji\u0161t\u011bn\u00edm efektivn\u00ed logistiky a zefektivn\u011bn\u00edm servisn\u00edho procesu spole\u010dnost Qingdao H&amp;F minimalizuje zpo\u017ed\u011bn\u00ed a pom\u00e1h\u00e1 klient\u016fm udr\u017eet tempo jejich projekt\u016f.<\/p>\n<p>D\u016fv\u011bra na\u0161ich z\u00e1kazn\u00edk\u016f je zalo\u017eena na na\u0161em odhodl\u00e1n\u00ed dod\u00e1vat vysoce kvalitn\u00ed v\u00fdrobky, podporovan\u00e9 pohotov\u00fdm t\u00fdmem, kter\u00fd ch\u00e1pe, co obn\u00e1\u0161\u00ed zved\u00e1n\u00ed t\u011b\u017ek\u00fdch b\u0159emen. Se spole\u010dnost\u00ed Qingdao H&amp;F se z\u00e1kazn\u00edci setkaj\u00ed s proaktivn\u00edm p\u0159\u00edstupem k \u0159e\u0161en\u00edm pro zdvihac\u00ed za\u0159\u00edzen\u00ed, zam\u011b\u0159en\u00fdm na efektivitu, kvalitu a spolehlivost.<\/p>\n<h3>G210 a G2150 D Shackles: Rozsah mez\u00ed pracovn\u00edho zat\u00ed\u017een\u00ed a velikost\u00ed<\/h3>\n<p>R\u016fznorod\u00e9 pot\u0159eby projekt\u016f vy\u017eaduj\u00ed \u0161irok\u00fd v\u00fdb\u011br velikost\u00ed a limit\u016f pracovn\u00edho zat\u00ed\u017een\u00ed (WLL) a na\u0161e t\u0159meny G210 a G2150 nab\u00edzej\u00ed pr\u00e1v\u011b tuto flexibilitu. Ka\u017ed\u00fd model je k dispozici s WLL od 0,33 tuny a\u017e do 150 tun, co\u017e kupuj\u00edc\u00edm umo\u017e\u0148uje vybrat si t\u0159meny, kter\u00e9 nejl\u00e9pe odpov\u00eddaj\u00ed specifick\u00fdm po\u017eadavk\u016fm jejich aplikac\u00ed. D\u00edky t\u00e9to rozs\u00e1hl\u00e9 nab\u00eddce jsou na\u0161e t\u0159meny ide\u00e1ln\u00ed jak pro leh\u010d\u00ed mont\u00e1\u017en\u00ed \u00fakoly, tak pro nejn\u00e1ro\u010dn\u011bj\u0161\u00ed nosn\u00e9 aplikace, co\u017e zaji\u0161\u0165uje p\u0159izp\u016fsobivost bez kompromis\u016f ve v\u00fdkonu.<\/p>\n<p>Na\u0161e t\u0159meny G210 a G2150 se tak\u00e9 dod\u00e1vaj\u00ed v r\u016fzn\u00fdch velikostech, od 1\/4 palce do 3 palc\u016f. Model G210, kter\u00fd se vyzna\u010duje kompaktn\u011bj\u0161\u00ed konstrukc\u00ed, je vhodn\u00fd pro st\u0159edn\u011b n\u00e1ro\u010dn\u00e9 zvedac\u00ed \u00fakoly, kde je vy\u017eadov\u00e1na flexibilita. Zat\u00edmco model G2150 je konstruov\u00e1n pro \u00falohy s vy\u0161\u0161\u00ed pevnost\u00ed a dodate\u010dnou odolnost\u00ed, aby vydr\u017eel i ty nejintenzivn\u011bj\u0161\u00ed podm\u00ednky zved\u00e1n\u00ed. Ka\u017ed\u00e1 velikost t\u0159men\u016f proch\u00e1z\u00ed pe\u010dliv\u00fdm kalibra\u010dn\u00edm procesem, aby byla zaji\u0161t\u011bna jednotn\u00e1 kvalita a v\u00fdkon, tak\u017ee se kupuj\u00edc\u00ed mohou spolehnout na konzistentn\u00ed v\u00fdsledky bez ohledu na po\u017eadavky projektu.<\/p>\n<p>S modely G210 a G2150 maj\u00ed z\u00e1kazn\u00edci p\u0159\u00edstup k z\u00e1v\u011bs\u016fm, kter\u00e9 zvl\u00e1dnou r\u016fzn\u00e9 v\u00fdzvy v oblasti manipulace a poskytuj\u00ed spolehlivou podporu pro slo\u017eit\u00e9 projekty. Tyto modely si z\u00edskaly pov\u011bst vynikaj\u00edc\u00edch v\u00fdkon\u016f, d\u00edky \u010demu\u017e jsou preferovanou volbou pro profesion\u00e1ly v oblasti takel\u00e1\u017ee.<\/p>\n<p><strong>T\u0159men G210<\/strong><\/p>\n<p><img fetchpriority=\"high\" decoding=\"async\" class=\"alignnone size-full wp-image-3813\" src=\"http:\/\/qingdaohf.com\/wp-content\/uploads\/2023\/05\/G209-G210-shackle.jpg\" alt=\"G209 G210 t\u0159men\" width=\"1000\" height=\"1296\" srcset=\"https:\/\/qingdaohf.com\/wp-content\/uploads\/2023\/05\/G209-G210-shackle.jpg 1000w, https:\/\/qingdaohf.com\/wp-content\/uploads\/2023\/05\/G209-G210-shackle-231x300.jpg 231w, https:\/\/qingdaohf.com\/wp-content\/uploads\/2023\/05\/G209-G210-shackle-790x1024.jpg 790w, https:\/\/qingdaohf.com\/wp-content\/uploads\/2023\/05\/G209-G210-shackle-768x995.jpg 768w\" sizes=\"(max-width: 1000px) 100vw, 1000px\" \/><\/p>\n<p><strong>G2150 t\u0159men<\/strong><\/p>\n<p>&nbsp;<\/p>\n<p><img decoding=\"async\" class=\"alignnone size-full wp-image-3817\" src=\"http:\/\/qingdaohf.com\/wp-content\/uploads\/2023\/05\/2150.jpg\" alt=\"2150 t\u0159men\" width=\"1000\" height=\"950\" srcset=\"https:\/\/qingdaohf.com\/wp-content\/uploads\/2023\/05\/2150.jpg 1000w, https:\/\/qingdaohf.com\/wp-content\/uploads\/2023\/05\/2150-300x285.jpg 300w, https:\/\/qingdaohf.com\/wp-content\/uploads\/2023\/05\/2150-768x730.jpg 768w\" sizes=\"(max-width: 1000px) 100vw, 1000px\" \/><\/p>\n<h3>Normy kvality a bezpe\u010dnosti: P\u0159\u00edsn\u00e9 testov\u00e1n\u00ed pro spolehliv\u00fd v\u00fdkon<\/h3>\n<p>Bezpe\u010dnost a kvalita jsou z\u00e1kladn\u00edmi aspekty na\u0161eho v\u00fdrobn\u00edho procesu ve spole\u010dnosti Qingdao H&amp;F. Ka\u017ed\u00fd t\u0159men G210 a G2150 D proch\u00e1z\u00ed p\u0159\u00edsnou kontrolou kvality, kter\u00e1 zaji\u0161\u0165uje, \u017ee spl\u0148uje mezin\u00e1rodn\u00ed bezpe\u010dnostn\u00ed normy. V\u00edme, \u017ee D t\u0159meny hraj\u00ed z\u00e1sadn\u00ed roli v nosn\u00fdch operac\u00edch, a proto jsou na\u0161e v\u00fdrobky testov\u00e1ny tak, aby poskytovaly konzistentn\u00ed v\u00fdkon pod tlakem. Od po\u010d\u00e1te\u010dn\u00ed v\u00fdroby a\u017e po kone\u010dnou kontrolu zachov\u00e1v\u00e1me d\u016fkladn\u00fd p\u0159\u00edstup k zaji\u0161t\u011bn\u00ed kvality, jeho\u017e v\u00fdsledkem jsou v\u00fdrobky, kter\u00fdm mohou kupuj\u00edc\u00ed d\u016fv\u011b\u0159ovat.<\/p>\n<p>Na\u0161e t\u0159meny D jsou vyrobeny tak, aby odol\u00e1valy opot\u0159eben\u00ed, korozi a dal\u0161\u00edm faktor\u016fm, kter\u00e9 by mohly ohrozit v\u00fdkon v n\u00e1ro\u010dn\u00fdch podm\u00ednk\u00e1ch. A\u0165 u\u017e se pou\u017e\u00edvaj\u00ed ve stavebnictv\u00ed, p\u0159i pr\u016fmyslov\u00e9m zved\u00e1n\u00ed nebo na mo\u0159i, na\u0161e modely G210 a G2150 jsou konstruov\u00e1ny tak, aby vydr\u017eely a poskytovaly spolehlivou pevnost p\u0159i dlouhodob\u00e9m pou\u017e\u00edv\u00e1n\u00ed. N\u00e1\u0161 z\u00e1vazek ke kvalit\u011b p\u0159esahuje r\u00e1mec samotn\u00e9ho v\u00fdrobku, proto\u017ee ke ka\u017ed\u00e9 dod\u00e1vce nab\u00edz\u00edme podrobn\u00e9 zpr\u00e1vy o kontrole kvality, kter\u00e9 kupuj\u00edc\u00edm poskytuj\u00ed plnou transparentnost specifikac\u00ed a bezpe\u010dnostn\u00edch standard\u016f ka\u017ed\u00e9ho zakoupen\u00e9ho t\u0159menu.<\/p>\n<p>Udr\u017eov\u00e1n\u00edm vysok\u00fdch standard\u016f v cel\u00e9m v\u00fdrobn\u00edm procesu a nab\u00edzen\u00edm jasn\u00fdch a dostupn\u00fdch informac\u00ed o v\u00fdrobc\u00edch spole\u010dnost Qingdao H&amp;F nad\u00e1le nastavuje vysok\u00e9 m\u011b\u0159\u00edtko kvality a bezpe\u010dnosti v oblasti takel\u00e1\u017en\u00edho hardwaru.<\/p>\n<h3>Z\u00e1v\u011br o D Shackle<\/h3>\n<p>Spony G210 a G2150 D spole\u010dnosti Qingdao H&amp;F nab\u00edzej\u00ed kupuj\u00edc\u00edm robustn\u00ed \u0159e\u0161en\u00ed pro jejich pot\u0159eby v oblasti zved\u00e1n\u00ed a manipulace. Tyto modely jsou navr\u017eeny s ohledem na v\u0161estrannost a pevnost a spl\u0148uj\u00ed po\u017eadavky r\u016fzn\u00fdch pr\u016fmyslov\u00fdch odv\u011btv\u00ed, od stavebnictv\u00ed a\u017e po n\u00e1mo\u0159n\u00ed dopravu. Kupuj\u00edc\u00ed d\u016fv\u011b\u0159uj\u00ed na\u0161im t\u0159men\u016fm D, \u017ee poskytuj\u00ed konzistentn\u00ed v\u00fdkon, kter\u00fd je podpo\u0159en na\u0161\u00edm z\u00e1vazkem k z\u00e1kaznicky orientovan\u00fdm slu\u017eb\u00e1m, rychl\u00e9mu dod\u00e1n\u00ed a transparentn\u00edmu vykazov\u00e1n\u00ed kvality. Se spole\u010dnost\u00ed Qingdao H&amp;F kupuj\u00edc\u00ed investuj\u00ed nejen do odoln\u00e9ho a vysoce v\u00fdkonn\u00e9ho hardwaru, ale tak\u00e9 do partnerstv\u00ed zalo\u017een\u00e9ho na d\u016fv\u011b\u0159e, odborn\u00fdch znalostech a odhodl\u00e1n\u00ed dos\u00e1hnout \u00fasp\u011bchu klienta. Zveme kupuj\u00edc\u00ed, aby objevili rozd\u00edl, kter\u00fd mohou na\u0161e v\u00fdrobky a slu\u017eby p\u0159in\u00e9st p\u0159i dosahov\u00e1n\u00ed bezpe\u010dn\u00fdch a spolehliv\u00fdch mont\u00e1\u017en\u00edch operac\u00ed.<\/p>","protected":false},"excerpt":{"rendered":"<p>Na\u0161e t\u0159meny D jsou k dispozici v rozsahu limit\u016f pracovn\u00edho zat\u00ed\u017een\u00ed (WLL) od 0,33 do 150 tun a ve velikostech od 1\/4 palce do 3 palc\u016f, tak\u017ee jsou vhodn\u00e9 pro pou\u017eit\u00ed ve stavebnictv\u00ed, n\u00e1mo\u0159nictv\u00ed a pr\u016fmyslu. Proto\u017ee si uv\u011bdomujeme hlavn\u00ed obavy kupuj\u00edc\u00edch, zaji\u0161\u0165ujeme bezprobl\u00e9mov\u00fd n\u00e1kup d\u00edky individu\u00e1ln\u00edmu z\u00e1kaznick\u00e9mu servisu, rychl\u00e9mu dodac\u00edmu cyklu a podrobn\u00fdm zpr\u00e1v\u00e1m o kontrole kvality ka\u017ed\u00e9ho v\u00fdrobku. Na\u0161\u00edm z\u00e1vazkem je podporovat kupuj\u00edc\u00ed spolehliv\u00fdmi a vysoce v\u00fdkonn\u00fdmi v\u00fdrobky, kter\u00e9 pot\u0159ebuj\u00ed pro n\u00e1ro\u010dn\u00e1 prost\u0159ed\u00ed.<\/p>","protected":false},"featured_media":6470,"comment_status":"open","ping_status":"closed","template":"","meta":{"site-sidebar-layout":"default","site-content-layout":"","ast-site-content-layout":"default","site-content-style":"default","site-sidebar-style":"default","ast-global-header-display":"","ast-banner-title-visibility":"","ast-main-header-display":"","ast-hfb-above-header-display":"","ast-hfb-below-header-display":"","ast-hfb-mobile-header-display":"","site-post-title":"","ast-breadcrumbs-content":"","ast-featured-img":"","footer-sml-layout":"","theme-transparent-header-meta":"default","adv-header-id-meta":"","stick-header-meta":"default","header-above-stick-meta":"","header-main-stick-meta":"","header-below-stick-meta":"","astra-migrate-meta-layouts":"set","ast-page-background-enabled":"default","ast-page-background-meta":{"desktop":{"background-color":"","background-image":"","background-repeat":"repeat","background-position":"center center","background-size":"auto","background-attachment":"scroll","background-type":"","background-media":"","overlay-type":"","overlay-color":"","overlay-opacity":"","overlay-gradient":""},"tablet":{"background-color":"","background-image":"","background-repeat":"repeat","background-position":"center center","background-size":"auto","background-attachment":"scroll","background-type":"","background-media":"","overlay-type":"","overlay-color":"","overlay-opacity":"","overlay-gradient":""},"mobile":{"background-color":"","background-image":"","background-repeat":"repeat","background-position":"center center","background-size":"auto","background-attachment":"scroll","background-type":"","background-media":"","overlay-type":"","overlay-color":"","overlay-opacity":"","overlay-gradient":""}},"ast-content-background-meta":{"desktop":{"background-color":"var(--ast-global-color-5)","background-image":"","background-repeat":"repeat","background-position":"center center","background-size":"auto","background-attachment":"scroll","background-type":"","background-media":"","overlay-type":"","overlay-color":"","overlay-opacity":"","overlay-gradient":""},"tablet":{"background-color":"var(--ast-global-color-5)","background-image":"","background-repeat":"repeat","background-position":"center center","background-size":"auto","background-attachment":"scroll","background-type":"","background-media":"","overlay-type":"","overlay-color":"","overlay-opacity":"","overlay-gradient":""},"mobile":{"background-color":"var(--ast-global-color-5)","background-image":"","background-repeat":"repeat","background-position":"center center","background-size":"auto","background-attachment":"scroll","background-type":"","background-media":"","overlay-type":"","overlay-color":"","overlay-opacity":"","overlay-gradient":""}}},"product_brand":[],"product_cat":[51,54],"product_tag":[],"class_list":{"0":"post-6443","1":"product","2":"type-product","3":"status-publish","4":"has-post-thumbnail","6":"product_cat-riggging-hardware","7":"product_cat-shackle","8":"desktop-align-left","9":"tablet-align-left","10":"mobile-align-left","11":"ast-product-gallery-layout-horizontal-slider","12":"ast-product-tabs-layout-horizontal","14":"first","15":"instock","16":"shipping-taxable","17":"purchasable","18":"product-type-simple"},"yoast_head":"<!-- This site is optimized with the Yoast SEO plugin v25.2 - https:\/\/yoast.com\/wordpress\/plugins\/seo\/ -->\n<title>Wholesale D Shackle Chain Shackle for Lifting<\/title>\n<meta name=\"description\" content=\"Dee shackles, are engineered for durability and strength, ensuring dependable performance in diverse environments.\" \/>\n<meta name=\"robots\" content=\"index, follow, max-snippet:-1, max-image-preview:large, max-video-preview:-1\" \/>\n<link rel=\"canonical\" href=\"https:\/\/qingdaohf.com\/cs\/produkt\/velkoobchodni-d-trmen-retezove-trmeny-pro-zvedani\/\" \/>\n<meta property=\"og:locale\" content=\"cs_CZ\" \/>\n<meta property=\"og:type\" content=\"article\" \/>\n<meta property=\"og:title\" content=\"Wholesale D Shackle Chain Shackle for Lifting\" \/>\n<meta property=\"og:description\" content=\"Dee shackles, are engineered for durability and strength, ensuring dependable performance in diverse environments.\" \/>\n<meta property=\"og:url\" content=\"https:\/\/qingdaohf.com\/cs\/produkt\/velkoobchodni-d-trmen-retezove-trmeny-pro-zvedani\/\" \/>\n<meta property=\"og:site_name\" content=\"Concrete Form &amp; Rigging Hardware Supplier\" \/>\n<meta property=\"article:publisher\" content=\"https:\/\/www.facebook.com\/qingdaohf\" \/>\n<meta property=\"article:modified_time\" content=\"2025-11-13T01:03:39+00:00\" \/>\n<meta property=\"og:image\" content=\"https:\/\/qingdaohf.com\/wp-content\/uploads\/2024\/02\/HF-SHACKLE-6.jpg\" \/>\n\t<meta property=\"og:image:width\" content=\"1000\" \/>\n\t<meta property=\"og:image:height\" content=\"1000\" \/>\n\t<meta property=\"og:image:type\" content=\"image\/jpeg\" \/>\n<meta name=\"twitter:card\" content=\"summary_large_image\" \/>\n<meta name=\"twitter:label1\" content=\"Odhadovan\u00e1 doba \u010dten\u00ed\" \/>\n\t<meta name=\"twitter:data1\" content=\"5 minut\" \/>\n<script type=\"application\/ld+json\" class=\"yoast-schema-graph\">{\"@context\":\"https:\/\/schema.org\",\"@graph\":[{\"@type\":\"WebPage\",\"@id\":\"https:\/\/qingdaohf.com\/product\/wholesale-d-shackle-chain-shackle-for-lifting\/\",\"url\":\"https:\/\/qingdaohf.com\/product\/wholesale-d-shackle-chain-shackle-for-lifting\/\",\"name\":\"Wholesale D Shackle Chain Shackle for Lifting\",\"isPartOf\":{\"@id\":\"https:\/\/qingdaohf.com\/bg\/#website\"},\"primaryImageOfPage\":{\"@id\":\"https:\/\/qingdaohf.com\/product\/wholesale-d-shackle-chain-shackle-for-lifting\/#primaryimage\"},\"image\":{\"@id\":\"https:\/\/qingdaohf.com\/product\/wholesale-d-shackle-chain-shackle-for-lifting\/#primaryimage\"},\"thumbnailUrl\":\"https:\/\/qingdaohf.com\/wp-content\/uploads\/2024\/02\/HF-SHACKLE-6.jpg\",\"datePublished\":\"2024-02-02T06:30:53+00:00\",\"dateModified\":\"2025-11-13T01:03:39+00:00\",\"description\":\"Dee shackles, are engineered for durability and strength, ensuring dependable performance in diverse environments.\",\"breadcrumb\":{\"@id\":\"https:\/\/qingdaohf.com\/product\/wholesale-d-shackle-chain-shackle-for-lifting\/#breadcrumb\"},\"inLanguage\":\"cs\",\"potentialAction\":[{\"@type\":\"ReadAction\",\"target\":[\"https:\/\/qingdaohf.com\/product\/wholesale-d-shackle-chain-shackle-for-lifting\/\"]}]},{\"@type\":\"ImageObject\",\"inLanguage\":\"cs\",\"@id\":\"https:\/\/qingdaohf.com\/product\/wholesale-d-shackle-chain-shackle-for-lifting\/#primaryimage\",\"url\":\"https:\/\/qingdaohf.com\/wp-content\/uploads\/2024\/02\/HF-SHACKLE-6.jpg\",\"contentUrl\":\"https:\/\/qingdaohf.com\/wp-content\/uploads\/2024\/02\/HF-SHACKLE-6.jpg\",\"width\":1000,\"height\":1000,\"caption\":\"D SHACKLE\"},{\"@type\":\"BreadcrumbList\",\"@id\":\"https:\/\/qingdaohf.com\/product\/wholesale-d-shackle-chain-shackle-for-lifting\/#breadcrumb\",\"itemListElement\":[{\"@type\":\"ListItem\",\"position\":1,\"name\":\"Home\",\"item\":\"https:\/\/qingdaohf.com\/\"},{\"@type\":\"ListItem\",\"position\":2,\"name\":\"Concrete Forming Accessories and Rigging Hardware\",\"item\":\"https:\/\/qingdaohf.com\/bg\/?page_id=944\"},{\"@type\":\"ListItem\",\"position\":3,\"name\":\"Wholesale D Shackle Chain Shackle for Lifting\"}]},{\"@type\":\"WebSite\",\"@id\":\"https:\/\/qingdaohf.com\/bg\/#website\",\"url\":\"https:\/\/qingdaohf.com\/bg\/\",\"name\":\"Concrete Form & Rigging Hardware Supplier\",\"description\":\"\",\"publisher\":{\"@id\":\"https:\/\/qingdaohf.com\/bg\/#organization\"},\"potentialAction\":[{\"@type\":\"SearchAction\",\"target\":{\"@type\":\"EntryPoint\",\"urlTemplate\":\"https:\/\/qingdaohf.com\/bg\/?s={search_term_string}\"},\"query-input\":{\"@type\":\"PropertyValueSpecification\",\"valueRequired\":true,\"valueName\":\"search_term_string\"}}],\"inLanguage\":\"cs\"},{\"@type\":\"Organization\",\"@id\":\"https:\/\/qingdaohf.com\/bg\/#organization\",\"name\":\"Qingdao H&F\",\"url\":\"https:\/\/qingdaohf.com\/bg\/\",\"logo\":{\"@type\":\"ImageObject\",\"inLanguage\":\"cs\",\"@id\":\"https:\/\/qingdaohf.com\/bg\/#\/schema\/logo\/image\/\",\"url\":\"https:\/\/qingdaohf.com\/wp-content\/uploads\/2022\/12\/cropped-HF-LOGO.png\",\"contentUrl\":\"https:\/\/qingdaohf.com\/wp-content\/uploads\/2022\/12\/cropped-HF-LOGO.png\",\"width\":391,\"height\":249,\"caption\":\"Qingdao H&F\"},\"image\":{\"@id\":\"https:\/\/qingdaohf.com\/bg\/#\/schema\/logo\/image\/\"},\"sameAs\":[\"https:\/\/www.facebook.com\/qingdaohf\"]}]}<\/script>\n<!-- \/ Yoast SEO plugin. -->","yoast_head_json":{"title":"Wholesale D Shackle Chain Shackle for Lifting","description":"Dee shackles, are engineered for durability and strength, ensuring dependable performance in diverse environments.","robots":{"index":"index","follow":"follow","max-snippet":"max-snippet:-1","max-image-preview":"max-image-preview:large","max-video-preview":"max-video-preview:-1"},"canonical":"https:\/\/qingdaohf.com\/cs\/produkt\/velkoobchodni-d-trmen-retezove-trmeny-pro-zvedani\/","og_locale":"cs_CZ","og_type":"article","og_title":"Wholesale D Shackle Chain Shackle for Lifting","og_description":"Dee shackles, are engineered for durability and strength, ensuring dependable performance in diverse environments.","og_url":"https:\/\/qingdaohf.com\/cs\/produkt\/velkoobchodni-d-trmen-retezove-trmeny-pro-zvedani\/","og_site_name":"Concrete Form &amp; Rigging Hardware Supplier","article_publisher":"https:\/\/www.facebook.com\/qingdaohf","article_modified_time":"2025-11-13T01:03:39+00:00","og_image":[{"width":1000,"height":1000,"url":"https:\/\/qingdaohf.com\/wp-content\/uploads\/2024\/02\/HF-SHACKLE-6.jpg","type":"image\/jpeg"}],"twitter_card":"summary_large_image","twitter_misc":{"Odhadovan\u00e1 doba \u010dten\u00ed":"5 minut"},"schema":{"@context":"https:\/\/schema.org","@graph":[{"@type":"WebPage","@id":"https:\/\/qingdaohf.com\/product\/wholesale-d-shackle-chain-shackle-for-lifting\/","url":"https:\/\/qingdaohf.com\/product\/wholesale-d-shackle-chain-shackle-for-lifting\/","name":"Wholesale D Shackle Chain Shackle for Lifting","isPartOf":{"@id":"https:\/\/qingdaohf.com\/bg\/#website"},"primaryImageOfPage":{"@id":"https:\/\/qingdaohf.com\/product\/wholesale-d-shackle-chain-shackle-for-lifting\/#primaryimage"},"image":{"@id":"https:\/\/qingdaohf.com\/product\/wholesale-d-shackle-chain-shackle-for-lifting\/#primaryimage"},"thumbnailUrl":"https:\/\/qingdaohf.com\/wp-content\/uploads\/2024\/02\/HF-SHACKLE-6.jpg","datePublished":"2024-02-02T06:30:53+00:00","dateModified":"2025-11-13T01:03:39+00:00","description":"Dee shackles, are engineered for durability and strength, ensuring dependable performance in diverse environments.","breadcrumb":{"@id":"https:\/\/qingdaohf.com\/product\/wholesale-d-shackle-chain-shackle-for-lifting\/#breadcrumb"},"inLanguage":"cs","potentialAction":[{"@type":"ReadAction","target":["https:\/\/qingdaohf.com\/product\/wholesale-d-shackle-chain-shackle-for-lifting\/"]}]},{"@type":"ImageObject","inLanguage":"cs","@id":"https:\/\/qingdaohf.com\/product\/wholesale-d-shackle-chain-shackle-for-lifting\/#primaryimage","url":"https:\/\/qingdaohf.com\/wp-content\/uploads\/2024\/02\/HF-SHACKLE-6.jpg","contentUrl":"https:\/\/qingdaohf.com\/wp-content\/uploads\/2024\/02\/HF-SHACKLE-6.jpg","width":1000,"height":1000,"caption":"D SHACKLE"},{"@type":"BreadcrumbList","@id":"https:\/\/qingdaohf.com\/product\/wholesale-d-shackle-chain-shackle-for-lifting\/#breadcrumb","itemListElement":[{"@type":"ListItem","position":1,"name":"Home","item":"https:\/\/qingdaohf.com\/"},{"@type":"ListItem","position":2,"name":"Concrete Forming Accessories and Rigging Hardware","item":"https:\/\/qingdaohf.com\/bg\/?page_id=944"},{"@type":"ListItem","position":3,"name":"Wholesale D Shackle Chain Shackle for Lifting"}]},{"@type":"WebSite","@id":"https:\/\/qingdaohf.com\/bg\/#website","url":"https:\/\/qingdaohf.com\/bg\/","name":"Concrete Form & Rigging Hardware Supplier","description":"","publisher":{"@id":"https:\/\/qingdaohf.com\/bg\/#organization"},"potentialAction":[{"@type":"SearchAction","target":{"@type":"EntryPoint","urlTemplate":"https:\/\/qingdaohf.com\/bg\/?s={search_term_string}"},"query-input":{"@type":"PropertyValueSpecification","valueRequired":true,"valueName":"search_term_string"}}],"inLanguage":"cs"},{"@type":"Organization","@id":"https:\/\/qingdaohf.com\/bg\/#organization","name":"Qingdao H&F","url":"https:\/\/qingdaohf.com\/bg\/","logo":{"@type":"ImageObject","inLanguage":"cs","@id":"https:\/\/qingdaohf.com\/bg\/#\/schema\/logo\/image\/","url":"https:\/\/qingdaohf.com\/wp-content\/uploads\/2022\/12\/cropped-HF-LOGO.png","contentUrl":"https:\/\/qingdaohf.com\/wp-content\/uploads\/2022\/12\/cropped-HF-LOGO.png","width":391,"height":249,"caption":"Qingdao H&F"},"image":{"@id":"https:\/\/qingdaohf.com\/bg\/#\/schema\/logo\/image\/"},"sameAs":["https:\/\/www.facebook.com\/qingdaohf"]}]}},"_links":{"self":[{"href":"https:\/\/qingdaohf.com\/cs\/wp-json\/wp\/v2\/product\/6443","targetHints":{"allow":["GET"]}}],"collection":[{"href":"https:\/\/qingdaohf.com\/cs\/wp-json\/wp\/v2\/product"}],"about":[{"href":"https:\/\/qingdaohf.com\/cs\/wp-json\/wp\/v2\/types\/product"}],"replies":[{"embeddable":true,"href":"https:\/\/qingdaohf.com\/cs\/wp-json\/wp\/v2\/comments?post=6443"}],"version-history":[{"count":10,"href":"https:\/\/qingdaohf.com\/cs\/wp-json\/wp\/v2\/product\/6443\/revisions"}],"predecessor-version":[{"id":8212,"href":"https:\/\/qingdaohf.com\/cs\/wp-json\/wp\/v2\/product\/6443\/revisions\/8212"}],"wp:featuredmedia":[{"embeddable":true,"href":"https:\/\/qingdaohf.com\/cs\/wp-json\/wp\/v2\/media\/6470"}],"wp:attachment":[{"href":"https:\/\/qingdaohf.com\/cs\/wp-json\/wp\/v2\/media?parent=6443"}],"wp:term":[{"taxonomy":"product_brand","embeddable":true,"href":"https:\/\/qingdaohf.com\/cs\/wp-json\/wp\/v2\/product_brand?post=6443"},{"taxonomy":"product_cat","embeddable":true,"href":"https:\/\/qingdaohf.com\/cs\/wp-json\/wp\/v2\/product_cat?post=6443"},{"taxonomy":"product_tag","embeddable":true,"href":"https:\/\/qingdaohf.com\/cs\/wp-json\/wp\/v2\/product_tag?post=6443"}],"curies":[{"name":"wp","href":"https:\/\/api.w.org\/{rel}","templated":true}]}}