{"id":6447,"date":"2024-02-01T17:45:13","date_gmt":"2024-02-01T09:45:13","guid":{"rendered":"http:\/\/qingdaohf.com\/?post_type=product&#038;p=6447"},"modified":"2025-11-13T09:03:39","modified_gmt":"2025-11-13T01:03:39","slug":"bow-shackle-anchor-shackle-for-lifting","status":"publish","type":"product","link":"https:\/\/qingdaohf.com\/cs\/produkt\/pridovy-trmen-kotevni-trmen-pro-zvedani\/","title":{"rendered":"Heavy Duty Bow Shackle | Kotevn\u00ed t\u0159men pro zved\u00e1n\u00ed"},"content":{"rendered":"<p>V\u00edtejte u spole\u010dnosti H&amp;F, kter\u00e1 je va\u0161\u00edm hlavn\u00edm c\u00edlem pro vysoce kvalitn\u00ed pozinkovan\u00e9 p\u0159\u00ed\u010fov\u00e9 a kotevn\u00ed t\u0159meny navr\u017een\u00e9 tak, aby spl\u0148ovaly v\u0161echny va\u0161e po\u017eadavky na zved\u00e1n\u00ed, vle\u010den\u00ed a takel\u00e1\u017e. Jako p\u0159edn\u00ed dodavatel t\u0159men\u016f, kter\u00fd se specializuje na velkoobchodn\u00ed distribuci, jsme hrd\u00ed na to, \u017ee m\u016f\u017eeme nab\u00eddnout komplexn\u00ed sortiment p\u0159\u00ed\u010fov\u00fdch a kotevn\u00edch t\u0159men\u016f vyroben\u00fdch z prvot\u0159\u00eddn\u00edch materi\u00e1l\u016f, kter\u00e9 zaji\u0161\u0165uj\u00ed vynikaj\u00edc\u00ed v\u00fdkon a trvanlivost p\u0159i ka\u017ed\u00e9m pou\u017eit\u00ed.<\/p>\n<ol>\n<li>Kvalitn\u00ed pozinkovan\u00fd materi\u00e1l: Na\u0161e p\u0159\u00ed\u010fov\u00e1 a kotevn\u00ed pouta jsou pe\u010dliv\u011b vyrobena z vysoce kvalitn\u00ed pozinkovan\u00e9 oceli, kter\u00e1 zaji\u0161\u0165uje v\u00fdjime\u010dnou odolnost proti korozi a dlouhou \u017eivotnost i v t\u011bch nejn\u00e1ro\u010dn\u011bj\u0161\u00edch podm\u00ednk\u00e1ch.<\/li>\n<li>V\u0161estrann\u00e9 pou\u017eit\u00ed: Na\u0161e p\u0159\u00ed\u010fov\u00e9 a kotevn\u00ed t\u0159meny jsou navr\u017eeny tak, aby poskytovaly spolehliv\u00fd v\u00fdkon v \u0161irok\u00e9 \u0161k\u00e1le aplikac\u00ed, a\u0165 u\u017e zved\u00e1te t\u011b\u017ek\u00e1 b\u0159emena, vle\u010dete za\u0159\u00edzen\u00ed nebo upev\u0148ujete r\u016fzn\u00e9 komponenty.<\/li>\n<li>\u0160irok\u00e1 \u0161k\u00e1la model\u016f: Vyberte si z na\u0161\u00ed \u0161irok\u00e9 nab\u00eddky p\u0159\u00ed\u010fov\u00fdch a kotevn\u00edch t\u0159men\u016f, v\u010detn\u011b obl\u00edben\u00fdch model\u016f, jako jsou G209, G213, G2140, G2160 a G2169. Ka\u017ed\u00fd z nich je navr\u017een tak, aby spl\u0148oval specifick\u00e9 pr\u016fmyslov\u00e9 normy a po\u017eadavky.<\/li>\n<li>Velkoobchodn\u00ed ceny: Jako velkoobchodn\u00ed dodavatel pout nab\u00edz\u00edme konkurenceschopn\u00e9 ceny na hromadn\u00e9 objedn\u00e1vky, co\u017e v\u00e1m umo\u017en\u00ed maximalizovat \u00faspory n\u00e1klad\u016f a z\u00e1rove\u0148 zajistit \u0161pi\u010dkovou kvalitu v\u00fdrobk\u016f pro va\u0161e obchodn\u00ed pot\u0159eby.<\/li>\n<\/ol>\n<p>\u0158e\u0161en\u00ed b\u011b\u017en\u00fdch obav kupuj\u00edc\u00edch:<\/p>\n<ol>\n<li>Zaji\u0161t\u011bn\u00ed kvality: Ch\u00e1peme, \u017ee kupuj\u00edc\u00ed, kte\u0159\u00ed nakupuj\u00ed okovy ve velk\u00e9m mno\u017estv\u00ed, maj\u00ed obavy o kvalitu v\u00fdrobku. M\u016f\u017eete si b\u00fdt jisti, \u017ee na\u0161e p\u0159\u00ed\u010fov\u00e1 a kotevn\u00ed pouta proch\u00e1zej\u00ed v ka\u017ed\u00e9 f\u00e1zi v\u00fdroby p\u0159\u00edsn\u00fdmi opat\u0159en\u00edmi kontroly kvality, aby bylo zaji\u0161t\u011bno, \u017ee spl\u0148uj\u00ed nebo p\u0159ekra\u010duj\u00ed pr\u016fmyslov\u00e9 standardy spolehlivosti a v\u00fdkonu.<\/li>\n<li>Kompatibilita a mont\u00e1\u017e: D\u00edky \u0161irok\u00e9 \u0161k\u00e1le dostupn\u00fdch model\u016f poskytujeme podrobn\u00e9 specifikace a informace o kompatibilit\u011b pro ka\u017ed\u00fd p\u0159\u00ed\u010fov\u00fd a kotevn\u00ed t\u0159men, co\u017e kupuj\u00edc\u00edm usnad\u0148uje v\u00fdb\u011br spr\u00e1vn\u00e9ho v\u00fdrobku pro jejich konkr\u00e9tn\u00ed aplikaci.<\/li>\n<li>Hromadn\u00e9 ceny a slevy: Nab\u00edz\u00edme konkurenceschopn\u00e9 velkoobchodn\u00ed ceny a atraktivn\u00ed slevy na velkoobjemov\u00e9 objedn\u00e1vky, kter\u00e9 kupuj\u00edc\u00edm umo\u017e\u0148uj\u00ed optimalizovat n\u00e1klady na n\u00e1kup bez sn\u00ed\u017een\u00ed kvality.<\/li>\n<li>V\u010dasn\u00e9 dod\u00e1n\u00ed: Na\u0161e efektivn\u00ed \u0159\u00edzen\u00ed dodavatelsk\u00e9ho \u0159et\u011bzce zaji\u0161\u0165uje v\u010dasn\u00e9 dod\u00e1n\u00ed hromadn\u00fdch objedn\u00e1vek, minimalizuje prostoje a zaji\u0161\u0165uje nep\u0159eru\u0161en\u00fd provoz pro na\u0161e z\u00e1kazn\u00edky.<\/li>\n<li>Specializovan\u00e1 z\u00e1kaznick\u00e1 podpora: N\u00e1\u0161 t\u00fdm zku\u0161en\u00fdch profesion\u00e1l\u016f se sna\u017e\u00ed poskytovat v\u00fdjime\u010dnou z\u00e1kaznickou podporu, pom\u00e1hat kupuj\u00edc\u00edm s v\u00fdb\u011brem produkt\u016f, mo\u017enostmi p\u0159izp\u016fsoben\u00ed a rychle a efektivn\u011b \u0159e\u0161it jak\u00e9koli dotazy nebo obavy.<\/li>\n<\/ol>\n<p>B\u011b\u017en\u00e9 limity pracovn\u00edho zat\u00ed\u017een\u00ed (WLL) a velikosti p\u0159\u00ed\u010fov\u00fdch t\u0159men\u016f:<\/p>\n<p><strong>WLLs<\/strong>: 0,33 t, 0,5 t, 0,75 t, 1 t, 1,5 t, 2 t, 3,25 t, 4,75 t, 6,5 t, 8,5 t, 9,5 t, 12 t, 13,5 t, 17 t, 25 t, 35 t, 55 t, 85 t, 120 t, 150 t.<\/p>\n<p><strong>Velikosti<\/strong>: 1\/4 palce, 3\/8 palce, 1\/2 palce, 5\/8 palce, 3\/4 palce, 7\/8 palce, 1 palec, 1-1\/4 palce, 1-1\/2 palce, 1-3\/4 palce, 2 palce, 2-1\/2 palce, 3 palce.<\/p>\n<p><img fetchpriority=\"high\" decoding=\"async\" class=\"alignnone size-full wp-image-6475\" src=\"http:\/\/qingdaohf.com\/wp-content\/uploads\/2024\/02\/shackle-collection-4.jpg\" alt=\"t\u011b\u017ek\u00e1 poutka\" width=\"1000\" height=\"559\" srcset=\"https:\/\/qingdaohf.com\/wp-content\/uploads\/2024\/02\/shackle-collection-4.jpg 1000w, https:\/\/qingdaohf.com\/wp-content\/uploads\/2024\/02\/shackle-collection-4-300x168.jpg 300w, https:\/\/qingdaohf.com\/wp-content\/uploads\/2024\/02\/shackle-collection-4-768x429.jpg 768w\" sizes=\"(max-width: 1000px) 100vw, 1000px\" \/><\/p>","protected":false},"excerpt":{"rendered":"<p>Na\u0161e p\u0159\u00ed\u010fov\u00e9 kotevn\u00ed t\u0159meny maj\u00ed robustn\u00ed zaoblenou konstrukci, kter\u00e1 zaji\u0161\u0165uje optim\u00e1ln\u00ed rozlo\u017een\u00ed zat\u00ed\u017een\u00ed a sni\u017euje nam\u00e1h\u00e1n\u00ed, tak\u017ee jsou ide\u00e1ln\u00ed pro r\u016fzn\u00e9 aplikace v r\u016fzn\u00fdch pr\u016fmyslov\u00fdch odv\u011btv\u00edch. Tyto kotevn\u00ed t\u0159meny jsou navr\u017eeny z vysoce kvalitn\u00edch materi\u00e1l\u016f a precizn\u011b vyrobeny, tak\u017ee poskytuj\u00ed v\u00fdjime\u010dnou odolnost a v\u00fdkon i v t\u011bch nejn\u00e1ro\u010dn\u011bj\u0161\u00edch prost\u0159ed\u00edch. D\u016fv\u011b\u0159ujte na\u0161im p\u0159\u00ed\u010fov\u00fdm kotevn\u00edm t\u0159men\u016fm, kter\u00e9 zv\u00fd\u0161\u00ed efektivitu, bezpe\u010dnost a produktivitu va\u0161ich provoz\u016f.<\/p>","protected":false},"featured_media":6465,"comment_status":"open","ping_status":"closed","template":"","meta":{"site-sidebar-layout":"default","site-content-layout":"","ast-site-content-layout":"default","site-content-style":"default","site-sidebar-style":"default","ast-global-header-display":"","ast-banner-title-visibility":"","ast-main-header-display":"","ast-hfb-above-header-display":"","ast-hfb-below-header-display":"","ast-hfb-mobile-header-display":"","site-post-title":"","ast-breadcrumbs-content":"","ast-featured-img":"","footer-sml-layout":"","theme-transparent-header-meta":"default","adv-header-id-meta":"","stick-header-meta":"default","header-above-stick-meta":"","header-main-stick-meta":"","header-below-stick-meta":"","astra-migrate-meta-layouts":"set","ast-page-background-enabled":"default","ast-page-background-meta":{"desktop":{"background-color":"","background-image":"","background-repeat":"repeat","background-position":"center center","background-size":"auto","background-attachment":"scroll","background-type":"","background-media":"","overlay-type":"","overlay-color":"","overlay-opacity":"","overlay-gradient":""},"tablet":{"background-color":"","background-image":"","background-repeat":"repeat","background-position":"center center","background-size":"auto","background-attachment":"scroll","background-type":"","background-media":"","overlay-type":"","overlay-color":"","overlay-opacity":"","overlay-gradient":""},"mobile":{"background-color":"","background-image":"","background-repeat":"repeat","background-position":"center center","background-size":"auto","background-attachment":"scroll","background-type":"","background-media":"","overlay-type":"","overlay-color":"","overlay-opacity":"","overlay-gradient":""}},"ast-content-background-meta":{"desktop":{"background-color":"var(--ast-global-color-5)","background-image":"","background-repeat":"repeat","background-position":"center center","background-size":"auto","background-attachment":"scroll","background-type":"","background-media":"","overlay-type":"","overlay-color":"","overlay-opacity":"","overlay-gradient":""},"tablet":{"background-color":"var(--ast-global-color-5)","background-image":"","background-repeat":"repeat","background-position":"center center","background-size":"auto","background-attachment":"scroll","background-type":"","background-media":"","overlay-type":"","overlay-color":"","overlay-opacity":"","overlay-gradient":""},"mobile":{"background-color":"var(--ast-global-color-5)","background-image":"","background-repeat":"repeat","background-position":"center center","background-size":"auto","background-attachment":"scroll","background-type":"","background-media":"","overlay-type":"","overlay-color":"","overlay-opacity":"","overlay-gradient":""}}},"product_brand":[],"product_cat":[51,54],"product_tag":[],"class_list":{"0":"post-6447","1":"product","2":"type-product","3":"status-publish","4":"has-post-thumbnail","6":"product_cat-riggging-hardware","7":"product_cat-shackle","8":"desktop-align-left","9":"tablet-align-left","10":"mobile-align-left","11":"ast-product-gallery-layout-horizontal-slider","12":"ast-product-tabs-layout-horizontal","14":"first","15":"instock","16":"shipping-taxable","17":"purchasable","18":"product-type-simple"},"yoast_head":"<!-- This site is optimized with the Yoast SEO plugin v25.2 - https:\/\/yoast.com\/wordpress\/plugins\/seo\/ -->\n<title>Heavy Duty Bow Shackle | Anchor Shackle for Lifting<\/title>\n<meta name=\"description\" content=\"Bow shackles feature a robust, rounded design that ensures optimal load distribution and reduced stress, making them ideal for various applications across industries.\" \/>\n<meta name=\"robots\" content=\"index, follow, max-snippet:-1, max-image-preview:large, max-video-preview:-1\" \/>\n<link rel=\"canonical\" href=\"https:\/\/qingdaohf.com\/cs\/produkt\/pridovy-trmen-kotevni-trmen-pro-zvedani\/\" \/>\n<meta property=\"og:locale\" content=\"cs_CZ\" \/>\n<meta property=\"og:type\" content=\"article\" \/>\n<meta property=\"og:title\" content=\"Heavy Duty Bow Shackle | Anchor Shackle for Lifting\" \/>\n<meta property=\"og:description\" content=\"Bow shackles feature a robust, rounded design that ensures optimal load distribution and reduced stress, making them ideal for various applications across industries.\" \/>\n<meta property=\"og:url\" content=\"https:\/\/qingdaohf.com\/cs\/produkt\/pridovy-trmen-kotevni-trmen-pro-zvedani\/\" \/>\n<meta property=\"og:site_name\" content=\"Concrete Form &amp; Rigging Hardware Supplier\" \/>\n<meta property=\"article:publisher\" content=\"https:\/\/www.facebook.com\/qingdaohf\" \/>\n<meta property=\"article:modified_time\" content=\"2025-11-13T01:03:39+00:00\" \/>\n<meta property=\"og:image\" content=\"https:\/\/qingdaohf.com\/wp-content\/uploads\/2024\/02\/HF-SHACKLE-1.jpg\" \/>\n\t<meta property=\"og:image:width\" content=\"1000\" \/>\n\t<meta property=\"og:image:height\" content=\"1000\" \/>\n\t<meta property=\"og:image:type\" content=\"image\/jpeg\" \/>\n<meta name=\"twitter:card\" content=\"summary_large_image\" \/>\n<meta name=\"twitter:label1\" content=\"Odhadovan\u00e1 doba \u010dten\u00ed\" \/>\n\t<meta name=\"twitter:data1\" content=\"3 minuty\" \/>\n<script type=\"application\/ld+json\" class=\"yoast-schema-graph\">{\"@context\":\"https:\/\/schema.org\",\"@graph\":[{\"@type\":\"WebPage\",\"@id\":\"https:\/\/qingdaohf.com\/product\/bow-shackle-anchor-shackle-for-lifting\/\",\"url\":\"https:\/\/qingdaohf.com\/product\/bow-shackle-anchor-shackle-for-lifting\/\",\"name\":\"Heavy Duty Bow Shackle | Anchor Shackle for Lifting\",\"isPartOf\":{\"@id\":\"https:\/\/qingdaohf.com\/bg\/#website\"},\"primaryImageOfPage\":{\"@id\":\"https:\/\/qingdaohf.com\/product\/bow-shackle-anchor-shackle-for-lifting\/#primaryimage\"},\"image\":{\"@id\":\"https:\/\/qingdaohf.com\/product\/bow-shackle-anchor-shackle-for-lifting\/#primaryimage\"},\"thumbnailUrl\":\"https:\/\/qingdaohf.com\/wp-content\/uploads\/2024\/02\/HF-SHACKLE-1.jpg\",\"datePublished\":\"2024-02-01T09:45:13+00:00\",\"dateModified\":\"2025-11-13T01:03:39+00:00\",\"description\":\"Bow shackles feature a robust, rounded design that ensures optimal load distribution and reduced stress, making them ideal for various applications across industries.\",\"breadcrumb\":{\"@id\":\"https:\/\/qingdaohf.com\/product\/bow-shackle-anchor-shackle-for-lifting\/#breadcrumb\"},\"inLanguage\":\"cs\",\"potentialAction\":[{\"@type\":\"ReadAction\",\"target\":[\"https:\/\/qingdaohf.com\/product\/bow-shackle-anchor-shackle-for-lifting\/\"]}]},{\"@type\":\"ImageObject\",\"inLanguage\":\"cs\",\"@id\":\"https:\/\/qingdaohf.com\/product\/bow-shackle-anchor-shackle-for-lifting\/#primaryimage\",\"url\":\"https:\/\/qingdaohf.com\/wp-content\/uploads\/2024\/02\/HF-SHACKLE-1.jpg\",\"contentUrl\":\"https:\/\/qingdaohf.com\/wp-content\/uploads\/2024\/02\/HF-SHACKLE-1.jpg\",\"width\":1000,\"height\":1000,\"caption\":\"Anchor SHACKLE\"},{\"@type\":\"BreadcrumbList\",\"@id\":\"https:\/\/qingdaohf.com\/product\/bow-shackle-anchor-shackle-for-lifting\/#breadcrumb\",\"itemListElement\":[{\"@type\":\"ListItem\",\"position\":1,\"name\":\"Home\",\"item\":\"https:\/\/qingdaohf.com\/\"},{\"@type\":\"ListItem\",\"position\":2,\"name\":\"Concrete Forming Accessories and Rigging Hardware\",\"item\":\"https:\/\/qingdaohf.com\/bg\/?page_id=944\"},{\"@type\":\"ListItem\",\"position\":3,\"name\":\"Heavy Duty Bow Shackle | Anchor Shackle for Lifting\"}]},{\"@type\":\"WebSite\",\"@id\":\"https:\/\/qingdaohf.com\/bg\/#website\",\"url\":\"https:\/\/qingdaohf.com\/bg\/\",\"name\":\"Concrete Form & Rigging Hardware Supplier\",\"description\":\"\",\"publisher\":{\"@id\":\"https:\/\/qingdaohf.com\/bg\/#organization\"},\"potentialAction\":[{\"@type\":\"SearchAction\",\"target\":{\"@type\":\"EntryPoint\",\"urlTemplate\":\"https:\/\/qingdaohf.com\/bg\/?s={search_term_string}\"},\"query-input\":{\"@type\":\"PropertyValueSpecification\",\"valueRequired\":true,\"valueName\":\"search_term_string\"}}],\"inLanguage\":\"cs\"},{\"@type\":\"Organization\",\"@id\":\"https:\/\/qingdaohf.com\/bg\/#organization\",\"name\":\"Qingdao H&F\",\"url\":\"https:\/\/qingdaohf.com\/bg\/\",\"logo\":{\"@type\":\"ImageObject\",\"inLanguage\":\"cs\",\"@id\":\"https:\/\/qingdaohf.com\/bg\/#\/schema\/logo\/image\/\",\"url\":\"https:\/\/qingdaohf.com\/wp-content\/uploads\/2022\/12\/cropped-HF-LOGO.png\",\"contentUrl\":\"https:\/\/qingdaohf.com\/wp-content\/uploads\/2022\/12\/cropped-HF-LOGO.png\",\"width\":391,\"height\":249,\"caption\":\"Qingdao H&F\"},\"image\":{\"@id\":\"https:\/\/qingdaohf.com\/bg\/#\/schema\/logo\/image\/\"},\"sameAs\":[\"https:\/\/www.facebook.com\/qingdaohf\"]}]}<\/script>\n<!-- \/ Yoast SEO plugin. -->","yoast_head_json":{"title":"Heavy Duty Bow Shackle | Anchor Shackle for Lifting","description":"Bow shackles feature a robust, rounded design that ensures optimal load distribution and reduced stress, making them ideal for various applications across industries.","robots":{"index":"index","follow":"follow","max-snippet":"max-snippet:-1","max-image-preview":"max-image-preview:large","max-video-preview":"max-video-preview:-1"},"canonical":"https:\/\/qingdaohf.com\/cs\/produkt\/pridovy-trmen-kotevni-trmen-pro-zvedani\/","og_locale":"cs_CZ","og_type":"article","og_title":"Heavy Duty Bow Shackle | Anchor Shackle for Lifting","og_description":"Bow shackles feature a robust, rounded design that ensures optimal load distribution and reduced stress, making them ideal for various applications across industries.","og_url":"https:\/\/qingdaohf.com\/cs\/produkt\/pridovy-trmen-kotevni-trmen-pro-zvedani\/","og_site_name":"Concrete Form &amp; Rigging Hardware Supplier","article_publisher":"https:\/\/www.facebook.com\/qingdaohf","article_modified_time":"2025-11-13T01:03:39+00:00","og_image":[{"width":1000,"height":1000,"url":"https:\/\/qingdaohf.com\/wp-content\/uploads\/2024\/02\/HF-SHACKLE-1.jpg","type":"image\/jpeg"}],"twitter_card":"summary_large_image","twitter_misc":{"Odhadovan\u00e1 doba \u010dten\u00ed":"3 minuty"},"schema":{"@context":"https:\/\/schema.org","@graph":[{"@type":"WebPage","@id":"https:\/\/qingdaohf.com\/product\/bow-shackle-anchor-shackle-for-lifting\/","url":"https:\/\/qingdaohf.com\/product\/bow-shackle-anchor-shackle-for-lifting\/","name":"Heavy Duty Bow Shackle | Anchor Shackle for Lifting","isPartOf":{"@id":"https:\/\/qingdaohf.com\/bg\/#website"},"primaryImageOfPage":{"@id":"https:\/\/qingdaohf.com\/product\/bow-shackle-anchor-shackle-for-lifting\/#primaryimage"},"image":{"@id":"https:\/\/qingdaohf.com\/product\/bow-shackle-anchor-shackle-for-lifting\/#primaryimage"},"thumbnailUrl":"https:\/\/qingdaohf.com\/wp-content\/uploads\/2024\/02\/HF-SHACKLE-1.jpg","datePublished":"2024-02-01T09:45:13+00:00","dateModified":"2025-11-13T01:03:39+00:00","description":"Bow shackles feature a robust, rounded design that ensures optimal load distribution and reduced stress, making them ideal for various applications across industries.","breadcrumb":{"@id":"https:\/\/qingdaohf.com\/product\/bow-shackle-anchor-shackle-for-lifting\/#breadcrumb"},"inLanguage":"cs","potentialAction":[{"@type":"ReadAction","target":["https:\/\/qingdaohf.com\/product\/bow-shackle-anchor-shackle-for-lifting\/"]}]},{"@type":"ImageObject","inLanguage":"cs","@id":"https:\/\/qingdaohf.com\/product\/bow-shackle-anchor-shackle-for-lifting\/#primaryimage","url":"https:\/\/qingdaohf.com\/wp-content\/uploads\/2024\/02\/HF-SHACKLE-1.jpg","contentUrl":"https:\/\/qingdaohf.com\/wp-content\/uploads\/2024\/02\/HF-SHACKLE-1.jpg","width":1000,"height":1000,"caption":"Anchor SHACKLE"},{"@type":"BreadcrumbList","@id":"https:\/\/qingdaohf.com\/product\/bow-shackle-anchor-shackle-for-lifting\/#breadcrumb","itemListElement":[{"@type":"ListItem","position":1,"name":"Home","item":"https:\/\/qingdaohf.com\/"},{"@type":"ListItem","position":2,"name":"Concrete Forming Accessories and Rigging Hardware","item":"https:\/\/qingdaohf.com\/bg\/?page_id=944"},{"@type":"ListItem","position":3,"name":"Heavy Duty Bow Shackle | Anchor Shackle for Lifting"}]},{"@type":"WebSite","@id":"https:\/\/qingdaohf.com\/bg\/#website","url":"https:\/\/qingdaohf.com\/bg\/","name":"Concrete Form & Rigging Hardware Supplier","description":"","publisher":{"@id":"https:\/\/qingdaohf.com\/bg\/#organization"},"potentialAction":[{"@type":"SearchAction","target":{"@type":"EntryPoint","urlTemplate":"https:\/\/qingdaohf.com\/bg\/?s={search_term_string}"},"query-input":{"@type":"PropertyValueSpecification","valueRequired":true,"valueName":"search_term_string"}}],"inLanguage":"cs"},{"@type":"Organization","@id":"https:\/\/qingdaohf.com\/bg\/#organization","name":"Qingdao H&F","url":"https:\/\/qingdaohf.com\/bg\/","logo":{"@type":"ImageObject","inLanguage":"cs","@id":"https:\/\/qingdaohf.com\/bg\/#\/schema\/logo\/image\/","url":"https:\/\/qingdaohf.com\/wp-content\/uploads\/2022\/12\/cropped-HF-LOGO.png","contentUrl":"https:\/\/qingdaohf.com\/wp-content\/uploads\/2022\/12\/cropped-HF-LOGO.png","width":391,"height":249,"caption":"Qingdao H&F"},"image":{"@id":"https:\/\/qingdaohf.com\/bg\/#\/schema\/logo\/image\/"},"sameAs":["https:\/\/www.facebook.com\/qingdaohf"]}]}},"_links":{"self":[{"href":"https:\/\/qingdaohf.com\/cs\/wp-json\/wp\/v2\/product\/6447","targetHints":{"allow":["GET"]}}],"collection":[{"href":"https:\/\/qingdaohf.com\/cs\/wp-json\/wp\/v2\/product"}],"about":[{"href":"https:\/\/qingdaohf.com\/cs\/wp-json\/wp\/v2\/types\/product"}],"replies":[{"embeddable":true,"href":"https:\/\/qingdaohf.com\/cs\/wp-json\/wp\/v2\/comments?post=6447"}],"version-history":[{"count":6,"href":"https:\/\/qingdaohf.com\/cs\/wp-json\/wp\/v2\/product\/6447\/revisions"}],"predecessor-version":[{"id":6486,"href":"https:\/\/qingdaohf.com\/cs\/wp-json\/wp\/v2\/product\/6447\/revisions\/6486"}],"wp:featuredmedia":[{"embeddable":true,"href":"https:\/\/qingdaohf.com\/cs\/wp-json\/wp\/v2\/media\/6465"}],"wp:attachment":[{"href":"https:\/\/qingdaohf.com\/cs\/wp-json\/wp\/v2\/media?parent=6447"}],"wp:term":[{"taxonomy":"product_brand","embeddable":true,"href":"https:\/\/qingdaohf.com\/cs\/wp-json\/wp\/v2\/product_brand?post=6447"},{"taxonomy":"product_cat","embeddable":true,"href":"https:\/\/qingdaohf.com\/cs\/wp-json\/wp\/v2\/product_cat?post=6447"},{"taxonomy":"product_tag","embeddable":true,"href":"https:\/\/qingdaohf.com\/cs\/wp-json\/wp\/v2\/product_tag?post=6447"}],"curies":[{"name":"wp","href":"https:\/\/api.w.org\/{rel}","templated":true}]}}