{"id":6479,"date":"2024-02-02T15:10:26","date_gmt":"2024-02-02T07:10:26","guid":{"rendered":"http:\/\/qingdaohf.com\/?post_type=product&#038;p=6479"},"modified":"2025-11-13T09:03:38","modified_gmt":"2025-11-13T01:03:38","slug":"screw-pin-shackle","status":"publish","type":"product","link":"https:\/\/qingdaohf.com\/cs\/produkt\/sroubovaci-cep\/","title":{"rendered":"\u0160roubov\u00fd \u010dep - t\u0159men"},"content":{"rendered":"<p>V\u00edtejte v na\u0161\u00ed velkoobchodn\u00ed nab\u00eddce \u0161roubov\u00fdch spojek! Jako p\u0159edn\u00ed dodavatel v oboru se specializujeme na poskytov\u00e1n\u00ed vysoce kvalitn\u00edch t\u0159men\u016f vyroben\u00fdch z pozinkovan\u00fdch a nerezov\u00fdch materi\u00e1l\u016f. Na\u0161e t\u0159meny jsou ur\u010deny pro r\u016fzn\u00e1 pou\u017eit\u00ed v\u010detn\u011b zved\u00e1n\u00ed, vle\u010den\u00ed a upev\u0148ov\u00e1n\u00ed, co\u017e z nich \u010din\u00ed univerz\u00e1ln\u00ed n\u00e1stroje pro va\u0161e projekty.<\/p>\n<p>Ch\u00e1peme, \u017ee p\u0159i n\u00e1kupu pout ve velk\u00e9m mno\u017estv\u00ed maj\u00ed kupuj\u00edc\u00ed \u010dasto obavy ohledn\u011b kvality, spolehlivosti a ceny v\u00fdrobku. Proto je pro n\u00e1s prioritou dod\u00e1vat \u0161pi\u010dkov\u00e9 v\u00fdrobky za konkurenceschopn\u00e9 ceny, abychom uspokojili va\u0161e velkoobchodn\u00ed pot\u0159eby.<\/p>\n<p>Na\u0161e okovy proch\u00e1zej\u00ed p\u0159\u00edsnou kontrolou kvality, kter\u00e1 zaji\u0161\u0165uje, \u017ee spl\u0148uj\u00ed pr\u016fmyslov\u00e9 normy pro pevnost a trvanlivost. A\u0165 u\u017e pot\u0159ebujete t\u0159meny pro zved\u00e1n\u00ed t\u011b\u017ek\u00fdch b\u0159emen nebo pro n\u00e1mo\u0159n\u00ed aplikace, n\u00e1\u0161 \u0161irok\u00fd sortiment v\u00e1m je poskytne. Na\u0161e pozinkovan\u00e9 a nerezov\u00e9 varianty nav\u00edc nab\u00edzej\u00ed odolnost proti korozi, co\u017e prodlu\u017euje \u017eivotnost va\u0161eho vybaven\u00ed i v n\u00e1ro\u010dn\u00fdch podm\u00ednk\u00e1ch.<\/p>\n<p>Nab\u00edz\u00edme tak\u00e9 individu\u00e1ln\u00ed z\u00e1kaznick\u00fd servis, kter\u00fd v\u00e1m pom\u016f\u017ee b\u011bhem cel\u00e9ho procesu n\u00e1kupu. N\u00e1\u0161 t\u00fdm se sna\u017e\u00ed na\u0161im velkoobchodn\u00edm z\u00e1kazn\u00edk\u016fm poskytnout bezprobl\u00e9mov\u00e9 slu\u017eby - od v\u00fdb\u011bru spr\u00e1vn\u00e9ho poutka pro va\u0161e specifick\u00e9 po\u017eadavky a\u017e po zaji\u0161t\u011bn\u00ed efektivn\u00edho doru\u010den\u00ed.<\/p>\n<p>Nejb\u011b\u017en\u011bj\u0161\u00ed meze pracovn\u00edho zat\u00ed\u017een\u00ed (WLL) a velikosti t\u0159men\u016f se \u0161roubov\u00fdmi \u010depy:<\/p>\n<p><strong>WLLs<\/strong>: 0,33 t, 0,5 t, 0,75 t, 1 t, 1,5 t, 2 t, 3,25 t, 4,75 t, 6,5 t, 8,5 t, 9,5 t, 12 t, 13,5 t, 17 t, 25 t, 35 t, 55 t, 85 t, 120 t, 150 t.<\/p>\n<p><strong>Velikosti<\/strong>: 1\/4 palce, 3\/8 palce, 1\/2 palce, 5\/8 palce, 3\/4 palce, 7\/8 palce, 1 palec, 1-1\/4 palce, 1-1\/2 palce, 1-3\/4 palce, 2 palce, 2-1\/2 palce, 3 palce.<\/p>\n<p>Spolupracujte s n\u00e1mi v oblasti velkoobchodn\u00edho prodeje ok a p\u0159esv\u011bd\u010dte se o spolehlivosti a kvalit\u011b, kter\u00e1 n\u00e1s odli\u0161uje od ostatn\u00edch v\u00fdrobc\u016f. Kontaktujte n\u00e1s je\u0161t\u011b dnes, abychom s v\u00e1mi prodiskutovali va\u0161e po\u017eadavky a vyu\u017eili na\u0161ich konkurenceschopn\u00fdch cen a v\u00fdjime\u010dn\u00fdch slu\u017eeb.<\/p>\n<p><a href=\"https:\/\/qingdaohf.com\/cs\/produkt\/g210-trmen\/\">T\u0159men G210<\/a><\/p>\n<p><img fetchpriority=\"high\" decoding=\"async\" class=\"alignnone size-full wp-image-3813\" src=\"http:\/\/qingdaohf.com\/wp-content\/uploads\/2023\/05\/G209-G210-shackle.jpg\" alt=\"G209 G210 t\u0159men\" width=\"1000\" height=\"1296\" srcset=\"https:\/\/qingdaohf.com\/wp-content\/uploads\/2023\/05\/G209-G210-shackle.jpg 1000w, https:\/\/qingdaohf.com\/wp-content\/uploads\/2023\/05\/G209-G210-shackle-231x300.jpg 231w, https:\/\/qingdaohf.com\/wp-content\/uploads\/2023\/05\/G209-G210-shackle-790x1024.jpg 790w, https:\/\/qingdaohf.com\/wp-content\/uploads\/2023\/05\/G209-G210-shackle-768x995.jpg 768w\" sizes=\"(max-width: 1000px) 100vw, 1000px\" \/><\/p>\n<p><a href=\"https:\/\/qingdaohf.com\/cs\/produkt\/g2150-pozinkovany-trmen\/\">G2150 t\u0159men<\/a><\/p>\n<p>&nbsp;<\/p>","protected":false},"excerpt":{"rendered":"<p data-sourcepos=\"3:1-3:194\">\u0160roubovac\u00ed t\u0159men je typ kovov\u00e9ho konektoru, kter\u00fd se pou\u017e\u00edv\u00e1 ke spojov\u00e1n\u00ed \u0159et\u011bz\u016f, lan, kabel\u016f a dal\u0161\u00edho lanov\u00e9ho vybaven\u00ed. Vyr\u00e1b\u011bj\u00ed se z kovan\u00e9 nebo legovan\u00e9 oceli. \u0160roubovac\u00ed kol\u00edk proch\u00e1z\u00ed otvory v p\u0159\u00eddi a uta\u017een\u00edm se zaji\u0161\u0165uje.<\/p>\n<p data-sourcepos=\"5:1-5:141\">\u0160roubov\u00e9 t\u0159meny jsou pevn\u011bj\u0161\u00ed a bezpe\u010dn\u011bj\u0161\u00ed ne\u017e jin\u00e9 typy t\u0159men\u016f, jako jsou \u0161roubov\u00e9 t\u0159meny nebo t\u0159meny s karabinou. Snadn\u011bji se tak\u00e9 otev\u00edraj\u00ed a zav\u00edraj\u00ed, co\u017e z nich \u010din\u00ed obl\u00edbenou volbu pro aplikace, kde je nutn\u00e9 \u010dast\u00e9 se\u0159izov\u00e1n\u00ed.<\/p>","protected":false},"featured_media":6471,"comment_status":"open","ping_status":"closed","template":"","meta":{"site-sidebar-layout":"default","site-content-layout":"","ast-site-content-layout":"default","site-content-style":"default","site-sidebar-style":"default","ast-global-header-display":"","ast-banner-title-visibility":"","ast-main-header-display":"","ast-hfb-above-header-display":"","ast-hfb-below-header-display":"","ast-hfb-mobile-header-display":"","site-post-title":"","ast-breadcrumbs-content":"","ast-featured-img":"","footer-sml-layout":"","theme-transparent-header-meta":"default","adv-header-id-meta":"","stick-header-meta":"default","header-above-stick-meta":"","header-main-stick-meta":"","header-below-stick-meta":"","astra-migrate-meta-layouts":"set","ast-page-background-enabled":"default","ast-page-background-meta":{"desktop":{"background-color":"","background-image":"","background-repeat":"repeat","background-position":"center center","background-size":"auto","background-attachment":"scroll","background-type":"","background-media":"","overlay-type":"","overlay-color":"","overlay-opacity":"","overlay-gradient":""},"tablet":{"background-color":"","background-image":"","background-repeat":"repeat","background-position":"center center","background-size":"auto","background-attachment":"scroll","background-type":"","background-media":"","overlay-type":"","overlay-color":"","overlay-opacity":"","overlay-gradient":""},"mobile":{"background-color":"","background-image":"","background-repeat":"repeat","background-position":"center center","background-size":"auto","background-attachment":"scroll","background-type":"","background-media":"","overlay-type":"","overlay-color":"","overlay-opacity":"","overlay-gradient":""}},"ast-content-background-meta":{"desktop":{"background-color":"var(--ast-global-color-5)","background-image":"","background-repeat":"repeat","background-position":"center center","background-size":"auto","background-attachment":"scroll","background-type":"","background-media":"","overlay-type":"","overlay-color":"","overlay-opacity":"","overlay-gradient":""},"tablet":{"background-color":"var(--ast-global-color-5)","background-image":"","background-repeat":"repeat","background-position":"center center","background-size":"auto","background-attachment":"scroll","background-type":"","background-media":"","overlay-type":"","overlay-color":"","overlay-opacity":"","overlay-gradient":""},"mobile":{"background-color":"var(--ast-global-color-5)","background-image":"","background-repeat":"repeat","background-position":"center center","background-size":"auto","background-attachment":"scroll","background-type":"","background-media":"","overlay-type":"","overlay-color":"","overlay-opacity":"","overlay-gradient":""}}},"product_brand":[],"product_cat":[51,54],"product_tag":[],"class_list":{"0":"post-6479","1":"product","2":"type-product","3":"status-publish","4":"has-post-thumbnail","6":"product_cat-riggging-hardware","7":"product_cat-shackle","8":"desktop-align-left","9":"tablet-align-left","10":"mobile-align-left","11":"ast-product-gallery-layout-horizontal-slider","12":"ast-product-tabs-layout-horizontal","14":"first","15":"instock","16":"shipping-taxable","17":"purchasable","18":"product-type-simple"},"yoast_head":"<!-- This site is optimized with the Yoast SEO plugin v25.2 - https:\/\/yoast.com\/wordpress\/plugins\/seo\/ -->\n<title>Screw Pin Shackle<\/title>\n<meta name=\"description\" content=\"Screw pin shackle is a type of metal connector that is used to link chains, ropes, cables, and other rigging hardware.\" \/>\n<meta name=\"robots\" content=\"index, follow, max-snippet:-1, max-image-preview:large, max-video-preview:-1\" \/>\n<link rel=\"canonical\" href=\"https:\/\/qingdaohf.com\/cs\/produkt\/sroubovaci-cep\/\" \/>\n<meta property=\"og:locale\" content=\"cs_CZ\" \/>\n<meta property=\"og:type\" content=\"article\" \/>\n<meta property=\"og:title\" content=\"Screw Pin Shackle\" \/>\n<meta property=\"og:description\" content=\"Screw pin shackle is a type of metal connector that is used to link chains, ropes, cables, and other rigging hardware.\" \/>\n<meta property=\"og:url\" content=\"https:\/\/qingdaohf.com\/cs\/produkt\/sroubovaci-cep\/\" \/>\n<meta property=\"og:site_name\" content=\"Concrete Form &amp; Rigging Hardware Supplier\" \/>\n<meta property=\"article:publisher\" content=\"https:\/\/www.facebook.com\/qingdaohf\" \/>\n<meta property=\"article:modified_time\" content=\"2025-11-13T01:03:38+00:00\" \/>\n<meta property=\"og:image\" content=\"https:\/\/qingdaohf.com\/wp-content\/uploads\/2024\/02\/HF-SHACKLE-7.jpg\" \/>\n\t<meta property=\"og:image:width\" content=\"1000\" \/>\n\t<meta property=\"og:image:height\" content=\"1000\" \/>\n\t<meta property=\"og:image:type\" content=\"image\/jpeg\" \/>\n<meta name=\"twitter:card\" content=\"summary_large_image\" \/>\n<meta name=\"twitter:label1\" content=\"Odhadovan\u00e1 doba \u010dten\u00ed\" \/>\n\t<meta name=\"twitter:data1\" content=\"2 minuty\" \/>\n<script type=\"application\/ld+json\" class=\"yoast-schema-graph\">{\"@context\":\"https:\/\/schema.org\",\"@graph\":[{\"@type\":\"WebPage\",\"@id\":\"https:\/\/qingdaohf.com\/product\/screw-pin-shackle\/\",\"url\":\"https:\/\/qingdaohf.com\/product\/screw-pin-shackle\/\",\"name\":\"Screw Pin Shackle\",\"isPartOf\":{\"@id\":\"https:\/\/qingdaohf.com\/bg\/#website\"},\"primaryImageOfPage\":{\"@id\":\"https:\/\/qingdaohf.com\/product\/screw-pin-shackle\/#primaryimage\"},\"image\":{\"@id\":\"https:\/\/qingdaohf.com\/product\/screw-pin-shackle\/#primaryimage\"},\"thumbnailUrl\":\"https:\/\/qingdaohf.com\/wp-content\/uploads\/2024\/02\/HF-SHACKLE-7.jpg\",\"datePublished\":\"2024-02-02T07:10:26+00:00\",\"dateModified\":\"2025-11-13T01:03:38+00:00\",\"description\":\"Screw pin shackle is a type of metal connector that is used to link chains, ropes, cables, and other rigging hardware.\",\"breadcrumb\":{\"@id\":\"https:\/\/qingdaohf.com\/product\/screw-pin-shackle\/#breadcrumb\"},\"inLanguage\":\"cs\",\"potentialAction\":[{\"@type\":\"ReadAction\",\"target\":[\"https:\/\/qingdaohf.com\/product\/screw-pin-shackle\/\"]}]},{\"@type\":\"ImageObject\",\"inLanguage\":\"cs\",\"@id\":\"https:\/\/qingdaohf.com\/product\/screw-pin-shackle\/#primaryimage\",\"url\":\"https:\/\/qingdaohf.com\/wp-content\/uploads\/2024\/02\/HF-SHACKLE-7.jpg\",\"contentUrl\":\"https:\/\/qingdaohf.com\/wp-content\/uploads\/2024\/02\/HF-SHACKLE-7.jpg\",\"width\":1000,\"height\":1000,\"caption\":\"Bow shackle\"},{\"@type\":\"BreadcrumbList\",\"@id\":\"https:\/\/qingdaohf.com\/product\/screw-pin-shackle\/#breadcrumb\",\"itemListElement\":[{\"@type\":\"ListItem\",\"position\":1,\"name\":\"Home\",\"item\":\"https:\/\/qingdaohf.com\/\"},{\"@type\":\"ListItem\",\"position\":2,\"name\":\"Concrete Forming Accessories and Rigging Hardware\",\"item\":\"https:\/\/qingdaohf.com\/bg\/?page_id=944\"},{\"@type\":\"ListItem\",\"position\":3,\"name\":\"Screw Pin Shackle\"}]},{\"@type\":\"WebSite\",\"@id\":\"https:\/\/qingdaohf.com\/bg\/#website\",\"url\":\"https:\/\/qingdaohf.com\/bg\/\",\"name\":\"Concrete Form & Rigging Hardware Supplier\",\"description\":\"\",\"publisher\":{\"@id\":\"https:\/\/qingdaohf.com\/bg\/#organization\"},\"potentialAction\":[{\"@type\":\"SearchAction\",\"target\":{\"@type\":\"EntryPoint\",\"urlTemplate\":\"https:\/\/qingdaohf.com\/bg\/?s={search_term_string}\"},\"query-input\":{\"@type\":\"PropertyValueSpecification\",\"valueRequired\":true,\"valueName\":\"search_term_string\"}}],\"inLanguage\":\"cs\"},{\"@type\":\"Organization\",\"@id\":\"https:\/\/qingdaohf.com\/bg\/#organization\",\"name\":\"Qingdao H&F\",\"url\":\"https:\/\/qingdaohf.com\/bg\/\",\"logo\":{\"@type\":\"ImageObject\",\"inLanguage\":\"cs\",\"@id\":\"https:\/\/qingdaohf.com\/bg\/#\/schema\/logo\/image\/\",\"url\":\"https:\/\/qingdaohf.com\/wp-content\/uploads\/2022\/12\/cropped-HF-LOGO.png\",\"contentUrl\":\"https:\/\/qingdaohf.com\/wp-content\/uploads\/2022\/12\/cropped-HF-LOGO.png\",\"width\":391,\"height\":249,\"caption\":\"Qingdao H&F\"},\"image\":{\"@id\":\"https:\/\/qingdaohf.com\/bg\/#\/schema\/logo\/image\/\"},\"sameAs\":[\"https:\/\/www.facebook.com\/qingdaohf\"]}]}<\/script>\n<!-- \/ Yoast SEO plugin. -->","yoast_head_json":{"title":"Screw Pin Shackle","description":"Screw pin shackle is a type of metal connector that is used to link chains, ropes, cables, and other rigging hardware.","robots":{"index":"index","follow":"follow","max-snippet":"max-snippet:-1","max-image-preview":"max-image-preview:large","max-video-preview":"max-video-preview:-1"},"canonical":"https:\/\/qingdaohf.com\/cs\/produkt\/sroubovaci-cep\/","og_locale":"cs_CZ","og_type":"article","og_title":"Screw Pin Shackle","og_description":"Screw pin shackle is a type of metal connector that is used to link chains, ropes, cables, and other rigging hardware.","og_url":"https:\/\/qingdaohf.com\/cs\/produkt\/sroubovaci-cep\/","og_site_name":"Concrete Form &amp; Rigging Hardware Supplier","article_publisher":"https:\/\/www.facebook.com\/qingdaohf","article_modified_time":"2025-11-13T01:03:38+00:00","og_image":[{"width":1000,"height":1000,"url":"https:\/\/qingdaohf.com\/wp-content\/uploads\/2024\/02\/HF-SHACKLE-7.jpg","type":"image\/jpeg"}],"twitter_card":"summary_large_image","twitter_misc":{"Odhadovan\u00e1 doba \u010dten\u00ed":"2 minuty"},"schema":{"@context":"https:\/\/schema.org","@graph":[{"@type":"WebPage","@id":"https:\/\/qingdaohf.com\/product\/screw-pin-shackle\/","url":"https:\/\/qingdaohf.com\/product\/screw-pin-shackle\/","name":"Screw Pin Shackle","isPartOf":{"@id":"https:\/\/qingdaohf.com\/bg\/#website"},"primaryImageOfPage":{"@id":"https:\/\/qingdaohf.com\/product\/screw-pin-shackle\/#primaryimage"},"image":{"@id":"https:\/\/qingdaohf.com\/product\/screw-pin-shackle\/#primaryimage"},"thumbnailUrl":"https:\/\/qingdaohf.com\/wp-content\/uploads\/2024\/02\/HF-SHACKLE-7.jpg","datePublished":"2024-02-02T07:10:26+00:00","dateModified":"2025-11-13T01:03:38+00:00","description":"Screw pin shackle is a type of metal connector that is used to link chains, ropes, cables, and other rigging hardware.","breadcrumb":{"@id":"https:\/\/qingdaohf.com\/product\/screw-pin-shackle\/#breadcrumb"},"inLanguage":"cs","potentialAction":[{"@type":"ReadAction","target":["https:\/\/qingdaohf.com\/product\/screw-pin-shackle\/"]}]},{"@type":"ImageObject","inLanguage":"cs","@id":"https:\/\/qingdaohf.com\/product\/screw-pin-shackle\/#primaryimage","url":"https:\/\/qingdaohf.com\/wp-content\/uploads\/2024\/02\/HF-SHACKLE-7.jpg","contentUrl":"https:\/\/qingdaohf.com\/wp-content\/uploads\/2024\/02\/HF-SHACKLE-7.jpg","width":1000,"height":1000,"caption":"Bow shackle"},{"@type":"BreadcrumbList","@id":"https:\/\/qingdaohf.com\/product\/screw-pin-shackle\/#breadcrumb","itemListElement":[{"@type":"ListItem","position":1,"name":"Home","item":"https:\/\/qingdaohf.com\/"},{"@type":"ListItem","position":2,"name":"Concrete Forming Accessories and Rigging Hardware","item":"https:\/\/qingdaohf.com\/bg\/?page_id=944"},{"@type":"ListItem","position":3,"name":"Screw Pin Shackle"}]},{"@type":"WebSite","@id":"https:\/\/qingdaohf.com\/bg\/#website","url":"https:\/\/qingdaohf.com\/bg\/","name":"Concrete Form & Rigging Hardware Supplier","description":"","publisher":{"@id":"https:\/\/qingdaohf.com\/bg\/#organization"},"potentialAction":[{"@type":"SearchAction","target":{"@type":"EntryPoint","urlTemplate":"https:\/\/qingdaohf.com\/bg\/?s={search_term_string}"},"query-input":{"@type":"PropertyValueSpecification","valueRequired":true,"valueName":"search_term_string"}}],"inLanguage":"cs"},{"@type":"Organization","@id":"https:\/\/qingdaohf.com\/bg\/#organization","name":"Qingdao H&F","url":"https:\/\/qingdaohf.com\/bg\/","logo":{"@type":"ImageObject","inLanguage":"cs","@id":"https:\/\/qingdaohf.com\/bg\/#\/schema\/logo\/image\/","url":"https:\/\/qingdaohf.com\/wp-content\/uploads\/2022\/12\/cropped-HF-LOGO.png","contentUrl":"https:\/\/qingdaohf.com\/wp-content\/uploads\/2022\/12\/cropped-HF-LOGO.png","width":391,"height":249,"caption":"Qingdao H&F"},"image":{"@id":"https:\/\/qingdaohf.com\/bg\/#\/schema\/logo\/image\/"},"sameAs":["https:\/\/www.facebook.com\/qingdaohf"]}]}},"_links":{"self":[{"href":"https:\/\/qingdaohf.com\/cs\/wp-json\/wp\/v2\/product\/6479","targetHints":{"allow":["GET"]}}],"collection":[{"href":"https:\/\/qingdaohf.com\/cs\/wp-json\/wp\/v2\/product"}],"about":[{"href":"https:\/\/qingdaohf.com\/cs\/wp-json\/wp\/v2\/types\/product"}],"replies":[{"embeddable":true,"href":"https:\/\/qingdaohf.com\/cs\/wp-json\/wp\/v2\/comments?post=6479"}],"version-history":[{"count":7,"href":"https:\/\/qingdaohf.com\/cs\/wp-json\/wp\/v2\/product\/6479\/revisions"}],"predecessor-version":[{"id":8213,"href":"https:\/\/qingdaohf.com\/cs\/wp-json\/wp\/v2\/product\/6479\/revisions\/8213"}],"wp:featuredmedia":[{"embeddable":true,"href":"https:\/\/qingdaohf.com\/cs\/wp-json\/wp\/v2\/media\/6471"}],"wp:attachment":[{"href":"https:\/\/qingdaohf.com\/cs\/wp-json\/wp\/v2\/media?parent=6479"}],"wp:term":[{"taxonomy":"product_brand","embeddable":true,"href":"https:\/\/qingdaohf.com\/cs\/wp-json\/wp\/v2\/product_brand?post=6479"},{"taxonomy":"product_cat","embeddable":true,"href":"https:\/\/qingdaohf.com\/cs\/wp-json\/wp\/v2\/product_cat?post=6479"},{"taxonomy":"product_tag","embeddable":true,"href":"https:\/\/qingdaohf.com\/cs\/wp-json\/wp\/v2\/product_tag?post=6479"}],"curies":[{"name":"wp","href":"https:\/\/api.w.org\/{rel}","templated":true}]}}