{"id":6504,"date":"2024-02-05T09:54:52","date_gmt":"2024-02-05T01:54:52","guid":{"rendered":"http:\/\/qingdaohf.com\/?post_type=product&#038;p=6504"},"modified":"2025-11-13T09:03:38","modified_gmt":"2025-11-13T01:03:38","slug":"bent-eye-bolt","status":"publish","type":"product","link":"https:\/\/qingdaohf.com\/cs\/produkt\/ohnuty-sroub-s-okem\/","title":{"rendered":"Ohnut\u00fd \u0161roub s okem"},"content":{"rendered":"<h2 class=\"text-2xl font-bold mt-1 text-text-200\">In\u017een\u00fdrsk\u00e1 excelence: \u0160roub s ohnut\u00fdm okem<\/h2>\n<p class=\"whitespace-pre-wrap break-words\">Oh\u00fdban\u00fd \u0161roub s okem je p\u0159\u00edkladem praktick\u00e9ho in\u017een\u00fdrstv\u00ed v t\u00e9 nejlep\u0161\u00ed podob\u011b. Jeho zahnut\u00fd tvar se ne\u0159\u00edd\u00ed b\u011b\u017en\u00fdmi konstrukcemi spojovac\u00edch prvk\u016f, ale revolu\u010dn\u00edm zp\u016fsobem m\u011bn\u00ed rozlo\u017een\u00ed zat\u00ed\u017een\u00ed, tak\u017ee je nezbytn\u00fd pro t\u011b\u017ek\u00e9 aplikace v oblasti lanov\u00ed, vle\u010den\u00ed a upev\u0148ov\u00e1n\u00ed stroj\u016f.<\/p>\n<div class=\"ast-oembed-container\" style=\"height: 100%;\"><iframe title=\"Vylep\u0161ete sv\u00e1 \u0159e\u0161en\u00ed pro upevn\u011bn\u00ed pomoc\u00ed na\u0161ich \u0161roub\u016f s ohnut\u00fdm okem!\" width=\"500\" height=\"281\" src=\"https:\/\/www.youtube.com\/embed\/hRsRZXPqmSo?feature=oembed\" frameborder=\"0\" allow=\"accelerometer; autoplay; clipboard-write; encrypted-media; gyroscope; picture-in-picture; web-share\" referrerpolicy=\"strict-origin-when-cross-origin\" allowfullscreen><\/iframe><\/div>\n<h2 class=\"text-xl font-bold text-text-200 mt-1 -mb-0.5\">Z\u00e1kladn\u00ed in\u017een\u00fdrstv\u00ed a materi\u00e1ly<\/h2>\n<p class=\"whitespace-pre-wrap break-words\">Konstrukt\u00e9\u0159i pe\u010dliv\u011b vyb\u00edraj\u00ed prvot\u0159\u00eddn\u00ed kovy, kter\u00e9 odol\u00e1vaj\u00ed korozi a z\u00e1rove\u0148 jsou odoln\u00e9 v\u016f\u010di intenzivn\u00edmu mechanick\u00e9mu nam\u00e1h\u00e1n\u00ed. Strategick\u00fd proces oh\u00fdb\u00e1n\u00ed omezuje m\u00edsta koncentrace nap\u011bt\u00ed - typickou slabinu tradi\u010dn\u00edch \u0161roub\u016f s okem. Tato promy\u0161len\u00e1 konstrukce vede k p\u016fsobiv\u00e9 odolnosti i v n\u00e1ro\u010dn\u00fdch podm\u00ednk\u00e1ch. Ka\u017ed\u00e1 sou\u010d\u00e1st proch\u00e1z\u00ed p\u0159esn\u00fdm \u0159emesln\u00fdm zpracov\u00e1n\u00edm, aby byla zachov\u00e1na stabilita b\u011bhem dynamick\u00fdch operac\u00ed.<\/p>\n<p class=\"whitespace-pre-wrap break-words\">Na\u0161e v\u00fdroba zahrnuje nejmodern\u011bj\u0161\u00ed techniky p\u0159i zachov\u00e1n\u00ed p\u0159\u00edsn\u00fdch norem kvality. P\u0159ed expedic\u00ed proch\u00e1z\u00ed ka\u017ed\u00fd \u0161roub rozs\u00e1hl\u00fdm testov\u00e1n\u00edm rozm\u011brov\u00e9 p\u0159esnosti, pevnosti materi\u00e1lu a nosnosti. Tato komplexn\u00ed hodnocen\u00ed, kter\u00e1 jsou \u00fast\u0159edn\u00edm bodem na\u0161eho syst\u00e9mu kvality, ukazuj\u00ed, jak na\u0161e v\u00fdrobky trvale p\u0159ekon\u00e1vaj\u00ed po\u017eadavky pr\u016fmyslu. Zachov\u00e1v\u00e1me naprostou transparentnost t\u00edm, \u017ee spolu s dod\u00e1vkami poskytujeme podrobnou dokumentaci o kontrol\u00e1ch.<\/p>\n<h2 class=\"text-xl font-bold text-text-200 mt-1 -mb-0.5\">Re\u00e1ln\u00e9 aplikace a nastaven\u00ed<\/h2>\n<h3 class=\"text-lg font-bold text-text-200 mt-1 -mb-1.5\">Implementace v odv\u011btv\u00ed<\/h3>\n<p class=\"whitespace-pre-wrap break-words\">Profesion\u00e1lov\u00e9 se spol\u00e9haj\u00ed na ohnut\u00e9 \u0161rouby s okem, kter\u00e9 chr\u00e1n\u00ed cenn\u00e9 vybaven\u00ed, od staveni\u0161\u0165 a\u017e po n\u00e1mo\u0159n\u00ed lod\u011b. V\u0161estrannost konstrukce umo\u017e\u0148uje p\u0159izp\u016fsobit se r\u016fzn\u00fdm sc\u00e9n\u00e1\u0159\u016fm, kter\u00e9 vy\u017eaduj\u00ed flexibilitu i struktur\u00e1ln\u00ed integritu. Tyto \u0161rouby jsou nepostradateln\u00e9 p\u0159i zved\u00e1n\u00ed t\u011b\u017ek\u00fdch b\u0159emen, zaji\u0161\u0165ov\u00e1n\u00ed za\u0159\u00edzen\u00ed v nep\u0159\u00edzniv\u00e9m po\u010das\u00ed nebo spojov\u00e1n\u00ed sou\u010d\u00e1st\u00ed pr\u016fmyslov\u00fdch stroj\u016f. Jejich specializovan\u00fd tvar zaji\u0161\u0165uje optim\u00e1ln\u00ed rozlo\u017een\u00ed s\u00edly a udr\u017euje b\u0159emena b\u011bhem provozu vyv\u00e1\u017een\u00e1.<\/p>\n<h3 class=\"text-lg font-bold text-text-200 mt-1 -mb-1.5\">U\u017eivatelsky p\u0159\u00edv\u011btiv\u00e1 instalace<\/h3>\n<p class=\"whitespace-pre-wrap break-words\">Pracovn\u00edci rychle zvl\u00e1dnou jednoduch\u00fd proces instalace d\u00edky intuitivn\u00edmu designu, kter\u00fd zkracuje dobu za\u0161kolen\u00ed. Jedine\u010dn\u00e9 zak\u0159iven\u00ed \u0161roubu umo\u017e\u0148uje bezpe\u010dn\u00e9 upevn\u011bn\u00ed k r\u016fzn\u00fdm materi\u00e1l\u016fm - od ocelov\u00fdch nosn\u00edk\u016f a\u017e po beton. Tato p\u0159izp\u016fsobivost zefektiv\u0148uje mont\u00e1\u017e a zkracuje prostoje p\u0159i \u00fadr\u017eb\u011b, \u010d\u00edm\u017e p\u0159\u00edmo zvy\u0161uje efektivitu provozu a sni\u017euje n\u00e1klady.<\/p>\n<h3 class=\"text-lg font-bold text-text-200 mt-1 -mb-1.5\">Vylep\u0161en\u00e9 bezpe\u010dnostn\u00ed funkce<\/h3>\n<p class=\"whitespace-pre-wrap break-words\">\u0160roub s ohnut\u00fdm okem \u0159e\u0161\u00ed kl\u00ed\u010dov\u00e9 bezpe\u010dnostn\u00ed probl\u00e9my d\u00edky chytr\u00e9mu technick\u00e9mu \u0159e\u0161en\u00ed. U\u017eivatel\u00e9 d\u016fv\u011b\u0159uj\u00ed jeho schopnosti zabr\u00e1nit prokluzov\u00e1n\u00ed nebo nespr\u00e1vn\u00e9mu nastaven\u00ed p\u0159i zat\u00ed\u017een\u00ed. Vypo\u010d\u00edtan\u00e9 zak\u0159iven\u00ed oka p\u0159esm\u011brov\u00e1v\u00e1 s\u00edly mimo potenci\u00e1ln\u00ed m\u00edsta poruchy, \u010d\u00edm\u017e se minimalizuje riziko poruchy p\u0159i kritick\u00fdch \u00fakonech. Spole\u010dnosti pou\u017e\u00edvaj\u00edc\u00ed tyto \u0161rouby obvykle hl\u00e1s\u00ed m\u00e9n\u011b nehod a vy\u0161\u0161\u00ed spolehlivost.<\/p>\n<h2 class=\"text-xl font-bold text-text-200 mt-1 -mb-0.5\">Zaji\u0161t\u011bn\u00ed kvality a podpora<\/h2>\n<h3 class=\"text-lg font-bold text-text-200 mt-1 -mb-1.5\">P\u0159\u00edsn\u00fd testovac\u00ed protokol<\/h3>\n<p class=\"whitespace-pre-wrap break-words\">Ka\u017ed\u00fd \u0161roub proch\u00e1z\u00ed p\u0159ed opu\u0161t\u011bn\u00edm na\u0161eho za\u0159\u00edzen\u00ed komplexn\u00edm hodnocen\u00edm. Vzhledem k tomu, \u017ee rozum\u00edme bezpe\u010dnostn\u011b kritick\u00fdm aplikac\u00edm, vedeme podrobnou dokumentaci o v\u00fdkonu. V na\u0161ich zpr\u00e1v\u00e1ch o kvalit\u011b jsou uvedeny konkr\u00e9tn\u00ed ukazatele a vlastnosti materi\u00e1lu, kter\u00e9 prokazuj\u00ed dlouhodobou spolehlivost v n\u00e1ro\u010dn\u00fdch podm\u00ednk\u00e1ch.<\/p>\n<h3 class=\"text-lg font-bold text-text-200 mt-1 -mb-1.5\">Slu\u017eby zam\u011b\u0159en\u00e9 na z\u00e1kazn\u00edka<\/h3>\n<p class=\"whitespace-pre-wrap break-words\">Spojujeme technickou odbornost s individu\u00e1ln\u00edm p\u0159\u00edstupem. Klient\u016fm poskytujeme specializovanou podporu pro dotazy p\u0159ed n\u00e1kupem i pr\u016fb\u011b\u017enou pomoc. N\u00e1\u0161 t\u00fdm nab\u00edz\u00ed podrobn\u00e9 pokyny k instalaci, \u00fadr\u017eb\u011b a \u0159e\u0161en\u00ed probl\u00e9m\u016f. Tento p\u0159\u00edstup zaji\u0161\u0165uje komplexn\u00ed podporu po celou dobu \u017eivotnosti produktu. Rychl\u00e9 dod\u00e1n\u00ed d\u00e1le zvy\u0161uje spokojenost t\u00edm, \u017ee minimalizuje zpo\u017ed\u011bn\u00ed projektu.<\/p>\n<h3 class=\"text-lg font-bold text-text-200 mt-1 -mb-1.5\">Pr\u016fb\u011b\u017en\u00e9 inovace<\/h3>\n<p class=\"whitespace-pre-wrap break-words\">Pravideln\u00e9 investice do v\u00fdzkumu udr\u017euj\u00ed na\u0161e produkty na technologick\u00e9 \u0161pi\u010dce. Spolupracujeme s odborn\u00edky z oboru na zdokonalov\u00e1n\u00ed konstrukc\u00ed a v\u00fdrobn\u00edch postup\u016f. Tento z\u00e1vazek zvy\u0161uje pr\u016fmyslov\u00e9 standardy a z\u00e1rove\u0148 p\u0159in\u00e1\u0161\u00ed n\u00e1kladov\u011b efektivn\u00ed \u0159e\u0161en\u00ed. Na\u0161e zam\u011b\u0159en\u00ed na pokrok zahrnuje in\u017een\u00fdrstv\u00ed a\u017e po z\u00e1kaznickou podporu, p\u0159i\u010dem\u017e prioritou je dokonalost na ka\u017ed\u00e9m kroku.<\/p>\n<h3 class=\"text-lg font-bold text-text-200 mt-1 -mb-1.5\">Spolehliv\u00e9 dod\u00e1n\u00ed<\/h3>\n<p class=\"whitespace-pre-wrap break-words\">Ch\u00e1peme \u010dasov\u011b n\u00e1ro\u010dn\u00e9 operace a udr\u017eujeme efektivn\u00ed syst\u00e9my dod\u00e1vek, kter\u00e9 spl\u0148uj\u00ed n\u00e1ro\u010dn\u00e9 harmonogramy. N\u00e1\u0161 logistick\u00fd t\u00fdm zaji\u0161\u0165uje rychl\u00e9 zpracov\u00e1n\u00ed objedn\u00e1vek a expedici. V p\u0159\u00edpad\u011b probl\u00e9m\u016f proaktivn\u011b komunikujeme a nab\u00edz\u00edme alternativy, abychom minimalizovali naru\u0161en\u00ed.<\/p>\n<h2 class=\"text-xl font-bold text-text-200 mt-1 -mb-0.5\">Podpora vzd\u011bl\u00e1v\u00e1n\u00ed a technick\u00e1 excelence<\/h2>\n<p class=\"whitespace-pre-wrap break-words\">K na\u0161emu hardwaru poskytujeme komplexn\u00ed technickou dokumentaci a \u0161kolic\u00ed materi\u00e1ly. D\u00edky podrobn\u00fdm n\u00e1vod\u016fm a konzultac\u00edm si klienti osvoj\u00ed spr\u00e1vn\u00e9 techniky pou\u017e\u00edv\u00e1n\u00ed. Toto sd\u00edlen\u00ed znalost\u00ed p\u0159edch\u00e1z\u00ed b\u011b\u017en\u00fdm probl\u00e9m\u016fm a prodlu\u017euje \u017eivotnost produktu d\u00edky spr\u00e1vn\u00e9 \u00fadr\u017eb\u011b.<\/p>\n<p class=\"whitespace-pre-wrap break-words\">Precizn\u00ed konstrukce ka\u017ed\u00e9ho \u0161roubu odr\u00e1\u017e\u00ed na\u0161i snahu o v\u00fdkon. V kritick\u00fdch prost\u0159ed\u00edch poskytuj\u00ed tyto \u0161rouby bezpe\u010dn\u00e9 spoje, kter\u00e9 minimalizuj\u00ed rizika p\u0159i manipulaci. Tato spolehlivost se ukazuje jako kl\u00ed\u010dov\u00e1 tam, kde by selh\u00e1n\u00ed za\u0159\u00edzen\u00ed mohlo m\u00edt v\u00e1\u017en\u00e9 n\u00e1sledky.<\/p>\n<p class=\"whitespace-pre-wrap break-words\">Na\u0161e opat\u0159en\u00ed v oblasti kvality optimalizuj\u00ed ka\u017ed\u00fd aspekt pro dosa\u017een\u00ed \u0161pi\u010dkov\u00e9ho v\u00fdkonu. Kombinace pokro\u010dil\u00fdch v\u011bdeck\u00fdch poznatk\u016f o materi\u00e1lech s precizn\u00edm in\u017een\u00fdrstv\u00edm p\u0159in\u00e1\u0161\u00ed trvale vynikaj\u00edc\u00ed v\u00fdsledky. Tato oddanost dokonalosti znamen\u00e1 minim\u00e1ln\u00ed pot\u0159ebu v\u00fdm\u011bny a trvalou provozn\u00ed efektivitu.<\/p>\n<p class=\"whitespace-pre-wrap break-words\">Zp\u011btn\u00e1 vazba od klient\u016f je hnac\u00ed silou neust\u00e1l\u00e9ho zlep\u0161ov\u00e1n\u00ed, p\u0159i\u010dem\u017e poznatky ur\u010duj\u00ed budouc\u00ed v\u00fdvoj. Tento p\u0159\u00edstup zalo\u017een\u00fd na spolupr\u00e1ci vede k praktick\u00fdm zlep\u0161en\u00edm bezpe\u010dnosti i v\u00fdkonnosti. Pr\u016fb\u011b\u017en\u00fd dialog posiluje vztahy a z\u00e1rove\u0148 zlep\u0161uje mo\u017enosti produkt\u016f.<\/p>\n<h2 class=\"text-xl font-bold text-text-200 mt-1 -mb-0.5\">Z\u00e1v\u011br<\/h2>\n<p class=\"whitespace-pre-wrap break-words\">\u0160roub s ohnut\u00fdm okem p\u0159edstavuje spojen\u00ed technick\u00e9 dokonalosti a praktick\u00fdch bezpe\u010dnostn\u00edch prvk\u016f. Jeho inovativn\u00ed konstrukce zaji\u0161\u0165uje optim\u00e1ln\u00ed \u0159\u00edzen\u00ed z\u00e1t\u011b\u017ee a dlouhou \u017eivotnost, kter\u00e1 je podpo\u0159ena d\u016fkladnou kontrolou kvality. V kombinaci s pohotov\u00fdm z\u00e1kaznick\u00fdm servisem a spolehlivou dod\u00e1vkou slou\u017e\u00ed jako ide\u00e1ln\u00ed \u0159e\u0161en\u00ed pro provozy vy\u017eaduj\u00edc\u00ed st\u00e1l\u00fd v\u00fdkon. Pokra\u010dujeme ve zdokonalov\u00e1n\u00ed na\u0161ich konstrukc\u00ed a poskytujeme v\u00fdrobky, kter\u00e9 zvy\u0161uj\u00ed efektivitu a bezpe\u010dnost provozu.<\/p>\n<p class=\"whitespace-pre-wrap break-words\">N\u00e1\u0161 komplexn\u00ed p\u0159\u00edstup - od po\u010d\u00e1te\u010dn\u00edho n\u00e1vrhu a\u017e po pr\u016fb\u011b\u017enou podporu - je d\u016fkazem z\u00e1vazku k trval\u00fdm \u0159e\u0161en\u00edm. Volba na\u0161ich \u0161roub\u016f s oh\u00fdban\u00fdm okem znamen\u00e1 investici do spolehlivosti prov\u011b\u0159en\u00e9 v praxi s odbornou podporou. Vyzkou\u0161ejte rozd\u00edl, kter\u00fd promy\u0161len\u00e1 konstrukce a specializovan\u00e1 podpora p\u0159in\u00e1\u0161ej\u00ed do va\u0161eho provozu.<\/p>","protected":false},"excerpt":{"rendered":"<p data-sourcepos=\"5:1-5:37\">Zde je n\u00e1\u0161 pe\u010dliv\u011b navr\u017een\u00fd oh\u00fdban\u00fd \u0161roub s okem, kter\u00fd je speci\u00e1ln\u011b vytvo\u0159en pro upev\u0148ov\u00e1n\u00ed t\u011b\u017ek\u00fdch b\u0159emen a v\u0161eobecn\u00e9 pou\u017eit\u00ed v lanov\u00ed. N\u00e1\u0161 v\u00fdrobek spl\u0148uje hlavn\u00ed obavy kupuj\u00edc\u00edch d\u00edky vynikaj\u00edc\u00ed odolnosti, jednoduch\u00e9 instalaci a nekompromisn\u00ed bezpe\u010dnosti v n\u00e1ro\u010dn\u00fdch podm\u00ednk\u00e1ch. Jako spolehliv\u00e1 obchodn\u00ed firma poskytujeme individu\u00e1ln\u00ed z\u00e1kaznick\u00fd servis, v\u010dasn\u00e9 dodac\u00ed lh\u016fty a podrobn\u00e9 zpr\u00e1vy o kontrole kvality, tak\u017ee si ka\u017ed\u00fd z\u00e1kazn\u00edk m\u016f\u017ee b\u00fdt jist\u00fd, \u017ee obdr\u017e\u00ed spolehliv\u00fd a vysoce kvalitn\u00ed hardware podle sv\u00fdch konkr\u00e9tn\u00edch po\u017eadavk\u016f.<\/p>","protected":false},"featured_media":6506,"comment_status":"open","ping_status":"closed","template":"","meta":{"site-sidebar-layout":"default","site-content-layout":"","ast-site-content-layout":"default","site-content-style":"default","site-sidebar-style":"default","ast-global-header-display":"","ast-banner-title-visibility":"","ast-main-header-display":"","ast-hfb-above-header-display":"","ast-hfb-below-header-display":"","ast-hfb-mobile-header-display":"","site-post-title":"","ast-breadcrumbs-content":"","ast-featured-img":"","footer-sml-layout":"","theme-transparent-header-meta":"default","adv-header-id-meta":"","stick-header-meta":"default","header-above-stick-meta":"","header-main-stick-meta":"","header-below-stick-meta":"","astra-migrate-meta-layouts":"set","ast-page-background-enabled":"default","ast-page-background-meta":{"desktop":{"background-color":"","background-image":"","background-repeat":"repeat","background-position":"center center","background-size":"auto","background-attachment":"scroll","background-type":"","background-media":"","overlay-type":"","overlay-color":"","overlay-opacity":"","overlay-gradient":""},"tablet":{"background-color":"","background-image":"","background-repeat":"repeat","background-position":"center center","background-size":"auto","background-attachment":"scroll","background-type":"","background-media":"","overlay-type":"","overlay-color":"","overlay-opacity":"","overlay-gradient":""},"mobile":{"background-color":"","background-image":"","background-repeat":"repeat","background-position":"center center","background-size":"auto","background-attachment":"scroll","background-type":"","background-media":"","overlay-type":"","overlay-color":"","overlay-opacity":"","overlay-gradient":""}},"ast-content-background-meta":{"desktop":{"background-color":"var(--ast-global-color-5)","background-image":"","background-repeat":"repeat","background-position":"center center","background-size":"auto","background-attachment":"scroll","background-type":"","background-media":"","overlay-type":"","overlay-color":"","overlay-opacity":"","overlay-gradient":""},"tablet":{"background-color":"var(--ast-global-color-5)","background-image":"","background-repeat":"repeat","background-position":"center center","background-size":"auto","background-attachment":"scroll","background-type":"","background-media":"","overlay-type":"","overlay-color":"","overlay-opacity":"","overlay-gradient":""},"mobile":{"background-color":"var(--ast-global-color-5)","background-image":"","background-repeat":"repeat","background-position":"center center","background-size":"auto","background-attachment":"scroll","background-type":"","background-media":"","overlay-type":"","overlay-color":"","overlay-opacity":"","overlay-gradient":""}}},"product_brand":[],"product_cat":[44],"product_tag":[],"class_list":{"0":"post-6504","1":"product","2":"type-product","3":"status-publish","4":"has-post-thumbnail","6":"product_cat-stainless-steel-poduct","7":"desktop-align-left","8":"tablet-align-left","9":"mobile-align-left","10":"ast-product-gallery-layout-horizontal-slider","11":"ast-product-tabs-layout-horizontal","13":"first","14":"instock","15":"shipping-taxable","16":"purchasable","17":"product-type-simple"},"yoast_head":"<!-- This site is optimized with the Yoast SEO plugin v25.2 - https:\/\/yoast.com\/wordpress\/plugins\/seo\/ -->\n<title>Bent Eye Bolt<\/title>\n<meta name=\"description\" content=\"Qingdao H&amp;F, your reliable supplier for over 20 years, offers top-quality bent eye bolts for diverse lifting and rigging applications.\" \/>\n<meta name=\"robots\" content=\"index, follow, max-snippet:-1, max-image-preview:large, max-video-preview:-1\" \/>\n<link rel=\"canonical\" href=\"https:\/\/qingdaohf.com\/cs\/produkt\/ohnuty-sroub-s-okem\/\" \/>\n<meta property=\"og:locale\" content=\"cs_CZ\" \/>\n<meta property=\"og:type\" content=\"article\" \/>\n<meta property=\"og:title\" content=\"Bent Eye Bolt\" \/>\n<meta property=\"og:description\" content=\"Qingdao H&amp;F, your reliable supplier for over 20 years, offers top-quality bent eye bolts for diverse lifting and rigging applications.\" \/>\n<meta property=\"og:url\" content=\"https:\/\/qingdaohf.com\/cs\/produkt\/ohnuty-sroub-s-okem\/\" \/>\n<meta property=\"og:site_name\" content=\"Concrete Form &amp; Rigging Hardware Supplier\" \/>\n<meta property=\"article:publisher\" content=\"https:\/\/www.facebook.com\/qingdaohf\" \/>\n<meta property=\"article:modified_time\" content=\"2025-11-13T01:03:38+00:00\" \/>\n<meta property=\"og:image\" content=\"https:\/\/qingdaohf.com\/wp-content\/uploads\/2024\/02\/HF-BENT-EYE-BOLT-1.jpg\" \/>\n\t<meta property=\"og:image:width\" content=\"1000\" \/>\n\t<meta property=\"og:image:height\" content=\"1000\" \/>\n\t<meta property=\"og:image:type\" content=\"image\/jpeg\" \/>\n<meta name=\"twitter:card\" content=\"summary_large_image\" \/>\n<meta name=\"twitter:label1\" content=\"Odhadovan\u00e1 doba \u010dten\u00ed\" \/>\n\t<meta name=\"twitter:data1\" content=\"4 minuty\" \/>\n<script type=\"application\/ld+json\" class=\"yoast-schema-graph\">{\"@context\":\"https:\/\/schema.org\",\"@graph\":[{\"@type\":\"WebPage\",\"@id\":\"https:\/\/qingdaohf.com\/product\/bent-eye-bolt\/\",\"url\":\"https:\/\/qingdaohf.com\/product\/bent-eye-bolt\/\",\"name\":\"Bent Eye Bolt\",\"isPartOf\":{\"@id\":\"https:\/\/qingdaohf.com\/bg\/#website\"},\"primaryImageOfPage\":{\"@id\":\"https:\/\/qingdaohf.com\/product\/bent-eye-bolt\/#primaryimage\"},\"image\":{\"@id\":\"https:\/\/qingdaohf.com\/product\/bent-eye-bolt\/#primaryimage\"},\"thumbnailUrl\":\"https:\/\/qingdaohf.com\/wp-content\/uploads\/2024\/02\/HF-BENT-EYE-BOLT-1.jpg\",\"datePublished\":\"2024-02-05T01:54:52+00:00\",\"dateModified\":\"2025-11-13T01:03:38+00:00\",\"description\":\"Qingdao H&F, your reliable supplier for over 20 years, offers top-quality bent eye bolts for diverse lifting and rigging applications.\",\"breadcrumb\":{\"@id\":\"https:\/\/qingdaohf.com\/product\/bent-eye-bolt\/#breadcrumb\"},\"inLanguage\":\"cs\",\"potentialAction\":[{\"@type\":\"ReadAction\",\"target\":[\"https:\/\/qingdaohf.com\/product\/bent-eye-bolt\/\"]}]},{\"@type\":\"ImageObject\",\"inLanguage\":\"cs\",\"@id\":\"https:\/\/qingdaohf.com\/product\/bent-eye-bolt\/#primaryimage\",\"url\":\"https:\/\/qingdaohf.com\/wp-content\/uploads\/2024\/02\/HF-BENT-EYE-BOLT-1.jpg\",\"contentUrl\":\"https:\/\/qingdaohf.com\/wp-content\/uploads\/2024\/02\/HF-BENT-EYE-BOLT-1.jpg\",\"width\":1000,\"height\":1000,\"caption\":\"H&F BENT EYE BOLT\"},{\"@type\":\"BreadcrumbList\",\"@id\":\"https:\/\/qingdaohf.com\/product\/bent-eye-bolt\/#breadcrumb\",\"itemListElement\":[{\"@type\":\"ListItem\",\"position\":1,\"name\":\"Home\",\"item\":\"https:\/\/qingdaohf.com\/\"},{\"@type\":\"ListItem\",\"position\":2,\"name\":\"Concrete Forming Accessories and Rigging Hardware\",\"item\":\"https:\/\/qingdaohf.com\/bg\/?page_id=944\"},{\"@type\":\"ListItem\",\"position\":3,\"name\":\"Bent Eye Bolt\"}]},{\"@type\":\"WebSite\",\"@id\":\"https:\/\/qingdaohf.com\/bg\/#website\",\"url\":\"https:\/\/qingdaohf.com\/bg\/\",\"name\":\"Concrete Form & Rigging Hardware Supplier\",\"description\":\"\",\"publisher\":{\"@id\":\"https:\/\/qingdaohf.com\/bg\/#organization\"},\"potentialAction\":[{\"@type\":\"SearchAction\",\"target\":{\"@type\":\"EntryPoint\",\"urlTemplate\":\"https:\/\/qingdaohf.com\/bg\/?s={search_term_string}\"},\"query-input\":{\"@type\":\"PropertyValueSpecification\",\"valueRequired\":true,\"valueName\":\"search_term_string\"}}],\"inLanguage\":\"cs\"},{\"@type\":\"Organization\",\"@id\":\"https:\/\/qingdaohf.com\/bg\/#organization\",\"name\":\"Qingdao H&F\",\"url\":\"https:\/\/qingdaohf.com\/bg\/\",\"logo\":{\"@type\":\"ImageObject\",\"inLanguage\":\"cs\",\"@id\":\"https:\/\/qingdaohf.com\/bg\/#\/schema\/logo\/image\/\",\"url\":\"https:\/\/qingdaohf.com\/wp-content\/uploads\/2022\/12\/cropped-HF-LOGO.png\",\"contentUrl\":\"https:\/\/qingdaohf.com\/wp-content\/uploads\/2022\/12\/cropped-HF-LOGO.png\",\"width\":391,\"height\":249,\"caption\":\"Qingdao H&F\"},\"image\":{\"@id\":\"https:\/\/qingdaohf.com\/bg\/#\/schema\/logo\/image\/\"},\"sameAs\":[\"https:\/\/www.facebook.com\/qingdaohf\"]}]}<\/script>\n<!-- \/ Yoast SEO plugin. -->","yoast_head_json":{"title":"Bent Eye Bolt","description":"Qingdao H&F, your reliable supplier for over 20 years, offers top-quality bent eye bolts for diverse lifting and rigging applications.","robots":{"index":"index","follow":"follow","max-snippet":"max-snippet:-1","max-image-preview":"max-image-preview:large","max-video-preview":"max-video-preview:-1"},"canonical":"https:\/\/qingdaohf.com\/cs\/produkt\/ohnuty-sroub-s-okem\/","og_locale":"cs_CZ","og_type":"article","og_title":"Bent Eye Bolt","og_description":"Qingdao H&F, your reliable supplier for over 20 years, offers top-quality bent eye bolts for diverse lifting and rigging applications.","og_url":"https:\/\/qingdaohf.com\/cs\/produkt\/ohnuty-sroub-s-okem\/","og_site_name":"Concrete Form &amp; Rigging Hardware Supplier","article_publisher":"https:\/\/www.facebook.com\/qingdaohf","article_modified_time":"2025-11-13T01:03:38+00:00","og_image":[{"width":1000,"height":1000,"url":"https:\/\/qingdaohf.com\/wp-content\/uploads\/2024\/02\/HF-BENT-EYE-BOLT-1.jpg","type":"image\/jpeg"}],"twitter_card":"summary_large_image","twitter_misc":{"Odhadovan\u00e1 doba \u010dten\u00ed":"4 minuty"},"schema":{"@context":"https:\/\/schema.org","@graph":[{"@type":"WebPage","@id":"https:\/\/qingdaohf.com\/product\/bent-eye-bolt\/","url":"https:\/\/qingdaohf.com\/product\/bent-eye-bolt\/","name":"Bent Eye Bolt","isPartOf":{"@id":"https:\/\/qingdaohf.com\/bg\/#website"},"primaryImageOfPage":{"@id":"https:\/\/qingdaohf.com\/product\/bent-eye-bolt\/#primaryimage"},"image":{"@id":"https:\/\/qingdaohf.com\/product\/bent-eye-bolt\/#primaryimage"},"thumbnailUrl":"https:\/\/qingdaohf.com\/wp-content\/uploads\/2024\/02\/HF-BENT-EYE-BOLT-1.jpg","datePublished":"2024-02-05T01:54:52+00:00","dateModified":"2025-11-13T01:03:38+00:00","description":"Qingdao H&F, your reliable supplier for over 20 years, offers top-quality bent eye bolts for diverse lifting and rigging applications.","breadcrumb":{"@id":"https:\/\/qingdaohf.com\/product\/bent-eye-bolt\/#breadcrumb"},"inLanguage":"cs","potentialAction":[{"@type":"ReadAction","target":["https:\/\/qingdaohf.com\/product\/bent-eye-bolt\/"]}]},{"@type":"ImageObject","inLanguage":"cs","@id":"https:\/\/qingdaohf.com\/product\/bent-eye-bolt\/#primaryimage","url":"https:\/\/qingdaohf.com\/wp-content\/uploads\/2024\/02\/HF-BENT-EYE-BOLT-1.jpg","contentUrl":"https:\/\/qingdaohf.com\/wp-content\/uploads\/2024\/02\/HF-BENT-EYE-BOLT-1.jpg","width":1000,"height":1000,"caption":"H&F BENT EYE BOLT"},{"@type":"BreadcrumbList","@id":"https:\/\/qingdaohf.com\/product\/bent-eye-bolt\/#breadcrumb","itemListElement":[{"@type":"ListItem","position":1,"name":"Home","item":"https:\/\/qingdaohf.com\/"},{"@type":"ListItem","position":2,"name":"Concrete Forming Accessories and Rigging Hardware","item":"https:\/\/qingdaohf.com\/bg\/?page_id=944"},{"@type":"ListItem","position":3,"name":"Bent Eye Bolt"}]},{"@type":"WebSite","@id":"https:\/\/qingdaohf.com\/bg\/#website","url":"https:\/\/qingdaohf.com\/bg\/","name":"Concrete Form & Rigging Hardware Supplier","description":"","publisher":{"@id":"https:\/\/qingdaohf.com\/bg\/#organization"},"potentialAction":[{"@type":"SearchAction","target":{"@type":"EntryPoint","urlTemplate":"https:\/\/qingdaohf.com\/bg\/?s={search_term_string}"},"query-input":{"@type":"PropertyValueSpecification","valueRequired":true,"valueName":"search_term_string"}}],"inLanguage":"cs"},{"@type":"Organization","@id":"https:\/\/qingdaohf.com\/bg\/#organization","name":"Qingdao H&F","url":"https:\/\/qingdaohf.com\/bg\/","logo":{"@type":"ImageObject","inLanguage":"cs","@id":"https:\/\/qingdaohf.com\/bg\/#\/schema\/logo\/image\/","url":"https:\/\/qingdaohf.com\/wp-content\/uploads\/2022\/12\/cropped-HF-LOGO.png","contentUrl":"https:\/\/qingdaohf.com\/wp-content\/uploads\/2022\/12\/cropped-HF-LOGO.png","width":391,"height":249,"caption":"Qingdao H&F"},"image":{"@id":"https:\/\/qingdaohf.com\/bg\/#\/schema\/logo\/image\/"},"sameAs":["https:\/\/www.facebook.com\/qingdaohf"]}]}},"_links":{"self":[{"href":"https:\/\/qingdaohf.com\/cs\/wp-json\/wp\/v2\/product\/6504","targetHints":{"allow":["GET"]}}],"collection":[{"href":"https:\/\/qingdaohf.com\/cs\/wp-json\/wp\/v2\/product"}],"about":[{"href":"https:\/\/qingdaohf.com\/cs\/wp-json\/wp\/v2\/types\/product"}],"replies":[{"embeddable":true,"href":"https:\/\/qingdaohf.com\/cs\/wp-json\/wp\/v2\/comments?post=6504"}],"version-history":[{"count":3,"href":"https:\/\/qingdaohf.com\/cs\/wp-json\/wp\/v2\/product\/6504\/revisions"}],"predecessor-version":[{"id":8947,"href":"https:\/\/qingdaohf.com\/cs\/wp-json\/wp\/v2\/product\/6504\/revisions\/8947"}],"wp:featuredmedia":[{"embeddable":true,"href":"https:\/\/qingdaohf.com\/cs\/wp-json\/wp\/v2\/media\/6506"}],"wp:attachment":[{"href":"https:\/\/qingdaohf.com\/cs\/wp-json\/wp\/v2\/media?parent=6504"}],"wp:term":[{"taxonomy":"product_brand","embeddable":true,"href":"https:\/\/qingdaohf.com\/cs\/wp-json\/wp\/v2\/product_brand?post=6504"},{"taxonomy":"product_cat","embeddable":true,"href":"https:\/\/qingdaohf.com\/cs\/wp-json\/wp\/v2\/product_cat?post=6504"},{"taxonomy":"product_tag","embeddable":true,"href":"https:\/\/qingdaohf.com\/cs\/wp-json\/wp\/v2\/product_tag?post=6504"}],"curies":[{"name":"wp","href":"https:\/\/api.w.org\/{rel}","templated":true}]}}