{"id":6994,"date":"2024-05-08T15:22:02","date_gmt":"2024-05-08T07:22:02","guid":{"rendered":"http:\/\/qingdaohf.com\/?post_type=product&#038;p=6994"},"modified":"2025-11-13T09:03:37","modified_gmt":"2025-11-13T01:03:37","slug":"j-bolts","status":"publish","type":"product","link":"https:\/\/qingdaohf.com\/cs\/produkt\/j-srouby\/","title":{"rendered":"Z\u00e1kladov\u00e9 \u0161rouby J pro beton"},"content":{"rendered":"<h2>\u00davod do kotev se \u0161rouby J<\/h2>\n<p>Kotvy se \u0161rouby J jsou z\u00e1kladn\u00edmi spojovac\u00edmi prvky, kter\u00e9 se ve stavebnictv\u00ed hojn\u011b pou\u017e\u00edvaj\u00ed k upevn\u011bn\u00ed konstruk\u010dn\u00edch prvk\u016f do betonu. Tyto kotvy, zn\u00e1m\u00e9 sv\u00fdm jedine\u010dn\u00fdm tvarem p\u0159ipom\u00ednaj\u00edc\u00edm p\u00edsmeno \"J\", poskytuj\u00ed robustn\u00ed a spolehliv\u00e9 upevn\u011bn\u00ed a zaji\u0161\u0165uj\u00ed stabilitu a bezpe\u010dnost r\u016fzn\u00fdch konstrukc\u00ed. Prim\u00e1rn\u00ed funkc\u00ed kotvy se \u0161roubem J je zapu\u0161t\u011bn\u00ed do betonu, \u010d\u00edm\u017e se vytvo\u0159\u00ed bezpe\u010dn\u00e9 uchycen\u00ed r\u016fzn\u00fdch konstrukc\u00ed, od ocelov\u00fdch nosn\u00edk\u016f a\u017e po t\u011b\u017ek\u00e9 stroje.<\/p>\n<h2>V\u00fdznam kotev se \u0161rouby J ve stavebnictv\u00ed<\/h2>\n<p>Beton je d\u00edky sv\u00e9 pevnosti a trvanlivosti z\u00e1kladn\u00edm materi\u00e1lem ve stavebnictv\u00ed. P\u0159ipevn\u011bn\u00ed konstruk\u010dn\u00edch prvk\u016f k betonu v\u0161ak vy\u017eaduje specializovan\u00e9 spojovac\u00ed prvky, kter\u00e9 jsou schopny zvl\u00e1dnout zna\u010dn\u00e9 zat\u00ed\u017een\u00ed a nam\u00e1h\u00e1n\u00ed. V tom vynikaj\u00ed kotvy se \u0161rouby J. D\u00edky hlubok\u00e9mu zapu\u0161t\u011bn\u00ed do betonu nab\u00edzej\u00ed kotvy se \u0161rouby J v\u00fdjime\u010dnou p\u0159\u00eddr\u017enou s\u00edlu a odolnost proti vytahovac\u00edm sil\u00e1m. D\u00edky tomu jsou nepostradateln\u00e9 v prost\u0159ed\u00ed s vysok\u00fdm nam\u00e1h\u00e1n\u00edm, jako jsou z\u00e1klady budov, mosty a instalace t\u011b\u017ek\u00fdch za\u0159\u00edzen\u00ed.<\/p>\n<p>Dal\u0161\u00ed kl\u00ed\u010dovou v\u00fdhodou je univerz\u00e1lnost kotev se \u0161rouby J. Lze je pou\u017e\u00edt v \u0161irok\u00e9 \u0161k\u00e1le aplikac\u00ed, od kotven\u00ed z\u00e1bradl\u00ed a ochrann\u00fdch z\u00e1bradl\u00ed a\u017e po upevn\u011bn\u00ed t\u011b\u017ek\u00fdch stroj\u016f a konstruk\u010dn\u00edch podp\u011br. Konstrukce ve tvaru p\u00edsmene J zaji\u0161\u0165uje pevn\u00e9 uchycen\u00ed v betonu, zat\u00edmco konec se z\u00e1vitem umo\u017e\u0148uje snadn\u00e9 upevn\u011bn\u00ed r\u016fzn\u00fdch sou\u010d\u00e1st\u00ed. D\u00edky t\u00e9to kombinaci pevnosti a v\u0161estrannosti jsou kotvy se \u0161rouby J obl\u00edbenou volbou in\u017een\u00fdr\u016f a dodavatel\u016f po cel\u00e9m sv\u011bt\u011b.<\/p>\n<h2>Velikosti a materi\u00e1ly<\/h2>\n<p>Kotvy se \u0161rouby J se dod\u00e1vaj\u00ed v r\u016fzn\u00fdch velikostech pro r\u016fzn\u00e9 aplikace. N\u00e1\u0161 sortiment zahrnuje velikosti jako 3\/4\", 5\/8\", 1\/2\", 3\/8\", 1\/4\", 1\/4-20, 5\/16\", 1\" a 8\". Ka\u017ed\u00e1 velikost je navr\u017eena tak, aby spl\u0148ovala specifick\u00e9 po\u017eadavky na zat\u00ed\u017een\u00ed, co\u017e zaru\u010duje, \u017ee pro sv\u016fj projekt najdete ide\u00e1ln\u00ed kotvu. A\u0165 u\u017e pracujete na mal\u00e9 obytn\u00e9 stavb\u011b nebo na velk\u00e9m komer\u010dn\u00edm projektu, existuje kotva se \u0161roubem J, kter\u00e1 vyhovuje va\u0161im pot\u0159eb\u00e1m.<\/p>\n<p>Krom\u011b velikostn\u00edch variant jsou kotvy se \u0161rouby J k dispozici v r\u016fzn\u00fdch materi\u00e1lech. Dva nejb\u011b\u017en\u011bj\u0161\u00ed materi\u00e1ly jsou pozinkovan\u00e1 ocel a nerezov\u00e1 ocel. \u0160rouby J z pozinkovan\u00e9 oceli jsou pota\u017eeny vrstvou zinku, kter\u00e1 zaji\u0161\u0165uje vynikaj\u00edc\u00ed odolnost proti korozi, tak\u017ee jsou vhodn\u00e9 do venkovn\u00edho prost\u0159ed\u00ed a prost\u0159ed\u00ed s vysokou vlhkost\u00ed. Nerezov\u00e9 J-\u0161rouby zase nab\u00edzej\u00ed vynikaj\u00edc\u00ed pevnost a odolnost proti korozi a korozi, tak\u017ee jsou ide\u00e1ln\u00ed pro aplikace, kde je d\u016fle\u017eit\u00e1 dlouh\u00e1 \u017eivotnost a odolnost. V\u00fdb\u011br materi\u00e1lu z\u00e1vis\u00ed na konkr\u00e9tn\u00edch po\u017eadavc\u00edch va\u0161eho projektu, ale ob\u011b mo\u017enosti zaji\u0161\u0165uj\u00ed spolehliv\u00fd v\u00fdkon a dlouhodobou \u017eivotnost.<\/p>\n<h2>Pou\u017eit\u00ed kotev se \u0161rouby J<\/h2>\n<p>Jedn\u00edm z nejb\u011b\u017en\u011bj\u0161\u00edch pou\u017eit\u00ed kotev se \u0161rouby J je upevn\u011bn\u00ed ocelov\u00fdch sloup\u016f a nosn\u00edk\u016f do betonov\u00fdch z\u00e1klad\u016f. P\u0159i tomto pou\u017eit\u00ed se J-\u0161roub zapust\u00ed do betonu je\u0161t\u011b p\u0159ed jeho vytvrzen\u00edm, \u010d\u00edm\u017e se vytvo\u0159\u00ed bezpe\u010dn\u00fd kotevn\u00ed bod pro konstruk\u010dn\u00ed ocel. Tato metoda m\u00e1 z\u00e1sadn\u00ed v\u00fdznam pro zaji\u0161t\u011bn\u00ed stability a bezpe\u010dnosti budovy, proto\u017ee zabra\u0148uje jak\u00e9mukoli pohybu nebo posunu konstruk\u010dn\u00edch prvk\u016f.<\/p>\n<p>Kotvy se \u0161rouby J se tak\u00e9 hojn\u011b pou\u017e\u00edvaj\u00ed v pr\u016fmyslov\u00e9m prost\u0159ed\u00ed pro mont\u00e1\u017e t\u011b\u017ek\u00fdch stroj\u016f a za\u0159\u00edzen\u00ed. Robustn\u00ed konstrukce J-\u0161roubu umo\u017e\u0148uje odolat zna\u010dn\u00e9mu zat\u00ed\u017een\u00ed a vibrac\u00edm a zaji\u0161\u0165uje, \u017ee strojn\u00ed za\u0159\u00edzen\u00ed z\u016fstane bezpe\u010dn\u011b na sv\u00e9m m\u00edst\u011b. To je d\u016fle\u017eit\u00e9 zejm\u00e9na v pr\u016fmyslov\u00fdch odv\u011btv\u00edch, jako je v\u00fdroba a t\u011b\u017eba, kde je t\u011b\u017ek\u00e9 vybaven\u00ed vystaveno neust\u00e1l\u00e9mu pou\u017e\u00edv\u00e1n\u00ed a nam\u00e1h\u00e1n\u00ed.<\/p>\n<p>Krom\u011b pou\u017eit\u00ed ve stavebnictv\u00ed a pr\u016fmyslu se kotvy se \u0161rouby J pou\u017e\u00edvaj\u00ed i v r\u016fzn\u00fdch dal\u0161\u00edch oblastech. Pou\u017e\u00edvaj\u00ed se nap\u0159\u00edklad p\u0159i instalaci zna\u010den\u00ed, sloup\u016f ve\u0159ejn\u00e9ho osv\u011btlen\u00ed a oplocen\u00ed. D\u00edky sv\u00e9 univerz\u00e1lnosti a pevnosti jsou kotvy se \u0161rouby J vhodn\u00e9 pro \u0161irokou \u0161k\u00e1lu aplikac\u00ed a poskytuj\u00ed spolehliv\u00fd v\u00fdkon v ka\u017ed\u00e9 situaci.<\/p>\n<h2>Tipy pro instalaci a osv\u011bd\u010den\u00e9 postupy<\/h2>\n<p>Spr\u00e1vn\u00e1 instalace kotev se \u0161rouby J je z\u00e1sadn\u00ed pro zaji\u0161t\u011bn\u00ed jejich \u00fa\u010dinnosti a dlouh\u00e9 \u017eivotnosti. Zde je n\u011bkolik osv\u011bd\u010den\u00fdch postup\u016f, kter\u00e9 je t\u0159eba p\u0159i instalaci dodr\u017eovat:<\/p>\n<ol>\n<li><strong>Spr\u00e1vn\u00e9 um\u00edst\u011bn\u00ed<\/strong>: P\u0159ed betonov\u00e1n\u00edm se ujist\u011bte, \u017ee je J-\u0161roub spr\u00e1vn\u011b um\u00edst\u011bn v bedn\u011bn\u00ed. Konec se z\u00e1vitem by m\u011bl b\u00fdt odkryt\u00fd a spr\u00e1vn\u011b zarovnan\u00fd, aby se usnadnilo upevn\u011bn\u00ed konstruk\u010dn\u00edho prvku.<\/li>\n<li><strong>Dostate\u010dn\u00e1 hloubka<\/strong>: \u0160roub J by m\u011bl b\u00fdt zapu\u0161t\u011bn do vhodn\u00e9 hloubky, aby byla zaji\u0161t\u011bna maxim\u00e1ln\u00ed p\u0159\u00eddr\u017en\u00e1 s\u00edla. Obvykle se jedn\u00e1 o dostate\u010dn\u011b hlubok\u00e9 zasunut\u00ed J-\u0161roubu do betonu, aby byla zaji\u0161t\u011bna pevn\u00e1 p\u0159ilnavost.<\/li>\n<li><strong>Kvalita betonu<\/strong>: Pou\u017eijte vysoce kvalitn\u00ed beton s vhodn\u00fdm slo\u017een\u00edm sm\u011bsi pro v\u00e1\u0161 projekt. Pevnost betonu p\u0159\u00edmo ovliv\u0148uje p\u0159\u00eddr\u017enou s\u00edlu kotvy se \u0161roubem J.<\/li>\n<li><strong>Doba vytvrzov\u00e1n\u00ed<\/strong>: P\u0159ed zat\u00ed\u017een\u00edm kotvy se \u0161roubem J ponechte betonu dostate\u010dnou dobu na vytvrzen\u00ed. T\u00edm se zajist\u00ed, \u017ee beton dos\u00e1hne pln\u00e9 pevnosti a m\u016f\u017ee poskytnout pot\u0159ebnou oporu.<\/li>\n<li><strong>Pravideln\u00e1 kontrola<\/strong>: Pravideln\u011b kontrolujte, zda kotvy se \u0161rouby J nevykazuj\u00ed zn\u00e1mky opot\u0159eben\u00ed nebo po\u0161kozen\u00ed. To je d\u016fle\u017eit\u00e9 zejm\u00e9na v prost\u0159ed\u00ed s vysok\u00fdm zat\u00ed\u017een\u00edm, kde jsou kotvy vystaveny neust\u00e1l\u00e9mu zat\u00ed\u017een\u00ed a vibrac\u00edm.<\/li>\n<\/ol>\n<h2>Z\u00e1v\u011br<\/h2>\n<p>Kotvy se \u0161rouby J hraj\u00ed ve stavebnictv\u00ed d\u016fle\u017eitou roli a p\u0159edstavuj\u00ed spolehliv\u00fd zp\u016fsob upevn\u011bn\u00ed konstruk\u010dn\u00edch prvk\u016f do betonu. D\u00edky sv\u00e9mu jedine\u010dn\u00e9mu designu a robustn\u00ed konstrukci jsou vhodn\u00e9 pro \u0161irokou \u0161k\u00e1lu aplikac\u00ed, od z\u00e1klad\u016f budov a\u017e po instalace pr\u016fmyslov\u00fdch stroj\u016f. V\u00fdb\u011brem spr\u00e1vn\u00e9 velikosti a materi\u00e1lu pro v\u00e1\u0161 projekt m\u016f\u017eete zajistit, \u017ee va\u0161e kotvy se \u0161rouby J budou m\u00edt pevnost a odolnost pot\u0159ebnou pro dlouhodobou funk\u010dnost. Spr\u00e1vn\u00e1 instalace a \u00fadr\u017eba d\u00e1le zvy\u0161uj\u00ed \u00fa\u010dinnost t\u011bchto kotev a \u010din\u00ed z nich nepostradatelnou sou\u010d\u00e1st ka\u017ed\u00e9ho stavebn\u00edho projektu. A\u0165 u\u017e pracujete na mal\u00e9m reziden\u010dn\u00edm projektu nebo na velk\u00e9 komer\u010dn\u00ed stavb\u011b, kotvy se \u0161rouby J nab\u00edzej\u00ed spolehlivost a v\u0161estrannost, kter\u00e9 pot\u0159ebujete k dosa\u017een\u00ed \u00fasp\u011bchu.<\/p>","protected":false},"excerpt":{"rendered":"<p>Na\u0161e kotvy se \u0161rouby J, ur\u010den\u00e9 pro pou\u017eit\u00ed v betonu, se dod\u00e1vaj\u00ed v r\u016fzn\u00fdch velikostech, v\u010detn\u011b 3\/4\", 5\/8\", 1\/2\", 3\/8\", 1\/4\", 1\/4-20, 5\/16\", 1\" a 8\". Tyto kotvy jsou k dispozici v pozinkovan\u00e9 a nerezov\u00e9 oceli a poskytuj\u00ed vynikaj\u00edc\u00ed pevnost a odolnost pro v\u0161echny va\u0161e stavebn\u00ed pot\u0159eby.<\/p>","protected":false},"featured_media":7509,"comment_status":"open","ping_status":"closed","template":"","meta":{"site-sidebar-layout":"default","site-content-layout":"","ast-site-content-layout":"default","site-content-style":"default","site-sidebar-style":"default","ast-global-header-display":"","ast-banner-title-visibility":"","ast-main-header-display":"","ast-hfb-above-header-display":"","ast-hfb-below-header-display":"","ast-hfb-mobile-header-display":"","site-post-title":"","ast-breadcrumbs-content":"","ast-featured-img":"","footer-sml-layout":"","theme-transparent-header-meta":"default","adv-header-id-meta":"","stick-header-meta":"default","header-above-stick-meta":"","header-main-stick-meta":"","header-below-stick-meta":"","astra-migrate-meta-layouts":"set","ast-page-background-enabled":"default","ast-page-background-meta":{"desktop":{"background-color":"","background-image":"","background-repeat":"repeat","background-position":"center center","background-size":"auto","background-attachment":"scroll","background-type":"","background-media":"","overlay-type":"","overlay-color":"","overlay-opacity":"","overlay-gradient":""},"tablet":{"background-color":"","background-image":"","background-repeat":"repeat","background-position":"center center","background-size":"auto","background-attachment":"scroll","background-type":"","background-media":"","overlay-type":"","overlay-color":"","overlay-opacity":"","overlay-gradient":""},"mobile":{"background-color":"","background-image":"","background-repeat":"repeat","background-position":"center center","background-size":"auto","background-attachment":"scroll","background-type":"","background-media":"","overlay-type":"","overlay-color":"","overlay-opacity":"","overlay-gradient":""}},"ast-content-background-meta":{"desktop":{"background-color":"var(--ast-global-color-5)","background-image":"","background-repeat":"repeat","background-position":"center center","background-size":"auto","background-attachment":"scroll","background-type":"","background-media":"","overlay-type":"","overlay-color":"","overlay-opacity":"","overlay-gradient":""},"tablet":{"background-color":"var(--ast-global-color-5)","background-image":"","background-repeat":"repeat","background-position":"center center","background-size":"auto","background-attachment":"scroll","background-type":"","background-media":"","overlay-type":"","overlay-color":"","overlay-opacity":"","overlay-gradient":""},"mobile":{"background-color":"var(--ast-global-color-5)","background-image":"","background-repeat":"repeat","background-position":"center center","background-size":"auto","background-attachment":"scroll","background-type":"","background-media":"","overlay-type":"","overlay-color":"","overlay-opacity":"","overlay-gradient":""}}},"product_brand":[],"product_cat":[28],"product_tag":[],"class_list":{"0":"post-6994","1":"product","2":"type-product","3":"status-publish","4":"has-post-thumbnail","6":"product_cat-concrete-forming","7":"desktop-align-left","8":"tablet-align-left","9":"mobile-align-left","10":"ast-product-gallery-layout-horizontal-slider","11":"ast-product-tabs-layout-horizontal","13":"first","14":"instock","15":"featured","16":"shipping-taxable","17":"purchasable","18":"product-type-simple"},"yoast_head":"<!-- This site is optimized with the Yoast SEO plugin v25.2 - https:\/\/yoast.com\/wordpress\/plugins\/seo\/ -->\n<title>Foundation Bolt J Bolts for Concrete<\/title>\n<meta name=\"description\" content=\"H&amp;F J bolt anchors, designed for concrete applications, come in various sizes including 3\/4&quot;, 5\/8&quot;, 1\/2&quot;, 3\/8&quot;, 1\/4&quot;, 1\/4-20, 5\/16&quot;, 1&quot;, and 8&quot;.\" \/>\n<meta name=\"robots\" content=\"index, follow, max-snippet:-1, max-image-preview:large, max-video-preview:-1\" \/>\n<link rel=\"canonical\" href=\"https:\/\/qingdaohf.com\/cs\/produkt\/j-srouby\/\" \/>\n<meta property=\"og:locale\" content=\"cs_CZ\" \/>\n<meta property=\"og:type\" content=\"article\" \/>\n<meta property=\"og:title\" content=\"Foundation Bolt J Bolts for Concrete\" \/>\n<meta property=\"og:description\" content=\"H&amp;F J bolt anchors, designed for concrete applications, come in various sizes including 3\/4&quot;, 5\/8&quot;, 1\/2&quot;, 3\/8&quot;, 1\/4&quot;, 1\/4-20, 5\/16&quot;, 1&quot;, and 8&quot;.\" \/>\n<meta property=\"og:url\" content=\"https:\/\/qingdaohf.com\/cs\/produkt\/j-srouby\/\" \/>\n<meta property=\"og:site_name\" content=\"Concrete Form &amp; Rigging Hardware Supplier\" \/>\n<meta property=\"article:publisher\" content=\"https:\/\/www.facebook.com\/qingdaohf\" \/>\n<meta property=\"article:modified_time\" content=\"2025-11-13T01:03:37+00:00\" \/>\n<meta property=\"og:image\" content=\"https:\/\/qingdaohf.com\/wp-content\/uploads\/2024\/05\/J-BOLT-for-concrete-1-1.jpg\" \/>\n\t<meta property=\"og:image:width\" content=\"1000\" \/>\n\t<meta property=\"og:image:height\" content=\"1000\" \/>\n\t<meta property=\"og:image:type\" content=\"image\/jpeg\" \/>\n<meta name=\"twitter:card\" content=\"summary_large_image\" \/>\n<meta name=\"twitter:label1\" content=\"Odhadovan\u00e1 doba \u010dten\u00ed\" \/>\n\t<meta name=\"twitter:data1\" content=\"5 minut\" \/>\n<script type=\"application\/ld+json\" class=\"yoast-schema-graph\">{\"@context\":\"https:\/\/schema.org\",\"@graph\":[{\"@type\":\"WebPage\",\"@id\":\"https:\/\/qingdaohf.com\/product\/j-bolts\/\",\"url\":\"https:\/\/qingdaohf.com\/product\/j-bolts\/\",\"name\":\"Foundation Bolt J Bolts for Concrete\",\"isPartOf\":{\"@id\":\"https:\/\/qingdaohf.com\/bg\/#website\"},\"primaryImageOfPage\":{\"@id\":\"https:\/\/qingdaohf.com\/product\/j-bolts\/#primaryimage\"},\"image\":{\"@id\":\"https:\/\/qingdaohf.com\/product\/j-bolts\/#primaryimage\"},\"thumbnailUrl\":\"https:\/\/qingdaohf.com\/wp-content\/uploads\/2024\/05\/J-BOLT-for-concrete-1-1.jpg\",\"datePublished\":\"2024-05-08T07:22:02+00:00\",\"dateModified\":\"2025-11-13T01:03:37+00:00\",\"description\":\"H&F J bolt anchors, designed for concrete applications, come in various sizes including 3\/4\\\", 5\/8\\\", 1\/2\\\", 3\/8\\\", 1\/4\\\", 1\/4-20, 5\/16\\\", 1\\\", and 8\\\".\",\"breadcrumb\":{\"@id\":\"https:\/\/qingdaohf.com\/product\/j-bolts\/#breadcrumb\"},\"inLanguage\":\"cs\",\"potentialAction\":[{\"@type\":\"ReadAction\",\"target\":[\"https:\/\/qingdaohf.com\/product\/j-bolts\/\"]}]},{\"@type\":\"ImageObject\",\"inLanguage\":\"cs\",\"@id\":\"https:\/\/qingdaohf.com\/product\/j-bolts\/#primaryimage\",\"url\":\"https:\/\/qingdaohf.com\/wp-content\/uploads\/2024\/05\/J-BOLT-for-concrete-1-1.jpg\",\"contentUrl\":\"https:\/\/qingdaohf.com\/wp-content\/uploads\/2024\/05\/J-BOLT-for-concrete-1-1.jpg\",\"width\":1000,\"height\":1000,\"caption\":\"J-BOLT-for-concrete\"},{\"@type\":\"BreadcrumbList\",\"@id\":\"https:\/\/qingdaohf.com\/product\/j-bolts\/#breadcrumb\",\"itemListElement\":[{\"@type\":\"ListItem\",\"position\":1,\"name\":\"Home\",\"item\":\"https:\/\/qingdaohf.com\/\"},{\"@type\":\"ListItem\",\"position\":2,\"name\":\"Concrete Forming Accessories and Rigging Hardware\",\"item\":\"https:\/\/qingdaohf.com\/bg\/?page_id=944\"},{\"@type\":\"ListItem\",\"position\":3,\"name\":\"Foundation Bolt J Bolts for Concrete\"}]},{\"@type\":\"WebSite\",\"@id\":\"https:\/\/qingdaohf.com\/bg\/#website\",\"url\":\"https:\/\/qingdaohf.com\/bg\/\",\"name\":\"Concrete Form & Rigging Hardware Supplier\",\"description\":\"\",\"publisher\":{\"@id\":\"https:\/\/qingdaohf.com\/bg\/#organization\"},\"potentialAction\":[{\"@type\":\"SearchAction\",\"target\":{\"@type\":\"EntryPoint\",\"urlTemplate\":\"https:\/\/qingdaohf.com\/bg\/?s={search_term_string}\"},\"query-input\":{\"@type\":\"PropertyValueSpecification\",\"valueRequired\":true,\"valueName\":\"search_term_string\"}}],\"inLanguage\":\"cs\"},{\"@type\":\"Organization\",\"@id\":\"https:\/\/qingdaohf.com\/bg\/#organization\",\"name\":\"Qingdao H&F\",\"url\":\"https:\/\/qingdaohf.com\/bg\/\",\"logo\":{\"@type\":\"ImageObject\",\"inLanguage\":\"cs\",\"@id\":\"https:\/\/qingdaohf.com\/bg\/#\/schema\/logo\/image\/\",\"url\":\"https:\/\/qingdaohf.com\/wp-content\/uploads\/2022\/12\/cropped-HF-LOGO.png\",\"contentUrl\":\"https:\/\/qingdaohf.com\/wp-content\/uploads\/2022\/12\/cropped-HF-LOGO.png\",\"width\":391,\"height\":249,\"caption\":\"Qingdao H&F\"},\"image\":{\"@id\":\"https:\/\/qingdaohf.com\/bg\/#\/schema\/logo\/image\/\"},\"sameAs\":[\"https:\/\/www.facebook.com\/qingdaohf\"]}]}<\/script>\n<!-- \/ Yoast SEO plugin. -->","yoast_head_json":{"title":"Foundation Bolt J Bolts for Concrete","description":"H&F J bolt anchors, designed for concrete applications, come in various sizes including 3\/4\", 5\/8\", 1\/2\", 3\/8\", 1\/4\", 1\/4-20, 5\/16\", 1\", and 8\".","robots":{"index":"index","follow":"follow","max-snippet":"max-snippet:-1","max-image-preview":"max-image-preview:large","max-video-preview":"max-video-preview:-1"},"canonical":"https:\/\/qingdaohf.com\/cs\/produkt\/j-srouby\/","og_locale":"cs_CZ","og_type":"article","og_title":"Foundation Bolt J Bolts for Concrete","og_description":"H&F J bolt anchors, designed for concrete applications, come in various sizes including 3\/4\", 5\/8\", 1\/2\", 3\/8\", 1\/4\", 1\/4-20, 5\/16\", 1\", and 8\".","og_url":"https:\/\/qingdaohf.com\/cs\/produkt\/j-srouby\/","og_site_name":"Concrete Form &amp; Rigging Hardware Supplier","article_publisher":"https:\/\/www.facebook.com\/qingdaohf","article_modified_time":"2025-11-13T01:03:37+00:00","og_image":[{"width":1000,"height":1000,"url":"https:\/\/qingdaohf.com\/wp-content\/uploads\/2024\/05\/J-BOLT-for-concrete-1-1.jpg","type":"image\/jpeg"}],"twitter_card":"summary_large_image","twitter_misc":{"Odhadovan\u00e1 doba \u010dten\u00ed":"5 minut"},"schema":{"@context":"https:\/\/schema.org","@graph":[{"@type":"WebPage","@id":"https:\/\/qingdaohf.com\/product\/j-bolts\/","url":"https:\/\/qingdaohf.com\/product\/j-bolts\/","name":"Foundation Bolt J Bolts for Concrete","isPartOf":{"@id":"https:\/\/qingdaohf.com\/bg\/#website"},"primaryImageOfPage":{"@id":"https:\/\/qingdaohf.com\/product\/j-bolts\/#primaryimage"},"image":{"@id":"https:\/\/qingdaohf.com\/product\/j-bolts\/#primaryimage"},"thumbnailUrl":"https:\/\/qingdaohf.com\/wp-content\/uploads\/2024\/05\/J-BOLT-for-concrete-1-1.jpg","datePublished":"2024-05-08T07:22:02+00:00","dateModified":"2025-11-13T01:03:37+00:00","description":"H&F J bolt anchors, designed for concrete applications, come in various sizes including 3\/4\", 5\/8\", 1\/2\", 3\/8\", 1\/4\", 1\/4-20, 5\/16\", 1\", and 8\".","breadcrumb":{"@id":"https:\/\/qingdaohf.com\/product\/j-bolts\/#breadcrumb"},"inLanguage":"cs","potentialAction":[{"@type":"ReadAction","target":["https:\/\/qingdaohf.com\/product\/j-bolts\/"]}]},{"@type":"ImageObject","inLanguage":"cs","@id":"https:\/\/qingdaohf.com\/product\/j-bolts\/#primaryimage","url":"https:\/\/qingdaohf.com\/wp-content\/uploads\/2024\/05\/J-BOLT-for-concrete-1-1.jpg","contentUrl":"https:\/\/qingdaohf.com\/wp-content\/uploads\/2024\/05\/J-BOLT-for-concrete-1-1.jpg","width":1000,"height":1000,"caption":"J-BOLT-for-concrete"},{"@type":"BreadcrumbList","@id":"https:\/\/qingdaohf.com\/product\/j-bolts\/#breadcrumb","itemListElement":[{"@type":"ListItem","position":1,"name":"Home","item":"https:\/\/qingdaohf.com\/"},{"@type":"ListItem","position":2,"name":"Concrete Forming Accessories and Rigging Hardware","item":"https:\/\/qingdaohf.com\/bg\/?page_id=944"},{"@type":"ListItem","position":3,"name":"Foundation Bolt J Bolts for Concrete"}]},{"@type":"WebSite","@id":"https:\/\/qingdaohf.com\/bg\/#website","url":"https:\/\/qingdaohf.com\/bg\/","name":"Concrete Form & Rigging Hardware Supplier","description":"","publisher":{"@id":"https:\/\/qingdaohf.com\/bg\/#organization"},"potentialAction":[{"@type":"SearchAction","target":{"@type":"EntryPoint","urlTemplate":"https:\/\/qingdaohf.com\/bg\/?s={search_term_string}"},"query-input":{"@type":"PropertyValueSpecification","valueRequired":true,"valueName":"search_term_string"}}],"inLanguage":"cs"},{"@type":"Organization","@id":"https:\/\/qingdaohf.com\/bg\/#organization","name":"Qingdao H&F","url":"https:\/\/qingdaohf.com\/bg\/","logo":{"@type":"ImageObject","inLanguage":"cs","@id":"https:\/\/qingdaohf.com\/bg\/#\/schema\/logo\/image\/","url":"https:\/\/qingdaohf.com\/wp-content\/uploads\/2022\/12\/cropped-HF-LOGO.png","contentUrl":"https:\/\/qingdaohf.com\/wp-content\/uploads\/2022\/12\/cropped-HF-LOGO.png","width":391,"height":249,"caption":"Qingdao H&F"},"image":{"@id":"https:\/\/qingdaohf.com\/bg\/#\/schema\/logo\/image\/"},"sameAs":["https:\/\/www.facebook.com\/qingdaohf"]}]}},"_links":{"self":[{"href":"https:\/\/qingdaohf.com\/cs\/wp-json\/wp\/v2\/product\/6994","targetHints":{"allow":["GET"]}}],"collection":[{"href":"https:\/\/qingdaohf.com\/cs\/wp-json\/wp\/v2\/product"}],"about":[{"href":"https:\/\/qingdaohf.com\/cs\/wp-json\/wp\/v2\/types\/product"}],"replies":[{"embeddable":true,"href":"https:\/\/qingdaohf.com\/cs\/wp-json\/wp\/v2\/comments?post=6994"}],"version-history":[{"count":8,"href":"https:\/\/qingdaohf.com\/cs\/wp-json\/wp\/v2\/product\/6994\/revisions"}],"predecessor-version":[{"id":7639,"href":"https:\/\/qingdaohf.com\/cs\/wp-json\/wp\/v2\/product\/6994\/revisions\/7639"}],"wp:featuredmedia":[{"embeddable":true,"href":"https:\/\/qingdaohf.com\/cs\/wp-json\/wp\/v2\/media\/7509"}],"wp:attachment":[{"href":"https:\/\/qingdaohf.com\/cs\/wp-json\/wp\/v2\/media?parent=6994"}],"wp:term":[{"taxonomy":"product_brand","embeddable":true,"href":"https:\/\/qingdaohf.com\/cs\/wp-json\/wp\/v2\/product_brand?post=6994"},{"taxonomy":"product_cat","embeddable":true,"href":"https:\/\/qingdaohf.com\/cs\/wp-json\/wp\/v2\/product_cat?post=6994"},{"taxonomy":"product_tag","embeddable":true,"href":"https:\/\/qingdaohf.com\/cs\/wp-json\/wp\/v2\/product_tag?post=6994"}],"curies":[{"name":"wp","href":"https:\/\/api.w.org\/{rel}","templated":true}]}}