{"id":7163,"date":"2024-05-20T13:42:36","date_gmt":"2024-05-20T05:42:36","guid":{"rendered":"http:\/\/qingdaohf.com\/?post_type=product&#038;p=7163"},"modified":"2025-11-13T09:03:16","modified_gmt":"2025-11-13T01:03:16","slug":"aluminum-form-wall-ties","status":"publish","type":"product","link":"https:\/\/qingdaohf.com\/cs\/produkt\/hlinikove-stenove-vazby\/","title":{"rendered":"Hlin\u00edkov\u00e9 st\u011bnov\u00e9 vazby"},"content":{"rendered":"<p>Hlin\u00edkov\u00e9 bednic\u00ed p\u00e1sky hraj\u00ed p\u0159i stavb\u011b betonov\u00e9ho bedn\u011bn\u00ed z\u00e1sadn\u00ed roli, zejm\u00e9na pokud je d\u016fle\u017eit\u00e1 p\u0159esnost a trvanlivost. Tyto vazby dr\u017e\u00ed bedn\u011bn\u00ed na m\u00edst\u011b b\u011bhem procesu beton\u00e1\u017ee a zaji\u0161\u0165uj\u00ed, \u017ee bedn\u011bn\u00ed si zachov\u00e1 sv\u016fj zam\u00fd\u0161len\u00fd tvar a zarovn\u00e1n\u00ed. D\u00edky tomu pom\u00e1haj\u00ed zaru\u010dit struktur\u00e1ln\u00ed integritu a jednotnost betonov\u00fdch st\u011bn a sloup\u016f. Tvarovky se mohou li\u0161it materi\u00e1lem, ale hlin\u00edk vynik\u00e1 kombinac\u00ed pevnosti, n\u00edzk\u00e9 hmotnosti a odolnosti proti korozi. Ve spole\u010dnosti Qingdao H&amp;F poskytujeme vysoce kvalitn\u00ed hlin\u00edkov\u00e9 bednic\u00ed p\u00e1sky p\u0159izp\u016fsoben\u00e9 pot\u0159eb\u00e1m stavebn\u00edho pr\u016fmyslu, kter\u00e9 zajist\u00ed, \u017ee va\u0161e projekty budou dokon\u010deny efektivn\u011b a bezpe\u010dn\u011b.<\/p>\n<h3><strong>Pro\u010d hlin\u00edk pro tvarov\u00e9 vazby?<\/strong><\/h3>\n<p>Pou\u017eit\u00ed hlin\u00edku v tvarov\u00fdch vazb\u00e1ch prudce vzrostlo d\u00edky jeho jedine\u010dn\u00fdm vlastnostem, kter\u00e9 ho p\u0159edur\u010duj\u00ed pro n\u00e1ro\u010dn\u00e9 stavebn\u00ed prost\u0159ed\u00ed. Hlin\u00edk je lehk\u00fd a z\u00e1rove\u0148 pevn\u00fd, tak\u017ee se s n\u00edm na stavb\u011b snadno manipuluje, ani\u017e by to bylo na \u00fakor jeho v\u00fdkonu. To je v\u00fdhodn\u00e9 zejm\u00e9na v p\u0159\u00edpadech, kdy je zapot\u0159eb\u00ed velk\u00fdch objem\u016f vazeb nebo kdy pracovn\u00edci mus\u00ed zvl\u00e1dnout velk\u00e9 pracovn\u00ed zat\u00ed\u017een\u00ed. Na rozd\u00edl od jin\u00fdch materi\u00e1l\u016f, jako je ocel, sni\u017euje lehkost hlin\u00edku nam\u00e1h\u00e1n\u00ed p\u0159i manipulaci a instalaci.<\/p>\n<p>Dal\u0161\u00ed v\u00fdznamnou v\u00fdhodou je odolnost proti korozi. Tvarovky jsou vystaveny p\u016fsoben\u00ed vlhkosti a r\u016fzn\u00fdch chemik\u00e1li\u00ed v betonov\u00e9 sm\u011bsi. Hlin\u00edk p\u0159irozen\u011b odol\u00e1v\u00e1 korozi a dal\u0161\u00edm form\u00e1m koroze, co\u017e prodlu\u017euje \u017eivotnost bednic\u00edch vazeb a sni\u017euje pot\u0159ebu jejich \u010dast\u00e9 v\u00fdm\u011bny. Tato trvanlivost znamen\u00e1 pro firmy dlouhodob\u00e9 \u00faspory n\u00e1klad\u016f, zejm\u00e9na u rozs\u00e1hl\u00fdch projekt\u016f, kde je z\u00e1sadn\u00ed minimalizovat prostoje a \u00fadr\u017ebu.<\/p>\n<h3><strong>Efektivita a hospod\u00e1rnost ve stavebnictv\u00ed<\/strong><\/h3>\n<p>Efektivita je z\u00e1kladn\u00edm kamenem \u00fasp\u011b\u0161n\u00fdch stavebn\u00edch projekt\u016f a bednic\u00ed p\u00e1sky k tomuto c\u00edli p\u0159isp\u00edvaj\u00ed t\u00edm, \u017ee zaji\u0161\u0165uj\u00ed, aby bedn\u011bn\u00ed z\u016fstalo na sv\u00e9m m\u00edst\u011b a zabr\u00e1nilo se tak n\u00e1kladn\u00fdm chyb\u00e1m. \u0160patn\u011b vyrovnan\u00e9 nebo slab\u011b dr\u017e\u00edc\u00ed bedn\u011bn\u00ed m\u016f\u017ee v\u00e9st ke struktur\u00e1ln\u00edm probl\u00e9m\u016fm v betonu, co\u017e m\u00e1 za n\u00e1sledek zpo\u017ed\u011bn\u00ed, pl\u00fdtv\u00e1n\u00ed materi\u00e1lem a potenci\u00e1ln\u011b nebezpe\u010dn\u00e9 v\u00fdsledky. Hlin\u00edkov\u00e9 bednic\u00ed p\u00e1sky nejen zaji\u0161\u0165uj\u00ed bezpe\u010dn\u00e9 bedn\u011bn\u00ed, ale tak\u00e9 zjednodu\u0161uj\u00ed proces mont\u00e1\u017ee a demont\u00e1\u017ee.<\/p>\n<p>Proto\u017ee jsou hlin\u00edkov\u00e9 tvarov\u00e9 vazby opakovan\u011b pou\u017eiteln\u00e9, p\u0159in\u00e1\u0161ej\u00ed v pr\u016fb\u011bhu \u010dasu zna\u010dn\u00e9 \u00faspory n\u00e1klad\u016f. Dodavatel\u00e9 \u010dasto \u0159e\u0161\u00ed dilema, jak vyv\u00e1\u017eit kr\u00e1tkodob\u00e9 n\u00e1klady a dlouhodob\u00e9 p\u0159\u00ednosy, a investice do odoln\u00fdch, opakovan\u011b pou\u017eiteln\u00fdch bednic\u00edch p\u00e1s\u016f m\u016f\u017ee sn\u00ed\u017eit pot\u0159ebu \u010dast\u00fdch v\u00fdm\u011bn a sn\u00ed\u017eit celkov\u00e9 n\u00e1klady na projekt. Krom\u011b toho, proto\u017ee hlin\u00edkov\u00e9 vazby jsou leh\u010d\u00ed a snadn\u011bji se p\u0159epravuj\u00ed, sni\u017euj\u00ed logistick\u00e9 n\u00e1klady a zefektiv\u0148uj\u00ed provoz na staveni\u0161ti.<\/p>\n<div class=\"ast-oembed-container\" style=\"height: 100%;\"><iframe title=\"P\u0159\u00edslu\u0161enstv\u00ed pro tv\u00e1\u0159en\u00ed betonu Zak\u0159iven\u00fd kl\u00edn a rovn\u00fd kl\u00edn\" width=\"500\" height=\"281\" src=\"https:\/\/www.youtube.com\/embed\/_He4pUDjl1U?feature=oembed\" frameborder=\"0\" allow=\"accelerometer; autoplay; clipboard-write; encrypted-media; gyroscope; picture-in-picture; web-share\" referrerpolicy=\"strict-origin-when-cross-origin\" allowfullscreen><\/iframe><\/div>\n<h3><strong>Udr\u017eitelnost a dopad na \u017eivotn\u00ed prost\u0159ed\u00ed<\/strong><\/h3>\n<p>V modern\u00edm stavebnictv\u00ed je udr\u017eitelnost st\u00e1le d\u016fle\u017eit\u011bj\u0161\u00ed a hlin\u00edkov\u00e9 tvarov\u00e9 vazby jsou v souladu s ekologick\u00fdmi postupy. Hlin\u00edk je vysoce recyklovateln\u00fd a mnoho hlin\u00edkov\u00fdch v\u00fdrobk\u016f se vyr\u00e1b\u00ed z recyklovan\u00fdch materi\u00e1l\u016f. T\u00edm se sni\u017euje popt\u00e1vka po nov\u00fdch surovin\u00e1ch a minimalizuje dopad na \u017eivotn\u00ed prost\u0159ed\u00ed. Na konci sv\u00e9ho \u017eivotn\u00edho cyklu mohou b\u00fdt hlin\u00edkov\u00e9 bednic\u00ed p\u00e1sky roztaveny a znovu pou\u017eity, ani\u017e by ztratily sv\u00e9 p\u0159irozen\u00e9 vlastnosti, co\u017e z nich \u010din\u00ed udr\u017eitelnou volbu pro stavebn\u00ed profesion\u00e1ly zam\u011b\u0159en\u00e9 na sni\u017eov\u00e1n\u00ed uhl\u00edkov\u00e9 stopy.<\/p>\n<p>Pou\u017eit\u00ed odoln\u00fdch a opakovan\u011b pou\u017eiteln\u00fdch materi\u00e1l\u016f, jako je hlin\u00edk, nav\u00edc sni\u017euje mno\u017estv\u00ed odpadu vznikaj\u00edc\u00edho na m\u00edst\u011b. Zhotovitel\u00e9 mohou hlin\u00edkov\u00e9 tvarov\u00e9 vazby opakovan\u011b pou\u017e\u00edvat v r\u00e1mci v\u00edce projekt\u016f, co\u017e v\u00fdrazn\u011b sni\u017euje mno\u017estv\u00ed vy\u0159azen\u00fdch materi\u00e1l\u016f, kter\u00e9 by jinak skon\u010dily na skl\u00e1dk\u00e1ch. To pom\u00e1h\u00e1 stavebn\u00edm spole\u010dnostem p\u0159izp\u016fsobit se glob\u00e1ln\u00edm c\u00edl\u016fm udr\u017eitelnosti a oslovit klienty, kte\u0159\u00ed up\u0159ednost\u0148uj\u00ed ekologicky odpov\u011bdn\u00e9 postupy.<\/p>\n<h3><strong>Z\u00e1vazek spole\u010dnosti Qingdao H&amp;F ke kvalit\u011b a slu\u017eb\u00e1m<\/strong><\/h3>\n<p>Ve spole\u010dnosti Qingdao H&amp;F ch\u00e1peme, \u017ee profesion\u00e1lov\u00e9 ve stavebnictv\u00ed pot\u0159ebuj\u00ed spolehliv\u00e9 materi\u00e1ly a v\u00fdjime\u010dn\u00fd servis, aby mohli sv\u00e9 projekty dokon\u010dit v\u010das a v r\u00e1mci rozpo\u010dtu. Na\u0161e hlin\u00edkov\u00e9 tvarov\u00e9 vazby jsou vyr\u00e1b\u011bny s p\u0159\u00edsn\u00fdmi standardy kontroly kvality, kter\u00e9 zaji\u0161\u0165uj\u00ed st\u00e1l\u00fd v\u00fdkon a trvanlivost. Jsme hrd\u00ed na to, \u017ee nab\u00edz\u00edme nejen vysoce kvalitn\u00ed v\u00fdrobky, ale tak\u00e9 konkurenceschopn\u00e9 ceny, co\u017e na\u0161im klient\u016fm umo\u017e\u0148uje t\u011b\u017eit z cenov\u00e9 dostupnosti i dokonalosti.<\/p>\n<p>Uv\u011bdomujeme si, \u017ee ka\u017ed\u00fd projekt je jedine\u010dn\u00fd, a n\u00e1\u0161 t\u00fdm poskytuje individu\u00e1ln\u00ed z\u00e1kaznick\u00fd servis, aby v\u00e1m zajistil ty nejlep\u0161\u00ed produkty pro va\u0161e konkr\u00e9tn\u00ed pot\u0159eby. Od pomoci s v\u00fdb\u011brem spr\u00e1vn\u00e9ho typu hlin\u00edkov\u00fdch tvarov\u00fdch vazeb a\u017e po poskytov\u00e1n\u00ed pr\u016fb\u011b\u017en\u00e9 podpory v pr\u016fb\u011bhu cel\u00e9ho projektu se sna\u017e\u00edme, aby v\u00e1\u0161 n\u00e1kup prob\u011bhl hladce a efektivn\u011b. D\u00edky dvacetilet\u00e9 historii slu\u017eeb ve stavebnictv\u00ed si spole\u010dnost Qingdao H&amp;F z\u00edskala pov\u011bst spolehliv\u00e9, d\u016fv\u011bryhodn\u00e9 a spokojen\u00e9 firmy.<\/p>\n<h3><strong>Z\u00e1v\u011br: Pro\u010d hlin\u00edkov\u00e9 tvarov\u00e9 vazby od spole\u010dnosti Qingdao H&amp;F?<\/strong><\/h3>\n<p>V\u00fdb\u011br spr\u00e1vn\u00fdch bednic\u00edch p\u00e1s\u016f je pro \u00fasp\u011bch va\u0161ich stavebn\u00edch projekt\u016f z\u00e1sadn\u00ed a hlin\u00edkov\u00e9 bednic\u00ed p\u00e1sy nab\u00edzej\u00ed kombinaci pevnosti, trvanlivosti a cenov\u00e9 v\u00fdhodnosti, kter\u00e9 se m\u016f\u017ee rovnat jen m\u00e1lo jin\u00fdch materi\u00e1l\u016f. Ve spole\u010dnosti Qingdao H&amp;F poskytujeme \u0161pi\u010dkov\u00e9 hlin\u00edkov\u00e9 bednic\u00ed vazby, kter\u00e9 spl\u0148uj\u00ed pot\u0159eby modern\u00edho stavebnictv\u00ed a zaji\u0161\u0165uj\u00ed, \u017ee va\u0161e projekty budou postaveny tak, aby vydr\u017eely. D\u00edky na\u0161emu zam\u011b\u0159en\u00ed na kvalitu, konkurenceschopn\u00fdm cen\u00e1m a bezkonkuren\u010dn\u00edmu z\u00e1kaznick\u00e9mu servisu jsme va\u0161\u00edm d\u016fv\u011bryhodn\u00fdm partnerem p\u0159i dosahov\u00e1n\u00ed dokonalosti ve stavebnictv\u00ed. A\u0165 u\u017e pracujete na mal\u00e9m projektu, nebo na rozs\u00e1hl\u00e9 stavb\u011b infrastruktury, na\u0161e hlin\u00edkov\u00e9 vazby bedn\u011bn\u00ed v\u00e1m pomohou v\u017edy dos\u00e1hnout optim\u00e1ln\u00edch v\u00fdsledk\u016f.<\/p>","protected":false},"excerpt":{"rendered":"<p><strong>dosa\u017een\u00ed p\u0159esn\u00fdch rozm\u011br\u016f betonov\u00fdch st\u011bn a zaji\u0161t\u011bn\u00ed struktur\u00e1ln\u00ed integrity<\/strong> s hlin\u00edkov\u00fdmi st\u011bnov\u00fdmi vazbami, kter\u00e9 jsou d\u016fle\u017eitou sou\u010d\u00e1st\u00ed hlin\u00edkov\u00fdch tv\u00e1\u0159ec\u00edch syst\u00e9m\u016f. Tyto stahovac\u00ed p\u00e1sky funguj\u00ed ve spojen\u00ed s hlin\u00edkov\u00fdmi tvarovac\u00edmi kol\u00edky a hlin\u00edkov\u00fdmi tvarovac\u00edmi kl\u00edny a vytv\u00e1\u0159ej\u00ed robustn\u00ed a efektivn\u00ed syst\u00e9m bedn\u011bn\u00ed st\u011bn.Hlin\u00edkov\u00e9 tvarovac\u00ed stahovac\u00ed p\u00e1sky jsou k dispozici v \u0159ad\u011b proveden\u00ed. <strong>Velikosti tlou\u0161\u0165ky st\u011bn<\/strong> pro r\u016fzn\u00e9 konstrukce betonov\u00fdch st\u011bn. Mezi b\u011b\u017en\u00e9 velikosti pat\u0159\u00ed <strong>6\" - 24\"<\/strong>, co\u017e umo\u017e\u0148uje snadnou konstrukci st\u011bn r\u016fzn\u00fdch tlou\u0161t\u011bk.<\/p>","protected":false},"featured_media":7168,"comment_status":"open","ping_status":"closed","template":"","meta":{"site-sidebar-layout":"default","site-content-layout":"","ast-site-content-layout":"default","site-content-style":"default","site-sidebar-style":"default","ast-global-header-display":"","ast-banner-title-visibility":"","ast-main-header-display":"","ast-hfb-above-header-display":"","ast-hfb-below-header-display":"","ast-hfb-mobile-header-display":"","site-post-title":"","ast-breadcrumbs-content":"","ast-featured-img":"","footer-sml-layout":"","theme-transparent-header-meta":"default","adv-header-id-meta":"","stick-header-meta":"default","header-above-stick-meta":"","header-main-stick-meta":"","header-below-stick-meta":"","astra-migrate-meta-layouts":"set","ast-page-background-enabled":"default","ast-page-background-meta":{"desktop":{"background-color":"","background-image":"","background-repeat":"repeat","background-position":"center center","background-size":"auto","background-attachment":"scroll","background-type":"","background-media":"","overlay-type":"","overlay-color":"","overlay-opacity":"","overlay-gradient":""},"tablet":{"background-color":"","background-image":"","background-repeat":"repeat","background-position":"center center","background-size":"auto","background-attachment":"scroll","background-type":"","background-media":"","overlay-type":"","overlay-color":"","overlay-opacity":"","overlay-gradient":""},"mobile":{"background-color":"","background-image":"","background-repeat":"repeat","background-position":"center center","background-size":"auto","background-attachment":"scroll","background-type":"","background-media":"","overlay-type":"","overlay-color":"","overlay-opacity":"","overlay-gradient":""}},"ast-content-background-meta":{"desktop":{"background-color":"var(--ast-global-color-5)","background-image":"","background-repeat":"repeat","background-position":"center center","background-size":"auto","background-attachment":"scroll","background-type":"","background-media":"","overlay-type":"","overlay-color":"","overlay-opacity":"","overlay-gradient":""},"tablet":{"background-color":"var(--ast-global-color-5)","background-image":"","background-repeat":"repeat","background-position":"center center","background-size":"auto","background-attachment":"scroll","background-type":"","background-media":"","overlay-type":"","overlay-color":"","overlay-opacity":"","overlay-gradient":""},"mobile":{"background-color":"var(--ast-global-color-5)","background-image":"","background-repeat":"repeat","background-position":"center center","background-size":"auto","background-attachment":"scroll","background-type":"","background-media":"","overlay-type":"","overlay-color":"","overlay-opacity":"","overlay-gradient":""}}},"product_brand":[],"product_cat":[65],"product_tag":[],"class_list":{"0":"post-7163","1":"product","2":"type-product","3":"status-publish","4":"has-post-thumbnail","6":"product_cat-aluminum-form-tie","7":"desktop-align-left","8":"tablet-align-left","9":"mobile-align-left","10":"ast-product-gallery-layout-horizontal-slider","11":"ast-product-tabs-layout-horizontal","13":"first","14":"instock","15":"shipping-taxable","16":"purchasable","17":"product-type-simple"},"yoast_head":"<!-- This site is optimized with the Yoast SEO plugin v25.2 - https:\/\/yoast.com\/wordpress\/plugins\/seo\/ -->\n<title>Aluminum Form Wall Ties<\/title>\n<meta name=\"description\" content=\"Aluminum Form Wall Ties are available in a range of Wall Thickness Sizes to accommodate various concrete wall designs. Common sizes include 6\u201d - 24\u201d.\" \/>\n<meta name=\"robots\" content=\"index, follow, max-snippet:-1, max-image-preview:large, max-video-preview:-1\" \/>\n<link rel=\"canonical\" href=\"https:\/\/qingdaohf.com\/cs\/produkt\/hlinikove-stenove-vazby\/\" \/>\n<meta property=\"og:locale\" content=\"cs_CZ\" \/>\n<meta property=\"og:type\" content=\"article\" \/>\n<meta property=\"og:title\" content=\"Aluminum Form Wall Ties\" \/>\n<meta property=\"og:description\" content=\"Aluminum Form Wall Ties are available in a range of Wall Thickness Sizes to accommodate various concrete wall designs. Common sizes include 6\u201d - 24\u201d.\" \/>\n<meta property=\"og:url\" content=\"https:\/\/qingdaohf.com\/cs\/produkt\/hlinikove-stenove-vazby\/\" \/>\n<meta property=\"og:site_name\" content=\"Concrete Form &amp; Rigging Hardware Supplier\" \/>\n<meta property=\"article:publisher\" content=\"https:\/\/www.facebook.com\/qingdaohf\" \/>\n<meta property=\"article:modified_time\" content=\"2025-11-13T01:03:16+00:00\" \/>\n<meta property=\"og:image\" content=\"https:\/\/qingdaohf.com\/wp-content\/uploads\/2024\/05\/Aluminum-Form-Wall-Ties-1.jpg\" \/>\n\t<meta property=\"og:image:width\" content=\"1000\" \/>\n\t<meta property=\"og:image:height\" content=\"1000\" \/>\n\t<meta property=\"og:image:type\" content=\"image\/jpeg\" \/>\n<meta name=\"twitter:card\" content=\"summary_large_image\" \/>\n<meta name=\"twitter:label1\" content=\"Odhadovan\u00e1 doba \u010dten\u00ed\" \/>\n\t<meta name=\"twitter:data1\" content=\"4 minuty\" \/>\n<script type=\"application\/ld+json\" class=\"yoast-schema-graph\">{\"@context\":\"https:\/\/schema.org\",\"@graph\":[{\"@type\":\"WebPage\",\"@id\":\"https:\/\/qingdaohf.com\/product\/aluminum-form-wall-ties\/\",\"url\":\"https:\/\/qingdaohf.com\/product\/aluminum-form-wall-ties\/\",\"name\":\"Aluminum Form Wall Ties\",\"isPartOf\":{\"@id\":\"https:\/\/qingdaohf.com\/bg\/#website\"},\"primaryImageOfPage\":{\"@id\":\"https:\/\/qingdaohf.com\/product\/aluminum-form-wall-ties\/#primaryimage\"},\"image\":{\"@id\":\"https:\/\/qingdaohf.com\/product\/aluminum-form-wall-ties\/#primaryimage\"},\"thumbnailUrl\":\"https:\/\/qingdaohf.com\/wp-content\/uploads\/2024\/05\/Aluminum-Form-Wall-Ties-1.jpg\",\"datePublished\":\"2024-05-20T05:42:36+00:00\",\"dateModified\":\"2025-11-13T01:03:16+00:00\",\"description\":\"Aluminum Form Wall Ties are available in a range of Wall Thickness Sizes to accommodate various concrete wall designs. Common sizes include 6\u201d - 24\u201d.\",\"breadcrumb\":{\"@id\":\"https:\/\/qingdaohf.com\/product\/aluminum-form-wall-ties\/#breadcrumb\"},\"inLanguage\":\"cs\",\"potentialAction\":[{\"@type\":\"ReadAction\",\"target\":[\"https:\/\/qingdaohf.com\/product\/aluminum-form-wall-ties\/\"]}]},{\"@type\":\"ImageObject\",\"inLanguage\":\"cs\",\"@id\":\"https:\/\/qingdaohf.com\/product\/aluminum-form-wall-ties\/#primaryimage\",\"url\":\"https:\/\/qingdaohf.com\/wp-content\/uploads\/2024\/05\/Aluminum-Form-Wall-Ties-1.jpg\",\"contentUrl\":\"https:\/\/qingdaohf.com\/wp-content\/uploads\/2024\/05\/Aluminum-Form-Wall-Ties-1.jpg\",\"width\":1000,\"height\":1000,\"caption\":\"Aluminum Form Wall Ties\"},{\"@type\":\"BreadcrumbList\",\"@id\":\"https:\/\/qingdaohf.com\/product\/aluminum-form-wall-ties\/#breadcrumb\",\"itemListElement\":[{\"@type\":\"ListItem\",\"position\":1,\"name\":\"Home\",\"item\":\"https:\/\/qingdaohf.com\/\"},{\"@type\":\"ListItem\",\"position\":2,\"name\":\"Concrete Forming Accessories and Rigging Hardware\",\"item\":\"https:\/\/qingdaohf.com\/bg\/?page_id=944\"},{\"@type\":\"ListItem\",\"position\":3,\"name\":\"Aluminum Form Wall Ties\"}]},{\"@type\":\"WebSite\",\"@id\":\"https:\/\/qingdaohf.com\/bg\/#website\",\"url\":\"https:\/\/qingdaohf.com\/bg\/\",\"name\":\"Concrete Form & Rigging Hardware Supplier\",\"description\":\"\",\"publisher\":{\"@id\":\"https:\/\/qingdaohf.com\/bg\/#organization\"},\"potentialAction\":[{\"@type\":\"SearchAction\",\"target\":{\"@type\":\"EntryPoint\",\"urlTemplate\":\"https:\/\/qingdaohf.com\/bg\/?s={search_term_string}\"},\"query-input\":{\"@type\":\"PropertyValueSpecification\",\"valueRequired\":true,\"valueName\":\"search_term_string\"}}],\"inLanguage\":\"cs\"},{\"@type\":\"Organization\",\"@id\":\"https:\/\/qingdaohf.com\/bg\/#organization\",\"name\":\"Qingdao H&F\",\"url\":\"https:\/\/qingdaohf.com\/bg\/\",\"logo\":{\"@type\":\"ImageObject\",\"inLanguage\":\"cs\",\"@id\":\"https:\/\/qingdaohf.com\/bg\/#\/schema\/logo\/image\/\",\"url\":\"https:\/\/qingdaohf.com\/wp-content\/uploads\/2022\/12\/cropped-HF-LOGO.png\",\"contentUrl\":\"https:\/\/qingdaohf.com\/wp-content\/uploads\/2022\/12\/cropped-HF-LOGO.png\",\"width\":391,\"height\":249,\"caption\":\"Qingdao H&F\"},\"image\":{\"@id\":\"https:\/\/qingdaohf.com\/bg\/#\/schema\/logo\/image\/\"},\"sameAs\":[\"https:\/\/www.facebook.com\/qingdaohf\"]}]}<\/script>\n<!-- \/ Yoast SEO plugin. -->","yoast_head_json":{"title":"Aluminum Form Wall Ties","description":"Aluminum Form Wall Ties are available in a range of Wall Thickness Sizes to accommodate various concrete wall designs. Common sizes include 6\u201d - 24\u201d.","robots":{"index":"index","follow":"follow","max-snippet":"max-snippet:-1","max-image-preview":"max-image-preview:large","max-video-preview":"max-video-preview:-1"},"canonical":"https:\/\/qingdaohf.com\/cs\/produkt\/hlinikove-stenove-vazby\/","og_locale":"cs_CZ","og_type":"article","og_title":"Aluminum Form Wall Ties","og_description":"Aluminum Form Wall Ties are available in a range of Wall Thickness Sizes to accommodate various concrete wall designs. Common sizes include 6\u201d - 24\u201d.","og_url":"https:\/\/qingdaohf.com\/cs\/produkt\/hlinikove-stenove-vazby\/","og_site_name":"Concrete Form &amp; Rigging Hardware Supplier","article_publisher":"https:\/\/www.facebook.com\/qingdaohf","article_modified_time":"2025-11-13T01:03:16+00:00","og_image":[{"width":1000,"height":1000,"url":"https:\/\/qingdaohf.com\/wp-content\/uploads\/2024\/05\/Aluminum-Form-Wall-Ties-1.jpg","type":"image\/jpeg"}],"twitter_card":"summary_large_image","twitter_misc":{"Odhadovan\u00e1 doba \u010dten\u00ed":"4 minuty"},"schema":{"@context":"https:\/\/schema.org","@graph":[{"@type":"WebPage","@id":"https:\/\/qingdaohf.com\/product\/aluminum-form-wall-ties\/","url":"https:\/\/qingdaohf.com\/product\/aluminum-form-wall-ties\/","name":"Aluminum Form Wall Ties","isPartOf":{"@id":"https:\/\/qingdaohf.com\/bg\/#website"},"primaryImageOfPage":{"@id":"https:\/\/qingdaohf.com\/product\/aluminum-form-wall-ties\/#primaryimage"},"image":{"@id":"https:\/\/qingdaohf.com\/product\/aluminum-form-wall-ties\/#primaryimage"},"thumbnailUrl":"https:\/\/qingdaohf.com\/wp-content\/uploads\/2024\/05\/Aluminum-Form-Wall-Ties-1.jpg","datePublished":"2024-05-20T05:42:36+00:00","dateModified":"2025-11-13T01:03:16+00:00","description":"Aluminum Form Wall Ties are available in a range of Wall Thickness Sizes to accommodate various concrete wall designs. Common sizes include 6\u201d - 24\u201d.","breadcrumb":{"@id":"https:\/\/qingdaohf.com\/product\/aluminum-form-wall-ties\/#breadcrumb"},"inLanguage":"cs","potentialAction":[{"@type":"ReadAction","target":["https:\/\/qingdaohf.com\/product\/aluminum-form-wall-ties\/"]}]},{"@type":"ImageObject","inLanguage":"cs","@id":"https:\/\/qingdaohf.com\/product\/aluminum-form-wall-ties\/#primaryimage","url":"https:\/\/qingdaohf.com\/wp-content\/uploads\/2024\/05\/Aluminum-Form-Wall-Ties-1.jpg","contentUrl":"https:\/\/qingdaohf.com\/wp-content\/uploads\/2024\/05\/Aluminum-Form-Wall-Ties-1.jpg","width":1000,"height":1000,"caption":"Aluminum Form Wall Ties"},{"@type":"BreadcrumbList","@id":"https:\/\/qingdaohf.com\/product\/aluminum-form-wall-ties\/#breadcrumb","itemListElement":[{"@type":"ListItem","position":1,"name":"Home","item":"https:\/\/qingdaohf.com\/"},{"@type":"ListItem","position":2,"name":"Concrete Forming Accessories and Rigging Hardware","item":"https:\/\/qingdaohf.com\/bg\/?page_id=944"},{"@type":"ListItem","position":3,"name":"Aluminum Form Wall Ties"}]},{"@type":"WebSite","@id":"https:\/\/qingdaohf.com\/bg\/#website","url":"https:\/\/qingdaohf.com\/bg\/","name":"Concrete Form & Rigging Hardware Supplier","description":"","publisher":{"@id":"https:\/\/qingdaohf.com\/bg\/#organization"},"potentialAction":[{"@type":"SearchAction","target":{"@type":"EntryPoint","urlTemplate":"https:\/\/qingdaohf.com\/bg\/?s={search_term_string}"},"query-input":{"@type":"PropertyValueSpecification","valueRequired":true,"valueName":"search_term_string"}}],"inLanguage":"cs"},{"@type":"Organization","@id":"https:\/\/qingdaohf.com\/bg\/#organization","name":"Qingdao H&F","url":"https:\/\/qingdaohf.com\/bg\/","logo":{"@type":"ImageObject","inLanguage":"cs","@id":"https:\/\/qingdaohf.com\/bg\/#\/schema\/logo\/image\/","url":"https:\/\/qingdaohf.com\/wp-content\/uploads\/2022\/12\/cropped-HF-LOGO.png","contentUrl":"https:\/\/qingdaohf.com\/wp-content\/uploads\/2022\/12\/cropped-HF-LOGO.png","width":391,"height":249,"caption":"Qingdao H&F"},"image":{"@id":"https:\/\/qingdaohf.com\/bg\/#\/schema\/logo\/image\/"},"sameAs":["https:\/\/www.facebook.com\/qingdaohf"]}]}},"_links":{"self":[{"href":"https:\/\/qingdaohf.com\/cs\/wp-json\/wp\/v2\/product\/7163","targetHints":{"allow":["GET"]}}],"collection":[{"href":"https:\/\/qingdaohf.com\/cs\/wp-json\/wp\/v2\/product"}],"about":[{"href":"https:\/\/qingdaohf.com\/cs\/wp-json\/wp\/v2\/types\/product"}],"replies":[{"embeddable":true,"href":"https:\/\/qingdaohf.com\/cs\/wp-json\/wp\/v2\/comments?post=7163"}],"version-history":[{"count":3,"href":"https:\/\/qingdaohf.com\/cs\/wp-json\/wp\/v2\/product\/7163\/revisions"}],"predecessor-version":[{"id":8094,"href":"https:\/\/qingdaohf.com\/cs\/wp-json\/wp\/v2\/product\/7163\/revisions\/8094"}],"wp:featuredmedia":[{"embeddable":true,"href":"https:\/\/qingdaohf.com\/cs\/wp-json\/wp\/v2\/media\/7168"}],"wp:attachment":[{"href":"https:\/\/qingdaohf.com\/cs\/wp-json\/wp\/v2\/media?parent=7163"}],"wp:term":[{"taxonomy":"product_brand","embeddable":true,"href":"https:\/\/qingdaohf.com\/cs\/wp-json\/wp\/v2\/product_brand?post=7163"},{"taxonomy":"product_cat","embeddable":true,"href":"https:\/\/qingdaohf.com\/cs\/wp-json\/wp\/v2\/product_cat?post=7163"},{"taxonomy":"product_tag","embeddable":true,"href":"https:\/\/qingdaohf.com\/cs\/wp-json\/wp\/v2\/product_tag?post=7163"}],"curies":[{"name":"wp","href":"https:\/\/api.w.org\/{rel}","templated":true}]}}