{"id":7201,"date":"2024-05-21T15:26:46","date_gmt":"2024-05-21T07:26:46","guid":{"rendered":"http:\/\/qingdaohf.com\/?post_type=product&#038;p=7201"},"modified":"2025-11-13T09:03:16","modified_gmt":"2025-11-13T01:03:16","slug":"one-piece-waler-bracket","status":"publish","type":"product","link":"https:\/\/qingdaohf.com\/cs\/produkt\/jednodilny-drzak-waler\/","title":{"rendered":"Jednod\u00edln\u00fd dr\u017e\u00e1k Waler"},"content":{"rendered":"<p>P\u0159edstaven\u00ed <strong>Jednod\u00edln\u00fd dr\u017e\u00e1k Waler (jednod\u00edln\u00e1 svorka Waler)<\/strong>\u00a0 - dokonal\u00e9 \u0159e\u0161en\u00ed pro p\u0159esn\u00e9 a spolehliv\u00e9 zaji\u0161t\u011bn\u00ed bednic\u00edch syst\u00e9m\u016f. Tento robustn\u00ed dr\u017e\u00e1k zaji\u0161\u0165uje stabiln\u00ed oporu a vyrovn\u00e1n\u00ed betonov\u00fdch bedn\u011bn\u00ed, zefektiv\u0148uje stavebn\u00ed procesy a zvy\u0161uje celkovou kvalitu va\u0161ich projekt\u016f.<\/p>\n<p><strong>Kl\u00ed\u010dov\u00e9 vlastnosti:<\/strong><\/p>\n<ul>\n<li><strong>Odoln\u00e1 konstrukce:<\/strong> N\u00e1\u0161 dr\u017e\u00e1k Waler je vyroben z prvot\u0159\u00eddn\u00ed oceli a je odoln\u00fd v\u016f\u010di vysok\u00e9mu nam\u00e1h\u00e1n\u00ed a drsn\u00fdm podm\u00ednk\u00e1m, tak\u017ee poskytuje dlouhotrvaj\u00edc\u00ed v\u00fdkon.<\/li>\n<li><strong>V\u0161estrann\u00e9 pou\u017eit\u00ed:<\/strong> Je navr\u017een tak, aby byl kompatibiln\u00ed s r\u016fzn\u00fdmi bednic\u00edmi syst\u00e9my, tak\u017ee je ide\u00e1ln\u00ed pro \u0161irokou \u0161k\u00e1lu stavebn\u00edch projekt\u016f.<\/li>\n<li><strong>Snadn\u00e1 instalace:<\/strong> Zjednodu\u0161uje proces mont\u00e1\u017ee a d\u00edky jednoduch\u00e9mu designu sni\u017euje pracovn\u00ed \u010das a n\u00e1klady.<\/li>\n<li><strong>P\u0159esn\u00e9 zarovn\u00e1n\u00ed:<\/strong> Zaji\u0161\u0165uje p\u0159esn\u00e9 um\u00edst\u011bn\u00ed a stabilitu bedn\u011bn\u00ed, co\u017e je z\u00e1sadn\u00ed pro dosa\u017een\u00ed hladk\u00e9ho a rovn\u00e9ho betonov\u00e9ho povrchu.<\/li>\n<li><strong>Zv\u00fd\u0161en\u00e1 bezpe\u010dnost:<\/strong> Zaji\u0161\u0165uje bezpe\u010dn\u00e9 upnut\u00ed, kter\u00e9 minimalizuje riziko selh\u00e1n\u00ed bedn\u011bn\u00ed a zaji\u0161\u0165uje bezpe\u010dn\u011bj\u0161\u00ed pracovn\u00ed prost\u0159ed\u00ed.<\/li>\n<\/ul>\n<p><strong>Aplikace:<\/strong><\/p>\n<p>Jednod\u00edln\u00e1 konzola Waler je p\u0159i stavb\u011b bedn\u011bn\u00ed nezbytn\u00e1, zejm\u00e9na p\u0159i pou\u017eit\u00ed s karabinami. Snap vazby, \u010dasto pou\u017e\u00edvan\u00e9 ve spojen\u00ed s waler konzolami, p\u0159edstavuj\u00ed \u00fa\u010dinn\u00fd a efektivn\u00ed zp\u016fsob, jak udr\u017eet rozte\u010d a vyrovn\u00e1n\u00ed bednic\u00edch panel\u016f. Tato kombinace je kl\u00ed\u010dov\u00e1 p\u0159i:<\/p>\n<ul>\n<li><strong>Konstrukce betonov\u00e9 st\u011bny:<\/strong> Zaji\u0161t\u011bn\u00ed rovn\u00fdch a spr\u00e1vn\u011b vyrovnan\u00fdch st\u011bn.<\/li>\n<li><strong>Budov\u00e1n\u00ed z\u00e1klad\u016f:<\/strong> Udr\u017eov\u00e1n\u00ed celistvosti a p\u0159esnosti z\u00e1kladov\u00e9ho bedn\u011bn\u00ed.<\/li>\n<li><strong>Komer\u010dn\u00ed a reziden\u010dn\u00ed projekty:<\/strong> Je dostate\u010dn\u011b univerz\u00e1ln\u00ed pro pou\u017eit\u00ed v r\u016fzn\u00fdch m\u011b\u0159\u00edtc\u00edch v\u00fdstavby, od velk\u00fdch komer\u010dn\u00edch objekt\u016f a\u017e po men\u0161\u00ed obytn\u00e9 stavby.<\/li>\n<\/ul>\n<p>Integrac\u00ed jednod\u00edln\u00e9 konzoly Waler do bednic\u00edch syst\u00e9m\u016f m\u016f\u017eete dos\u00e1hnout vy\u0161\u0161\u00ed p\u0159esnosti, stability a bezpe\u010dnosti p\u0159i realizaci stavebn\u00edch projekt\u016f.<\/p>\n<p><strong>Pro\u010d si vybrat H&amp;F:<\/strong><\/p>\n<p>Spole\u010dnost H&amp;F se zav\u00e1zala poskytovat stavebn\u00ed kov\u00e1n\u00ed \u0161pi\u010dkov\u00e9 kvality, kter\u00e9 spl\u0148uje mezin\u00e1rodn\u00ed standardy. Na\u0161e jednod\u00edln\u00e1 konzola Waler je d\u016fkazem na\u0161\u00ed oddanosti dokonalosti a nab\u00edz\u00ed spolehliv\u00fd v\u00fdkon a trvanlivost.<\/p>","protected":false},"excerpt":{"rendered":"<p>Zajist\u011bte a stabilizujte sv\u00e9 bedn\u011bn\u00ed pomoc\u00ed na\u0161eho odoln\u00e9ho, snadno instalovateln\u00e9ho dr\u017e\u00e1ku. Je ide\u00e1ln\u00ed pro stavbu betonov\u00fdch st\u011bn a z\u00e1klad\u016f a zaji\u0161\u0165uje p\u0159esn\u00e9 vyrovn\u00e1n\u00ed a bezpe\u010dnost. Dokonale dopl\u0148uje zaklap\u00e1vac\u00ed vazby pro efektivn\u00ed a spolehlivou mont\u00e1\u017e bedn\u011bn\u00ed. Vylep\u0161ete sv\u00e9 stavebn\u00ed projekty \u0161pi\u010dkov\u00fdm kov\u00e1n\u00edm H&amp;F.<\/p>","protected":false},"featured_media":7202,"comment_status":"open","ping_status":"closed","template":"","meta":{"site-sidebar-layout":"default","site-content-layout":"","ast-site-content-layout":"default","site-content-style":"default","site-sidebar-style":"default","ast-global-header-display":"","ast-banner-title-visibility":"","ast-main-header-display":"","ast-hfb-above-header-display":"","ast-hfb-below-header-display":"","ast-hfb-mobile-header-display":"","site-post-title":"","ast-breadcrumbs-content":"","ast-featured-img":"","footer-sml-layout":"","theme-transparent-header-meta":"default","adv-header-id-meta":"","stick-header-meta":"default","header-above-stick-meta":"","header-main-stick-meta":"","header-below-stick-meta":"","astra-migrate-meta-layouts":"set","ast-page-background-enabled":"default","ast-page-background-meta":{"desktop":{"background-color":"","background-image":"","background-repeat":"repeat","background-position":"center center","background-size":"auto","background-attachment":"scroll","background-type":"","background-media":"","overlay-type":"","overlay-color":"","overlay-opacity":"","overlay-gradient":""},"tablet":{"background-color":"","background-image":"","background-repeat":"repeat","background-position":"center center","background-size":"auto","background-attachment":"scroll","background-type":"","background-media":"","overlay-type":"","overlay-color":"","overlay-opacity":"","overlay-gradient":""},"mobile":{"background-color":"","background-image":"","background-repeat":"repeat","background-position":"center center","background-size":"auto","background-attachment":"scroll","background-type":"","background-media":"","overlay-type":"","overlay-color":"","overlay-opacity":"","overlay-gradient":""}},"ast-content-background-meta":{"desktop":{"background-color":"var(--ast-global-color-5)","background-image":"","background-repeat":"repeat","background-position":"center center","background-size":"auto","background-attachment":"scroll","background-type":"","background-media":"","overlay-type":"","overlay-color":"","overlay-opacity":"","overlay-gradient":""},"tablet":{"background-color":"var(--ast-global-color-5)","background-image":"","background-repeat":"repeat","background-position":"center center","background-size":"auto","background-attachment":"scroll","background-type":"","background-media":"","overlay-type":"","overlay-color":"","overlay-opacity":"","overlay-gradient":""},"mobile":{"background-color":"var(--ast-global-color-5)","background-image":"","background-repeat":"repeat","background-position":"center center","background-size":"auto","background-attachment":"scroll","background-type":"","background-media":"","overlay-type":"","overlay-color":"","overlay-opacity":"","overlay-gradient":""}}},"product_brand":[],"product_cat":[28],"product_tag":[],"class_list":{"0":"post-7201","1":"product","2":"type-product","3":"status-publish","4":"has-post-thumbnail","6":"product_cat-concrete-forming","7":"desktop-align-left","8":"tablet-align-left","9":"mobile-align-left","10":"ast-product-gallery-layout-horizontal-slider","11":"ast-product-tabs-layout-horizontal","13":"first","14":"instock","15":"featured","16":"shipping-taxable","17":"purchasable","18":"product-type-simple"},"yoast_head":"<!-- This site is optimized with the Yoast SEO plugin v25.2 - https:\/\/yoast.com\/wordpress\/plugins\/seo\/ -->\n<title>One Piece Waler Bracket<\/title>\n<meta name=\"description\" content=\"Secure and stabilize your formwork with our durable, easy-to-install waler bracket. Ideal for concrete wall and foundation construction, it ensures precise alignment and safety.\" \/>\n<meta name=\"robots\" content=\"index, follow, max-snippet:-1, max-image-preview:large, max-video-preview:-1\" \/>\n<link rel=\"canonical\" href=\"https:\/\/qingdaohf.com\/cs\/produkt\/jednodilny-drzak-waler\/\" \/>\n<meta property=\"og:locale\" content=\"cs_CZ\" \/>\n<meta property=\"og:type\" content=\"article\" \/>\n<meta property=\"og:title\" content=\"One Piece Waler Bracket\" \/>\n<meta property=\"og:description\" content=\"Secure and stabilize your formwork with our durable, easy-to-install waler bracket. Ideal for concrete wall and foundation construction, it ensures precise alignment and safety.\" \/>\n<meta property=\"og:url\" content=\"https:\/\/qingdaohf.com\/cs\/produkt\/jednodilny-drzak-waler\/\" \/>\n<meta property=\"og:site_name\" content=\"Concrete Form &amp; Rigging Hardware Supplier\" \/>\n<meta property=\"article:publisher\" content=\"https:\/\/www.facebook.com\/qingdaohf\" \/>\n<meta property=\"article:modified_time\" content=\"2025-11-13T01:03:16+00:00\" \/>\n<meta property=\"og:image\" content=\"https:\/\/qingdaohf.com\/wp-content\/uploads\/2024\/05\/heavy-one-piece-waler-bracket-1.jpg\" \/>\n\t<meta property=\"og:image:width\" content=\"1000\" \/>\n\t<meta property=\"og:image:height\" content=\"1000\" \/>\n\t<meta property=\"og:image:type\" content=\"image\/jpeg\" \/>\n<meta name=\"twitter:card\" content=\"summary_large_image\" \/>\n<meta name=\"twitter:label1\" content=\"Odhadovan\u00e1 doba \u010dten\u00ed\" \/>\n\t<meta name=\"twitter:data1\" content=\"2 minuty\" \/>\n<script type=\"application\/ld+json\" class=\"yoast-schema-graph\">{\"@context\":\"https:\/\/schema.org\",\"@graph\":[{\"@type\":\"WebPage\",\"@id\":\"https:\/\/qingdaohf.com\/product\/one-piece-waler-bracket\/\",\"url\":\"https:\/\/qingdaohf.com\/product\/one-piece-waler-bracket\/\",\"name\":\"One Piece Waler Bracket\",\"isPartOf\":{\"@id\":\"https:\/\/qingdaohf.com\/bg\/#website\"},\"primaryImageOfPage\":{\"@id\":\"https:\/\/qingdaohf.com\/product\/one-piece-waler-bracket\/#primaryimage\"},\"image\":{\"@id\":\"https:\/\/qingdaohf.com\/product\/one-piece-waler-bracket\/#primaryimage\"},\"thumbnailUrl\":\"https:\/\/qingdaohf.com\/wp-content\/uploads\/2024\/05\/heavy-one-piece-waler-bracket-1.jpg\",\"datePublished\":\"2024-05-21T07:26:46+00:00\",\"dateModified\":\"2025-11-13T01:03:16+00:00\",\"description\":\"Secure and stabilize your formwork with our durable, easy-to-install waler bracket. Ideal for concrete wall and foundation construction, it ensures precise alignment and safety.\",\"breadcrumb\":{\"@id\":\"https:\/\/qingdaohf.com\/product\/one-piece-waler-bracket\/#breadcrumb\"},\"inLanguage\":\"cs\",\"potentialAction\":[{\"@type\":\"ReadAction\",\"target\":[\"https:\/\/qingdaohf.com\/product\/one-piece-waler-bracket\/\"]}]},{\"@type\":\"ImageObject\",\"inLanguage\":\"cs\",\"@id\":\"https:\/\/qingdaohf.com\/product\/one-piece-waler-bracket\/#primaryimage\",\"url\":\"https:\/\/qingdaohf.com\/wp-content\/uploads\/2024\/05\/heavy-one-piece-waler-bracket-1.jpg\",\"contentUrl\":\"https:\/\/qingdaohf.com\/wp-content\/uploads\/2024\/05\/heavy-one-piece-waler-bracket-1.jpg\",\"width\":1000,\"height\":1000,\"caption\":\"heavy one piece waler bracket\"},{\"@type\":\"BreadcrumbList\",\"@id\":\"https:\/\/qingdaohf.com\/product\/one-piece-waler-bracket\/#breadcrumb\",\"itemListElement\":[{\"@type\":\"ListItem\",\"position\":1,\"name\":\"Home\",\"item\":\"https:\/\/qingdaohf.com\/\"},{\"@type\":\"ListItem\",\"position\":2,\"name\":\"Concrete Forming Accessories and Rigging Hardware\",\"item\":\"https:\/\/qingdaohf.com\/bg\/?page_id=944\"},{\"@type\":\"ListItem\",\"position\":3,\"name\":\"One Piece Waler Bracket\"}]},{\"@type\":\"WebSite\",\"@id\":\"https:\/\/qingdaohf.com\/bg\/#website\",\"url\":\"https:\/\/qingdaohf.com\/bg\/\",\"name\":\"Concrete Form & Rigging Hardware Supplier\",\"description\":\"\",\"publisher\":{\"@id\":\"https:\/\/qingdaohf.com\/bg\/#organization\"},\"potentialAction\":[{\"@type\":\"SearchAction\",\"target\":{\"@type\":\"EntryPoint\",\"urlTemplate\":\"https:\/\/qingdaohf.com\/bg\/?s={search_term_string}\"},\"query-input\":{\"@type\":\"PropertyValueSpecification\",\"valueRequired\":true,\"valueName\":\"search_term_string\"}}],\"inLanguage\":\"cs\"},{\"@type\":\"Organization\",\"@id\":\"https:\/\/qingdaohf.com\/bg\/#organization\",\"name\":\"Qingdao H&F\",\"url\":\"https:\/\/qingdaohf.com\/bg\/\",\"logo\":{\"@type\":\"ImageObject\",\"inLanguage\":\"cs\",\"@id\":\"https:\/\/qingdaohf.com\/bg\/#\/schema\/logo\/image\/\",\"url\":\"https:\/\/qingdaohf.com\/wp-content\/uploads\/2022\/12\/cropped-HF-LOGO.png\",\"contentUrl\":\"https:\/\/qingdaohf.com\/wp-content\/uploads\/2022\/12\/cropped-HF-LOGO.png\",\"width\":391,\"height\":249,\"caption\":\"Qingdao H&F\"},\"image\":{\"@id\":\"https:\/\/qingdaohf.com\/bg\/#\/schema\/logo\/image\/\"},\"sameAs\":[\"https:\/\/www.facebook.com\/qingdaohf\"]}]}<\/script>\n<!-- \/ Yoast SEO plugin. -->","yoast_head_json":{"title":"One Piece Waler Bracket","description":"Secure and stabilize your formwork with our durable, easy-to-install waler bracket. Ideal for concrete wall and foundation construction, it ensures precise alignment and safety.","robots":{"index":"index","follow":"follow","max-snippet":"max-snippet:-1","max-image-preview":"max-image-preview:large","max-video-preview":"max-video-preview:-1"},"canonical":"https:\/\/qingdaohf.com\/cs\/produkt\/jednodilny-drzak-waler\/","og_locale":"cs_CZ","og_type":"article","og_title":"One Piece Waler Bracket","og_description":"Secure and stabilize your formwork with our durable, easy-to-install waler bracket. Ideal for concrete wall and foundation construction, it ensures precise alignment and safety.","og_url":"https:\/\/qingdaohf.com\/cs\/produkt\/jednodilny-drzak-waler\/","og_site_name":"Concrete Form &amp; Rigging Hardware Supplier","article_publisher":"https:\/\/www.facebook.com\/qingdaohf","article_modified_time":"2025-11-13T01:03:16+00:00","og_image":[{"width":1000,"height":1000,"url":"https:\/\/qingdaohf.com\/wp-content\/uploads\/2024\/05\/heavy-one-piece-waler-bracket-1.jpg","type":"image\/jpeg"}],"twitter_card":"summary_large_image","twitter_misc":{"Odhadovan\u00e1 doba \u010dten\u00ed":"2 minuty"},"schema":{"@context":"https:\/\/schema.org","@graph":[{"@type":"WebPage","@id":"https:\/\/qingdaohf.com\/product\/one-piece-waler-bracket\/","url":"https:\/\/qingdaohf.com\/product\/one-piece-waler-bracket\/","name":"One Piece Waler Bracket","isPartOf":{"@id":"https:\/\/qingdaohf.com\/bg\/#website"},"primaryImageOfPage":{"@id":"https:\/\/qingdaohf.com\/product\/one-piece-waler-bracket\/#primaryimage"},"image":{"@id":"https:\/\/qingdaohf.com\/product\/one-piece-waler-bracket\/#primaryimage"},"thumbnailUrl":"https:\/\/qingdaohf.com\/wp-content\/uploads\/2024\/05\/heavy-one-piece-waler-bracket-1.jpg","datePublished":"2024-05-21T07:26:46+00:00","dateModified":"2025-11-13T01:03:16+00:00","description":"Secure and stabilize your formwork with our durable, easy-to-install waler bracket. Ideal for concrete wall and foundation construction, it ensures precise alignment and safety.","breadcrumb":{"@id":"https:\/\/qingdaohf.com\/product\/one-piece-waler-bracket\/#breadcrumb"},"inLanguage":"cs","potentialAction":[{"@type":"ReadAction","target":["https:\/\/qingdaohf.com\/product\/one-piece-waler-bracket\/"]}]},{"@type":"ImageObject","inLanguage":"cs","@id":"https:\/\/qingdaohf.com\/product\/one-piece-waler-bracket\/#primaryimage","url":"https:\/\/qingdaohf.com\/wp-content\/uploads\/2024\/05\/heavy-one-piece-waler-bracket-1.jpg","contentUrl":"https:\/\/qingdaohf.com\/wp-content\/uploads\/2024\/05\/heavy-one-piece-waler-bracket-1.jpg","width":1000,"height":1000,"caption":"heavy one piece waler bracket"},{"@type":"BreadcrumbList","@id":"https:\/\/qingdaohf.com\/product\/one-piece-waler-bracket\/#breadcrumb","itemListElement":[{"@type":"ListItem","position":1,"name":"Home","item":"https:\/\/qingdaohf.com\/"},{"@type":"ListItem","position":2,"name":"Concrete Forming Accessories and Rigging Hardware","item":"https:\/\/qingdaohf.com\/bg\/?page_id=944"},{"@type":"ListItem","position":3,"name":"One Piece Waler Bracket"}]},{"@type":"WebSite","@id":"https:\/\/qingdaohf.com\/bg\/#website","url":"https:\/\/qingdaohf.com\/bg\/","name":"Concrete Form & Rigging Hardware Supplier","description":"","publisher":{"@id":"https:\/\/qingdaohf.com\/bg\/#organization"},"potentialAction":[{"@type":"SearchAction","target":{"@type":"EntryPoint","urlTemplate":"https:\/\/qingdaohf.com\/bg\/?s={search_term_string}"},"query-input":{"@type":"PropertyValueSpecification","valueRequired":true,"valueName":"search_term_string"}}],"inLanguage":"cs"},{"@type":"Organization","@id":"https:\/\/qingdaohf.com\/bg\/#organization","name":"Qingdao H&F","url":"https:\/\/qingdaohf.com\/bg\/","logo":{"@type":"ImageObject","inLanguage":"cs","@id":"https:\/\/qingdaohf.com\/bg\/#\/schema\/logo\/image\/","url":"https:\/\/qingdaohf.com\/wp-content\/uploads\/2022\/12\/cropped-HF-LOGO.png","contentUrl":"https:\/\/qingdaohf.com\/wp-content\/uploads\/2022\/12\/cropped-HF-LOGO.png","width":391,"height":249,"caption":"Qingdao H&F"},"image":{"@id":"https:\/\/qingdaohf.com\/bg\/#\/schema\/logo\/image\/"},"sameAs":["https:\/\/www.facebook.com\/qingdaohf"]}]}},"_links":{"self":[{"href":"https:\/\/qingdaohf.com\/cs\/wp-json\/wp\/v2\/product\/7201","targetHints":{"allow":["GET"]}}],"collection":[{"href":"https:\/\/qingdaohf.com\/cs\/wp-json\/wp\/v2\/product"}],"about":[{"href":"https:\/\/qingdaohf.com\/cs\/wp-json\/wp\/v2\/types\/product"}],"replies":[{"embeddable":true,"href":"https:\/\/qingdaohf.com\/cs\/wp-json\/wp\/v2\/comments?post=7201"}],"version-history":[{"count":4,"href":"https:\/\/qingdaohf.com\/cs\/wp-json\/wp\/v2\/product\/7201\/revisions"}],"predecessor-version":[{"id":8389,"href":"https:\/\/qingdaohf.com\/cs\/wp-json\/wp\/v2\/product\/7201\/revisions\/8389"}],"wp:featuredmedia":[{"embeddable":true,"href":"https:\/\/qingdaohf.com\/cs\/wp-json\/wp\/v2\/media\/7202"}],"wp:attachment":[{"href":"https:\/\/qingdaohf.com\/cs\/wp-json\/wp\/v2\/media?parent=7201"}],"wp:term":[{"taxonomy":"product_brand","embeddable":true,"href":"https:\/\/qingdaohf.com\/cs\/wp-json\/wp\/v2\/product_brand?post=7201"},{"taxonomy":"product_cat","embeddable":true,"href":"https:\/\/qingdaohf.com\/cs\/wp-json\/wp\/v2\/product_cat?post=7201"},{"taxonomy":"product_tag","embeddable":true,"href":"https:\/\/qingdaohf.com\/cs\/wp-json\/wp\/v2\/product_tag?post=7201"}],"curies":[{"name":"wp","href":"https:\/\/api.w.org\/{rel}","templated":true}]}}