{"id":7381,"date":"2024-05-28T18:22:19","date_gmt":"2024-05-28T10:22:19","guid":{"rendered":"http:\/\/qingdaohf.com\/?post_type=product&#038;p=7381"},"modified":"2025-11-13T09:03:16","modified_gmt":"2025-11-13T01:03:16","slug":"concrete-wall-snap-ties","status":"publish","type":"product","link":"https:\/\/qingdaohf.com\/cs\/produkt\/stahovaci-pasky-pro-betonove-steny\/","title":{"rendered":"Stahovac\u00ed p\u00e1sky pro betonov\u00e9 st\u011bny"},"content":{"rendered":"<p>Stahovac\u00ed p\u00e1sky pro betonov\u00e9 st\u011bny jsou z\u00e1kladn\u00edmi prvky p\u0159i vytv\u00e1\u0159en\u00ed betonov\u00fdch st\u011bn, kter\u00e9 poskytuj\u00ed pot\u0159ebnou oporu a stabilitu b\u011bhem procesu lit\u00ed a tuhnut\u00ed. Na\u0161e karabiny jsou navr\u017eeny tak, aby byly spolehliv\u00e9 a snadno se pou\u017e\u00edvaly, a zaji\u0161\u0165uj\u00ed, \u017ee va\u0161e stavebn\u00ed projekty budou dokon\u010deny efektivn\u011b a v souladu s nejvy\u0161\u0161\u00edmi standardy.<\/p>\n<h4>Varianty produkt\u016f<\/h4>\n<p>Na\u0161e stahovac\u00ed p\u00e1sky do betonu jsou rozd\u011bleny do kategori\u00ed podle d\u00e9lky a typu:<\/p>\n<p><strong>4-3\/4\u2033 kr\u00e1tk\u00fd konec<\/strong><\/p>\n<p><strong>8-1\/4\u2033 dlouh\u00fd konec<\/strong><\/p>\n<p>Nav\u00edc jsou k dispozici ve dvou konfigurac\u00edch:<\/p>\n<p><strong>Stahovac\u00ed p\u00e1sky s podlo\u017ekou<\/strong><\/p>\n<p>&nbsp;<\/p>\n<p><strong>V\u00e1zac\u00ed p\u00e1sky s plastov\u00fdm ku\u017eelem<\/strong><\/p>\n<p><img fetchpriority=\"high\" decoding=\"async\" class=\"alignnone size-full wp-image-1676\" src=\"http:\/\/qingdaohf.com\/wp-content\/uploads\/2023\/01\/snap-tie-4.webp\" alt=\"zaklap\u00e1vac\u00ed kravata\" width=\"800\" height=\"800\" srcset=\"https:\/\/qingdaohf.com\/wp-content\/uploads\/2023\/01\/snap-tie-4.webp 800w, https:\/\/qingdaohf.com\/wp-content\/uploads\/2023\/01\/snap-tie-4-500x500.webp 500w, https:\/\/qingdaohf.com\/wp-content\/uploads\/2023\/01\/snap-tie-4-100x100.webp 100w, https:\/\/qingdaohf.com\/wp-content\/uploads\/2023\/01\/snap-tie-4-300x300.webp 300w, https:\/\/qingdaohf.com\/wp-content\/uploads\/2023\/01\/snap-tie-4-150x150.webp 150w, https:\/\/qingdaohf.com\/wp-content\/uploads\/2023\/01\/snap-tie-4-768x768.webp 768w, https:\/\/qingdaohf.com\/wp-content\/uploads\/2023\/01\/snap-tie-4-600x600.webp 600w, https:\/\/qingdaohf.com\/wp-content\/uploads\/2023\/01\/snap-tie-4-50x50.webp 50w\" sizes=\"(max-width: 800px) 100vw, 800px\" \/><\/p>\n<h4>Kl\u00ed\u010dov\u00e9 vlastnosti<\/h4>\n<p><strong>Odolnost<\/strong>: Na\u0161e karabiny jsou vyrobeny z vysoce kvalitn\u00ed oceli a jsou navr\u017eeny tak, aby odolaly zna\u010dn\u00e9mu tlaku a zajistily integritu va\u0161ich betonov\u00fdch st\u011bn.<\/p>\n<p><strong>V\u0161estrannost<\/strong>: Vhodn\u00e9 pro r\u016fzn\u00e9 tlou\u0161\u0165ky st\u011bn a konstruk\u010dn\u00ed po\u017eadavky, co\u017e nab\u00edz\u00ed flexibilitu pou\u017eit\u00ed.<\/p>\n<p><strong>Snadn\u00e9 pou\u017e\u00edv\u00e1n\u00ed<\/strong>: Konstrukce se zaklap\u00e1vac\u00edmi vazbami zjednodu\u0161uje proces bedn\u011bn\u00ed a urychluje a zefektiv\u0148uje jeho mont\u00e1\u017e a demont\u00e1\u017e.<\/p>\n<p><strong>Secure Fit<\/strong>: Ob\u011b varianty podlo\u017eek a plastov\u00fdch ku\u017eel\u016f zaji\u0161\u0165uj\u00ed bezpe\u010dn\u00e9 uchycen\u00ed, zabra\u0148uj\u00ed \u00faniku betonu a zaji\u0161\u0165uj\u00ed hladk\u00fd povrch.<\/p>\n<h4>Podrobn\u00e9 popisy<\/h4>\n<p><strong>4-3\/4\u2033 Kr\u00e1tk\u00e9 koncovky Snap Ties<\/strong> Tyto vazby jsou ide\u00e1ln\u00ed pro projekty vy\u017eaduj\u00edc\u00ed krat\u0161\u00ed rozp\u011bt\u00ed. Konstrukce s kr\u00e1tk\u00fdmi konci je ide\u00e1ln\u00ed pro vytv\u00e1\u0159en\u00ed t\u011bsn\u00fdch, kompaktn\u00edch st\u011bn, zaji\u0161\u0165uje t\u011bsn\u00e9 uchycen\u00ed a minimalizuje riziko pohybu b\u011bhem procesu vytvrzov\u00e1n\u00ed.<\/p>\n<p><strong>8-1\/4 \"Dlouh\u00e9 koncov\u00e9 vazby Snap<\/strong> Dlouh\u00e9 koncov\u00e9 karabiny jsou ur\u010deny pro v\u011bt\u0161\u00ed projekty a nab\u00edzej\u00ed v\u011bt\u0161\u00ed dosah a podporu pro siln\u011bj\u0161\u00ed st\u011bny. Tato varianta je ide\u00e1ln\u00ed pro rozs\u00e1hl\u00e9 konstrukce a poskytuje pot\u0159ebnou d\u00e9lku pro udr\u017een\u00ed stability bedn\u011bn\u00ed v \u0161ir\u0161\u00edch \u00fasec\u00edch.<\/p>\n<p><strong>Stahovac\u00ed p\u00e1sky s podlo\u017ekou<\/strong> Konfigurace podlo\u017eky dod\u00e1v\u00e1 dal\u0161\u00ed vrstvu stability a opory a zaji\u0161\u0165uje, \u017ee karabina z\u016fstane b\u011bhem procesu lit\u00ed pevn\u011b na sv\u00e9m m\u00edst\u011b. Tato mo\u017enost je obzvl\u00e1\u0161t\u011b u\u017eite\u010dn\u00e1 v prost\u0159ed\u00ed s vysok\u00fdm tlakem, kde je zapot\u0159eb\u00ed dodate\u010dn\u00e9 zpevn\u011bn\u00ed.<\/p>\n<p><strong>V\u00e1zac\u00ed p\u00e1sky s plastov\u00fdm ku\u017eelem<\/strong> Varianta plastov\u00e9ho ku\u017eele je efektivn\u00ed a opakovan\u011b pou\u017eiteln\u00e1, co\u017e umo\u017e\u0148uje snadn\u00e9 odstran\u011bn\u00ed po zatuhnut\u00ed betonu. Ku\u017eel pom\u00e1h\u00e1 vytvo\u0159it \u00fahledn\u00fd, dokon\u010den\u00fd vzhled a sni\u017euje pot\u0159ebu dal\u0161\u00edch dokon\u010dovac\u00edch prac\u00ed.<\/p>\n<h4>Aplikace<\/h4>\n<p>Betonov\u00e9 st\u011bnov\u00e9 stahovac\u00ed p\u00e1sky se pou\u017e\u00edvaj\u00ed v r\u016fzn\u00fdch stavebn\u00edch projektech, v\u010detn\u011b:<\/p>\n<p>Obytn\u00e9 z\u00e1klady<\/p>\n<p>St\u011bny komer\u010dn\u00edch budov<\/p>\n<p>Op\u011brn\u00e9 zdi<\/p>\n<p>Sklepy<\/p>\n<p>Konstrukce mostu<\/p>\n<p>Jsou nezbytn\u00fdm n\u00e1strojem pro dodavatele a stavitele, kte\u0159\u00ed cht\u011bj\u00ed dos\u00e1hnout p\u0159esn\u00fdch a pevn\u00fdch betonov\u00fdch konstrukc\u00ed.<\/p>\n<h4>V\u00fdhody<\/h4>\n<p><strong>\u010casov\u00e1 efektivita<\/strong>: Zjednodu\u0161te stavebn\u00ed proces pomoc\u00ed rychl\u00fdch stahovac\u00edch p\u00e1sk\u016f, kter\u00e9 se rychle instaluj\u00ed a odstra\u0148uj\u00ed, \u010d\u00edm\u017e se sni\u017euj\u00ed n\u00e1klady na pracovn\u00ed s\u00edlu a \u010dasov\u00fd harmonogram projektu.<\/p>\n<p><strong>N\u00e1kladov\u011b efektivn\u00ed<\/strong>: Tyto karabiny jsou opakovan\u011b pou\u017eiteln\u00e9 a odoln\u00e9 a p\u0159edstavuj\u00ed cenov\u011b v\u00fdhodn\u00e9 \u0159e\u0161en\u00ed pro v\u00edce projekt\u016f.<\/p>\n<p><strong>Vysok\u00fd v\u00fdkon<\/strong>: Zajist\u011bte nejvy\u0161\u0161\u00ed kvalitu betonov\u00fdch st\u011bn pomoc\u00ed zaklap\u00e1vac\u00edch vazeb, kter\u00e9 poskytuj\u00ed st\u00e1lou oporu a spolehlivost.<\/p>\n<h4>Instala\u010dn\u00ed p\u0159\u00edru\u010dka<\/h4>\n<p><strong>P\u0159\u00edprava bedn\u011bn\u00ed<\/strong>: Nastavte bedn\u011bn\u00ed podle specifikac\u00ed projektu.<\/p>\n<p><strong>Vlo\u017een\u00ed karabin<\/strong>: V po\u017eadovan\u00fdch rozestupech um\u00edst\u011bte p\u0159es bedn\u011bn\u00ed karabiny.<\/p>\n<p><strong>Bezpe\u010dn\u00e9 vazby<\/strong>: V z\u00e1vislosti na variant\u011b zajist\u011bte vazby podlo\u017ekami nebo plastov\u00fdmi ku\u017eely.<\/p>\n<p><strong>Nal\u00e9v\u00e1n\u00ed betonu<\/strong>: Beton pe\u010dliv\u011b vylijte a zajist\u011bte, aby rovnom\u011brn\u011b st\u00e9kal kolem karabin.<\/p>\n<p><strong>Povolit nastaven\u00ed<\/strong>: Nechte beton vytvrdnout podle projektov\u00fdch pokyn\u016f.<\/p>\n<p><strong>Odstran\u011bn\u00ed bedn\u011bn\u00ed<\/strong>: Po zatuhnut\u00ed betonu odstra\u0148te bedn\u011bn\u00ed a odlomte odkryt\u00e9 konce vazeb.<\/p>\n<h4>\u00dadr\u017eba a skladov\u00e1n\u00ed<\/h4>\n<p><strong>\u010ci\u0161t\u011bn\u00ed<\/strong>: Po ka\u017ed\u00e9m pou\u017eit\u00ed o\u010dist\u011bte karabiny od zbytk\u016f betonu.<\/p>\n<p><strong>Inspekce<\/strong>: Pravideln\u011b kontrolujte, zda karabiny nevykazuj\u00ed zn\u00e1mky opot\u0159eben\u00ed nebo po\u0161kozen\u00ed.<\/p>\n<p><strong>\u00dalo\u017ei\u0161t\u011b<\/strong>: Skladujte je na such\u00e9m a chladn\u00e9m m\u00edst\u011b, abyste zabr\u00e1nili korozi a prodlou\u017eili jejich \u017eivotnost.<\/p>\n<h4>Pro\u010d si vybrat na\u0161e stahovac\u00ed p\u00e1sky?<\/h4>\n<p>Na\u0161e stahovac\u00ed p\u00e1sky do betonu jsou navr\u017eeny s vysokou p\u0159esnost\u00ed a vyr\u00e1b\u011bny podle nejvy\u0161\u0161\u00edch standard\u016f. D\u00edky d\u016frazu na trvanlivost, \u00fa\u010dinnost a v\u00fdkon jsou na\u0161e karabiny preferovanou volbou pro profesion\u00e1ln\u00ed stavitele a dodavatele. D\u016fv\u011b\u0159ujte na\u0161im odborn\u00fdm znalostem a z\u00e1vazku ke kvalit\u011b p\u0159i va\u0161em p\u0159\u00ed\u0161t\u00edm stavebn\u00edm projektu.<\/p>","protected":false},"excerpt":{"rendered":"<p>Zvy\u0161te pevnost a stabilitu sv\u00fdch betonov\u00fdch st\u011bn pomoc\u00ed na\u0161ich prvot\u0159\u00eddn\u00edch stahovac\u00edch p\u00e1sk\u016f do betonu. Tyto stahovac\u00ed p\u00e1sky jsou k dispozici ve variant\u00e1ch s kr\u00e1tk\u00fdm koncem 4-3\/4\u2033 a dlouh\u00fdm koncem 8-1\/4\u2033 a dod\u00e1vaj\u00ed se ve dvou konfigurac\u00edch: s podlo\u017ekami a s plastov\u00fdmi ku\u017eely, co\u017e zaji\u0161\u0165uje bezpe\u010dn\u00fd a efektivn\u00ed proces v\u00fdstavby.<\/p>","protected":false},"featured_media":2947,"comment_status":"open","ping_status":"closed","template":"","meta":{"site-sidebar-layout":"default","site-content-layout":"","ast-site-content-layout":"default","site-content-style":"default","site-sidebar-style":"default","ast-global-header-display":"","ast-banner-title-visibility":"","ast-main-header-display":"","ast-hfb-above-header-display":"","ast-hfb-below-header-display":"","ast-hfb-mobile-header-display":"","site-post-title":"","ast-breadcrumbs-content":"","ast-featured-img":"","footer-sml-layout":"","theme-transparent-header-meta":"default","adv-header-id-meta":"","stick-header-meta":"default","header-above-stick-meta":"","header-main-stick-meta":"","header-below-stick-meta":"","astra-migrate-meta-layouts":"set","ast-page-background-enabled":"default","ast-page-background-meta":{"desktop":{"background-color":"","background-image":"","background-repeat":"repeat","background-position":"center center","background-size":"auto","background-attachment":"scroll","background-type":"","background-media":"","overlay-type":"","overlay-color":"","overlay-opacity":"","overlay-gradient":""},"tablet":{"background-color":"","background-image":"","background-repeat":"repeat","background-position":"center center","background-size":"auto","background-attachment":"scroll","background-type":"","background-media":"","overlay-type":"","overlay-color":"","overlay-opacity":"","overlay-gradient":""},"mobile":{"background-color":"","background-image":"","background-repeat":"repeat","background-position":"center center","background-size":"auto","background-attachment":"scroll","background-type":"","background-media":"","overlay-type":"","overlay-color":"","overlay-opacity":"","overlay-gradient":""}},"ast-content-background-meta":{"desktop":{"background-color":"var(--ast-global-color-5)","background-image":"","background-repeat":"repeat","background-position":"center center","background-size":"auto","background-attachment":"scroll","background-type":"","background-media":"","overlay-type":"","overlay-color":"","overlay-opacity":"","overlay-gradient":""},"tablet":{"background-color":"var(--ast-global-color-5)","background-image":"","background-repeat":"repeat","background-position":"center center","background-size":"auto","background-attachment":"scroll","background-type":"","background-media":"","overlay-type":"","overlay-color":"","overlay-opacity":"","overlay-gradient":""},"mobile":{"background-color":"var(--ast-global-color-5)","background-image":"","background-repeat":"repeat","background-position":"center center","background-size":"auto","background-attachment":"scroll","background-type":"","background-media":"","overlay-type":"","overlay-color":"","overlay-opacity":"","overlay-gradient":""}}},"product_brand":[],"product_cat":[63],"product_tag":[],"class_list":{"0":"post-7381","1":"product","2":"type-product","3":"status-publish","4":"has-post-thumbnail","6":"product_cat-concrete-snap-tie","7":"desktop-align-left","8":"tablet-align-left","9":"mobile-align-left","10":"ast-product-gallery-layout-horizontal-slider","11":"ast-product-tabs-layout-horizontal","13":"first","14":"instock","15":"shipping-taxable","16":"purchasable","17":"product-type-simple"},"yoast_head":"<!-- This site is optimized with the Yoast SEO plugin v25.2 - https:\/\/yoast.com\/wordpress\/plugins\/seo\/ -->\n<title>Concrete Wall Snap Ties<\/title>\n<meta name=\"description\" content=\"Enhance the strength and stability of your concrete walls with our premium Concrete Wall Snap Ties. Available in 4-3\/4&quot; short end and 8-1\/4&quot; long end.\" \/>\n<meta name=\"robots\" content=\"index, follow, max-snippet:-1, max-image-preview:large, max-video-preview:-1\" \/>\n<link rel=\"canonical\" href=\"https:\/\/qingdaohf.com\/cs\/produkt\/stahovaci-pasky-pro-betonove-steny\/\" \/>\n<meta property=\"og:locale\" content=\"cs_CZ\" \/>\n<meta property=\"og:type\" content=\"article\" \/>\n<meta property=\"og:title\" content=\"Concrete Wall Snap Ties\" \/>\n<meta property=\"og:description\" content=\"Enhance the strength and stability of your concrete walls with our premium Concrete Wall Snap Ties. Available in 4-3\/4&quot; short end and 8-1\/4&quot; long end.\" \/>\n<meta property=\"og:url\" content=\"https:\/\/qingdaohf.com\/cs\/produkt\/stahovaci-pasky-pro-betonove-steny\/\" \/>\n<meta property=\"og:site_name\" content=\"Concrete Form &amp; Rigging Hardware Supplier\" \/>\n<meta property=\"article:publisher\" content=\"https:\/\/www.facebook.com\/qingdaohf\" \/>\n<meta property=\"article:modified_time\" content=\"2025-11-13T01:03:16+00:00\" \/>\n<meta property=\"og:image\" content=\"https:\/\/qingdaohf.com\/wp-content\/uploads\/2023\/01\/snap-tie-8.jpg\" \/>\n\t<meta property=\"og:image:width\" content=\"1000\" \/>\n\t<meta property=\"og:image:height\" content=\"1000\" \/>\n\t<meta property=\"og:image:type\" content=\"image\/jpeg\" \/>\n<meta name=\"twitter:card\" content=\"summary_large_image\" \/>\n<meta name=\"twitter:label1\" content=\"Odhadovan\u00e1 doba \u010dten\u00ed\" \/>\n\t<meta name=\"twitter:data1\" content=\"4 minuty\" \/>\n<script type=\"application\/ld+json\" class=\"yoast-schema-graph\">{\"@context\":\"https:\/\/schema.org\",\"@graph\":[{\"@type\":\"WebPage\",\"@id\":\"https:\/\/qingdaohf.com\/product\/concrete-wall-snap-ties\/\",\"url\":\"https:\/\/qingdaohf.com\/product\/concrete-wall-snap-ties\/\",\"name\":\"Concrete Wall Snap Ties\",\"isPartOf\":{\"@id\":\"https:\/\/qingdaohf.com\/bg\/#website\"},\"primaryImageOfPage\":{\"@id\":\"https:\/\/qingdaohf.com\/product\/concrete-wall-snap-ties\/#primaryimage\"},\"image\":{\"@id\":\"https:\/\/qingdaohf.com\/product\/concrete-wall-snap-ties\/#primaryimage\"},\"thumbnailUrl\":\"https:\/\/qingdaohf.com\/wp-content\/uploads\/2023\/01\/snap-tie-8.jpg\",\"datePublished\":\"2024-05-28T10:22:19+00:00\",\"dateModified\":\"2025-11-13T01:03:16+00:00\",\"description\":\"Enhance the strength and stability of your concrete walls with our premium Concrete Wall Snap Ties. Available in 4-3\/4\\\" short end and 8-1\/4\\\" long end.\",\"breadcrumb\":{\"@id\":\"https:\/\/qingdaohf.com\/product\/concrete-wall-snap-ties\/#breadcrumb\"},\"inLanguage\":\"cs\",\"potentialAction\":[{\"@type\":\"ReadAction\",\"target\":[\"https:\/\/qingdaohf.com\/product\/concrete-wall-snap-ties\/\"]}]},{\"@type\":\"ImageObject\",\"inLanguage\":\"cs\",\"@id\":\"https:\/\/qingdaohf.com\/product\/concrete-wall-snap-ties\/#primaryimage\",\"url\":\"https:\/\/qingdaohf.com\/wp-content\/uploads\/2023\/01\/snap-tie-8.jpg\",\"contentUrl\":\"https:\/\/qingdaohf.com\/wp-content\/uploads\/2023\/01\/snap-tie-8.jpg\",\"width\":1000,\"height\":1000,\"caption\":\"concrete wall snap tie\"},{\"@type\":\"BreadcrumbList\",\"@id\":\"https:\/\/qingdaohf.com\/product\/concrete-wall-snap-ties\/#breadcrumb\",\"itemListElement\":[{\"@type\":\"ListItem\",\"position\":1,\"name\":\"Home\",\"item\":\"https:\/\/qingdaohf.com\/\"},{\"@type\":\"ListItem\",\"position\":2,\"name\":\"Concrete Forming Accessories and Rigging Hardware\",\"item\":\"https:\/\/qingdaohf.com\/bg\/?page_id=944\"},{\"@type\":\"ListItem\",\"position\":3,\"name\":\"Concrete Wall Snap Ties\"}]},{\"@type\":\"WebSite\",\"@id\":\"https:\/\/qingdaohf.com\/bg\/#website\",\"url\":\"https:\/\/qingdaohf.com\/bg\/\",\"name\":\"Concrete Form & Rigging Hardware Supplier\",\"description\":\"\",\"publisher\":{\"@id\":\"https:\/\/qingdaohf.com\/bg\/#organization\"},\"potentialAction\":[{\"@type\":\"SearchAction\",\"target\":{\"@type\":\"EntryPoint\",\"urlTemplate\":\"https:\/\/qingdaohf.com\/bg\/?s={search_term_string}\"},\"query-input\":{\"@type\":\"PropertyValueSpecification\",\"valueRequired\":true,\"valueName\":\"search_term_string\"}}],\"inLanguage\":\"cs\"},{\"@type\":\"Organization\",\"@id\":\"https:\/\/qingdaohf.com\/bg\/#organization\",\"name\":\"Qingdao H&F\",\"url\":\"https:\/\/qingdaohf.com\/bg\/\",\"logo\":{\"@type\":\"ImageObject\",\"inLanguage\":\"cs\",\"@id\":\"https:\/\/qingdaohf.com\/bg\/#\/schema\/logo\/image\/\",\"url\":\"https:\/\/qingdaohf.com\/wp-content\/uploads\/2022\/12\/cropped-HF-LOGO.png\",\"contentUrl\":\"https:\/\/qingdaohf.com\/wp-content\/uploads\/2022\/12\/cropped-HF-LOGO.png\",\"width\":391,\"height\":249,\"caption\":\"Qingdao H&F\"},\"image\":{\"@id\":\"https:\/\/qingdaohf.com\/bg\/#\/schema\/logo\/image\/\"},\"sameAs\":[\"https:\/\/www.facebook.com\/qingdaohf\"]}]}<\/script>\n<!-- \/ Yoast SEO plugin. -->","yoast_head_json":{"title":"Concrete Wall Snap Ties","description":"Enhance the strength and stability of your concrete walls with our premium Concrete Wall Snap Ties. Available in 4-3\/4\" short end and 8-1\/4\" long end.","robots":{"index":"index","follow":"follow","max-snippet":"max-snippet:-1","max-image-preview":"max-image-preview:large","max-video-preview":"max-video-preview:-1"},"canonical":"https:\/\/qingdaohf.com\/cs\/produkt\/stahovaci-pasky-pro-betonove-steny\/","og_locale":"cs_CZ","og_type":"article","og_title":"Concrete Wall Snap Ties","og_description":"Enhance the strength and stability of your concrete walls with our premium Concrete Wall Snap Ties. Available in 4-3\/4\" short end and 8-1\/4\" long end.","og_url":"https:\/\/qingdaohf.com\/cs\/produkt\/stahovaci-pasky-pro-betonove-steny\/","og_site_name":"Concrete Form &amp; Rigging Hardware Supplier","article_publisher":"https:\/\/www.facebook.com\/qingdaohf","article_modified_time":"2025-11-13T01:03:16+00:00","og_image":[{"width":1000,"height":1000,"url":"https:\/\/qingdaohf.com\/wp-content\/uploads\/2023\/01\/snap-tie-8.jpg","type":"image\/jpeg"}],"twitter_card":"summary_large_image","twitter_misc":{"Odhadovan\u00e1 doba \u010dten\u00ed":"4 minuty"},"schema":{"@context":"https:\/\/schema.org","@graph":[{"@type":"WebPage","@id":"https:\/\/qingdaohf.com\/product\/concrete-wall-snap-ties\/","url":"https:\/\/qingdaohf.com\/product\/concrete-wall-snap-ties\/","name":"Concrete Wall Snap Ties","isPartOf":{"@id":"https:\/\/qingdaohf.com\/bg\/#website"},"primaryImageOfPage":{"@id":"https:\/\/qingdaohf.com\/product\/concrete-wall-snap-ties\/#primaryimage"},"image":{"@id":"https:\/\/qingdaohf.com\/product\/concrete-wall-snap-ties\/#primaryimage"},"thumbnailUrl":"https:\/\/qingdaohf.com\/wp-content\/uploads\/2023\/01\/snap-tie-8.jpg","datePublished":"2024-05-28T10:22:19+00:00","dateModified":"2025-11-13T01:03:16+00:00","description":"Enhance the strength and stability of your concrete walls with our premium Concrete Wall Snap Ties. Available in 4-3\/4\" short end and 8-1\/4\" long end.","breadcrumb":{"@id":"https:\/\/qingdaohf.com\/product\/concrete-wall-snap-ties\/#breadcrumb"},"inLanguage":"cs","potentialAction":[{"@type":"ReadAction","target":["https:\/\/qingdaohf.com\/product\/concrete-wall-snap-ties\/"]}]},{"@type":"ImageObject","inLanguage":"cs","@id":"https:\/\/qingdaohf.com\/product\/concrete-wall-snap-ties\/#primaryimage","url":"https:\/\/qingdaohf.com\/wp-content\/uploads\/2023\/01\/snap-tie-8.jpg","contentUrl":"https:\/\/qingdaohf.com\/wp-content\/uploads\/2023\/01\/snap-tie-8.jpg","width":1000,"height":1000,"caption":"concrete wall snap tie"},{"@type":"BreadcrumbList","@id":"https:\/\/qingdaohf.com\/product\/concrete-wall-snap-ties\/#breadcrumb","itemListElement":[{"@type":"ListItem","position":1,"name":"Home","item":"https:\/\/qingdaohf.com\/"},{"@type":"ListItem","position":2,"name":"Concrete Forming Accessories and Rigging Hardware","item":"https:\/\/qingdaohf.com\/bg\/?page_id=944"},{"@type":"ListItem","position":3,"name":"Concrete Wall Snap Ties"}]},{"@type":"WebSite","@id":"https:\/\/qingdaohf.com\/bg\/#website","url":"https:\/\/qingdaohf.com\/bg\/","name":"Concrete Form & Rigging Hardware Supplier","description":"","publisher":{"@id":"https:\/\/qingdaohf.com\/bg\/#organization"},"potentialAction":[{"@type":"SearchAction","target":{"@type":"EntryPoint","urlTemplate":"https:\/\/qingdaohf.com\/bg\/?s={search_term_string}"},"query-input":{"@type":"PropertyValueSpecification","valueRequired":true,"valueName":"search_term_string"}}],"inLanguage":"cs"},{"@type":"Organization","@id":"https:\/\/qingdaohf.com\/bg\/#organization","name":"Qingdao H&F","url":"https:\/\/qingdaohf.com\/bg\/","logo":{"@type":"ImageObject","inLanguage":"cs","@id":"https:\/\/qingdaohf.com\/bg\/#\/schema\/logo\/image\/","url":"https:\/\/qingdaohf.com\/wp-content\/uploads\/2022\/12\/cropped-HF-LOGO.png","contentUrl":"https:\/\/qingdaohf.com\/wp-content\/uploads\/2022\/12\/cropped-HF-LOGO.png","width":391,"height":249,"caption":"Qingdao H&F"},"image":{"@id":"https:\/\/qingdaohf.com\/bg\/#\/schema\/logo\/image\/"},"sameAs":["https:\/\/www.facebook.com\/qingdaohf"]}]}},"_links":{"self":[{"href":"https:\/\/qingdaohf.com\/cs\/wp-json\/wp\/v2\/product\/7381","targetHints":{"allow":["GET"]}}],"collection":[{"href":"https:\/\/qingdaohf.com\/cs\/wp-json\/wp\/v2\/product"}],"about":[{"href":"https:\/\/qingdaohf.com\/cs\/wp-json\/wp\/v2\/types\/product"}],"replies":[{"embeddable":true,"href":"https:\/\/qingdaohf.com\/cs\/wp-json\/wp\/v2\/comments?post=7381"}],"version-history":[{"count":6,"href":"https:\/\/qingdaohf.com\/cs\/wp-json\/wp\/v2\/product\/7381\/revisions"}],"predecessor-version":[{"id":10239,"href":"https:\/\/qingdaohf.com\/cs\/wp-json\/wp\/v2\/product\/7381\/revisions\/10239"}],"wp:featuredmedia":[{"embeddable":true,"href":"https:\/\/qingdaohf.com\/cs\/wp-json\/wp\/v2\/media\/2947"}],"wp:attachment":[{"href":"https:\/\/qingdaohf.com\/cs\/wp-json\/wp\/v2\/media?parent=7381"}],"wp:term":[{"taxonomy":"product_brand","embeddable":true,"href":"https:\/\/qingdaohf.com\/cs\/wp-json\/wp\/v2\/product_brand?post=7381"},{"taxonomy":"product_cat","embeddable":true,"href":"https:\/\/qingdaohf.com\/cs\/wp-json\/wp\/v2\/product_cat?post=7381"},{"taxonomy":"product_tag","embeddable":true,"href":"https:\/\/qingdaohf.com\/cs\/wp-json\/wp\/v2\/product_tag?post=7381"}],"curies":[{"name":"wp","href":"https:\/\/api.w.org\/{rel}","templated":true}]}}