{"id":7473,"date":"2024-06-19T11:36:36","date_gmt":"2024-06-19T03:36:36","guid":{"rendered":"http:\/\/qingdaohf.com\/?post_type=product&#038;p=7473"},"modified":"2025-11-13T09:03:15","modified_gmt":"2025-11-13T01:03:15","slug":"plastic-groud-stake","status":"publish","type":"product","link":"https:\/\/qingdaohf.com\/cs\/produkt\/plastovy-kul-na-drazku\/","title":{"rendered":"Plastov\u00fd kol\u00edk na dr\u00e1\u017eku"},"content":{"rendered":"<h4>Univerz\u00e1ln\u00ed a odoln\u00fd plastov\u00fd zemn\u00ed kol\u00edk<\/h4>\n<p>Plastov\u00fd zemn\u00ed kol\u00edk je univerz\u00e1ln\u00edm \u0159e\u0161en\u00edm pro upevn\u011bn\u00ed \u0161irok\u00e9 \u0161k\u00e1ly venkovn\u00edch konstrukc\u00ed a za\u0159\u00edzen\u00ed. A\u0165 u\u017e stav\u00edte stan, upev\u0148ujete p\u0159\u00edst\u0159e\u0161ek nebo kotv\u00edte s\u00ed\u0165, tento kol\u00edk nab\u00edz\u00ed spolehlivost a pevnost pot\u0159ebnou k tomu, aby v\u0161e z\u016fstalo na sv\u00e9m m\u00edst\u011b. Je vyroben z vysoce kvalitn\u00edho plastu odoln\u00e9ho proti UV z\u00e1\u0159en\u00ed, tak\u017ee vydr\u017e\u00ed dlouhodob\u00e9 vystaven\u00ed slune\u010dn\u00edmu z\u00e1\u0159en\u00ed, ani\u017e by degradoval, co\u017e zaji\u0161\u0165uje dlouhodob\u00e9 pou\u017e\u00edv\u00e1n\u00ed.<\/p>\n<p>Jednou z v\u00fdrazn\u00fdch vlastnost\u00ed tohoto zemn\u00edho k\u016flu je jeho snadn\u00e9 zap\u00edchnut\u00ed do zem\u011b. \u0160pi\u010dat\u00fd konec umo\u017e\u0148uje snadn\u00e9 proniknut\u00ed do r\u016fzn\u00fdch typ\u016f p\u016fdy, zat\u00edmco robustn\u00ed konstrukce zaji\u0161\u0165uje, \u017ee z\u016fstane pevn\u011b na m\u00edst\u011b. Na rozd\u00edl od kovov\u00fdch k\u016fl\u016f, kter\u00e9 mohou zreziv\u011bt nebo se ohnout, si tento plastov\u00fd zemn\u00ed kol\u00edk zachov\u00e1v\u00e1 svou celistvost a poskytuje spolehliv\u00e9 \u0159e\u0161en\u00ed pro ukotven\u00ed v mnoha oblastech.<\/p>\n<h4>Praktick\u00fd design pro v\u00edce pou\u017eit\u00ed<\/h4>\n<p>Plastov\u00fd kol\u00edk do zem\u011b je navr\u017een s ohledem na prakti\u010dnost a m\u00e1 jeden otvor v horn\u00ed \u010d\u00e1sti, kter\u00fd umo\u017e\u0148uje bezpe\u010dn\u00e9 p\u0159ipevn\u011bn\u00ed lana. Tento prvek je obzvl\u00e1\u0161t\u011b u\u017eite\u010dn\u00fd pro p\u0159iv\u00e1z\u00e1n\u00ed plachet, p\u0159\u00edst\u0159e\u0161k\u016f a dal\u0161\u00edch p\u0159edm\u011bt\u016f, kter\u00e9 vy\u017eaduj\u00ed stabiln\u00ed kotevn\u00ed bod. H\u00e1\u010dek v bl\u00edzkosti horn\u00ed \u010d\u00e1sti p\u0159id\u00e1v\u00e1 dal\u0161\u00ed mo\u017enost zaji\u0161t\u011bn\u00ed a poskytuje v\u00e1m flexibilitu p\u0159i pou\u017e\u00edv\u00e1n\u00ed k\u016flu. Tato promy\u0161len\u00e1 konstrukce zaji\u0161\u0165uje, \u017ee va\u0161e konstrukce z\u016fstanou bezpe\u010dn\u00e9 i ve v\u011btrn\u00e9m po\u010das\u00ed, co\u017e z n\u011bj \u010din\u00ed nepostradateln\u00fd n\u00e1stroj pro outdoorov\u00e9 nad\u0161ence i profesion\u00e1ly.<\/p>\n<p>V zahradn\u00ed a krajin\u00e1\u0159sk\u00e9 architektu\u0159e je tento k\u016fl neoceniteln\u00fdm pomocn\u00edkem pro r\u016fzn\u00e9 konstrukce a dekorace. D\u00edky sv\u00e9 odolnosti a snadn\u00e9mu pou\u017eit\u00ed je obl\u00edben\u00fd mezi zahr\u00e1dk\u00e1\u0159i, kte\u0159\u00ed cht\u011bj\u00ed upevnit m\u0159\u00ed\u017ee, zahradn\u00ed s\u00edt\u011b nebo dokonce dekorativn\u00ed p\u0159edm\u011bty. Plast odoln\u00fd v\u016f\u010di UV z\u00e1\u0159en\u00ed zaru\u010duje, \u017ee se \u010dasem nezk\u0159ehne ani nezni\u010d\u00ed, a poskytuje tak st\u00e1l\u00fd v\u00fdkon sez\u00f3nu co sez\u00f3nu.<\/p>\n<h4>\u00daloha zemn\u00edch kol\u00edk\u016f ve stavebnictv\u00ed a p\u0159i venkovn\u00edch aktivit\u00e1ch<\/h4>\n<p>Zemn\u00ed kol\u00edky, v\u010detn\u011b plastov\u00fdch variant, hraj\u00ed z\u00e1sadn\u00ed roli ve stavebnictv\u00ed i p\u0159i venkovn\u00edch aktivit\u00e1ch. Ve stavebnictv\u00ed se pou\u017e\u00edvaj\u00ed k zaji\u0161t\u011bn\u00ed do\u010dasn\u00fdch konstrukc\u00ed, jako jsou stany a p\u0159\u00edst\u0159e\u0161ky, a poskytuj\u00ed stabiln\u00ed z\u00e1klad, kter\u00fd zabra\u0148uje pohybu nebo z\u0159\u00edcen\u00ed. To je d\u016fle\u017eit\u00e9 zejm\u00e9na v situac\u00edch, kdy je nejd\u016fle\u017eit\u011bj\u0161\u00ed bezpe\u010dnost a stabilita. D\u00edky snadn\u00e9 instalaci a demont\u00e1\u017ei jsou plastov\u00e9 zemn\u00ed kol\u00edky vhodnou volbou pro do\u010dasn\u00e9 instalace, proto\u017ee umo\u017e\u0148uj\u00ed rychl\u00e9 \u00fapravy podle pot\u0159eby.<\/p>\n<p>V oblasti outdoorov\u00fdch aktivit jsou zemn\u00ed kol\u00edky nepostradateln\u00e9 p\u0159i kempov\u00e1n\u00ed, turistice a dal\u0161\u00edch rekrea\u010dn\u00edch aktivit\u00e1ch. Bezpe\u010dn\u00fd stan nebo p\u0159\u00edst\u0159e\u0161ek m\u016f\u017ee znamenat rozd\u00edl mezi pohodln\u00fdm z\u00e1\u017eitkem a katastrofou. Plastov\u00fd kol\u00edk do zem\u011b nab\u00edz\u00ed klid a jistotu, \u017ee v\u00e1\u0161 p\u0159\u00edst\u0159e\u0161ek z\u016fstane pevn\u011b na m\u00edst\u011b bez ohledu na podm\u00ednky. D\u00edky sv\u00e9 lehkosti se snadno p\u0159epravuje, p\u0159id\u00e1v\u00e1 va\u0161\u00ed v\u00fdbav\u011b minim\u00e1ln\u00ed hmotnost a z\u00e1rove\u0148 poskytuje maxim\u00e1ln\u00ed stabilitu.<\/p>\n<h4>P\u0159edstaven\u00ed z\u00e1kladov\u00fdch \u0161roub\u016f a jejich v\u00fdznamu ve stavebnictv\u00ed<\/h4>\n<p>Z\u00e1kladov\u00e9 \u0161rouby jsou z\u00e1kladn\u00edmi sou\u010d\u00e1stmi v oblasti stavebnictv\u00ed a hraj\u00ed rozhoduj\u00edc\u00ed roli p\u0159i upev\u0148ov\u00e1n\u00ed konstrukc\u00ed k z\u00e1klad\u016fm. Tyto \u0161rouby jsou obvykle vyrobeny z vysokopevnostn\u00ed oceli a pou\u017e\u00edvaj\u00ed se k ukotven\u00ed budov, most\u016f, stroj\u016f a dal\u0161\u00edch t\u011b\u017ek\u00fdch konstrukc\u00ed. Hlavn\u00edm \u00fa\u010delem z\u00e1kladov\u00fdch \u0161roub\u016f je zajistit bezpe\u010dn\u00e9 spojen\u00ed mezi konstrukc\u00ed a jej\u00edm z\u00e1kladem a zajistit stabilitu a odolnost v\u016f\u010di r\u016fzn\u00fdm sil\u00e1m, v\u010detn\u011b v\u011btru, seismick\u00e9 \u010dinnosti a dal\u0161\u00edch faktor\u016f prost\u0159ed\u00ed.<\/p>\n<p>Ve stavebnictv\u00ed se z\u00e1kladov\u00e9 \u0161rouby zapou\u0161t\u011bj\u00ed do betonov\u00fdch z\u00e1klad\u016f je\u0161t\u011b p\u0159ed zatuhnut\u00edm betonu, \u010d\u00edm\u017e se vytvo\u0159\u00ed pevn\u00fd spoj, kter\u00fd odol\u00e1 zna\u010dn\u00e9mu zat\u00ed\u017een\u00ed. Dod\u00e1vaj\u00ed se v r\u016fzn\u00fdch velikostech a typech, z nich\u017e ka\u017ed\u00fd je ur\u010den pro specifick\u00e9 aplikace a po\u017eadavky na zat\u00ed\u017een\u00ed. Spr\u00e1vn\u00fd v\u00fdb\u011br a instalace z\u00e1kladov\u00fdch \u0161roub\u016f jsou z\u00e1sadn\u00ed pro konstruk\u010dn\u00ed integritu a bezpe\u010dnost ka\u017ed\u00e9ho stavebn\u00edho projektu.<\/p>\n<p>Jednou z hlavn\u00edch v\u00fdhod z\u00e1kladov\u00fdch \u0161roub\u016f je jejich schopnost zajistit spolehliv\u00e9 ukotven\u00ed t\u011b\u017ek\u00fdch konstrukc\u00ed. To je d\u016fle\u017eit\u00e9 zejm\u00e9na v pr\u016fmyslov\u00e9m prost\u0159ed\u00ed, kde stroje a za\u0159\u00edzen\u00ed mus\u00ed z\u016fstat stabiln\u00ed b\u011bhem provozu. Z\u00e1kladov\u00e9 \u0161rouby zabra\u0148uj\u00ed pohybu a vibrac\u00edm, kter\u00e9 by jinak mohly v\u00e9st k poru\u0161e za\u0159\u00edzen\u00ed nebo po\u0161kozen\u00ed konstrukce. Upevn\u011bn\u00edm strojn\u00edho za\u0159\u00edzen\u00ed ke stabiln\u00edmu z\u00e1kladu zaji\u0161\u0165uj\u00ed tyto \u0161rouby bezprobl\u00e9mov\u00fd a bezpe\u010dn\u00fd provoz.<\/p>\n<p>Z\u00e1kladov\u00e9 \u0161rouby hraj\u00ed kl\u00ed\u010dovou roli tak\u00e9 p\u0159i stavb\u011b most\u016f a dal\u0161\u00edch velk\u00fdch infrastrukturn\u00edch projekt\u016f. Stabilita, kterou tyto \u0161rouby zaji\u0161\u0165uj\u00ed, pom\u00e1h\u00e1 rovnom\u011brn\u011b rozlo\u017eit zat\u00ed\u017een\u00ed, \u010d\u00edm\u017e se sni\u017euje nam\u00e1h\u00e1n\u00ed jednotliv\u00fdch sou\u010d\u00e1st\u00ed a prodlu\u017euje se \u017eivotnost konstrukce. Jejich schopnost odol\u00e1vat dynamick\u00fdm sil\u00e1m, jako jsou s\u00edly vyvolan\u00e9 dopravou nebo p\u0159\u00edrodn\u00edmi jevy, je \u010din\u00ed nepostradateln\u00fdmi p\u0159i zaji\u0161\u0165ov\u00e1n\u00ed bezpe\u010dnosti a \u017eivotnosti most\u016f a podobn\u00fdch konstrukc\u00ed.<\/p>\n<p>Z\u00e1kladov\u00e9 \u0161rouby jsou z\u00e1kladn\u00edm kamenem modern\u00edho stavitelstv\u00ed a zaji\u0161\u0165uj\u00ed pot\u0159ebnou stabilitu a bezpe\u010dnost cel\u00e9 \u0159ady konstrukc\u00ed. Jejich role p\u0159i kotven\u00ed budov a stroj\u016f je z\u00e1sadn\u00ed pro zachov\u00e1n\u00ed integrity a bezpe\u010dnosti stavebn\u00edch projekt\u016f, co\u017e z nich \u010din\u00ed neocenitelnou sou\u010d\u00e1st v ter\u00e9nu.<\/p>\n<div class=\"ast-oembed-container\" style=\"height: 100%;\"><iframe title=\"Plastov\u00e9 zemn\u00ed kol\u00edky\" width=\"500\" height=\"281\" src=\"https:\/\/www.youtube.com\/embed\/XXn9suyaFmM?feature=oembed\" frameborder=\"0\" allow=\"accelerometer; autoplay; clipboard-write; encrypted-media; gyroscope; picture-in-picture; web-share\" referrerpolicy=\"strict-origin-when-cross-origin\" allowfullscreen><\/iframe><\/div>","protected":false},"excerpt":{"rendered":"<p>Plastov\u00fd kol\u00edk do zem\u011b je ide\u00e1ln\u00ed pro upevn\u011bn\u00ed kotev, stan\u016f, s\u00edt\u00ed, plachet, p\u0159\u00edst\u0159e\u0161k\u016f a zahradn\u00edch nebo terasov\u00fdch konstrukc\u00ed. Tento odoln\u00fd k\u016fl je vyroben z vysoce kvalitn\u00edho plastu odoln\u00e9ho proti UV z\u00e1\u0159en\u00ed a snadno se zapichuje do zem\u011b. V bl\u00edzkosti horn\u00ed \u010d\u00e1sti je vybaven otvorem pro p\u0159iv\u00e1z\u00e1n\u00ed lana, kter\u00fd zaji\u0161\u0165uje bezpe\u010dn\u00e9 uchycen\u00ed pro r\u016fzn\u00e9 aplikace.<\/p>","protected":false},"featured_media":7475,"comment_status":"open","ping_status":"closed","template":"","meta":{"site-sidebar-layout":"default","site-content-layout":"","ast-site-content-layout":"default","site-content-style":"default","site-sidebar-style":"default","ast-global-header-display":"","ast-banner-title-visibility":"","ast-main-header-display":"","ast-hfb-above-header-display":"","ast-hfb-below-header-display":"","ast-hfb-mobile-header-display":"","site-post-title":"","ast-breadcrumbs-content":"","ast-featured-img":"","footer-sml-layout":"","theme-transparent-header-meta":"default","adv-header-id-meta":"","stick-header-meta":"default","header-above-stick-meta":"","header-main-stick-meta":"","header-below-stick-meta":"","astra-migrate-meta-layouts":"set","ast-page-background-enabled":"default","ast-page-background-meta":{"desktop":{"background-color":"","background-image":"","background-repeat":"repeat","background-position":"center center","background-size":"auto","background-attachment":"scroll","background-type":"","background-media":"","overlay-type":"","overlay-color":"","overlay-opacity":"","overlay-gradient":""},"tablet":{"background-color":"","background-image":"","background-repeat":"repeat","background-position":"center center","background-size":"auto","background-attachment":"scroll","background-type":"","background-media":"","overlay-type":"","overlay-color":"","overlay-opacity":"","overlay-gradient":""},"mobile":{"background-color":"","background-image":"","background-repeat":"repeat","background-position":"center center","background-size":"auto","background-attachment":"scroll","background-type":"","background-media":"","overlay-type":"","overlay-color":"","overlay-opacity":"","overlay-gradient":""}},"ast-content-background-meta":{"desktop":{"background-color":"var(--ast-global-color-5)","background-image":"","background-repeat":"repeat","background-position":"center center","background-size":"auto","background-attachment":"scroll","background-type":"","background-media":"","overlay-type":"","overlay-color":"","overlay-opacity":"","overlay-gradient":""},"tablet":{"background-color":"var(--ast-global-color-5)","background-image":"","background-repeat":"repeat","background-position":"center center","background-size":"auto","background-attachment":"scroll","background-type":"","background-media":"","overlay-type":"","overlay-color":"","overlay-opacity":"","overlay-gradient":""},"mobile":{"background-color":"var(--ast-global-color-5)","background-image":"","background-repeat":"repeat","background-position":"center center","background-size":"auto","background-attachment":"scroll","background-type":"","background-media":"","overlay-type":"","overlay-color":"","overlay-opacity":"","overlay-gradient":""}}},"product_brand":[],"product_cat":[75],"product_tag":[],"class_list":{"0":"post-7473","1":"product","2":"type-product","3":"status-publish","4":"has-post-thumbnail","6":"product_cat-plastic-and-rubber-product","7":"desktop-align-left","8":"tablet-align-left","9":"mobile-align-left","10":"ast-product-gallery-layout-horizontal-slider","11":"ast-product-tabs-layout-horizontal","13":"first","14":"instock","15":"shipping-taxable","16":"purchasable","17":"product-type-simple"},"yoast_head":"<!-- This site is optimized with the Yoast SEO plugin v25.2 - https:\/\/yoast.com\/wordpress\/plugins\/seo\/ -->\n<title>Plastic Groud Stake<\/title>\n<meta name=\"description\" content=\"The plastic ground stake is perfect for securing anchors, tents, nets, tarps, canopies, and garden or patio structures.\" \/>\n<meta name=\"robots\" content=\"index, follow, max-snippet:-1, max-image-preview:large, max-video-preview:-1\" \/>\n<link rel=\"canonical\" href=\"https:\/\/qingdaohf.com\/cs\/produkt\/plastovy-kul-na-drazku\/\" \/>\n<meta property=\"og:locale\" content=\"cs_CZ\" \/>\n<meta property=\"og:type\" content=\"article\" \/>\n<meta property=\"og:title\" content=\"Plastic Groud Stake\" \/>\n<meta property=\"og:description\" content=\"The plastic ground stake is perfect for securing anchors, tents, nets, tarps, canopies, and garden or patio structures.\" \/>\n<meta property=\"og:url\" content=\"https:\/\/qingdaohf.com\/cs\/produkt\/plastovy-kul-na-drazku\/\" \/>\n<meta property=\"og:site_name\" content=\"Concrete Form &amp; Rigging Hardware Supplier\" \/>\n<meta property=\"article:publisher\" content=\"https:\/\/www.facebook.com\/qingdaohf\" \/>\n<meta property=\"article:modified_time\" content=\"2025-11-13T01:03:15+00:00\" \/>\n<meta property=\"og:image\" content=\"https:\/\/qingdaohf.com\/wp-content\/uploads\/2024\/06\/plastic-groud-stake-1.webp\" \/>\n\t<meta property=\"og:image:width\" content=\"1000\" \/>\n\t<meta property=\"og:image:height\" content=\"1000\" \/>\n\t<meta property=\"og:image:type\" content=\"image\/webp\" \/>\n<meta name=\"twitter:card\" content=\"summary_large_image\" \/>\n<meta name=\"twitter:label1\" content=\"Odhadovan\u00e1 doba \u010dten\u00ed\" \/>\n\t<meta name=\"twitter:data1\" content=\"4 minuty\" \/>\n<script type=\"application\/ld+json\" class=\"yoast-schema-graph\">{\"@context\":\"https:\/\/schema.org\",\"@graph\":[{\"@type\":\"WebPage\",\"@id\":\"https:\/\/qingdaohf.com\/product\/plastic-groud-stake\/\",\"url\":\"https:\/\/qingdaohf.com\/product\/plastic-groud-stake\/\",\"name\":\"Plastic Groud Stake\",\"isPartOf\":{\"@id\":\"https:\/\/qingdaohf.com\/bg\/#website\"},\"primaryImageOfPage\":{\"@id\":\"https:\/\/qingdaohf.com\/product\/plastic-groud-stake\/#primaryimage\"},\"image\":{\"@id\":\"https:\/\/qingdaohf.com\/product\/plastic-groud-stake\/#primaryimage\"},\"thumbnailUrl\":\"https:\/\/qingdaohf.com\/wp-content\/uploads\/2024\/06\/plastic-groud-stake-1.webp\",\"datePublished\":\"2024-06-19T03:36:36+00:00\",\"dateModified\":\"2025-11-13T01:03:15+00:00\",\"description\":\"The plastic ground stake is perfect for securing anchors, tents, nets, tarps, canopies, and garden or patio structures.\",\"breadcrumb\":{\"@id\":\"https:\/\/qingdaohf.com\/product\/plastic-groud-stake\/#breadcrumb\"},\"inLanguage\":\"cs\",\"potentialAction\":[{\"@type\":\"ReadAction\",\"target\":[\"https:\/\/qingdaohf.com\/product\/plastic-groud-stake\/\"]}]},{\"@type\":\"ImageObject\",\"inLanguage\":\"cs\",\"@id\":\"https:\/\/qingdaohf.com\/product\/plastic-groud-stake\/#primaryimage\",\"url\":\"https:\/\/qingdaohf.com\/wp-content\/uploads\/2024\/06\/plastic-groud-stake-1.webp\",\"contentUrl\":\"https:\/\/qingdaohf.com\/wp-content\/uploads\/2024\/06\/plastic-groud-stake-1.webp\",\"width\":1000,\"height\":1000,\"caption\":\"plastic groud stake\"},{\"@type\":\"BreadcrumbList\",\"@id\":\"https:\/\/qingdaohf.com\/product\/plastic-groud-stake\/#breadcrumb\",\"itemListElement\":[{\"@type\":\"ListItem\",\"position\":1,\"name\":\"Home\",\"item\":\"https:\/\/qingdaohf.com\/\"},{\"@type\":\"ListItem\",\"position\":2,\"name\":\"Concrete Forming Accessories and Rigging Hardware\",\"item\":\"https:\/\/qingdaohf.com\/bg\/?page_id=944\"},{\"@type\":\"ListItem\",\"position\":3,\"name\":\"Plastic Groud Stake\"}]},{\"@type\":\"WebSite\",\"@id\":\"https:\/\/qingdaohf.com\/bg\/#website\",\"url\":\"https:\/\/qingdaohf.com\/bg\/\",\"name\":\"Concrete Form & Rigging Hardware Supplier\",\"description\":\"\",\"publisher\":{\"@id\":\"https:\/\/qingdaohf.com\/bg\/#organization\"},\"potentialAction\":[{\"@type\":\"SearchAction\",\"target\":{\"@type\":\"EntryPoint\",\"urlTemplate\":\"https:\/\/qingdaohf.com\/bg\/?s={search_term_string}\"},\"query-input\":{\"@type\":\"PropertyValueSpecification\",\"valueRequired\":true,\"valueName\":\"search_term_string\"}}],\"inLanguage\":\"cs\"},{\"@type\":\"Organization\",\"@id\":\"https:\/\/qingdaohf.com\/bg\/#organization\",\"name\":\"Qingdao H&F\",\"url\":\"https:\/\/qingdaohf.com\/bg\/\",\"logo\":{\"@type\":\"ImageObject\",\"inLanguage\":\"cs\",\"@id\":\"https:\/\/qingdaohf.com\/bg\/#\/schema\/logo\/image\/\",\"url\":\"https:\/\/qingdaohf.com\/wp-content\/uploads\/2022\/12\/cropped-HF-LOGO.png\",\"contentUrl\":\"https:\/\/qingdaohf.com\/wp-content\/uploads\/2022\/12\/cropped-HF-LOGO.png\",\"width\":391,\"height\":249,\"caption\":\"Qingdao H&F\"},\"image\":{\"@id\":\"https:\/\/qingdaohf.com\/bg\/#\/schema\/logo\/image\/\"},\"sameAs\":[\"https:\/\/www.facebook.com\/qingdaohf\"]}]}<\/script>\n<!-- \/ Yoast SEO plugin. -->","yoast_head_json":{"title":"Plastic Groud Stake","description":"The plastic ground stake is perfect for securing anchors, tents, nets, tarps, canopies, and garden or patio structures.","robots":{"index":"index","follow":"follow","max-snippet":"max-snippet:-1","max-image-preview":"max-image-preview:large","max-video-preview":"max-video-preview:-1"},"canonical":"https:\/\/qingdaohf.com\/cs\/produkt\/plastovy-kul-na-drazku\/","og_locale":"cs_CZ","og_type":"article","og_title":"Plastic Groud Stake","og_description":"The plastic ground stake is perfect for securing anchors, tents, nets, tarps, canopies, and garden or patio structures.","og_url":"https:\/\/qingdaohf.com\/cs\/produkt\/plastovy-kul-na-drazku\/","og_site_name":"Concrete Form &amp; Rigging Hardware Supplier","article_publisher":"https:\/\/www.facebook.com\/qingdaohf","article_modified_time":"2025-11-13T01:03:15+00:00","og_image":[{"width":1000,"height":1000,"url":"https:\/\/qingdaohf.com\/wp-content\/uploads\/2024\/06\/plastic-groud-stake-1.webp","type":"image\/webp"}],"twitter_card":"summary_large_image","twitter_misc":{"Odhadovan\u00e1 doba \u010dten\u00ed":"4 minuty"},"schema":{"@context":"https:\/\/schema.org","@graph":[{"@type":"WebPage","@id":"https:\/\/qingdaohf.com\/product\/plastic-groud-stake\/","url":"https:\/\/qingdaohf.com\/product\/plastic-groud-stake\/","name":"Plastic Groud Stake","isPartOf":{"@id":"https:\/\/qingdaohf.com\/bg\/#website"},"primaryImageOfPage":{"@id":"https:\/\/qingdaohf.com\/product\/plastic-groud-stake\/#primaryimage"},"image":{"@id":"https:\/\/qingdaohf.com\/product\/plastic-groud-stake\/#primaryimage"},"thumbnailUrl":"https:\/\/qingdaohf.com\/wp-content\/uploads\/2024\/06\/plastic-groud-stake-1.webp","datePublished":"2024-06-19T03:36:36+00:00","dateModified":"2025-11-13T01:03:15+00:00","description":"The plastic ground stake is perfect for securing anchors, tents, nets, tarps, canopies, and garden or patio structures.","breadcrumb":{"@id":"https:\/\/qingdaohf.com\/product\/plastic-groud-stake\/#breadcrumb"},"inLanguage":"cs","potentialAction":[{"@type":"ReadAction","target":["https:\/\/qingdaohf.com\/product\/plastic-groud-stake\/"]}]},{"@type":"ImageObject","inLanguage":"cs","@id":"https:\/\/qingdaohf.com\/product\/plastic-groud-stake\/#primaryimage","url":"https:\/\/qingdaohf.com\/wp-content\/uploads\/2024\/06\/plastic-groud-stake-1.webp","contentUrl":"https:\/\/qingdaohf.com\/wp-content\/uploads\/2024\/06\/plastic-groud-stake-1.webp","width":1000,"height":1000,"caption":"plastic groud stake"},{"@type":"BreadcrumbList","@id":"https:\/\/qingdaohf.com\/product\/plastic-groud-stake\/#breadcrumb","itemListElement":[{"@type":"ListItem","position":1,"name":"Home","item":"https:\/\/qingdaohf.com\/"},{"@type":"ListItem","position":2,"name":"Concrete Forming Accessories and Rigging Hardware","item":"https:\/\/qingdaohf.com\/bg\/?page_id=944"},{"@type":"ListItem","position":3,"name":"Plastic Groud Stake"}]},{"@type":"WebSite","@id":"https:\/\/qingdaohf.com\/bg\/#website","url":"https:\/\/qingdaohf.com\/bg\/","name":"Concrete Form & Rigging Hardware Supplier","description":"","publisher":{"@id":"https:\/\/qingdaohf.com\/bg\/#organization"},"potentialAction":[{"@type":"SearchAction","target":{"@type":"EntryPoint","urlTemplate":"https:\/\/qingdaohf.com\/bg\/?s={search_term_string}"},"query-input":{"@type":"PropertyValueSpecification","valueRequired":true,"valueName":"search_term_string"}}],"inLanguage":"cs"},{"@type":"Organization","@id":"https:\/\/qingdaohf.com\/bg\/#organization","name":"Qingdao H&F","url":"https:\/\/qingdaohf.com\/bg\/","logo":{"@type":"ImageObject","inLanguage":"cs","@id":"https:\/\/qingdaohf.com\/bg\/#\/schema\/logo\/image\/","url":"https:\/\/qingdaohf.com\/wp-content\/uploads\/2022\/12\/cropped-HF-LOGO.png","contentUrl":"https:\/\/qingdaohf.com\/wp-content\/uploads\/2022\/12\/cropped-HF-LOGO.png","width":391,"height":249,"caption":"Qingdao H&F"},"image":{"@id":"https:\/\/qingdaohf.com\/bg\/#\/schema\/logo\/image\/"},"sameAs":["https:\/\/www.facebook.com\/qingdaohf"]}]}},"_links":{"self":[{"href":"https:\/\/qingdaohf.com\/cs\/wp-json\/wp\/v2\/product\/7473","targetHints":{"allow":["GET"]}}],"collection":[{"href":"https:\/\/qingdaohf.com\/cs\/wp-json\/wp\/v2\/product"}],"about":[{"href":"https:\/\/qingdaohf.com\/cs\/wp-json\/wp\/v2\/types\/product"}],"replies":[{"embeddable":true,"href":"https:\/\/qingdaohf.com\/cs\/wp-json\/wp\/v2\/comments?post=7473"}],"version-history":[{"count":2,"href":"https:\/\/qingdaohf.com\/cs\/wp-json\/wp\/v2\/product\/7473\/revisions"}],"predecessor-version":[{"id":7479,"href":"https:\/\/qingdaohf.com\/cs\/wp-json\/wp\/v2\/product\/7473\/revisions\/7479"}],"wp:featuredmedia":[{"embeddable":true,"href":"https:\/\/qingdaohf.com\/cs\/wp-json\/wp\/v2\/media\/7475"}],"wp:attachment":[{"href":"https:\/\/qingdaohf.com\/cs\/wp-json\/wp\/v2\/media?parent=7473"}],"wp:term":[{"taxonomy":"product_brand","embeddable":true,"href":"https:\/\/qingdaohf.com\/cs\/wp-json\/wp\/v2\/product_brand?post=7473"},{"taxonomy":"product_cat","embeddable":true,"href":"https:\/\/qingdaohf.com\/cs\/wp-json\/wp\/v2\/product_cat?post=7473"},{"taxonomy":"product_tag","embeddable":true,"href":"https:\/\/qingdaohf.com\/cs\/wp-json\/wp\/v2\/product_tag?post=7473"}],"curies":[{"name":"wp","href":"https:\/\/api.w.org\/{rel}","templated":true}]}}