{"id":7481,"date":"2024-06-19T15:02:52","date_gmt":"2024-06-19T07:02:52","guid":{"rendered":"http:\/\/qingdaohf.com\/?post_type=product&#038;p=7481"},"modified":"2025-11-13T09:03:15","modified_gmt":"2025-11-13T01:03:15","slug":"5-8x24-anchor-bolt","status":"publish","type":"product","link":"https:\/\/qingdaohf.com\/cs\/produkt\/sb-kotevni-sroub\/","title":{"rendered":"Kotevn\u00ed \u0161roub 5\/8X24"},"content":{"rendered":"<p>Kotevn\u00ed \u0161rouby jsou ve stavebnictv\u00ed nezbytnou sou\u010d\u00e1st\u00ed, kter\u00e1 poskytuje bezpe\u010dn\u00e9 a spolehliv\u00e9 \u0159e\u0161en\u00ed pro ukotven\u00ed konstrukc\u00ed do betonov\u00fdch z\u00e1klad\u016f. Tyto \u0161rouby jsou pe\u010dliv\u011b navr\u017eeny tak, aby byla zaji\u0161t\u011bna jejich maxim\u00e1ln\u00ed pevnost a odolnost, a jsou tak ide\u00e1ln\u00ed pro \u0161irokou \u0161k\u00e1lu stavebn\u00edch aplikac\u00ed. Kotevn\u00ed \u0161roub hraje kl\u00ed\u010dovou roli ve stabilit\u011b a integrit\u011b budov a zaji\u0161\u0165uje, \u017ee konstrukce z\u016fstanou pevn\u011b na sv\u00e9m m\u00edst\u011b i p\u0159i zna\u010dn\u00e9m nam\u00e1h\u00e1n\u00ed a zat\u00ed\u017een\u00ed.<\/p>\n<p><strong>\u00davod do z\u00e1kladov\u00fdch \u0161roub\u016f<\/strong><\/p>\n<p>Z\u00e1kladov\u00e9 \u0161rouby, jako je nap\u0159\u00edklad kotevn\u00ed \u0161roub, maj\u00ed ve stavebn\u00edch projektech z\u00e1sadn\u00ed v\u00fdznam. Pou\u017e\u00edvaj\u00ed se k upevn\u011bn\u00ed konstrukc\u00ed k betonov\u00fdm z\u00e1klad\u016fm a poskytuj\u00ed pot\u0159ebnou oporu, aby odolaly r\u016fzn\u00fdm sil\u00e1m. Tyto \u0161rouby se b\u011b\u017en\u011b pou\u017e\u00edvaj\u00ed v obytn\u00fdch, komer\u010dn\u00edch a pr\u016fmyslov\u00fdch budov\u00e1ch a zaji\u0161\u0165uj\u00ed stabilitu a bezpe\u010dnost staveb.<\/p>\n<p>Hlavn\u00ed funkc\u00ed z\u00e1kladov\u00fdch \u0161roub\u016f je p\u0159en\u00e1\u0161et zat\u00ed\u017een\u00ed z konstrukce na betonov\u00fd z\u00e1klad. To pom\u00e1h\u00e1 zachovat integritu konstrukce a zabra\u0148uje ne\u017e\u00e1douc\u00edm pohyb\u016fm nebo posun\u016fm. Kotevn\u00ed \u0161rouby jsou konstruov\u00e1ny tak, aby spl\u0148ovaly tyto po\u017eadavky a nab\u00edzely bezkonkuren\u010dn\u00ed v\u00fdkon a spolehlivost.<\/p>\n<p><strong>\u00daloha kotevn\u00edho \u0161roubu ve stavebnictv\u00ed<\/strong><\/p>\n<p>Kotevn\u00ed \u0161rouby vynikaj\u00ed vysoce kvalitn\u00edmi materi\u00e1ly a precizn\u00edm v\u00fdrobn\u00edm procesem. Tento kotevn\u00ed \u0161roub je navr\u017een tak, aby poskytoval vynikaj\u00edc\u00ed pevnost, co\u017e zaru\u010duje, \u017ee zvl\u00e1dne velk\u00e9 zat\u00ed\u017een\u00ed a extr\u00e9mn\u00ed podm\u00ednky. Ve stavebnictv\u00ed se kotevn\u00ed \u0161roub pou\u017e\u00edv\u00e1 v r\u016fzn\u00fdch aplikac\u00edch, v\u010detn\u011b upevn\u011bn\u00ed sloup\u016f, nosn\u00edk\u016f a dal\u0161\u00edch konstruk\u010dn\u00edch prvk\u016f k betonov\u00e9mu z\u00e1kladu.<\/p>\n<p>Jednou z kl\u00ed\u010dov\u00fdch vlastnost\u00ed kotevn\u00edho \u0161roubu je jeho odolnost proti korozi. D\u00edky tomu z\u016fst\u00e1v\u00e1 \u0161roub neporu\u0161en\u00fd a funk\u010dn\u00ed i v n\u00e1ro\u010dn\u00fdch podm\u00ednk\u00e1ch. Odolnost kotevn\u00edho \u0161roubu sni\u017euje pot\u0159ebu jeho \u010dast\u00e9 v\u00fdm\u011bny, co\u017e \u0161et\u0159\u00ed \u010das i n\u00e1klady na stavebn\u00ed projekty.<\/p>\n<p>Krom\u011b pevnosti a odolnosti se kotevn\u00ed \u0161rouby tak\u00e9 snadno instaluj\u00ed. Konstrukce umo\u017e\u0148uje rychlou a efektivn\u00ed instalaci, co\u017e zaji\u0161\u0165uje, \u017ee stavebn\u00ed projekty mohou prob\u00edhat bez zpo\u017ed\u011bn\u00ed. D\u00edky t\u00e9to snadn\u00e9 instalaci je kotevn\u00ed \u0161roub Anchor Bolt preferovanou volbou mnoha stavebn\u00edch profesion\u00e1l\u016f.<\/p>\n<p><strong>Pou\u017eit\u00ed kotevn\u00edho \u0161roubu<\/strong><\/p>\n<p>D\u00edky sv\u00e9 univerz\u00e1lnosti je kotevn\u00ed \u0161roub vhodn\u00fd pro \u0161irokou \u0161k\u00e1lu aplikac\u00ed. V bytov\u00e9 v\u00fdstavb\u011b se tyto \u0161rouby pou\u017e\u00edvaj\u00ed k upevn\u011bn\u00ed r\u00e1m\u016f dom\u016f a dal\u0161\u00edch konstruk\u010dn\u00edch prvk\u016f k z\u00e1klad\u016fm. T\u00edm je zaji\u0161t\u011bna stabilita konstrukce a jej\u00ed odolnost v\u016f\u010di r\u016fzn\u00fdm vliv\u016fm prost\u0159ed\u00ed, jako je v\u00edtr a seismick\u00e1 aktivita.<\/p>\n<p>V komer\u010dn\u00ed v\u00fdstavb\u011b se kotevn\u00ed \u0161rouby pou\u017e\u00edvaj\u00ed k upevn\u011bn\u00ed velk\u00fdch konstrukc\u00ed, jako jsou mrakodrapy a mosty, k jejich z\u00e1klad\u016fm. Pevnost a spolehlivost t\u011bchto \u0161roub\u016f jsou kl\u00ed\u010dov\u00e9 pro zaji\u0161t\u011bn\u00ed bezpe\u010dnosti a stability t\u011bchto rozs\u00e1hl\u00fdch projekt\u016f. Schopnost kotevn\u00edho \u0161roubu sn\u00e1\u0161et velk\u00e1 zat\u00ed\u017een\u00ed z n\u011bj \u010din\u00ed z\u00e1kladn\u00ed sou\u010d\u00e1st t\u011bchto aplikac\u00ed.<\/p>\n<p>Pou\u017eit\u00ed kotevn\u00edch \u0161roub\u016f je v\u00fdhodn\u00e9 i pro pr\u016fmyslov\u00e9 stavby. Tyto \u0161rouby se pou\u017e\u00edvaj\u00ed k upevn\u011bn\u00ed stroj\u016f a za\u0159\u00edzen\u00ed k betonov\u00e9mu z\u00e1kladu a zaji\u0161\u0165uj\u00ed jejich stabilitu b\u011bhem provozu. To je d\u016fle\u017eit\u00e9 zejm\u00e9na v pr\u016fmyslov\u00fdch odv\u011btv\u00edch, kde se pou\u017e\u00edvaj\u00ed t\u011b\u017ek\u00e9 stroje, proto\u017ee jak\u00fdkoli pohyb m\u016f\u017ee v\u00e9st ke zna\u010dn\u00e9mu ohro\u017een\u00ed bezpe\u010dnosti.<\/p>\n<p><strong>Z\u00e1v\u011br o kotevn\u00edm \u0161roubu<\/strong><\/p>\n<p>Kotevn\u00ed \u0161rouby jsou d\u016fle\u017eitou sou\u010d\u00e1st\u00ed stavebn\u00edho pr\u016fmyslu a nab\u00edzej\u00ed bezkonkuren\u010dn\u00ed pevnost, odolnost a spolehlivost. Jeho \u00faloha p\u0159i upev\u0148ov\u00e1n\u00ed konstrukc\u00ed k betonov\u00fdm z\u00e1klad\u016fm zaji\u0161\u0165uje stabilitu a bezpe\u010dnost r\u016fzn\u00fdch stavebn\u00edch projekt\u016f. A\u0165 u\u017e se jedn\u00e1 o obytn\u00e9, komer\u010dn\u00ed nebo pr\u016fmyslov\u00e9 aplikace, kotevn\u00ed \u0161roub je preferovanou volbou pro stavebn\u00ed profesion\u00e1ly, kte\u0159\u00ed hledaj\u00ed spolehliv\u00e9 \u0159e\u0161en\u00ed.<\/p>\n<p>Investice do vysoce kvalitn\u00edch z\u00e1kladov\u00fdch \u0161roub\u016f, jako jsou kotevn\u00ed \u0161rouby, je kl\u00ed\u010dov\u00e1 pro \u00fasp\u011bch ka\u017ed\u00e9ho stavebn\u00edho projektu. Tyto \u0161rouby poskytuj\u00ed pot\u0159ebnou oporu a stabilitu a zaji\u0161\u0165uj\u00ed, \u017ee konstrukce z\u016fstanou bezpe\u010dn\u00e9 a spolehliv\u00e9. D\u00edky sv\u00e9mu vynikaj\u00edc\u00edmu v\u00fdkonu a snadn\u00e9 instalaci je kotevn\u00ed \u0161roub Anchor Bolt ide\u00e1ln\u00ed volbou pro va\u0161e stavebn\u00ed pot\u0159eby.<\/p>","protected":false},"excerpt":{"rendered":"<p>Anchor Bolt je z\u00e1kladov\u00fd \u0161roub prvot\u0159\u00eddn\u00ed kvality ur\u010den\u00fd pro bezpe\u010dn\u00e9 a robustn\u00ed konstruk\u010dn\u00ed aplikace. Tento kotevn\u00ed \u0161roub je vyroben z vysoce kvalitn\u00edch materi\u00e1l\u016f a zaji\u0161\u0165uje maxim\u00e1ln\u00ed odolnost a spolehlivost, co\u017e je ide\u00e1ln\u00ed pro r\u016fzn\u00e9 stavebn\u00ed pot\u0159eby. \u0160roub Anchor Bolt je ide\u00e1ln\u00ed pro obytn\u00e9 i komer\u010dn\u00ed projekty a poskytuje vynikaj\u00edc\u00ed v\u00fdkon p\u0159i zaji\u0161\u0165ov\u00e1n\u00ed konstrukc\u00ed do betonov\u00fdch z\u00e1klad\u016f.<\/p>","protected":false},"featured_media":7485,"comment_status":"open","ping_status":"closed","template":"","meta":{"site-sidebar-layout":"default","site-content-layout":"","ast-site-content-layout":"default","site-content-style":"default","site-sidebar-style":"default","ast-global-header-display":"","ast-banner-title-visibility":"","ast-main-header-display":"","ast-hfb-above-header-display":"","ast-hfb-below-header-display":"","ast-hfb-mobile-header-display":"","site-post-title":"","ast-breadcrumbs-content":"","ast-featured-img":"","footer-sml-layout":"","theme-transparent-header-meta":"default","adv-header-id-meta":"","stick-header-meta":"default","header-above-stick-meta":"","header-main-stick-meta":"","header-below-stick-meta":"","astra-migrate-meta-layouts":"set","ast-page-background-enabled":"default","ast-page-background-meta":{"desktop":{"background-color":"","background-image":"","background-repeat":"repeat","background-position":"center center","background-size":"auto","background-attachment":"scroll","background-type":"","background-media":"","overlay-type":"","overlay-color":"","overlay-opacity":"","overlay-gradient":""},"tablet":{"background-color":"","background-image":"","background-repeat":"repeat","background-position":"center center","background-size":"auto","background-attachment":"scroll","background-type":"","background-media":"","overlay-type":"","overlay-color":"","overlay-opacity":"","overlay-gradient":""},"mobile":{"background-color":"","background-image":"","background-repeat":"repeat","background-position":"center center","background-size":"auto","background-attachment":"scroll","background-type":"","background-media":"","overlay-type":"","overlay-color":"","overlay-opacity":"","overlay-gradient":""}},"ast-content-background-meta":{"desktop":{"background-color":"var(--ast-global-color-5)","background-image":"","background-repeat":"repeat","background-position":"center center","background-size":"auto","background-attachment":"scroll","background-type":"","background-media":"","overlay-type":"","overlay-color":"","overlay-opacity":"","overlay-gradient":""},"tablet":{"background-color":"var(--ast-global-color-5)","background-image":"","background-repeat":"repeat","background-position":"center center","background-size":"auto","background-attachment":"scroll","background-type":"","background-media":"","overlay-type":"","overlay-color":"","overlay-opacity":"","overlay-gradient":""},"mobile":{"background-color":"var(--ast-global-color-5)","background-image":"","background-repeat":"repeat","background-position":"center center","background-size":"auto","background-attachment":"scroll","background-type":"","background-media":"","overlay-type":"","overlay-color":"","overlay-opacity":"","overlay-gradient":""}}},"product_brand":[],"product_cat":[50],"product_tag":[],"class_list":{"0":"post-7481","1":"product","2":"type-product","3":"status-publish","4":"has-post-thumbnail","6":"product_cat-concrete-form-accessories","7":"desktop-align-left","8":"tablet-align-left","9":"mobile-align-left","10":"ast-product-gallery-layout-horizontal-slider","11":"ast-product-tabs-layout-horizontal","13":"first","14":"instock","15":"shipping-taxable","16":"purchasable","17":"product-type-simple"},"yoast_head":"<!-- This site is optimized with the Yoast SEO plugin v25.2 - https:\/\/yoast.com\/wordpress\/plugins\/seo\/ -->\n<title>5\/8X24 Anchor Bolt<\/title>\n<meta name=\"description\" content=\"Anchor Bolt is a premium-quality foundation bolt designed for secure and robust construction applications\" \/>\n<meta name=\"robots\" content=\"index, follow, max-snippet:-1, max-image-preview:large, max-video-preview:-1\" \/>\n<link rel=\"canonical\" href=\"https:\/\/qingdaohf.com\/cs\/produkt\/sb-kotevni-sroub\/\" \/>\n<meta property=\"og:locale\" content=\"cs_CZ\" \/>\n<meta property=\"og:type\" content=\"article\" \/>\n<meta property=\"og:title\" content=\"5\/8X24 Anchor Bolt\" \/>\n<meta property=\"og:description\" content=\"Anchor Bolt is a premium-quality foundation bolt designed for secure and robust construction applications\" \/>\n<meta property=\"og:url\" content=\"https:\/\/qingdaohf.com\/cs\/produkt\/sb-kotevni-sroub\/\" \/>\n<meta property=\"og:site_name\" content=\"Concrete Form &amp; Rigging Hardware Supplier\" \/>\n<meta property=\"article:publisher\" content=\"https:\/\/www.facebook.com\/qingdaohf\" \/>\n<meta property=\"article:modified_time\" content=\"2025-11-13T01:03:15+00:00\" \/>\n<meta property=\"og:image\" content=\"https:\/\/qingdaohf.com\/wp-content\/uploads\/2024\/06\/sb-anchor-bolt-10.webp\" \/>\n\t<meta property=\"og:image:width\" content=\"1000\" \/>\n\t<meta property=\"og:image:height\" content=\"1000\" \/>\n\t<meta property=\"og:image:type\" content=\"image\/webp\" \/>\n<meta name=\"twitter:card\" content=\"summary_large_image\" \/>\n<meta name=\"twitter:label1\" content=\"Odhadovan\u00e1 doba \u010dten\u00ed\" \/>\n\t<meta name=\"twitter:data1\" content=\"3 minuty\" \/>\n<script type=\"application\/ld+json\" class=\"yoast-schema-graph\">{\"@context\":\"https:\/\/schema.org\",\"@graph\":[{\"@type\":\"WebPage\",\"@id\":\"https:\/\/qingdaohf.com\/product\/5-8x24-anchor-bolt\/\",\"url\":\"https:\/\/qingdaohf.com\/product\/5-8x24-anchor-bolt\/\",\"name\":\"5\/8X24 Anchor Bolt\",\"isPartOf\":{\"@id\":\"https:\/\/qingdaohf.com\/bg\/#website\"},\"primaryImageOfPage\":{\"@id\":\"https:\/\/qingdaohf.com\/product\/5-8x24-anchor-bolt\/#primaryimage\"},\"image\":{\"@id\":\"https:\/\/qingdaohf.com\/product\/5-8x24-anchor-bolt\/#primaryimage\"},\"thumbnailUrl\":\"https:\/\/qingdaohf.com\/wp-content\/uploads\/2024\/06\/sb-anchor-bolt-10.webp\",\"datePublished\":\"2024-06-19T07:02:52+00:00\",\"dateModified\":\"2025-11-13T01:03:15+00:00\",\"description\":\"Anchor Bolt is a premium-quality foundation bolt designed for secure and robust construction applications\",\"breadcrumb\":{\"@id\":\"https:\/\/qingdaohf.com\/product\/5-8x24-anchor-bolt\/#breadcrumb\"},\"inLanguage\":\"cs\",\"potentialAction\":[{\"@type\":\"ReadAction\",\"target\":[\"https:\/\/qingdaohf.com\/product\/5-8x24-anchor-bolt\/\"]}]},{\"@type\":\"ImageObject\",\"inLanguage\":\"cs\",\"@id\":\"https:\/\/qingdaohf.com\/product\/5-8x24-anchor-bolt\/#primaryimage\",\"url\":\"https:\/\/qingdaohf.com\/wp-content\/uploads\/2024\/06\/sb-anchor-bolt-10.webp\",\"contentUrl\":\"https:\/\/qingdaohf.com\/wp-content\/uploads\/2024\/06\/sb-anchor-bolt-10.webp\",\"width\":1000,\"height\":1000,\"caption\":\"sb anchor bolt\"},{\"@type\":\"BreadcrumbList\",\"@id\":\"https:\/\/qingdaohf.com\/product\/5-8x24-anchor-bolt\/#breadcrumb\",\"itemListElement\":[{\"@type\":\"ListItem\",\"position\":1,\"name\":\"Home\",\"item\":\"https:\/\/qingdaohf.com\/\"},{\"@type\":\"ListItem\",\"position\":2,\"name\":\"Concrete Forming Accessories and Rigging Hardware\",\"item\":\"https:\/\/qingdaohf.com\/bg\/?page_id=944\"},{\"@type\":\"ListItem\",\"position\":3,\"name\":\"5\/8X24 Anchor Bolt\"}]},{\"@type\":\"WebSite\",\"@id\":\"https:\/\/qingdaohf.com\/bg\/#website\",\"url\":\"https:\/\/qingdaohf.com\/bg\/\",\"name\":\"Concrete Form & Rigging Hardware Supplier\",\"description\":\"\",\"publisher\":{\"@id\":\"https:\/\/qingdaohf.com\/bg\/#organization\"},\"potentialAction\":[{\"@type\":\"SearchAction\",\"target\":{\"@type\":\"EntryPoint\",\"urlTemplate\":\"https:\/\/qingdaohf.com\/bg\/?s={search_term_string}\"},\"query-input\":{\"@type\":\"PropertyValueSpecification\",\"valueRequired\":true,\"valueName\":\"search_term_string\"}}],\"inLanguage\":\"cs\"},{\"@type\":\"Organization\",\"@id\":\"https:\/\/qingdaohf.com\/bg\/#organization\",\"name\":\"Qingdao H&F\",\"url\":\"https:\/\/qingdaohf.com\/bg\/\",\"logo\":{\"@type\":\"ImageObject\",\"inLanguage\":\"cs\",\"@id\":\"https:\/\/qingdaohf.com\/bg\/#\/schema\/logo\/image\/\",\"url\":\"https:\/\/qingdaohf.com\/wp-content\/uploads\/2022\/12\/cropped-HF-LOGO.png\",\"contentUrl\":\"https:\/\/qingdaohf.com\/wp-content\/uploads\/2022\/12\/cropped-HF-LOGO.png\",\"width\":391,\"height\":249,\"caption\":\"Qingdao H&F\"},\"image\":{\"@id\":\"https:\/\/qingdaohf.com\/bg\/#\/schema\/logo\/image\/\"},\"sameAs\":[\"https:\/\/www.facebook.com\/qingdaohf\"]}]}<\/script>\n<!-- \/ Yoast SEO plugin. -->","yoast_head_json":{"title":"5\/8X24 Anchor Bolt","description":"Anchor Bolt is a premium-quality foundation bolt designed for secure and robust construction applications","robots":{"index":"index","follow":"follow","max-snippet":"max-snippet:-1","max-image-preview":"max-image-preview:large","max-video-preview":"max-video-preview:-1"},"canonical":"https:\/\/qingdaohf.com\/cs\/produkt\/sb-kotevni-sroub\/","og_locale":"cs_CZ","og_type":"article","og_title":"5\/8X24 Anchor Bolt","og_description":"Anchor Bolt is a premium-quality foundation bolt designed for secure and robust construction applications","og_url":"https:\/\/qingdaohf.com\/cs\/produkt\/sb-kotevni-sroub\/","og_site_name":"Concrete Form &amp; Rigging Hardware Supplier","article_publisher":"https:\/\/www.facebook.com\/qingdaohf","article_modified_time":"2025-11-13T01:03:15+00:00","og_image":[{"width":1000,"height":1000,"url":"https:\/\/qingdaohf.com\/wp-content\/uploads\/2024\/06\/sb-anchor-bolt-10.webp","type":"image\/webp"}],"twitter_card":"summary_large_image","twitter_misc":{"Odhadovan\u00e1 doba \u010dten\u00ed":"3 minuty"},"schema":{"@context":"https:\/\/schema.org","@graph":[{"@type":"WebPage","@id":"https:\/\/qingdaohf.com\/product\/5-8x24-anchor-bolt\/","url":"https:\/\/qingdaohf.com\/product\/5-8x24-anchor-bolt\/","name":"5\/8X24 Anchor Bolt","isPartOf":{"@id":"https:\/\/qingdaohf.com\/bg\/#website"},"primaryImageOfPage":{"@id":"https:\/\/qingdaohf.com\/product\/5-8x24-anchor-bolt\/#primaryimage"},"image":{"@id":"https:\/\/qingdaohf.com\/product\/5-8x24-anchor-bolt\/#primaryimage"},"thumbnailUrl":"https:\/\/qingdaohf.com\/wp-content\/uploads\/2024\/06\/sb-anchor-bolt-10.webp","datePublished":"2024-06-19T07:02:52+00:00","dateModified":"2025-11-13T01:03:15+00:00","description":"Anchor Bolt is a premium-quality foundation bolt designed for secure and robust construction applications","breadcrumb":{"@id":"https:\/\/qingdaohf.com\/product\/5-8x24-anchor-bolt\/#breadcrumb"},"inLanguage":"cs","potentialAction":[{"@type":"ReadAction","target":["https:\/\/qingdaohf.com\/product\/5-8x24-anchor-bolt\/"]}]},{"@type":"ImageObject","inLanguage":"cs","@id":"https:\/\/qingdaohf.com\/product\/5-8x24-anchor-bolt\/#primaryimage","url":"https:\/\/qingdaohf.com\/wp-content\/uploads\/2024\/06\/sb-anchor-bolt-10.webp","contentUrl":"https:\/\/qingdaohf.com\/wp-content\/uploads\/2024\/06\/sb-anchor-bolt-10.webp","width":1000,"height":1000,"caption":"sb anchor bolt"},{"@type":"BreadcrumbList","@id":"https:\/\/qingdaohf.com\/product\/5-8x24-anchor-bolt\/#breadcrumb","itemListElement":[{"@type":"ListItem","position":1,"name":"Home","item":"https:\/\/qingdaohf.com\/"},{"@type":"ListItem","position":2,"name":"Concrete Forming Accessories and Rigging Hardware","item":"https:\/\/qingdaohf.com\/bg\/?page_id=944"},{"@type":"ListItem","position":3,"name":"5\/8X24 Anchor Bolt"}]},{"@type":"WebSite","@id":"https:\/\/qingdaohf.com\/bg\/#website","url":"https:\/\/qingdaohf.com\/bg\/","name":"Concrete Form & Rigging Hardware Supplier","description":"","publisher":{"@id":"https:\/\/qingdaohf.com\/bg\/#organization"},"potentialAction":[{"@type":"SearchAction","target":{"@type":"EntryPoint","urlTemplate":"https:\/\/qingdaohf.com\/bg\/?s={search_term_string}"},"query-input":{"@type":"PropertyValueSpecification","valueRequired":true,"valueName":"search_term_string"}}],"inLanguage":"cs"},{"@type":"Organization","@id":"https:\/\/qingdaohf.com\/bg\/#organization","name":"Qingdao H&F","url":"https:\/\/qingdaohf.com\/bg\/","logo":{"@type":"ImageObject","inLanguage":"cs","@id":"https:\/\/qingdaohf.com\/bg\/#\/schema\/logo\/image\/","url":"https:\/\/qingdaohf.com\/wp-content\/uploads\/2022\/12\/cropped-HF-LOGO.png","contentUrl":"https:\/\/qingdaohf.com\/wp-content\/uploads\/2022\/12\/cropped-HF-LOGO.png","width":391,"height":249,"caption":"Qingdao H&F"},"image":{"@id":"https:\/\/qingdaohf.com\/bg\/#\/schema\/logo\/image\/"},"sameAs":["https:\/\/www.facebook.com\/qingdaohf"]}]}},"_links":{"self":[{"href":"https:\/\/qingdaohf.com\/cs\/wp-json\/wp\/v2\/product\/7481","targetHints":{"allow":["GET"]}}],"collection":[{"href":"https:\/\/qingdaohf.com\/cs\/wp-json\/wp\/v2\/product"}],"about":[{"href":"https:\/\/qingdaohf.com\/cs\/wp-json\/wp\/v2\/types\/product"}],"replies":[{"embeddable":true,"href":"https:\/\/qingdaohf.com\/cs\/wp-json\/wp\/v2\/comments?post=7481"}],"version-history":[{"count":5,"href":"https:\/\/qingdaohf.com\/cs\/wp-json\/wp\/v2\/product\/7481\/revisions"}],"predecessor-version":[{"id":8975,"href":"https:\/\/qingdaohf.com\/cs\/wp-json\/wp\/v2\/product\/7481\/revisions\/8975"}],"wp:featuredmedia":[{"embeddable":true,"href":"https:\/\/qingdaohf.com\/cs\/wp-json\/wp\/v2\/media\/7485"}],"wp:attachment":[{"href":"https:\/\/qingdaohf.com\/cs\/wp-json\/wp\/v2\/media?parent=7481"}],"wp:term":[{"taxonomy":"product_brand","embeddable":true,"href":"https:\/\/qingdaohf.com\/cs\/wp-json\/wp\/v2\/product_brand?post=7481"},{"taxonomy":"product_cat","embeddable":true,"href":"https:\/\/qingdaohf.com\/cs\/wp-json\/wp\/v2\/product_cat?post=7481"},{"taxonomy":"product_tag","embeddable":true,"href":"https:\/\/qingdaohf.com\/cs\/wp-json\/wp\/v2\/product_tag?post=7481"}],"curies":[{"name":"wp","href":"https:\/\/api.w.org\/{rel}","templated":true}]}}