{"id":7512,"date":"2024-06-27T14:28:56","date_gmt":"2024-06-27T06:28:56","guid":{"rendered":"http:\/\/qingdaohf.com\/?post_type=product&#038;p=7512"},"modified":"2025-11-13T09:03:15","modified_gmt":"2025-11-13T01:03:15","slug":"l-bolts-for-concrete","status":"publish","type":"product","link":"https:\/\/qingdaohf.com\/cs\/produkt\/l-srouby-do-betonu\/","title":{"rendered":"Z\u00e1kladov\u00e9 kotevn\u00ed \u0161rouby L \u0160rouby do betonu"},"content":{"rendered":"<h3>\u00davod do L \u0161roub\u016f do betonu<\/h3>\n<p>\u0160rouby ve tvaru L, zn\u00e1m\u00e9 tak\u00e9 jako kotevn\u00ed \u0161rouby ve tvaru L, jsou nepostradateln\u00fdmi sou\u010d\u00e1stmi ve stavebnictv\u00ed. Tyto \u0161rouby jsou speci\u00e1ln\u011b navr\u017eeny pro kotven\u00ed betonov\u00fdch konstrukc\u00ed a poskytuj\u00ed spolehliv\u00e9 a robustn\u00ed z\u00e1klady pro r\u016fzn\u00e9 typy budov a infrastrukturn\u00edch projekt\u016f. Jejich tvar p\u00edsmene L nab\u00edz\u00ed v\u00fdjime\u010dnou p\u0159\u00eddr\u017enou s\u00edlu, co\u017e z nich \u010din\u00ed ide\u00e1ln\u00ed volbu pro zaji\u0161t\u011bn\u00ed t\u011b\u017ek\u00fdch b\u0159emen a zaji\u0161t\u011bn\u00ed celistvosti konstrukce.<\/p>\n<h3>V\u00fdznam L-\u0161roub\u016f ve stavebnictv\u00ed<\/h3>\n<p>V ka\u017ed\u00e9m stavebn\u00edm projektu jsou z\u00e1klady nejd\u016fle\u017eit\u011bj\u0161\u00edm aspektem. Podp\u00edr\u00e1 celou konstrukci a zaji\u0161\u0165uje jej\u00ed stabilitu. V tomto ohledu hraj\u00ed z\u00e1sadn\u00ed roli L \u0161rouby do betonu. Jsou zapu\u0161t\u011bny do betonov\u00e9ho z\u00e1kladu, p\u0159i\u010dem\u017e jejich z\u00e1vitov\u00fd konec vy\u010dn\u00edv\u00e1 a slou\u017e\u00ed k upevn\u011bn\u00ed konstruk\u010dn\u00edch prvk\u016f. Tato konstrukce zaji\u0161\u0165uje pevn\u00e9 a bezpe\u010dn\u00e9 spojen\u00ed, kter\u00e9 odol\u00e1 zna\u010dn\u00e9mu nam\u00e1h\u00e1n\u00ed a zat\u00ed\u017een\u00ed.<\/p>\n<p>\u0160rouby L se b\u011b\u017en\u011b pou\u017e\u00edvaj\u00ed v r\u016fzn\u00fdch aplikac\u00edch, v\u010detn\u011b obytn\u00fdch budov, komer\u010dn\u00edch staveb, most\u016f a pr\u016fmyslov\u00fdch za\u0159\u00edzen\u00ed. D\u00edky sv\u00e9 schopnosti poskytovat stabiln\u00ed kotevn\u00ed bod jsou nezbytn\u00e9 pro zaji\u0161t\u011bn\u00ed bezpe\u010dnosti a dlouh\u00e9 \u017eivotnosti t\u011bchto konstrukc\u00ed. D\u00edky pou\u017eit\u00ed L \u0161roub\u016f si mohou b\u00fdt stavebn\u00ed profesion\u00e1lov\u00e9 jisti spolehlivost\u00ed a trvanlivost\u00ed sv\u00fdch projekt\u016f.<\/p>\n<h3>Typy a velikosti L-\u0161roub\u016f<\/h3>\n<p>\u0160rouby L se dod\u00e1vaj\u00ed v r\u016fzn\u00fdch velikostech a z r\u016fzn\u00fdch materi\u00e1l\u016f, aby vyhovovaly r\u016fzn\u00fdm pot\u0159eb\u00e1m r\u016fzn\u00fdch stavebn\u00edch projekt\u016f. Na\u0161e L \u0161rouby do betonu jsou k dispozici v n\u00e1sleduj\u00edc\u00edch velikostech: 5\/8, 3\/8, 1\/2 a 1\/4 palce. Ka\u017ed\u00e1 velikost je navr\u017eena tak, aby zvl\u00e1dla specifick\u00e9 zat\u00ed\u017een\u00ed a aplikace, a zaji\u0161\u0165uje tak optim\u00e1ln\u00ed v\u00fdkon v r\u016fzn\u00fdch stavebn\u00edch sc\u00e9n\u00e1\u0159\u00edch.<\/p>\n<p>Krom\u011b toho nab\u00edz\u00edme \u0161rouby L v pozinkovan\u00e9m i nerezov\u00e9m proveden\u00ed. Pozinkovan\u00e9 L \u0161rouby jsou pota\u017eeny vrstvou zinku, kter\u00e1 zaji\u0161\u0165uje vynikaj\u00edc\u00ed odolnost proti korozi a prodlu\u017euje \u017eivotnost \u0161roub\u016f. D\u00edky tomu jsou vhodn\u00e9 do venkovn\u00edho a exponovan\u00e9ho prost\u0159ed\u00ed, kde jsou vystaveny drsn\u00fdm pov\u011btrnostn\u00edm podm\u00ednk\u00e1m. Naproti tomu L \u0161rouby z nerezov\u00e9 oceli nab\u00edzej\u00ed vynikaj\u00edc\u00ed pevnost a odolnost proti korozi a korozi, tak\u017ee jsou ide\u00e1ln\u00ed pro projekty, kter\u00e9 vy\u017eaduj\u00ed nejvy\u0161\u0161\u00ed \u00farove\u0148 trvanlivosti a v\u00fdkonu.<\/p>\n<h3>Pou\u017eit\u00ed L \u0161roub\u016f ve stavebnictv\u00ed<\/h3>\n<p>D\u00edky sv\u00e9 univerz\u00e1lnosti jsou L \u0161rouby vhodn\u00e9 pro \u0161irokou \u0161k\u00e1lu aplikac\u00ed ve stavebnictv\u00ed. B\u011b\u017en\u011b se pou\u017e\u00edvaj\u00ed k zaji\u0161t\u011bn\u00ed konstruk\u010dn\u00edch sloup\u016f, nosn\u00edk\u016f a podp\u011br v betonov\u00fdch z\u00e1kladech. T\u00edm je zaji\u0161t\u011bno pevn\u00e9 ukotven\u00ed konstruk\u010dn\u00edch prvk\u016f a zabr\u00e1n\u011bno jak\u00e9mukoli pohybu nebo posunu, kter\u00fd by mohl ohrozit integritu budovy.<\/p>\n<p>Krom\u011b konstruk\u010dn\u00edch aplikac\u00ed se L \u0161rouby pou\u017e\u00edvaj\u00ed i v r\u016fzn\u00fdch dal\u0161\u00edch stavebn\u00edch \u00faloh\u00e1ch. \u010casto se nap\u0159\u00edklad pou\u017e\u00edvaj\u00ed p\u0159i instalaci t\u011b\u017ek\u00fdch stroj\u016f a za\u0159\u00edzen\u00ed, kde je nezbytn\u00e9 zajistit bezpe\u010dn\u00fd kotevn\u00ed bod, aby se p\u0159ede\u0161lo jak\u00e9mukoli potenci\u00e1ln\u00edmu nebezpe\u010d\u00ed. \u0160rouby L se pou\u017e\u00edvaj\u00ed tak\u00e9 p\u0159i stavb\u011b op\u011brn\u00fdch zd\u00ed, kde poskytuj\u00ed pot\u0159ebnou oporu, aby odolaly tlaku p\u016fsob\u00edc\u00edmu na p\u016fdu.<\/p>\n<p>Krom\u011b toho se L \u0161rouby hojn\u011b pou\u017e\u00edvaj\u00ed v infrastrukturn\u00edch projektech, jako jsou mosty a tunely. Tyto projekty vy\u017eaduj\u00ed robustn\u00ed a spolehliv\u00e9 kotevn\u00ed body, aby byla zaji\u0161t\u011bna stabilita a bezpe\u010dnost konstrukc\u00ed. Pomoc\u00ed L \u0161roub\u016f mohou in\u017een\u00fd\u0159i vytvo\u0159it pevn\u00e9 spoje, kter\u00e9 odol\u00e1vaj\u00ed dynamick\u00e9mu zat\u00ed\u017een\u00ed a nam\u00e1h\u00e1n\u00ed spojen\u00e9mu s t\u011bmito rozs\u00e1hl\u00fdmi konstrukcemi.<\/p>\n<h3>Instalace a \u00fadr\u017eba L \u0161roub\u016f<\/h3>\n<p>Spr\u00e1vn\u00e1 instalace a \u00fadr\u017eba L-\u0161roub\u016f je z\u00e1sadn\u00ed pro zaji\u0161t\u011bn\u00ed jejich v\u00fdkonu a dlouh\u00e9 \u017eivotnosti. P\u0159i instalaci je d\u016fle\u017eit\u00e9 zajistit, aby byly \u0161rouby spr\u00e1vn\u011b um\u00edst\u011bny a bezpe\u010dn\u011b zapu\u0161t\u011bny do betonu. To vy\u017eaduje p\u0159esn\u00e9 m\u011b\u0159en\u00ed a vyrovn\u00e1n\u00ed, aby \u0161rouby poskytovaly pot\u0159ebnou oporu.<\/p>\n<p>Po instalaci L \u0161roub\u016f je nezbytn\u00e1 pravideln\u00e1 \u00fadr\u017eba, aby byla zaji\u0161t\u011bna jejich trval\u00e1 funk\u010dnost. Ta zahrnuje pravideln\u00e9 kontroly, p\u0159i nich\u017e se zji\u0161\u0165uj\u00ed jak\u00e9koli zn\u00e1mky koroze, opot\u0159eben\u00ed nebo po\u0161kozen\u00ed. V p\u0159\u00edpad\u011b pozinkovan\u00fdch L-\u0161roub\u016f je d\u016fle\u017eit\u00e9 zajistit, aby zinkov\u00fd povlak z\u016fstal neporu\u0161en\u00fd a poskytoval \u00fa\u010dinnou odolnost proti korozi. V p\u0159\u00edpad\u011b L \u0161roub\u016f z nerezov\u00e9 oceli je pro zachov\u00e1n\u00ed jejich vzhledu a funk\u010dnosti nutn\u00e9 pravideln\u00e9 \u010di\u0161t\u011bn\u00ed a kontrola.<\/p>\n<h3>Z\u00e1v\u011br<\/h3>\n<p>\u0160rouby do betonu jsou d\u016fle\u017eitou sou\u010d\u00e1st\u00ed stavebn\u00edho pr\u016fmyslu a poskytuj\u00ed spolehliv\u00e1 a robustn\u00ed kotevn\u00ed \u0159e\u0161en\u00ed pro r\u016fzn\u00e9 aplikace. Jejich konstrukce ve tvaru p\u00edsmene L zaji\u0161\u0165uje v\u00fdjime\u010dnou p\u0159\u00eddr\u017enou s\u00edlu, tak\u017ee jsou ide\u00e1ln\u00ed pro upevn\u011bn\u00ed t\u011b\u017ek\u00fdch b\u0159emen a zaji\u0161t\u011bn\u00ed stability konstrukc\u00ed. Tyto \u0161rouby jsou k dispozici v r\u016fzn\u00fdch velikostech a materi\u00e1lech, v\u010detn\u011b pozinkovan\u00e9 a nerezov\u00e9 oceli, a nab\u00edzej\u00ed trvanlivost a odolnost proti korozi pro \u0161irokou \u0161k\u00e1lu stavebn\u00edch projekt\u016f.<\/p>\n<p>Pochopen\u00edm v\u00fdznamu L \u0161roub\u016f a dodr\u017eov\u00e1n\u00edm spr\u00e1vn\u00fdch postup\u016f instalace a \u00fadr\u017eby mohou stavebn\u00ed odborn\u00edci zajistit bezpe\u010dnost, stabilitu a dlouhou \u017eivotnost sv\u00fdch projekt\u016f. A\u0165 u\u017e se jedn\u00e1 o obytn\u00e9 budovy, komer\u010dn\u00ed stavby nebo rozs\u00e1hl\u00e9 infrastrukturn\u00ed projekty, L \u0161rouby do betonu jsou z\u00e1kladn\u00edm n\u00e1strojem pro dosa\u017een\u00ed spolehliv\u00fdch a trvanliv\u00fdch v\u00fdsledk\u016f v\u00fdstavby.<\/p>\n<div class=\"ast-oembed-container\" style=\"height: 100%;\"><iframe title=\"Z\u00e1kladov\u00e9 \u0161rouby J Bolt\" width=\"500\" height=\"281\" src=\"https:\/\/www.youtube.com\/embed\/F2jfo40uEQM?feature=oembed\" frameborder=\"0\" allow=\"accelerometer; autoplay; clipboard-write; encrypted-media; gyroscope; picture-in-picture; web-share\" referrerpolicy=\"strict-origin-when-cross-origin\" allowfullscreen><\/iframe><\/div>","protected":false},"excerpt":{"rendered":"<p>Na\u0161e vysoce kvalitn\u00ed L \u0161rouby do betonu jsou nezbytn\u00e9 pro bezpe\u010dn\u00e9 ukotven\u00ed z\u00e1klad\u016f. Tyto kotevn\u00ed \u0161rouby ve tvaru p\u00edsmene L jsou k dispozici ve velikostech 5\/8, 3\/8, 1\/2 a 1\/4 a dod\u00e1vaj\u00ed se v pozinkovan\u00e9m a nerezov\u00e9m proveden\u00ed. Tyto \u0161rouby jsou ide\u00e1ln\u00ed pro r\u016fzn\u00e9 stavebn\u00ed projekty a zaji\u0161\u0165uj\u00ed odolnost a stabilitu.<\/p>","protected":false},"featured_media":6996,"comment_status":"open","ping_status":"closed","template":"","meta":{"site-sidebar-layout":"default","site-content-layout":"","ast-site-content-layout":"default","site-content-style":"default","site-sidebar-style":"default","ast-global-header-display":"","ast-banner-title-visibility":"","ast-main-header-display":"","ast-hfb-above-header-display":"","ast-hfb-below-header-display":"","ast-hfb-mobile-header-display":"","site-post-title":"","ast-breadcrumbs-content":"","ast-featured-img":"","footer-sml-layout":"","theme-transparent-header-meta":"default","adv-header-id-meta":"","stick-header-meta":"default","header-above-stick-meta":"","header-main-stick-meta":"","header-below-stick-meta":"","astra-migrate-meta-layouts":"set","ast-page-background-enabled":"default","ast-page-background-meta":{"desktop":{"background-color":"","background-image":"","background-repeat":"repeat","background-position":"center center","background-size":"auto","background-attachment":"scroll","background-type":"","background-media":"","overlay-type":"","overlay-color":"","overlay-opacity":"","overlay-gradient":""},"tablet":{"background-color":"","background-image":"","background-repeat":"repeat","background-position":"center center","background-size":"auto","background-attachment":"scroll","background-type":"","background-media":"","overlay-type":"","overlay-color":"","overlay-opacity":"","overlay-gradient":""},"mobile":{"background-color":"","background-image":"","background-repeat":"repeat","background-position":"center center","background-size":"auto","background-attachment":"scroll","background-type":"","background-media":"","overlay-type":"","overlay-color":"","overlay-opacity":"","overlay-gradient":""}},"ast-content-background-meta":{"desktop":{"background-color":"var(--ast-global-color-5)","background-image":"","background-repeat":"repeat","background-position":"center center","background-size":"auto","background-attachment":"scroll","background-type":"","background-media":"","overlay-type":"","overlay-color":"","overlay-opacity":"","overlay-gradient":""},"tablet":{"background-color":"var(--ast-global-color-5)","background-image":"","background-repeat":"repeat","background-position":"center center","background-size":"auto","background-attachment":"scroll","background-type":"","background-media":"","overlay-type":"","overlay-color":"","overlay-opacity":"","overlay-gradient":""},"mobile":{"background-color":"var(--ast-global-color-5)","background-image":"","background-repeat":"repeat","background-position":"center center","background-size":"auto","background-attachment":"scroll","background-type":"","background-media":"","overlay-type":"","overlay-color":"","overlay-opacity":"","overlay-gradient":""}}},"product_brand":[],"product_cat":[28],"product_tag":[],"class_list":{"0":"post-7512","1":"product","2":"type-product","3":"status-publish","4":"has-post-thumbnail","6":"product_cat-concrete-forming","7":"desktop-align-left","8":"tablet-align-left","9":"mobile-align-left","10":"ast-product-gallery-layout-horizontal-slider","11":"ast-product-tabs-layout-horizontal","13":"first","14":"instock","15":"featured","16":"shipping-taxable","17":"purchasable","18":"product-type-simple"},"yoast_head":"<!-- This site is optimized with the Yoast SEO plugin v25.2 - https:\/\/yoast.com\/wordpress\/plugins\/seo\/ -->\n<title>Foundation Anchor Bolts L Bolts for Concrete<\/title>\n<meta name=\"description\" content=\"L bolts for concrete are essential for secure foundation anchoring. Available in 5\/8, 3\/8, 1\/2, and 1\/4 sizes.\" \/>\n<meta name=\"robots\" content=\"index, follow, max-snippet:-1, max-image-preview:large, max-video-preview:-1\" \/>\n<link rel=\"canonical\" href=\"https:\/\/qingdaohf.com\/cs\/produkt\/l-srouby-do-betonu\/\" \/>\n<meta property=\"og:locale\" content=\"cs_CZ\" \/>\n<meta property=\"og:type\" content=\"article\" \/>\n<meta property=\"og:title\" content=\"Foundation Anchor Bolts L Bolts for Concrete\" \/>\n<meta property=\"og:description\" content=\"L bolts for concrete are essential for secure foundation anchoring. Available in 5\/8, 3\/8, 1\/2, and 1\/4 sizes.\" \/>\n<meta property=\"og:url\" content=\"https:\/\/qingdaohf.com\/cs\/produkt\/l-srouby-do-betonu\/\" \/>\n<meta property=\"og:site_name\" content=\"Concrete Form &amp; Rigging Hardware Supplier\" \/>\n<meta property=\"article:publisher\" content=\"https:\/\/www.facebook.com\/qingdaohf\" \/>\n<meta property=\"article:modified_time\" content=\"2025-11-13T01:03:15+00:00\" \/>\n<meta property=\"og:image\" content=\"https:\/\/qingdaohf.com\/wp-content\/uploads\/2024\/05\/J-bolt-2.jpg\" \/>\n\t<meta property=\"og:image:width\" content=\"1000\" \/>\n\t<meta property=\"og:image:height\" content=\"1000\" \/>\n\t<meta property=\"og:image:type\" content=\"image\/jpeg\" \/>\n<meta name=\"twitter:card\" content=\"summary_large_image\" \/>\n<meta name=\"twitter:label1\" content=\"Odhadovan\u00e1 doba \u010dten\u00ed\" \/>\n\t<meta name=\"twitter:data1\" content=\"4 minuty\" \/>\n<script type=\"application\/ld+json\" class=\"yoast-schema-graph\">{\"@context\":\"https:\/\/schema.org\",\"@graph\":[{\"@type\":\"WebPage\",\"@id\":\"https:\/\/qingdaohf.com\/product\/l-bolts-for-concrete\/\",\"url\":\"https:\/\/qingdaohf.com\/product\/l-bolts-for-concrete\/\",\"name\":\"Foundation Anchor Bolts L Bolts for Concrete\",\"isPartOf\":{\"@id\":\"https:\/\/qingdaohf.com\/bg\/#website\"},\"primaryImageOfPage\":{\"@id\":\"https:\/\/qingdaohf.com\/product\/l-bolts-for-concrete\/#primaryimage\"},\"image\":{\"@id\":\"https:\/\/qingdaohf.com\/product\/l-bolts-for-concrete\/#primaryimage\"},\"thumbnailUrl\":\"https:\/\/qingdaohf.com\/wp-content\/uploads\/2024\/05\/J-bolt-2.jpg\",\"datePublished\":\"2024-06-27T06:28:56+00:00\",\"dateModified\":\"2025-11-13T01:03:15+00:00\",\"description\":\"L bolts for concrete are essential for secure foundation anchoring. Available in 5\/8, 3\/8, 1\/2, and 1\/4 sizes.\",\"breadcrumb\":{\"@id\":\"https:\/\/qingdaohf.com\/product\/l-bolts-for-concrete\/#breadcrumb\"},\"inLanguage\":\"cs\",\"potentialAction\":[{\"@type\":\"ReadAction\",\"target\":[\"https:\/\/qingdaohf.com\/product\/l-bolts-for-concrete\/\"]}]},{\"@type\":\"ImageObject\",\"inLanguage\":\"cs\",\"@id\":\"https:\/\/qingdaohf.com\/product\/l-bolts-for-concrete\/#primaryimage\",\"url\":\"https:\/\/qingdaohf.com\/wp-content\/uploads\/2024\/05\/J-bolt-2.jpg\",\"contentUrl\":\"https:\/\/qingdaohf.com\/wp-content\/uploads\/2024\/05\/J-bolt-2.jpg\",\"width\":1000,\"height\":1000,\"caption\":\"l bolts for concrete\"},{\"@type\":\"BreadcrumbList\",\"@id\":\"https:\/\/qingdaohf.com\/product\/l-bolts-for-concrete\/#breadcrumb\",\"itemListElement\":[{\"@type\":\"ListItem\",\"position\":1,\"name\":\"Home\",\"item\":\"https:\/\/qingdaohf.com\/\"},{\"@type\":\"ListItem\",\"position\":2,\"name\":\"Concrete Forming Accessories and Rigging Hardware\",\"item\":\"https:\/\/qingdaohf.com\/bg\/?page_id=944\"},{\"@type\":\"ListItem\",\"position\":3,\"name\":\"Foundation Anchor Bolts L Bolts for Concrete\"}]},{\"@type\":\"WebSite\",\"@id\":\"https:\/\/qingdaohf.com\/bg\/#website\",\"url\":\"https:\/\/qingdaohf.com\/bg\/\",\"name\":\"Concrete Form & Rigging Hardware Supplier\",\"description\":\"\",\"publisher\":{\"@id\":\"https:\/\/qingdaohf.com\/bg\/#organization\"},\"potentialAction\":[{\"@type\":\"SearchAction\",\"target\":{\"@type\":\"EntryPoint\",\"urlTemplate\":\"https:\/\/qingdaohf.com\/bg\/?s={search_term_string}\"},\"query-input\":{\"@type\":\"PropertyValueSpecification\",\"valueRequired\":true,\"valueName\":\"search_term_string\"}}],\"inLanguage\":\"cs\"},{\"@type\":\"Organization\",\"@id\":\"https:\/\/qingdaohf.com\/bg\/#organization\",\"name\":\"Qingdao H&F\",\"url\":\"https:\/\/qingdaohf.com\/bg\/\",\"logo\":{\"@type\":\"ImageObject\",\"inLanguage\":\"cs\",\"@id\":\"https:\/\/qingdaohf.com\/bg\/#\/schema\/logo\/image\/\",\"url\":\"https:\/\/qingdaohf.com\/wp-content\/uploads\/2022\/12\/cropped-HF-LOGO.png\",\"contentUrl\":\"https:\/\/qingdaohf.com\/wp-content\/uploads\/2022\/12\/cropped-HF-LOGO.png\",\"width\":391,\"height\":249,\"caption\":\"Qingdao H&F\"},\"image\":{\"@id\":\"https:\/\/qingdaohf.com\/bg\/#\/schema\/logo\/image\/\"},\"sameAs\":[\"https:\/\/www.facebook.com\/qingdaohf\"]}]}<\/script>\n<!-- \/ Yoast SEO plugin. -->","yoast_head_json":{"title":"Foundation Anchor Bolts L Bolts for Concrete","description":"L bolts for concrete are essential for secure foundation anchoring. Available in 5\/8, 3\/8, 1\/2, and 1\/4 sizes.","robots":{"index":"index","follow":"follow","max-snippet":"max-snippet:-1","max-image-preview":"max-image-preview:large","max-video-preview":"max-video-preview:-1"},"canonical":"https:\/\/qingdaohf.com\/cs\/produkt\/l-srouby-do-betonu\/","og_locale":"cs_CZ","og_type":"article","og_title":"Foundation Anchor Bolts L Bolts for Concrete","og_description":"L bolts for concrete are essential for secure foundation anchoring. Available in 5\/8, 3\/8, 1\/2, and 1\/4 sizes.","og_url":"https:\/\/qingdaohf.com\/cs\/produkt\/l-srouby-do-betonu\/","og_site_name":"Concrete Form &amp; Rigging Hardware Supplier","article_publisher":"https:\/\/www.facebook.com\/qingdaohf","article_modified_time":"2025-11-13T01:03:15+00:00","og_image":[{"width":1000,"height":1000,"url":"https:\/\/qingdaohf.com\/wp-content\/uploads\/2024\/05\/J-bolt-2.jpg","type":"image\/jpeg"}],"twitter_card":"summary_large_image","twitter_misc":{"Odhadovan\u00e1 doba \u010dten\u00ed":"4 minuty"},"schema":{"@context":"https:\/\/schema.org","@graph":[{"@type":"WebPage","@id":"https:\/\/qingdaohf.com\/product\/l-bolts-for-concrete\/","url":"https:\/\/qingdaohf.com\/product\/l-bolts-for-concrete\/","name":"Foundation Anchor Bolts L Bolts for Concrete","isPartOf":{"@id":"https:\/\/qingdaohf.com\/bg\/#website"},"primaryImageOfPage":{"@id":"https:\/\/qingdaohf.com\/product\/l-bolts-for-concrete\/#primaryimage"},"image":{"@id":"https:\/\/qingdaohf.com\/product\/l-bolts-for-concrete\/#primaryimage"},"thumbnailUrl":"https:\/\/qingdaohf.com\/wp-content\/uploads\/2024\/05\/J-bolt-2.jpg","datePublished":"2024-06-27T06:28:56+00:00","dateModified":"2025-11-13T01:03:15+00:00","description":"L bolts for concrete are essential for secure foundation anchoring. Available in 5\/8, 3\/8, 1\/2, and 1\/4 sizes.","breadcrumb":{"@id":"https:\/\/qingdaohf.com\/product\/l-bolts-for-concrete\/#breadcrumb"},"inLanguage":"cs","potentialAction":[{"@type":"ReadAction","target":["https:\/\/qingdaohf.com\/product\/l-bolts-for-concrete\/"]}]},{"@type":"ImageObject","inLanguage":"cs","@id":"https:\/\/qingdaohf.com\/product\/l-bolts-for-concrete\/#primaryimage","url":"https:\/\/qingdaohf.com\/wp-content\/uploads\/2024\/05\/J-bolt-2.jpg","contentUrl":"https:\/\/qingdaohf.com\/wp-content\/uploads\/2024\/05\/J-bolt-2.jpg","width":1000,"height":1000,"caption":"l bolts for concrete"},{"@type":"BreadcrumbList","@id":"https:\/\/qingdaohf.com\/product\/l-bolts-for-concrete\/#breadcrumb","itemListElement":[{"@type":"ListItem","position":1,"name":"Home","item":"https:\/\/qingdaohf.com\/"},{"@type":"ListItem","position":2,"name":"Concrete Forming Accessories and Rigging Hardware","item":"https:\/\/qingdaohf.com\/bg\/?page_id=944"},{"@type":"ListItem","position":3,"name":"Foundation Anchor Bolts L Bolts for Concrete"}]},{"@type":"WebSite","@id":"https:\/\/qingdaohf.com\/bg\/#website","url":"https:\/\/qingdaohf.com\/bg\/","name":"Concrete Form & Rigging Hardware Supplier","description":"","publisher":{"@id":"https:\/\/qingdaohf.com\/bg\/#organization"},"potentialAction":[{"@type":"SearchAction","target":{"@type":"EntryPoint","urlTemplate":"https:\/\/qingdaohf.com\/bg\/?s={search_term_string}"},"query-input":{"@type":"PropertyValueSpecification","valueRequired":true,"valueName":"search_term_string"}}],"inLanguage":"cs"},{"@type":"Organization","@id":"https:\/\/qingdaohf.com\/bg\/#organization","name":"Qingdao H&F","url":"https:\/\/qingdaohf.com\/bg\/","logo":{"@type":"ImageObject","inLanguage":"cs","@id":"https:\/\/qingdaohf.com\/bg\/#\/schema\/logo\/image\/","url":"https:\/\/qingdaohf.com\/wp-content\/uploads\/2022\/12\/cropped-HF-LOGO.png","contentUrl":"https:\/\/qingdaohf.com\/wp-content\/uploads\/2022\/12\/cropped-HF-LOGO.png","width":391,"height":249,"caption":"Qingdao H&F"},"image":{"@id":"https:\/\/qingdaohf.com\/bg\/#\/schema\/logo\/image\/"},"sameAs":["https:\/\/www.facebook.com\/qingdaohf"]}]}},"_links":{"self":[{"href":"https:\/\/qingdaohf.com\/cs\/wp-json\/wp\/v2\/product\/7512","targetHints":{"allow":["GET"]}}],"collection":[{"href":"https:\/\/qingdaohf.com\/cs\/wp-json\/wp\/v2\/product"}],"about":[{"href":"https:\/\/qingdaohf.com\/cs\/wp-json\/wp\/v2\/types\/product"}],"replies":[{"embeddable":true,"href":"https:\/\/qingdaohf.com\/cs\/wp-json\/wp\/v2\/comments?post=7512"}],"version-history":[{"count":3,"href":"https:\/\/qingdaohf.com\/cs\/wp-json\/wp\/v2\/product\/7512\/revisions"}],"predecessor-version":[{"id":7552,"href":"https:\/\/qingdaohf.com\/cs\/wp-json\/wp\/v2\/product\/7512\/revisions\/7552"}],"wp:featuredmedia":[{"embeddable":true,"href":"https:\/\/qingdaohf.com\/cs\/wp-json\/wp\/v2\/media\/6996"}],"wp:attachment":[{"href":"https:\/\/qingdaohf.com\/cs\/wp-json\/wp\/v2\/media?parent=7512"}],"wp:term":[{"taxonomy":"product_brand","embeddable":true,"href":"https:\/\/qingdaohf.com\/cs\/wp-json\/wp\/v2\/product_brand?post=7512"},{"taxonomy":"product_cat","embeddable":true,"href":"https:\/\/qingdaohf.com\/cs\/wp-json\/wp\/v2\/product_cat?post=7512"},{"taxonomy":"product_tag","embeddable":true,"href":"https:\/\/qingdaohf.com\/cs\/wp-json\/wp\/v2\/product_tag?post=7512"}],"curies":[{"name":"wp","href":"https:\/\/api.w.org\/{rel}","templated":true}]}}