{"id":7535,"date":"2024-06-28T14:33:31","date_gmt":"2024-06-28T06:33:31","guid":{"rendered":"http:\/\/qingdaohf.com\/?post_type=product&#038;p=7535"},"modified":"2025-11-13T09:03:14","modified_gmt":"2025-11-13T01:03:14","slug":"j-hook-tow-chain","status":"publish","type":"product","link":"https:\/\/qingdaohf.com\/cs\/produkt\/vlecny-retez-s-hakem-j\/","title":{"rendered":"Ta\u017en\u00fd \u0159et\u011bz s h\u00e1kem J"},"content":{"rendered":"<h3><strong>P\u0159edstavujeme ta\u017en\u00fd \u0159et\u011bz s h\u00e1kem J<\/strong><\/h3>\n<p>Ta\u017en\u00fd \u0159et\u011bz s h\u00e1kem J je d\u016fle\u017eitou sou\u010d\u00e1st\u00ed v odv\u011btv\u00ed vle\u010den\u00ed a vypro\u0161\u0165ov\u00e1n\u00ed, kter\u00e1 je zn\u00e1m\u00e1 svou robustnost\u00ed a v\u0161estrannost\u00ed. Tento \u0159et\u011bz je vyroben z vysokopevnostn\u00ed oceli a je navr\u017een tak, aby snadno zvl\u00e1dl i ty nejn\u00e1ro\u010dn\u011bj\u0161\u00ed \u00fakoly p\u0159i vle\u010den\u00ed. A\u0165 u\u017e jste profesion\u00e1ln\u00ed provozovatel odtahov\u00e9ho vozidla, nebo kutil, ta\u017en\u00fd \u0159et\u011bz J Hook je nezbytn\u00fdm n\u00e1strojem pro zaji\u0161t\u011bn\u00ed bezpe\u010dn\u00e9 a efektivn\u00ed p\u0159epravy vozidel a t\u011b\u017ek\u00fdch n\u00e1klad\u016f.<\/p>\n<p><img fetchpriority=\"high\" decoding=\"async\" class=\"alignnone size-full wp-image-7518\" src=\"http:\/\/qingdaohf.com\/wp-content\/uploads\/2024\/06\/G70-TOW-CHAIN-3.webp\" alt=\"\u0158et\u011bz s h\u00e1\u010dkem J\" width=\"1000\" height=\"1000\" srcset=\"https:\/\/qingdaohf.com\/wp-content\/uploads\/2024\/06\/G70-TOW-CHAIN-3.webp 1000w, https:\/\/qingdaohf.com\/wp-content\/uploads\/2024\/06\/G70-TOW-CHAIN-3-300x300.webp 300w, https:\/\/qingdaohf.com\/wp-content\/uploads\/2024\/06\/G70-TOW-CHAIN-3-150x150.webp 150w, https:\/\/qingdaohf.com\/wp-content\/uploads\/2024\/06\/G70-TOW-CHAIN-3-768x768.webp 768w, https:\/\/qingdaohf.com\/wp-content\/uploads\/2024\/06\/G70-TOW-CHAIN-3-12x12.webp 12w, https:\/\/qingdaohf.com\/wp-content\/uploads\/2024\/06\/G70-TOW-CHAIN-3-500x500.webp 500w, https:\/\/qingdaohf.com\/wp-content\/uploads\/2024\/06\/G70-TOW-CHAIN-3-100x100.webp 100w\" sizes=\"(max-width: 1000px) 100vw, 1000px\" \/><\/p>\n<h3><strong>Pou\u017eit\u00ed ta\u017en\u00e9ho \u0159et\u011bzu s h\u00e1kem J<\/strong><\/h3>\n<p>Ta\u017en\u00fd \u0159et\u011bz s h\u00e1kem J vynik\u00e1 v r\u016fzn\u00fdch aplikac\u00edch. B\u011b\u017en\u011b se pou\u017e\u00edv\u00e1 p\u0159i vypro\u0161\u0165ov\u00e1n\u00ed vozidel, kde je nejd\u016fle\u017eit\u011bj\u0161\u00ed jeho pevnost a spolehlivost. Konstrukce J Hook umo\u017e\u0148uje bezpe\u010dn\u00e9 p\u0159ipevn\u011bn\u00ed k r\u00e1m\u016fm, n\u00e1prav\u00e1m a dal\u0161\u00edm kotevn\u00edm bod\u016fm vozidla, \u010d\u00edm\u017e je zaji\u0161t\u011bno, \u017ee n\u00e1klad b\u011bhem p\u0159epravy pevn\u011b dr\u017e\u00ed na m\u00edst\u011b. Tento \u0159et\u011bz je tak\u00e9 nepostradateln\u00fd pro zaji\u0161t\u011bn\u00ed n\u00e1kladu na p\u0159\u00edv\u011bsech, kde poskytuje dal\u0161\u00ed vrstvu bezpe\u010dnosti b\u011bhem p\u0159epravy.<\/p>\n<p>Krom\u011b vypro\u0161\u0165ov\u00e1n\u00ed vozidel je ta\u017en\u00fd \u0159et\u011bz s h\u00e1kem J ide\u00e1ln\u00ed pro celou \u0159adu t\u011b\u017ek\u00fdch aplikac\u00ed. Profesion\u00e1lov\u00e9 ve stavebnictv\u00ed jej pou\u017e\u00edvaj\u00ed k zaji\u0161t\u011bn\u00ed za\u0159\u00edzen\u00ed a materi\u00e1l\u016f, zat\u00edmco zem\u011bd\u011blci a farm\u00e1\u0159i jej pova\u017euj\u00ed za neoceniteln\u00fd prost\u0159edek pro ta\u017een\u00ed a zaji\u0161t\u011bn\u00ed t\u011b\u017ek\u00fdch p\u0159edm\u011bt\u016f. D\u00edky sv\u00e9 v\u0161estrannosti je vhodn\u00fdm \u0159e\u0161en\u00edm pro jak\u00fdkoli \u00fakol, kter\u00fd vy\u017eaduje siln\u00e9 a spolehliv\u00e9 \u0159et\u011bzy.<\/p>\n<h3><strong>Vlastnosti a v\u00fdhody<\/strong><\/h3>\n<p>Jednou z nejv\u00fdznamn\u011bj\u0161\u00edch vlastnost\u00ed ta\u017en\u00e9ho \u0159et\u011bzu J Hook je jeho odolnost. Je vyroben z vysoce kvalitn\u00ed oceli a je navr\u017een tak, aby odolal extr\u00e9mn\u00edmu nam\u00e1h\u00e1n\u00ed a velk\u00e9mu zat\u00ed\u017een\u00ed, ani\u017e by se ohnul nebo zlomil. \u0158et\u011bz je tak\u00e9 o\u0161et\u0159en antikorozn\u00ed vrstvou, kter\u00e1 zaji\u0161\u0165uje dlouhou \u017eivotnost i v n\u00e1ro\u010dn\u00fdch podm\u00ednk\u00e1ch. Tato odolnost se projevuje v dlouhodob\u00e9 spolehlivosti, tak\u017ee ta\u017en\u00fd \u0159et\u011bz J Hook je cenov\u011b v\u00fdhodnou investic\u00ed pro profesion\u00e1ly i hobby hr\u00e1\u010de.<\/p>\n<p>Dal\u0161\u00ed kl\u00ed\u010dovou v\u00fdhodou ta\u017en\u00e9ho \u0159et\u011bzu s h\u00e1kem J je jeho snadn\u00e9 pou\u017eit\u00ed. Konstrukce J Hook umo\u017e\u0148uje rychl\u00e9 a bezpe\u010dn\u00e9 p\u0159ipevn\u011bn\u00ed k r\u016fzn\u00fdm kotevn\u00edm bod\u016fm, \u010d\u00edm\u017e se zkracuje doba nastaven\u00ed a zvy\u0161uje efektivita. \u0158et\u011bz je k dispozici v n\u011bkolika d\u00e9lk\u00e1ch a nosnostech, co\u017e u\u017eivatel\u016fm umo\u017e\u0148uje vybrat si ide\u00e1ln\u00ed variantu pro sv\u00e9 konkr\u00e9tn\u00ed pot\u0159eby. Tato flexibilita zaji\u0161\u0165uje, \u017ee ta\u017en\u00fd \u0159et\u011bz J Hook zvl\u00e1dne \u0161irokou \u0161k\u00e1lu \u00fakol\u016f p\u0159i ta\u017een\u00ed a zaji\u0161t\u011bn\u00ed.<\/p>\n<h3><strong>Pro\u010d si vybrat ta\u017en\u00fd \u0159et\u011bz s h\u00e1kem J?<\/strong><\/h3>\n<p>Bezpe\u010dnost je p\u0159i ta\u017een\u00ed a upev\u0148ov\u00e1n\u00ed n\u00e1kladu nejvy\u0161\u0161\u00ed prioritou a ta\u017en\u00fd \u0159et\u011bz J Hook ji spl\u0148uje. Jeho robustn\u00ed konstrukce a mo\u017enost bezpe\u010dn\u00e9ho upevn\u011bn\u00ed v\u00e1m zajist\u00ed klid a jistotu, \u017ee je v\u00e1\u0161 n\u00e1klad bezpe\u010dn\u011b zaji\u0161t\u011bn. Vysok\u00e1 nosnost \u0159et\u011bzu znamen\u00e1, \u017ee zvl\u00e1dne i ta nejt\u011b\u017e\u0161\u00ed vozidla a za\u0159\u00edzen\u00ed, tak\u017ee je spolehlivou volbou pro n\u00e1ro\u010dn\u00e9 pr\u00e1ce.<\/p>\n<p>Ta\u017en\u00fd \u0159et\u011bz J Hook je nav\u00edc navr\u017een s ohledem na v\u0161estrannost. Jeho schopnost p\u0159izp\u016fsobit se r\u016fzn\u00fdm aplikac\u00edm z n\u011bj \u010din\u00ed cenn\u00fd n\u00e1stroj v r\u016fzn\u00fdch odv\u011btv\u00edch. A\u0165 u\u017e se zab\u00fdv\u00e1te vypro\u0161\u0165ov\u00e1n\u00edm vozidel, stavebnictv\u00edm, zem\u011bd\u011blstv\u00edm nebo obecn\u011b t\u011b\u017ek\u00fdmi \u00fakoly, ta\u017en\u00fd \u0159et\u011bz J Hook nab\u00edz\u00ed v\u00fdkon a spolehlivost, kter\u00e9 pot\u0159ebujete.<\/p>\n<p>Z\u00e1v\u011brem lze \u0159\u00edci, \u017ee ta\u017en\u00fd \u0159et\u011bz J Hook je vynikaj\u00edc\u00ed volbou pro ka\u017ed\u00e9ho, kdo pot\u0159ebuje siln\u00e9, odoln\u00e9 a v\u0161estrann\u00e9 \u0159e\u0161en\u00ed pro ta\u017een\u00ed a zaji\u0161t\u011bn\u00ed. Jeho vysoce kvalitn\u00ed konstrukce, snadn\u00e9 pou\u017eit\u00ed a \u0161irok\u00e1 \u0161k\u00e1la aplikac\u00ed z n\u011bj \u010din\u00ed nepostradateln\u00fd n\u00e1stroj pro profesion\u00e1ly i nad\u0161ence. Investujte do ta\u017en\u00e9ho \u0159et\u011bzu s h\u00e1kem J je\u0161t\u011b dnes a za\u017eijte klid, kter\u00fd p\u0159in\u00e1\u0161\u00ed v\u011bdom\u00ed, \u017ee va\u0161e \u00fakoly spojen\u00e9 s ta\u017een\u00edm a zaji\u0161t\u011bn\u00edm jsou zvl\u00e1dnuty s maxim\u00e1ln\u00ed spolehlivost\u00ed a bezpe\u010dnost\u00ed.<\/p>","protected":false},"excerpt":{"rendered":"<p>Ta\u017en\u00fd \u0159et\u011bz s h\u00e1kem J je odoln\u00fd a v\u0161estrann\u00fd n\u00e1stroj ur\u010den\u00fd pro t\u011b\u017ek\u00e9 ta\u017en\u00e9 aplikace. Je vyroben z vysoce kvalitn\u00ed oceli a nab\u00edz\u00ed v\u00fdjime\u010dnou pevnost a spolehlivost. Ta\u017en\u00fd \u0159et\u011bz s h\u00e1kem J je ide\u00e1ln\u00ed pro ta\u017een\u00ed vozidel, zaji\u0161t\u011bn\u00ed n\u00e1kladu a dal\u0161\u00ed \u00fa\u010dely a zaji\u0161\u0165uje bezpe\u010dnost a efektivitu. Je k dispozici v r\u016fzn\u00fdch d\u00e9lk\u00e1ch a kapacit\u00e1ch, tak\u017ee spl\u0148uje \u0161irokou \u0161k\u00e1lu pot\u0159eb p\u0159i ta\u017een\u00ed.<\/p>","protected":false},"featured_media":8183,"comment_status":"open","ping_status":"closed","template":"","meta":{"site-sidebar-layout":"default","site-content-layout":"","ast-site-content-layout":"default","site-content-style":"default","site-sidebar-style":"default","ast-global-header-display":"","ast-banner-title-visibility":"","ast-main-header-display":"","ast-hfb-above-header-display":"","ast-hfb-below-header-display":"","ast-hfb-mobile-header-display":"","site-post-title":"","ast-breadcrumbs-content":"","ast-featured-img":"","footer-sml-layout":"","theme-transparent-header-meta":"default","adv-header-id-meta":"","stick-header-meta":"default","header-above-stick-meta":"","header-main-stick-meta":"","header-below-stick-meta":"","astra-migrate-meta-layouts":"set","ast-page-background-enabled":"default","ast-page-background-meta":{"desktop":{"background-color":"","background-image":"","background-repeat":"repeat","background-position":"center center","background-size":"auto","background-attachment":"scroll","background-type":"","background-media":"","overlay-type":"","overlay-color":"","overlay-opacity":"","overlay-gradient":""},"tablet":{"background-color":"","background-image":"","background-repeat":"repeat","background-position":"center center","background-size":"auto","background-attachment":"scroll","background-type":"","background-media":"","overlay-type":"","overlay-color":"","overlay-opacity":"","overlay-gradient":""},"mobile":{"background-color":"","background-image":"","background-repeat":"repeat","background-position":"center center","background-size":"auto","background-attachment":"scroll","background-type":"","background-media":"","overlay-type":"","overlay-color":"","overlay-opacity":"","overlay-gradient":""}},"ast-content-background-meta":{"desktop":{"background-color":"var(--ast-global-color-5)","background-image":"","background-repeat":"repeat","background-position":"center center","background-size":"auto","background-attachment":"scroll","background-type":"","background-media":"","overlay-type":"","overlay-color":"","overlay-opacity":"","overlay-gradient":""},"tablet":{"background-color":"var(--ast-global-color-5)","background-image":"","background-repeat":"repeat","background-position":"center center","background-size":"auto","background-attachment":"scroll","background-type":"","background-media":"","overlay-type":"","overlay-color":"","overlay-opacity":"","overlay-gradient":""},"mobile":{"background-color":"var(--ast-global-color-5)","background-image":"","background-repeat":"repeat","background-position":"center center","background-size":"auto","background-attachment":"scroll","background-type":"","background-media":"","overlay-type":"","overlay-color":"","overlay-opacity":"","overlay-gradient":""}}},"product_brand":[],"product_cat":[51,38],"product_tag":[],"class_list":{"0":"post-7535","1":"product","2":"type-product","3":"status-publish","4":"has-post-thumbnail","6":"product_cat-riggging-hardware","7":"product_cat-chain","8":"desktop-align-left","9":"tablet-align-left","10":"mobile-align-left","11":"ast-product-gallery-layout-horizontal-slider","12":"ast-product-tabs-layout-horizontal","14":"first","15":"instock","16":"shipping-taxable","17":"purchasable","18":"product-type-simple"},"yoast_head":"<!-- This site is optimized with the Yoast SEO plugin v25.2 - https:\/\/yoast.com\/wordpress\/plugins\/seo\/ -->\n<title>J Hook Tow Chain<\/title>\n<meta name=\"description\" content=\"J Hook Tow Chain is a durable and versatile tool designed for heavy-duty towing applications. Constructed from high-quality steel, it offers exceptional strength and reliability.\" \/>\n<meta name=\"robots\" content=\"index, follow, max-snippet:-1, max-image-preview:large, max-video-preview:-1\" \/>\n<link rel=\"canonical\" href=\"https:\/\/qingdaohf.com\/cs\/produkt\/vlecny-retez-s-hakem-j\/\" \/>\n<meta property=\"og:locale\" content=\"cs_CZ\" \/>\n<meta property=\"og:type\" content=\"article\" \/>\n<meta property=\"og:title\" content=\"J Hook Tow Chain\" \/>\n<meta property=\"og:description\" content=\"J Hook Tow Chain is a durable and versatile tool designed for heavy-duty towing applications. Constructed from high-quality steel, it offers exceptional strength and reliability.\" \/>\n<meta property=\"og:url\" content=\"https:\/\/qingdaohf.com\/cs\/produkt\/vlecny-retez-s-hakem-j\/\" \/>\n<meta property=\"og:site_name\" content=\"Concrete Form &amp; Rigging Hardware Supplier\" \/>\n<meta property=\"article:publisher\" content=\"https:\/\/www.facebook.com\/qingdaohf\" \/>\n<meta property=\"article:modified_time\" content=\"2025-11-13T01:03:14+00:00\" \/>\n<meta property=\"og:image\" content=\"https:\/\/qingdaohf.com\/wp-content\/uploads\/2024\/06\/J-hook-chain-5.webp\" \/>\n\t<meta property=\"og:image:width\" content=\"1000\" \/>\n\t<meta property=\"og:image:height\" content=\"1000\" \/>\n\t<meta property=\"og:image:type\" content=\"image\/webp\" \/>\n<meta name=\"twitter:card\" content=\"summary_large_image\" \/>\n<meta name=\"twitter:label1\" content=\"Odhadovan\u00e1 doba \u010dten\u00ed\" \/>\n\t<meta name=\"twitter:data1\" content=\"3 minuty\" \/>\n<script type=\"application\/ld+json\" class=\"yoast-schema-graph\">{\"@context\":\"https:\/\/schema.org\",\"@graph\":[{\"@type\":\"WebPage\",\"@id\":\"https:\/\/qingdaohf.com\/product\/j-hook-tow-chain\/\",\"url\":\"https:\/\/qingdaohf.com\/product\/j-hook-tow-chain\/\",\"name\":\"J Hook Tow Chain\",\"isPartOf\":{\"@id\":\"https:\/\/qingdaohf.com\/bg\/#website\"},\"primaryImageOfPage\":{\"@id\":\"https:\/\/qingdaohf.com\/product\/j-hook-tow-chain\/#primaryimage\"},\"image\":{\"@id\":\"https:\/\/qingdaohf.com\/product\/j-hook-tow-chain\/#primaryimage\"},\"thumbnailUrl\":\"https:\/\/qingdaohf.com\/wp-content\/uploads\/2024\/06\/J-hook-chain-5.webp\",\"datePublished\":\"2024-06-28T06:33:31+00:00\",\"dateModified\":\"2025-11-13T01:03:14+00:00\",\"description\":\"J Hook Tow Chain is a durable and versatile tool designed for heavy-duty towing applications. Constructed from high-quality steel, it offers exceptional strength and reliability.\",\"breadcrumb\":{\"@id\":\"https:\/\/qingdaohf.com\/product\/j-hook-tow-chain\/#breadcrumb\"},\"inLanguage\":\"cs\",\"potentialAction\":[{\"@type\":\"ReadAction\",\"target\":[\"https:\/\/qingdaohf.com\/product\/j-hook-tow-chain\/\"]}]},{\"@type\":\"ImageObject\",\"inLanguage\":\"cs\",\"@id\":\"https:\/\/qingdaohf.com\/product\/j-hook-tow-chain\/#primaryimage\",\"url\":\"https:\/\/qingdaohf.com\/wp-content\/uploads\/2024\/06\/J-hook-chain-5.webp\",\"contentUrl\":\"https:\/\/qingdaohf.com\/wp-content\/uploads\/2024\/06\/J-hook-chain-5.webp\",\"width\":1000,\"height\":1000,\"caption\":\"J hook chain\"},{\"@type\":\"BreadcrumbList\",\"@id\":\"https:\/\/qingdaohf.com\/product\/j-hook-tow-chain\/#breadcrumb\",\"itemListElement\":[{\"@type\":\"ListItem\",\"position\":1,\"name\":\"Home\",\"item\":\"https:\/\/qingdaohf.com\/\"},{\"@type\":\"ListItem\",\"position\":2,\"name\":\"Concrete Forming Accessories and Rigging Hardware\",\"item\":\"https:\/\/qingdaohf.com\/bg\/?page_id=944\"},{\"@type\":\"ListItem\",\"position\":3,\"name\":\"J Hook Tow Chain\"}]},{\"@type\":\"WebSite\",\"@id\":\"https:\/\/qingdaohf.com\/bg\/#website\",\"url\":\"https:\/\/qingdaohf.com\/bg\/\",\"name\":\"Concrete Form & Rigging Hardware Supplier\",\"description\":\"\",\"publisher\":{\"@id\":\"https:\/\/qingdaohf.com\/bg\/#organization\"},\"potentialAction\":[{\"@type\":\"SearchAction\",\"target\":{\"@type\":\"EntryPoint\",\"urlTemplate\":\"https:\/\/qingdaohf.com\/bg\/?s={search_term_string}\"},\"query-input\":{\"@type\":\"PropertyValueSpecification\",\"valueRequired\":true,\"valueName\":\"search_term_string\"}}],\"inLanguage\":\"cs\"},{\"@type\":\"Organization\",\"@id\":\"https:\/\/qingdaohf.com\/bg\/#organization\",\"name\":\"Qingdao H&F\",\"url\":\"https:\/\/qingdaohf.com\/bg\/\",\"logo\":{\"@type\":\"ImageObject\",\"inLanguage\":\"cs\",\"@id\":\"https:\/\/qingdaohf.com\/bg\/#\/schema\/logo\/image\/\",\"url\":\"https:\/\/qingdaohf.com\/wp-content\/uploads\/2022\/12\/cropped-HF-LOGO.png\",\"contentUrl\":\"https:\/\/qingdaohf.com\/wp-content\/uploads\/2022\/12\/cropped-HF-LOGO.png\",\"width\":391,\"height\":249,\"caption\":\"Qingdao H&F\"},\"image\":{\"@id\":\"https:\/\/qingdaohf.com\/bg\/#\/schema\/logo\/image\/\"},\"sameAs\":[\"https:\/\/www.facebook.com\/qingdaohf\"]}]}<\/script>\n<!-- \/ Yoast SEO plugin. -->","yoast_head_json":{"title":"J Hook Tow Chain","description":"J Hook Tow Chain is a durable and versatile tool designed for heavy-duty towing applications. Constructed from high-quality steel, it offers exceptional strength and reliability.","robots":{"index":"index","follow":"follow","max-snippet":"max-snippet:-1","max-image-preview":"max-image-preview:large","max-video-preview":"max-video-preview:-1"},"canonical":"https:\/\/qingdaohf.com\/cs\/produkt\/vlecny-retez-s-hakem-j\/","og_locale":"cs_CZ","og_type":"article","og_title":"J Hook Tow Chain","og_description":"J Hook Tow Chain is a durable and versatile tool designed for heavy-duty towing applications. Constructed from high-quality steel, it offers exceptional strength and reliability.","og_url":"https:\/\/qingdaohf.com\/cs\/produkt\/vlecny-retez-s-hakem-j\/","og_site_name":"Concrete Form &amp; Rigging Hardware Supplier","article_publisher":"https:\/\/www.facebook.com\/qingdaohf","article_modified_time":"2025-11-13T01:03:14+00:00","og_image":[{"width":1000,"height":1000,"url":"https:\/\/qingdaohf.com\/wp-content\/uploads\/2024\/06\/J-hook-chain-5.webp","type":"image\/webp"}],"twitter_card":"summary_large_image","twitter_misc":{"Odhadovan\u00e1 doba \u010dten\u00ed":"3 minuty"},"schema":{"@context":"https:\/\/schema.org","@graph":[{"@type":"WebPage","@id":"https:\/\/qingdaohf.com\/product\/j-hook-tow-chain\/","url":"https:\/\/qingdaohf.com\/product\/j-hook-tow-chain\/","name":"J Hook Tow Chain","isPartOf":{"@id":"https:\/\/qingdaohf.com\/bg\/#website"},"primaryImageOfPage":{"@id":"https:\/\/qingdaohf.com\/product\/j-hook-tow-chain\/#primaryimage"},"image":{"@id":"https:\/\/qingdaohf.com\/product\/j-hook-tow-chain\/#primaryimage"},"thumbnailUrl":"https:\/\/qingdaohf.com\/wp-content\/uploads\/2024\/06\/J-hook-chain-5.webp","datePublished":"2024-06-28T06:33:31+00:00","dateModified":"2025-11-13T01:03:14+00:00","description":"J Hook Tow Chain is a durable and versatile tool designed for heavy-duty towing applications. Constructed from high-quality steel, it offers exceptional strength and reliability.","breadcrumb":{"@id":"https:\/\/qingdaohf.com\/product\/j-hook-tow-chain\/#breadcrumb"},"inLanguage":"cs","potentialAction":[{"@type":"ReadAction","target":["https:\/\/qingdaohf.com\/product\/j-hook-tow-chain\/"]}]},{"@type":"ImageObject","inLanguage":"cs","@id":"https:\/\/qingdaohf.com\/product\/j-hook-tow-chain\/#primaryimage","url":"https:\/\/qingdaohf.com\/wp-content\/uploads\/2024\/06\/J-hook-chain-5.webp","contentUrl":"https:\/\/qingdaohf.com\/wp-content\/uploads\/2024\/06\/J-hook-chain-5.webp","width":1000,"height":1000,"caption":"J hook chain"},{"@type":"BreadcrumbList","@id":"https:\/\/qingdaohf.com\/product\/j-hook-tow-chain\/#breadcrumb","itemListElement":[{"@type":"ListItem","position":1,"name":"Home","item":"https:\/\/qingdaohf.com\/"},{"@type":"ListItem","position":2,"name":"Concrete Forming Accessories and Rigging Hardware","item":"https:\/\/qingdaohf.com\/bg\/?page_id=944"},{"@type":"ListItem","position":3,"name":"J Hook Tow Chain"}]},{"@type":"WebSite","@id":"https:\/\/qingdaohf.com\/bg\/#website","url":"https:\/\/qingdaohf.com\/bg\/","name":"Concrete Form & Rigging Hardware Supplier","description":"","publisher":{"@id":"https:\/\/qingdaohf.com\/bg\/#organization"},"potentialAction":[{"@type":"SearchAction","target":{"@type":"EntryPoint","urlTemplate":"https:\/\/qingdaohf.com\/bg\/?s={search_term_string}"},"query-input":{"@type":"PropertyValueSpecification","valueRequired":true,"valueName":"search_term_string"}}],"inLanguage":"cs"},{"@type":"Organization","@id":"https:\/\/qingdaohf.com\/bg\/#organization","name":"Qingdao H&F","url":"https:\/\/qingdaohf.com\/bg\/","logo":{"@type":"ImageObject","inLanguage":"cs","@id":"https:\/\/qingdaohf.com\/bg\/#\/schema\/logo\/image\/","url":"https:\/\/qingdaohf.com\/wp-content\/uploads\/2022\/12\/cropped-HF-LOGO.png","contentUrl":"https:\/\/qingdaohf.com\/wp-content\/uploads\/2022\/12\/cropped-HF-LOGO.png","width":391,"height":249,"caption":"Qingdao H&F"},"image":{"@id":"https:\/\/qingdaohf.com\/bg\/#\/schema\/logo\/image\/"},"sameAs":["https:\/\/www.facebook.com\/qingdaohf"]}]}},"_links":{"self":[{"href":"https:\/\/qingdaohf.com\/cs\/wp-json\/wp\/v2\/product\/7535","targetHints":{"allow":["GET"]}}],"collection":[{"href":"https:\/\/qingdaohf.com\/cs\/wp-json\/wp\/v2\/product"}],"about":[{"href":"https:\/\/qingdaohf.com\/cs\/wp-json\/wp\/v2\/types\/product"}],"replies":[{"embeddable":true,"href":"https:\/\/qingdaohf.com\/cs\/wp-json\/wp\/v2\/comments?post=7535"}],"version-history":[{"count":3,"href":"https:\/\/qingdaohf.com\/cs\/wp-json\/wp\/v2\/product\/7535\/revisions"}],"predecessor-version":[{"id":7550,"href":"https:\/\/qingdaohf.com\/cs\/wp-json\/wp\/v2\/product\/7535\/revisions\/7550"}],"wp:featuredmedia":[{"embeddable":true,"href":"https:\/\/qingdaohf.com\/cs\/wp-json\/wp\/v2\/media\/8183"}],"wp:attachment":[{"href":"https:\/\/qingdaohf.com\/cs\/wp-json\/wp\/v2\/media?parent=7535"}],"wp:term":[{"taxonomy":"product_brand","embeddable":true,"href":"https:\/\/qingdaohf.com\/cs\/wp-json\/wp\/v2\/product_brand?post=7535"},{"taxonomy":"product_cat","embeddable":true,"href":"https:\/\/qingdaohf.com\/cs\/wp-json\/wp\/v2\/product_cat?post=7535"},{"taxonomy":"product_tag","embeddable":true,"href":"https:\/\/qingdaohf.com\/cs\/wp-json\/wp\/v2\/product_tag?post=7535"}],"curies":[{"name":"wp","href":"https:\/\/api.w.org\/{rel}","templated":true}]}}