{"id":7781,"date":"2024-09-12T10:21:48","date_gmt":"2024-09-12T02:21:48","guid":{"rendered":"http:\/\/qingdaohf.com\/?post_type=product&#038;p=7781"},"modified":"2025-11-13T09:03:14","modified_gmt":"2025-11-13T01:03:14","slug":"heavy-duty-stub-end-k2-b-thimble","status":"publish","type":"product","link":"https:\/\/qingdaohf.com\/cs\/produkt\/silna-koncovka-naprstku-k2-b\/","title":{"rendered":"N\u00e1prstek K2-B pro velk\u00e9 zat\u00ed\u017een\u00ed"},"content":{"rendered":"<p>N\u00e1prstek K2-B Heavy Duty Stub-End nab\u00edz\u00ed v\u00fdjime\u010dn\u00fd v\u00fdkon a spolehlivost pro zaji\u0161t\u011bn\u00ed smy\u010dek ocelov\u00fdch lan v n\u00e1ro\u010dn\u00fdch podm\u00ednk\u00e1ch. A\u0165 u\u017e se jedn\u00e1 o situace s vysok\u00fdm nap\u011bt\u00edm, pr\u016fmyslov\u00e9 zved\u00e1n\u00ed nebo n\u00e1mo\u0159n\u00ed aplikace, tento n\u00e1prstek je navr\u017een tak, aby odolal n\u00e1ro\u010dn\u00fdm podm\u00ednk\u00e1m a z\u00e1rove\u0148 zajistil integritu va\u0161ich ocelov\u00fdch lan. Jeho robustn\u00ed konstrukce a design z n\u011bj \u010din\u00ed \u0159e\u0161en\u00ed pro profesion\u00e1ly, kte\u0159\u00ed hledaj\u00ed odolnost a ochranu p\u0159i ka\u017ed\u00e9m pou\u017eit\u00ed.<\/p>\n<h4>V\u00fdhody pou\u017eit\u00ed n\u00e1prstku K2-B v pr\u016fmyslov\u00fdch provozech<\/h4>\n<p>Jednou z v\u00fdzna\u010dn\u00fdch vlastnost\u00ed n\u00e1prstku K2-B Heavy Duty Stub-End je jeho schopnost odol\u00e1vat extr\u00e9mn\u00edmu nam\u00e1h\u00e1n\u00ed a tlaku, tak\u017ee je ide\u00e1ln\u00ed pro odv\u011btv\u00ed, kde je nejd\u016fle\u017eit\u011bj\u0161\u00ed bezpe\u010dnost a odolnost. Ve stavebnictv\u00ed, v lanov\u00ed a n\u00e1mo\u0159n\u00edch aplikac\u00edch jsou ocelov\u00e1 lana vystavena neust\u00e1l\u00e9mu nam\u00e1h\u00e1n\u00ed a tento n\u00e1prstek funguje jako ochrana proti opot\u0159eben\u00ed a rozt\u0159epen\u00ed. Konstrukce n\u00e1prstku zvy\u0161uje stabilitu lanov\u00e9 smy\u010dky a poskytuje v\u011bt\u0161\u00ed bezpe\u010dnost p\u0159i pr\u00e1ci s t\u011b\u017ek\u00fdmi b\u0159emeny nebo v drsn\u00e9m prost\u0159ed\u00ed.<\/p>\n<p>Kompatibilita n\u00e1prstku K2-B s \u0161irokou \u0161k\u00e1lou velikost\u00ed ocelov\u00fdch lan umo\u017e\u0148uje jeho univerz\u00e1ln\u00ed pou\u017eit\u00ed v r\u016fzn\u00fdch pr\u016fmyslov\u00fdch odv\u011btv\u00edch. Jeho robustn\u00ed konstrukce zaji\u0161\u0165uje dlouhodob\u00e9 pou\u017e\u00edv\u00e1n\u00ed bez nutnosti \u010dast\u00e9 v\u00fdm\u011bny, co\u017e pom\u00e1h\u00e1 sni\u017eovat n\u00e1klady na \u00fadr\u017ebu. Minimalizac\u00ed opot\u0159eben\u00ed lan pom\u00e1h\u00e1 n\u00e1prstek udr\u017eovat pevnost a integritu ocelov\u00fdch lan, co\u017e z n\u011bj \u010din\u00ed nepostradateln\u00fd n\u00e1stroj pro profesion\u00e1ly.<\/p>\n<h4>Pro\u010d zvolit pro t\u011b\u017ek\u00e1 b\u0159emena konstrukci s koncov\u00fdm d\u0159\u00edkem?<\/h4>\n<p>Konstrukce n\u00e1prstku K2-B je z\u00e1sadn\u00edm prvkem, kter\u00fd jej odli\u0161uje od standardn\u00edch n\u00e1prstk\u016f. Tato konstrukce p\u0159id\u00e1v\u00e1 v m\u00edst\u011b, kde ocelov\u00e9 lano tvo\u0159\u00ed smy\u010dku, dal\u0161\u00ed v\u00fdztuhu, \u010d\u00edm\u017e sni\u017euje riziko prokluzov\u00e1n\u00ed a prodlu\u017euje \u017eivotnost lana. V aplikac\u00edch s vysok\u00fdm nap\u011bt\u00edm m\u016f\u017ee i mal\u00e9 prokluzov\u00e1n\u00ed v\u00e9st k nebezpe\u010dn\u00fdm situac\u00edm, tak\u017ee spolehliv\u00fd n\u00e1prstek je pro zaji\u0161t\u011bn\u00ed bezpe\u010dnosti nezbytn\u00fd.<\/p>\n<p>N\u00e1prstek Heavy Duty Stub-End K2-B tak\u00e9 sni\u017euje nam\u00e1h\u00e1n\u00ed lana v ohybu, co\u017e je d\u016fle\u017eit\u00e9 v aplikac\u00edch s vysok\u00fdm zat\u00ed\u017een\u00edm. Hladk\u00fd vnit\u0159ek n\u00e1prstku zabra\u0148uje od\u011bru, co\u017e je \u010dast\u00fd probl\u00e9m p\u0159i kontaktu kovu s lanem pod zat\u00ed\u017een\u00edm. To nejen prodlu\u017euje \u017eivotnost lana, ale tak\u00e9 zaji\u0161\u0165uje hlad\u0161\u00ed a spolehliv\u011bj\u0161\u00ed v\u00fdkon p\u0159i zved\u00e1n\u00ed, vle\u010den\u00ed nebo jin\u00e9m pr\u016fmyslov\u00e9m pou\u017eit\u00ed.<\/p>\n<h4>Odolnost a materi\u00e1ly n\u00e1prstku K2-B Heavy Duty<\/h4>\n<p>Pokud jde o odolnost, n\u00e1prstek K2-B Heavy Duty Stub-End nem\u00e1 konkurenci. Je vyroben z vysoce kvalitn\u00ed oceli nebo jin\u00fdch odoln\u00fdch materi\u00e1l\u016f a je navr\u017een tak, aby odol\u00e1val korozi a \u017eivl\u016fm. D\u00edky tomu je ide\u00e1ln\u00ed pro venkovn\u00ed pou\u017eit\u00ed, zejm\u00e9na v mo\u0159sk\u00e9m prost\u0159ed\u00ed, kde p\u016fsoben\u00ed slan\u00e9 vody m\u016f\u017ee v\u00e9st k rychl\u00e9mu po\u0161kozen\u00ed standardn\u00edho vybaven\u00ed.<\/p>\n<p>Korozivzdorn\u00e9 vlastnosti n\u00e1prstku zaji\u0161\u0165uj\u00ed, \u017ee si zachov\u00e1v\u00e1 svou struktur\u00e1ln\u00ed integritu i po del\u0161\u00edm vystaven\u00ed drsn\u00e9mu prost\u0159ed\u00ed. D\u00edky tomu je spolehlivou volbou pro dlouhodob\u00e9 projekty a odv\u011btv\u00ed, kter\u00e1 vy\u017eaduj\u00ed nep\u0159etr\u017eit\u00e9 zved\u00e1n\u00ed t\u011b\u017ek\u00fdch p\u0159edm\u011bt\u016f nebo pou\u017eit\u00ed v tahu. Jeho robustn\u00ed konstrukce nejen prodlu\u017euje \u017eivotnost samotn\u00e9ho n\u00e1prstku, ale tak\u00e9 chr\u00e1n\u00ed ocelov\u00e9 lano p\u0159ed po\u0161kozen\u00edm zp\u016fsoben\u00fdm t\u0159en\u00edm nebo opot\u0159eben\u00edm vlivem prost\u0159ed\u00ed.<\/p>\n<h4>Z\u00e1v\u011br: Z\u00e1kladn\u00ed n\u00e1stroj pro pr\u016fmyslov\u00e9 aplikace<\/h4>\n<p>Shrneme-li to, n\u00e1prstek K2-B Heavy Duty Stub-End je nezbytn\u00fdm n\u00e1strojem pro ka\u017ed\u00e9ho profesion\u00e1la, kter\u00fd se zab\u00fdv\u00e1 t\u011b\u017ek\u00fdmi b\u0159emeny, aplikacemi s vysok\u00fdm nap\u011bt\u00edm nebo pot\u0159ebou odoln\u00e9 ochrany ocelov\u00fdch lan. Jeho robustn\u00ed konstrukce, vysoce kvalitn\u00ed materi\u00e1ly a schopnost zvl\u00e1dat extr\u00e9mn\u00ed podm\u00ednky z n\u011bj \u010din\u00ed vynikaj\u00edc\u00ed volbu pro r\u016fzn\u00e1 odv\u011btv\u00ed od stavebnictv\u00ed a\u017e po n\u00e1mo\u0159n\u00ed pr\u00e1ce.<\/p>\n<p>V\u00fdb\u011brem n\u00e1prstku K2-B zajist\u00edte, \u017ee va\u0161e ocelov\u00e1 lana vydr\u017e\u00ed d\u00e9le, budou l\u00e9pe fungovat a poskytnou pot\u0159ebnou \u00farove\u0148 bezpe\u010dnosti v n\u00e1ro\u010dn\u00fdch prost\u0159ed\u00edch. Investice do kvalitn\u00edch v\u00fdrobk\u016f, jako je tento, v\u00e1m nejen dlouhodob\u011b \u0161et\u0159\u00ed \u010das a pen\u00edze, ale tak\u00e9 zaru\u010duje nejvy\u0161\u0161\u00ed standard v\u00fdkonu p\u0159i ka\u017ed\u00e9 pr\u00e1ci.<\/p>","protected":false},"excerpt":{"rendered":"<p>N\u00e1prstek K2-B Heavy Duty Stub-End je navr\u017een tak, aby poskytoval vynikaj\u00edc\u00ed v\u00fdztu\u017e a ochranu ocelov\u00fdch lan a kabelov\u00fdch smy\u010dek a zaji\u0161\u0165oval maxim\u00e1ln\u00ed odolnost v n\u00e1ro\u010dn\u00fdch podm\u00ednk\u00e1ch. Tento n\u00e1prstek je vyroben z vysoce kvalitn\u00edch materi\u00e1l\u016f a konstruov\u00e1n pro n\u00e1ro\u010dn\u00e9 pou\u017eit\u00ed, tak\u017ee je ide\u00e1ln\u00ed pro pr\u016fmyslov\u00e9 aplikace. Jeho konstrukce s koncovkou umo\u017e\u0148uje bezpe\u010dn\u00e9 uchycen\u00ed, sni\u017euje opot\u0159eben\u00ed a z\u00e1rove\u0148 prodlu\u017euje \u017eivotnost va\u0161eho za\u0159\u00edzen\u00ed.<\/p>","protected":false},"featured_media":7808,"comment_status":"open","ping_status":"closed","template":"","meta":{"site-sidebar-layout":"default","site-content-layout":"","ast-site-content-layout":"default","site-content-style":"default","site-sidebar-style":"default","ast-global-header-display":"","ast-banner-title-visibility":"","ast-main-header-display":"","ast-hfb-above-header-display":"","ast-hfb-below-header-display":"","ast-hfb-mobile-header-display":"","site-post-title":"","ast-breadcrumbs-content":"","ast-featured-img":"","footer-sml-layout":"","theme-transparent-header-meta":"default","adv-header-id-meta":"","stick-header-meta":"default","header-above-stick-meta":"","header-main-stick-meta":"","header-below-stick-meta":"","astra-migrate-meta-layouts":"set","ast-page-background-enabled":"default","ast-page-background-meta":{"desktop":{"background-color":"","background-image":"","background-repeat":"repeat","background-position":"center center","background-size":"auto","background-attachment":"scroll","background-type":"","background-media":"","overlay-type":"","overlay-color":"","overlay-opacity":"","overlay-gradient":""},"tablet":{"background-color":"","background-image":"","background-repeat":"repeat","background-position":"center center","background-size":"auto","background-attachment":"scroll","background-type":"","background-media":"","overlay-type":"","overlay-color":"","overlay-opacity":"","overlay-gradient":""},"mobile":{"background-color":"","background-image":"","background-repeat":"repeat","background-position":"center center","background-size":"auto","background-attachment":"scroll","background-type":"","background-media":"","overlay-type":"","overlay-color":"","overlay-opacity":"","overlay-gradient":""}},"ast-content-background-meta":{"desktop":{"background-color":"var(--ast-global-color-5)","background-image":"","background-repeat":"repeat","background-position":"center center","background-size":"auto","background-attachment":"scroll","background-type":"","background-media":"","overlay-type":"","overlay-color":"","overlay-opacity":"","overlay-gradient":""},"tablet":{"background-color":"var(--ast-global-color-5)","background-image":"","background-repeat":"repeat","background-position":"center center","background-size":"auto","background-attachment":"scroll","background-type":"","background-media":"","overlay-type":"","overlay-color":"","overlay-opacity":"","overlay-gradient":""},"mobile":{"background-color":"var(--ast-global-color-5)","background-image":"","background-repeat":"repeat","background-position":"center center","background-size":"auto","background-attachment":"scroll","background-type":"","background-media":"","overlay-type":"","overlay-color":"","overlay-opacity":"","overlay-gradient":""}}},"product_brand":[],"product_cat":[37],"product_tag":[],"class_list":{"0":"post-7781","1":"product","2":"type-product","3":"status-publish","4":"has-post-thumbnail","6":"product_cat-wire-rope","7":"desktop-align-left","8":"tablet-align-left","9":"mobile-align-left","10":"ast-product-gallery-layout-horizontal-slider","11":"ast-product-tabs-layout-horizontal","13":"first","14":"instock","15":"shipping-taxable","16":"purchasable","17":"product-type-simple"},"yoast_head":"<!-- This site is optimized with the Yoast SEO plugin v25.2 - https:\/\/yoast.com\/wordpress\/plugins\/seo\/ -->\n<title>Heavy Duty Stub-End K2-B Thimble<\/title>\n<meta name=\"robots\" content=\"index, follow, max-snippet:-1, max-image-preview:large, max-video-preview:-1\" \/>\n<link rel=\"canonical\" href=\"https:\/\/qingdaohf.com\/cs\/produkt\/silna-koncovka-naprstku-k2-b\/\" \/>\n<meta property=\"og:locale\" content=\"cs_CZ\" \/>\n<meta property=\"og:type\" content=\"article\" \/>\n<meta property=\"og:title\" content=\"Heavy Duty Stub-End K2-B Thimble\" \/>\n<meta property=\"og:description\" content=\"The Heavy Duty Stub-End K2-B Thimble is designed to provide superior reinforcement and protection to wire rope and cable loops, ensuring maximum durability in demanding conditions. This thimble is crafted from high-quality materials and engineered for heavy-duty use, making it ideal for industrial applications. Its stub-end design allows for a secure fit, reducing wear and tear while extending the life of your equipment.\" \/>\n<meta property=\"og:url\" content=\"https:\/\/qingdaohf.com\/cs\/produkt\/silna-koncovka-naprstku-k2-b\/\" \/>\n<meta property=\"og:site_name\" content=\"Concrete Form &amp; Rigging Hardware Supplier\" \/>\n<meta property=\"article:publisher\" content=\"https:\/\/www.facebook.com\/qingdaohf\" \/>\n<meta property=\"article:modified_time\" content=\"2025-11-13T01:03:14+00:00\" \/>\n<meta property=\"og:image\" content=\"https:\/\/qingdaohf.com\/wp-content\/uploads\/2024\/09\/Heavy-Duty-Stub-End-K2-B-Thimble.jpg\" \/>\n\t<meta property=\"og:image:width\" content=\"1000\" \/>\n\t<meta property=\"og:image:height\" content=\"1000\" \/>\n\t<meta property=\"og:image:type\" content=\"image\/jpeg\" \/>\n<meta name=\"twitter:card\" content=\"summary_large_image\" \/>\n<meta name=\"twitter:label1\" content=\"Odhadovan\u00e1 doba \u010dten\u00ed\" \/>\n\t<meta name=\"twitter:data1\" content=\"3 minuty\" \/>\n<script type=\"application\/ld+json\" class=\"yoast-schema-graph\">{\"@context\":\"https:\/\/schema.org\",\"@graph\":[{\"@type\":\"WebPage\",\"@id\":\"https:\/\/qingdaohf.com\/product\/heavy-duty-stub-end-k2-b-thimble\/\",\"url\":\"https:\/\/qingdaohf.com\/product\/heavy-duty-stub-end-k2-b-thimble\/\",\"name\":\"Heavy Duty Stub-End K2-B Thimble\",\"isPartOf\":{\"@id\":\"https:\/\/qingdaohf.com\/bg\/#website\"},\"primaryImageOfPage\":{\"@id\":\"https:\/\/qingdaohf.com\/product\/heavy-duty-stub-end-k2-b-thimble\/#primaryimage\"},\"image\":{\"@id\":\"https:\/\/qingdaohf.com\/product\/heavy-duty-stub-end-k2-b-thimble\/#primaryimage\"},\"thumbnailUrl\":\"https:\/\/qingdaohf.com\/wp-content\/uploads\/2024\/09\/Heavy-Duty-Stub-End-K2-B-Thimble.jpg\",\"datePublished\":\"2024-09-12T02:21:48+00:00\",\"dateModified\":\"2025-11-13T01:03:14+00:00\",\"breadcrumb\":{\"@id\":\"https:\/\/qingdaohf.com\/product\/heavy-duty-stub-end-k2-b-thimble\/#breadcrumb\"},\"inLanguage\":\"cs\",\"potentialAction\":[{\"@type\":\"ReadAction\",\"target\":[\"https:\/\/qingdaohf.com\/product\/heavy-duty-stub-end-k2-b-thimble\/\"]}]},{\"@type\":\"ImageObject\",\"inLanguage\":\"cs\",\"@id\":\"https:\/\/qingdaohf.com\/product\/heavy-duty-stub-end-k2-b-thimble\/#primaryimage\",\"url\":\"https:\/\/qingdaohf.com\/wp-content\/uploads\/2024\/09\/Heavy-Duty-Stub-End-K2-B-Thimble.jpg\",\"contentUrl\":\"https:\/\/qingdaohf.com\/wp-content\/uploads\/2024\/09\/Heavy-Duty-Stub-End-K2-B-Thimble.jpg\",\"width\":1000,\"height\":1000,\"caption\":\"Heavy Duty Stub-End K2-B Thimble\"},{\"@type\":\"BreadcrumbList\",\"@id\":\"https:\/\/qingdaohf.com\/product\/heavy-duty-stub-end-k2-b-thimble\/#breadcrumb\",\"itemListElement\":[{\"@type\":\"ListItem\",\"position\":1,\"name\":\"Home\",\"item\":\"https:\/\/qingdaohf.com\/\"},{\"@type\":\"ListItem\",\"position\":2,\"name\":\"Concrete Forming Accessories and Rigging Hardware\",\"item\":\"https:\/\/qingdaohf.com\/bg\/?page_id=944\"},{\"@type\":\"ListItem\",\"position\":3,\"name\":\"Heavy Duty Stub-End K2-B Thimble\"}]},{\"@type\":\"WebSite\",\"@id\":\"https:\/\/qingdaohf.com\/bg\/#website\",\"url\":\"https:\/\/qingdaohf.com\/bg\/\",\"name\":\"Concrete Form & Rigging Hardware Supplier\",\"description\":\"\",\"publisher\":{\"@id\":\"https:\/\/qingdaohf.com\/bg\/#organization\"},\"potentialAction\":[{\"@type\":\"SearchAction\",\"target\":{\"@type\":\"EntryPoint\",\"urlTemplate\":\"https:\/\/qingdaohf.com\/bg\/?s={search_term_string}\"},\"query-input\":{\"@type\":\"PropertyValueSpecification\",\"valueRequired\":true,\"valueName\":\"search_term_string\"}}],\"inLanguage\":\"cs\"},{\"@type\":\"Organization\",\"@id\":\"https:\/\/qingdaohf.com\/bg\/#organization\",\"name\":\"Qingdao H&F\",\"url\":\"https:\/\/qingdaohf.com\/bg\/\",\"logo\":{\"@type\":\"ImageObject\",\"inLanguage\":\"cs\",\"@id\":\"https:\/\/qingdaohf.com\/bg\/#\/schema\/logo\/image\/\",\"url\":\"https:\/\/qingdaohf.com\/wp-content\/uploads\/2022\/12\/cropped-HF-LOGO.png\",\"contentUrl\":\"https:\/\/qingdaohf.com\/wp-content\/uploads\/2022\/12\/cropped-HF-LOGO.png\",\"width\":391,\"height\":249,\"caption\":\"Qingdao H&F\"},\"image\":{\"@id\":\"https:\/\/qingdaohf.com\/bg\/#\/schema\/logo\/image\/\"},\"sameAs\":[\"https:\/\/www.facebook.com\/qingdaohf\"]}]}<\/script>\n<!-- \/ Yoast SEO plugin. -->","yoast_head_json":{"title":"Heavy Duty Stub-End K2-B Thimble","robots":{"index":"index","follow":"follow","max-snippet":"max-snippet:-1","max-image-preview":"max-image-preview:large","max-video-preview":"max-video-preview:-1"},"canonical":"https:\/\/qingdaohf.com\/cs\/produkt\/silna-koncovka-naprstku-k2-b\/","og_locale":"cs_CZ","og_type":"article","og_title":"Heavy Duty Stub-End K2-B Thimble","og_description":"The Heavy Duty Stub-End K2-B Thimble is designed to provide superior reinforcement and protection to wire rope and cable loops, ensuring maximum durability in demanding conditions. This thimble is crafted from high-quality materials and engineered for heavy-duty use, making it ideal for industrial applications. Its stub-end design allows for a secure fit, reducing wear and tear while extending the life of your equipment.","og_url":"https:\/\/qingdaohf.com\/cs\/produkt\/silna-koncovka-naprstku-k2-b\/","og_site_name":"Concrete Form &amp; Rigging Hardware Supplier","article_publisher":"https:\/\/www.facebook.com\/qingdaohf","article_modified_time":"2025-11-13T01:03:14+00:00","og_image":[{"width":1000,"height":1000,"url":"https:\/\/qingdaohf.com\/wp-content\/uploads\/2024\/09\/Heavy-Duty-Stub-End-K2-B-Thimble.jpg","type":"image\/jpeg"}],"twitter_card":"summary_large_image","twitter_misc":{"Odhadovan\u00e1 doba \u010dten\u00ed":"3 minuty"},"schema":{"@context":"https:\/\/schema.org","@graph":[{"@type":"WebPage","@id":"https:\/\/qingdaohf.com\/product\/heavy-duty-stub-end-k2-b-thimble\/","url":"https:\/\/qingdaohf.com\/product\/heavy-duty-stub-end-k2-b-thimble\/","name":"Heavy Duty Stub-End K2-B Thimble","isPartOf":{"@id":"https:\/\/qingdaohf.com\/bg\/#website"},"primaryImageOfPage":{"@id":"https:\/\/qingdaohf.com\/product\/heavy-duty-stub-end-k2-b-thimble\/#primaryimage"},"image":{"@id":"https:\/\/qingdaohf.com\/product\/heavy-duty-stub-end-k2-b-thimble\/#primaryimage"},"thumbnailUrl":"https:\/\/qingdaohf.com\/wp-content\/uploads\/2024\/09\/Heavy-Duty-Stub-End-K2-B-Thimble.jpg","datePublished":"2024-09-12T02:21:48+00:00","dateModified":"2025-11-13T01:03:14+00:00","breadcrumb":{"@id":"https:\/\/qingdaohf.com\/product\/heavy-duty-stub-end-k2-b-thimble\/#breadcrumb"},"inLanguage":"cs","potentialAction":[{"@type":"ReadAction","target":["https:\/\/qingdaohf.com\/product\/heavy-duty-stub-end-k2-b-thimble\/"]}]},{"@type":"ImageObject","inLanguage":"cs","@id":"https:\/\/qingdaohf.com\/product\/heavy-duty-stub-end-k2-b-thimble\/#primaryimage","url":"https:\/\/qingdaohf.com\/wp-content\/uploads\/2024\/09\/Heavy-Duty-Stub-End-K2-B-Thimble.jpg","contentUrl":"https:\/\/qingdaohf.com\/wp-content\/uploads\/2024\/09\/Heavy-Duty-Stub-End-K2-B-Thimble.jpg","width":1000,"height":1000,"caption":"Heavy Duty Stub-End K2-B Thimble"},{"@type":"BreadcrumbList","@id":"https:\/\/qingdaohf.com\/product\/heavy-duty-stub-end-k2-b-thimble\/#breadcrumb","itemListElement":[{"@type":"ListItem","position":1,"name":"Home","item":"https:\/\/qingdaohf.com\/"},{"@type":"ListItem","position":2,"name":"Concrete Forming Accessories and Rigging Hardware","item":"https:\/\/qingdaohf.com\/bg\/?page_id=944"},{"@type":"ListItem","position":3,"name":"Heavy Duty Stub-End K2-B Thimble"}]},{"@type":"WebSite","@id":"https:\/\/qingdaohf.com\/bg\/#website","url":"https:\/\/qingdaohf.com\/bg\/","name":"Concrete Form & Rigging Hardware Supplier","description":"","publisher":{"@id":"https:\/\/qingdaohf.com\/bg\/#organization"},"potentialAction":[{"@type":"SearchAction","target":{"@type":"EntryPoint","urlTemplate":"https:\/\/qingdaohf.com\/bg\/?s={search_term_string}"},"query-input":{"@type":"PropertyValueSpecification","valueRequired":true,"valueName":"search_term_string"}}],"inLanguage":"cs"},{"@type":"Organization","@id":"https:\/\/qingdaohf.com\/bg\/#organization","name":"Qingdao H&F","url":"https:\/\/qingdaohf.com\/bg\/","logo":{"@type":"ImageObject","inLanguage":"cs","@id":"https:\/\/qingdaohf.com\/bg\/#\/schema\/logo\/image\/","url":"https:\/\/qingdaohf.com\/wp-content\/uploads\/2022\/12\/cropped-HF-LOGO.png","contentUrl":"https:\/\/qingdaohf.com\/wp-content\/uploads\/2022\/12\/cropped-HF-LOGO.png","width":391,"height":249,"caption":"Qingdao H&F"},"image":{"@id":"https:\/\/qingdaohf.com\/bg\/#\/schema\/logo\/image\/"},"sameAs":["https:\/\/www.facebook.com\/qingdaohf"]}]}},"_links":{"self":[{"href":"https:\/\/qingdaohf.com\/cs\/wp-json\/wp\/v2\/product\/7781","targetHints":{"allow":["GET"]}}],"collection":[{"href":"https:\/\/qingdaohf.com\/cs\/wp-json\/wp\/v2\/product"}],"about":[{"href":"https:\/\/qingdaohf.com\/cs\/wp-json\/wp\/v2\/types\/product"}],"replies":[{"embeddable":true,"href":"https:\/\/qingdaohf.com\/cs\/wp-json\/wp\/v2\/comments?post=7781"}],"version-history":[{"count":1,"href":"https:\/\/qingdaohf.com\/cs\/wp-json\/wp\/v2\/product\/7781\/revisions"}],"predecessor-version":[{"id":7786,"href":"https:\/\/qingdaohf.com\/cs\/wp-json\/wp\/v2\/product\/7781\/revisions\/7786"}],"wp:featuredmedia":[{"embeddable":true,"href":"https:\/\/qingdaohf.com\/cs\/wp-json\/wp\/v2\/media\/7808"}],"wp:attachment":[{"href":"https:\/\/qingdaohf.com\/cs\/wp-json\/wp\/v2\/media?parent=7781"}],"wp:term":[{"taxonomy":"product_brand","embeddable":true,"href":"https:\/\/qingdaohf.com\/cs\/wp-json\/wp\/v2\/product_brand?post=7781"},{"taxonomy":"product_cat","embeddable":true,"href":"https:\/\/qingdaohf.com\/cs\/wp-json\/wp\/v2\/product_cat?post=7781"},{"taxonomy":"product_tag","embeddable":true,"href":"https:\/\/qingdaohf.com\/cs\/wp-json\/wp\/v2\/product_tag?post=7781"}],"curies":[{"name":"wp","href":"https:\/\/api.w.org\/{rel}","templated":true}]}}